{"id":36786,"date":"2017-08-20T17:06:52","date_gmt":"2017-08-20T15:06:52","guid":{"rendered":"https:\/\/gandariaspain.com\/?page_id=36786\/"},"modified":"2017-09-26T12:09:30","modified_gmt":"2017-09-26T10:09:30","slug":"metal-structures-for-livestock-facilities","status":"publish","type":"page","link":"https:\/\/gandariaspain.com\/ru\/products-ru\/livestock-equipment-ru\/metal-structures-for-livestock-facilities\/","title":{"rendered":"\u041c\u0435\u0442\u0430\u043b\u043b\u0438\u0447\u0435\u0441\u043a\u0438\u0435 \u043a\u043e\u043d\u0441\u0442\u0440\u0443\u043a\u0446\u0438\u0438"},"content":{"rendered":"<p>[et_pb_section bb_built=&#187;1&#8243; admin_label=&#187;section&#187; transparent_background=&#187;off&#187; background_color=&#187;#ffffff&#187; allow_player_pause=&#187;off&#187; inner_shadow=&#187;off&#187; parallax=&#187;off&#187; parallax_method=&#187;off&#187; padding_mobile=&#187;off&#187; make_fullwidth=&#187;off&#187; use_custom_width=&#187;off&#187; width_unit=&#187;on&#187; make_equal=&#187;off&#187; use_custom_gutter=&#187;off&#187; module_class=&#187;indentame&#187; locked=&#187;on&#187; custom_padding_tablet=&#187;50px|0|50px|0&#8243; custom_padding_last_edited=&#187;on|desktop&#187;][et_pb_row admin_label=&#187;row&#187; parent_locked=&#187;on&#187; background_position=&#187;top_left&#187; background_repeat=&#187;repeat&#187; background_size=&#187;initial&#187;][et_pb_column type=&#187;4_4&#8243;][et_pb_text admin_label=&#187;No tocar. Cabecera de nivel 1. SEO&#187; background_layout=&#187;light&#187; text_orientation=&#187;left&#187; use_border_color=&#187;off&#187; border_color=&#187;#ffffff&#187; border_style=&#187;solid&#187; parent_locked=&#187;on&#187; background_position=&#187;top_left&#187; background_repeat=&#187;repeat&#187; background_size=&#187;initial&#187; module_alignment=&#187;left&#187;]<\/p>\n<h1>Gandaria Spain<\/h1>\n<p>[\/et_pb_text][\/et_pb_column][\/et_pb_row][\/et_pb_section][et_pb_section bb_built=&#187;1&#8243; fullwidth=&#187;on&#187; specialty=&#187;off&#187; transparent_background=&#187;off&#187; background_color=&#187;#ffffff&#187; allow_player_pause=&#187;off&#187; inner_shadow=&#187;off&#187; parallax=&#187;off&#187; parallax_method=&#187;off&#187; padding_mobile=&#187;off&#187; make_fullwidth=&#187;off&#187; use_custom_width=&#187;off&#187; width_unit=&#187;on&#187; make_equal=&#187;off&#187; use_custom_gutter=&#187;off&#187; module_class=&#187;slide-flota-izquierda&#187; custom_padding_tablet=&#187;50px|0|50px|0&#8243; custom_padding_last_edited=&#187;on|desktop&#187;][et_pb_fullwidth_slider admin_label=&#187;Estructuras met\u00e1licas para naves &#187; show_arrows=&#187;on&#187; show_pagination=&#187;on&#187; remove_inner_shadow=&#187;off&#187; background_position=&#187;top_left&#187; hide_content_on_mobile=&#187;off&#187; hide_cta_on_mobile=&#187;off&#187; show_image_video_mobile=&#187;off&#187; custom_button=&#187;off&#187; button_letter_spacing=&#187;0&#8243; button_icon_placement=&#187;right&#187; button_letter_spacing_hover=&#187;0&#8243; disabled_on=&#187;off|off|off&#187; disabled=&#187;off&#187; _builder_version=&#187;3.0.76&#8243; show_inner_shadow=&#187;off&#187; show_content_on_mobile=&#187;off&#187; show_cta_on_mobile=&#187;off&#187; custom_padding=&#187;|||&#187;]<\/p>\n<p>[et_pb_slide heading=&#187;\u041c\u0435\u0442\u0430\u043b\u043b\u0438\u0447\u0435\u0441\u043a\u0438\u0435 \u043a\u043e\u043d\u0441\u0442\u0440\u0443\u043a\u0446\u0438\u0438 &#187; background_color=&#187;#ffffff&#187; use_background_color_gradient=&#187;off&#187; background_color_gradient_start=&#187;#2b87da&#187; background_color_gradient_end=&#187;#29c4a9&#8243; background_color_gradient_type=&#187;linear&#187; background_color_gradient_direction=&#187;180deg&#187; background_color_gradient_direction_radial=&#187;center&#187; background_color_gradient_start_position=&#187;0%&#187; background_color_gradient_end_position=&#187;100%&#187; background_image=&#187;https:\/\/gandariaspain.com\/wp-content\/uploads\/2016\/09\/Estructuras-metalicas-para-naves_SLIDER.jpg&#187; parallax=&#187;off&#187; parallax_method=&#187;off&#187; background_position=&#187;center&#187; background_size=&#187;cover&#187; background_repeat=&#187;repeat&#187; background_blend=&#187;normal&#187; allow_player_pause=&#187;off&#187; use_bg_overlay=&#187;off&#187; use_text_overlay=&#187;off&#187; text_border_radius=&#187;3&#8243; alignment=&#187;center&#187; background_layout=&#187;dark&#187; header_font_select=&#187;default&#187; header_font=&#187;||||&#187; body_font_select=&#187;default&#187; body_font=&#187;||||&#187; custom_button=&#187;off&#187; button_font_select=&#187;default&#187; button_font=&#187;||||&#187; button_use_icon=&#187;on&#187; button_icon_placement=&#187;right&#187; button_on_hover=&#187;on&#187; admin_title=&#187;Estructuras met\u00e1licas para naves &#187; _builder_version=&#187;3.0.76&#8243; button_bg_use_color_gradient=&#187;off&#187; button_bg_color_gradient_start=&#187;#2b87da&#187; button_bg_color_gradient_end=&#187;#29c4a9&#8243; button_bg_color_gradient_type=&#187;linear&#187; button_bg_color_gradient_direction_radial=&#187;center&#187; button_bg_size=&#187;cover&#187; button_bg_position=&#187;center&#187; button_bg_repeat=&#187;no-repeat&#187; button_bg_blend=&#187;normal&#187; \/]<\/p>\n<p>[\/et_pb_fullwidth_slider][\/et_pb_section][et_pb_section bb_built=&#187;1&#8243; fullwidth=&#187;off&#187; specialty=&#187;off&#187;][et_pb_row background_position=&#187;top_left&#187; background_repeat=&#187;repeat&#187; background_size=&#187;initial&#187;][et_pb_column type=&#187;2_3&#8243;][et_pb_text admin_label=&#187;Nuestras naves ganaderas est\u00e1n fabricadas con acero galvanizado S355 de alto l\u00edmite el\u00e1stico.&#187; _builder_version=&#187;3.0.69&#8243; background_layout=&#187;light&#187; text_orientation=&#187;left&#187; border_style=&#187;solid&#187; background_position=&#187;top_left&#187; background_repeat=&#187;repeat&#187; background_size=&#187;initial&#187; module_alignment=&#187;left&#187;]<\/p>\n<blockquote><p>Our livestock facilities are made of\u00a0<b>high strength galvanised steel S355<\/b>\u00a0<b>protected by an innovative coating<\/b>.<\/p><\/blockquote>\n<p>This new Zinc, Aluminum and Magnesium coating is up to\u00a0<b>10 times more resistant to environmental corrosion<\/b>\u00a0than the traditional galvanisation.<\/p>\n<p>The construction system is\u00a0<b>modular<\/b> and\u00a0<b>no welding is required<\/b>, as all of the components are assembled using\u00a0<b>high-quality grade 8.8 bolts<\/b>.<\/p>\n<p>[\/et_pb_text][\/et_pb_column][et_pb_column type=&#187;1_3&#8243;][et_pb_image show_in_lightbox=&#187;off&#187; url_new_window=&#187;off&#187; use_overlay=&#187;off&#187; sticky=&#187;off&#187; align=&#187;left&#187; force_fullwidth=&#187;off&#187; always_center_on_mobile=&#187;on&#187; border_style=&#187;solid&#187; src=&#187;https:\/\/gandariaspain.com\/wp-content\/uploads\/2016\/09\/Estructura-metalica-naves-ganaderas.jpg&#187; _builder_version=&#187;3.0.51&#8243; animation_style=&#187;slide&#187; animation_duration=&#187;500ms&#187; animation_intensity_slide=&#187;10%&#187; animation_direction=&#187;left&#187; \/][\/et_pb_column][\/et_pb_row][\/et_pb_section][et_pb_section bb_built=&#187;1&#8243; fullwidth=&#187;off&#187; specialty=&#187;off&#187;][et_pb_row background_position=&#187;top_left&#187; background_repeat=&#187;repeat&#187; background_size=&#187;initial&#187;][et_pb_column type=&#187;2_3&#8243;][et_pb_text admin_label=&#187;Adem\u00e1s, la nueva estructura ultraligera para naves &#187; background_layout=&#187;light&#187; text_orientation=&#187;left&#187; border_style=&#187;solid&#187; background_position=&#187;top_left&#187; background_repeat=&#187;repeat&#187; background_size=&#187;initial&#187; _builder_version=&#187;3.0.69&#8243; module_alignment=&#187;left&#187;]<\/p>\n<p>Moreover, the new ultralight structure for open broiler facilities represents a great saving of time and money:<\/p>\n<ul>\n<li>Highly resistant structure, weighing less than 10 kilos per square meter. Its light weight considerably reduces cost of the product and its transportation,<\/li>\n<li>Easy to assemble product, integrating all parts at the production plant, to reduce assembly costs and time.<\/li>\n<\/ul>\n<p>[\/et_pb_text][\/et_pb_column][et_pb_column type=&#187;1_3&#8243;][et_pb_image show_in_lightbox=&#187;off&#187; url_new_window=&#187;off&#187; use_overlay=&#187;off&#187; sticky=&#187;off&#187; align=&#187;left&#187; force_fullwidth=&#187;off&#187; always_center_on_mobile=&#187;on&#187; border_style=&#187;solid&#187; src=&#187;https:\/\/gandariaspain.com\/wp-content\/uploads\/2016\/09\/Estructura-naves.jpg&#187; _builder_version=&#187;3.0.51&#8243; animation_style=&#187;slide&#187; animation_duration=&#187;500ms&#187; animation_intensity_slide=&#187;10%&#187; animation_direction=&#187;left&#187; \/][\/et_pb_column][\/et_pb_row][\/et_pb_section]<\/p>\n<span class=\"et_bloom_bottom_trigger\"><\/span>","protected":false},"excerpt":{"rendered":"<p>Gandaria Spain Our livestock facilities are made of\u00a0high strength galvanised [&hellip;]<\/p>\n","protected":false},"author":1,"featured_media":0,"parent":36775,"menu_order":0,"comment_status":"closed","ping_status":"closed","template":"","meta":{"_et_pb_use_builder":"on","_et_pb_old_content":"","_et_gb_content_width":"","_mbp_gutenberg_autopost":false,"footnotes":""},"class_list":["post-36786","page","type-page","status-publish","hentry"],"yoast_head":"<!-- This site is optimized with the Yoast SEO plugin v27.3 - https:\/\/yoast.com\/product\/yoast-seo-wordpress\/ -->\n<title>\u041c\u0435\u0442\u0430\u043b\u043b\u0438\u0447\u0435\u0441\u043a\u0438\u0435 \u043a\u043e\u043d\u0441\u0442\u0440\u0443\u043a\u0446\u0438\u0438 - Gandaria - Silos Spain<\/title>\n<meta name=\"robots\" content=\"index, follow, max-snippet:-1, max-image-preview:large, max-video-preview:-1\" \/>\n<link rel=\"canonical\" href=\"https:\/\/gandariaspain.com\/ru\/products-ru\/livestock-equipment-ru\/metal-structures-for-livestock-facilities\/\" \/>\n<meta property=\"og:locale\" content=\"ru_RU\" \/>\n<meta property=\"og:type\" content=\"article\" \/>\n<meta property=\"og:title\" content=\"\u041c\u0435\u0442\u0430\u043b\u043b\u0438\u0447\u0435\u0441\u043a\u0438\u0435 \u043a\u043e\u043d\u0441\u0442\u0440\u0443\u043a\u0446\u0438\u0438 - Gandaria - Silos Spain\" \/>\n<meta property=\"og:description\" content=\"Gandaria Spain Our livestock facilities are made of\u00a0high strength galvanised [&hellip;]\" \/>\n<meta property=\"og:url\" content=\"https:\/\/gandariaspain.com\/ru\/products-ru\/livestock-equipment-ru\/metal-structures-for-livestock-facilities\/\" \/>\n<meta property=\"og:site_name\" content=\"Gandaria - Silos Spain\" \/>\n<meta property=\"article:modified_time\" content=\"2017-09-26T10:09:30+00:00\" \/>\n<meta name=\"twitter:card\" content=\"summary_large_image\" \/>\n<meta name=\"twitter:label1\" content=\"\u041f\u0440\u0438\u043c\u0435\u0440\u043d\u043e\u0435 \u0432\u0440\u0435\u043c\u044f \u0434\u043b\u044f \u0447\u0442\u0435\u043d\u0438\u044f\" \/>\n\t<meta name=\"twitter:data1\" content=\"4 \u043c\u0438\u043d\u0443\u0442\u044b\" \/>\n<script type=\"application\/ld+json\" class=\"yoast-schema-graph\">{\"@context\":\"https:\\\/\\\/schema.org\",\"@graph\":[{\"@type\":\"WebPage\",\"@id\":\"https:\\\/\\\/gandariaspain.com\\\/ru\\\/products-ru\\\/livestock-equipment-ru\\\/metal-structures-for-livestock-facilities\\\/\",\"url\":\"https:\\\/\\\/gandariaspain.com\\\/ru\\\/products-ru\\\/livestock-equipment-ru\\\/metal-structures-for-livestock-facilities\\\/\",\"name\":\"\u041c\u0435\u0442\u0430\u043b\u043b\u0438\u0447\u0435\u0441\u043a\u0438\u0435 \u043a\u043e\u043d\u0441\u0442\u0440\u0443\u043a\u0446\u0438\u0438 - Gandaria - Silos Spain\",\"isPartOf\":{\"@id\":\"https:\\\/\\\/gandariaspain.com\\\/ru\\\/#website\"},\"datePublished\":\"2017-08-20T15:06:52+00:00\",\"dateModified\":\"2017-09-26T10:09:30+00:00\",\"breadcrumb\":{\"@id\":\"https:\\\/\\\/gandariaspain.com\\\/ru\\\/products-ru\\\/livestock-equipment-ru\\\/metal-structures-for-livestock-facilities\\\/#breadcrumb\"},\"inLanguage\":\"ru-RU\",\"potentialAction\":[{\"@type\":\"ReadAction\",\"target\":[\"https:\\\/\\\/gandariaspain.com\\\/ru\\\/products-ru\\\/livestock-equipment-ru\\\/metal-structures-for-livestock-facilities\\\/\"]}]},{\"@type\":\"BreadcrumbList\",\"@id\":\"https:\\\/\\\/gandariaspain.com\\\/ru\\\/products-ru\\\/livestock-equipment-ru\\\/metal-structures-for-livestock-facilities\\\/#breadcrumb\",\"itemListElement\":[{\"@type\":\"ListItem\",\"position\":1,\"name\":\"\u041f\u0440\u043e\u0434\u0443\u043a\u0446\u0438\u044f\",\"item\":\"https:\\\/\\\/gandariaspain.com\\\/ru\\\/products-ru\\\/\"},{\"@type\":\"ListItem\",\"position\":2,\"name\":\"\u0416\u0438\u0432\u043e\u0442\u043d\u043e\u0432\u043e\u0434\u0447\u0435\u0441\u043a\u043e\u0435 \u043e\u0431\u043e\u0440\u0443\u0434\u043e\u0432\u0430\u043d\u0438\u0435\",\"item\":\"https:\\\/\\\/gandariaspain.com\\\/ru\\\/products-ru\\\/livestock-equipment-ru\\\/\"},{\"@type\":\"ListItem\",\"position\":3,\"name\":\"\u041c\u0435\u0442\u0430\u043b\u043b\u0438\u0447\u0435\u0441\u043a\u0438\u0435 \u043a\u043e\u043d\u0441\u0442\u0440\u0443\u043a\u0446\u0438\u0438\"}]},{\"@type\":\"WebSite\",\"@id\":\"https:\\\/\\\/gandariaspain.com\\\/ru\\\/#website\",\"url\":\"https:\\\/\\\/gandariaspain.com\\\/ru\\\/\",\"name\":\"Gandaria - Silos Spain\",\"description\":\"Just another WordPress site\",\"potentialAction\":[{\"@type\":\"SearchAction\",\"target\":{\"@type\":\"EntryPoint\",\"urlTemplate\":\"https:\\\/\\\/gandariaspain.com\\\/ru\\\/?s={search_term_string}\"},\"query-input\":{\"@type\":\"PropertyValueSpecification\",\"valueRequired\":true,\"valueName\":\"search_term_string\"}}],\"inLanguage\":\"ru-RU\"}]}<\/script>\n<!-- \/ Yoast SEO plugin. -->","yoast_head_json":{"title":"\u041c\u0435\u0442\u0430\u043b\u043b\u0438\u0447\u0435\u0441\u043a\u0438\u0435 \u043a\u043e\u043d\u0441\u0442\u0440\u0443\u043a\u0446\u0438\u0438 - Gandaria - Silos Spain","robots":{"index":"index","follow":"follow","max-snippet":"max-snippet:-1","max-image-preview":"max-image-preview:large","max-video-preview":"max-video-preview:-1"},"canonical":"https:\/\/gandariaspain.com\/ru\/products-ru\/livestock-equipment-ru\/metal-structures-for-livestock-facilities\/","og_locale":"ru_RU","og_type":"article","og_title":"\u041c\u0435\u0442\u0430\u043b\u043b\u0438\u0447\u0435\u0441\u043a\u0438\u0435 \u043a\u043e\u043d\u0441\u0442\u0440\u0443\u043a\u0446\u0438\u0438 - Gandaria - Silos Spain","og_description":"Gandaria Spain Our livestock facilities are made of\u00a0high strength galvanised [&hellip;]","og_url":"https:\/\/gandariaspain.com\/ru\/products-ru\/livestock-equipment-ru\/metal-structures-for-livestock-facilities\/","og_site_name":"Gandaria - Silos Spain","article_modified_time":"2017-09-26T10:09:30+00:00","twitter_card":"summary_large_image","twitter_misc":{"\u041f\u0440\u0438\u043c\u0435\u0440\u043d\u043e\u0435 \u0432\u0440\u0435\u043c\u044f \u0434\u043b\u044f \u0447\u0442\u0435\u043d\u0438\u044f":"4 \u043c\u0438\u043d\u0443\u0442\u044b"},"schema":{"@context":"https:\/\/schema.org","@graph":[{"@type":"WebPage","@id":"https:\/\/gandariaspain.com\/ru\/products-ru\/livestock-equipment-ru\/metal-structures-for-livestock-facilities\/","url":"https:\/\/gandariaspain.com\/ru\/products-ru\/livestock-equipment-ru\/metal-structures-for-livestock-facilities\/","name":"\u041c\u0435\u0442\u0430\u043b\u043b\u0438\u0447\u0435\u0441\u043a\u0438\u0435 \u043a\u043e\u043d\u0441\u0442\u0440\u0443\u043a\u0446\u0438\u0438 - Gandaria - Silos Spain","isPartOf":{"@id":"https:\/\/gandariaspain.com\/ru\/#website"},"datePublished":"2017-08-20T15:06:52+00:00","dateModified":"2017-09-26T10:09:30+00:00","breadcrumb":{"@id":"https:\/\/gandariaspain.com\/ru\/products-ru\/livestock-equipment-ru\/metal-structures-for-livestock-facilities\/#breadcrumb"},"inLanguage":"ru-RU","potentialAction":[{"@type":"ReadAction","target":["https:\/\/gandariaspain.com\/ru\/products-ru\/livestock-equipment-ru\/metal-structures-for-livestock-facilities\/"]}]},{"@type":"BreadcrumbList","@id":"https:\/\/gandariaspain.com\/ru\/products-ru\/livestock-equipment-ru\/metal-structures-for-livestock-facilities\/#breadcrumb","itemListElement":[{"@type":"ListItem","position":1,"name":"\u041f\u0440\u043e\u0434\u0443\u043a\u0446\u0438\u044f","item":"https:\/\/gandariaspain.com\/ru\/products-ru\/"},{"@type":"ListItem","position":2,"name":"\u0416\u0438\u0432\u043e\u0442\u043d\u043e\u0432\u043e\u0434\u0447\u0435\u0441\u043a\u043e\u0435 \u043e\u0431\u043e\u0440\u0443\u0434\u043e\u0432\u0430\u043d\u0438\u0435","item":"https:\/\/gandariaspain.com\/ru\/products-ru\/livestock-equipment-ru\/"},{"@type":"ListItem","position":3,"name":"\u041c\u0435\u0442\u0430\u043b\u043b\u0438\u0447\u0435\u0441\u043a\u0438\u0435 \u043a\u043e\u043d\u0441\u0442\u0440\u0443\u043a\u0446\u0438\u0438"}]},{"@type":"WebSite","@id":"https:\/\/gandariaspain.com\/ru\/#website","url":"https:\/\/gandariaspain.com\/ru\/","name":"Gandaria - Silos Spain","description":"Just another WordPress site","potentialAction":[{"@type":"SearchAction","target":{"@type":"EntryPoint","urlTemplate":"https:\/\/gandariaspain.com\/ru\/?s={search_term_string}"},"query-input":{"@type":"PropertyValueSpecification","valueRequired":true,"valueName":"search_term_string"}}],"inLanguage":"ru-RU"}]}},"_links":{"self":[{"href":"https:\/\/gandariaspain.com\/ru\/wp-json\/wp\/v2\/pages\/36786","targetHints":{"allow":["GET"]}}],"collection":[{"href":"https:\/\/gandariaspain.com\/ru\/wp-json\/wp\/v2\/pages"}],"about":[{"href":"https:\/\/gandariaspain.com\/ru\/wp-json\/wp\/v2\/types\/page"}],"author":[{"embeddable":true,"href":"https:\/\/gandariaspain.com\/ru\/wp-json\/wp\/v2\/users\/1"}],"replies":[{"embeddable":true,"href":"https:\/\/gandariaspain.com\/ru\/wp-json\/wp\/v2\/comments?post=36786"}],"version-history":[{"count":2,"href":"https:\/\/gandariaspain.com\/ru\/wp-json\/wp\/v2\/pages\/36786\/revisions"}],"predecessor-version":[{"id":41934,"href":"https:\/\/gandariaspain.com\/ru\/wp-json\/wp\/v2\/pages\/36786\/revisions\/41934"}],"up":[{"embeddable":true,"href":"https:\/\/gandariaspain.com\/ru\/wp-json\/wp\/v2\/pages\/36775"}],"wp:attachment":[{"href":"https:\/\/gandariaspain.com\/ru\/wp-json\/wp\/v2\/media?parent=36786"}],"curies":[{"name":"wp","href":"https:\/\/api.w.org\/{rel}","templated":true}]}}