{"id":36268,"date":"2017-08-20T16:26:37","date_gmt":"2017-08-20T14:26:37","guid":{"rendered":"https:\/\/gandariaspain.com\/?page_id=36268\/"},"modified":"2020-01-08T09:14:07","modified_gmt":"2020-01-08T08:14:07","slug":"handling-equipment-ru","status":"publish","type":"page","link":"https:\/\/gandariaspain.com\/ru\/products-ru\/handling-equipment-ru\/","title":{"rendered":"\u041f\u043e\u0433\u0440\u0443\u0437\u043e\u0447\u043d\u043e-\u0440\u0430\u0437\u0433\u0440\u0443\u0437\u043e\u0447\u043d\u043e\u0435 \u043e\u0431\u043e\u0440\u0443\u0434\u043e\u0432\u0430\u043d\u0438\u0435"},"content":{"rendered":"<p>[et_pb_section fb_built=&#187;1&#8243; custom_padding_last_edited=&#187;on|desktop&#187; admin_label=&#187;section&#187; module_class=&#187;indentame&#187; _builder_version=&#187;3.22&#8243; background_color=&#187;#ffffff&#187; custom_padding_tablet=&#187;50px|0|50px|0&#8243; custom_padding_phone=&#187;&#187; transparent_background=&#187;off&#187; padding_mobile=&#187;off&#187; make_fullwidth=&#187;off&#187; use_custom_width=&#187;off&#187; width_unit=&#187;on&#187; locked=&#187;on&#187;][et_pb_row admin_label=&#187;row&#187; _builder_version=&#187;3.25&#8243; background_size=&#187;initial&#187; background_position=&#187;top_left&#187; background_repeat=&#187;repeat&#187;][et_pb_column type=&#187;4_4&#8243; _builder_version=&#187;3.25&#8243; custom_padding=&#187;|||&#187; custom_padding__hover=&#187;|||&#187;][et_pb_text admin_label=&#187;No tocar. Cabecera de nivel 1. SEO&#187; _builder_version=&#187;3.27.4&#8243; background_size=&#187;initial&#187; background_position=&#187;top_left&#187; background_repeat=&#187;repeat&#187; module_alignment=&#187;left&#187; use_border_color=&#187;off&#187; border_color=&#187;#ffffff&#187; border_style=&#187;solid&#187;]<\/p>\n<h1>Gandaria Spain<\/h1>\n<p>[\/et_pb_text][\/et_pb_column][\/et_pb_row][\/et_pb_section][et_pb_section fb_built=&#187;1&#8243; fullwidth=&#187;on&#187; custom_padding_last_edited=&#187;on|desktop&#187; module_class=&#187;slide-flota-izquierda&#187; _builder_version=&#187;3.22&#8243; background_color=&#187;#ffffff&#187; custom_padding_tablet=&#187;50px|0|50px|0&#8243; custom_padding_phone=&#187;&#187; transparent_background=&#187;off&#187; padding_mobile=&#187;off&#187; make_fullwidth=&#187;off&#187; use_custom_width=&#187;off&#187; width_unit=&#187;on&#187;][et_pb_fullwidth_slider show_content_on_mobile=&#187;off&#187; show_cta_on_mobile=&#187;off&#187; disabled_on=&#187;off|off|off&#187; admin_label=&#187;Maquinaria de transporte&#187; _builder_version=&#187;3.16&#8243; background_position=&#187;top_left&#187; custom_padding=&#187;|||&#187; remove_inner_shadow=&#187;off&#187; hide_content_on_mobile=&#187;off&#187; hide_cta_on_mobile=&#187;off&#187; show_inner_shadow=&#187;off&#187; button_letter_spacing_hover=&#187;0&#8243; button_text_size__hover_enabled=&#187;off&#187; button_one_text_size__hover_enabled=&#187;off&#187; button_two_text_size__hover_enabled=&#187;off&#187; button_text_color__hover_enabled=&#187;off&#187; button_one_text_color__hover_enabled=&#187;off&#187; button_two_text_color__hover_enabled=&#187;off&#187; button_border_width__hover_enabled=&#187;off&#187; button_one_border_width__hover_enabled=&#187;off&#187; button_two_border_width__hover_enabled=&#187;off&#187; button_border_color__hover_enabled=&#187;off&#187; button_one_border_color__hover_enabled=&#187;off&#187; button_two_border_color__hover_enabled=&#187;off&#187; button_border_radius__hover_enabled=&#187;off&#187; button_one_border_radius__hover_enabled=&#187;off&#187; button_two_border_radius__hover_enabled=&#187;off&#187; button_letter_spacing__hover_enabled=&#187;on&#187; button_letter_spacing__hover=&#187;0&#8243; button_one_letter_spacing__hover_enabled=&#187;off&#187; button_two_letter_spacing__hover_enabled=&#187;off&#187; button_bg_color__hover_enabled=&#187;off&#187; button_one_bg_color__hover_enabled=&#187;off&#187; button_two_bg_color__hover_enabled=&#187;off&#187;][et_pb_slide heading=&#187;\u041f\u043e\u0433\u0440\u0443\u0437\u043e\u0447\u043d\u043e-\u0440\u0430\u0437\u0433\u0440\u0443\u0437\u043e\u0447\u043d\u043e\u0435 \u043e\u0431\u043e\u0440\u0443\u0434\u043e\u0432\u0430\u043d\u0438\u0435&#187; use_bg_overlay=&#187;off&#187; use_text_overlay=&#187;off&#187; admin_title=&#187;Maquinaria de transporte&#187; _builder_version=&#187;3.16&#8243; header_font=&#187;||||&#187; body_font=&#187;||||&#187; background_color=&#187;#ffffff&#187; background_image=&#187;https:\/\/gandariaspain.com\/wp-content\/uploads\/2016\/09\/Maquinaria-de-transporte_SLIDER.jpg&#187; background_position=&#187;top_left&#187; button_icon_placement=&#187;right&#187; button_on_hover=&#187;on&#187; button_text_size__hover_enabled=&#187;off&#187; button_one_text_size__hover_enabled=&#187;off&#187; button_two_text_size__hover_enabled=&#187;off&#187; button_text_color__hover_enabled=&#187;off&#187; button_one_text_color__hover_enabled=&#187;off&#187; button_two_text_color__hover_enabled=&#187;off&#187; button_border_width__hover_enabled=&#187;off&#187; button_one_border_width__hover_enabled=&#187;off&#187; button_two_border_width__hover_enabled=&#187;off&#187; button_border_color__hover_enabled=&#187;off&#187; button_one_border_color__hover_enabled=&#187;off&#187; button_two_border_color__hover_enabled=&#187;off&#187; button_border_radius__hover_enabled=&#187;off&#187; button_one_border_radius__hover_enabled=&#187;off&#187; button_two_border_radius__hover_enabled=&#187;off&#187; button_letter_spacing__hover_enabled=&#187;off&#187; button_one_letter_spacing__hover_enabled=&#187;off&#187; button_two_letter_spacing__hover_enabled=&#187;off&#187; button_bg_color__hover_enabled=&#187;off&#187; button_one_bg_color__hover_enabled=&#187;off&#187; button_two_bg_color__hover_enabled=&#187;off&#187;][\/et_pb_slide][\/et_pb_fullwidth_slider][\/et_pb_section][et_pb_section fb_built=&#187;1&#8243; _builder_version=&#187;3.22&#8243;][et_pb_row _builder_version=&#187;3.25&#8243; background_size=&#187;initial&#187; background_position=&#187;top_left&#187; background_repeat=&#187;repeat&#187;][et_pb_column type=&#187;4_4&#8243; _builder_version=&#187;3.25&#8243; custom_padding=&#187;|||&#187; custom_padding__hover=&#187;|||&#187;][et_pb_text admin_label=&#187;Una nueva generaci\u00f3n de m\u00e1quinas dise\u00f1adas para ofrecer solidez y confianza.&#187; _builder_version=&#187;3.27.4&#8243; background_size=&#187;initial&#187; background_position=&#187;top_left&#187; background_repeat=&#187;repeat&#187; module_alignment=&#187;left&#187; border_style=&#187;solid&#187;]<\/p>\n<h3>\u041d\u043e\u0432\u043e\u0435 \u043f\u043e\u043a\u043e\u043b\u0435\u043d\u0438\u0435 \u043c\u0430\u0448\u0438\u043d, \u043c\u043e\u0449\u043d\u044b\u0445 \u0438 \u043d\u0430\u0434\u0435\u0436\u043d\u044b\u0445.<\/h3>\n<p>\u041d\u043e\u0432\u0430\u044f \u043b\u0438\u043d\u0435\u0439\u043a\u0430 \u0442\u0440\u0430\u043d\u0441\u043f\u043e\u0440\u0442\u043d\u043e\u0433\u043e \u043e\u0431\u043e\u0440\u0443\u0434\u043e\u0432\u0430\u043d\u0438\u044f, \u0440\u0430\u0437\u0440\u0430\u0431\u043e\u0442\u0430\u043d\u043d\u0430\u044f \u043d\u0430\u0448\u0438\u043c \u043e\u0442\u0434\u0435\u043b\u043e\u043c \u041d\u0418\u041e\u041a\u0420, \u00a0\u0441\u0442\u0430\u043b\u0430 \u0440\u0435\u0437\u0443\u043b\u044c\u0442\u0430\u0442\u043e\u043c \u043d\u0430\u0448\u0438\u0445 \u0443\u0441\u0438\u043b\u0438\u0439 \u043f\u043e \u0441\u043e\u0437\u0434\u0430\u043d\u0438\u044e \u043d\u043e\u0432\u043e\u0433\u043e \u043f\u043e\u043a\u043e\u043b\u0435\u043d\u0438\u0435 \u043c\u0430\u0448\u0438\u043d \u043d\u0430 \u043e\u0441\u043d\u043e\u0432\u0435 \u0441\u0430\u043c\u044b\u0445 \u043f\u0435\u0440\u0435\u0434\u043e\u0432\u044b\u0445 \u0442\u0435\u0445\u043d\u043e\u043b\u043e\u0433\u0438\u0439 \u0438 \u0438\u043d\u043d\u043e\u0432\u0430\u0446\u0438\u0439.<\/p>\n<blockquote>\n<p><i> \u00ab\u0421\u0442\u0440\u0435\u043c\u043b\u0435\u043d\u0438\u0435 \u043a \u0442\u0435\u0445\u043d\u0438\u0447\u0435\u0441\u043a\u043e\u043c\u0443 \u0441\u043e\u0432\u0435\u0440\u0448\u0435\u043d\u0441\u0442\u0432\u0443 \u043d\u0435 \u0438\u043c\u0435\u0435\u0442 \u043a\u043e\u043d\u0435\u0447\u043d\u043e\u0433\u043e \u043f\u0443\u043d\u043a\u0442\u0430 \u043d\u0430\u0437\u043d\u0430\u0447\u0435\u043d\u0438\u044f; \u044d\u0442\u043e \u043f\u0443\u0442\u0435\u0448\u0435\u0441\u0442\u0432\u0438\u0435 \u0431\u0435\u0437 \u043a\u043e\u043d\u0446\u0430. \u0418 \u043c\u044b \u043d\u0430 \u043f\u0440\u0430\u0432\u0438\u043b\u044c\u043d\u043e\u043c \u043f\u0443\u0442\u0438\u00bb<\/i>.<\/p>\n<\/blockquote>\n<p>[\/et_pb_text][\/et_pb_column][\/et_pb_row][\/et_pb_section][et_pb_section fb_built=&#187;1&#8243; admin_label=&#187;section&#187; _builder_version=&#187;3.22&#8243;][et_pb_row column_structure=&#187;1_2,1_2&#8243; _builder_version=&#187;3.25&#8243; background_size=&#187;initial&#187; background_position=&#187;top_left&#187; background_repeat=&#187;repeat&#187;][et_pb_column type=&#187;1_2&#8243; _builder_version=&#187;3.25&#8243; custom_padding=&#187;|||&#187; custom_padding__hover=&#187;|||&#187;][et_pb_image src=&#187;https:\/\/gandariaspain.com\/wp-content\/uploads\/2016\/09\/GAMA-INDUSTRIAL-MAQUINARIA-DE-TRANSPORTE.jpg&#187; url=&#187;https:\/\/gandariaspain.com\/ru\/products-ru\/handling-equipment-ru\/industrial-range-ru\/&#187; align=&#187;center&#187; align_tablet=&#187;center&#187; align_phone=&#187;&#187; align_last_edited=&#187;on|desktop&#187; admin_label=&#187;Imagen Industrial range&#187; _builder_version=&#187;3.23&#8243; animation_style=&#187;slide&#187; animation_direction=&#187;left&#187; animation_duration=&#187;500ms&#187; animation_intensity_slide=&#187;10%&#187; border_style=&#187;solid&#187; sticky=&#187;off&#187; always_center_on_mobile=&#187;on&#187;][\/et_pb_image][\/et_pb_column][et_pb_column type=&#187;1_2&#8243; _builder_version=&#187;3.25&#8243; custom_padding=&#187;|||&#187; custom_padding__hover=&#187;|||&#187;][et_pb_text admin_label=&#187;Industrial range&#187; _builder_version=&#187;3.27.4&#8243; background_size=&#187;initial&#187; background_position=&#187;top_left&#187; background_repeat=&#187;repeat&#187; module_alignment=&#187;left&#187; border_style=&#187;solid&#187;]<\/p>\n<h3 style=\"text-align: center;\"><a href=\"https:\/\/gandariaspain.com\/es\/productos\/maquinaria-de-transporte\/gama-industrial\/\">\u041f\u0440\u043e\u0434\u0443\u043a\u0446\u0438\u044f \u043f\u0440\u043e\u043c\u044b\u0448\u043b\u0435\u043d\u043d\u043e\u0433\u043e \u043a\u043b\u0430\u0441\u0441\u0430<\/a><\/h3>\n<p>[\/et_pb_text][\/et_pb_column][\/et_pb_row][et_pb_row column_structure=&#187;1_2,1_2&#8243; _builder_version=&#187;3.25&#8243; background_size=&#187;initial&#187; background_position=&#187;top_left&#187; background_repeat=&#187;repeat&#187;][et_pb_column type=&#187;1_2&#8243; _builder_version=&#187;3.25&#8243; custom_padding=&#187;|||&#187; custom_padding__hover=&#187;|||&#187;][et_pb_image src=&#187;https:\/\/gandariaspain.com\/wp-content\/uploads\/2016\/09\/GAMA-PESADA-MAQUINARIA-DE-TRANSPORTE-1.jpg&#187; url=&#187;https:\/\/gandariaspain.com\/ru\/products-ru\/handling-equipment-ru\/heavy-duty-range-ru\/&#187; align=&#187;center&#187; align_tablet=&#187;center&#187; align_phone=&#187;&#187; align_last_edited=&#187;on|desktop&#187; admin_label=&#187;Imagen Heavy-duty range&#187; _builder_version=&#187;3.23&#8243; animation_style=&#187;slide&#187; animation_direction=&#187;left&#187; animation_duration=&#187;500ms&#187; animation_intensity_slide=&#187;10%&#187; border_style=&#187;solid&#187; sticky=&#187;off&#187; always_center_on_mobile=&#187;on&#187;][\/et_pb_image][\/et_pb_column][et_pb_column type=&#187;1_2&#8243; _builder_version=&#187;3.25&#8243; custom_padding=&#187;|||&#187; custom_padding__hover=&#187;|||&#187;][et_pb_text admin_label=&#187;Heavy-duty range&#187; _builder_version=&#187;3.27.4&#8243; background_size=&#187;initial&#187; background_position=&#187;top_left&#187; background_repeat=&#187;repeat&#187; module_alignment=&#187;left&#187; border_style=&#187;solid&#187;]<\/p>\n<h3 style=\"text-align: center;\"><a href=\"https:\/\/gandariaspain.com\/es\/productos\/maquinaria-de-transporte\/gama-pesada\/\">\u0423\u0441\u0438\u043b\u0435\u043d\u043d\u043e\u0435 \u043e\u0431\u043e\u0440\u0443\u0434\u043e\u0432\u0430\u043d\u0438\u0435 \u0434\u043b\u044f \u0440\u0430\u0431\u043e\u0442\u044b \u0432 \u0442\u044f\u0436\u0435\u043b\u044b\u0445 \u0443\u0441\u043b\u043e\u0432\u0438\u044f\u0445 \u044d\u043a\u0441\u043f\u043b\u0443\u0430\u0442\u0430\u0446\u0438\u0438.<\/a><\/h3>\n<p>[\/et_pb_text][\/et_pb_column][\/et_pb_row][\/et_pb_section]<\/p>\n<span class=\"et_bloom_bottom_trigger\"><\/span>","protected":false},"excerpt":{"rendered":"<p>Gandaria Spain \u041d\u043e\u0432\u043e\u0435 \u043f\u043e\u043a\u043e\u043b\u0435\u043d\u0438\u0435 \u043c\u0430\u0448\u0438\u043d, \u043c\u043e\u0449\u043d\u044b\u0445 \u0438 \u043d\u0430\u0434\u0435\u0436\u043d\u044b\u0445. \u041d\u043e\u0432\u0430\u044f \u043b\u0438\u043d\u0435\u0439\u043a\u0430 [&hellip;]<\/p>\n","protected":false},"author":2,"featured_media":0,"parent":36139,"menu_order":0,"comment_status":"closed","ping_status":"closed","template":"","meta":{"_et_pb_use_builder":"on","_et_pb_old_content":"","_et_gb_content_width":"","_mbp_gutenberg_autopost":false,"footnotes":""},"class_list":["post-36268","page","type-page","status-publish","hentry"],"yoast_head":"<!-- This site is optimized with the Yoast SEO plugin v27.5 - https:\/\/yoast.com\/product\/yoast-seo-wordpress\/ -->\n<title>\u041f\u043e\u0433\u0440\u0443\u0437\u043e\u0447\u043d\u043e-\u0440\u0430\u0437\u0433\u0440\u0443\u0437\u043e\u0447\u043d\u043e\u0435 \u043e\u0431\u043e\u0440\u0443\u0434\u043e\u0432\u0430\u043d\u0438\u0435 - Gandaria - Silos Spain<\/title>\n<meta name=\"robots\" content=\"index, follow, max-snippet:-1, max-image-preview:large, max-video-preview:-1\" \/>\n<link rel=\"canonical\" href=\"https:\/\/gandariaspain.com\/ru\/products-ru\/handling-equipment-ru\/\" \/>\n<meta property=\"og:locale\" content=\"ru_RU\" \/>\n<meta property=\"og:type\" content=\"article\" \/>\n<meta property=\"og:title\" content=\"\u041f\u043e\u0433\u0440\u0443\u0437\u043e\u0447\u043d\u043e-\u0440\u0430\u0437\u0433\u0440\u0443\u0437\u043e\u0447\u043d\u043e\u0435 \u043e\u0431\u043e\u0440\u0443\u0434\u043e\u0432\u0430\u043d\u0438\u0435 - Gandaria - Silos Spain\" \/>\n<meta property=\"og:description\" content=\"Gandaria Spain \u041d\u043e\u0432\u043e\u0435 \u043f\u043e\u043a\u043e\u043b\u0435\u043d\u0438\u0435 \u043c\u0430\u0448\u0438\u043d, \u043c\u043e\u0449\u043d\u044b\u0445 \u0438 \u043d\u0430\u0434\u0435\u0436\u043d\u044b\u0445. \u041d\u043e\u0432\u0430\u044f \u043b\u0438\u043d\u0435\u0439\u043a\u0430 [&hellip;]\" \/>\n<meta property=\"og:url\" content=\"https:\/\/gandariaspain.com\/ru\/products-ru\/handling-equipment-ru\/\" \/>\n<meta property=\"og:site_name\" content=\"Gandaria - Silos Spain\" \/>\n<meta property=\"article:modified_time\" content=\"2020-01-08T08:14:07+00:00\" \/>\n<meta name=\"twitter:card\" content=\"summary_large_image\" \/>\n<meta name=\"twitter:label1\" content=\"\u041f\u0440\u0438\u043c\u0435\u0440\u043d\u043e\u0435 \u0432\u0440\u0435\u043c\u044f \u0434\u043b\u044f \u0447\u0442\u0435\u043d\u0438\u044f\" \/>\n\t<meta name=\"twitter:data1\" content=\"5 \u043c\u0438\u043d\u0443\u0442\" \/>\n<script type=\"application\/ld+json\" class=\"yoast-schema-graph\">{\"@context\":\"https:\\\/\\\/schema.org\",\"@graph\":[{\"@type\":\"WebPage\",\"@id\":\"https:\\\/\\\/gandariaspain.com\\\/ru\\\/products-ru\\\/handling-equipment-ru\\\/\",\"url\":\"https:\\\/\\\/gandariaspain.com\\\/ru\\\/products-ru\\\/handling-equipment-ru\\\/\",\"name\":\"\u041f\u043e\u0433\u0440\u0443\u0437\u043e\u0447\u043d\u043e-\u0440\u0430\u0437\u0433\u0440\u0443\u0437\u043e\u0447\u043d\u043e\u0435 \u043e\u0431\u043e\u0440\u0443\u0434\u043e\u0432\u0430\u043d\u0438\u0435 - Gandaria - Silos Spain\",\"isPartOf\":{\"@id\":\"https:\\\/\\\/gandariaspain.com\\\/ru\\\/#website\"},\"datePublished\":\"2017-08-20T14:26:37+00:00\",\"dateModified\":\"2020-01-08T08:14:07+00:00\",\"breadcrumb\":{\"@id\":\"https:\\\/\\\/gandariaspain.com\\\/ru\\\/products-ru\\\/handling-equipment-ru\\\/#breadcrumb\"},\"inLanguage\":\"ru-RU\",\"potentialAction\":[{\"@type\":\"ReadAction\",\"target\":[\"https:\\\/\\\/gandariaspain.com\\\/ru\\\/products-ru\\\/handling-equipment-ru\\\/\"]}]},{\"@type\":\"BreadcrumbList\",\"@id\":\"https:\\\/\\\/gandariaspain.com\\\/ru\\\/products-ru\\\/handling-equipment-ru\\\/#breadcrumb\",\"itemListElement\":[{\"@type\":\"ListItem\",\"position\":1,\"name\":\"\u041f\u0440\u043e\u0434\u0443\u043a\u0446\u0438\u044f\",\"item\":\"https:\\\/\\\/gandariaspain.com\\\/ru\\\/products-ru\\\/\"},{\"@type\":\"ListItem\",\"position\":2,\"name\":\"\u041f\u043e\u0433\u0440\u0443\u0437\u043e\u0447\u043d\u043e-\u0440\u0430\u0437\u0433\u0440\u0443\u0437\u043e\u0447\u043d\u043e\u0435 \u043e\u0431\u043e\u0440\u0443\u0434\u043e\u0432\u0430\u043d\u0438\u0435\"}]},{\"@type\":\"WebSite\",\"@id\":\"https:\\\/\\\/gandariaspain.com\\\/ru\\\/#website\",\"url\":\"https:\\\/\\\/gandariaspain.com\\\/ru\\\/\",\"name\":\"Gandaria - Silos Spain\",\"description\":\"Just another WordPress site\",\"potentialAction\":[{\"@type\":\"SearchAction\",\"target\":{\"@type\":\"EntryPoint\",\"urlTemplate\":\"https:\\\/\\\/gandariaspain.com\\\/ru\\\/?s={search_term_string}\"},\"query-input\":{\"@type\":\"PropertyValueSpecification\",\"valueRequired\":true,\"valueName\":\"search_term_string\"}}],\"inLanguage\":\"ru-RU\"}]}<\/script>\n<!-- \/ Yoast SEO plugin. -->","yoast_head_json":{"title":"\u041f\u043e\u0433\u0440\u0443\u0437\u043e\u0447\u043d\u043e-\u0440\u0430\u0437\u0433\u0440\u0443\u0437\u043e\u0447\u043d\u043e\u0435 \u043e\u0431\u043e\u0440\u0443\u0434\u043e\u0432\u0430\u043d\u0438\u0435 - Gandaria - Silos Spain","robots":{"index":"index","follow":"follow","max-snippet":"max-snippet:-1","max-image-preview":"max-image-preview:large","max-video-preview":"max-video-preview:-1"},"canonical":"https:\/\/gandariaspain.com\/ru\/products-ru\/handling-equipment-ru\/","og_locale":"ru_RU","og_type":"article","og_title":"\u041f\u043e\u0433\u0440\u0443\u0437\u043e\u0447\u043d\u043e-\u0440\u0430\u0437\u0433\u0440\u0443\u0437\u043e\u0447\u043d\u043e\u0435 \u043e\u0431\u043e\u0440\u0443\u0434\u043e\u0432\u0430\u043d\u0438\u0435 - Gandaria - Silos Spain","og_description":"Gandaria Spain \u041d\u043e\u0432\u043e\u0435 \u043f\u043e\u043a\u043e\u043b\u0435\u043d\u0438\u0435 \u043c\u0430\u0448\u0438\u043d, \u043c\u043e\u0449\u043d\u044b\u0445 \u0438 \u043d\u0430\u0434\u0435\u0436\u043d\u044b\u0445. \u041d\u043e\u0432\u0430\u044f \u043b\u0438\u043d\u0435\u0439\u043a\u0430 [&hellip;]","og_url":"https:\/\/gandariaspain.com\/ru\/products-ru\/handling-equipment-ru\/","og_site_name":"Gandaria - Silos Spain","article_modified_time":"2020-01-08T08:14:07+00:00","twitter_card":"summary_large_image","twitter_misc":{"\u041f\u0440\u0438\u043c\u0435\u0440\u043d\u043e\u0435 \u0432\u0440\u0435\u043c\u044f \u0434\u043b\u044f \u0447\u0442\u0435\u043d\u0438\u044f":"5 \u043c\u0438\u043d\u0443\u0442"},"schema":{"@context":"https:\/\/schema.org","@graph":[{"@type":"WebPage","@id":"https:\/\/gandariaspain.com\/ru\/products-ru\/handling-equipment-ru\/","url":"https:\/\/gandariaspain.com\/ru\/products-ru\/handling-equipment-ru\/","name":"\u041f\u043e\u0433\u0440\u0443\u0437\u043e\u0447\u043d\u043e-\u0440\u0430\u0437\u0433\u0440\u0443\u0437\u043e\u0447\u043d\u043e\u0435 \u043e\u0431\u043e\u0440\u0443\u0434\u043e\u0432\u0430\u043d\u0438\u0435 - Gandaria - Silos Spain","isPartOf":{"@id":"https:\/\/gandariaspain.com\/ru\/#website"},"datePublished":"2017-08-20T14:26:37+00:00","dateModified":"2020-01-08T08:14:07+00:00","breadcrumb":{"@id":"https:\/\/gandariaspain.com\/ru\/products-ru\/handling-equipment-ru\/#breadcrumb"},"inLanguage":"ru-RU","potentialAction":[{"@type":"ReadAction","target":["https:\/\/gandariaspain.com\/ru\/products-ru\/handling-equipment-ru\/"]}]},{"@type":"BreadcrumbList","@id":"https:\/\/gandariaspain.com\/ru\/products-ru\/handling-equipment-ru\/#breadcrumb","itemListElement":[{"@type":"ListItem","position":1,"name":"\u041f\u0440\u043e\u0434\u0443\u043a\u0446\u0438\u044f","item":"https:\/\/gandariaspain.com\/ru\/products-ru\/"},{"@type":"ListItem","position":2,"name":"\u041f\u043e\u0433\u0440\u0443\u0437\u043e\u0447\u043d\u043e-\u0440\u0430\u0437\u0433\u0440\u0443\u0437\u043e\u0447\u043d\u043e\u0435 \u043e\u0431\u043e\u0440\u0443\u0434\u043e\u0432\u0430\u043d\u0438\u0435"}]},{"@type":"WebSite","@id":"https:\/\/gandariaspain.com\/ru\/#website","url":"https:\/\/gandariaspain.com\/ru\/","name":"Gandaria - Silos Spain","description":"Just another WordPress site","potentialAction":[{"@type":"SearchAction","target":{"@type":"EntryPoint","urlTemplate":"https:\/\/gandariaspain.com\/ru\/?s={search_term_string}"},"query-input":{"@type":"PropertyValueSpecification","valueRequired":true,"valueName":"search_term_string"}}],"inLanguage":"ru-RU"}]}},"_links":{"self":[{"href":"https:\/\/gandariaspain.com\/ru\/wp-json\/wp\/v2\/pages\/36268","targetHints":{"allow":["GET"]}}],"collection":[{"href":"https:\/\/gandariaspain.com\/ru\/wp-json\/wp\/v2\/pages"}],"about":[{"href":"https:\/\/gandariaspain.com\/ru\/wp-json\/wp\/v2\/types\/page"}],"author":[{"embeddable":true,"href":"https:\/\/gandariaspain.com\/ru\/wp-json\/wp\/v2\/users\/2"}],"replies":[{"embeddable":true,"href":"https:\/\/gandariaspain.com\/ru\/wp-json\/wp\/v2\/comments?post=36268"}],"version-history":[{"count":6,"href":"https:\/\/gandariaspain.com\/ru\/wp-json\/wp\/v2\/pages\/36268\/revisions"}],"predecessor-version":[{"id":53252,"href":"https:\/\/gandariaspain.com\/ru\/wp-json\/wp\/v2\/pages\/36268\/revisions\/53252"}],"up":[{"embeddable":true,"href":"https:\/\/gandariaspain.com\/ru\/wp-json\/wp\/v2\/pages\/36139"}],"wp:attachment":[{"href":"https:\/\/gandariaspain.com\/ru\/wp-json\/wp\/v2\/media?parent=36268"}],"curies":[{"name":"wp","href":"https:\/\/api.w.org\/{rel}","templated":true}]}}