{"id":34729,"date":"2017-08-15T19:12:17","date_gmt":"2017-08-15T17:12:17","guid":{"rendered":"https:\/\/gandariaspain.com\/?page_id=34729\/"},"modified":"2017-09-01T20:07:57","modified_gmt":"2017-09-01T18:07:57","slug":"revestimentos-e-estruturas-metalicas-quinta-metalica","status":"publish","type":"page","link":"https:\/\/gandariaspain.com\/pt-br\/setores\/revestimentos-e-estruturas-metalicas-quinta-metalica\/","title":{"rendered":"Revestimentos e Estruturas Met\u00e1licas"},"content":{"rendered":"<p>[et_pb_section bb_built=&#8221;1&#8243; admin_label=&#8221;section&#8221; transparent_background=&#8221;off&#8221; background_color=&#8221;#ffffff&#8221; allow_player_pause=&#8221;off&#8221; inner_shadow=&#8221;off&#8221; parallax=&#8221;off&#8221; parallax_method=&#8221;off&#8221; padding_mobile=&#8221;off&#8221; make_fullwidth=&#8221;off&#8221; use_custom_width=&#8221;off&#8221; width_unit=&#8221;on&#8221; make_equal=&#8221;off&#8221; use_custom_gutter=&#8221;off&#8221; module_class=&#8221;indentame&#8221; locked=&#8221;on&#8221;][et_pb_row admin_label=&#8221;row&#8221; parent_locked=&#8221;on&#8221; background_position=&#8221;top_left&#8221; background_repeat=&#8221;repeat&#8221; background_size=&#8221;initial&#8221;][et_pb_column type=&#8221;4_4&#8243;][et_pb_text admin_label=&#8221;No tocar. Cabecera de nivel 1. SEO&#8221; background_layout=&#8221;light&#8221; text_orientation=&#8221;left&#8221; use_border_color=&#8221;off&#8221; border_color=&#8221;#ffffff&#8221; border_style=&#8221;solid&#8221; parent_locked=&#8221;on&#8221; background_position=&#8221;top_left&#8221; background_repeat=&#8221;repeat&#8221; background_size=&#8221;initial&#8221;]<\/p>\n<h1>Gandaria Spain<\/h1>\n<p>[\/et_pb_text][\/et_pb_column][\/et_pb_row][\/et_pb_section][et_pb_section bb_built=&#8221;1&#8243; fullwidth=&#8221;on&#8221; specialty=&#8221;off&#8221; transparent_background=&#8221;off&#8221; background_color=&#8221;#ffffff&#8221; allow_player_pause=&#8221;off&#8221; inner_shadow=&#8221;off&#8221; parallax=&#8221;off&#8221; parallax_method=&#8221;off&#8221; padding_mobile=&#8221;off&#8221; make_fullwidth=&#8221;off&#8221; use_custom_width=&#8221;off&#8221; width_unit=&#8221;on&#8221; make_equal=&#8221;off&#8221; use_custom_gutter=&#8221;off&#8221; module_class=&#8221;slide-flota-izquierda&#8221;][et_pb_fullwidth_slider admin_label=&#8221;Quinta Met\u00e1lica: Estructuras y revestimientos&#8221; show_arrows=&#8221;on&#8221; show_pagination=&#8221;on&#8221; auto=&#8221;off&#8221; auto_ignore_hover=&#8221;off&#8221; parallax=&#8221;off&#8221; parallax_method=&#8221;off&#8221; remove_inner_shadow=&#8221;off&#8221; background_position=&#8221;top_left&#8221; hide_content_on_mobile=&#8221;off&#8221; hide_cta_on_mobile=&#8221;off&#8221; show_image_video_mobile=&#8221;off&#8221; custom_button=&#8221;off&#8221; button_letter_spacing=&#8221;0&#8243; button_icon_placement=&#8221;right&#8221; button_letter_spacing_hover=&#8221;0&#8243; disabled_on=&#8221;off|off|off&#8221; disabled=&#8221;off&#8221; _builder_version=&#8221;3.0.71&#8243;] [et_pb_slide heading=&#8221;Revestimentos e Estruturas Met\u00e1licas &#8221; background_color=&#8221;#ffffff&#8221; use_background_color_gradient=&#8221;off&#8221; background_color_gradient_start=&#8221;#2b87da&#8221; background_color_gradient_end=&#8221;#29c4a9&#8243; background_color_gradient_type=&#8221;linear&#8221; background_color_gradient_direction=&#8221;180deg&#8221; background_color_gradient_direction_radial=&#8221;center&#8221; background_color_gradient_start_position=&#8221;0%&#8221; background_color_gradient_end_position=&#8221;100%&#8221; background_image=&#8221;https:\/\/gandariaspain.com\/wp-content\/uploads\/2016\/09\/QM_SLIDER-1.jpg&#8221; parallax=&#8221;off&#8221; parallax_method=&#8221;off&#8221; background_position=&#8221;center&#8221; background_size=&#8221;cover&#8221; background_repeat=&#8221;repeat&#8221; background_blend=&#8221;normal&#8221; allow_player_pause=&#8221;off&#8221; use_bg_overlay=&#8221;off&#8221; use_text_overlay=&#8221;off&#8221; text_border_radius=&#8221;3&#8243; alignment=&#8221;center&#8221; background_layout=&#8221;dark&#8221; header_font_select=&#8221;default&#8221; header_font=&#8221;||||&#8221; body_font_select=&#8221;default&#8221; body_font=&#8221;||||&#8221; custom_button=&#8221;off&#8221; button_font_select=&#8221;default&#8221; button_font=&#8221;||||&#8221; button_use_icon=&#8221;default&#8221; button_icon_placement=&#8221;right&#8221; button_on_hover=&#8221;on&#8221; \/] [\/et_pb_fullwidth_slider][\/et_pb_section][et_pb_section bb_built=&#8221;1&#8243; fullwidth=&#8221;off&#8221; specialty=&#8221;off&#8221;][et_pb_row background_position=&#8221;top_left&#8221; background_repeat=&#8221;repeat&#8221; background_size=&#8221;initial&#8221;][et_pb_column type=&#8221;2_3&#8243;][et_pb_text admin_label=&#8221;Quinta Met\u00e1lica se dedica al suministro&#8221; _builder_version=&#8221;3.0.71&#8243; background_layout=&#8221;light&#8221; text_orientation=&#8221;left&#8221; border_style=&#8221;solid&#8221; background_position=&#8221;top_left&#8221; background_repeat=&#8221;repeat&#8221; background_size=&#8221;initial&#8221;]<\/p>\n<p><strong>A Quinta Met\u00e1lica dedica-se ao fornecimento e instala\u00e7\u00e3o de todo o tipo de revestimentos met\u00e1licos,<\/strong> especialmente zinco, cobre, tit\u00e2nio, a\u00e7o inoxid\u00e1vel, alum\u00ednio e chumbo. <strong>Proporcionamos todas as solu\u00e7\u00f5es construtivas<\/strong>, totalmente instaladas, desde o suporte estrutural at\u00e9 ao metal exterior.<\/p>\n<p><strong>Somos tamb\u00e9m especialistas em engenharia e transforma\u00e7\u00e3o met\u00e1lica.<\/strong> Desenvolvemos \u00e0 medida todo o tipo de constru\u00e7\u00f5es met\u00e1licas, solu\u00e7\u00f5es tecnol\u00f3gicas aparafusadas, pavilh\u00f5es industriais e agr\u00edcolas, pavilh\u00f5es de grandes luzes e infraestruturas de transporte.<\/p>\n<p>[\/et_pb_text][\/et_pb_column][et_pb_column type=&#8221;1_3&#8243;][et_pb_image show_in_lightbox=&#8221;off&#8221; url_new_window=&#8221;off&#8221; use_overlay=&#8221;off&#8221; sticky=&#8221;off&#8221; align=&#8221;left&#8221; force_fullwidth=&#8221;off&#8221; always_center_on_mobile=&#8221;on&#8221; border_style=&#8221;solid&#8221; src=&#8221;https:\/\/gandariaspain.com\/wp-content\/uploads\/2017\/04\/QM_HOGARES-1.jpg&#8221; _builder_version=&#8221;3.0.50&#8243; \/][\/et_pb_column][\/et_pb_row][\/et_pb_section][et_pb_section bb_built=&#8221;1&#8243; fullwidth=&#8221;off&#8221; specialty=&#8221;off&#8221;][et_pb_row background_position=&#8221;top_left&#8221; background_repeat=&#8221;repeat&#8221; background_size=&#8221;initial&#8221;][et_pb_column type=&#8221;2_3&#8243;][et_pb_text admin_label=&#8221;Ejecuci\u00f3n de revestimientos met\u00e1licos&#8221; background_layout=&#8221;light&#8221; text_orientation=&#8221;left&#8221; border_style=&#8221;solid&#8221; background_position=&#8221;top_left&#8221; background_repeat=&#8221;repeat&#8221; background_size=&#8221;initial&#8221; _builder_version=&#8221;3.0.71&#8243;]<\/p>\n<h3>Execu\u00e7\u00e3o<b>\u00a0<\/b>de revestimentos met\u00e1licos<\/h3>\n<p>A Quinta Met\u00e1lica <strong>nasce a partir de um desejo de proporcionar um servi\u00e7o de alta qualidade no fornecimento e coloca\u00e7\u00e3o de revestimentos met\u00e1licos<\/strong> como o cobre ou zinco, algo pouco habitual em Espanha, ainda que tenha cada vez mais procura.<\/p>\n<p>Devido a este aumento de procura, existe uma escassez de m\u00e3o-de-obra especializada e bem orientada, que por vezes resulta em resultados insatisfat\u00f3rios na obra e em problemas para a construtora.<\/p>\n<p>Na Quinta Met\u00e1lica resolvemos este problema combinando uma equipe bem formada e eficaz e uma oficina de fabrica\u00e7\u00e3o dotada de meios para qualquer tipo de obra com uma dire\u00e7\u00e3o de f\u00e1brica e de obra correta e profissional.<\/p>\n<p>[\/et_pb_text][\/et_pb_column][et_pb_column type=&#8221;1_3&#8243;][et_pb_image show_in_lightbox=&#8221;off&#8221; url_new_window=&#8221;off&#8221; use_overlay=&#8221;off&#8221; sticky=&#8221;off&#8221; align=&#8221;left&#8221; force_fullwidth=&#8221;off&#8221; always_center_on_mobile=&#8221;on&#8221; border_style=&#8221;solid&#8221; src=&#8221;https:\/\/gandariaspain.com\/wp-content\/uploads\/2017\/04\/QM_REVESTIMIENTOS-1.jpg&#8221; _builder_version=&#8221;3.0.50&#8243; \/][\/et_pb_column][\/et_pb_row][et_pb_row background_position=&#8221;top_left&#8221; background_repeat=&#8221;repeat&#8221; background_size=&#8221;initial&#8221;][et_pb_column type=&#8221;4_4&#8243;][et_pb_text admin_label=&#8221;El Sistema Quinta Met\u00e1lica\u00ae&#8221; background_layout=&#8221;light&#8221; text_orientation=&#8221;left&#8221; border_style=&#8221;solid&#8221; background_position=&#8221;top_left&#8221; background_repeat=&#8221;repeat&#8221; background_size=&#8221;initial&#8221; _builder_version=&#8221;3.0.71&#8243;]<\/p>\n<h3>O\u00a0Sistema Quinta Met\u00e1lica\u00ae<\/h3>\n<p>A nossa experi\u00eancia na B\u00e9lgica e Reino Unido ensinou-nos que, ainda que seja mais f\u00e1cil mandar para a obra o metal em bobina e uma equipe com ferramentas de m\u00e3o que \u201cexecute a obra\u201d, os revestimentos met\u00e1licos ficam melhor quanto mais forem pr\u00e9-fabricados na oficina. Na oficina est\u00e3o as m\u00e1quinas mais pesadas, as que melhor se articulam, as mais adequadas, as que dobram e cortam melhor.<\/p>\n<p>Por isso, na Quinta Met\u00e1lica seguimos sempre um processo de instala\u00e7\u00e3o que resumimos como <strong>\u201co sistema Quinta Met\u00e1lica\u00ae\u201d e isto \u00e9 o que certifica a norma ISO 9001,<\/strong> onde aplicamos m\u00e9todos e t\u00e9cnicas tradicionais da Alemanha, B\u00e9lgica e Ilhas Brit\u00e2nicas, absolutamente comprovadas nestes pa\u00edses, mas \u00fanicas em Espanha.<\/p>\n<p>[\/et_pb_text][\/et_pb_column][\/et_pb_row][\/et_pb_section]<\/p>\n<span class=\"et_bloom_bottom_trigger\"><\/span>","protected":false},"excerpt":{"rendered":"<p>Gandaria Spain A Quinta Met\u00e1lica dedica-se ao fornecimento e instala\u00e7\u00e3o [&hellip;]<\/p>\n","protected":false},"author":1,"featured_media":0,"parent":34679,"menu_order":0,"comment_status":"closed","ping_status":"closed","template":"","meta":{"_et_pb_use_builder":"on","_et_pb_old_content":"","_et_gb_content_width":"","_mbp_gutenberg_autopost":false,"footnotes":""},"class_list":["post-34729","page","type-page","status-publish","hentry"],"yoast_head":"<!-- This site is optimized with the Yoast SEO plugin v27.6 - https:\/\/yoast.com\/product\/yoast-seo-wordpress\/ -->\n<title>Revestimentos e Estruturas Met\u00e1licas - Gandaria - Silos Spain<\/title>\n<meta name=\"robots\" content=\"index, follow, max-snippet:-1, max-image-preview:large, max-video-preview:-1\" \/>\n<link rel=\"canonical\" href=\"https:\/\/gandariaspain.com\/pt-br\/setores\/revestimentos-e-estruturas-metalicas-quinta-metalica\/\" \/>\n<meta property=\"og:locale\" content=\"pt_BR\" \/>\n<meta property=\"og:type\" content=\"article\" \/>\n<meta property=\"og:title\" content=\"Revestimentos e Estruturas Met\u00e1licas - Gandaria - Silos Spain\" \/>\n<meta property=\"og:description\" content=\"Gandaria Spain A Quinta Met\u00e1lica dedica-se ao fornecimento e instala\u00e7\u00e3o [&hellip;]\" \/>\n<meta property=\"og:url\" content=\"https:\/\/gandariaspain.com\/pt-br\/setores\/revestimentos-e-estruturas-metalicas-quinta-metalica\/\" \/>\n<meta property=\"og:site_name\" content=\"Gandaria - Silos Spain\" \/>\n<meta property=\"article:modified_time\" content=\"2017-09-01T18:07:57+00:00\" \/>\n<meta name=\"twitter:card\" content=\"summary_large_image\" \/>\n<meta name=\"twitter:label1\" content=\"Est. tempo de leitura\" \/>\n\t<meta name=\"twitter:data1\" content=\"5 minutos\" \/>\n<script type=\"application\/ld+json\" class=\"yoast-schema-graph\">{\"@context\":\"https:\\\/\\\/schema.org\",\"@graph\":[{\"@type\":\"WebPage\",\"@id\":\"https:\\\/\\\/gandariaspain.com\\\/pt-br\\\/setores\\\/revestimentos-e-estruturas-metalicas-quinta-metalica\\\/\",\"url\":\"https:\\\/\\\/gandariaspain.com\\\/pt-br\\\/setores\\\/revestimentos-e-estruturas-metalicas-quinta-metalica\\\/\",\"name\":\"Revestimentos e Estruturas Met\u00e1licas - Gandaria - Silos Spain\",\"isPartOf\":{\"@id\":\"https:\\\/\\\/gandariaspain.com\\\/pt-br\\\/#website\"},\"datePublished\":\"2017-08-15T17:12:17+00:00\",\"dateModified\":\"2017-09-01T18:07:57+00:00\",\"breadcrumb\":{\"@id\":\"https:\\\/\\\/gandariaspain.com\\\/pt-br\\\/setores\\\/revestimentos-e-estruturas-metalicas-quinta-metalica\\\/#breadcrumb\"},\"inLanguage\":\"pt-BR\",\"potentialAction\":[{\"@type\":\"ReadAction\",\"target\":[\"https:\\\/\\\/gandariaspain.com\\\/pt-br\\\/setores\\\/revestimentos-e-estruturas-metalicas-quinta-metalica\\\/\"]}]},{\"@type\":\"BreadcrumbList\",\"@id\":\"https:\\\/\\\/gandariaspain.com\\\/pt-br\\\/setores\\\/revestimentos-e-estruturas-metalicas-quinta-metalica\\\/#breadcrumb\",\"itemListElement\":[{\"@type\":\"ListItem\",\"position\":1,\"name\":\"Setores\",\"item\":\"https:\\\/\\\/gandariaspain.com\\\/pt-br\\\/setores\\\/\"},{\"@type\":\"ListItem\",\"position\":2,\"name\":\"Revestimentos e Estruturas Met\u00e1licas\"}]},{\"@type\":\"WebSite\",\"@id\":\"https:\\\/\\\/gandariaspain.com\\\/pt-br\\\/#website\",\"url\":\"https:\\\/\\\/gandariaspain.com\\\/pt-br\\\/\",\"name\":\"Gandaria - Silos Spain\",\"description\":\"Just another WordPress site\",\"potentialAction\":[{\"@type\":\"SearchAction\",\"target\":{\"@type\":\"EntryPoint\",\"urlTemplate\":\"https:\\\/\\\/gandariaspain.com\\\/pt-br\\\/?s={search_term_string}\"},\"query-input\":{\"@type\":\"PropertyValueSpecification\",\"valueRequired\":true,\"valueName\":\"search_term_string\"}}],\"inLanguage\":\"pt-BR\"}]}<\/script>\n<!-- \/ Yoast SEO plugin. -->","yoast_head_json":{"title":"Revestimentos e Estruturas Met\u00e1licas - Gandaria - Silos Spain","robots":{"index":"index","follow":"follow","max-snippet":"max-snippet:-1","max-image-preview":"max-image-preview:large","max-video-preview":"max-video-preview:-1"},"canonical":"https:\/\/gandariaspain.com\/pt-br\/setores\/revestimentos-e-estruturas-metalicas-quinta-metalica\/","og_locale":"pt_BR","og_type":"article","og_title":"Revestimentos e Estruturas Met\u00e1licas - Gandaria - Silos Spain","og_description":"Gandaria Spain A Quinta Met\u00e1lica dedica-se ao fornecimento e instala\u00e7\u00e3o [&hellip;]","og_url":"https:\/\/gandariaspain.com\/pt-br\/setores\/revestimentos-e-estruturas-metalicas-quinta-metalica\/","og_site_name":"Gandaria - Silos Spain","article_modified_time":"2017-09-01T18:07:57+00:00","twitter_card":"summary_large_image","twitter_misc":{"Est. tempo de leitura":"5 minutos"},"schema":{"@context":"https:\/\/schema.org","@graph":[{"@type":"WebPage","@id":"https:\/\/gandariaspain.com\/pt-br\/setores\/revestimentos-e-estruturas-metalicas-quinta-metalica\/","url":"https:\/\/gandariaspain.com\/pt-br\/setores\/revestimentos-e-estruturas-metalicas-quinta-metalica\/","name":"Revestimentos e Estruturas Met\u00e1licas - Gandaria - Silos Spain","isPartOf":{"@id":"https:\/\/gandariaspain.com\/pt-br\/#website"},"datePublished":"2017-08-15T17:12:17+00:00","dateModified":"2017-09-01T18:07:57+00:00","breadcrumb":{"@id":"https:\/\/gandariaspain.com\/pt-br\/setores\/revestimentos-e-estruturas-metalicas-quinta-metalica\/#breadcrumb"},"inLanguage":"pt-BR","potentialAction":[{"@type":"ReadAction","target":["https:\/\/gandariaspain.com\/pt-br\/setores\/revestimentos-e-estruturas-metalicas-quinta-metalica\/"]}]},{"@type":"BreadcrumbList","@id":"https:\/\/gandariaspain.com\/pt-br\/setores\/revestimentos-e-estruturas-metalicas-quinta-metalica\/#breadcrumb","itemListElement":[{"@type":"ListItem","position":1,"name":"Setores","item":"https:\/\/gandariaspain.com\/pt-br\/setores\/"},{"@type":"ListItem","position":2,"name":"Revestimentos e Estruturas Met\u00e1licas"}]},{"@type":"WebSite","@id":"https:\/\/gandariaspain.com\/pt-br\/#website","url":"https:\/\/gandariaspain.com\/pt-br\/","name":"Gandaria - Silos Spain","description":"Just another WordPress site","potentialAction":[{"@type":"SearchAction","target":{"@type":"EntryPoint","urlTemplate":"https:\/\/gandariaspain.com\/pt-br\/?s={search_term_string}"},"query-input":{"@type":"PropertyValueSpecification","valueRequired":true,"valueName":"search_term_string"}}],"inLanguage":"pt-BR"}]}},"_links":{"self":[{"href":"https:\/\/gandariaspain.com\/pt-br\/wp-json\/wp\/v2\/pages\/34729","targetHints":{"allow":["GET"]}}],"collection":[{"href":"https:\/\/gandariaspain.com\/pt-br\/wp-json\/wp\/v2\/pages"}],"about":[{"href":"https:\/\/gandariaspain.com\/pt-br\/wp-json\/wp\/v2\/types\/page"}],"author":[{"embeddable":true,"href":"https:\/\/gandariaspain.com\/pt-br\/wp-json\/wp\/v2\/users\/1"}],"replies":[{"embeddable":true,"href":"https:\/\/gandariaspain.com\/pt-br\/wp-json\/wp\/v2\/comments?post=34729"}],"version-history":[{"count":4,"href":"https:\/\/gandariaspain.com\/pt-br\/wp-json\/wp\/v2\/pages\/34729\/revisions"}],"predecessor-version":[{"id":40720,"href":"https:\/\/gandariaspain.com\/pt-br\/wp-json\/wp\/v2\/pages\/34729\/revisions\/40720"}],"up":[{"embeddable":true,"href":"https:\/\/gandariaspain.com\/pt-br\/wp-json\/wp\/v2\/pages\/34679"}],"wp:attachment":[{"href":"https:\/\/gandariaspain.com\/pt-br\/wp-json\/wp\/v2\/media?parent=34729"}],"curies":[{"name":"wp","href":"https:\/\/api.w.org\/{rel}","templated":true}]}}