{"id":34714,"date":"2017-08-15T19:10:53","date_gmt":"2017-08-15T17:10:53","guid":{"rendered":"https:\/\/gandariaspain.com\/?page_id=34714\/"},"modified":"2017-09-01T19:53:26","modified_gmt":"2017-09-01T17:53:26","slug":"pavilhoes-e-equipamento-gandaria","status":"publish","type":"page","link":"https:\/\/gandariaspain.com\/pt-br\/setores\/pecuaria\/pavilhoes-e-equipamento-gandaria\/","title":{"rendered":"Pavilh\u00f5es e equipamento &#8211; Gandaria"},"content":{"rendered":"<p>[et_pb_section bb_built=&#8221;1&#8243; admin_label=&#8221;section&#8221; transparent_background=&#8221;off&#8221; background_color=&#8221;#ffffff&#8221; allow_player_pause=&#8221;off&#8221; inner_shadow=&#8221;off&#8221; parallax=&#8221;off&#8221; parallax_method=&#8221;off&#8221; padding_mobile=&#8221;off&#8221; make_fullwidth=&#8221;off&#8221; use_custom_width=&#8221;off&#8221; width_unit=&#8221;on&#8221; make_equal=&#8221;off&#8221; use_custom_gutter=&#8221;off&#8221; module_class=&#8221;indentame&#8221; locked=&#8221;on&#8221;][et_pb_row admin_label=&#8221;row&#8221; parent_locked=&#8221;on&#8221; background_position=&#8221;top_left&#8221; background_repeat=&#8221;repeat&#8221; background_size=&#8221;initial&#8221;][et_pb_column type=&#8221;4_4&#8243;][et_pb_text admin_label=&#8221;No tocar. Cabecera de nivel 1. SEO&#8221; background_layout=&#8221;light&#8221; text_orientation=&#8221;left&#8221; use_border_color=&#8221;off&#8221; border_color=&#8221;#ffffff&#8221; border_style=&#8221;solid&#8221; parent_locked=&#8221;on&#8221; background_position=&#8221;top_left&#8221; background_repeat=&#8221;repeat&#8221; background_size=&#8221;initial&#8221;]<\/p>\n<h1>Gandaria Spain<\/h1>\n<p>[\/et_pb_text][\/et_pb_column][\/et_pb_row][\/et_pb_section][et_pb_section bb_built=&#8221;1&#8243; fullwidth=&#8221;on&#8221; specialty=&#8221;off&#8221; transparent_background=&#8221;off&#8221; background_color=&#8221;#ffffff&#8221; allow_player_pause=&#8221;off&#8221; inner_shadow=&#8221;off&#8221; parallax=&#8221;off&#8221; parallax_method=&#8221;off&#8221; padding_mobile=&#8221;off&#8221; make_fullwidth=&#8221;off&#8221; use_custom_width=&#8221;off&#8221; width_unit=&#8221;on&#8221; make_equal=&#8221;off&#8221; use_custom_gutter=&#8221;off&#8221; module_class=&#8221;slide-flota-izquierda&#8221;][et_pb_fullwidth_slider admin_label=&#8221;Naves y equipamiento \u2013 Gandaria&#8221; show_arrows=&#8221;on&#8221; show_pagination=&#8221;on&#8221; auto=&#8221;off&#8221; auto_ignore_hover=&#8221;off&#8221; parallax=&#8221;off&#8221; parallax_method=&#8221;off&#8221; remove_inner_shadow=&#8221;off&#8221; background_position=&#8221;top_left&#8221; hide_content_on_mobile=&#8221;off&#8221; hide_cta_on_mobile=&#8221;off&#8221; show_image_video_mobile=&#8221;off&#8221; custom_button=&#8221;off&#8221; button_letter_spacing=&#8221;0&#8243; button_icon_placement=&#8221;right&#8221; button_letter_spacing_hover=&#8221;0&#8243; disabled_on=&#8221;off|off|off&#8221; disabled=&#8221;off&#8221; _builder_version=&#8221;3.0.71&#8243;]<\/p>\n<p>[et_pb_slide heading=&#8221;Pavilh\u00f5es e equipamento &#8211; Gandaria&#8221; background_color=&#8221;#ffffff&#8221; use_background_color_gradient=&#8221;off&#8221; background_color_gradient_start=&#8221;#2b87da&#8221; background_color_gradient_end=&#8221;#29c4a9&#8243; background_color_gradient_type=&#8221;linear&#8221; background_color_gradient_direction=&#8221;180deg&#8221; background_color_gradient_direction_radial=&#8221;center&#8221; background_color_gradient_start_position=&#8221;0%&#8221; background_color_gradient_end_position=&#8221;100%&#8221; background_image=&#8221;https:\/\/gandariaspain.com\/wp-content\/uploads\/2016\/09\/GANDARIA_SLIDER-1.jpg&#8221; parallax=&#8221;off&#8221; parallax_method=&#8221;off&#8221; background_position=&#8221;top_left&#8221; background_size=&#8221;cover&#8221; background_repeat=&#8221;repeat&#8221; background_blend=&#8221;normal&#8221; allow_player_pause=&#8221;off&#8221; use_bg_overlay=&#8221;off&#8221; use_text_overlay=&#8221;off&#8221; text_border_radius=&#8221;3&#8243; alignment=&#8221;center&#8221; background_layout=&#8221;dark&#8221; header_font_select=&#8221;default&#8221; header_font=&#8221;||||&#8221; body_font_select=&#8221;default&#8221; body_font=&#8221;||||&#8221; custom_button=&#8221;off&#8221; button_font_select=&#8221;default&#8221; button_font=&#8221;||||&#8221; button_use_icon=&#8221;default&#8221; button_icon_placement=&#8221;right&#8221; button_on_hover=&#8221;on&#8221; \/]<\/p>\n<p>[\/et_pb_fullwidth_slider][\/et_pb_section][et_pb_section bb_built=&#8221;1&#8243; fullwidth=&#8221;off&#8221; specialty=&#8221;off&#8221;][et_pb_row background_position=&#8221;top_left&#8221; background_repeat=&#8221;repeat&#8221; background_size=&#8221;initial&#8221;][et_pb_column type=&#8221;1_2&#8243;][et_pb_text admin_label=&#8221;Livestock Services&#8221; _builder_version=&#8221;3.0.71&#8243; background_layout=&#8221;light&#8221; text_orientation=&#8221;left&#8221; border_style=&#8221;solid&#8221;]<\/p>\n<h2>Servi\u00e7os\u00a0Ganadeiros<\/h2>\n<p><strong>A divis\u00e3o GANDARIA \u00e9 especializada na fabrica\u00e7\u00e3o e comercializa\u00e7\u00e3o de produtos para todo o tipo de instala\u00e7\u00f5es ganadeiras<\/strong>: su\u00edno extensivo e intensivo, aves de carne e poedeiras, ovino, bovino, ganaderias alternativas\u2026 Da mesma forma concebemos e desenvolvemos as suas instala\u00e7\u00f5es, proporcionando um servi\u00e7o chave na m\u00e3o.<\/p>\n<p><strong>Nossa miss\u00e3o \u00e9 assessorar-dirigir o projeto do cliente proporcionando um bom servi\u00e7o p\u00f3s-venda<\/strong> para que obtenha um manejo eficiente e rent\u00e1vel de sua explora\u00e7\u00e3o pecu\u00e1ria.<\/p>\n<p>[\/et_pb_text][et_pb_image show_in_lightbox=&#8221;off&#8221; url_new_window=&#8221;off&#8221; use_overlay=&#8221;off&#8221; sticky=&#8221;off&#8221; align=&#8221;left&#8221; force_fullwidth=&#8221;off&#8221; always_center_on_mobile=&#8221;on&#8221; border_style=&#8221;solid&#8221; src=&#8221;https:\/\/gandariaspain.com\/wp-content\/uploads\/2016\/09\/GANDARIA_2-1.jpg&#8221; _builder_version=&#8221;3.0.50&#8243; \/][\/et_pb_column][et_pb_column type=&#8221;1_2&#8243;][et_pb_image show_in_lightbox=&#8221;off&#8221; url_new_window=&#8221;off&#8221; use_overlay=&#8221;off&#8221; sticky=&#8221;off&#8221; align=&#8221;left&#8221; force_fullwidth=&#8221;off&#8221; always_center_on_mobile=&#8221;on&#8221; border_style=&#8221;solid&#8221; src=&#8221;https:\/\/gandariaspain.com\/wp-content\/uploads\/2016\/09\/GANDARIA_1-1.jpg&#8221; _builder_version=&#8221;3.0.50&#8243; \/][et_pb_text admin_label=&#8221;NOur extensive experience allows us to offer all the material and equipment needed &#8221; _builder_version=&#8221;3.0.71&#8243; background_layout=&#8221;light&#8221; text_orientation=&#8221;left&#8221; border_style=&#8221;solid&#8221;]<\/p>\n<p>A nossa vasta experi\u00eancia permite-nos disponibilizar aos nossos clientes <strong>todo o material necess\u00e1rio<\/strong> para a cria\u00e7\u00e3o de su\u00ednos extensiva e intensiva (ciclo fechado); ref\u00fagios, camping, celas de maternidade constru\u00eddas em tubos de a\u00e7o galvanizado, solos com grelhas de polipropileno, dosadores, comedouros, boxes de gesta\u00e7\u00e3o, etc.<\/p>\n<p>No \u00e2mbito da avicultura<strong> desenvolvemos instala\u00e7\u00f5es completas<\/strong> com comedouros autom\u00e1ticos e ventila\u00e7\u00e3o para a engorda de frangos, e cria\u00e7\u00e3o em ambiente controlado.<\/p>\n<p>Disponibilizamos tamb\u00e9m <strong>tudo o que for necess\u00e1rio para a manuten\u00e7\u00e3o e melhoria das suas instala\u00e7\u00f5es<\/strong>: silos met\u00e1licos, design e montagem de pavilh\u00f5es, material para a manuten\u00e7\u00e3o e limpeza dos seus animais, etc.<\/p>\n<p>[\/et_pb_text][\/et_pb_column][\/et_pb_row][\/et_pb_section][et_pb_section bb_built=&#8221;1&#8243; fullwidth=&#8221;off&#8221; specialty=&#8221;off&#8221;][et_pb_row background_position=&#8221;top_left&#8221; background_repeat=&#8221;repeat&#8221; background_size=&#8221;initial&#8221;][et_pb_column type=&#8221;4_4&#8243;][et_pb_text admin_label=&#8221;Facilities Design&#8221; background_layout=&#8221;light&#8221; text_orientation=&#8221;left&#8221; border_style=&#8221;solid&#8221; background_position=&#8221;top_left&#8221; background_repeat=&#8221;repeat&#8221; background_size=&#8221;initial&#8221; _builder_version=&#8221;3.0.71&#8243;]<\/p>\n<h3>Design\u00a0de Pavilh\u00f5es<\/h3>\n<p>Planejamos e concebemos todo o <strong>tipo de instala\u00e7\u00f5es ganadeiras,<\/strong> proporcionando um servi\u00e7o integral chave na m\u00e3o. Para conhecer as suas necessidades de forma detalhada,<strong> a nossa equipe realiza um estudo personalizado<\/strong>.<\/p>\n<p>[\/et_pb_text][\/et_pb_column][\/et_pb_row][et_pb_row background_position=&#8221;top_left&#8221; background_repeat=&#8221;repeat&#8221; background_size=&#8221;initial&#8221;][et_pb_column type=&#8221;4_4&#8243;][et_pb_text admin_label=&#8221;Facilities Equipment&#8221; background_layout=&#8221;light&#8221; text_orientation=&#8221;left&#8221; border_style=&#8221;solid&#8221; background_position=&#8221;top_left&#8221; background_repeat=&#8221;repeat&#8221; background_size=&#8221;initial&#8221; _builder_version=&#8221;3.0.71&#8243;]<\/p>\n<h3>Equipamento\u00a0de Pavilh\u00f5es<\/h3>\n<ul>\n<li>Disponibilizamos-lhe <strong>todo o equipamento necess\u00e1rio para o interior dos seus pavilh\u00f5ees,<\/strong> implementando sistemas de controle ambiental, de temperatura e de ventila\u00e7\u00e3o, e fornecemos-lhe e instalamos todos os materiais necess\u00e1rios para a cria\u00e7\u00e3o e desenvolvimento dos seus animais.<\/li>\n<li>Fabricamos e <strong>instalamos pavilh\u00f5es de estrutura galvanizada,<\/strong> com cobertura de tipo sandu\u00edche e painel interior de PVC.<\/li>\n<li>Disponibilizamos tamb\u00e9m <strong>v\u00e1rios sistemas de anticorros\u00e3o<\/strong> e de fechamento, como a janela de tela em PVC, o alum\u00ednio ou o poli\u00e9ster.<\/li>\n<\/ul>\n<p>[\/et_pb_text][\/et_pb_column][\/et_pb_row][\/et_pb_section][et_pb_section bb_built=&#8221;1&#8243; fullwidth=&#8221;off&#8221; specialty=&#8221;off&#8221;][et_pb_row background_position=&#8221;top_left&#8221; background_repeat=&#8221;repeat&#8221; background_size=&#8221;initial&#8221;][et_pb_column type=&#8221;4_4&#8243;][et_pb_text admin_label=&#8221;Project Gallery&#8221; _builder_version=&#8221;3.0.71&#8243; background_layout=&#8221;light&#8221; text_orientation=&#8221;left&#8221; border_style=&#8221;solid&#8221;]<\/p>\n<h3>Galeria de Projetos<\/h3>\n<p>Mais de 40 anos a criar instala\u00e7\u00f5es ganadeiras. Visite a nossa  <a href=\"https:\/\/gandariaspain.com\/es\/proyectos\/naves\/\"> Galeria de Projetos de Silos e Instala\u00e7\u00f5es de Armazenamento <\/a> para mais informa\u00e7\u00f5es e refer\u00eancias.<\/p>\n<p>[\/et_pb_text][\/et_pb_column][\/et_pb_row][\/et_pb_section][et_pb_section bb_built=&#8221;1&#8243; fullwidth=&#8221;off&#8221; specialty=&#8221;off&#8221;][et_pb_row background_position=&#8221;top_left&#8221; background_repeat=&#8221;repeat&#8221; background_size=&#8221;initial&#8221;][et_pb_column type=&#8221;4_4&#8243;][et_pb_text admin_label=&#8221;Product List&#8221; _builder_version=&#8221;3.0.71&#8243; background_layout=&#8221;light&#8221; text_orientation=&#8221;left&#8221; border_style=&#8221;solid&#8221;]<\/p>\n<h3>Lista de Produtos<\/h3>\n<ul>\n<li><a href=\"https:\/\/gandariaspain.com\/es\/productos\/naves\/\">Pavilh\u00f5es ganadeiros<\/a><\/li>\n<li><a href=\"https:\/\/gandariaspain.com\/es\/productos\/equipamiento-ganadero\/\">Equipamentos pecu\u00e1rios<\/a><\/li>\n<\/ul>\n<p>[\/et_pb_text][\/et_pb_column][\/et_pb_row][\/et_pb_section]<\/p>\n<span class=\"et_bloom_bottom_trigger\"><\/span>","protected":false},"excerpt":{"rendered":"<p>Gandaria Spain Servi\u00e7os\u00a0Ganadeiros A divis\u00e3o GANDARIA \u00e9 especializada na fabrica\u00e7\u00e3o [&hellip;]<\/p>\n","protected":false},"author":1,"featured_media":0,"parent":34712,"menu_order":0,"comment_status":"closed","ping_status":"closed","template":"","meta":{"_et_pb_use_builder":"on","_et_pb_old_content":"","_et_gb_content_width":"","_mbp_gutenberg_autopost":false,"footnotes":""},"class_list":["post-34714","page","type-page","status-publish","hentry"],"yoast_head":"<!-- This site is optimized with the Yoast SEO plugin v27.5 - https:\/\/yoast.com\/product\/yoast-seo-wordpress\/ -->\n<title>Pavilh\u00f5es e equipamento - Gandaria - Gandaria - Silos Spain<\/title>\n<meta name=\"robots\" content=\"index, follow, max-snippet:-1, max-image-preview:large, max-video-preview:-1\" \/>\n<link rel=\"canonical\" href=\"https:\/\/gandariaspain.com\/pt-br\/setores\/pecuaria\/pavilhoes-e-equipamento-gandaria\/\" \/>\n<meta property=\"og:locale\" content=\"pt_BR\" \/>\n<meta property=\"og:type\" content=\"article\" \/>\n<meta property=\"og:title\" content=\"Pavilh\u00f5es e equipamento - Gandaria - Gandaria - Silos Spain\" \/>\n<meta property=\"og:description\" content=\"Gandaria Spain Servi\u00e7os\u00a0Ganadeiros A divis\u00e3o GANDARIA \u00e9 especializada na fabrica\u00e7\u00e3o [&hellip;]\" \/>\n<meta property=\"og:url\" content=\"https:\/\/gandariaspain.com\/pt-br\/setores\/pecuaria\/pavilhoes-e-equipamento-gandaria\/\" \/>\n<meta property=\"og:site_name\" content=\"Gandaria - Silos Spain\" \/>\n<meta property=\"article:modified_time\" content=\"2017-09-01T17:53:26+00:00\" \/>\n<meta name=\"twitter:card\" content=\"summary_large_image\" \/>\n<meta name=\"twitter:label1\" content=\"Est. tempo de leitura\" \/>\n\t<meta name=\"twitter:data1\" content=\"6 minutos\" \/>\n<script type=\"application\/ld+json\" class=\"yoast-schema-graph\">{\"@context\":\"https:\\\/\\\/schema.org\",\"@graph\":[{\"@type\":\"WebPage\",\"@id\":\"https:\\\/\\\/gandariaspain.com\\\/pt-br\\\/setores\\\/pecuaria\\\/pavilhoes-e-equipamento-gandaria\\\/\",\"url\":\"https:\\\/\\\/gandariaspain.com\\\/pt-br\\\/setores\\\/pecuaria\\\/pavilhoes-e-equipamento-gandaria\\\/\",\"name\":\"Pavilh\u00f5es e equipamento - Gandaria - Gandaria - Silos Spain\",\"isPartOf\":{\"@id\":\"https:\\\/\\\/gandariaspain.com\\\/pt-br\\\/#website\"},\"datePublished\":\"2017-08-15T17:10:53+00:00\",\"dateModified\":\"2017-09-01T17:53:26+00:00\",\"breadcrumb\":{\"@id\":\"https:\\\/\\\/gandariaspain.com\\\/pt-br\\\/setores\\\/pecuaria\\\/pavilhoes-e-equipamento-gandaria\\\/#breadcrumb\"},\"inLanguage\":\"pt-BR\",\"potentialAction\":[{\"@type\":\"ReadAction\",\"target\":[\"https:\\\/\\\/gandariaspain.com\\\/pt-br\\\/setores\\\/pecuaria\\\/pavilhoes-e-equipamento-gandaria\\\/\"]}]},{\"@type\":\"BreadcrumbList\",\"@id\":\"https:\\\/\\\/gandariaspain.com\\\/pt-br\\\/setores\\\/pecuaria\\\/pavilhoes-e-equipamento-gandaria\\\/#breadcrumb\",\"itemListElement\":[{\"@type\":\"ListItem\",\"position\":1,\"name\":\"Setores\",\"item\":\"https:\\\/\\\/gandariaspain.com\\\/pt-br\\\/setores\\\/\"},{\"@type\":\"ListItem\",\"position\":2,\"name\":\"Pecu\u00e1ria\",\"item\":\"https:\\\/\\\/gandariaspain.com\\\/pt-br\\\/setores\\\/pecuaria\\\/\"},{\"@type\":\"ListItem\",\"position\":3,\"name\":\"Pavilh\u00f5es e equipamento &#8211; Gandaria\"}]},{\"@type\":\"WebSite\",\"@id\":\"https:\\\/\\\/gandariaspain.com\\\/pt-br\\\/#website\",\"url\":\"https:\\\/\\\/gandariaspain.com\\\/pt-br\\\/\",\"name\":\"Gandaria - Silos Spain\",\"description\":\"Just another WordPress site\",\"potentialAction\":[{\"@type\":\"SearchAction\",\"target\":{\"@type\":\"EntryPoint\",\"urlTemplate\":\"https:\\\/\\\/gandariaspain.com\\\/pt-br\\\/?s={search_term_string}\"},\"query-input\":{\"@type\":\"PropertyValueSpecification\",\"valueRequired\":true,\"valueName\":\"search_term_string\"}}],\"inLanguage\":\"pt-BR\"}]}<\/script>\n<!-- \/ Yoast SEO plugin. -->","yoast_head_json":{"title":"Pavilh\u00f5es e equipamento - Gandaria - Gandaria - Silos Spain","robots":{"index":"index","follow":"follow","max-snippet":"max-snippet:-1","max-image-preview":"max-image-preview:large","max-video-preview":"max-video-preview:-1"},"canonical":"https:\/\/gandariaspain.com\/pt-br\/setores\/pecuaria\/pavilhoes-e-equipamento-gandaria\/","og_locale":"pt_BR","og_type":"article","og_title":"Pavilh\u00f5es e equipamento - Gandaria - Gandaria - Silos Spain","og_description":"Gandaria Spain Servi\u00e7os\u00a0Ganadeiros A divis\u00e3o GANDARIA \u00e9 especializada na fabrica\u00e7\u00e3o [&hellip;]","og_url":"https:\/\/gandariaspain.com\/pt-br\/setores\/pecuaria\/pavilhoes-e-equipamento-gandaria\/","og_site_name":"Gandaria - Silos Spain","article_modified_time":"2017-09-01T17:53:26+00:00","twitter_card":"summary_large_image","twitter_misc":{"Est. tempo de leitura":"6 minutos"},"schema":{"@context":"https:\/\/schema.org","@graph":[{"@type":"WebPage","@id":"https:\/\/gandariaspain.com\/pt-br\/setores\/pecuaria\/pavilhoes-e-equipamento-gandaria\/","url":"https:\/\/gandariaspain.com\/pt-br\/setores\/pecuaria\/pavilhoes-e-equipamento-gandaria\/","name":"Pavilh\u00f5es e equipamento - Gandaria - Gandaria - Silos Spain","isPartOf":{"@id":"https:\/\/gandariaspain.com\/pt-br\/#website"},"datePublished":"2017-08-15T17:10:53+00:00","dateModified":"2017-09-01T17:53:26+00:00","breadcrumb":{"@id":"https:\/\/gandariaspain.com\/pt-br\/setores\/pecuaria\/pavilhoes-e-equipamento-gandaria\/#breadcrumb"},"inLanguage":"pt-BR","potentialAction":[{"@type":"ReadAction","target":["https:\/\/gandariaspain.com\/pt-br\/setores\/pecuaria\/pavilhoes-e-equipamento-gandaria\/"]}]},{"@type":"BreadcrumbList","@id":"https:\/\/gandariaspain.com\/pt-br\/setores\/pecuaria\/pavilhoes-e-equipamento-gandaria\/#breadcrumb","itemListElement":[{"@type":"ListItem","position":1,"name":"Setores","item":"https:\/\/gandariaspain.com\/pt-br\/setores\/"},{"@type":"ListItem","position":2,"name":"Pecu\u00e1ria","item":"https:\/\/gandariaspain.com\/pt-br\/setores\/pecuaria\/"},{"@type":"ListItem","position":3,"name":"Pavilh\u00f5es e equipamento &#8211; Gandaria"}]},{"@type":"WebSite","@id":"https:\/\/gandariaspain.com\/pt-br\/#website","url":"https:\/\/gandariaspain.com\/pt-br\/","name":"Gandaria - Silos Spain","description":"Just another WordPress site","potentialAction":[{"@type":"SearchAction","target":{"@type":"EntryPoint","urlTemplate":"https:\/\/gandariaspain.com\/pt-br\/?s={search_term_string}"},"query-input":{"@type":"PropertyValueSpecification","valueRequired":true,"valueName":"search_term_string"}}],"inLanguage":"pt-BR"}]}},"_links":{"self":[{"href":"https:\/\/gandariaspain.com\/pt-br\/wp-json\/wp\/v2\/pages\/34714","targetHints":{"allow":["GET"]}}],"collection":[{"href":"https:\/\/gandariaspain.com\/pt-br\/wp-json\/wp\/v2\/pages"}],"about":[{"href":"https:\/\/gandariaspain.com\/pt-br\/wp-json\/wp\/v2\/types\/page"}],"author":[{"embeddable":true,"href":"https:\/\/gandariaspain.com\/pt-br\/wp-json\/wp\/v2\/users\/1"}],"replies":[{"embeddable":true,"href":"https:\/\/gandariaspain.com\/pt-br\/wp-json\/wp\/v2\/comments?post=34714"}],"version-history":[{"count":4,"href":"https:\/\/gandariaspain.com\/pt-br\/wp-json\/wp\/v2\/pages\/34714\/revisions"}],"predecessor-version":[{"id":40712,"href":"https:\/\/gandariaspain.com\/pt-br\/wp-json\/wp\/v2\/pages\/34714\/revisions\/40712"}],"up":[{"embeddable":true,"href":"https:\/\/gandariaspain.com\/pt-br\/wp-json\/wp\/v2\/pages\/34712"}],"wp:attachment":[{"href":"https:\/\/gandariaspain.com\/pt-br\/wp-json\/wp\/v2\/media?parent=34714"}],"curies":[{"name":"wp","href":"https:\/\/api.w.org\/{rel}","templated":true}]}}