{"id":34661,"date":"2017-08-15T19:05:46","date_gmt":"2017-08-15T17:05:46","guid":{"rendered":"https:\/\/gandariaspain.com\/?page_id=34661\/"},"modified":"2017-09-10T11:56:01","modified_gmt":"2017-09-10T09:56:01","slug":"projetos-chave-na-mao","status":"publish","type":"page","link":"https:\/\/gandariaspain.com\/pt-br\/produtos\/projetos-chave-na-mao\/","title":{"rendered":"Projetos chave na m\u00e3o"},"content":{"rendered":"<p>[et_pb_section bb_built=&#8221;1&#8243; admin_label=&#8221;section&#8221; transparent_background=&#8221;off&#8221; background_color=&#8221;#ffffff&#8221; allow_player_pause=&#8221;off&#8221; inner_shadow=&#8221;off&#8221; parallax=&#8221;off&#8221; parallax_method=&#8221;off&#8221; padding_mobile=&#8221;off&#8221; make_fullwidth=&#8221;off&#8221; use_custom_width=&#8221;off&#8221; width_unit=&#8221;on&#8221; make_equal=&#8221;off&#8221; use_custom_gutter=&#8221;off&#8221; module_class=&#8221;indentame&#8221; locked=&#8221;on&#8221;][et_pb_row admin_label=&#8221;row&#8221; parent_locked=&#8221;on&#8221; background_position=&#8221;top_left&#8221; background_repeat=&#8221;repeat&#8221; background_size=&#8221;initial&#8221;][et_pb_column type=&#8221;4_4&#8243;][et_pb_text admin_label=&#8221;No tocar. Cabecera de nivel 1. SEO&#8221; background_layout=&#8221;light&#8221; text_orientation=&#8221;left&#8221; use_border_color=&#8221;off&#8221; border_color=&#8221;#ffffff&#8221; border_style=&#8221;solid&#8221; parent_locked=&#8221;on&#8221; background_position=&#8221;top_left&#8221; background_repeat=&#8221;repeat&#8221; background_size=&#8221;initial&#8221;]<\/p>\n<h1>Gandaria Spain<\/h1>\n<p>[\/et_pb_text][\/et_pb_column][\/et_pb_row][\/et_pb_section][et_pb_section bb_built=&#8221;1&#8243; fullwidth=&#8221;on&#8221; specialty=&#8221;off&#8221; transparent_background=&#8221;off&#8221; background_color=&#8221;#ffffff&#8221; allow_player_pause=&#8221;off&#8221; inner_shadow=&#8221;off&#8221; parallax=&#8221;off&#8221; parallax_method=&#8221;off&#8221; padding_mobile=&#8221;off&#8221; make_fullwidth=&#8221;off&#8221; use_custom_width=&#8221;off&#8221; width_unit=&#8221;on&#8221; make_equal=&#8221;off&#8221; use_custom_gutter=&#8221;off&#8221; module_class=&#8221;slide-flota-izquierda&#8221;][et_pb_fullwidth_slider admin_label=&#8221;Proyectos llave en mano&#8221; show_arrows=&#8221;on&#8221; show_pagination=&#8221;on&#8221; auto=&#8221;off&#8221; auto_ignore_hover=&#8221;off&#8221; parallax=&#8221;off&#8221; parallax_method=&#8221;off&#8221; remove_inner_shadow=&#8221;off&#8221; background_position=&#8221;top_left&#8221; hide_content_on_mobile=&#8221;off&#8221; hide_cta_on_mobile=&#8221;off&#8221; show_image_video_mobile=&#8221;off&#8221; custom_button=&#8221;off&#8221; button_letter_spacing=&#8221;0&#8243; button_icon_placement=&#8221;right&#8221; button_letter_spacing_hover=&#8221;0&#8243; disabled_on=&#8221;off|off|off&#8221; disabled=&#8221;off&#8221; _builder_version=&#8221;3.0.71&#8243;] [et_pb_slide heading=&#8221;Projetos chave na m\u00e3o&#8221; background_image=&#8221;https:\/\/gandariaspain.com\/wp-content\/uploads\/2016\/09\/Proyectos-llave-en-mano_SLIDER.jpg&#8221; background_position=&#8221;top_left&#8221; background_size=&#8221;cover&#8221; background_color=&#8221;#ffffff&#8221; use_bg_overlay=&#8221;off&#8221; use_text_overlay=&#8221;off&#8221; alignment=&#8221;center&#8221; background_layout=&#8221;dark&#8221; allow_player_pause=&#8221;off&#8221; text_border_radius=&#8221;3&#8243; header_font_select=&#8221;default&#8221; header_font=&#8221;||||&#8221; body_font_select=&#8221;default&#8221; body_font=&#8221;||||&#8221; custom_button=&#8221;off&#8221; button_font_select=&#8221;default&#8221; button_font=&#8221;||||&#8221; button_use_icon=&#8221;default&#8221; button_icon_placement=&#8221;right&#8221; button_on_hover=&#8221;on&#8221; admin_title=&#8221;Proyectos llave en mano&#8221; use_background_color_gradient=&#8221;off&#8221; background_color_gradient_start=&#8221;#2b87da&#8221; background_color_gradient_end=&#8221;#29c4a9&#8243; background_color_gradient_type=&#8221;linear&#8221; background_color_gradient_direction=&#8221;180deg&#8221; background_color_gradient_direction_radial=&#8221;center&#8221; background_color_gradient_start_position=&#8221;0%&#8221; background_color_gradient_end_position=&#8221;100%&#8221; parallax=&#8221;off&#8221; parallax_method=&#8221;off&#8221; background_repeat=&#8221;no-repeat&#8221; background_blend=&#8221;normal&#8221; button_text=&#8221;Pe\u00e7a or\u00e7amento&#8221; button_link=&#8221;https:\/\/gandariaspain.com\/pt-br\/peca-orcamento\/&#8221; \/] [\/et_pb_fullwidth_slider][\/et_pb_section][et_pb_section bb_built=&#8221;1&#8243; fullwidth=&#8221;off&#8221; specialty=&#8221;off&#8221;][et_pb_row background_position=&#8221;top_left&#8221; background_repeat=&#8221;repeat&#8221; background_size=&#8221;initial&#8221;][et_pb_column type=&#8221;2_3&#8243;][et_pb_text admin_label=&#8221;Soluciones integrales para el almacenamiento, transporte y acondicionamiento del grano.&#8221; _builder_version=&#8221;3.0.72&#8243; background_layout=&#8221;light&#8221; text_orientation=&#8221;left&#8221; border_style=&#8221;solid&#8221;]<\/p>\n<h2>Solu\u00e7\u00f5es integrais para o armazenamento, transporte e acondicionamento do gr\u00e3o<\/h2>\n<p><strong>A principal atividade da nossa empresa centra-se no setor p\u00f3s-colheita,<\/strong> para o qual faculta solu\u00e7\u00f5es completas, tanto para armazenamento a granel de cereais como para alimenta\u00e7\u00e3o animal.<\/p>\n<p>Com os anos, a Gandaria tem vindo a melhorar a sua posi\u00e7\u00e3o no mercado mundial devido \u00e0 nossa capacidade para responder \u00e0s necessidades do mercado. <strong>Gra\u00e7as a mais de 40 anos de experi\u00eancia no mercado<\/strong>, em mais de 45 pa\u00edses, somos capazes de disponibilizar solu\u00e7\u00f5es de armazenamento completas.<\/p>\n<p>A nossa equipe n\u00e3o se centra apenas na nossa pr\u00f3pria tecnologia, mas sim tamb\u00e9m nos importantes processos para manter a qualidade dos gr\u00e3os.<strong> Da\u00ed que se preste especial aten\u00e7\u00e3o \u00e0 qualidade do gr\u00e3o atrav\u00e9s de processos como a limpeza, a secagem e os sistemas integrais de controle<\/strong>. Isto, juntamente com a nossa estrat\u00e9gia de disponibilizar produtos de alta qualidade, fez com que tiv\u00e9ssemos de garantir um longo per\u00edodo de armazenamento, sem danos para os gr\u00e3os.<\/p>\n<p>[\/et_pb_text][\/et_pb_column][et_pb_column type=&#8221;1_3&#8243;][et_pb_image show_in_lightbox=&#8221;off&#8221; url_new_window=&#8221;off&#8221; use_overlay=&#8221;off&#8221; sticky=&#8221;off&#8221; align=&#8221;left&#8221; force_fullwidth=&#8221;off&#8221; always_center_on_mobile=&#8221;on&#8221; border_style=&#8221;solid&#8221; src=&#8221;https:\/\/gandariaspain.com\/wp-content\/uploads\/2016\/09\/Proyectos-llave-en-mano_SNA-1.jpg&#8221; _builder_version=&#8221;3.0.51&#8243; animation_style=&#8221;slide&#8221; animation_duration=&#8221;500ms&#8221; animation_intensity_slide=&#8221;10%&#8221; animation_direction=&#8221;left&#8221; \/][\/et_pb_column][\/et_pb_row][\/et_pb_section][et_pb_section bb_built=&#8221;1&#8243; fullwidth=&#8221;off&#8221; specialty=&#8221;off&#8221;][et_pb_row background_position=&#8221;top_left&#8221; background_repeat=&#8221;repeat&#8221; background_size=&#8221;initial&#8221;][et_pb_column type=&#8221;4_4&#8243;][et_pb_text admin_label=&#8221;Ofrecemos servicios de ingenier\u00eda llave en mano &#8221; background_layout=&#8221;light&#8221; text_orientation=&#8221;left&#8221; border_style=&#8221;solid&#8221; background_position=&#8221;top_left&#8221; background_repeat=&#8221;repeat&#8221; background_size=&#8221;initial&#8221; _builder_version=&#8221;3.0.71&#8243;]<\/p>\n<blockquote>\n<p style=\"padding-left: 30px;\">Disponibiliza servi\u00e7os de engenharia chave na m\u00e3o, com o objetivo de manter e controlar a qualidade do produto durante o armazenamento e transporte, e proporcionar comodidade, seguran\u00e7a, efic\u00e1cia e rentabilidade na gest\u00e3o das suas instala\u00e7\u00f5es.<\/p>\n<\/blockquote>\n<p>[\/et_pb_text][\/et_pb_column][\/et_pb_row][\/et_pb_section][et_pb_section bb_built=&#8221;1&#8243; fullwidth=&#8221;off&#8221; specialty=&#8221;off&#8221;][et_pb_row background_position=&#8221;top_left&#8221; background_repeat=&#8221;repeat&#8221; background_size=&#8221;initial&#8221;][et_pb_column type=&#8221;4_4&#8243;][et_pb_text admin_label=&#8221;Nuestros servicios incluyen&#8221; background_layout=&#8221;light&#8221; text_orientation=&#8221;left&#8221; border_style=&#8221;solid&#8221; background_position=&#8221;top_left&#8221; background_repeat=&#8221;repeat&#8221; background_size=&#8221;initial&#8221; _builder_version=&#8221;3.0.71&#8243;]<\/p>\n<h3>Os nossos servi\u00e7os incluem<\/h3>\n<p>Silos de armazenamento, transporte de cereais (vertical e horizontal), secagem e acondicionamento de cereais, controle de temperatura e ventila\u00e7\u00e3o, automatiza\u00e7\u00e3o com software de gest\u00e3o e f\u00e1bricas de alimento para animais (alimento balanceado).<\/p>\n<p>[\/et_pb_text][\/et_pb_column][\/et_pb_row][\/et_pb_section]<\/p>\n<span class=\"et_bloom_bottom_trigger\"><\/span>","protected":false},"excerpt":{"rendered":"<p>Gandaria Spain Solu\u00e7\u00f5es integrais para o armazenamento, transporte e acondicionamento [&hellip;]<\/p>\n","protected":false},"author":1,"featured_media":0,"parent":34438,"menu_order":0,"comment_status":"closed","ping_status":"closed","template":"","meta":{"_et_pb_use_builder":"on","_et_pb_old_content":"","_et_gb_content_width":"","_mbp_gutenberg_autopost":false,"footnotes":""},"class_list":["post-34661","page","type-page","status-publish","hentry"],"yoast_head":"<!-- This site is optimized with the Yoast SEO plugin v27.5 - https:\/\/yoast.com\/product\/yoast-seo-wordpress\/ -->\n<title>Projetos chave na m\u00e3o - Gandaria - Silos Spain<\/title>\n<meta name=\"robots\" content=\"index, follow, max-snippet:-1, max-image-preview:large, max-video-preview:-1\" \/>\n<link rel=\"canonical\" href=\"https:\/\/gandariaspain.com\/pt-br\/produtos\/projetos-chave-na-mao\/\" \/>\n<meta property=\"og:locale\" content=\"pt_BR\" \/>\n<meta property=\"og:type\" content=\"article\" \/>\n<meta property=\"og:title\" content=\"Projetos chave na m\u00e3o - Gandaria - Silos Spain\" \/>\n<meta property=\"og:description\" content=\"Gandaria Spain Solu\u00e7\u00f5es integrais para o armazenamento, transporte e acondicionamento [&hellip;]\" \/>\n<meta property=\"og:url\" content=\"https:\/\/gandariaspain.com\/pt-br\/produtos\/projetos-chave-na-mao\/\" \/>\n<meta property=\"og:site_name\" content=\"Gandaria - Silos Spain\" \/>\n<meta property=\"article:modified_time\" content=\"2017-09-10T09:56:01+00:00\" \/>\n<meta name=\"twitter:card\" content=\"summary_large_image\" \/>\n<meta name=\"twitter:label1\" content=\"Est. tempo de leitura\" \/>\n\t<meta name=\"twitter:data1\" content=\"5 minutos\" \/>\n<script type=\"application\/ld+json\" class=\"yoast-schema-graph\">{\"@context\":\"https:\\\/\\\/schema.org\",\"@graph\":[{\"@type\":\"WebPage\",\"@id\":\"https:\\\/\\\/gandariaspain.com\\\/pt-br\\\/produtos\\\/projetos-chave-na-mao\\\/\",\"url\":\"https:\\\/\\\/gandariaspain.com\\\/pt-br\\\/produtos\\\/projetos-chave-na-mao\\\/\",\"name\":\"Projetos chave na m\u00e3o - Gandaria - Silos Spain\",\"isPartOf\":{\"@id\":\"https:\\\/\\\/gandariaspain.com\\\/pt-br\\\/#website\"},\"datePublished\":\"2017-08-15T17:05:46+00:00\",\"dateModified\":\"2017-09-10T09:56:01+00:00\",\"breadcrumb\":{\"@id\":\"https:\\\/\\\/gandariaspain.com\\\/pt-br\\\/produtos\\\/projetos-chave-na-mao\\\/#breadcrumb\"},\"inLanguage\":\"pt-BR\",\"potentialAction\":[{\"@type\":\"ReadAction\",\"target\":[\"https:\\\/\\\/gandariaspain.com\\\/pt-br\\\/produtos\\\/projetos-chave-na-mao\\\/\"]}]},{\"@type\":\"BreadcrumbList\",\"@id\":\"https:\\\/\\\/gandariaspain.com\\\/pt-br\\\/produtos\\\/projetos-chave-na-mao\\\/#breadcrumb\",\"itemListElement\":[{\"@type\":\"ListItem\",\"position\":1,\"name\":\"Produtos\",\"item\":\"https:\\\/\\\/gandariaspain.com\\\/pt-br\\\/produtos\\\/\"},{\"@type\":\"ListItem\",\"position\":2,\"name\":\"Projetos chave na m\u00e3o\"}]},{\"@type\":\"WebSite\",\"@id\":\"https:\\\/\\\/gandariaspain.com\\\/pt-br\\\/#website\",\"url\":\"https:\\\/\\\/gandariaspain.com\\\/pt-br\\\/\",\"name\":\"Gandaria - Silos Spain\",\"description\":\"Just another WordPress site\",\"potentialAction\":[{\"@type\":\"SearchAction\",\"target\":{\"@type\":\"EntryPoint\",\"urlTemplate\":\"https:\\\/\\\/gandariaspain.com\\\/pt-br\\\/?s={search_term_string}\"},\"query-input\":{\"@type\":\"PropertyValueSpecification\",\"valueRequired\":true,\"valueName\":\"search_term_string\"}}],\"inLanguage\":\"pt-BR\"}]}<\/script>\n<!-- \/ Yoast SEO plugin. -->","yoast_head_json":{"title":"Projetos chave na m\u00e3o - Gandaria - Silos Spain","robots":{"index":"index","follow":"follow","max-snippet":"max-snippet:-1","max-image-preview":"max-image-preview:large","max-video-preview":"max-video-preview:-1"},"canonical":"https:\/\/gandariaspain.com\/pt-br\/produtos\/projetos-chave-na-mao\/","og_locale":"pt_BR","og_type":"article","og_title":"Projetos chave na m\u00e3o - Gandaria - Silos Spain","og_description":"Gandaria Spain Solu\u00e7\u00f5es integrais para o armazenamento, transporte e acondicionamento [&hellip;]","og_url":"https:\/\/gandariaspain.com\/pt-br\/produtos\/projetos-chave-na-mao\/","og_site_name":"Gandaria - Silos Spain","article_modified_time":"2017-09-10T09:56:01+00:00","twitter_card":"summary_large_image","twitter_misc":{"Est. tempo de leitura":"5 minutos"},"schema":{"@context":"https:\/\/schema.org","@graph":[{"@type":"WebPage","@id":"https:\/\/gandariaspain.com\/pt-br\/produtos\/projetos-chave-na-mao\/","url":"https:\/\/gandariaspain.com\/pt-br\/produtos\/projetos-chave-na-mao\/","name":"Projetos chave na m\u00e3o - Gandaria - Silos Spain","isPartOf":{"@id":"https:\/\/gandariaspain.com\/pt-br\/#website"},"datePublished":"2017-08-15T17:05:46+00:00","dateModified":"2017-09-10T09:56:01+00:00","breadcrumb":{"@id":"https:\/\/gandariaspain.com\/pt-br\/produtos\/projetos-chave-na-mao\/#breadcrumb"},"inLanguage":"pt-BR","potentialAction":[{"@type":"ReadAction","target":["https:\/\/gandariaspain.com\/pt-br\/produtos\/projetos-chave-na-mao\/"]}]},{"@type":"BreadcrumbList","@id":"https:\/\/gandariaspain.com\/pt-br\/produtos\/projetos-chave-na-mao\/#breadcrumb","itemListElement":[{"@type":"ListItem","position":1,"name":"Produtos","item":"https:\/\/gandariaspain.com\/pt-br\/produtos\/"},{"@type":"ListItem","position":2,"name":"Projetos chave na m\u00e3o"}]},{"@type":"WebSite","@id":"https:\/\/gandariaspain.com\/pt-br\/#website","url":"https:\/\/gandariaspain.com\/pt-br\/","name":"Gandaria - Silos Spain","description":"Just another WordPress site","potentialAction":[{"@type":"SearchAction","target":{"@type":"EntryPoint","urlTemplate":"https:\/\/gandariaspain.com\/pt-br\/?s={search_term_string}"},"query-input":{"@type":"PropertyValueSpecification","valueRequired":true,"valueName":"search_term_string"}}],"inLanguage":"pt-BR"}]}},"_links":{"self":[{"href":"https:\/\/gandariaspain.com\/pt-br\/wp-json\/wp\/v2\/pages\/34661","targetHints":{"allow":["GET"]}}],"collection":[{"href":"https:\/\/gandariaspain.com\/pt-br\/wp-json\/wp\/v2\/pages"}],"about":[{"href":"https:\/\/gandariaspain.com\/pt-br\/wp-json\/wp\/v2\/types\/page"}],"author":[{"embeddable":true,"href":"https:\/\/gandariaspain.com\/pt-br\/wp-json\/wp\/v2\/users\/1"}],"replies":[{"embeddable":true,"href":"https:\/\/gandariaspain.com\/pt-br\/wp-json\/wp\/v2\/comments?post=34661"}],"version-history":[{"count":5,"href":"https:\/\/gandariaspain.com\/pt-br\/wp-json\/wp\/v2\/pages\/34661\/revisions"}],"predecessor-version":[{"id":41226,"href":"https:\/\/gandariaspain.com\/pt-br\/wp-json\/wp\/v2\/pages\/34661\/revisions\/41226"}],"up":[{"embeddable":true,"href":"https:\/\/gandariaspain.com\/pt-br\/wp-json\/wp\/v2\/pages\/34438"}],"wp:attachment":[{"href":"https:\/\/gandariaspain.com\/pt-br\/wp-json\/wp\/v2\/media?parent=34661"}],"curies":[{"name":"wp","href":"https:\/\/api.w.org\/{rel}","templated":true}]}}