{"id":34645,"date":"2017-08-15T19:02:37","date_gmt":"2017-08-15T17:02:37","guid":{"rendered":"https:\/\/gandariaspain.com\/?page_id=34645\/"},"modified":"2017-09-02T19:46:00","modified_gmt":"2017-09-02T17:46:00","slug":"climatizacao","status":"publish","type":"page","link":"https:\/\/gandariaspain.com\/pt-br\/produtos\/equipamento-pecuario\/climatizacao\/","title":{"rendered":"Climatiza\u00e7\u00e3o"},"content":{"rendered":"<p>[et_pb_section bb_built=&#8221;1&#8243; admin_label=&#8221;section&#8221; transparent_background=&#8221;off&#8221; background_color=&#8221;#ffffff&#8221; allow_player_pause=&#8221;off&#8221; inner_shadow=&#8221;off&#8221; parallax=&#8221;off&#8221; parallax_method=&#8221;off&#8221; padding_mobile=&#8221;off&#8221; make_fullwidth=&#8221;off&#8221; use_custom_width=&#8221;off&#8221; width_unit=&#8221;on&#8221; make_equal=&#8221;off&#8221; use_custom_gutter=&#8221;off&#8221; module_class=&#8221;indentame&#8221; locked=&#8221;on&#8221;][et_pb_row admin_label=&#8221;row&#8221; parent_locked=&#8221;on&#8221; background_position=&#8221;top_left&#8221; background_repeat=&#8221;repeat&#8221; background_size=&#8221;initial&#8221;][et_pb_column type=&#8221;4_4&#8243;][et_pb_text admin_label=&#8221;No tocar. Cabecera de nivel 1. SEO&#8221; background_layout=&#8221;light&#8221; text_orientation=&#8221;left&#8221; use_border_color=&#8221;off&#8221; border_color=&#8221;#ffffff&#8221; border_style=&#8221;solid&#8221; parent_locked=&#8221;on&#8221; background_position=&#8221;top_left&#8221; background_repeat=&#8221;repeat&#8221; background_size=&#8221;initial&#8221;]<\/p>\n<h1>Gandaria Spain<\/h1>\n<p>[\/et_pb_text][\/et_pb_column][\/et_pb_row][\/et_pb_section][et_pb_section bb_built=&#8221;1&#8243; fullwidth=&#8221;on&#8221; specialty=&#8221;off&#8221; transparent_background=&#8221;off&#8221; background_color=&#8221;#ffffff&#8221; allow_player_pause=&#8221;off&#8221; inner_shadow=&#8221;off&#8221; parallax=&#8221;off&#8221; parallax_method=&#8221;off&#8221; padding_mobile=&#8221;off&#8221; make_fullwidth=&#8221;off&#8221; use_custom_width=&#8221;off&#8221; width_unit=&#8221;on&#8221; make_equal=&#8221;off&#8221; use_custom_gutter=&#8221;off&#8221; module_class=&#8221;slide-flota-izquierda&#8221;][et_pb_fullwidth_slider admin_label=&#8221;Cabecera principal + CTA&#8221; show_arrows=&#8221;on&#8221; show_pagination=&#8221;on&#8221; auto=&#8221;off&#8221; auto_ignore_hover=&#8221;off&#8221; parallax=&#8221;off&#8221; parallax_method=&#8221;off&#8221; remove_inner_shadow=&#8221;off&#8221; background_position=&#8221;top_left&#8221; hide_content_on_mobile=&#8221;off&#8221; hide_cta_on_mobile=&#8221;off&#8221; show_image_video_mobile=&#8221;off&#8221; custom_button=&#8221;off&#8221; button_letter_spacing=&#8221;0&#8243; button_icon_placement=&#8221;right&#8221; button_letter_spacing_hover=&#8221;0&#8243; disabled_on=&#8221;off|off|off&#8221; disabled=&#8221;off&#8221; _builder_version=&#8221;3.0.71&#8243;]<\/p>\n<p>[et_pb_slide heading=&#8221;Climatiza\u00e7\u00e3o &#8221; background_image=&#8221;https:\/\/gandariaspain.com\/wp-content\/uploads\/2016\/09\/Climatizacion_SLIDER.jpg&#8221; background_position=&#8221;top_left&#8221; background_size=&#8221;cover&#8221; background_color=&#8221;#ffffff&#8221; use_bg_overlay=&#8221;off&#8221; use_text_overlay=&#8221;off&#8221; alignment=&#8221;center&#8221; background_layout=&#8221;dark&#8221; allow_player_pause=&#8221;off&#8221; text_border_radius=&#8221;3&#8243; header_font_select=&#8221;default&#8221; header_font=&#8221;||||&#8221; body_font_select=&#8221;default&#8221; body_font=&#8221;||||&#8221; custom_button=&#8221;off&#8221; button_font_select=&#8221;default&#8221; button_font=&#8221;||||&#8221; button_use_icon=&#8221;default&#8221; button_icon_placement=&#8221;right&#8221; button_on_hover=&#8221;on&#8221; admin_title=&#8221;Climatizaci\u00f3n &#8221; use_background_color_gradient=&#8221;off&#8221; background_color_gradient_start=&#8221;#2b87da&#8221; background_color_gradient_end=&#8221;#29c4a9&#8243; background_color_gradient_type=&#8221;linear&#8221; background_color_gradient_direction=&#8221;180deg&#8221; background_color_gradient_direction_radial=&#8221;center&#8221; background_color_gradient_start_position=&#8221;0%&#8221; background_color_gradient_end_position=&#8221;100%&#8221; parallax=&#8221;off&#8221; parallax_method=&#8221;off&#8221; background_repeat=&#8221;no-repeat&#8221; background_blend=&#8221;normal&#8221; \/]<\/p>\n<p>[\/et_pb_fullwidth_slider][\/et_pb_section][et_pb_section bb_built=&#8221;1&#8243; fullwidth=&#8221;off&#8221; specialty=&#8221;off&#8221;][et_pb_row disabled_on=&#8221;off|off|off&#8221; disabled=&#8221;off&#8221; background_position=&#8221;top_left&#8221; background_repeat=&#8221;repeat&#8221; background_size=&#8221;initial&#8221;][et_pb_column type=&#8221;1_2&#8243;][et_pb_text background_layout=&#8221;light&#8221; text_orientation=&#8221;left&#8221; border_style=&#8221;solid&#8221; background_position=&#8221;top_left&#8221; background_repeat=&#8221;repeat&#8221; background_size=&#8221;initial&#8221; _builder_version=&#8221;3.0.71&#8243;]<\/p>\n<h3>O controle das condi\u00e7\u00f5es ambientais no interior dos pavilh\u00f5es pecu\u00e1rios ou agr\u00edcolas \u00e9 chave para uma produ\u00e7\u00e3o exitosa.<\/h3>\n<blockquote><p>Um ambiente de conforto logra-se conhecendo e dominando o que conhecemos como meio ambiente do recinto e este conceito engloba fatores como a temperatura, umidade, pureza do ar, concentra\u00e7\u00e3o de gases, etc.<\/p><\/blockquote>\n<p>[\/et_pb_text][\/et_pb_column][et_pb_column type=&#8221;1_2&#8243;][et_pb_image src=&#8221;https:\/\/gandariaspain.com\/wp-content\/uploads\/2016\/09\/CLIMATIZACION_1.jpg&#8221; show_in_lightbox=&#8221;off&#8221; url_new_window=&#8221;off&#8221; use_overlay=&#8221;off&#8221; sticky=&#8221;off&#8221; align=&#8221;left&#8221; force_fullwidth=&#8221;off&#8221; always_center_on_mobile=&#8221;on&#8221; border_style=&#8221;solid&#8221; _builder_version=&#8221;3.0.51&#8243; \/][\/et_pb_column][\/et_pb_row][\/et_pb_section][et_pb_section bb_built=&#8221;1&#8243; admin_label=&#8221;Principales caracter\u00edsticas&#8221; fullwidth=&#8221;off&#8221; specialty=&#8221;off&#8221; transparent_background=&#8221;on&#8221; background_color=&#8221;#3a4149&#8243; allow_player_pause=&#8221;off&#8221; inner_shadow=&#8221;off&#8221; parallax=&#8221;off&#8221; parallax_method=&#8221;off&#8221; padding_mobile=&#8221;off&#8221; make_fullwidth=&#8221;off&#8221; use_custom_width=&#8221;off&#8221; width_unit=&#8221;on&#8221; make_equal=&#8221;off&#8221; use_custom_gutter=&#8221;off&#8221; module_class=&#8221;fondo_seccion_gris_degradado &#8220;][et_pb_row background_position=&#8221;top_left&#8221; background_repeat=&#8221;repeat&#8221; background_size=&#8221;initial&#8221;][et_pb_column type=&#8221;4_4&#8243;][et_pb_text admin_label=&#8221;Ofrecemos todo el equipamiento&#8221; background_layout=&#8221;light&#8221; text_orientation=&#8221;left&#8221; border_style=&#8221;solid&#8221; background_position=&#8221;top_left&#8221; background_repeat=&#8221;repeat&#8221; background_size=&#8221;initial&#8221; _builder_version=&#8221;3.0.71&#8243;]<\/p>\n<h4>Oferecemos todo o equipamento necess\u00e1rio para conseguir as condi\u00e7\u00f5es \u00f3timas no interior do pavilh\u00e3o ou do invernadeiro:<\/h4>\n<p>[\/et_pb_text][\/et_pb_column][\/et_pb_row][et_pb_row make_fullwidth=&#8221;on&#8221; use_custom_width=&#8221;off&#8221; width_unit=&#8221;on&#8221; use_custom_gutter=&#8221;off&#8221; padding_mobile=&#8221;off&#8221; allow_player_pause=&#8221;off&#8221; parallax=&#8221;off&#8221; parallax_method=&#8221;off&#8221; make_equal=&#8221;off&#8221; parallax_1=&#8221;off&#8221; parallax_method_1=&#8221;off&#8221; parallax_2=&#8221;off&#8221; parallax_method_2=&#8221;off&#8221; column_padding_mobile=&#8221;on&#8221; background_position=&#8221;top_left&#8221; background_repeat=&#8221;repeat&#8221; background_size=&#8221;initial&#8221;][et_pb_column type=&#8221;1_2&#8243;][et_pb_blurb admin_label=&#8221;\u201cVentigran\u201d Ventilation-Extraction Equipment&#8221; url_new_window=&#8221;off&#8221; use_icon=&#8221;off&#8221; font_icon=&#8221;3&#8243; icon_color=&#8221;#ffffff&#8221; use_circle=&#8221;on&#8221; circle_color=&#8221;#417764&#8243; use_circle_border=&#8221;on&#8221; circle_border_color=&#8221;#417764&#8243; icon_placement=&#8221;left&#8221; animation=&#8221;off&#8221; background_layout=&#8221;dark&#8221; use_icon_font_size=&#8221;on&#8221; border_style=&#8221;solid&#8221; icon_font_size=&#8221;21px&#8221; background_position=&#8221;top_left&#8221; background_repeat=&#8221;repeat&#8221; background_size=&#8221;initial&#8221; _builder_version=&#8221;3.0.71&#8243;]<\/p>\n<h5>Equipamentos de Ventila\u00e7\u00e3o-Extra\u00e7\u00e3o Ventigran<\/h5>\n<ul>\n<li>Ventiladores helicoidais murais: \u00a0Ventiladores de pequeno e mediano caudal, de grande caudal (com persiana incorporada, malha malha).<\/li>\n<li>Ventiladores helicoidais de recircula\u00e7\u00e3o.<\/li>\n<\/ul>\n<p>[\/et_pb_blurb][et_pb_blurb admin_label=&#8221;\u201cWind\u201d Heating&#8221; url_new_window=&#8221;off&#8221; use_icon=&#8221;off&#8221; font_icon=&#8221;3&#8243; icon_color=&#8221;#ffffff&#8221; use_circle=&#8221;on&#8221; circle_color=&#8221;#417764&#8243; use_circle_border=&#8221;on&#8221; circle_border_color=&#8221;#417764&#8243; icon_placement=&#8221;left&#8221; animation=&#8221;off&#8221; background_layout=&#8221;dark&#8221; use_icon_font_size=&#8221;on&#8221; border_style=&#8221;solid&#8221; icon_font_size=&#8221;21px&#8221; background_position=&#8221;top_left&#8221; background_repeat=&#8221;repeat&#8221; background_size=&#8221;initial&#8221; _builder_version=&#8221;3.0.71&#8243;]<\/p>\n<h5>Calefa\u00e7\u00e3o Wind\u00a0\u00a0\u00a0 <b>\u00a0\u00a0\u00a0 <\/b><b>\u00a0\u00a0\u00a0 <\/b><b>\u00a0\u00a0\u00a0 <\/b><b>\u00a0\u00a0\u00a0 <\/b><b>\u00a0\u00a0\u00a0 <\/b><\/h5>\n<ol>\n<li style=\"list-style-type: none;\">\n<ul>\n<li>Radiadores Infravermelhos de diesel<\/li>\n<li>Geradores de ar quente de g\u00e1s<\/li>\n<li>Geradores de are quente de diesel<\/li>\n<\/ul>\n<\/li>\n<\/ol>\n<p>[\/et_pb_blurb][\/et_pb_column][et_pb_column type=&#8221;1_2&#8243;][et_pb_blurb admin_label=&#8221;Cooling&#8221; url_new_window=&#8221;off&#8221; use_icon=&#8221;off&#8221; font_icon=&#8221;3&#8243; icon_color=&#8221;#ffffff&#8221; use_circle=&#8221;on&#8221; circle_color=&#8221;#417764&#8243; use_circle_border=&#8221;on&#8221; circle_border_color=&#8221;#417764&#8243; icon_placement=&#8221;left&#8221; animation=&#8221;off&#8221; background_layout=&#8221;dark&#8221; use_icon_font_size=&#8221;on&#8221; border_style=&#8221;solid&#8221; icon_font_size=&#8221;21px&#8221; background_position=&#8221;top_left&#8221; background_repeat=&#8221;repeat&#8221; background_size=&#8221;initial&#8221; _builder_version=&#8221;3.0.71&#8243;]<\/p>\n<h5>Refrigera\u00e7\u00e3o<\/h5>\n<p>Pain\u00e9is evaporativos Gerpad<\/p>\n<ul>\n<li>Pain\u00e9is de celulose<\/li>\n<li>Pain\u00e9is de biruta tratada<\/li>\n<\/ul>\n<p>Refrigera\u00e7\u00e3o modular Humer<\/p>\n<ul>\n<li>M\u00f3dulos de refrigera\u00e7\u00e3o compactos<\/li>\n<li>Casetas de umidifica\u00e7\u00e3o<\/li>\n<\/ul>\n<p>[\/et_pb_blurb][et_pb_blurb admin_label=&#8221;Climate control management&#8221; url_new_window=&#8221;off&#8221; use_icon=&#8221;off&#8221; font_icon=&#8221;3&#8243; icon_color=&#8221;#ffffff&#8221; use_circle=&#8221;on&#8221; circle_color=&#8221;#417764&#8243; use_circle_border=&#8221;on&#8221; circle_border_color=&#8221;#417764&#8243; icon_placement=&#8221;left&#8221; animation=&#8221;off&#8221; background_layout=&#8221;dark&#8221; use_icon_font_size=&#8221;on&#8221; border_style=&#8221;solid&#8221; icon_font_size=&#8221;21px&#8221; background_position=&#8221;top_left&#8221; background_repeat=&#8221;repeat&#8221; background_size=&#8221;initial&#8221; _builder_version=&#8221;3.0.71&#8243;]<\/p>\n<h5>Controle clim\u00e1tico<b> <\/b><\/h5>\n<p>[\/et_pb_blurb][\/et_pb_column][\/et_pb_row][\/et_pb_section]<\/p>\n<span class=\"et_bloom_bottom_trigger\"><\/span>","protected":false},"excerpt":{"rendered":"<p>Gandaria Spain O controle das condi\u00e7\u00f5es ambientais no interior dos [&hellip;]<\/p>\n","protected":false},"author":1,"featured_media":0,"parent":34643,"menu_order":0,"comment_status":"closed","ping_status":"closed","template":"","meta":{"_et_pb_use_builder":"on","_et_pb_old_content":"","_et_gb_content_width":"","_mbp_gutenberg_autopost":false,"footnotes":""},"class_list":["post-34645","page","type-page","status-publish","hentry"],"yoast_head":"<!-- This site is optimized with the Yoast SEO plugin v27.5 - https:\/\/yoast.com\/product\/yoast-seo-wordpress\/ -->\n<title>Climatiza\u00e7\u00e3o - Gandaria - Silos Spain<\/title>\n<meta name=\"robots\" content=\"index, follow, max-snippet:-1, max-image-preview:large, max-video-preview:-1\" \/>\n<link rel=\"canonical\" href=\"https:\/\/gandariaspain.com\/pt-br\/produtos\/equipamento-pecuario\/climatizacao\/\" \/>\n<meta property=\"og:locale\" content=\"pt_BR\" \/>\n<meta property=\"og:type\" content=\"article\" \/>\n<meta property=\"og:title\" content=\"Climatiza\u00e7\u00e3o - Gandaria - Silos Spain\" \/>\n<meta property=\"og:description\" content=\"Gandaria Spain O controle das condi\u00e7\u00f5es ambientais no interior dos [&hellip;]\" \/>\n<meta property=\"og:url\" content=\"https:\/\/gandariaspain.com\/pt-br\/produtos\/equipamento-pecuario\/climatizacao\/\" \/>\n<meta property=\"og:site_name\" content=\"Gandaria - Silos Spain\" \/>\n<meta property=\"article:modified_time\" content=\"2017-09-02T17:46:00+00:00\" \/>\n<meta name=\"twitter:card\" content=\"summary_large_image\" \/>\n<meta name=\"twitter:label1\" content=\"Est. tempo de leitura\" \/>\n\t<meta name=\"twitter:data1\" content=\"6 minutos\" \/>\n<script type=\"application\/ld+json\" class=\"yoast-schema-graph\">{\"@context\":\"https:\\\/\\\/schema.org\",\"@graph\":[{\"@type\":\"WebPage\",\"@id\":\"https:\\\/\\\/gandariaspain.com\\\/pt-br\\\/produtos\\\/equipamento-pecuario\\\/climatizacao\\\/\",\"url\":\"https:\\\/\\\/gandariaspain.com\\\/pt-br\\\/produtos\\\/equipamento-pecuario\\\/climatizacao\\\/\",\"name\":\"Climatiza\u00e7\u00e3o - Gandaria - Silos Spain\",\"isPartOf\":{\"@id\":\"https:\\\/\\\/gandariaspain.com\\\/pt-br\\\/#website\"},\"datePublished\":\"2017-08-15T17:02:37+00:00\",\"dateModified\":\"2017-09-02T17:46:00+00:00\",\"breadcrumb\":{\"@id\":\"https:\\\/\\\/gandariaspain.com\\\/pt-br\\\/produtos\\\/equipamento-pecuario\\\/climatizacao\\\/#breadcrumb\"},\"inLanguage\":\"pt-BR\",\"potentialAction\":[{\"@type\":\"ReadAction\",\"target\":[\"https:\\\/\\\/gandariaspain.com\\\/pt-br\\\/produtos\\\/equipamento-pecuario\\\/climatizacao\\\/\"]}]},{\"@type\":\"BreadcrumbList\",\"@id\":\"https:\\\/\\\/gandariaspain.com\\\/pt-br\\\/produtos\\\/equipamento-pecuario\\\/climatizacao\\\/#breadcrumb\",\"itemListElement\":[{\"@type\":\"ListItem\",\"position\":1,\"name\":\"Produtos\",\"item\":\"https:\\\/\\\/gandariaspain.com\\\/pt-br\\\/produtos\\\/\"},{\"@type\":\"ListItem\",\"position\":2,\"name\":\"Equipamento Pecu\u00e1rio\",\"item\":\"https:\\\/\\\/gandariaspain.com\\\/pt-br\\\/produtos\\\/equipamento-pecuario\\\/\"},{\"@type\":\"ListItem\",\"position\":3,\"name\":\"Climatiza\u00e7\u00e3o\"}]},{\"@type\":\"WebSite\",\"@id\":\"https:\\\/\\\/gandariaspain.com\\\/pt-br\\\/#website\",\"url\":\"https:\\\/\\\/gandariaspain.com\\\/pt-br\\\/\",\"name\":\"Gandaria - Silos Spain\",\"description\":\"Just another WordPress site\",\"potentialAction\":[{\"@type\":\"SearchAction\",\"target\":{\"@type\":\"EntryPoint\",\"urlTemplate\":\"https:\\\/\\\/gandariaspain.com\\\/pt-br\\\/?s={search_term_string}\"},\"query-input\":{\"@type\":\"PropertyValueSpecification\",\"valueRequired\":true,\"valueName\":\"search_term_string\"}}],\"inLanguage\":\"pt-BR\"}]}<\/script>\n<!-- \/ Yoast SEO plugin. -->","yoast_head_json":{"title":"Climatiza\u00e7\u00e3o - Gandaria - Silos Spain","robots":{"index":"index","follow":"follow","max-snippet":"max-snippet:-1","max-image-preview":"max-image-preview:large","max-video-preview":"max-video-preview:-1"},"canonical":"https:\/\/gandariaspain.com\/pt-br\/produtos\/equipamento-pecuario\/climatizacao\/","og_locale":"pt_BR","og_type":"article","og_title":"Climatiza\u00e7\u00e3o - Gandaria - Silos Spain","og_description":"Gandaria Spain O controle das condi\u00e7\u00f5es ambientais no interior dos [&hellip;]","og_url":"https:\/\/gandariaspain.com\/pt-br\/produtos\/equipamento-pecuario\/climatizacao\/","og_site_name":"Gandaria - Silos Spain","article_modified_time":"2017-09-02T17:46:00+00:00","twitter_card":"summary_large_image","twitter_misc":{"Est. tempo de leitura":"6 minutos"},"schema":{"@context":"https:\/\/schema.org","@graph":[{"@type":"WebPage","@id":"https:\/\/gandariaspain.com\/pt-br\/produtos\/equipamento-pecuario\/climatizacao\/","url":"https:\/\/gandariaspain.com\/pt-br\/produtos\/equipamento-pecuario\/climatizacao\/","name":"Climatiza\u00e7\u00e3o - Gandaria - Silos Spain","isPartOf":{"@id":"https:\/\/gandariaspain.com\/pt-br\/#website"},"datePublished":"2017-08-15T17:02:37+00:00","dateModified":"2017-09-02T17:46:00+00:00","breadcrumb":{"@id":"https:\/\/gandariaspain.com\/pt-br\/produtos\/equipamento-pecuario\/climatizacao\/#breadcrumb"},"inLanguage":"pt-BR","potentialAction":[{"@type":"ReadAction","target":["https:\/\/gandariaspain.com\/pt-br\/produtos\/equipamento-pecuario\/climatizacao\/"]}]},{"@type":"BreadcrumbList","@id":"https:\/\/gandariaspain.com\/pt-br\/produtos\/equipamento-pecuario\/climatizacao\/#breadcrumb","itemListElement":[{"@type":"ListItem","position":1,"name":"Produtos","item":"https:\/\/gandariaspain.com\/pt-br\/produtos\/"},{"@type":"ListItem","position":2,"name":"Equipamento Pecu\u00e1rio","item":"https:\/\/gandariaspain.com\/pt-br\/produtos\/equipamento-pecuario\/"},{"@type":"ListItem","position":3,"name":"Climatiza\u00e7\u00e3o"}]},{"@type":"WebSite","@id":"https:\/\/gandariaspain.com\/pt-br\/#website","url":"https:\/\/gandariaspain.com\/pt-br\/","name":"Gandaria - Silos Spain","description":"Just another WordPress site","potentialAction":[{"@type":"SearchAction","target":{"@type":"EntryPoint","urlTemplate":"https:\/\/gandariaspain.com\/pt-br\/?s={search_term_string}"},"query-input":{"@type":"PropertyValueSpecification","valueRequired":true,"valueName":"search_term_string"}}],"inLanguage":"pt-BR"}]}},"_links":{"self":[{"href":"https:\/\/gandariaspain.com\/pt-br\/wp-json\/wp\/v2\/pages\/34645","targetHints":{"allow":["GET"]}}],"collection":[{"href":"https:\/\/gandariaspain.com\/pt-br\/wp-json\/wp\/v2\/pages"}],"about":[{"href":"https:\/\/gandariaspain.com\/pt-br\/wp-json\/wp\/v2\/types\/page"}],"author":[{"embeddable":true,"href":"https:\/\/gandariaspain.com\/pt-br\/wp-json\/wp\/v2\/users\/1"}],"replies":[{"embeddable":true,"href":"https:\/\/gandariaspain.com\/pt-br\/wp-json\/wp\/v2\/comments?post=34645"}],"version-history":[{"count":6,"href":"https:\/\/gandariaspain.com\/pt-br\/wp-json\/wp\/v2\/pages\/34645\/revisions"}],"predecessor-version":[{"id":40825,"href":"https:\/\/gandariaspain.com\/pt-br\/wp-json\/wp\/v2\/pages\/34645\/revisions\/40825"}],"up":[{"embeddable":true,"href":"https:\/\/gandariaspain.com\/pt-br\/wp-json\/wp\/v2\/pages\/34643"}],"wp:attachment":[{"href":"https:\/\/gandariaspain.com\/pt-br\/wp-json\/wp\/v2\/media?parent=34645"}],"curies":[{"name":"wp","href":"https:\/\/api.w.org\/{rel}","templated":true}]}}