{"id":34606,"date":"2017-08-15T18:58:45","date_gmt":"2017-08-15T16:58:45","guid":{"rendered":"https:\/\/gandariaspain.com\/?page_id=34606\/"},"modified":"2017-09-02T19:18:10","modified_gmt":"2017-09-02T17:18:10","slug":"projetos-integrais-avicultura-carne","status":"publish","type":"page","link":"https:\/\/gandariaspain.com\/pt-br\/produtos\/pavilhoes-pecuarios\/pavilhoes-avicolas\/projetos-integrais-avicultura-carne\/","title":{"rendered":"Projetos integrais de avicultura de carne"},"content":{"rendered":"<p>[et_pb_section bb_built=&#8221;1&#8243; admin_label=&#8221;section&#8221; transparent_background=&#8221;off&#8221; background_color=&#8221;#ffffff&#8221; allow_player_pause=&#8221;off&#8221; inner_shadow=&#8221;off&#8221; parallax=&#8221;off&#8221; parallax_method=&#8221;off&#8221; padding_mobile=&#8221;off&#8221; make_fullwidth=&#8221;off&#8221; use_custom_width=&#8221;off&#8221; width_unit=&#8221;on&#8221; make_equal=&#8221;off&#8221; use_custom_gutter=&#8221;off&#8221; module_class=&#8221;indentame&#8221; locked=&#8221;on&#8221;][et_pb_row admin_label=&#8221;row&#8221; parent_locked=&#8221;on&#8221; background_position=&#8221;top_left&#8221; background_repeat=&#8221;repeat&#8221; background_size=&#8221;initial&#8221;][et_pb_column type=&#8221;4_4&#8243;][et_pb_text admin_label=&#8221;No tocar. Cabecera de nivel 1. SEO&#8221; background_layout=&#8221;light&#8221; text_orientation=&#8221;left&#8221; use_border_color=&#8221;off&#8221; border_color=&#8221;#ffffff&#8221; border_style=&#8221;solid&#8221; parent_locked=&#8221;on&#8221; background_position=&#8221;top_left&#8221; background_repeat=&#8221;repeat&#8221; background_size=&#8221;initial&#8221;]<\/p>\n<h1>Gandaria Spain<\/h1>\n<p>[\/et_pb_text][\/et_pb_column][\/et_pb_row][\/et_pb_section][et_pb_section bb_built=&#8221;1&#8243; fullwidth=&#8221;on&#8221; specialty=&#8221;off&#8221; transparent_background=&#8221;off&#8221; background_color=&#8221;#ffffff&#8221; allow_player_pause=&#8221;off&#8221; inner_shadow=&#8221;off&#8221; parallax=&#8221;off&#8221; parallax_method=&#8221;off&#8221; padding_mobile=&#8221;off&#8221; make_fullwidth=&#8221;off&#8221; use_custom_width=&#8221;off&#8221; width_unit=&#8221;on&#8221; make_equal=&#8221;off&#8221; use_custom_gutter=&#8221;off&#8221; module_class=&#8221;slide-flota-izquierda&#8221;][et_pb_fullwidth_slider admin_label=&#8221;Proyectos integrales de avicultura de carne &#8221; show_arrows=&#8221;on&#8221; show_pagination=&#8221;on&#8221; auto=&#8221;off&#8221; auto_ignore_hover=&#8221;off&#8221; parallax=&#8221;off&#8221; parallax_method=&#8221;off&#8221; remove_inner_shadow=&#8221;off&#8221; background_position=&#8221;top_left&#8221; hide_content_on_mobile=&#8221;off&#8221; hide_cta_on_mobile=&#8221;off&#8221; show_image_video_mobile=&#8221;off&#8221; custom_button=&#8221;off&#8221; button_letter_spacing=&#8221;0&#8243; button_icon_placement=&#8221;right&#8221; button_letter_spacing_hover=&#8221;0&#8243; disabled_on=&#8221;off|off|off&#8221; disabled=&#8221;off&#8221; _builder_version=&#8221;3.0.71&#8243;] [et_pb_slide heading=&#8221;Projetos integrais de avicultura de carne &#8221; background_color=&#8221;#ffffff&#8221; use_background_color_gradient=&#8221;off&#8221; background_color_gradient_start=&#8221;#2b87da&#8221; background_color_gradient_end=&#8221;#29c4a9&#8243; background_color_gradient_type=&#8221;linear&#8221; background_color_gradient_direction=&#8221;180deg&#8221; background_color_gradient_direction_radial=&#8221;center&#8221; background_color_gradient_start_position=&#8221;0%&#8221; background_color_gradient_end_position=&#8221;100%&#8221; background_image=&#8221;https:\/\/gandariaspain.com\/wp-content\/uploads\/2016\/09\/Avicultura-de-carne_SLIDER-1.jpg&#8221; parallax=&#8221;off&#8221; parallax_method=&#8221;off&#8221; background_position=&#8221;center&#8221; background_size=&#8221;cover&#8221; background_repeat=&#8221;repeat&#8221; background_blend=&#8221;normal&#8221; allow_player_pause=&#8221;off&#8221; use_bg_overlay=&#8221;off&#8221; use_text_overlay=&#8221;off&#8221; text_border_radius=&#8221;3&#8243; alignment=&#8221;center&#8221; background_layout=&#8221;dark&#8221; header_font_select=&#8221;default&#8221; header_font=&#8221;||||&#8221; body_font_select=&#8221;default&#8221; body_font=&#8221;||||&#8221; custom_button=&#8221;off&#8221; button_font_select=&#8221;default&#8221; button_font=&#8221;||||&#8221; button_use_icon=&#8221;default&#8221; button_icon_placement=&#8221;right&#8221; button_on_hover=&#8221;on&#8221; \/] [\/et_pb_fullwidth_slider][\/et_pb_section][et_pb_section bb_built=&#8221;1&#8243; fullwidth=&#8221;off&#8221; specialty=&#8221;off&#8221;][et_pb_row background_position=&#8221;top_left&#8221; background_repeat=&#8221;repeat&#8221; background_size=&#8221;initial&#8221;][et_pb_column type=&#8221;1_2&#8243;][et_pb_blurb admin_label=&#8221;Realizamos su proyecto integral de avicultura de carne&#8221; url_new_window=&#8221;off&#8221; use_icon=&#8221;off&#8221; font_icon=&#8221;3&#8243; use_circle=&#8221;off&#8221; use_circle_border=&#8221;off&#8221; icon_placement=&#8221;left&#8221; animation=&#8221;top&#8221; background_layout=&#8221;light&#8221; use_icon_font_size=&#8221;off&#8221; border_style=&#8221;solid&#8221; background_position=&#8221;top_left&#8221; background_repeat=&#8221;repeat&#8221; background_size=&#8221;initial&#8221; _builder_version=&#8221;3.0.71&#8243;]<\/p>\n<h3>Realizamos seu projeto integral de avicultura de carne:<\/h3>\n<blockquote><p>Recr\u00eda, reprodutoras, incuba\u00e7\u00e3o, pavilh\u00f5es de engorda, f\u00e1brica de ra\u00e7\u00e3o e matadouro.<\/p><\/blockquote>\n<p>Adaptamo-nos \u00e0s suas necessidades desde as mais b\u00e1sicas at\u00e9 as mais sofisticadas com automa\u00e7\u00e3o total das mesmas.<\/p>\n<p>&nbsp;<\/p>\n<p>[\/et_pb_blurb][\/et_pb_column][et_pb_column type=&#8221;1_2&#8243;][et_pb_image show_in_lightbox=&#8221;off&#8221; url_new_window=&#8221;off&#8221; use_overlay=&#8221;off&#8221; sticky=&#8221;off&#8221; align=&#8221;left&#8221; force_fullwidth=&#8221;off&#8221; always_center_on_mobile=&#8221;on&#8221; border_style=&#8221;solid&#8221; src=&#8221;https:\/\/gandariaspain.com\/wp-content\/uploads\/2016\/09\/Proyectos-integrales-de-avicultura-de-carne-1.jpg&#8221; _builder_version=&#8221;3.0.50&#8243; \/][\/et_pb_column][\/et_pb_row][\/et_pb_section]<\/p>\n<span class=\"et_bloom_bottom_trigger\"><\/span>","protected":false},"excerpt":{"rendered":"<p>Gandaria Spain Realizamos seu projeto integral de avicultura de carne: [&hellip;]<\/p>\n","protected":false},"author":1,"featured_media":0,"parent":34603,"menu_order":0,"comment_status":"closed","ping_status":"closed","template":"","meta":{"_et_pb_use_builder":"on","_et_pb_old_content":"","_et_gb_content_width":"","_mbp_gutenberg_autopost":false,"footnotes":""},"class_list":["post-34606","page","type-page","status-publish","hentry"],"yoast_head":"<!-- This site is optimized with the Yoast SEO plugin v27.4 - https:\/\/yoast.com\/product\/yoast-seo-wordpress\/ -->\n<title>Projetos integrais de avicultura de carne - Gandaria - Silos Spain<\/title>\n<meta name=\"robots\" content=\"index, follow, max-snippet:-1, max-image-preview:large, max-video-preview:-1\" \/>\n<link rel=\"canonical\" href=\"https:\/\/gandariaspain.com\/pt-br\/produtos\/pavilhoes-pecuarios\/pavilhoes-avicolas\/projetos-integrais-avicultura-carne\/\" \/>\n<meta property=\"og:locale\" content=\"pt_BR\" \/>\n<meta property=\"og:type\" content=\"article\" \/>\n<meta property=\"og:title\" content=\"Projetos integrais de avicultura de carne - Gandaria - Silos Spain\" \/>\n<meta property=\"og:description\" content=\"Gandaria Spain Realizamos seu projeto integral de avicultura de carne: [&hellip;]\" \/>\n<meta property=\"og:url\" content=\"https:\/\/gandariaspain.com\/pt-br\/produtos\/pavilhoes-pecuarios\/pavilhoes-avicolas\/projetos-integrais-avicultura-carne\/\" \/>\n<meta property=\"og:site_name\" content=\"Gandaria - Silos Spain\" \/>\n<meta property=\"article:modified_time\" content=\"2017-09-02T17:18:10+00:00\" \/>\n<meta name=\"twitter:card\" content=\"summary_large_image\" \/>\n<meta name=\"twitter:label1\" content=\"Est. tempo de leitura\" \/>\n\t<meta name=\"twitter:data1\" content=\"3 minutos\" \/>\n<script type=\"application\/ld+json\" class=\"yoast-schema-graph\">{\"@context\":\"https:\\\/\\\/schema.org\",\"@graph\":[{\"@type\":\"WebPage\",\"@id\":\"https:\\\/\\\/gandariaspain.com\\\/pt-br\\\/produtos\\\/pavilhoes-pecuarios\\\/pavilhoes-avicolas\\\/projetos-integrais-avicultura-carne\\\/\",\"url\":\"https:\\\/\\\/gandariaspain.com\\\/pt-br\\\/produtos\\\/pavilhoes-pecuarios\\\/pavilhoes-avicolas\\\/projetos-integrais-avicultura-carne\\\/\",\"name\":\"Projetos integrais de avicultura de carne - Gandaria - Silos Spain\",\"isPartOf\":{\"@id\":\"https:\\\/\\\/gandariaspain.com\\\/pt-br\\\/#website\"},\"datePublished\":\"2017-08-15T16:58:45+00:00\",\"dateModified\":\"2017-09-02T17:18:10+00:00\",\"breadcrumb\":{\"@id\":\"https:\\\/\\\/gandariaspain.com\\\/pt-br\\\/produtos\\\/pavilhoes-pecuarios\\\/pavilhoes-avicolas\\\/projetos-integrais-avicultura-carne\\\/#breadcrumb\"},\"inLanguage\":\"pt-BR\",\"potentialAction\":[{\"@type\":\"ReadAction\",\"target\":[\"https:\\\/\\\/gandariaspain.com\\\/pt-br\\\/produtos\\\/pavilhoes-pecuarios\\\/pavilhoes-avicolas\\\/projetos-integrais-avicultura-carne\\\/\"]}]},{\"@type\":\"BreadcrumbList\",\"@id\":\"https:\\\/\\\/gandariaspain.com\\\/pt-br\\\/produtos\\\/pavilhoes-pecuarios\\\/pavilhoes-avicolas\\\/projetos-integrais-avicultura-carne\\\/#breadcrumb\",\"itemListElement\":[{\"@type\":\"ListItem\",\"position\":1,\"name\":\"Produtos\",\"item\":\"https:\\\/\\\/gandariaspain.com\\\/pt-br\\\/produtos\\\/\"},{\"@type\":\"ListItem\",\"position\":2,\"name\":\"Pavilh\u00f5es Pecu\u00e1rios\",\"item\":\"https:\\\/\\\/gandariaspain.com\\\/pt-br\\\/produtos\\\/pavilhoes-pecuarios\\\/\"},{\"@type\":\"ListItem\",\"position\":3,\"name\":\"Pavilh\u00f5es av\u00edcolas\",\"item\":\"https:\\\/\\\/gandariaspain.com\\\/pt-br\\\/produtos\\\/pavilhoes-pecuarios\\\/pavilhoes-avicolas\\\/\"},{\"@type\":\"ListItem\",\"position\":4,\"name\":\"Projetos integrais de avicultura de carne\"}]},{\"@type\":\"WebSite\",\"@id\":\"https:\\\/\\\/gandariaspain.com\\\/pt-br\\\/#website\",\"url\":\"https:\\\/\\\/gandariaspain.com\\\/pt-br\\\/\",\"name\":\"Gandaria - Silos Spain\",\"description\":\"Just another WordPress site\",\"potentialAction\":[{\"@type\":\"SearchAction\",\"target\":{\"@type\":\"EntryPoint\",\"urlTemplate\":\"https:\\\/\\\/gandariaspain.com\\\/pt-br\\\/?s={search_term_string}\"},\"query-input\":{\"@type\":\"PropertyValueSpecification\",\"valueRequired\":true,\"valueName\":\"search_term_string\"}}],\"inLanguage\":\"pt-BR\"}]}<\/script>\n<!-- \/ Yoast SEO plugin. -->","yoast_head_json":{"title":"Projetos integrais de avicultura de carne - Gandaria - Silos Spain","robots":{"index":"index","follow":"follow","max-snippet":"max-snippet:-1","max-image-preview":"max-image-preview:large","max-video-preview":"max-video-preview:-1"},"canonical":"https:\/\/gandariaspain.com\/pt-br\/produtos\/pavilhoes-pecuarios\/pavilhoes-avicolas\/projetos-integrais-avicultura-carne\/","og_locale":"pt_BR","og_type":"article","og_title":"Projetos integrais de avicultura de carne - Gandaria - Silos Spain","og_description":"Gandaria Spain Realizamos seu projeto integral de avicultura de carne: [&hellip;]","og_url":"https:\/\/gandariaspain.com\/pt-br\/produtos\/pavilhoes-pecuarios\/pavilhoes-avicolas\/projetos-integrais-avicultura-carne\/","og_site_name":"Gandaria - Silos Spain","article_modified_time":"2017-09-02T17:18:10+00:00","twitter_card":"summary_large_image","twitter_misc":{"Est. tempo de leitura":"3 minutos"},"schema":{"@context":"https:\/\/schema.org","@graph":[{"@type":"WebPage","@id":"https:\/\/gandariaspain.com\/pt-br\/produtos\/pavilhoes-pecuarios\/pavilhoes-avicolas\/projetos-integrais-avicultura-carne\/","url":"https:\/\/gandariaspain.com\/pt-br\/produtos\/pavilhoes-pecuarios\/pavilhoes-avicolas\/projetos-integrais-avicultura-carne\/","name":"Projetos integrais de avicultura de carne - Gandaria - Silos Spain","isPartOf":{"@id":"https:\/\/gandariaspain.com\/pt-br\/#website"},"datePublished":"2017-08-15T16:58:45+00:00","dateModified":"2017-09-02T17:18:10+00:00","breadcrumb":{"@id":"https:\/\/gandariaspain.com\/pt-br\/produtos\/pavilhoes-pecuarios\/pavilhoes-avicolas\/projetos-integrais-avicultura-carne\/#breadcrumb"},"inLanguage":"pt-BR","potentialAction":[{"@type":"ReadAction","target":["https:\/\/gandariaspain.com\/pt-br\/produtos\/pavilhoes-pecuarios\/pavilhoes-avicolas\/projetos-integrais-avicultura-carne\/"]}]},{"@type":"BreadcrumbList","@id":"https:\/\/gandariaspain.com\/pt-br\/produtos\/pavilhoes-pecuarios\/pavilhoes-avicolas\/projetos-integrais-avicultura-carne\/#breadcrumb","itemListElement":[{"@type":"ListItem","position":1,"name":"Produtos","item":"https:\/\/gandariaspain.com\/pt-br\/produtos\/"},{"@type":"ListItem","position":2,"name":"Pavilh\u00f5es Pecu\u00e1rios","item":"https:\/\/gandariaspain.com\/pt-br\/produtos\/pavilhoes-pecuarios\/"},{"@type":"ListItem","position":3,"name":"Pavilh\u00f5es av\u00edcolas","item":"https:\/\/gandariaspain.com\/pt-br\/produtos\/pavilhoes-pecuarios\/pavilhoes-avicolas\/"},{"@type":"ListItem","position":4,"name":"Projetos integrais de avicultura de carne"}]},{"@type":"WebSite","@id":"https:\/\/gandariaspain.com\/pt-br\/#website","url":"https:\/\/gandariaspain.com\/pt-br\/","name":"Gandaria - Silos Spain","description":"Just another WordPress site","potentialAction":[{"@type":"SearchAction","target":{"@type":"EntryPoint","urlTemplate":"https:\/\/gandariaspain.com\/pt-br\/?s={search_term_string}"},"query-input":{"@type":"PropertyValueSpecification","valueRequired":true,"valueName":"search_term_string"}}],"inLanguage":"pt-BR"}]}},"_links":{"self":[{"href":"https:\/\/gandariaspain.com\/pt-br\/wp-json\/wp\/v2\/pages\/34606","targetHints":{"allow":["GET"]}}],"collection":[{"href":"https:\/\/gandariaspain.com\/pt-br\/wp-json\/wp\/v2\/pages"}],"about":[{"href":"https:\/\/gandariaspain.com\/pt-br\/wp-json\/wp\/v2\/types\/page"}],"author":[{"embeddable":true,"href":"https:\/\/gandariaspain.com\/pt-br\/wp-json\/wp\/v2\/users\/1"}],"replies":[{"embeddable":true,"href":"https:\/\/gandariaspain.com\/pt-br\/wp-json\/wp\/v2\/comments?post=34606"}],"version-history":[{"count":4,"href":"https:\/\/gandariaspain.com\/pt-br\/wp-json\/wp\/v2\/pages\/34606\/revisions"}],"predecessor-version":[{"id":40806,"href":"https:\/\/gandariaspain.com\/pt-br\/wp-json\/wp\/v2\/pages\/34606\/revisions\/40806"}],"up":[{"embeddable":true,"href":"https:\/\/gandariaspain.com\/pt-br\/wp-json\/wp\/v2\/pages\/34603"}],"wp:attachment":[{"href":"https:\/\/gandariaspain.com\/pt-br\/wp-json\/wp\/v2\/media?parent=34606"}],"curies":[{"name":"wp","href":"https:\/\/api.w.org\/{rel}","templated":true}]}}