{"id":34506,"date":"2017-08-15T18:48:51","date_gmt":"2017-08-15T16:48:51","guid":{"rendered":"https:\/\/gandariaspain.com\/?page_id=34506\/"},"modified":"2020-06-26T14:53:35","modified_gmt":"2020-06-26T12:53:35","slug":"gama-industrial","status":"publish","type":"page","link":"https:\/\/gandariaspain.com\/pt-br\/produtos\/maquinaria-de-transporte\/gama-industrial\/","title":{"rendered":"Gama industrial"},"content":{"rendered":"<p>[et_pb_section bb_built=&#8221;1&#8243; admin_label=&#8221;section&#8221; transparent_background=&#8221;off&#8221; background_color=&#8221;#ffffff&#8221; allow_player_pause=&#8221;off&#8221; inner_shadow=&#8221;off&#8221; parallax=&#8221;off&#8221; parallax_method=&#8221;off&#8221; padding_mobile=&#8221;off&#8221; make_fullwidth=&#8221;off&#8221; use_custom_width=&#8221;off&#8221; width_unit=&#8221;on&#8221; make_equal=&#8221;off&#8221; use_custom_gutter=&#8221;off&#8221; module_class=&#8221;indentame&#8221; locked=&#8221;on&#8221; custom_padding_tablet=&#8221;50px|0|50px|0&#8243; custom_padding_last_edited=&#8221;on|desktop&#8221; next_background_color=&#8221;#000000&#8243;][et_pb_row admin_label=&#8221;row&#8221; parent_locked=&#8221;on&#8221; background_position=&#8221;top_left&#8221; background_repeat=&#8221;repeat&#8221; background_size=&#8221;initial&#8221;][et_pb_column type=&#8221;4_4&#8243;][et_pb_text admin_label=&#8221;No tocar. Cabecera de nivel 1. SEO&#8221; background_layout=&#8221;light&#8221; text_orientation=&#8221;left&#8221; use_border_color=&#8221;off&#8221; border_color=&#8221;#ffffff&#8221; border_style=&#8221;solid&#8221; parent_locked=&#8221;on&#8221; background_position=&#8221;top_left&#8221; background_repeat=&#8221;repeat&#8221; background_size=&#8221;initial&#8221;]<\/p>\n<h1>Gandaria Spain<\/h1>\n<p>[\/et_pb_text][\/et_pb_column][\/et_pb_row][\/et_pb_section][et_pb_section bb_built=&#8221;1&#8243; fullwidth=&#8221;on&#8221; specialty=&#8221;off&#8221; transparent_background=&#8221;off&#8221; background_color=&#8221;#ffffff&#8221; allow_player_pause=&#8221;off&#8221; inner_shadow=&#8221;off&#8221; parallax=&#8221;off&#8221; parallax_method=&#8221;off&#8221; padding_mobile=&#8221;off&#8221; make_fullwidth=&#8221;off&#8221; use_custom_width=&#8221;off&#8221; width_unit=&#8221;on&#8221; make_equal=&#8221;off&#8221; use_custom_gutter=&#8221;off&#8221; module_class=&#8221;slide-flota-izquierda&#8221; custom_padding_tablet=&#8221;50px|0|50px|0&#8243; custom_padding_last_edited=&#8221;on|desktop&#8221; prev_background_color=&#8221;#000000&#8243; next_background_color=&#8221;#000000&#8243;][et_pb_fullwidth_slider admin_label=&#8221;Cabecera principal + CTA&#8221; show_arrows=&#8221;on&#8221; show_pagination=&#8221;on&#8221; auto=&#8221;off&#8221; auto_ignore_hover=&#8221;off&#8221; parallax=&#8221;off&#8221; parallax_method=&#8221;off&#8221; remove_inner_shadow=&#8221;off&#8221; background_position=&#8221;top_left&#8221; hide_content_on_mobile=&#8221;off&#8221; hide_cta_on_mobile=&#8221;off&#8221; show_image_video_mobile=&#8221;off&#8221; custom_button=&#8221;off&#8221; button_letter_spacing=&#8221;0&#8243; button_icon_placement=&#8221;right&#8221; button_letter_spacing_hover=&#8221;0&#8243; disabled_on=&#8221;off|off|off&#8221; disabled=&#8221;off&#8221; _builder_version=&#8221;3.0.71&#8243; custom_padding=&#8221;|||&#8221; custom_padding_tablet=&#8221;|||&#8221; custom_padding_phone=&#8221;|||&#8221; show_inner_shadow=&#8221;on&#8221; show_content_on_mobile=&#8221;on&#8221; show_cta_on_mobile=&#8221;on&#8221; box_shadow_horizontal=&#8221;0px&#8221; box_shadow_vertical=&#8221;0px&#8221; box_shadow_blur=&#8221;10px&#8221; box_shadow_spread=&#8221;0px&#8221; box_shadow_position=&#8221;inner&#8221; box_shadow_color=&#8221;rgba(0,0,0,0.1)&#8221; box_shadow_style=&#8221;preset6&#8243;][et_pb_slide heading=&#8221;Gama industrial&#8221; background_image=&#8221;https:\/\/gandariaspain.com\/wp-content\/uploads\/2016\/09\/Maquinaria-de-transporte-gama-industrial_SLIDER.jpg&#8221; background_position=&#8221;top_left&#8221; background_size=&#8221;cover&#8221; background_color=&#8221;#ffffff&#8221; use_bg_overlay=&#8221;off&#8221; use_text_overlay=&#8221;off&#8221; alignment=&#8221;center&#8221; background_layout=&#8221;dark&#8221; allow_player_pause=&#8221;off&#8221; text_border_radius=&#8221;3&#8243; header_font_select=&#8221;default&#8221; header_font=&#8221;||||&#8221; body_font_select=&#8221;default&#8221; body_font=&#8221;||||&#8221; custom_button=&#8221;off&#8221; button_font_select=&#8221;default&#8221; button_font=&#8221;||||&#8221; button_use_icon=&#8221;default&#8221; button_icon_placement=&#8221;right&#8221; button_on_hover=&#8221;on&#8221; admin_title=&#8221;Gama Industrial&#8221; use_background_color_gradient=&#8221;off&#8221; background_color_gradient_start=&#8221;#2b87da&#8221; background_color_gradient_end=&#8221;#29c4a9&#8243; background_color_gradient_type=&#8221;linear&#8221; background_color_gradient_direction=&#8221;180deg&#8221; background_color_gradient_direction_radial=&#8221;center&#8221; background_color_gradient_start_position=&#8221;0%&#8221; background_color_gradient_end_position=&#8221;100%&#8221; parallax=&#8221;off&#8221; parallax_method=&#8221;off&#8221; background_repeat=&#8221;no-repeat&#8221; background_blend=&#8221;normal&#8221; \/][\/et_pb_fullwidth_slider][\/et_pb_section][et_pb_section bb_built=&#8221;1&#8243; fullwidth=&#8221;off&#8221; specialty=&#8221;off&#8221; prev_background_color=&#8221;#000000&#8243; next_background_color=&#8221;rgba(255,255,255,0)&#8221;][et_pb_row background_position=&#8221;top_left&#8221; background_repeat=&#8221;repeat&#8221; background_size=&#8221;initial&#8221;][et_pb_column type=&#8221;4_4&#8243;][et_pb_text background_layout=&#8221;light&#8221; text_orientation=&#8221;left&#8221; border_style=&#8221;solid&#8221; background_position=&#8221;top_left&#8221; background_repeat=&#8221;repeat&#8221; background_size=&#8221;initial&#8221; _builder_version=&#8221;3.0.71&#8243;]<\/p>\n<p>A maquinaria de transporte industrial tem sido desenhada para suportar as condi\u00e7\u00f5es mais exigentes no manejo e transporte de gr\u00e3os.<\/p>\n<p>Sua constru\u00e7\u00e3o em a<strong>\u00e7o galvanizado de qualidade S350GD com recobrimento Z-600 c<\/strong>onfere-lhes grande robustez e permite-lhes trabalhar com uma ampla gama de cereais, sementes, legumes e p\u00e9letes.<\/p>\n<p>[\/et_pb_text][\/et_pb_column][\/et_pb_row][\/et_pb_section][et_pb_section bb_built=&#8221;1&#8243; fullwidth=&#8221;off&#8221; specialty=&#8221;off&#8221; transparent_background=&#8221;on&#8221; background_color=&#8221;rgba(255,255,255,0)&#8221; allow_player_pause=&#8221;off&#8221; inner_shadow=&#8221;off&#8221; parallax=&#8221;off&#8221; parallax_method=&#8221;off&#8221; padding_mobile=&#8221;off&#8221; make_fullwidth=&#8221;off&#8221; use_custom_width=&#8221;off&#8221; width_unit=&#8221;on&#8221; make_equal=&#8221;off&#8221; use_custom_gutter=&#8221;off&#8221; custom_padding_tablet=&#8221;50px|0|50px|0&#8243; custom_padding_last_edited=&#8221;on|desktop&#8221; prev_background_color=&#8221;#ffffff&#8221;][et_pb_row background_position=&#8221;top_left&#8221; background_repeat=&#8221;repeat&#8221; background_size=&#8221;initial&#8221;][et_pb_column type=&#8221;4_4&#8243;][et_pb_text admin_label=&#8221;Nuestra gama de maquinaria de transporte industrial incluye:&#8221; background_layout=&#8221;light&#8221; text_orientation=&#8221;left&#8221; border_style=&#8221;solid&#8221; background_position=&#8221;top_left&#8221; background_repeat=&#8221;repeat&#8221; background_size=&#8221;initial&#8221; _builder_version=&#8221;3.0.71&#8243;]<\/p>\n<h3 class=\"fuerza_tamano_35 centrame \" style=\"text-align: left;\">Nossa gama de maquinaria de transporte industrial inclui:<\/h3>\n<p>[\/et_pb_text][\/et_pb_column][\/et_pb_row][et_pb_row make_fullwidth=&#8221;on&#8221; use_custom_width=&#8221;off&#8221; width_unit=&#8221;on&#8221; use_custom_gutter=&#8221;off&#8221; padding_mobile=&#8221;off&#8221; allow_player_pause=&#8221;off&#8221; parallax=&#8221;off&#8221; parallax_method=&#8221;off&#8221; make_equal=&#8221;off&#8221; parallax_1=&#8221;off&#8221; parallax_method_1=&#8221;off&#8221; column_padding_mobile=&#8221;on&#8221; parallax_2=&#8221;off&#8221; parallax_method_2=&#8221;off&#8221; parallax_3=&#8221;off&#8221; parallax_method_3=&#8221;off&#8221; parallax_4=&#8221;off&#8221; parallax_method_4=&#8221;off&#8221; background_position=&#8221;top_left&#8221; background_repeat=&#8221;repeat&#8221; background_size=&#8221;initial&#8221;][et_pb_column type=&#8221;1_3&#8243;][et_pb_blurb admin_label=&#8221;Foto y enlace a Bucket elevators&#8221; url_new_window=&#8221;off&#8221; use_icon=&#8221;off&#8221; icon_color=&#8221;#7EBEC5&#8243; use_circle=&#8221;off&#8221; circle_color=&#8221;#7EBEC5&#8243; use_circle_border=&#8221;off&#8221; circle_border_color=&#8221;#7EBEC5&#8243; icon_placement=&#8221;top&#8221; animation=&#8221;top&#8221; background_layout=&#8221;light&#8221; use_icon_font_size=&#8221;off&#8221; border_style=&#8221;solid&#8221; image=&#8221;https:\/\/gandariaspain.com\/wp-content\/uploads\/2016\/09\/ECI-1.jpg&#8221; url=&#8221;https:\/\/gandariaspain.com\/pt-br\/produtos\/maquinaria-de-transporte\/gama-industrial\/eci-elevador-cacambas-industrial\/&#8221; background_position=&#8221;top_left&#8221; background_repeat=&#8221;repeat&#8221; background_size=&#8221;initial&#8221; _builder_version=&#8221;3.0.71&#8243; image_max_width=&#8221;100%&#8221;]<\/p>\n<h3 class=\"centrame\" style=\"text-align: center;\"><a href=\"https:\/\/gandariaspain.com\/es\/productos\/maquinaria-de-transporte\/gama-industrial\/elevador-de-cangilones-eci\/\">Elevadores de canecas<\/a><\/h3>\n<p>[\/et_pb_blurb][et_pb_blurb admin_label=&#8221;Foto y enlace Belt conveyors&#8221; url_new_window=&#8221;off&#8221; use_icon=&#8221;off&#8221; icon_color=&#8221;#7EBEC5&#8243; use_circle=&#8221;off&#8221; circle_color=&#8221;#7EBEC5&#8243; use_circle_border=&#8221;off&#8221; circle_border_color=&#8221;#7EBEC5&#8243; icon_placement=&#8221;top&#8221; animation=&#8221;top&#8221; background_layout=&#8221;light&#8221; use_icon_font_size=&#8221;off&#8221; border_style=&#8221;solid&#8221; image=&#8221;https:\/\/gandariaspain.com\/wp-content\/uploads\/2016\/09\/transportador_de_banda.jpg&#8221; url=&#8221;https:\/\/gandariaspain.com\/pt-br\/produtos\/maquinaria-de-transporte\/gama-industrial\/transportadores-de-correia\/&#8221; background_position=&#8221;top_left&#8221; background_repeat=&#8221;repeat&#8221; background_size=&#8221;initial&#8221; _builder_version=&#8221;3.0.71&#8243; image_max_width=&#8221;100%&#8221;]<\/p>\n<h3 class=\"centrame\" style=\"text-align: center;\"><a href=\"https:\/\/gandariaspain.com\/es\/productos\/maquinaria-de-transporte\/gama-industrial\/transportadores-de-banda\/\">Transportadores de correia<\/a><\/h3>\n<p>[\/et_pb_blurb][\/et_pb_column][et_pb_column type=&#8221;1_3&#8243;][et_pb_blurb admin_label=&#8221;Foto y enlace a Chain conveyors&#8221; url_new_window=&#8221;off&#8221; use_icon=&#8221;off&#8221; icon_color=&#8221;#7EBEC5&#8243; use_circle=&#8221;off&#8221; circle_color=&#8221;#7EBEC5&#8243; use_circle_border=&#8221;off&#8221; circle_border_color=&#8221;#7EBEC5&#8243; icon_placement=&#8221;top&#8221; animation=&#8221;top&#8221; background_layout=&#8221;light&#8221; use_icon_font_size=&#8221;off&#8221; border_style=&#8221;solid&#8221; image=&#8221;https:\/\/gandariaspain.com\/wp-content\/uploads\/2016\/09\/TCI-1.jpg&#8221; url=&#8221;https:\/\/gandariaspain.com\/pt-br\/produtos\/maquinaria-de-transporte\/gama-industrial\/tci-transportador-corrente-industrial\/&#8221; background_position=&#8221;top_left&#8221; background_repeat=&#8221;repeat&#8221; background_size=&#8221;initial&#8221; _builder_version=&#8221;3.0.71&#8243; image_max_width=&#8221;100%&#8221;]<\/p>\n<h3 class=\"centrame\" style=\"text-align: center;\"><a href=\"https:\/\/gandariaspain.com\/es\/productos\/maquinaria-de-transporte\/gama-industrial\/transportador-de-cadena-tci\/\">Transportadores de corrente<\/a><\/h3>\n<p>[\/et_pb_blurb][et_pb_blurb admin_label=&#8221;Foto y enlace Screw conveyors&#8221; url_new_window=&#8221;off&#8221; use_icon=&#8221;off&#8221; icon_color=&#8221;#7EBEC5&#8243; use_circle=&#8221;off&#8221; circle_color=&#8221;#7EBEC5&#8243; use_circle_border=&#8221;off&#8221; circle_border_color=&#8221;#7EBEC5&#8243; icon_placement=&#8221;top&#8221; animation=&#8221;top&#8221; background_layout=&#8221;light&#8221; use_icon_font_size=&#8221;off&#8221; border_style=&#8221;solid&#8221; image=&#8221;https:\/\/gandariaspain.com\/wp-content\/uploads\/2016\/09\/Screw-Conveyors-11.jpg&#8221; url=&#8221;https:\/\/gandariaspain.com\/pt-br\/produtos\/maquinaria-de-transporte\/gama-industrial\/transportadores-de-rosca\/&#8221; background_position=&#8221;top_left&#8221; background_repeat=&#8221;repeat&#8221; background_size=&#8221;initial&#8221; _builder_version=&#8221;3.0.71&#8243; image_max_width=&#8221;100%&#8221;]<\/p>\n<h3 class=\"centrame\" style=\"text-align: center;\"><a href=\"https:\/\/gandariaspain.com\/es\/productos\/maquinaria-de-transporte\/gama-industrial\/transportadores-de-rosca\/\">Transportadores de rosca<\/a><\/h3>\n<p>[\/et_pb_blurb][\/et_pb_column][et_pb_column type=&#8221;1_3&#8243;][et_pb_blurb admin_label=&#8221;Z-Shaped chain conveyors&#8221; url_new_window=&#8221;off&#8221; use_icon=&#8221;off&#8221; icon_color=&#8221;#7EBEC5&#8243; use_circle=&#8221;off&#8221; circle_color=&#8221;#7EBEC5&#8243; use_circle_border=&#8221;off&#8221; circle_border_color=&#8221;#7EBEC5&#8243; icon_placement=&#8221;top&#8221; animation=&#8221;top&#8221; background_layout=&#8221;light&#8221; use_icon_font_size=&#8221;off&#8221; border_style=&#8221;solid&#8221; image=&#8221;https:\/\/gandariaspain.com\/wp-content\/uploads\/2016\/09\/TCZ-1.jpg&#8221; url=&#8221;https:\/\/gandariaspain.com\/pt-br\/produtos\/maquinaria-de-transporte\/gama-industrial\/tcz-transportador-corrente-em-z\/&#8221; background_position=&#8221;top_left&#8221; background_repeat=&#8221;repeat&#8221; background_size=&#8221;initial&#8221; _builder_version=&#8221;3.0.71&#8243; image_max_width=&#8221;100%&#8221;]<\/p>\n<h3 class=\"centrame\" style=\"text-align: center;\"><a href=\"https:\/\/gandariaspain.com\/es\/productos\/maquinaria-de-transporte\/gama-industrial\/transportador-de-cadena-en-z-tcz\/\">Transportadores em Z<\/a><\/h3>\n<p>[\/et_pb_blurb][et_pb_blurb admin_label=&#8221;Foto y enlace a Discharge gates&#8221; url_new_window=&#8221;off&#8221; use_icon=&#8221;off&#8221; icon_color=&#8221;#7EBEC5&#8243; use_circle=&#8221;off&#8221; circle_color=&#8221;#7EBEC5&#8243; use_circle_border=&#8221;off&#8221; circle_border_color=&#8221;#7EBEC5&#8243; icon_placement=&#8221;top&#8221; animation=&#8221;top&#8221; background_layout=&#8221;light&#8221; use_icon_font_size=&#8221;off&#8221; border_style=&#8221;solid&#8221; image=&#8221;https:\/\/gandariaspain.com\/wp-content\/uploads\/2016\/09\/CDI-1.jpg&#8221; url=&#8221;https:\/\/gandariaspain.com\/pt-br\/produtos\/maquinaria-de-transporte\/gama-industrial\/cdi-registro-descarga-industrial\/&#8221; background_position=&#8221;top_left&#8221; background_repeat=&#8221;repeat&#8221; background_size=&#8221;initial&#8221; _builder_version=&#8221;3.0.71&#8243; image_max_width=&#8221;100%&#8221; disabled_on=&#8221;on|on|on&#8221; disabled=&#8221;on&#8221;]<\/p>\n<h3 class=\"centrame\" style=\"text-align: center;\">Comportas de descarga<\/h3>\n<p>[\/et_pb_blurb][\/et_pb_column][\/et_pb_row][\/et_pb_section]<\/p>\n<span class=\"et_bloom_bottom_trigger\"><\/span>","protected":false},"excerpt":{"rendered":"<p>Gandaria Spain A maquinaria de transporte industrial tem sido desenhada [&hellip;]<\/p>\n","protected":false},"author":1,"featured_media":0,"parent":34505,"menu_order":0,"comment_status":"closed","ping_status":"closed","template":"","meta":{"_et_pb_use_builder":"on","_et_pb_old_content":"","_et_gb_content_width":"","_mbp_gutenberg_autopost":false,"footnotes":""},"class_list":["post-34506","page","type-page","status-publish","hentry"],"yoast_head":"<!-- This site is optimized with the Yoast SEO plugin v27.5 - https:\/\/yoast.com\/product\/yoast-seo-wordpress\/ -->\n<title>Gama industrial - Gandaria - Silos Spain<\/title>\n<meta name=\"robots\" content=\"index, follow, max-snippet:-1, max-image-preview:large, max-video-preview:-1\" \/>\n<link rel=\"canonical\" href=\"https:\/\/gandariaspain.com\/pt-br\/produtos\/maquinaria-de-transporte\/gama-industrial\/\" \/>\n<meta property=\"og:locale\" content=\"pt_BR\" \/>\n<meta property=\"og:type\" content=\"article\" \/>\n<meta property=\"og:title\" content=\"Gama industrial - Gandaria - Silos Spain\" \/>\n<meta property=\"og:description\" content=\"Gandaria Spain A maquinaria de transporte industrial tem sido desenhada [&hellip;]\" \/>\n<meta property=\"og:url\" content=\"https:\/\/gandariaspain.com\/pt-br\/produtos\/maquinaria-de-transporte\/gama-industrial\/\" \/>\n<meta property=\"og:site_name\" content=\"Gandaria - Silos Spain\" \/>\n<meta property=\"article:modified_time\" content=\"2020-06-26T12:53:35+00:00\" \/>\n<meta name=\"twitter:card\" content=\"summary_large_image\" \/>\n<meta name=\"twitter:label1\" content=\"Est. tempo de leitura\" \/>\n\t<meta name=\"twitter:data1\" content=\"7 minutos\" \/>\n<script type=\"application\/ld+json\" class=\"yoast-schema-graph\">{\"@context\":\"https:\\\/\\\/schema.org\",\"@graph\":[{\"@type\":\"WebPage\",\"@id\":\"https:\\\/\\\/gandariaspain.com\\\/pt-br\\\/produtos\\\/maquinaria-de-transporte\\\/gama-industrial\\\/\",\"url\":\"https:\\\/\\\/gandariaspain.com\\\/pt-br\\\/produtos\\\/maquinaria-de-transporte\\\/gama-industrial\\\/\",\"name\":\"Gama industrial - Gandaria - Silos Spain\",\"isPartOf\":{\"@id\":\"https:\\\/\\\/gandariaspain.com\\\/pt-br\\\/#website\"},\"datePublished\":\"2017-08-15T16:48:51+00:00\",\"dateModified\":\"2020-06-26T12:53:35+00:00\",\"breadcrumb\":{\"@id\":\"https:\\\/\\\/gandariaspain.com\\\/pt-br\\\/produtos\\\/maquinaria-de-transporte\\\/gama-industrial\\\/#breadcrumb\"},\"inLanguage\":\"pt-BR\",\"potentialAction\":[{\"@type\":\"ReadAction\",\"target\":[\"https:\\\/\\\/gandariaspain.com\\\/pt-br\\\/produtos\\\/maquinaria-de-transporte\\\/gama-industrial\\\/\"]}]},{\"@type\":\"BreadcrumbList\",\"@id\":\"https:\\\/\\\/gandariaspain.com\\\/pt-br\\\/produtos\\\/maquinaria-de-transporte\\\/gama-industrial\\\/#breadcrumb\",\"itemListElement\":[{\"@type\":\"ListItem\",\"position\":1,\"name\":\"Produtos\",\"item\":\"https:\\\/\\\/gandariaspain.com\\\/pt-br\\\/produtos\\\/\"},{\"@type\":\"ListItem\",\"position\":2,\"name\":\"Maquinaria de transporte\",\"item\":\"https:\\\/\\\/gandariaspain.com\\\/pt-br\\\/produtos\\\/maquinaria-de-transporte\\\/\"},{\"@type\":\"ListItem\",\"position\":3,\"name\":\"Gama industrial\"}]},{\"@type\":\"WebSite\",\"@id\":\"https:\\\/\\\/gandariaspain.com\\\/pt-br\\\/#website\",\"url\":\"https:\\\/\\\/gandariaspain.com\\\/pt-br\\\/\",\"name\":\"Gandaria - Silos Spain\",\"description\":\"Just another WordPress site\",\"potentialAction\":[{\"@type\":\"SearchAction\",\"target\":{\"@type\":\"EntryPoint\",\"urlTemplate\":\"https:\\\/\\\/gandariaspain.com\\\/pt-br\\\/?s={search_term_string}\"},\"query-input\":{\"@type\":\"PropertyValueSpecification\",\"valueRequired\":true,\"valueName\":\"search_term_string\"}}],\"inLanguage\":\"pt-BR\"}]}<\/script>\n<!-- \/ Yoast SEO plugin. -->","yoast_head_json":{"title":"Gama industrial - Gandaria - Silos Spain","robots":{"index":"index","follow":"follow","max-snippet":"max-snippet:-1","max-image-preview":"max-image-preview:large","max-video-preview":"max-video-preview:-1"},"canonical":"https:\/\/gandariaspain.com\/pt-br\/produtos\/maquinaria-de-transporte\/gama-industrial\/","og_locale":"pt_BR","og_type":"article","og_title":"Gama industrial - Gandaria - Silos Spain","og_description":"Gandaria Spain A maquinaria de transporte industrial tem sido desenhada [&hellip;]","og_url":"https:\/\/gandariaspain.com\/pt-br\/produtos\/maquinaria-de-transporte\/gama-industrial\/","og_site_name":"Gandaria - Silos Spain","article_modified_time":"2020-06-26T12:53:35+00:00","twitter_card":"summary_large_image","twitter_misc":{"Est. tempo de leitura":"7 minutos"},"schema":{"@context":"https:\/\/schema.org","@graph":[{"@type":"WebPage","@id":"https:\/\/gandariaspain.com\/pt-br\/produtos\/maquinaria-de-transporte\/gama-industrial\/","url":"https:\/\/gandariaspain.com\/pt-br\/produtos\/maquinaria-de-transporte\/gama-industrial\/","name":"Gama industrial - Gandaria - Silos Spain","isPartOf":{"@id":"https:\/\/gandariaspain.com\/pt-br\/#website"},"datePublished":"2017-08-15T16:48:51+00:00","dateModified":"2020-06-26T12:53:35+00:00","breadcrumb":{"@id":"https:\/\/gandariaspain.com\/pt-br\/produtos\/maquinaria-de-transporte\/gama-industrial\/#breadcrumb"},"inLanguage":"pt-BR","potentialAction":[{"@type":"ReadAction","target":["https:\/\/gandariaspain.com\/pt-br\/produtos\/maquinaria-de-transporte\/gama-industrial\/"]}]},{"@type":"BreadcrumbList","@id":"https:\/\/gandariaspain.com\/pt-br\/produtos\/maquinaria-de-transporte\/gama-industrial\/#breadcrumb","itemListElement":[{"@type":"ListItem","position":1,"name":"Produtos","item":"https:\/\/gandariaspain.com\/pt-br\/produtos\/"},{"@type":"ListItem","position":2,"name":"Maquinaria de transporte","item":"https:\/\/gandariaspain.com\/pt-br\/produtos\/maquinaria-de-transporte\/"},{"@type":"ListItem","position":3,"name":"Gama industrial"}]},{"@type":"WebSite","@id":"https:\/\/gandariaspain.com\/pt-br\/#website","url":"https:\/\/gandariaspain.com\/pt-br\/","name":"Gandaria - Silos Spain","description":"Just another WordPress site","potentialAction":[{"@type":"SearchAction","target":{"@type":"EntryPoint","urlTemplate":"https:\/\/gandariaspain.com\/pt-br\/?s={search_term_string}"},"query-input":{"@type":"PropertyValueSpecification","valueRequired":true,"valueName":"search_term_string"}}],"inLanguage":"pt-BR"}]}},"_links":{"self":[{"href":"https:\/\/gandariaspain.com\/pt-br\/wp-json\/wp\/v2\/pages\/34506","targetHints":{"allow":["GET"]}}],"collection":[{"href":"https:\/\/gandariaspain.com\/pt-br\/wp-json\/wp\/v2\/pages"}],"about":[{"href":"https:\/\/gandariaspain.com\/pt-br\/wp-json\/wp\/v2\/types\/page"}],"author":[{"embeddable":true,"href":"https:\/\/gandariaspain.com\/pt-br\/wp-json\/wp\/v2\/users\/1"}],"replies":[{"embeddable":true,"href":"https:\/\/gandariaspain.com\/pt-br\/wp-json\/wp\/v2\/comments?post=34506"}],"version-history":[{"count":6,"href":"https:\/\/gandariaspain.com\/pt-br\/wp-json\/wp\/v2\/pages\/34506\/revisions"}],"predecessor-version":[{"id":56679,"href":"https:\/\/gandariaspain.com\/pt-br\/wp-json\/wp\/v2\/pages\/34506\/revisions\/56679"}],"up":[{"embeddable":true,"href":"https:\/\/gandariaspain.com\/pt-br\/wp-json\/wp\/v2\/pages\/34505"}],"wp:attachment":[{"href":"https:\/\/gandariaspain.com\/pt-br\/wp-json\/wp\/v2\/media?parent=34506"}],"curies":[{"name":"wp","href":"https:\/\/api.w.org\/{rel}","templated":true}]}}