{"id":34499,"date":"2017-08-15T18:47:22","date_gmt":"2017-08-15T16:47:22","guid":{"rendered":"https:\/\/gandariaspain.com\/?page_id=34499\/"},"modified":"2018-03-24T12:20:44","modified_gmt":"2018-03-24T11:20:44","slug":"software-de-monitoracao-de-plantas-de-armazenagem-siwa","status":"publish","type":"page","link":"https:\/\/gandariaspain.com\/pt-br\/produtos\/sistemas-gestao-da-informacao\/software-de-monitoracao-de-plantas-de-armazenagem-siwa\/","title":{"rendered":"Software de monitora\u00e7\u00e3o de plantas de armazenagem: Siwa"},"content":{"rendered":"<p>[et_pb_section bb_built=&#8221;1&#8243; admin_label=&#8221;section&#8221; transparent_background=&#8221;off&#8221; background_color=&#8221;#ffffff&#8221; allow_player_pause=&#8221;off&#8221; inner_shadow=&#8221;off&#8221; parallax=&#8221;off&#8221; parallax_method=&#8221;off&#8221; padding_mobile=&#8221;off&#8221; make_fullwidth=&#8221;off&#8221; use_custom_width=&#8221;off&#8221; width_unit=&#8221;on&#8221; make_equal=&#8221;off&#8221; use_custom_gutter=&#8221;off&#8221; module_class=&#8221;indentame&#8221; locked=&#8221;on&#8221;][et_pb_row admin_label=&#8221;row&#8221; parent_locked=&#8221;on&#8221; background_position=&#8221;top_left&#8221; background_repeat=&#8221;repeat&#8221; background_size=&#8221;initial&#8221;][et_pb_column type=&#8221;4_4&#8243;][et_pb_text admin_label=&#8221;No tocar. Cabecera de nivel 1. SEO&#8221; background_layout=&#8221;light&#8221; text_orientation=&#8221;left&#8221; use_border_color=&#8221;off&#8221; border_color=&#8221;#ffffff&#8221; border_style=&#8221;solid&#8221; parent_locked=&#8221;on&#8221; background_position=&#8221;top_left&#8221; background_repeat=&#8221;repeat&#8221; background_size=&#8221;initial&#8221;]<\/p>\n<h1>Gandaria Spain<\/h1>\n<p>[\/et_pb_text][\/et_pb_column][\/et_pb_row][\/et_pb_section][et_pb_section bb_built=&#8221;1&#8243; fullwidth=&#8221;on&#8221; specialty=&#8221;off&#8221; transparent_background=&#8221;off&#8221; background_color=&#8221;#ffffff&#8221; allow_player_pause=&#8221;off&#8221; inner_shadow=&#8221;off&#8221; parallax=&#8221;off&#8221; parallax_method=&#8221;off&#8221; padding_mobile=&#8221;off&#8221; make_fullwidth=&#8221;off&#8221; use_custom_width=&#8221;off&#8221; width_unit=&#8221;on&#8221; make_equal=&#8221;off&#8221; use_custom_gutter=&#8221;off&#8221; module_class=&#8221;slide-flota-izquierda&#8221;][et_pb_fullwidth_slider admin_label=&#8221;SIWA&#8221; show_arrows=&#8221;on&#8221; show_pagination=&#8221;on&#8221; auto=&#8221;off&#8221; auto_ignore_hover=&#8221;off&#8221; parallax=&#8221;off&#8221; parallax_method=&#8221;off&#8221; remove_inner_shadow=&#8221;off&#8221; background_position=&#8221;top_left&#8221; hide_content_on_mobile=&#8221;off&#8221; hide_cta_on_mobile=&#8221;off&#8221; show_image_video_mobile=&#8221;off&#8221; custom_button=&#8221;off&#8221; button_letter_spacing=&#8221;0&#8243; button_icon_placement=&#8221;right&#8221; button_letter_spacing_hover=&#8221;0&#8243; disabled_on=&#8221;off|off|off&#8221; disabled=&#8221;off&#8221; _builder_version=&#8221;3.0.71&#8243;]<\/p>\n<p>[et_pb_slide heading=&#8221;SIWA&#8221; background_image=&#8221;https:\/\/gandariaspain.com\/wp-content\/uploads\/2016\/09\/SIWA_SLIDER.jpg&#8221; background_position=&#8221;top_left&#8221; background_size=&#8221;cover&#8221; background_color=&#8221;#ffffff&#8221; use_bg_overlay=&#8221;off&#8221; use_text_overlay=&#8221;off&#8221; alignment=&#8221;center&#8221; background_layout=&#8221;dark&#8221; allow_player_pause=&#8221;off&#8221; text_border_radius=&#8221;3&#8243; header_font_select=&#8221;default&#8221; header_font=&#8221;||||&#8221; body_font_select=&#8221;default&#8221; body_font=&#8221;||||&#8221; custom_button=&#8221;off&#8221; button_font_select=&#8221;default&#8221; button_font=&#8221;||||&#8221; button_use_icon=&#8221;default&#8221; button_icon_placement=&#8221;right&#8221; button_on_hover=&#8221;on&#8221; admin_title=&#8221;siwa&#8221; use_background_color_gradient=&#8221;off&#8221; background_color_gradient_start=&#8221;#2b87da&#8221; background_color_gradient_end=&#8221;#29c4a9&#8243; background_color_gradient_type=&#8221;linear&#8221; background_color_gradient_direction=&#8221;180deg&#8221; background_color_gradient_direction_radial=&#8221;center&#8221; background_color_gradient_start_position=&#8221;0%&#8221; background_color_gradient_end_position=&#8221;100%&#8221; parallax=&#8221;off&#8221; parallax_method=&#8221;off&#8221; background_repeat=&#8221;no-repeat&#8221; background_blend=&#8221;normal&#8221;]<\/p>\n<h3 class=\"centrame\">Software de monitora\u00e7\u00e3o de plantas de armazenagem<\/h3>\n<p>[\/et_pb_slide]<\/p>\n<p>[\/et_pb_fullwidth_slider][\/et_pb_section][et_pb_section bb_built=&#8221;1&#8243; admin_label=&#8221;caracteristicas&#8221; fullwidth=&#8221;off&#8221; specialty=&#8221;off&#8221; transparent_background=&#8221;off&#8221; allow_player_pause=&#8221;off&#8221; inner_shadow=&#8221;off&#8221; parallax=&#8221;off&#8221; parallax_method=&#8221;off&#8221; padding_mobile=&#8221;off&#8221; make_fullwidth=&#8221;off&#8221; use_custom_width=&#8221;off&#8221; width_unit=&#8221;on&#8221; make_equal=&#8221;off&#8221; use_custom_gutter=&#8221;off&#8221; module_class=&#8221;fondo_seccion_verde_degradado &#8221; custom_padding=&#8221;50px|||&#8221;][et_pb_row background_position=&#8221;top_left&#8221; background_repeat=&#8221;repeat&#8221; background_size=&#8221;initial&#8221;][et_pb_column type=&#8221;2_3&#8243;][et_pb_blurb admin_label=&#8221;Imagen + alt de la imagen espec\u00edfico + t\u00edtulo h2 Caracter\u00edstica &#8221; url_new_window=&#8221;off&#8221; use_icon=&#8221;off&#8221; icon_color=&#8221;#7EBEC5&#8243; use_circle=&#8221;off&#8221; circle_color=&#8221;#7EBEC5&#8243; use_circle_border=&#8221;off&#8221; circle_border_color=&#8221;#7EBEC5&#8243; image=&#8221;https:\/\/gandariaspain.com\/wp-content\/uploads\/2016\/09\/SIWA-1.jpg&#8221; icon_placement=&#8221;top&#8221; animation=&#8221;top&#8221; background_layout=&#8221;light&#8221; use_icon_font_size=&#8221;off&#8221; border_style=&#8221;solid&#8221; alt=&#8221;SIWA Software de monitorizaci\u00f3n de plantas de almacenaje&#8221; module_class=&#8221;blurb_especial_producto_fondo &#8221; background_position=&#8221;top_left&#8221; background_repeat=&#8221;repeat&#8221; background_size=&#8221;initial&#8221; _builder_version=&#8221;3.0.71&#8243;]<\/p>\n<h2>Caracter\u00edsticas gerais<\/h2>\n<p>[\/et_pb_blurb][\/et_pb_column][et_pb_column type=&#8221;1_3&#8243;][et_pb_text admin_label=&#8221;Titular en H3 + Texto&#8221; background_layout=&#8221;light&#8221; text_orientation=&#8221;left&#8221; border_style=&#8221;solid&#8221; background_position=&#8221;top_left&#8221; background_repeat=&#8221;repeat&#8221; background_size=&#8221;initial&#8221; _builder_version=&#8221;3.0.71&#8243;]<\/p>\n<h3>SIWA \u00e9 um software para a monitora\u00e7\u00e3o dos principais para\u00e2metros de nossas plantas de armazenagem.<\/h3>\n<p>Gestiona-se mediante uma App de informa\u00e7\u00e3o, em tempo real, para monitorar (ver, por\u00e9m, n\u00e3o operar) plantas de armazenagem de cereais atrave\u0301s de internet.<\/p>\n<p>\u00bfPor qu\u00ea SIWA?<\/p>\n<p>SIWA \u00e9 um O\u00e1sis no deserto Eg\u00edpcio donde se encontrava o or\u00e1culo de Am\u00f3n. O or\u00e1culo confirmou a Alexandre Magno que era um ser divino e o leg\u00edtimo fara\u00f3 de Egito, o que propiciou a cria\u00e7\u00e3o de seu Grande Imp\u00e9rio. Mais al\u00e9m da mitologia e da hist\u00f3ria, nosso sistema pretende emular ao or\u00e1culo e convertir-se em uma ferramenta a la qual se pergunta por dados concretos de nossa instala\u00e7\u00e3o, recebendo informa\u00e7\u00e3o muito precisa e concreta da mesma.<\/p>\n<p>&nbsp;<\/p>\n<p>[\/et_pb_text][\/et_pb_column][\/et_pb_row][\/et_pb_section][et_pb_section bb_built=&#8221;1&#8243; fullwidth=&#8221;off&#8221; specialty=&#8221;off&#8221; transparent_background=&#8221;off&#8221; allow_player_pause=&#8221;off&#8221; inner_shadow=&#8221;off&#8221; parallax=&#8221;off&#8221; parallax_method=&#8221;off&#8221; padding_mobile=&#8221;off&#8221; make_fullwidth=&#8221;off&#8221; use_custom_width=&#8221;off&#8221; width_unit=&#8221;on&#8221; make_equal=&#8221;off&#8221; use_custom_gutter=&#8221;off&#8221; module_class=&#8221;fondo_seccion_gris_degradado blanco&#8221;][et_pb_row background_position=&#8221;top_left&#8221; background_repeat=&#8221;repeat&#8221; background_size=&#8221;initial&#8221;][et_pb_column type=&#8221;2_3&#8243;][et_pb_blurb admin_label=&#8221;Imagen + alt de la imagen espec\u00edfico + t\u00edtulo h2 Paquete b\u00e1sico&#8221; url_new_window=&#8221;off&#8221; use_icon=&#8221;off&#8221; icon_color=&#8221;#7EBEC5&#8243; use_circle=&#8221;off&#8221; circle_color=&#8221;#7EBEC5&#8243; use_circle_border=&#8221;off&#8221; circle_border_color=&#8221;#7EBEC5&#8243; image=&#8221;https:\/\/gandariaspain.com\/wp-content\/uploads\/2016\/09\/Que-necesito-para-usar-SIWA.jpg&#8221; icon_placement=&#8221;top&#8221; animation=&#8221;top&#8221; background_layout=&#8221;light&#8221; use_icon_font_size=&#8221;off&#8221; border_style=&#8221;solid&#8221; alt=&#8221;\u00bfQu\u00e9 necesito para usar SIWA?&#8221; module_class=&#8221;blurb_especial_producto_fondo &#8221; background_position=&#8221;top_left&#8221; background_repeat=&#8221;repeat&#8221; background_size=&#8221;initial&#8221; _builder_version=&#8221;3.0.71&#8243;]<\/p>\n<h2 class=\"panel-titulo\">O que necessito para usar SIWA?<\/h2>\n<p>[\/et_pb_blurb][\/et_pb_column][et_pb_column type=&#8221;1_3&#8243;][et_pb_text admin_label=&#8221;Titular en H3 + Texto&#8221; background_layout=&#8221;light&#8221; text_orientation=&#8221;left&#8221; border_style=&#8221;solid&#8221; background_position=&#8221;top_left&#8221; background_repeat=&#8221;repeat&#8221; background_size=&#8221;initial&#8221; _builder_version=&#8221;3.0.71&#8243;]<\/p>\n<h3>Para usar SIWA \u00e9 necess\u00e1rio dispor de uma conex\u00e3o a internet est\u00e1vel na planta.<\/h3>\n<p>Para seu correto funcionamento requer de uma conex\u00e3o a internet est\u00e1vel na planta, bem seja atrav\u00e9s de ADSL, cobertura telef\u00f4nica ou sat\u00e9lite. Desta forma nos d\u00e1 seguran\u00e7a nos diagn\u00f3sticos do que ocorre na planta sem necessidade de estar presente, e nos permite um seguimento pr\u00f3ximo da mesma.<\/p>\n<p>[\/et_pb_text][\/et_pb_column][\/et_pb_row][\/et_pb_section][et_pb_section bb_built=&#8221;1&#8243; admin_label=&#8221;caracteristicas&#8221; fullwidth=&#8221;off&#8221; specialty=&#8221;off&#8221; transparent_background=&#8221;off&#8221; allow_player_pause=&#8221;off&#8221; inner_shadow=&#8221;off&#8221; parallax=&#8221;off&#8221; parallax_method=&#8221;off&#8221; padding_mobile=&#8221;off&#8221; make_fullwidth=&#8221;off&#8221; use_custom_width=&#8221;off&#8221; width_unit=&#8221;on&#8221; make_equal=&#8221;off&#8221; use_custom_gutter=&#8221;off&#8221; module_class=&#8221;fondo_seccion_verde_degradado &#8220;][et_pb_row background_position=&#8221;top_left&#8221; background_repeat=&#8221;repeat&#8221; background_size=&#8221;initial&#8221;][et_pb_column type=&#8221;2_3&#8243;][et_pb_blurb admin_label=&#8221;Imagen + alt de la imagen espec\u00edfico + t\u00edtulo h2 \u00bfQu\u00e9 nos permite hacer SIWA?&#8221; url_new_window=&#8221;off&#8221; use_icon=&#8221;off&#8221; icon_color=&#8221;#7EBEC5&#8243; use_circle=&#8221;off&#8221; circle_color=&#8221;#7EBEC5&#8243; use_circle_border=&#8221;off&#8221; circle_border_color=&#8221;#7EBEC5&#8243; image=&#8221;https:\/\/gandariaspain.com\/wp-content\/uploads\/2016\/09\/Que-nos-permite-hacer-SIWA.jpg&#8221; icon_placement=&#8221;top&#8221; animation=&#8221;top&#8221; background_layout=&#8221;light&#8221; use_icon_font_size=&#8221;off&#8221; border_style=&#8221;solid&#8221; alt=&#8221;\u00bfQu\u00e9 nos permite hacer SIWA?&#8221; module_class=&#8221;blurb_especial_producto_fondo &#8221; background_position=&#8221;top_left&#8221; background_repeat=&#8221;repeat&#8221; background_size=&#8221;initial&#8221; _builder_version=&#8221;3.0.71&#8243;]<\/p>\n<h2 class=\"panel-titulo\">O que nos permite fazer SIWA?<\/h2>\n<p>[\/et_pb_blurb][\/et_pb_column][et_pb_column type=&#8221;1_3&#8243;][et_pb_text admin_label=&#8221;Titular en H3 + Texto&#8221; background_layout=&#8221;light&#8221; text_orientation=&#8221;left&#8221; border_style=&#8221;solid&#8221; background_position=&#8221;top_left&#8221; background_repeat=&#8221;repeat&#8221; background_size=&#8221;initial&#8221; _builder_version=&#8221;3.0.71&#8243;]<\/p>\n<h3>O que nos permite fazer SIWA?<\/h3>\n<p>SIWA nos permite gestionar a manuten\u00e7\u00e3o e estar avisados das anomalias que se produzem na instala\u00e7\u00e3o.<\/p>\n<p>O software indicar\u00e1 o momento ideal para realiz\u00e1-lo, conseguindo, desta maneira, um aumento na vida \u00fatil da mesma.<\/p>\n<p>Ademais, permite ao operador de planta estar avisado de todas as anomalias que se produzam na instala\u00e7\u00e3o para solucion\u00e1-las o antes poss\u00edvel e, desta forma, otimizar ao m\u00e1ximo as horas de funcionamento. \u00c9 extrapol\u00e1vel a uma, ou v\u00e1rias, plantas, desde o mesmo dispositivo.<\/p>\n<p>[\/et_pb_text][\/et_pb_column][\/et_pb_row][\/et_pb_section][et_pb_section bb_built=&#8221;1&#8243; fullwidth=&#8221;off&#8221; specialty=&#8221;off&#8221; transparent_background=&#8221;off&#8221; allow_player_pause=&#8221;off&#8221; inner_shadow=&#8221;off&#8221; parallax=&#8221;off&#8221; parallax_method=&#8221;off&#8221; padding_mobile=&#8221;off&#8221; make_fullwidth=&#8221;off&#8221; use_custom_width=&#8221;off&#8221; width_unit=&#8221;on&#8221; make_equal=&#8221;off&#8221; use_custom_gutter=&#8221;off&#8221; module_class=&#8221;fondo_seccion_gris_degradado blanco&#8221;][et_pb_row background_position=&#8221;top_left&#8221; background_repeat=&#8221;repeat&#8221; background_size=&#8221;initial&#8221;][et_pb_column type=&#8221;2_3&#8243;][et_pb_blurb admin_label=&#8221;Imagen + alt de la imagen espec\u00edfico + \u00bfDe qu\u00e9 me informa SIWA?&#8221; url_new_window=&#8221;off&#8221; use_icon=&#8221;off&#8221; icon_color=&#8221;#7EBEC5&#8243; use_circle=&#8221;off&#8221; circle_color=&#8221;#7EBEC5&#8243; use_circle_border=&#8221;off&#8221; circle_border_color=&#8221;#7EBEC5&#8243; image=&#8221;https:\/\/gandariaspain.com\/wp-content\/uploads\/2016\/09\/De-que-meinforma-SIWA.jpg&#8221; icon_placement=&#8221;top&#8221; animation=&#8221;top&#8221; background_layout=&#8221;light&#8221; use_icon_font_size=&#8221;off&#8221; border_style=&#8221;solid&#8221; alt=&#8221;\u00bfDe qu\u00e9 me informa SIWA?&#8221; module_class=&#8221;blurb_especial_producto_fondo &#8221; background_position=&#8221;top_left&#8221; background_repeat=&#8221;repeat&#8221; background_size=&#8221;initial&#8221; _builder_version=&#8221;3.0.71&#8243;]<\/p>\n<h2 class=\"panel-titulo\">Do que me informa SIWA?<\/h2>\n<p>[\/et_pb_blurb][\/et_pb_column][et_pb_column type=&#8221;1_3&#8243;][et_pb_text admin_label=&#8221;Titular en H3 + Texto&#8221; background_layout=&#8221;light&#8221; text_orientation=&#8221;left&#8221; border_style=&#8221;solid&#8221; background_position=&#8221;top_left&#8221; background_repeat=&#8221;repeat&#8221; background_size=&#8221;initial&#8221; _builder_version=&#8221;3.0.71&#8243;]<\/p>\n<h3>SIWA me informa do estado de minha instala\u00e7\u00e3o, em tempo real.<\/h3>\n<p>Com SIWA, num r\u00e1pido passar de olhos, ser\u00e1s capaz de conhecer o estado de sua instala\u00e7\u00e3o, n\u00edvel dos silos, qual processo est\u00e1-se realizando, neste momento, etc. e ter\u00e1s uma an\u00e1lise das m\u00e1quinas e acess\u00f3rios que se encontram na instala\u00e7\u00e3o, com avisos para uma correta manuten\u00e7\u00e3o preventiva, totalmente documentados.<\/p>\n<p>Pode-se configurar a notifica\u00e7\u00e3o hist\u00f3rica, em tempo real, dos alertas ocorridos na planta, assim como seu reconhecimento por parte do operador. E, siempre, ter\u00e1 ao alcance um hist\u00f3rico com acesso a todos os dados desde a posta em funcionamento da instala\u00e7\u00e3o.<\/p>\n<p>Ver mais informa\u00e7\u00f5es sobre o novo software de monitora\u00e7\u00e3o de plantas de armazenagem: SIWA<\/p>\n<p>Conhece todos os detalhes desta app desenvolvida por Gandaria e resolva todas suas d\u00favidas sobre o \u00f3timo funcionamento e uso da mesma contatando com nosso Departamento I+D+i (<a href=\"mailto:idi@gandariaspain.com\">idi@gandariaspain.com<\/a>).<\/p>\n<p>[\/et_pb_text][\/et_pb_column][\/et_pb_row][\/et_pb_section]<\/p>\n<span class=\"et_bloom_bottom_trigger\"><\/span>","protected":false},"excerpt":{"rendered":"<p>Gandaria Spain Software de monitora\u00e7\u00e3o de plantas de armazenagem Caracter\u00edsticas [&hellip;]<\/p>\n","protected":false},"author":1,"featured_media":0,"parent":34497,"menu_order":0,"comment_status":"closed","ping_status":"closed","template":"","meta":{"_et_pb_use_builder":"on","_et_pb_old_content":"","_et_gb_content_width":"","_mbp_gutenberg_autopost":false,"footnotes":""},"class_list":["post-34499","page","type-page","status-publish","hentry"],"yoast_head":"<!-- This site is optimized with the Yoast SEO plugin v27.3 - https:\/\/yoast.com\/product\/yoast-seo-wordpress\/ -->\n<title>Software de monitora\u00e7\u00e3o de plantas de armazenagem: Siwa - Gandaria - Silos Spain<\/title>\n<meta name=\"robots\" content=\"index, follow, max-snippet:-1, max-image-preview:large, max-video-preview:-1\" \/>\n<link rel=\"canonical\" href=\"https:\/\/gandariaspain.com\/pt-br\/produtos\/sistemas-gestao-da-informacao\/software-de-monitoracao-de-plantas-de-armazenagem-siwa\/\" \/>\n<meta property=\"og:locale\" content=\"pt_BR\" \/>\n<meta property=\"og:type\" content=\"article\" \/>\n<meta property=\"og:title\" content=\"Software de monitora\u00e7\u00e3o de plantas de armazenagem: Siwa - Gandaria - Silos Spain\" \/>\n<meta property=\"og:description\" content=\"Gandaria Spain Software de monitora\u00e7\u00e3o de plantas de armazenagem Caracter\u00edsticas [&hellip;]\" \/>\n<meta property=\"og:url\" content=\"https:\/\/gandariaspain.com\/pt-br\/produtos\/sistemas-gestao-da-informacao\/software-de-monitoracao-de-plantas-de-armazenagem-siwa\/\" \/>\n<meta property=\"og:site_name\" content=\"Gandaria - Silos Spain\" \/>\n<meta property=\"article:modified_time\" content=\"2018-03-24T11:20:44+00:00\" \/>\n<meta name=\"twitter:card\" content=\"summary_large_image\" \/>\n<meta name=\"twitter:label1\" content=\"Est. tempo de leitura\" \/>\n\t<meta name=\"twitter:data1\" content=\"9 minutos\" \/>\n<script type=\"application\/ld+json\" class=\"yoast-schema-graph\">{\"@context\":\"https:\\\/\\\/schema.org\",\"@graph\":[{\"@type\":\"WebPage\",\"@id\":\"https:\\\/\\\/gandariaspain.com\\\/pt-br\\\/produtos\\\/sistemas-gestao-da-informacao\\\/software-de-monitoracao-de-plantas-de-armazenagem-siwa\\\/\",\"url\":\"https:\\\/\\\/gandariaspain.com\\\/pt-br\\\/produtos\\\/sistemas-gestao-da-informacao\\\/software-de-monitoracao-de-plantas-de-armazenagem-siwa\\\/\",\"name\":\"Software de monitora\u00e7\u00e3o de plantas de armazenagem: Siwa - Gandaria - Silos Spain\",\"isPartOf\":{\"@id\":\"https:\\\/\\\/gandariaspain.com\\\/pt-br\\\/#website\"},\"datePublished\":\"2017-08-15T16:47:22+00:00\",\"dateModified\":\"2018-03-24T11:20:44+00:00\",\"breadcrumb\":{\"@id\":\"https:\\\/\\\/gandariaspain.com\\\/pt-br\\\/produtos\\\/sistemas-gestao-da-informacao\\\/software-de-monitoracao-de-plantas-de-armazenagem-siwa\\\/#breadcrumb\"},\"inLanguage\":\"pt-BR\",\"potentialAction\":[{\"@type\":\"ReadAction\",\"target\":[\"https:\\\/\\\/gandariaspain.com\\\/pt-br\\\/produtos\\\/sistemas-gestao-da-informacao\\\/software-de-monitoracao-de-plantas-de-armazenagem-siwa\\\/\"]}]},{\"@type\":\"BreadcrumbList\",\"@id\":\"https:\\\/\\\/gandariaspain.com\\\/pt-br\\\/produtos\\\/sistemas-gestao-da-informacao\\\/software-de-monitoracao-de-plantas-de-armazenagem-siwa\\\/#breadcrumb\",\"itemListElement\":[{\"@type\":\"ListItem\",\"position\":1,\"name\":\"Produtos\",\"item\":\"https:\\\/\\\/gandariaspain.com\\\/pt-br\\\/produtos\\\/\"},{\"@type\":\"ListItem\",\"position\":2,\"name\":\"Sistemas de gest\u00e3o da informa\u00e7\u00e3o\",\"item\":\"https:\\\/\\\/gandariaspain.com\\\/pt-br\\\/produtos\\\/sistemas-gestao-da-informacao\\\/\"},{\"@type\":\"ListItem\",\"position\":3,\"name\":\"Software de monitora\u00e7\u00e3o de plantas de armazenagem: Siwa\"}]},{\"@type\":\"WebSite\",\"@id\":\"https:\\\/\\\/gandariaspain.com\\\/pt-br\\\/#website\",\"url\":\"https:\\\/\\\/gandariaspain.com\\\/pt-br\\\/\",\"name\":\"Gandaria - Silos Spain\",\"description\":\"Just another WordPress site\",\"potentialAction\":[{\"@type\":\"SearchAction\",\"target\":{\"@type\":\"EntryPoint\",\"urlTemplate\":\"https:\\\/\\\/gandariaspain.com\\\/pt-br\\\/?s={search_term_string}\"},\"query-input\":{\"@type\":\"PropertyValueSpecification\",\"valueRequired\":true,\"valueName\":\"search_term_string\"}}],\"inLanguage\":\"pt-BR\"}]}<\/script>\n<!-- \/ Yoast SEO plugin. -->","yoast_head_json":{"title":"Software de monitora\u00e7\u00e3o de plantas de armazenagem: Siwa - Gandaria - Silos Spain","robots":{"index":"index","follow":"follow","max-snippet":"max-snippet:-1","max-image-preview":"max-image-preview:large","max-video-preview":"max-video-preview:-1"},"canonical":"https:\/\/gandariaspain.com\/pt-br\/produtos\/sistemas-gestao-da-informacao\/software-de-monitoracao-de-plantas-de-armazenagem-siwa\/","og_locale":"pt_BR","og_type":"article","og_title":"Software de monitora\u00e7\u00e3o de plantas de armazenagem: Siwa - Gandaria - Silos Spain","og_description":"Gandaria Spain Software de monitora\u00e7\u00e3o de plantas de armazenagem Caracter\u00edsticas [&hellip;]","og_url":"https:\/\/gandariaspain.com\/pt-br\/produtos\/sistemas-gestao-da-informacao\/software-de-monitoracao-de-plantas-de-armazenagem-siwa\/","og_site_name":"Gandaria - Silos Spain","article_modified_time":"2018-03-24T11:20:44+00:00","twitter_card":"summary_large_image","twitter_misc":{"Est. tempo de leitura":"9 minutos"},"schema":{"@context":"https:\/\/schema.org","@graph":[{"@type":"WebPage","@id":"https:\/\/gandariaspain.com\/pt-br\/produtos\/sistemas-gestao-da-informacao\/software-de-monitoracao-de-plantas-de-armazenagem-siwa\/","url":"https:\/\/gandariaspain.com\/pt-br\/produtos\/sistemas-gestao-da-informacao\/software-de-monitoracao-de-plantas-de-armazenagem-siwa\/","name":"Software de monitora\u00e7\u00e3o de plantas de armazenagem: Siwa - Gandaria - Silos Spain","isPartOf":{"@id":"https:\/\/gandariaspain.com\/pt-br\/#website"},"datePublished":"2017-08-15T16:47:22+00:00","dateModified":"2018-03-24T11:20:44+00:00","breadcrumb":{"@id":"https:\/\/gandariaspain.com\/pt-br\/produtos\/sistemas-gestao-da-informacao\/software-de-monitoracao-de-plantas-de-armazenagem-siwa\/#breadcrumb"},"inLanguage":"pt-BR","potentialAction":[{"@type":"ReadAction","target":["https:\/\/gandariaspain.com\/pt-br\/produtos\/sistemas-gestao-da-informacao\/software-de-monitoracao-de-plantas-de-armazenagem-siwa\/"]}]},{"@type":"BreadcrumbList","@id":"https:\/\/gandariaspain.com\/pt-br\/produtos\/sistemas-gestao-da-informacao\/software-de-monitoracao-de-plantas-de-armazenagem-siwa\/#breadcrumb","itemListElement":[{"@type":"ListItem","position":1,"name":"Produtos","item":"https:\/\/gandariaspain.com\/pt-br\/produtos\/"},{"@type":"ListItem","position":2,"name":"Sistemas de gest\u00e3o da informa\u00e7\u00e3o","item":"https:\/\/gandariaspain.com\/pt-br\/produtos\/sistemas-gestao-da-informacao\/"},{"@type":"ListItem","position":3,"name":"Software de monitora\u00e7\u00e3o de plantas de armazenagem: Siwa"}]},{"@type":"WebSite","@id":"https:\/\/gandariaspain.com\/pt-br\/#website","url":"https:\/\/gandariaspain.com\/pt-br\/","name":"Gandaria - Silos Spain","description":"Just another WordPress site","potentialAction":[{"@type":"SearchAction","target":{"@type":"EntryPoint","urlTemplate":"https:\/\/gandariaspain.com\/pt-br\/?s={search_term_string}"},"query-input":{"@type":"PropertyValueSpecification","valueRequired":true,"valueName":"search_term_string"}}],"inLanguage":"pt-BR"}]}},"_links":{"self":[{"href":"https:\/\/gandariaspain.com\/pt-br\/wp-json\/wp\/v2\/pages\/34499","targetHints":{"allow":["GET"]}}],"collection":[{"href":"https:\/\/gandariaspain.com\/pt-br\/wp-json\/wp\/v2\/pages"}],"about":[{"href":"https:\/\/gandariaspain.com\/pt-br\/wp-json\/wp\/v2\/types\/page"}],"author":[{"embeddable":true,"href":"https:\/\/gandariaspain.com\/pt-br\/wp-json\/wp\/v2\/users\/1"}],"replies":[{"embeddable":true,"href":"https:\/\/gandariaspain.com\/pt-br\/wp-json\/wp\/v2\/comments?post=34499"}],"version-history":[{"count":7,"href":"https:\/\/gandariaspain.com\/pt-br\/wp-json\/wp\/v2\/pages\/34499\/revisions"}],"predecessor-version":[{"id":45049,"href":"https:\/\/gandariaspain.com\/pt-br\/wp-json\/wp\/v2\/pages\/34499\/revisions\/45049"}],"up":[{"embeddable":true,"href":"https:\/\/gandariaspain.com\/pt-br\/wp-json\/wp\/v2\/pages\/34497"}],"wp:attachment":[{"href":"https:\/\/gandariaspain.com\/pt-br\/wp-json\/wp\/v2\/media?parent=34499"}],"curies":[{"name":"wp","href":"https:\/\/api.w.org\/{rel}","templated":true}]}}