{"id":34477,"date":"2017-08-15T18:45:26","date_gmt":"2017-08-15T16:45:26","guid":{"rendered":"https:\/\/gandariaspain.com\/?page_id=34477\/"},"modified":"2017-08-31T19:32:06","modified_gmt":"2017-08-31T17:32:06","slug":"estruturas","status":"publish","type":"page","link":"https:\/\/gandariaspain.com\/pt-br\/produtos\/estruturas\/","title":{"rendered":"Estruturas"},"content":{"rendered":"<p>[et_pb_section bb_built=&#8221;1&#8243; admin_label=&#8221;section&#8221; transparent_background=&#8221;off&#8221; background_color=&#8221;#ffffff&#8221; allow_player_pause=&#8221;off&#8221; inner_shadow=&#8221;off&#8221; parallax=&#8221;off&#8221; parallax_method=&#8221;off&#8221; padding_mobile=&#8221;off&#8221; make_fullwidth=&#8221;off&#8221; use_custom_width=&#8221;off&#8221; width_unit=&#8221;on&#8221; make_equal=&#8221;off&#8221; use_custom_gutter=&#8221;off&#8221; module_class=&#8221;indentame&#8221; locked=&#8221;on&#8221;][et_pb_row admin_label=&#8221;row&#8221; parent_locked=&#8221;on&#8221; background_position=&#8221;top_left&#8221; background_repeat=&#8221;repeat&#8221; background_size=&#8221;initial&#8221;][et_pb_column type=&#8221;4_4&#8243;][et_pb_text admin_label=&#8221;No tocar. Cabecera de nivel 1. SEO&#8221; background_layout=&#8221;light&#8221; text_orientation=&#8221;left&#8221; use_border_color=&#8221;off&#8221; border_color=&#8221;#ffffff&#8221; border_style=&#8221;solid&#8221; parent_locked=&#8221;on&#8221; background_position=&#8221;top_left&#8221; background_repeat=&#8221;repeat&#8221; background_size=&#8221;initial&#8221;]<\/p>\n<h1>Gandaria Spain<\/h1>\n<p>[\/et_pb_text][\/et_pb_column][\/et_pb_row][\/et_pb_section][et_pb_section bb_built=&#8221;1&#8243; fullwidth=&#8221;on&#8221; specialty=&#8221;off&#8221; transparent_background=&#8221;off&#8221; background_color=&#8221;#ffffff&#8221; allow_player_pause=&#8221;off&#8221; inner_shadow=&#8221;off&#8221; parallax=&#8221;off&#8221; parallax_method=&#8221;off&#8221; padding_mobile=&#8221;off&#8221; make_fullwidth=&#8221;off&#8221; use_custom_width=&#8221;off&#8221; width_unit=&#8221;on&#8221; make_equal=&#8221;off&#8221; use_custom_gutter=&#8221;off&#8221; module_class=&#8221;slide-flota-izquierda&#8221;][et_pb_fullwidth_slider admin_label=&#8221;Cabecera principal + CTA&#8221; show_arrows=&#8221;on&#8221; show_pagination=&#8221;on&#8221; auto=&#8221;off&#8221; auto_ignore_hover=&#8221;off&#8221; parallax=&#8221;off&#8221; parallax_method=&#8221;off&#8221; remove_inner_shadow=&#8221;off&#8221; background_position=&#8221;top_left&#8221; hide_content_on_mobile=&#8221;off&#8221; hide_cta_on_mobile=&#8221;off&#8221; show_image_video_mobile=&#8221;off&#8221; custom_button=&#8221;off&#8221; button_letter_spacing=&#8221;0&#8243; button_icon_placement=&#8221;right&#8221; button_letter_spacing_hover=&#8221;0&#8243; disabled_on=&#8221;off|off|off&#8221; disabled=&#8221;off&#8221; _builder_version=&#8221;3.0.71&#8243;] [et_pb_slide heading=&#8221;Estruturas&#8221; background_image=&#8221;https:\/\/gandariaspain.com\/wp-content\/uploads\/2017\/04\/ESTRUCTURAS_SLIDER.jpg&#8221; background_position=&#8221;top_left&#8221; background_size=&#8221;cover&#8221; background_color=&#8221;#ffffff&#8221; use_bg_overlay=&#8221;off&#8221; use_text_overlay=&#8221;off&#8221; alignment=&#8221;center&#8221; background_layout=&#8221;dark&#8221; allow_player_pause=&#8221;off&#8221; text_border_radius=&#8221;3&#8243; header_font_select=&#8221;default&#8221; header_font=&#8221;||||&#8221; body_font_select=&#8221;default&#8221; body_font=&#8221;||||&#8221; custom_button=&#8221;off&#8221; button_font_select=&#8221;default&#8221; button_font=&#8221;||||&#8221; button_use_icon=&#8221;default&#8221; button_icon_placement=&#8221;right&#8221; button_on_hover=&#8221;on&#8221; admin_title=&#8221;Estructuras&#8221; use_background_color_gradient=&#8221;off&#8221; background_color_gradient_start=&#8221;#2b87da&#8221; background_color_gradient_end=&#8221;#29c4a9&#8243; background_color_gradient_type=&#8221;linear&#8221; background_color_gradient_direction=&#8221;180deg&#8221; background_color_gradient_direction_radial=&#8221;center&#8221; background_color_gradient_start_position=&#8221;0%&#8221; background_color_gradient_end_position=&#8221;100%&#8221; parallax=&#8221;off&#8221; parallax_method=&#8221;off&#8221; background_repeat=&#8221;no-repeat&#8221; background_blend=&#8221;normal&#8221;]<\/p>\n<h3>Estruturas personalizadas e suas aplica\u00e7\u00f5es<\/h3>\n<p>[\/et_pb_slide] [\/et_pb_fullwidth_slider][\/et_pb_section][et_pb_section bb_built=&#8221;1&#8243; admin_label=&#8221;Principales caracter\u00edsticas&#8221; fullwidth=&#8221;off&#8221; specialty=&#8221;off&#8221; transparent_background=&#8221;on&#8221; background_color=&#8221;#3a4149&#8243; allow_player_pause=&#8221;off&#8221; inner_shadow=&#8221;off&#8221; parallax=&#8221;off&#8221; parallax_method=&#8221;off&#8221; padding_mobile=&#8221;off&#8221; make_fullwidth=&#8221;off&#8221; use_custom_width=&#8221;off&#8221; width_unit=&#8221;on&#8221; make_equal=&#8221;off&#8221; use_custom_gutter=&#8221;off&#8221;][et_pb_row make_fullwidth=&#8221;on&#8221; use_custom_width=&#8221;off&#8221; width_unit=&#8221;on&#8221; use_custom_gutter=&#8221;off&#8221; padding_mobile=&#8221;off&#8221; allow_player_pause=&#8221;off&#8221; parallax=&#8221;off&#8221; parallax_method=&#8221;off&#8221; make_equal=&#8221;off&#8221; parallax_1=&#8221;off&#8221; parallax_method_1=&#8221;off&#8221; parallax_2=&#8221;off&#8221; parallax_method_2=&#8221;off&#8221; column_padding_mobile=&#8221;on&#8221; background_position=&#8221;top_left&#8221; background_repeat=&#8221;repeat&#8221; background_size=&#8221;initial&#8221;][et_pb_column type=&#8221;1_2&#8243;][et_pb_blurb admin_label=&#8221;Catwalks&#8221; url_new_window=&#8221;off&#8221; use_icon=&#8221;off&#8221; font_icon=&#8221;3&#8243; icon_color=&#8221;#ffffff&#8221; use_circle=&#8221;off&#8221; circle_color=&#8221;#417764&#8243; use_circle_border=&#8221;on&#8221; circle_border_color=&#8221;#417764&#8243; icon_placement=&#8221;left&#8221; animation=&#8221;off&#8221; background_layout=&#8221;light&#8221; use_icon_font_size=&#8221;on&#8221; border_style=&#8221;solid&#8221; icon_font_size=&#8221;21px&#8221; background_position=&#8221;top_left&#8221; background_repeat=&#8221;repeat&#8221; background_size=&#8221;initial&#8221; _builder_version=&#8221;3.0.71&#8243;]<\/p>\n<h3>Passarelas<\/h3>\n<p>Para sustentar a mecaniz<strong>a\u00e7\u00e3o de carga e facilitar a manuten\u00e7\u00e3o e opera\u00e7\u00e3o dos silos dispomos de<\/strong> diferentes tipos de passarelas dependendo da sua luz, dist\u00e2ncia ao solo e carga a suportar. T\u00eam uma concep\u00e7\u00e3o modular com uni\u00f5es roscadas.<\/p>\n<p>Foram pensadas para a passagem <strong>de pessoas ou como apoio \u00e0 mecaniza\u00e7\u00e3o de at\u00e9 2.000T\/h<\/strong> \u00a0e as suas dimens\u00f5es v\u00e3o desde 800mm at\u00e9 3500 mm de largura, com piso antiderrapante e prote\u00e7\u00f5es de acordo com a norma UNE-EN ISO 14122.<\/p>\n<p>Tipo de passarelas dispon\u00edveis:<strong> Aberta, fechada tipo t\u00fanel, com estrutura tipo gelosia ou laminadas.<\/strong><\/p>\n<p>&nbsp;<\/p>\n<p>[\/et_pb_blurb][et_pb_image admin_label=&#8221;Imagen 1 Catwalks&#8221; _builder_version=&#8221;3.0.69&#8243; show_in_lightbox=&#8221;off&#8221; url_new_window=&#8221;off&#8221; use_overlay=&#8221;off&#8221; sticky=&#8221;off&#8221; align=&#8221;left&#8221; always_center_on_mobile=&#8221;on&#8221; border_style=&#8221;solid&#8221; force_fullwidth=&#8221;off&#8221; src=&#8221;https:\/\/gandariaspain.com\/wp-content\/uploads\/2017\/04\/pasarela.jpg&#8221; \/][et_pb_blurb admin_label=&#8221;Lateral support&#8221; url_new_window=&#8221;off&#8221; use_icon=&#8221;off&#8221; font_icon=&#8221;3&#8243; icon_color=&#8221;#ffffff&#8221; use_circle=&#8221;on&#8221; circle_color=&#8221;#417764&#8243; use_circle_border=&#8221;on&#8221; circle_border_color=&#8221;#417764&#8243; icon_placement=&#8221;left&#8221; animation=&#8221;off&#8221; background_layout=&#8221;light&#8221; use_icon_font_size=&#8221;on&#8221; border_style=&#8221;solid&#8221; icon_font_size=&#8221;21px&#8221; disabled_on=&#8221;off|off|off&#8221; disabled=&#8221;off&#8221; locked=&#8221;off&#8221; background_position=&#8221;top_left&#8221; background_repeat=&#8221;repeat&#8221; background_size=&#8221;initial&#8221; _builder_version=&#8221;3.0.71&#8243;]<\/p>\n<h3>Suporte lateral<\/h3>\n<p>O suporte lateral \u00e9 aparafusado aos refor\u00e7os do silo. \u00c9 utilizado para maquinaria leve em silos de at\u00e9 24 m de di\u00e2metro. Adicionalmente pode ser acrescentado um suporte obl\u00edquo ao suporte lateral dependendo do modelo do silo e da passarela.<\/p>\n<p>[\/et_pb_blurb][et_pb_image admin_label=&#8221;Imagen 3 Lateral support&#8221; _builder_version=&#8221;3.0.69&#8243; show_in_lightbox=&#8221;off&#8221; url_new_window=&#8221;off&#8221; use_overlay=&#8221;off&#8221; sticky=&#8221;off&#8221; align=&#8221;left&#8221; always_center_on_mobile=&#8221;on&#8221; border_style=&#8221;solid&#8221; force_fullwidth=&#8221;off&#8221; src=&#8221;https:\/\/gandariaspain.com\/wp-content\/uploads\/2017\/04\/soporte-lateral.jpg&#8221; \/][et_pb_blurb admin_label=&#8221;Suport towers&#8221; url_new_window=&#8221;off&#8221; use_icon=&#8221;off&#8221; font_icon=&#8221;3&#8243; icon_color=&#8221;#ffffff&#8221; use_circle=&#8221;on&#8221; circle_color=&#8221;#417764&#8243; use_circle_border=&#8221;on&#8221; circle_border_color=&#8221;#417764&#8243; icon_placement=&#8221;left&#8221; animation=&#8221;off&#8221; background_layout=&#8221;light&#8221; use_icon_font_size=&#8221;on&#8221; border_style=&#8221;solid&#8221; icon_font_size=&#8221;21px&#8221; disabled_on=&#8221;off|off|off&#8221; disabled=&#8221;off&#8221; background_position=&#8221;top_left&#8221; background_repeat=&#8221;repeat&#8221; background_size=&#8221;initial&#8221; _builder_version=&#8221;3.0.71&#8243;]<\/p>\n<h3>Torres de apoio<\/h3>\n<p>As torres de apoio foram concebidas especialmente para suportar as cargas da passarela, que s\u00e3o transmitidas directamente para a funda\u00e7\u00e3o.<\/p>\n<p>Dependendo<strong> da sua posi\u00e7\u00e3o e concep\u00e7\u00e3o oferecemos tipos distintos de torres:<\/strong><\/p>\n<ul>\n<li>Torres intermedi\u00e1rias entre silos como apoio de passarelas: superf\u00edcie em planta de 2&#215;1 \u00a0metros.<\/li>\n<li>Torres em posi\u00e7\u00e3o expostas: superf\u00edcie em planta de 2&#215;2 metros.<\/li>\n<li>Torres tubulares e tipo biela: para passarelas laminadas e conformadas.<\/li>\n<\/ul>\n<p>[\/et_pb_blurb][et_pb_image admin_label=&#8221;Imagen 5 Suport towers&#8221; _builder_version=&#8221;3.0.69&#8243; show_in_lightbox=&#8221;off&#8221; url_new_window=&#8221;off&#8221; use_overlay=&#8221;off&#8221; sticky=&#8221;off&#8221; align=&#8221;left&#8221; always_center_on_mobile=&#8221;on&#8221; border_style=&#8221;solid&#8221; force_fullwidth=&#8221;off&#8221; src=&#8221;https:\/\/gandariaspain.com\/wp-content\/uploads\/2017\/04\/torre-apoyo.jpg&#8221; \/][\/et_pb_column][et_pb_column type=&#8221;1_2&#8243;][et_pb_blurb admin_label=&#8221;Cap support&#8221; url_new_window=&#8221;off&#8221; use_icon=&#8221;off&#8221; font_icon=&#8221;3&#8243; icon_color=&#8221;#ffffff&#8221; use_circle=&#8221;off&#8221; circle_color=&#8221;#417764&#8243; use_circle_border=&#8221;on&#8221; circle_border_color=&#8221;#417764&#8243; icon_placement=&#8221;left&#8221; animation=&#8221;off&#8221; background_layout=&#8221;light&#8221; use_icon_font_size=&#8221;on&#8221; border_style=&#8221;solid&#8221; icon_font_size=&#8221;21px&#8221; background_position=&#8221;top_left&#8221; background_repeat=&#8221;repeat&#8221; background_size=&#8221;initial&#8221; _builder_version=&#8221;3.0.71&#8243;]<\/p>\n<h3>Suporte de c\u00fapula<\/h3>\n<p>O suporte de c\u00fapula \u00a0serve de apoio \u00e0 passarela e \u00e9 colocado por cima da tampa superior do teto do silo. <strong>Existem diferentes tipos em fun\u00e7\u00e3o do rendimento da maquinaria e do tipo de passarela.<\/strong><\/p>\n<p>[\/et_pb_blurb][et_pb_image admin_label=&#8221;Imagen 2 Cap support&#8221; _builder_version=&#8221;3.0.69&#8243; show_in_lightbox=&#8221;off&#8221; url_new_window=&#8221;off&#8221; use_overlay=&#8221;off&#8221; sticky=&#8221;off&#8221; align=&#8221;left&#8221; always_center_on_mobile=&#8221;on&#8221; border_style=&#8221;solid&#8221; force_fullwidth=&#8221;off&#8221; src=&#8221;https:\/\/gandariaspain.com\/wp-content\/uploads\/2017\/04\/soporte-cupula.jpg&#8221; \/][et_pb_blurb admin_label=&#8221;Rest platform&#8221; url_new_window=&#8221;off&#8221; use_icon=&#8221;off&#8221; font_icon=&#8221;3&#8243; icon_color=&#8221;#ffffff&#8221; use_circle=&#8221;off&#8221; circle_color=&#8221;#417764&#8243; use_circle_border=&#8221;on&#8221; circle_border_color=&#8221;#417764&#8243; icon_placement=&#8221;left&#8221; animation=&#8221;off&#8221; background_layout=&#8221;light&#8221; use_icon_font_size=&#8221;on&#8221; border_style=&#8221;solid&#8221; icon_font_size=&#8221;21px&#8221; disabled_on=&#8221;off|off|off&#8221; disabled=&#8221;off&#8221; background_position=&#8221;top_left&#8221; background_repeat=&#8221;repeat&#8221; background_size=&#8221;initial&#8221; _builder_version=&#8221;3.0.71&#8243;]<\/p>\n<h3>Plataforma na c\u00fapula<\/h3>\n<p>A plataforma na c\u00fapula \u00e9 um elemento opcional e favorece as tarefas de supervis\u00e3o das jun\u00e7\u00f5es entre a maquinaria e o silo.<\/p>\n<p>[\/et_pb_blurb][et_pb_image admin_label=&#8221;Imagen 4 Rest platform&#8221; _builder_version=&#8221;3.0.69&#8243; show_in_lightbox=&#8221;off&#8221; url_new_window=&#8221;off&#8221; use_overlay=&#8221;off&#8221; sticky=&#8221;off&#8221; align=&#8221;left&#8221; always_center_on_mobile=&#8221;on&#8221; border_style=&#8221;solid&#8221; force_fullwidth=&#8221;off&#8221; src=&#8221;https:\/\/gandariaspain.com\/wp-content\/uploads\/2017\/04\/plataforma-cupula.jpg&#8221; \/][et_pb_blurb admin_label=&#8221;Elevator towers&#8221; url_new_window=&#8221;off&#8221; use_icon=&#8221;off&#8221; font_icon=&#8221;3&#8243; icon_color=&#8221;#ffffff&#8221; use_circle=&#8221;off&#8221; circle_color=&#8221;#417764&#8243; use_circle_border=&#8221;on&#8221; circle_border_color=&#8221;#417764&#8243; icon_placement=&#8221;left&#8221; animation=&#8221;off&#8221; background_layout=&#8221;light&#8221; use_icon_font_size=&#8221;on&#8221; border_style=&#8221;solid&#8221; icon_font_size=&#8221;21px&#8221; disabled_on=&#8221;off|off|off&#8221; disabled=&#8221;off&#8221; background_position=&#8221;top_left&#8221; background_repeat=&#8221;repeat&#8221; background_size=&#8221;initial&#8221; _builder_version=&#8221;3.0.71&#8243;]<\/p>\n<h3>Torres de elevadores<\/h3>\n<p>As torres de elevadores s\u00e3o estruturas modulares aparafusadas e soldadas fabricadas com perfis laminados em T duplo em a\u00e7o galvanizado.<\/p>\n<ul>\n<li>Acrescentam estabilidade, possibilitam o acesso \u00e0s passarelas e possibilitam as tarefas de manuten\u00e7\u00e3o do elevador de forma mais segura.<\/li>\n<li>Com piso transit\u00e1vel, grelhas eletrossoldadas e plataformas de manuten\u00e7\u00e3o, incluindo tensores de fixa\u00e7\u00e3o.<\/li>\n<\/ul>\n<p>Aplica\u00e7\u00f5es:<\/p>\n<ul>\n<li>Em instala\u00e7\u00f5es nas quais a recep\u00e7\u00e3o do gr\u00e3o se centraliza num grupo de elevadores.<\/li>\n<li>Para torres de processamento com recep\u00e7\u00e3o, pesagem e limpeza.<\/li>\n<li>Torres de transfer\u00eancia em instala\u00e7\u00f5es portu\u00e1rias.<\/li>\n<\/ul>\n<p>[\/et_pb_blurb][et_pb_image admin_label=&#8221;Imagen 6 Elevator towers&#8221; _builder_version=&#8221;3.0.69&#8243; show_in_lightbox=&#8221;off&#8221; url_new_window=&#8221;off&#8221; use_overlay=&#8221;off&#8221; sticky=&#8221;off&#8221; align=&#8221;left&#8221; always_center_on_mobile=&#8221;on&#8221; border_style=&#8221;solid&#8221; force_fullwidth=&#8221;off&#8221; src=&#8221;https:\/\/gandariaspain.com\/wp-content\/uploads\/2017\/04\/torre-elevador.jpg&#8221; \/][\/et_pb_column][\/et_pb_row][\/et_pb_section]<\/p>\n<span class=\"et_bloom_bottom_trigger\"><\/span>","protected":false},"excerpt":{"rendered":"<p>Gandaria Spain Estruturas personalizadas e suas aplica\u00e7\u00f5es Passarelas Para sustentar [&hellip;]<\/p>\n","protected":false},"author":1,"featured_media":0,"parent":34438,"menu_order":0,"comment_status":"closed","ping_status":"closed","template":"","meta":{"_et_pb_use_builder":"on","_et_pb_old_content":"Estructuras","_et_gb_content_width":"","_mbp_gutenberg_autopost":false,"footnotes":""},"class_list":["post-34477","page","type-page","status-publish","hentry"],"yoast_head":"<!-- This site is optimized with the Yoast SEO plugin v27.3 - https:\/\/yoast.com\/product\/yoast-seo-wordpress\/ -->\n<title>Estruturas - Gandaria - Silos Spain<\/title>\n<meta name=\"robots\" content=\"index, follow, max-snippet:-1, max-image-preview:large, max-video-preview:-1\" \/>\n<link rel=\"canonical\" href=\"https:\/\/gandariaspain.com\/pt-br\/produtos\/estruturas\/\" \/>\n<meta property=\"og:locale\" content=\"pt_BR\" \/>\n<meta property=\"og:type\" content=\"article\" \/>\n<meta property=\"og:title\" content=\"Estruturas - Gandaria - Silos Spain\" \/>\n<meta property=\"og:description\" content=\"Gandaria Spain Estruturas personalizadas e suas aplica\u00e7\u00f5es Passarelas Para sustentar [&hellip;]\" \/>\n<meta property=\"og:url\" content=\"https:\/\/gandariaspain.com\/pt-br\/produtos\/estruturas\/\" \/>\n<meta property=\"og:site_name\" content=\"Gandaria - Silos Spain\" \/>\n<meta property=\"article:modified_time\" content=\"2017-08-31T17:32:06+00:00\" \/>\n<meta name=\"twitter:card\" content=\"summary_large_image\" \/>\n<meta name=\"twitter:label1\" content=\"Est. tempo de leitura\" \/>\n\t<meta name=\"twitter:data1\" content=\"8 minutos\" \/>\n<script type=\"application\/ld+json\" class=\"yoast-schema-graph\">{\"@context\":\"https:\\\/\\\/schema.org\",\"@graph\":[{\"@type\":\"WebPage\",\"@id\":\"https:\\\/\\\/gandariaspain.com\\\/pt-br\\\/produtos\\\/estruturas\\\/\",\"url\":\"https:\\\/\\\/gandariaspain.com\\\/pt-br\\\/produtos\\\/estruturas\\\/\",\"name\":\"Estruturas - Gandaria - Silos Spain\",\"isPartOf\":{\"@id\":\"https:\\\/\\\/gandariaspain.com\\\/pt-br\\\/#website\"},\"datePublished\":\"2017-08-15T16:45:26+00:00\",\"dateModified\":\"2017-08-31T17:32:06+00:00\",\"breadcrumb\":{\"@id\":\"https:\\\/\\\/gandariaspain.com\\\/pt-br\\\/produtos\\\/estruturas\\\/#breadcrumb\"},\"inLanguage\":\"pt-BR\",\"potentialAction\":[{\"@type\":\"ReadAction\",\"target\":[\"https:\\\/\\\/gandariaspain.com\\\/pt-br\\\/produtos\\\/estruturas\\\/\"]}]},{\"@type\":\"BreadcrumbList\",\"@id\":\"https:\\\/\\\/gandariaspain.com\\\/pt-br\\\/produtos\\\/estruturas\\\/#breadcrumb\",\"itemListElement\":[{\"@type\":\"ListItem\",\"position\":1,\"name\":\"Produtos\",\"item\":\"https:\\\/\\\/gandariaspain.com\\\/pt-br\\\/produtos\\\/\"},{\"@type\":\"ListItem\",\"position\":2,\"name\":\"Estruturas\"}]},{\"@type\":\"WebSite\",\"@id\":\"https:\\\/\\\/gandariaspain.com\\\/pt-br\\\/#website\",\"url\":\"https:\\\/\\\/gandariaspain.com\\\/pt-br\\\/\",\"name\":\"Gandaria - Silos Spain\",\"description\":\"Just another WordPress site\",\"potentialAction\":[{\"@type\":\"SearchAction\",\"target\":{\"@type\":\"EntryPoint\",\"urlTemplate\":\"https:\\\/\\\/gandariaspain.com\\\/pt-br\\\/?s={search_term_string}\"},\"query-input\":{\"@type\":\"PropertyValueSpecification\",\"valueRequired\":true,\"valueName\":\"search_term_string\"}}],\"inLanguage\":\"pt-BR\"}]}<\/script>\n<!-- \/ Yoast SEO plugin. -->","yoast_head_json":{"title":"Estruturas - Gandaria - Silos Spain","robots":{"index":"index","follow":"follow","max-snippet":"max-snippet:-1","max-image-preview":"max-image-preview:large","max-video-preview":"max-video-preview:-1"},"canonical":"https:\/\/gandariaspain.com\/pt-br\/produtos\/estruturas\/","og_locale":"pt_BR","og_type":"article","og_title":"Estruturas - Gandaria - Silos Spain","og_description":"Gandaria Spain Estruturas personalizadas e suas aplica\u00e7\u00f5es Passarelas Para sustentar [&hellip;]","og_url":"https:\/\/gandariaspain.com\/pt-br\/produtos\/estruturas\/","og_site_name":"Gandaria - Silos Spain","article_modified_time":"2017-08-31T17:32:06+00:00","twitter_card":"summary_large_image","twitter_misc":{"Est. tempo de leitura":"8 minutos"},"schema":{"@context":"https:\/\/schema.org","@graph":[{"@type":"WebPage","@id":"https:\/\/gandariaspain.com\/pt-br\/produtos\/estruturas\/","url":"https:\/\/gandariaspain.com\/pt-br\/produtos\/estruturas\/","name":"Estruturas - Gandaria - Silos Spain","isPartOf":{"@id":"https:\/\/gandariaspain.com\/pt-br\/#website"},"datePublished":"2017-08-15T16:45:26+00:00","dateModified":"2017-08-31T17:32:06+00:00","breadcrumb":{"@id":"https:\/\/gandariaspain.com\/pt-br\/produtos\/estruturas\/#breadcrumb"},"inLanguage":"pt-BR","potentialAction":[{"@type":"ReadAction","target":["https:\/\/gandariaspain.com\/pt-br\/produtos\/estruturas\/"]}]},{"@type":"BreadcrumbList","@id":"https:\/\/gandariaspain.com\/pt-br\/produtos\/estruturas\/#breadcrumb","itemListElement":[{"@type":"ListItem","position":1,"name":"Produtos","item":"https:\/\/gandariaspain.com\/pt-br\/produtos\/"},{"@type":"ListItem","position":2,"name":"Estruturas"}]},{"@type":"WebSite","@id":"https:\/\/gandariaspain.com\/pt-br\/#website","url":"https:\/\/gandariaspain.com\/pt-br\/","name":"Gandaria - Silos Spain","description":"Just another WordPress site","potentialAction":[{"@type":"SearchAction","target":{"@type":"EntryPoint","urlTemplate":"https:\/\/gandariaspain.com\/pt-br\/?s={search_term_string}"},"query-input":{"@type":"PropertyValueSpecification","valueRequired":true,"valueName":"search_term_string"}}],"inLanguage":"pt-BR"}]}},"_links":{"self":[{"href":"https:\/\/gandariaspain.com\/pt-br\/wp-json\/wp\/v2\/pages\/34477","targetHints":{"allow":["GET"]}}],"collection":[{"href":"https:\/\/gandariaspain.com\/pt-br\/wp-json\/wp\/v2\/pages"}],"about":[{"href":"https:\/\/gandariaspain.com\/pt-br\/wp-json\/wp\/v2\/types\/page"}],"author":[{"embeddable":true,"href":"https:\/\/gandariaspain.com\/pt-br\/wp-json\/wp\/v2\/users\/1"}],"replies":[{"embeddable":true,"href":"https:\/\/gandariaspain.com\/pt-br\/wp-json\/wp\/v2\/comments?post=34477"}],"version-history":[{"count":5,"href":"https:\/\/gandariaspain.com\/pt-br\/wp-json\/wp\/v2\/pages\/34477\/revisions"}],"predecessor-version":[{"id":40269,"href":"https:\/\/gandariaspain.com\/pt-br\/wp-json\/wp\/v2\/pages\/34477\/revisions\/40269"}],"up":[{"embeddable":true,"href":"https:\/\/gandariaspain.com\/pt-br\/wp-json\/wp\/v2\/pages\/34438"}],"wp:attachment":[{"href":"https:\/\/gandariaspain.com\/pt-br\/wp-json\/wp\/v2\/media?parent=34477"}],"curies":[{"name":"wp","href":"https:\/\/api.w.org\/{rel}","templated":true}]}}