{"id":34475,"date":"2017-08-15T18:45:11","date_gmt":"2017-08-15T16:45:11","guid":{"rendered":"https:\/\/gandariaspain.com\/?page_id=34475\/"},"modified":"2017-08-31T19:17:23","modified_gmt":"2017-08-31T17:17:23","slug":"acessorios","status":"publish","type":"page","link":"https:\/\/gandariaspain.com\/pt-br\/produtos\/silos\/acessorios\/","title":{"rendered":"Acess\u00f3rios de silos met\u00e1licos"},"content":{"rendered":"<p>[et_pb_section bb_built=&#8221;1&#8243; admin_label=&#8221;section&#8221; transparent_background=&#8221;off&#8221; background_color=&#8221;#ffffff&#8221; allow_player_pause=&#8221;off&#8221; inner_shadow=&#8221;off&#8221; parallax=&#8221;off&#8221; parallax_method=&#8221;off&#8221; padding_mobile=&#8221;off&#8221; make_fullwidth=&#8221;off&#8221; use_custom_width=&#8221;off&#8221; width_unit=&#8221;on&#8221; make_equal=&#8221;off&#8221; use_custom_gutter=&#8221;off&#8221; module_class=&#8221;indentame&#8221; locked=&#8221;on&#8221;][et_pb_row admin_label=&#8221;row&#8221; parent_locked=&#8221;on&#8221; background_position=&#8221;top_left&#8221; background_repeat=&#8221;repeat&#8221; background_size=&#8221;initial&#8221;][et_pb_column type=&#8221;4_4&#8243;][et_pb_text admin_label=&#8221;No tocar. Cabecera de nivel 1. SEO&#8221; background_layout=&#8221;light&#8221; text_orientation=&#8221;left&#8221; use_border_color=&#8221;off&#8221; border_color=&#8221;#ffffff&#8221; border_style=&#8221;solid&#8221; parent_locked=&#8221;on&#8221; background_position=&#8221;top_left&#8221; background_repeat=&#8221;repeat&#8221; background_size=&#8221;initial&#8221;]<\/p>\n<h1>Gandaria Spain<\/h1>\n<p>[\/et_pb_text][\/et_pb_column][\/et_pb_row][\/et_pb_section][et_pb_section bb_built=&#8221;1&#8243; fullwidth=&#8221;on&#8221; specialty=&#8221;off&#8221; transparent_background=&#8221;off&#8221; background_color=&#8221;#ffffff&#8221; allow_player_pause=&#8221;off&#8221; inner_shadow=&#8221;off&#8221; parallax=&#8221;off&#8221; parallax_method=&#8221;off&#8221; padding_mobile=&#8221;off&#8221; make_fullwidth=&#8221;off&#8221; use_custom_width=&#8221;off&#8221; width_unit=&#8221;on&#8221; make_equal=&#8221;off&#8221; use_custom_gutter=&#8221;off&#8221; module_class=&#8221;slide-flota-izquierda&#8221;][et_pb_fullwidth_slider admin_label=&#8221;Cabecera principal + CTA&#8221; show_arrows=&#8221;on&#8221; show_pagination=&#8221;on&#8221; auto=&#8221;off&#8221; auto_ignore_hover=&#8221;off&#8221; parallax=&#8221;off&#8221; parallax_method=&#8221;off&#8221; remove_inner_shadow=&#8221;off&#8221; background_position=&#8221;top_left&#8221; hide_content_on_mobile=&#8221;off&#8221; hide_cta_on_mobile=&#8221;off&#8221; show_image_video_mobile=&#8221;off&#8221; custom_button=&#8221;off&#8221; button_letter_spacing=&#8221;0&#8243; button_icon_placement=&#8221;right&#8221; button_letter_spacing_hover=&#8221;0&#8243; disabled_on=&#8221;off|off|off&#8221; disabled=&#8221;off&#8221; _builder_version=&#8221;3.0.71&#8243;] [et_pb_slide heading=&#8221;Acess\u00f3rios de silos met\u00e1licos&#8221; button_text=&#8221;Pe\u00e7a or\u00e7amento&#8221; button_link=&#8221;\/pt-br\/peca-orcamento\/&#8221; background_image=&#8221;https:\/\/gandariaspain.com\/wp-content\/uploads\/2017\/04\/ACCESORIOS_SLIDER.jpg&#8221; background_position=&#8221;top_left&#8221; background_size=&#8221;cover&#8221; background_color=&#8221;#ffffff&#8221; use_bg_overlay=&#8221;off&#8221; use_text_overlay=&#8221;off&#8221; alignment=&#8221;center&#8221; background_layout=&#8221;dark&#8221; allow_player_pause=&#8221;off&#8221; text_border_radius=&#8221;3&#8243; header_font_select=&#8221;default&#8221; header_font=&#8221;||||&#8221; body_font_select=&#8221;default&#8221; body_font=&#8221;||||&#8221; custom_button=&#8221;off&#8221; button_font_select=&#8221;default&#8221; button_font=&#8221;||||&#8221; button_use_icon=&#8221;default&#8221; button_icon_placement=&#8221;right&#8221; button_on_hover=&#8221;on&#8221; admin_title=&#8221;Acesorios &#8221; use_background_color_gradient=&#8221;off&#8221; background_color_gradient_start=&#8221;#2b87da&#8221; background_color_gradient_end=&#8221;#29c4a9&#8243; background_color_gradient_type=&#8221;linear&#8221; background_color_gradient_direction=&#8221;180deg&#8221; background_color_gradient_direction_radial=&#8221;center&#8221; background_color_gradient_start_position=&#8221;0%&#8221; background_color_gradient_end_position=&#8221;100%&#8221; parallax=&#8221;off&#8221; parallax_method=&#8221;off&#8221; background_repeat=&#8221;no-repeat&#8221; background_blend=&#8221;normal&#8221; \/] [\/et_pb_fullwidth_slider][\/et_pb_section][et_pb_section bb_built=&#8221;1&#8243; admin_label=&#8221;Principales caracter\u00edsticas&#8221; fullwidth=&#8221;off&#8221; specialty=&#8221;off&#8221; transparent_background=&#8221;on&#8221; background_color=&#8221;#3a4149&#8243; allow_player_pause=&#8221;off&#8221; inner_shadow=&#8221;off&#8221; parallax=&#8221;off&#8221; parallax_method=&#8221;off&#8221; padding_mobile=&#8221;off&#8221; make_fullwidth=&#8221;off&#8221; use_custom_width=&#8221;off&#8221; width_unit=&#8221;on&#8221; make_equal=&#8221;off&#8221; use_custom_gutter=&#8221;off&#8221;][et_pb_row make_fullwidth=&#8221;on&#8221; use_custom_width=&#8221;off&#8221; width_unit=&#8221;on&#8221; use_custom_gutter=&#8221;off&#8221; padding_mobile=&#8221;off&#8221; allow_player_pause=&#8221;off&#8221; parallax=&#8221;off&#8221; parallax_method=&#8221;off&#8221; make_equal=&#8221;off&#8221; parallax_1=&#8221;off&#8221; parallax_method_1=&#8221;off&#8221; parallax_2=&#8221;off&#8221; parallax_method_2=&#8221;off&#8221; column_padding_mobile=&#8221;on&#8221; background_position=&#8221;top_left&#8221; background_repeat=&#8221;repeat&#8221; background_size=&#8221;initial&#8221;][et_pb_column type=&#8221;1_2&#8243;][et_pb_blurb admin_label=&#8221;Slide&#8221; url_new_window=&#8221;off&#8221; use_icon=&#8221;off&#8221; font_icon=&#8221;3&#8243; icon_color=&#8221;#ffffff&#8221; use_circle=&#8221;off&#8221; circle_color=&#8221;#417764&#8243; use_circle_border=&#8221;on&#8221; circle_border_color=&#8221;#417764&#8243; icon_placement=&#8221;left&#8221; animation=&#8221;off&#8221; background_layout=&#8221;light&#8221; use_icon_font_size=&#8221;on&#8221; border_style=&#8221;solid&#8221; icon_font_size=&#8221;21px&#8221; background_position=&#8221;top_left&#8221; background_repeat=&#8221;repeat&#8221; background_size=&#8221;initial&#8221; _builder_version=&#8221;3.0.71&#8243;]<\/p>\n<h3>Tobogan<\/h3>\n<p>O tobogan \u00e9 um conduto interior situado na parede do silo possibilita que a carga do produto (no silo) deslize de forma homog\u00eanea, evitando assim a sua ruptura.<\/p>\n<p>[\/et_pb_blurb][et_pb_image admin_label=&#8221;Imagen 1 Slide&#8221; src=&#8221;https:\/\/gandariaspain.com\/wp-content\/uploads\/2017\/04\/tobogan.jpg&#8221; show_in_lightbox=&#8221;off&#8221; url_new_window=&#8221;off&#8221; use_overlay=&#8221;off&#8221; sticky=&#8221;off&#8221; align=&#8221;left&#8221; force_fullwidth=&#8221;off&#8221; always_center_on_mobile=&#8221;on&#8221; border_style=&#8221;solid&#8221; _builder_version=&#8221;3.0.69&#8243; \/][et_pb_blurb admin_label=&#8221;Thermometry systems&#8221; url_new_window=&#8221;off&#8221; use_icon=&#8221;off&#8221; font_icon=&#8221;3&#8243; icon_color=&#8221;#ffffff&#8221; use_circle=&#8221;on&#8221; circle_color=&#8221;#417764&#8243; use_circle_border=&#8221;on&#8221; circle_border_color=&#8221;#417764&#8243; icon_placement=&#8221;left&#8221; animation=&#8221;off&#8221; background_layout=&#8221;light&#8221; use_icon_font_size=&#8221;on&#8221; border_style=&#8221;solid&#8221; icon_font_size=&#8221;21px&#8221; disabled_on=&#8221;off|off|off&#8221; disabled=&#8221;off&#8221; locked=&#8221;off&#8221; background_position=&#8221;top_left&#8221; background_repeat=&#8221;repeat&#8221; background_size=&#8221;initial&#8221; _builder_version=&#8221;3.0.71&#8243;]<\/p>\n<h3>Sistemas de termometria<\/h3>\n<p>A Gandaria disponibiliza um sistema de medi\u00e7\u00e3o, monitoriza\u00e7\u00e3o e controle da temperatura e umidade do cereal no interior do silo.<\/p>\n<p>Este sistema inclui suportes para as diferentes sondas adaptados \u00e0 estrutura dos nossos tetos.<\/p>\n<p>[\/et_pb_blurb][et_pb_image admin_label=&#8221;Imagen 3 Thermometry systems&#8221; src=&#8221;https:\/\/gandariaspain.com\/wp-content\/uploads\/2017\/04\/sistema-de-termometria-1.jpg&#8221; show_in_lightbox=&#8221;off&#8221; url_new_window=&#8221;off&#8221; use_overlay=&#8221;off&#8221; sticky=&#8221;off&#8221; align=&#8221;left&#8221; force_fullwidth=&#8221;off&#8221; always_center_on_mobile=&#8221;on&#8221; border_style=&#8221;solid&#8221; _builder_version=&#8221;3.0.69&#8243; \/][et_pb_blurb admin_label=&#8221;Perimeter handrail&#8221; url_new_window=&#8221;off&#8221; use_icon=&#8221;off&#8221; font_icon=&#8221;3&#8243; icon_color=&#8221;#ffffff&#8221; use_circle=&#8221;on&#8221; circle_color=&#8221;#417764&#8243; use_circle_border=&#8221;on&#8221; circle_border_color=&#8221;#417764&#8243; icon_placement=&#8221;left&#8221; animation=&#8221;off&#8221; background_layout=&#8221;light&#8221; use_icon_font_size=&#8221;on&#8221; border_style=&#8221;solid&#8221; icon_font_size=&#8221;21px&#8221; disabled_on=&#8221;off|off|off&#8221; disabled=&#8221;off&#8221; background_position=&#8221;top_left&#8221; background_repeat=&#8221;repeat&#8221; background_size=&#8221;initial&#8221; _builder_version=&#8221;3.0.71&#8243;]<\/p>\n<h3>Corrim\u00e3o perimetral<\/h3>\n<p>O corrim\u00e3o perimetral \u00e9 uma estrutura de melhoria de seguran\u00e7a para trabalhos de manuten\u00e7\u00e3o no teto do silo.<\/p>\n<p>[\/et_pb_blurb][et_pb_image admin_label=&#8221;Imagen 5 Perimeter handrail&#8221; src=&#8221;https:\/\/gandariaspain.com\/wp-content\/uploads\/2017\/04\/Barandillaperimetraldetalle.jpg&#8221; show_in_lightbox=&#8221;off&#8221; url_new_window=&#8221;off&#8221; use_overlay=&#8221;off&#8221; sticky=&#8221;off&#8221; align=&#8221;left&#8221; force_fullwidth=&#8221;off&#8221; always_center_on_mobile=&#8221;on&#8221; border_style=&#8221;solid&#8221; _builder_version=&#8221;3.0.69&#8243; \/][et_pb_blurb admin_label=&#8221;Ventilation&#8221; url_new_window=&#8221;off&#8221; use_icon=&#8221;off&#8221; font_icon=&#8221;3&#8243; icon_color=&#8221;#ffffff&#8221; use_circle=&#8221;on&#8221; circle_color=&#8221;#417764&#8243; use_circle_border=&#8221;on&#8221; circle_border_color=&#8221;#417764&#8243; icon_placement=&#8221;left&#8221; animation=&#8221;off&#8221; background_layout=&#8221;light&#8221; use_icon_font_size=&#8221;on&#8221; border_style=&#8221;solid&#8221; icon_font_size=&#8221;21px&#8221; disabled_on=&#8221;off|off|off&#8221; disabled=&#8221;off&#8221; background_position=&#8221;top_left&#8221; background_repeat=&#8221;repeat&#8221; background_size=&#8221;initial&#8221; _builder_version=&#8221;3.0.71&#8243;]<\/p>\n<h3>Ventila\u00e7\u00e3o<\/h3>\n<p>Para um bom acondicionamento e conserva\u00e7\u00e3o do gr\u00e3o, entre outros aspectos, aplicamos um sistema de ventila\u00e7\u00e3o para \u00a0silos de todas as capacidades, assim como para variedade de produtos. Ap\u00f3s estudo t\u00e9cnico da instala\u00e7\u00e3o e considerando o tipo de gr\u00e3o, as condi\u00e7\u00f5es ambientais, a capacidade do silo e suas dimens\u00f5es, \u00e9 determinado o sistema de ventila\u00e7\u00e3o necess\u00e1rio para cada instala\u00e7\u00e3o.<\/p>\n<ul>\n<li>Extratores<\/li>\n<\/ul>\n<p>Os extratores s\u00e3o um complemento da ventila\u00e7\u00e3o para ambientes tropicais ou produtos prop\u00edcios \u00e0 condensa\u00e7\u00e3o. \u00a0Dispomos de ventiladores axiais equipados com h\u00e9lice de pl\u00e1stico ou de alum\u00ednio, incluindo suportes espec\u00edficos para cada tipo de <b>extrator<\/b>.<\/p>\n<ul>\n<li>Turbinas<\/li>\n<\/ul>\n<p>O tipo de ventilador adequado, m\u00e9dia ou alta press\u00e3o, \u00e9 determinado ap\u00f3s um estudo t\u00e9cnico da instala\u00e7\u00e3o com base no caudal de ar e press\u00e3o requerida, e tendo em considera\u00e7\u00e3o o tipo de gr\u00e3o, condi\u00e7\u00f5es ambientais, volume e dimens\u00f5es do silo.<\/p>\n<ul>\n<li>Sistemas de arrefecimento de gr\u00e3o.<\/li>\n<\/ul>\n<p>Recomenda-se especialmente o uso de sistemas de arrefecimento de gr\u00e3o e desumidifica\u00e7\u00e3o do ar para instala\u00e7\u00f5es em pa\u00edses de clima tropical, devido aos altos \u00edndices de umidade e \u00e0 temperatura m\u00e9dia anual, assim como para instala\u00e7\u00f5es com grandes per\u00edodos de armazenamento.<b><br \/>\n<\/b><\/p>\n<p>[\/et_pb_blurb][et_pb_image admin_label=&#8221;Imagen 7 Ventilation&#8221; src=&#8221;https:\/\/gandariaspain.com\/wp-content\/uploads\/2017\/04\/extrator-techo.jpg&#8221; show_in_lightbox=&#8221;off&#8221; url_new_window=&#8221;off&#8221; use_overlay=&#8221;off&#8221; sticky=&#8221;off&#8221; align=&#8221;left&#8221; force_fullwidth=&#8221;off&#8221; always_center_on_mobile=&#8221;on&#8221; border_style=&#8221;solid&#8221; _builder_version=&#8221;3.0.69&#8243; \/][\/et_pb_column][et_pb_column type=&#8221;1_2&#8243;][et_pb_blurb admin_label=&#8221;Level sensors&#8221; url_new_window=&#8221;off&#8221; use_icon=&#8221;off&#8221; font_icon=&#8221;3&#8243; icon_color=&#8221;#ffffff&#8221; use_circle=&#8221;off&#8221; circle_color=&#8221;#417764&#8243; use_circle_border=&#8221;on&#8221; circle_border_color=&#8221;#417764&#8243; icon_placement=&#8221;left&#8221; animation=&#8221;off&#8221; background_layout=&#8221;light&#8221; use_icon_font_size=&#8221;on&#8221; border_style=&#8221;solid&#8221; icon_font_size=&#8221;21px&#8221; background_position=&#8221;top_left&#8221; background_repeat=&#8221;repeat&#8221; background_size=&#8221;initial&#8221; _builder_version=&#8221;3.0.71&#8243;]<\/p>\n<h3>Controles de n\u00edvel<\/h3>\n<p>Disponibilizamos instrumentos capazes de medir o n\u00edvel de produto em pontos fixos ou de forma cont\u00ednua.<\/p>\n<p>Fabricamos os suportes para as diferentes op\u00e7\u00f5es como um sistema completamente integrado no silo.<\/p>\n<p>[\/et_pb_blurb][et_pb_image admin_label=&#8221;Imagen 2 Level sensors&#8221; src=&#8221;https:\/\/gandariaspain.com\/wp-content\/uploads\/2017\/04\/detector-de-nivel.jpg&#8221; show_in_lightbox=&#8221;off&#8221; url_new_window=&#8221;off&#8221; use_overlay=&#8221;off&#8221; sticky=&#8221;off&#8221; align=&#8221;left&#8221; force_fullwidth=&#8221;off&#8221; always_center_on_mobile=&#8221;on&#8221; border_style=&#8221;solid&#8221; _builder_version=&#8221;3.0.69&#8243; \/][et_pb_blurb admin_label=&#8221;Fumigation systems&#8221; url_new_window=&#8221;off&#8221; use_icon=&#8221;off&#8221; font_icon=&#8221;3&#8243; icon_color=&#8221;#ffffff&#8221; use_circle=&#8221;off&#8221; circle_color=&#8221;#417764&#8243; use_circle_border=&#8221;on&#8221; circle_border_color=&#8221;#417764&#8243; icon_placement=&#8221;left&#8221; animation=&#8221;off&#8221; background_layout=&#8221;light&#8221; use_icon_font_size=&#8221;on&#8221; border_style=&#8221;solid&#8221; icon_font_size=&#8221;21px&#8221; disabled_on=&#8221;off|off|off&#8221; disabled=&#8221;off&#8221; background_position=&#8221;top_left&#8221; background_repeat=&#8221;repeat&#8221; background_size=&#8221;initial&#8221; _builder_version=&#8221;3.0.71&#8243;]<\/p>\n<h3>Sistemas de fumiga\u00e7\u00e3o<\/h3>\n<p>O nosso departamento de engenharia desenvolveu um sistema de fechamento dos respiros de ventila\u00e7\u00e3o de forma pneum\u00e1tica que otimiza as condi\u00e7\u00f5es do silo para fumiga\u00e7\u00e3o.<\/p>\n<p>[\/et_pb_blurb][et_pb_image admin_label=&#8221;Imagen 4 Fumigation systems&#8221; src=&#8221;https:\/\/gandariaspain.com\/wp-content\/uploads\/2017\/04\/sistema-fumigacion.jpg&#8221; show_in_lightbox=&#8221;off&#8221; url_new_window=&#8221;off&#8221; use_overlay=&#8221;off&#8221; sticky=&#8221;off&#8221; align=&#8221;left&#8221; force_fullwidth=&#8221;off&#8221; always_center_on_mobile=&#8221;on&#8221; border_style=&#8221;solid&#8221; _builder_version=&#8221;3.0.69&#8243; \/][et_pb_blurb admin_label=&#8221;Insulation&#8221; url_new_window=&#8221;off&#8221; use_icon=&#8221;off&#8221; font_icon=&#8221;3&#8243; icon_color=&#8221;#ffffff&#8221; use_circle=&#8221;off&#8221; circle_color=&#8221;#417764&#8243; use_circle_border=&#8221;on&#8221; circle_border_color=&#8221;#417764&#8243; icon_placement=&#8221;left&#8221; animation=&#8221;off&#8221; background_layout=&#8221;light&#8221; use_icon_font_size=&#8221;on&#8221; border_style=&#8221;solid&#8221; icon_font_size=&#8221;21px&#8221; disabled_on=&#8221;off|off|off&#8221; disabled=&#8221;off&#8221; background_position=&#8221;top_left&#8221; background_repeat=&#8221;repeat&#8221; background_size=&#8221;initial&#8221; _builder_version=&#8221;3.0.71&#8243;]<\/p>\n<h3>Isolamento<\/h3>\n<p>Para melhorar a conserva\u00e7\u00e3o do produto ensilado disponibilizamos um sistema de isolamento do silo, conveniente para produtos que mudam facilmente a sua composi\u00e7\u00e3o qu\u00edmica (como o arroz processado ou milho branco, ou em pa\u00edses com climas quentes).<\/p>\n<p>A condensa\u00e7\u00e3o interior gerada pelo aumento e queda brusca da temperatura no interior do silo pode deteriorar a qualidade do produto ou do a\u00e7o.<\/p>\n<ul>\n<li>Isolamento com chapa dupla: No teto, an\u00e9is ou cone, a chapa exterior pode ser pr\u00e9-lacada, de prefer\u00eancia em branco.<\/li>\n<li>Chapa dupla mais material de isolamento: Acrescentado ao material de isolamento entre chapas. Os materiais mais comuns s\u00e3o espuma de poliuretano e l\u00e3 de fibra de vidro.<\/li>\n<\/ul>\n<p>[\/et_pb_blurb][et_pb_image admin_label=&#8221;Imagen 6 Insulation&#8221; src=&#8221;https:\/\/gandariaspain.com\/wp-content\/uploads\/2017\/04\/AislamientoLacado.jpg&#8221; show_in_lightbox=&#8221;off&#8221; url_new_window=&#8221;off&#8221; use_overlay=&#8221;off&#8221; sticky=&#8221;off&#8221; align=&#8221;left&#8221; force_fullwidth=&#8221;off&#8221; always_center_on_mobile=&#8221;on&#8221; border_style=&#8221;solid&#8221; _builder_version=&#8221;3.0.69&#8243; \/][et_pb_image admin_label=&#8221;Imagen 6 Insulation&#8221; src=&#8221;https:\/\/gandariaspain.com\/wp-content\/uploads\/2017\/04\/aislamiento-2.jpg&#8221; show_in_lightbox=&#8221;off&#8221; url_new_window=&#8221;off&#8221; use_overlay=&#8221;off&#8221; sticky=&#8221;off&#8221; align=&#8221;left&#8221; force_fullwidth=&#8221;off&#8221; always_center_on_mobile=&#8221;on&#8221; border_style=&#8221;solid&#8221; _builder_version=&#8221;3.0.69&#8243; \/][\/et_pb_column][\/et_pb_row][\/et_pb_section]<\/p>\n<span class=\"et_bloom_bottom_trigger\"><\/span>","protected":false},"excerpt":{"rendered":"<p>Gandaria Spain Tobogan O tobogan \u00e9 um conduto interior situado [&hellip;]<\/p>\n","protected":false},"author":1,"featured_media":0,"parent":34451,"menu_order":0,"comment_status":"closed","ping_status":"closed","template":"","meta":{"_et_pb_use_builder":"on","_et_pb_old_content":"","_et_gb_content_width":"","_mbp_gutenberg_autopost":false,"footnotes":""},"class_list":["post-34475","page","type-page","status-publish","hentry"],"yoast_head":"<!-- This site is optimized with the Yoast SEO plugin v27.3 - https:\/\/yoast.com\/product\/yoast-seo-wordpress\/ -->\n<title>Acess\u00f3rios de silos met\u00e1licos - Gandaria - Silos Spain<\/title>\n<meta name=\"robots\" content=\"index, follow, max-snippet:-1, max-image-preview:large, max-video-preview:-1\" \/>\n<link rel=\"canonical\" href=\"https:\/\/gandariaspain.com\/pt-br\/produtos\/silos\/acessorios\/\" \/>\n<meta property=\"og:locale\" content=\"pt_BR\" \/>\n<meta property=\"og:type\" content=\"article\" \/>\n<meta property=\"og:title\" content=\"Acess\u00f3rios de silos met\u00e1licos - Gandaria - Silos Spain\" \/>\n<meta property=\"og:description\" content=\"Gandaria Spain Tobogan O tobogan \u00e9 um conduto interior situado [&hellip;]\" \/>\n<meta property=\"og:url\" content=\"https:\/\/gandariaspain.com\/pt-br\/produtos\/silos\/acessorios\/\" \/>\n<meta property=\"og:site_name\" content=\"Gandaria - Silos Spain\" \/>\n<meta property=\"article:modified_time\" content=\"2017-08-31T17:17:23+00:00\" \/>\n<meta name=\"twitter:card\" content=\"summary_large_image\" \/>\n<meta name=\"twitter:label1\" content=\"Est. tempo de leitura\" \/>\n\t<meta name=\"twitter:data1\" content=\"9 minutos\" \/>\n<script type=\"application\/ld+json\" class=\"yoast-schema-graph\">{\"@context\":\"https:\\\/\\\/schema.org\",\"@graph\":[{\"@type\":\"WebPage\",\"@id\":\"https:\\\/\\\/gandariaspain.com\\\/pt-br\\\/produtos\\\/silos\\\/acessorios\\\/\",\"url\":\"https:\\\/\\\/gandariaspain.com\\\/pt-br\\\/produtos\\\/silos\\\/acessorios\\\/\",\"name\":\"Acess\u00f3rios de silos met\u00e1licos - Gandaria - Silos Spain\",\"isPartOf\":{\"@id\":\"https:\\\/\\\/gandariaspain.com\\\/pt-br\\\/#website\"},\"datePublished\":\"2017-08-15T16:45:11+00:00\",\"dateModified\":\"2017-08-31T17:17:23+00:00\",\"breadcrumb\":{\"@id\":\"https:\\\/\\\/gandariaspain.com\\\/pt-br\\\/produtos\\\/silos\\\/acessorios\\\/#breadcrumb\"},\"inLanguage\":\"pt-BR\",\"potentialAction\":[{\"@type\":\"ReadAction\",\"target\":[\"https:\\\/\\\/gandariaspain.com\\\/pt-br\\\/produtos\\\/silos\\\/acessorios\\\/\"]}]},{\"@type\":\"BreadcrumbList\",\"@id\":\"https:\\\/\\\/gandariaspain.com\\\/pt-br\\\/produtos\\\/silos\\\/acessorios\\\/#breadcrumb\",\"itemListElement\":[{\"@type\":\"ListItem\",\"position\":1,\"name\":\"Produtos\",\"item\":\"https:\\\/\\\/gandariaspain.com\\\/pt-br\\\/produtos\\\/\"},{\"@type\":\"ListItem\",\"position\":2,\"name\":\"Silos met\u00e1licos Para armazenamento de gr\u00e3os\",\"item\":\"https:\\\/\\\/gandariaspain.com\\\/pt-br\\\/produtos\\\/silos\\\/\"},{\"@type\":\"ListItem\",\"position\":3,\"name\":\"Acess\u00f3rios de silos met\u00e1licos\"}]},{\"@type\":\"WebSite\",\"@id\":\"https:\\\/\\\/gandariaspain.com\\\/pt-br\\\/#website\",\"url\":\"https:\\\/\\\/gandariaspain.com\\\/pt-br\\\/\",\"name\":\"Gandaria - Silos Spain\",\"description\":\"Just another WordPress site\",\"potentialAction\":[{\"@type\":\"SearchAction\",\"target\":{\"@type\":\"EntryPoint\",\"urlTemplate\":\"https:\\\/\\\/gandariaspain.com\\\/pt-br\\\/?s={search_term_string}\"},\"query-input\":{\"@type\":\"PropertyValueSpecification\",\"valueRequired\":true,\"valueName\":\"search_term_string\"}}],\"inLanguage\":\"pt-BR\"}]}<\/script>\n<!-- \/ Yoast SEO plugin. -->","yoast_head_json":{"title":"Acess\u00f3rios de silos met\u00e1licos - Gandaria - Silos Spain","robots":{"index":"index","follow":"follow","max-snippet":"max-snippet:-1","max-image-preview":"max-image-preview:large","max-video-preview":"max-video-preview:-1"},"canonical":"https:\/\/gandariaspain.com\/pt-br\/produtos\/silos\/acessorios\/","og_locale":"pt_BR","og_type":"article","og_title":"Acess\u00f3rios de silos met\u00e1licos - Gandaria - Silos Spain","og_description":"Gandaria Spain Tobogan O tobogan \u00e9 um conduto interior situado [&hellip;]","og_url":"https:\/\/gandariaspain.com\/pt-br\/produtos\/silos\/acessorios\/","og_site_name":"Gandaria - Silos Spain","article_modified_time":"2017-08-31T17:17:23+00:00","twitter_card":"summary_large_image","twitter_misc":{"Est. tempo de leitura":"9 minutos"},"schema":{"@context":"https:\/\/schema.org","@graph":[{"@type":"WebPage","@id":"https:\/\/gandariaspain.com\/pt-br\/produtos\/silos\/acessorios\/","url":"https:\/\/gandariaspain.com\/pt-br\/produtos\/silos\/acessorios\/","name":"Acess\u00f3rios de silos met\u00e1licos - Gandaria - Silos Spain","isPartOf":{"@id":"https:\/\/gandariaspain.com\/pt-br\/#website"},"datePublished":"2017-08-15T16:45:11+00:00","dateModified":"2017-08-31T17:17:23+00:00","breadcrumb":{"@id":"https:\/\/gandariaspain.com\/pt-br\/produtos\/silos\/acessorios\/#breadcrumb"},"inLanguage":"pt-BR","potentialAction":[{"@type":"ReadAction","target":["https:\/\/gandariaspain.com\/pt-br\/produtos\/silos\/acessorios\/"]}]},{"@type":"BreadcrumbList","@id":"https:\/\/gandariaspain.com\/pt-br\/produtos\/silos\/acessorios\/#breadcrumb","itemListElement":[{"@type":"ListItem","position":1,"name":"Produtos","item":"https:\/\/gandariaspain.com\/pt-br\/produtos\/"},{"@type":"ListItem","position":2,"name":"Silos met\u00e1licos Para armazenamento de gr\u00e3os","item":"https:\/\/gandariaspain.com\/pt-br\/produtos\/silos\/"},{"@type":"ListItem","position":3,"name":"Acess\u00f3rios de silos met\u00e1licos"}]},{"@type":"WebSite","@id":"https:\/\/gandariaspain.com\/pt-br\/#website","url":"https:\/\/gandariaspain.com\/pt-br\/","name":"Gandaria - Silos Spain","description":"Just another WordPress site","potentialAction":[{"@type":"SearchAction","target":{"@type":"EntryPoint","urlTemplate":"https:\/\/gandariaspain.com\/pt-br\/?s={search_term_string}"},"query-input":{"@type":"PropertyValueSpecification","valueRequired":true,"valueName":"search_term_string"}}],"inLanguage":"pt-BR"}]}},"_links":{"self":[{"href":"https:\/\/gandariaspain.com\/pt-br\/wp-json\/wp\/v2\/pages\/34475","targetHints":{"allow":["GET"]}}],"collection":[{"href":"https:\/\/gandariaspain.com\/pt-br\/wp-json\/wp\/v2\/pages"}],"about":[{"href":"https:\/\/gandariaspain.com\/pt-br\/wp-json\/wp\/v2\/types\/page"}],"author":[{"embeddable":true,"href":"https:\/\/gandariaspain.com\/pt-br\/wp-json\/wp\/v2\/users\/1"}],"replies":[{"embeddable":true,"href":"https:\/\/gandariaspain.com\/pt-br\/wp-json\/wp\/v2\/comments?post=34475"}],"version-history":[{"count":5,"href":"https:\/\/gandariaspain.com\/pt-br\/wp-json\/wp\/v2\/pages\/34475\/revisions"}],"predecessor-version":[{"id":40252,"href":"https:\/\/gandariaspain.com\/pt-br\/wp-json\/wp\/v2\/pages\/34475\/revisions\/40252"}],"up":[{"embeddable":true,"href":"https:\/\/gandariaspain.com\/pt-br\/wp-json\/wp\/v2\/pages\/34451"}],"wp:attachment":[{"href":"https:\/\/gandariaspain.com\/pt-br\/wp-json\/wp\/v2\/media?parent=34475"}],"curies":[{"name":"wp","href":"https:\/\/api.w.org\/{rel}","templated":true}]}}