{"id":34311,"date":"2017-08-07T17:34:30","date_gmt":"2017-08-07T15:34:30","guid":{"rendered":"https:\/\/gandariaspain.com\/products-fr\/grain-conditioning\/"},"modified":"2017-08-20T11:55:41","modified_gmt":"2017-08-20T09:55:41","slug":"conditionnement-des-grains","status":"publish","type":"page","link":"https:\/\/gandariaspain.com\/fr\/produits\/conditionnement-des-grains\/","title":{"rendered":"Conditionnement des grains"},"content":{"rendered":"<p>[et_pb_section bb_built=\u00a0\u00bb1&Prime; admin_label=\u00a0\u00bbsection\u00a0\u00bb transparent_background=\u00a0\u00bboff\u00a0\u00bb background_color=\u00a0\u00bb#ffffff\u00a0\u00bb allow_player_pause=\u00a0\u00bboff\u00a0\u00bb inner_shadow=\u00a0\u00bboff\u00a0\u00bb parallax=\u00a0\u00bboff\u00a0\u00bb parallax_method=\u00a0\u00bboff\u00a0\u00bb padding_mobile=\u00a0\u00bboff\u00a0\u00bb make_fullwidth=\u00a0\u00bboff\u00a0\u00bb use_custom_width=\u00a0\u00bboff\u00a0\u00bb width_unit=\u00a0\u00bbon\u00a0\u00bb make_equal=\u00a0\u00bboff\u00a0\u00bb use_custom_gutter=\u00a0\u00bboff\u00a0\u00bb module_class=\u00a0\u00bbindentame\u00a0\u00bb locked=\u00a0\u00bbon\u00a0\u00bb][et_pb_row admin_label=\u00a0\u00bbrow\u00a0\u00bb parent_locked=\u00a0\u00bbon\u00a0\u00bb background_position=\u00a0\u00bbtop_left\u00a0\u00bb background_repeat=\u00a0\u00bbrepeat\u00a0\u00bb background_size=\u00a0\u00bbinitial\u00a0\u00bb][et_pb_column type=\u00a0\u00bb4_4&Prime;][et_pb_text admin_label=\u00a0\u00bbNo tocar. Cabecera de nivel 1. SEO\u00a0\u00bb background_layout=\u00a0\u00bblight\u00a0\u00bb text_orientation=\u00a0\u00bbleft\u00a0\u00bb use_border_color=\u00a0\u00bboff\u00a0\u00bb border_color=\u00a0\u00bb#ffffff\u00a0\u00bb border_style=\u00a0\u00bbsolid\u00a0\u00bb parent_locked=\u00a0\u00bbon\u00a0\u00bb background_position=\u00a0\u00bbtop_left\u00a0\u00bb background_repeat=\u00a0\u00bbrepeat\u00a0\u00bb background_size=\u00a0\u00bbinitial\u00a0\u00bb]<\/p>\n<h1>Gandaria Spain<\/h1>\n<p>[\/et_pb_text][\/et_pb_column][\/et_pb_row][\/et_pb_section][et_pb_section bb_built=\u00a0\u00bb1&Prime; fullwidth=\u00a0\u00bbon\u00a0\u00bb specialty=\u00a0\u00bboff\u00a0\u00bb transparent_background=\u00a0\u00bboff\u00a0\u00bb background_color=\u00a0\u00bb#ffffff\u00a0\u00bb allow_player_pause=\u00a0\u00bboff\u00a0\u00bb inner_shadow=\u00a0\u00bboff\u00a0\u00bb parallax=\u00a0\u00bboff\u00a0\u00bb parallax_method=\u00a0\u00bboff\u00a0\u00bb padding_mobile=\u00a0\u00bboff\u00a0\u00bb make_fullwidth=\u00a0\u00bboff\u00a0\u00bb use_custom_width=\u00a0\u00bboff\u00a0\u00bb width_unit=\u00a0\u00bbon\u00a0\u00bb make_equal=\u00a0\u00bboff\u00a0\u00bb use_custom_gutter=\u00a0\u00bboff\u00a0\u00bb module_class=\u00a0\u00bbslide-flota-izquierda\u00a0\u00bb][et_pb_fullwidth_slider admin_label=\u00a0\u00bbCabecera principal + CTA\u00a0\u00bb show_arrows=\u00a0\u00bbon\u00a0\u00bb show_pagination=\u00a0\u00bbon\u00a0\u00bb auto=\u00a0\u00bboff\u00a0\u00bb auto_ignore_hover=\u00a0\u00bboff\u00a0\u00bb parallax=\u00a0\u00bboff\u00a0\u00bb parallax_method=\u00a0\u00bboff\u00a0\u00bb remove_inner_shadow=\u00a0\u00bboff\u00a0\u00bb background_position=\u00a0\u00bbtop_left\u00a0\u00bb hide_content_on_mobile=\u00a0\u00bboff\u00a0\u00bb hide_cta_on_mobile=\u00a0\u00bboff\u00a0\u00bb show_image_video_mobile=\u00a0\u00bboff\u00a0\u00bb custom_button=\u00a0\u00bboff\u00a0\u00bb button_letter_spacing=\u00a0\u00bb0&Prime; button_icon_placement=\u00a0\u00bbright\u00a0\u00bb button_letter_spacing_hover=\u00a0\u00bb0&Prime; disabled_on=\u00a0\u00bboff|off|off\u00a0\u00bb disabled=\u00a0\u00bboff\u00a0\u00bb _builder_version=\u00a0\u00bb3.0.69&Prime;]<\/p>\n<p>[et_pb_slide heading=\u00a0\u00bbConditionnement des grains\u00a0\u00bb background_image=\u00a0\u00bbhttps:\/\/gandariaspain.com\/wp-content\/uploads\/2016\/09\/slidersilosmetalico.jpg\u00a0\u00bb background_position=\u00a0\u00bbtop_left\u00a0\u00bb background_size=\u00a0\u00bbcover\u00a0\u00bb background_color=\u00a0\u00bb#ffffff\u00a0\u00bb use_bg_overlay=\u00a0\u00bboff\u00a0\u00bb use_text_overlay=\u00a0\u00bboff\u00a0\u00bb alignment=\u00a0\u00bbcenter\u00a0\u00bb background_layout=\u00a0\u00bbdark\u00a0\u00bb allow_player_pause=\u00a0\u00bboff\u00a0\u00bb text_border_radius=\u00a0\u00bb3&Prime; header_font_select=\u00a0\u00bbdefault\u00a0\u00bb header_font=\u00a0\u00bb||||\u00a0\u00bb body_font_select=\u00a0\u00bbdefault\u00a0\u00bb body_font=\u00a0\u00bb||||\u00a0\u00bb custom_button=\u00a0\u00bboff\u00a0\u00bb button_font_select=\u00a0\u00bbdefault\u00a0\u00bb button_font=\u00a0\u00bb||||\u00a0\u00bb button_use_icon=\u00a0\u00bbdefault\u00a0\u00bb button_icon_placement=\u00a0\u00bbright\u00a0\u00bb button_on_hover=\u00a0\u00bbon\u00a0\u00bb admin_title=\u00a0\u00bbAcondicionamiento del grano\u00a0\u00bb use_background_color_gradient=\u00a0\u00bboff\u00a0\u00bb background_color_gradient_start=\u00a0\u00bb#2b87da\u00a0\u00bb background_color_gradient_end=\u00a0\u00bb#29c4a9&Prime; background_color_gradient_type=\u00a0\u00bblinear\u00a0\u00bb background_color_gradient_direction=\u00a0\u00bb180deg\u00a0\u00bb background_color_gradient_direction_radial=\u00a0\u00bbcenter\u00a0\u00bb background_color_gradient_start_position=\u00a0\u00bb0%\u00a0\u00bb background_color_gradient_end_position=\u00a0\u00bb100%\u00a0\u00bb parallax=\u00a0\u00bboff\u00a0\u00bb parallax_method=\u00a0\u00bboff\u00a0\u00bb background_repeat=\u00a0\u00bbno-repeat\u00a0\u00bb background_blend=\u00a0\u00bbnormal\u00a0\u00bb]<\/p>\n<h3>Le conditionnement est la cl\u00e9 pour le bon stockage des grains.<\/h3>\n<p>[\/et_pb_slide]<\/p>\n<p>[\/et_pb_fullwidth_slider][\/et_pb_section][et_pb_section bb_built=\u00a0\u00bb1&Prime; fullwidth=\u00a0\u00bboff\u00a0\u00bb specialty=\u00a0\u00bboff\u00a0\u00bb][et_pb_row disabled_on=\u00a0\u00bboff|off|off\u00a0\u00bb disabled=\u00a0\u00bboff\u00a0\u00bb background_position=\u00a0\u00bbtop_left\u00a0\u00bb background_repeat=\u00a0\u00bbrepeat\u00a0\u00bb background_size=\u00a0\u00bbinitial\u00a0\u00bb][et_pb_column type=\u00a0\u00bb1_2&Prime;][et_pb_text background_layout=\u00a0\u00bblight\u00a0\u00bb text_orientation=\u00a0\u00bbleft\u00a0\u00bb border_style=\u00a0\u00bbsolid\u00a0\u00bb background_position=\u00a0\u00bbtop_left\u00a0\u00bb background_repeat=\u00a0\u00bbrepeat\u00a0\u00bb background_size=\u00a0\u00bbinitial\u00a0\u00bb _builder_version=\u00a0\u00bb3.0.69&Prime;]<\/p>\n<blockquote><p>Selon la<b> FAO, 20% du grain r\u00e9colt\u00e9 dans le monde est perdu en raison de la prolif\u00e9ration des champignons et des insectes<\/b>, c&rsquo;est pourquoi, dans notre gamme de produits, nous proposons des syst\u00e8mes de conditionnement optimals des grains, ce qui garantit un produit de qualit\u00e9 sans risque de perte.<\/p><\/blockquote>\n<p>[\/et_pb_text][\/et_pb_column][et_pb_column type=\u00a0\u00bb1_2&Prime;][et_pb_image src=\u00a0\u00bbhttps:\/\/gandariaspain.com\/wp-content\/uploads\/2017\/04\/ACONDICIONAMIENTO-GRANO.jpg\u00a0\u00bb show_in_lightbox=\u00a0\u00bboff\u00a0\u00bb url_new_window=\u00a0\u00bboff\u00a0\u00bb use_overlay=\u00a0\u00bboff\u00a0\u00bb animation=\u00a0\u00bbleft\u00a0\u00bb sticky=\u00a0\u00bboff\u00a0\u00bb align=\u00a0\u00bbleft\u00a0\u00bb force_fullwidth=\u00a0\u00bboff\u00a0\u00bb always_center_on_mobile=\u00a0\u00bbon\u00a0\u00bb use_border_color=\u00a0\u00bboff\u00a0\u00bb border_color=\u00a0\u00bb#ffffff\u00a0\u00bb border_style=\u00a0\u00bbsolid\u00a0\u00bb \/][\/et_pb_column][\/et_pb_row][\/et_pb_section][et_pb_section bb_built=\u00a0\u00bb1&Prime; admin_label=\u00a0\u00bbPrincipales caracter\u00edsticas\u00a0\u00bb fullwidth=\u00a0\u00bboff\u00a0\u00bb specialty=\u00a0\u00bboff\u00a0\u00bb transparent_background=\u00a0\u00bbon\u00a0\u00bb background_color=\u00a0\u00bb#3a4149&Prime; allow_player_pause=\u00a0\u00bboff\u00a0\u00bb inner_shadow=\u00a0\u00bboff\u00a0\u00bb parallax=\u00a0\u00bboff\u00a0\u00bb parallax_method=\u00a0\u00bboff\u00a0\u00bb padding_mobile=\u00a0\u00bboff\u00a0\u00bb make_fullwidth=\u00a0\u00bboff\u00a0\u00bb use_custom_width=\u00a0\u00bboff\u00a0\u00bb width_unit=\u00a0\u00bbon\u00a0\u00bb make_equal=\u00a0\u00bboff\u00a0\u00bb use_custom_gutter=\u00a0\u00bboff\u00a0\u00bb module_class=\u00a0\u00bbfondo_seccion_gris_degradado \u00ab\u00a0][et_pb_row background_position=\u00a0\u00bbtop_left\u00a0\u00bb background_repeat=\u00a0\u00bbrepeat\u00a0\u00bb background_size=\u00a0\u00bbinitial\u00a0\u00bb][et_pb_column type=\u00a0\u00bb4_4&Prime;][et_pb_text admin_label=\u00a0\u00bbLos sistemas de acondicionamiento de que disponemos son:\u00a0\u00bb background_layout=\u00a0\u00bblight\u00a0\u00bb text_orientation=\u00a0\u00bbleft\u00a0\u00bb border_style=\u00a0\u00bbsolid\u00a0\u00bb background_position=\u00a0\u00bbtop_left\u00a0\u00bb background_repeat=\u00a0\u00bbrepeat\u00a0\u00bb background_size=\u00a0\u00bbinitial\u00a0\u00bb _builder_version=\u00a0\u00bb3.0.69&Prime;]<\/p>\n<h2 class=\"fuerza_tamano_35 centrame blanco\">Les syst\u00e8mes de conditionnement dont nous disposons sont les suivants:<\/h2>\n<p>[\/et_pb_text][\/et_pb_column][\/et_pb_row][et_pb_row make_fullwidth=\u00a0\u00bbon\u00a0\u00bb use_custom_width=\u00a0\u00bboff\u00a0\u00bb width_unit=\u00a0\u00bbon\u00a0\u00bb use_custom_gutter=\u00a0\u00bboff\u00a0\u00bb padding_mobile=\u00a0\u00bboff\u00a0\u00bb allow_player_pause=\u00a0\u00bboff\u00a0\u00bb parallax=\u00a0\u00bboff\u00a0\u00bb parallax_method=\u00a0\u00bboff\u00a0\u00bb make_equal=\u00a0\u00bboff\u00a0\u00bb parallax_1=\u00a0\u00bboff\u00a0\u00bb parallax_method_1=\u00a0\u00bboff\u00a0\u00bb parallax_2=\u00a0\u00bboff\u00a0\u00bb parallax_method_2=\u00a0\u00bboff\u00a0\u00bb column_padding_mobile=\u00a0\u00bbon\u00a0\u00bb background_position=\u00a0\u00bbtop_left\u00a0\u00bb background_repeat=\u00a0\u00bbrepeat\u00a0\u00bb background_size=\u00a0\u00bbinitial\u00a0\u00bb][et_pb_column type=\u00a0\u00bb1_2&Prime;][et_pb_blurb admin_label=\u00a0\u00bbCleaning Systems\u00a0\u00bb url_new_window=\u00a0\u00bboff\u00a0\u00bb use_icon=\u00a0\u00bboff\u00a0\u00bb font_icon=\u00a0\u00bb3&Prime; icon_color=\u00a0\u00bb#ffffff\u00a0\u00bb use_circle=\u00a0\u00bbon\u00a0\u00bb circle_color=\u00a0\u00bb#417764&Prime; use_circle_border=\u00a0\u00bbon\u00a0\u00bb circle_border_color=\u00a0\u00bb#417764&Prime; icon_placement=\u00a0\u00bbleft\u00a0\u00bb animation=\u00a0\u00bboff\u00a0\u00bb background_layout=\u00a0\u00bbdark\u00a0\u00bb use_icon_font_size=\u00a0\u00bbon\u00a0\u00bb border_style=\u00a0\u00bbsolid\u00a0\u00bb icon_font_size=\u00a0\u00bb21px\u00a0\u00bb background_position=\u00a0\u00bbtop_left\u00a0\u00bb background_repeat=\u00a0\u00bbrepeat\u00a0\u00bb background_size=\u00a0\u00bbinitial\u00a0\u00bb _builder_version=\u00a0\u00bb3.0.69&Prime;]<\/p>\n<h3>Syst\u00e8mes de nettoyage<\/h3>\n<p>Pour \u00e9liminer la poussi\u00e8re, les d\u00e9bris, les pierres, les mati\u00e8res organiques, les m\u00e9taux et tout \u00e9l\u00e9ment autre que le grain \u00e0 stocker, ce qui se traduit par un produit propre qui maintiendra sa qualit\u00e9 dans le temps.<\/p>\n<p>Pour obtenir le nettoyage des grains nous offrons les \u00e9quipements suivants :<\/p>\n<ul>\n<li>Pr\u00e9-nettoyeur pneumatique avec disque rotatif jusqu&rsquo;\u00e0 80 t\/h<\/li>\n<li>Pr\u00e9-nettoyant pneumatique avec c\u00f4ne invers\u00e9 interne jusqu&rsquo;\u00e0 320 t\/h<\/li>\n<li>Pr\u00e9-nettoyage d&rsquo;\u00e9cran jusqu&rsquo;\u00e0 320 t\/h<\/li>\n<li>Syst\u00e8mes d&rsquo;extraction de poussi\u00e8re tout au long du processus (selon l&rsquo;installation).<\/li>\n<\/ul>\n<p>[\/et_pb_blurb][et_pb_blurb admin_label=\u00a0\u00bbVentilation systems\u00a0\u00bb url_new_window=\u00a0\u00bboff\u00a0\u00bb use_icon=\u00a0\u00bboff\u00a0\u00bb font_icon=\u00a0\u00bb3&Prime; icon_color=\u00a0\u00bb#ffffff\u00a0\u00bb use_circle=\u00a0\u00bbon\u00a0\u00bb circle_color=\u00a0\u00bb#417764&Prime; use_circle_border=\u00a0\u00bbon\u00a0\u00bb circle_border_color=\u00a0\u00bb#417764&Prime; icon_placement=\u00a0\u00bbleft\u00a0\u00bb animation=\u00a0\u00bboff\u00a0\u00bb background_layout=\u00a0\u00bbdark\u00a0\u00bb use_icon_font_size=\u00a0\u00bbon\u00a0\u00bb border_style=\u00a0\u00bbsolid\u00a0\u00bb icon_font_size=\u00a0\u00bb21px\u00a0\u00bb background_position=\u00a0\u00bbtop_left\u00a0\u00bb background_repeat=\u00a0\u00bbrepeat\u00a0\u00bb background_size=\u00a0\u00bbinitial\u00a0\u00bb _builder_version=\u00a0\u00bb3.0.69&Prime;]<\/p>\n<h3>Ventilation<\/h3>\n<p>Nous proposons des ventilateurs centrifuges et des syst\u00e8mes de connexion adapt\u00e9s pour tpout type de grain et tout niveau d&rsquo;humidit\u00e9. Le syst\u00e8me de ventilation peut \u00eatre int\u00e9gr\u00e9 dans le syst\u00e8me de temp\u00e9rature, de sorte que le ventilateur s&rsquo;allume et s\u2019\u00e9teint automatiquement, en fonction de la temp\u00e9rature requise pour le grain stock\u00e9.<\/p>\n<p>[\/et_pb_blurb][\/et_pb_column][et_pb_column type=\u00a0\u00bb1_2&Prime;][et_pb_blurb admin_label=\u00a0\u00bbDrying systems\u00a0\u00bb url_new_window=\u00a0\u00bboff\u00a0\u00bb use_icon=\u00a0\u00bboff\u00a0\u00bb font_icon=\u00a0\u00bb3&Prime; icon_color=\u00a0\u00bb#ffffff\u00a0\u00bb use_circle=\u00a0\u00bbon\u00a0\u00bb circle_color=\u00a0\u00bb#417764&Prime; use_circle_border=\u00a0\u00bbon\u00a0\u00bb circle_border_color=\u00a0\u00bb#417764&Prime; icon_placement=\u00a0\u00bbleft\u00a0\u00bb animation=\u00a0\u00bboff\u00a0\u00bb background_layout=\u00a0\u00bbdark\u00a0\u00bb use_icon_font_size=\u00a0\u00bbon\u00a0\u00bb border_style=\u00a0\u00bbsolid\u00a0\u00bb icon_font_size=\u00a0\u00bb21px\u00a0\u00bb background_position=\u00a0\u00bbtop_left\u00a0\u00bb background_repeat=\u00a0\u00bbrepeat\u00a0\u00bb background_size=\u00a0\u00bbinitial\u00a0\u00bb _builder_version=\u00a0\u00bb3.0.69&Prime;]<\/p>\n<h3>Syst\u00e8mes de s\u00e9chage<\/h3>\n<p>Le grain arrive de la r\u00e9colte avec une teneur \u00e9lev\u00e9e en humidit\u00e9, de sorte que &#8211; une fois nettoy\u00e9 \u2013 il doit subir un processus de s\u00e9chage avant d&rsquo;\u00eatre stock\u00e9 pour emp\u00eacher la croissance fongique ou la germination des grains.<\/p>\n<p>Pour r\u00e9duire la teneur en humidit\u00e9 des c\u00e9r\u00e9ales, nous offrons les produits suivants :<\/p>\n<ul>\n<li>Tours de s\u00e9chage allant de 3t\/h * \u00e0 191 t\/h*.<\/li>\n<li>Une vari\u00e9t\u00e9 de syst\u00e8mes de br\u00fbleurs, gaz, diesel et biomasse.<\/li>\n<\/ul>\n<p>[\/et_pb_blurb][et_pb_blurb admin_label=\u00a0\u00bbSpecial cooling systems\u00a0\u00bb url_new_window=\u00a0\u00bboff\u00a0\u00bb use_icon=\u00a0\u00bboff\u00a0\u00bb font_icon=\u00a0\u00bb3&Prime; icon_color=\u00a0\u00bb#ffffff\u00a0\u00bb use_circle=\u00a0\u00bbon\u00a0\u00bb circle_color=\u00a0\u00bb#417764&Prime; use_circle_border=\u00a0\u00bbon\u00a0\u00bb circle_border_color=\u00a0\u00bb#417764&Prime; icon_placement=\u00a0\u00bbleft\u00a0\u00bb animation=\u00a0\u00bboff\u00a0\u00bb background_layout=\u00a0\u00bbdark\u00a0\u00bb use_icon_font_size=\u00a0\u00bbon\u00a0\u00bb border_style=\u00a0\u00bbsolid\u00a0\u00bb icon_font_size=\u00a0\u00bb21px\u00a0\u00bb background_position=\u00a0\u00bbtop_left\u00a0\u00bb background_repeat=\u00a0\u00bbrepeat\u00a0\u00bb background_size=\u00a0\u00bbinitial\u00a0\u00bb _builder_version=\u00a0\u00bb3.0.69&Prime;]<\/p>\n<h3>Syst\u00e8mes de refroidissement sp\u00e9ciaux<\/h3>\n<p>Les syst\u00e8mes mobiles de refroidissement des grains sont un compl\u00e9ment \u00e0 la ventilation afin de r\u00e9duire les degr\u00e9s de temp\u00e9rature dans des environnements extr\u00eames, ce qui permet de maintenir une temp\u00e9rature de stockage optimale.<\/p>\n<p>Nous proposons des conseils concernant les syst\u00e8mes de conditionnement des grains afin de couvrir tous les besoins de l&rsquo;usine de stockage.<\/p>\n<p>[\/et_pb_blurb][\/et_pb_column][\/et_pb_row][et_pb_row make_fullwidth=\u00a0\u00bbon\u00a0\u00bb use_custom_width=\u00a0\u00bboff\u00a0\u00bb width_unit=\u00a0\u00bbon\u00a0\u00bb use_custom_gutter=\u00a0\u00bboff\u00a0\u00bb allow_player_pause=\u00a0\u00bboff\u00a0\u00bb parallax=\u00a0\u00bboff\u00a0\u00bb parallax_method=\u00a0\u00bbon\u00a0\u00bb make_equal=\u00a0\u00bboff\u00a0\u00bb parallax_1=\u00a0\u00bboff\u00a0\u00bb parallax_method_1=\u00a0\u00bboff\u00a0\u00bb background_position=\u00a0\u00bbtop_left\u00a0\u00bb background_repeat=\u00a0\u00bbrepeat\u00a0\u00bb background_size=\u00a0\u00bbinitial\u00a0\u00bb][et_pb_column type=\u00a0\u00bb4_4&Prime;][et_pb_blurb admin_label=\u00a0\u00bb* Estimated yield considering wheat as a base product, with a density of 0.75 T\/m3.\u00a0\u00bb url_new_window=\u00a0\u00bboff\u00a0\u00bb use_icon=\u00a0\u00bboff\u00a0\u00bb font_icon=\u00a0\u00bb3&Prime; icon_color=\u00a0\u00bb#ffffff\u00a0\u00bb use_circle=\u00a0\u00bbon\u00a0\u00bb circle_color=\u00a0\u00bb#417764&Prime; use_circle_border=\u00a0\u00bbon\u00a0\u00bb circle_border_color=\u00a0\u00bb#417764&Prime; icon_placement=\u00a0\u00bbleft\u00a0\u00bb animation=\u00a0\u00bboff\u00a0\u00bb background_layout=\u00a0\u00bbdark\u00a0\u00bb use_icon_font_size=\u00a0\u00bbon\u00a0\u00bb border_style=\u00a0\u00bbsolid\u00a0\u00bb icon_font_size=\u00a0\u00bb21px\u00a0\u00bb background_position=\u00a0\u00bbtop_left\u00a0\u00bb background_repeat=\u00a0\u00bbrepeat\u00a0\u00bb background_size=\u00a0\u00bbinitial\u00a0\u00bb _builder_version=\u00a0\u00bb3.0.69&Prime;]<\/p>\n<p>* Rendement estim\u00e9 en consid\u00e9rant le bl\u00e9 comme produit de base, avec une densit\u00e9 de 0,75 T\/m3<\/p>\n<p>[\/et_pb_blurb][\/et_pb_column][\/et_pb_row][\/et_pb_section][et_pb_section bb_built=\u00a0\u00bb1&Prime; fullwidth=\u00a0\u00bboff\u00a0\u00bb specialty=\u00a0\u00bboff\u00a0\u00bb transparent_background=\u00a0\u00bbon\u00a0\u00bb background_color=\u00a0\u00bb#025e32&Prime; allow_player_pause=\u00a0\u00bboff\u00a0\u00bb inner_shadow=\u00a0\u00bboff\u00a0\u00bb parallax=\u00a0\u00bboff\u00a0\u00bb parallax_method=\u00a0\u00bboff\u00a0\u00bb padding_mobile=\u00a0\u00bboff\u00a0\u00bb make_fullwidth=\u00a0\u00bboff\u00a0\u00bb use_custom_width=\u00a0\u00bboff\u00a0\u00bb width_unit=\u00a0\u00bbon\u00a0\u00bb make_equal=\u00a0\u00bboff\u00a0\u00bb use_custom_gutter=\u00a0\u00bboff\u00a0\u00bb module_class=\u00a0\u00bbseccion_horitzontal_cta\u00a0\u00bb template_type=\u00a0\u00bbsection\u00a0\u00bb][et_pb_row make_fullwidth=\u00a0\u00bboff\u00a0\u00bb use_custom_width=\u00a0\u00bboff\u00a0\u00bb width_unit=\u00a0\u00bbon\u00a0\u00bb use_custom_gutter=\u00a0\u00bboff\u00a0\u00bb padding_mobile=\u00a0\u00bboff\u00a0\u00bb allow_player_pause=\u00a0\u00bboff\u00a0\u00bb parallax=\u00a0\u00bboff\u00a0\u00bb parallax_method=\u00a0\u00bboff\u00a0\u00bb make_equal=\u00a0\u00bboff\u00a0\u00bb parallax_1=\u00a0\u00bboff\u00a0\u00bb parallax_method_1=\u00a0\u00bboff\u00a0\u00bb column_padding_mobile=\u00a0\u00bbon\u00a0\u00bb parallax_2=\u00a0\u00bboff\u00a0\u00bb parallax_method_2=\u00a0\u00bboff\u00a0\u00bb background_position=\u00a0\u00bbtop_left\u00a0\u00bb background_repeat=\u00a0\u00bbrepeat\u00a0\u00bb background_size=\u00a0\u00bbinitial\u00a0\u00bb][\/et_pb_row][\/et_pb_section]<\/p>\n<span class=\"et_bloom_bottom_trigger\"><\/span>","protected":false},"excerpt":{"rendered":"<p>Gandaria Spain Le conditionnement est la cl\u00e9 pour le bon [&hellip;]<\/p>\n","protected":false},"author":1,"featured_media":0,"parent":33797,"menu_order":0,"comment_status":"closed","ping_status":"closed","template":"","meta":{"_et_pb_use_builder":"on","_et_pb_old_content":"<p><b>Acondicionamiento del grano<\/b><\/p>","_et_gb_content_width":"","_mbp_gutenberg_autopost":false,"footnotes":""},"class_list":["post-34311","page","type-page","status-publish","hentry"],"yoast_head":"<!-- This site is optimized with the Yoast SEO plugin v27.3 - https:\/\/yoast.com\/product\/yoast-seo-wordpress\/ -->\n<title>Conditionnement des grains - Gandaria - Silos Spain<\/title>\n<meta name=\"robots\" content=\"index, follow, max-snippet:-1, max-image-preview:large, max-video-preview:-1\" \/>\n<link rel=\"canonical\" href=\"https:\/\/gandariaspain.com\/fr\/produits\/conditionnement-des-grains\/\" \/>\n<meta property=\"og:locale\" content=\"fr_FR\" \/>\n<meta property=\"og:type\" content=\"article\" \/>\n<meta property=\"og:title\" content=\"Conditionnement des grains - Gandaria - Silos Spain\" \/>\n<meta property=\"og:description\" content=\"Gandaria Spain Le conditionnement est la cl\u00e9 pour le bon [&hellip;]\" \/>\n<meta property=\"og:url\" content=\"https:\/\/gandariaspain.com\/fr\/produits\/conditionnement-des-grains\/\" \/>\n<meta property=\"og:site_name\" content=\"Gandaria - Silos Spain\" \/>\n<meta property=\"article:modified_time\" content=\"2017-08-20T09:55:41+00:00\" \/>\n<meta name=\"twitter:card\" content=\"summary_large_image\" \/>\n<meta name=\"twitter:label1\" content=\"Dur\u00e9e de lecture estim\u00e9e\" \/>\n\t<meta name=\"twitter:data1\" content=\"8 minutes\" \/>\n<script type=\"application\/ld+json\" class=\"yoast-schema-graph\">{\"@context\":\"https:\\\/\\\/schema.org\",\"@graph\":[{\"@type\":\"WebPage\",\"@id\":\"https:\\\/\\\/gandariaspain.com\\\/fr\\\/produits\\\/conditionnement-des-grains\\\/\",\"url\":\"https:\\\/\\\/gandariaspain.com\\\/fr\\\/produits\\\/conditionnement-des-grains\\\/\",\"name\":\"Conditionnement des grains - Gandaria - Silos Spain\",\"isPartOf\":{\"@id\":\"https:\\\/\\\/gandariaspain.com\\\/fr\\\/#website\"},\"datePublished\":\"2017-08-07T15:34:30+00:00\",\"dateModified\":\"2017-08-20T09:55:41+00:00\",\"breadcrumb\":{\"@id\":\"https:\\\/\\\/gandariaspain.com\\\/fr\\\/produits\\\/conditionnement-des-grains\\\/#breadcrumb\"},\"inLanguage\":\"fr-FR\",\"potentialAction\":[{\"@type\":\"ReadAction\",\"target\":[\"https:\\\/\\\/gandariaspain.com\\\/fr\\\/produits\\\/conditionnement-des-grains\\\/\"]}]},{\"@type\":\"BreadcrumbList\",\"@id\":\"https:\\\/\\\/gandariaspain.com\\\/fr\\\/produits\\\/conditionnement-des-grains\\\/#breadcrumb\",\"itemListElement\":[{\"@type\":\"ListItem\",\"position\":1,\"name\":\"Produits\",\"item\":\"https:\\\/\\\/gandariaspain.com\\\/fr\\\/produits\\\/\"},{\"@type\":\"ListItem\",\"position\":2,\"name\":\"Conditionnement des grains\"}]},{\"@type\":\"WebSite\",\"@id\":\"https:\\\/\\\/gandariaspain.com\\\/fr\\\/#website\",\"url\":\"https:\\\/\\\/gandariaspain.com\\\/fr\\\/\",\"name\":\"Gandaria - Silos Spain\",\"description\":\"Just another WordPress site\",\"potentialAction\":[{\"@type\":\"SearchAction\",\"target\":{\"@type\":\"EntryPoint\",\"urlTemplate\":\"https:\\\/\\\/gandariaspain.com\\\/fr\\\/?s={search_term_string}\"},\"query-input\":{\"@type\":\"PropertyValueSpecification\",\"valueRequired\":true,\"valueName\":\"search_term_string\"}}],\"inLanguage\":\"fr-FR\"}]}<\/script>\n<!-- \/ Yoast SEO plugin. -->","yoast_head_json":{"title":"Conditionnement des grains - Gandaria - Silos Spain","robots":{"index":"index","follow":"follow","max-snippet":"max-snippet:-1","max-image-preview":"max-image-preview:large","max-video-preview":"max-video-preview:-1"},"canonical":"https:\/\/gandariaspain.com\/fr\/produits\/conditionnement-des-grains\/","og_locale":"fr_FR","og_type":"article","og_title":"Conditionnement des grains - Gandaria - Silos Spain","og_description":"Gandaria Spain Le conditionnement est la cl\u00e9 pour le bon [&hellip;]","og_url":"https:\/\/gandariaspain.com\/fr\/produits\/conditionnement-des-grains\/","og_site_name":"Gandaria - Silos Spain","article_modified_time":"2017-08-20T09:55:41+00:00","twitter_card":"summary_large_image","twitter_misc":{"Dur\u00e9e de lecture estim\u00e9e":"8 minutes"},"schema":{"@context":"https:\/\/schema.org","@graph":[{"@type":"WebPage","@id":"https:\/\/gandariaspain.com\/fr\/produits\/conditionnement-des-grains\/","url":"https:\/\/gandariaspain.com\/fr\/produits\/conditionnement-des-grains\/","name":"Conditionnement des grains - Gandaria - Silos Spain","isPartOf":{"@id":"https:\/\/gandariaspain.com\/fr\/#website"},"datePublished":"2017-08-07T15:34:30+00:00","dateModified":"2017-08-20T09:55:41+00:00","breadcrumb":{"@id":"https:\/\/gandariaspain.com\/fr\/produits\/conditionnement-des-grains\/#breadcrumb"},"inLanguage":"fr-FR","potentialAction":[{"@type":"ReadAction","target":["https:\/\/gandariaspain.com\/fr\/produits\/conditionnement-des-grains\/"]}]},{"@type":"BreadcrumbList","@id":"https:\/\/gandariaspain.com\/fr\/produits\/conditionnement-des-grains\/#breadcrumb","itemListElement":[{"@type":"ListItem","position":1,"name":"Produits","item":"https:\/\/gandariaspain.com\/fr\/produits\/"},{"@type":"ListItem","position":2,"name":"Conditionnement des grains"}]},{"@type":"WebSite","@id":"https:\/\/gandariaspain.com\/fr\/#website","url":"https:\/\/gandariaspain.com\/fr\/","name":"Gandaria - Silos Spain","description":"Just another WordPress site","potentialAction":[{"@type":"SearchAction","target":{"@type":"EntryPoint","urlTemplate":"https:\/\/gandariaspain.com\/fr\/?s={search_term_string}"},"query-input":{"@type":"PropertyValueSpecification","valueRequired":true,"valueName":"search_term_string"}}],"inLanguage":"fr-FR"}]}},"_links":{"self":[{"href":"https:\/\/gandariaspain.com\/fr\/wp-json\/wp\/v2\/pages\/34311","targetHints":{"allow":["GET"]}}],"collection":[{"href":"https:\/\/gandariaspain.com\/fr\/wp-json\/wp\/v2\/pages"}],"about":[{"href":"https:\/\/gandariaspain.com\/fr\/wp-json\/wp\/v2\/types\/page"}],"author":[{"embeddable":true,"href":"https:\/\/gandariaspain.com\/fr\/wp-json\/wp\/v2\/users\/1"}],"replies":[{"embeddable":true,"href":"https:\/\/gandariaspain.com\/fr\/wp-json\/wp\/v2\/comments?post=34311"}],"version-history":[{"count":4,"href":"https:\/\/gandariaspain.com\/fr\/wp-json\/wp\/v2\/pages\/34311\/revisions"}],"predecessor-version":[{"id":35798,"href":"https:\/\/gandariaspain.com\/fr\/wp-json\/wp\/v2\/pages\/34311\/revisions\/35798"}],"up":[{"embeddable":true,"href":"https:\/\/gandariaspain.com\/fr\/wp-json\/wp\/v2\/pages\/33797"}],"wp:attachment":[{"href":"https:\/\/gandariaspain.com\/fr\/wp-json\/wp\/v2\/media?parent=34311"}],"curies":[{"name":"wp","href":"https:\/\/api.w.org\/{rel}","templated":true}]}}