{"id":34073,"date":"2017-08-15T17:29:30","date_gmt":"2017-08-15T15:29:30","guid":{"rendered":"https:\/\/gandariaspain.com\/?page_id=34073\/"},"modified":"2017-08-20T18:15:09","modified_gmt":"2017-08-20T16:15:09","slug":"batiments-et-equipements-delevage-gandaria","status":"publish","type":"page","link":"https:\/\/gandariaspain.com\/fr\/secteurs\/betail\/batiments-et-equipements-delevage-gandaria\/","title":{"rendered":"B\u00e2timents et \u00e9quipements d&rsquo;\u00e9levage &#8211; Gandaria"},"content":{"rendered":"<p>[et_pb_section bb_built=\u00a0\u00bb1&Prime; admin_label=\u00a0\u00bbsection\u00a0\u00bb transparent_background=\u00a0\u00bboff\u00a0\u00bb background_color=\u00a0\u00bb#ffffff\u00a0\u00bb allow_player_pause=\u00a0\u00bboff\u00a0\u00bb inner_shadow=\u00a0\u00bboff\u00a0\u00bb parallax=\u00a0\u00bboff\u00a0\u00bb parallax_method=\u00a0\u00bboff\u00a0\u00bb padding_mobile=\u00a0\u00bboff\u00a0\u00bb make_fullwidth=\u00a0\u00bboff\u00a0\u00bb use_custom_width=\u00a0\u00bboff\u00a0\u00bb width_unit=\u00a0\u00bbon\u00a0\u00bb make_equal=\u00a0\u00bboff\u00a0\u00bb use_custom_gutter=\u00a0\u00bboff\u00a0\u00bb module_class=\u00a0\u00bbindentame\u00a0\u00bb locked=\u00a0\u00bbon\u00a0\u00bb][et_pb_row admin_label=\u00a0\u00bbrow\u00a0\u00bb parent_locked=\u00a0\u00bbon\u00a0\u00bb background_position=\u00a0\u00bbtop_left\u00a0\u00bb background_repeat=\u00a0\u00bbrepeat\u00a0\u00bb background_size=\u00a0\u00bbinitial\u00a0\u00bb][et_pb_column type=\u00a0\u00bb4_4&Prime;][et_pb_text admin_label=\u00a0\u00bbNo tocar. Cabecera de nivel 1. SEO\u00a0\u00bb background_layout=\u00a0\u00bblight\u00a0\u00bb text_orientation=\u00a0\u00bbleft\u00a0\u00bb use_border_color=\u00a0\u00bboff\u00a0\u00bb border_color=\u00a0\u00bb#ffffff\u00a0\u00bb border_style=\u00a0\u00bbsolid\u00a0\u00bb parent_locked=\u00a0\u00bbon\u00a0\u00bb background_position=\u00a0\u00bbtop_left\u00a0\u00bb background_repeat=\u00a0\u00bbrepeat\u00a0\u00bb background_size=\u00a0\u00bbinitial\u00a0\u00bb]<\/p>\n<h1>Gandaria Spain<\/h1>\n<p>[\/et_pb_text][\/et_pb_column][\/et_pb_row][\/et_pb_section][et_pb_section bb_built=\u00a0\u00bb1&Prime; fullwidth=\u00a0\u00bbon\u00a0\u00bb specialty=\u00a0\u00bboff\u00a0\u00bb transparent_background=\u00a0\u00bboff\u00a0\u00bb background_color=\u00a0\u00bb#ffffff\u00a0\u00bb allow_player_pause=\u00a0\u00bboff\u00a0\u00bb inner_shadow=\u00a0\u00bboff\u00a0\u00bb parallax=\u00a0\u00bboff\u00a0\u00bb parallax_method=\u00a0\u00bboff\u00a0\u00bb padding_mobile=\u00a0\u00bboff\u00a0\u00bb make_fullwidth=\u00a0\u00bboff\u00a0\u00bb use_custom_width=\u00a0\u00bboff\u00a0\u00bb width_unit=\u00a0\u00bbon\u00a0\u00bb make_equal=\u00a0\u00bboff\u00a0\u00bb use_custom_gutter=\u00a0\u00bboff\u00a0\u00bb module_class=\u00a0\u00bbslide-flota-izquierda\u00a0\u00bb][et_pb_fullwidth_slider admin_label=\u00a0\u00bbNaves y equipamiento \u2013 Gandaria\u00a0\u00bb show_arrows=\u00a0\u00bbon\u00a0\u00bb show_pagination=\u00a0\u00bbon\u00a0\u00bb auto=\u00a0\u00bboff\u00a0\u00bb auto_ignore_hover=\u00a0\u00bboff\u00a0\u00bb parallax=\u00a0\u00bboff\u00a0\u00bb parallax_method=\u00a0\u00bboff\u00a0\u00bb remove_inner_shadow=\u00a0\u00bboff\u00a0\u00bb background_position=\u00a0\u00bbtop_left\u00a0\u00bb hide_content_on_mobile=\u00a0\u00bboff\u00a0\u00bb hide_cta_on_mobile=\u00a0\u00bboff\u00a0\u00bb show_image_video_mobile=\u00a0\u00bboff\u00a0\u00bb custom_button=\u00a0\u00bboff\u00a0\u00bb button_letter_spacing=\u00a0\u00bb0&Prime; button_icon_placement=\u00a0\u00bbright\u00a0\u00bb button_letter_spacing_hover=\u00a0\u00bb0&Prime; disabled_on=\u00a0\u00bboff|off|off\u00a0\u00bb disabled=\u00a0\u00bboff\u00a0\u00bb _builder_version=\u00a0\u00bb3.0.69&Prime;]<\/p>\n<p>[et_pb_slide heading=\u00a0\u00bbB\u00e2timents et \u00e9quipements d&rsquo;\u00e9levage &#8211; Gandaria\u00a0\u00bb background_color=\u00a0\u00bb#ffffff\u00a0\u00bb use_background_color_gradient=\u00a0\u00bboff\u00a0\u00bb background_color_gradient_start=\u00a0\u00bb#2b87da\u00a0\u00bb background_color_gradient_end=\u00a0\u00bb#29c4a9&Prime; background_color_gradient_type=\u00a0\u00bblinear\u00a0\u00bb background_color_gradient_direction=\u00a0\u00bb180deg\u00a0\u00bb background_color_gradient_direction_radial=\u00a0\u00bbcenter\u00a0\u00bb background_color_gradient_start_position=\u00a0\u00bb0%\u00a0\u00bb background_color_gradient_end_position=\u00a0\u00bb100%\u00a0\u00bb background_image=\u00a0\u00bbhttps:\/\/gandariaspain.com\/wp-content\/uploads\/2016\/09\/GANDARIA_SLIDER-1.jpg\u00a0\u00bb parallax=\u00a0\u00bboff\u00a0\u00bb parallax_method=\u00a0\u00bboff\u00a0\u00bb background_position=\u00a0\u00bbtop_left\u00a0\u00bb background_size=\u00a0\u00bbcover\u00a0\u00bb background_repeat=\u00a0\u00bbrepeat\u00a0\u00bb background_blend=\u00a0\u00bbnormal\u00a0\u00bb allow_player_pause=\u00a0\u00bboff\u00a0\u00bb use_bg_overlay=\u00a0\u00bboff\u00a0\u00bb use_text_overlay=\u00a0\u00bboff\u00a0\u00bb text_border_radius=\u00a0\u00bb3&Prime; alignment=\u00a0\u00bbcenter\u00a0\u00bb background_layout=\u00a0\u00bbdark\u00a0\u00bb header_font_select=\u00a0\u00bbdefault\u00a0\u00bb header_font=\u00a0\u00bb||||\u00a0\u00bb body_font_select=\u00a0\u00bbdefault\u00a0\u00bb body_font=\u00a0\u00bb||||\u00a0\u00bb custom_button=\u00a0\u00bboff\u00a0\u00bb button_font_select=\u00a0\u00bbdefault\u00a0\u00bb button_font=\u00a0\u00bb||||\u00a0\u00bb button_use_icon=\u00a0\u00bbdefault\u00a0\u00bb button_icon_placement=\u00a0\u00bbright\u00a0\u00bb button_on_hover=\u00a0\u00bbon\u00a0\u00bb \/]<\/p>\n<p>[\/et_pb_fullwidth_slider][\/et_pb_section][et_pb_section bb_built=\u00a0\u00bb1&Prime; fullwidth=\u00a0\u00bboff\u00a0\u00bb specialty=\u00a0\u00bboff\u00a0\u00bb][et_pb_row background_position=\u00a0\u00bbtop_left\u00a0\u00bb background_repeat=\u00a0\u00bbrepeat\u00a0\u00bb background_size=\u00a0\u00bbinitial\u00a0\u00bb][et_pb_column type=\u00a0\u00bb1_2&Prime;][et_pb_text admin_label=\u00a0\u00bbLivestock Services\u00a0\u00bb _builder_version=\u00a0\u00bb3.0.69&Prime; background_layout=\u00a0\u00bblight\u00a0\u00bb text_orientation=\u00a0\u00bbleft\u00a0\u00bb border_style=\u00a0\u00bbsolid\u00a0\u00bb]<\/p>\n<h2 class=\"TitularVerdeNegrita\">Services d\u2019\u00e9levage<\/h2>\n<p><strong>La division GANDARIA est sp\u00e9cialis\u00e9e dans la fabrication et la commercialisation de produits pour toutes les installations d\u2019\u00e9levage\u00a0:<\/strong> porcin extensif et intensif, volailles \u00e0 chair et pondeuses, ovin, bovin, \u00e9levages alternatifs\u2026\u00a0 De plus, nous nous chargeons de la conception et du d\u00e9veloppement de vos installations, et nous vous offrons un service cl\u00e9 en main.<\/p>\n<p><strong>Notre mission est de conseiller et de g\u00e9rer les projets de nos clients en fournissant un bon service<\/strong> apr\u00e8s-vente pour obtenir une gestion efficace et rentable de leur ferme.<\/p>\n<p>[\/et_pb_text][et_pb_image show_in_lightbox=\u00a0\u00bboff\u00a0\u00bb url_new_window=\u00a0\u00bboff\u00a0\u00bb use_overlay=\u00a0\u00bboff\u00a0\u00bb sticky=\u00a0\u00bboff\u00a0\u00bb align=\u00a0\u00bbleft\u00a0\u00bb force_fullwidth=\u00a0\u00bboff\u00a0\u00bb always_center_on_mobile=\u00a0\u00bbon\u00a0\u00bb border_style=\u00a0\u00bbsolid\u00a0\u00bb src=\u00a0\u00bbhttps:\/\/gandariaspain.com\/wp-content\/uploads\/2016\/09\/GANDARIA_2-1.jpg\u00a0\u00bb _builder_version=\u00a0\u00bb3.0.50&Prime; \/][\/et_pb_column][et_pb_column type=\u00a0\u00bb1_2&Prime;][et_pb_image show_in_lightbox=\u00a0\u00bboff\u00a0\u00bb url_new_window=\u00a0\u00bboff\u00a0\u00bb use_overlay=\u00a0\u00bboff\u00a0\u00bb sticky=\u00a0\u00bboff\u00a0\u00bb align=\u00a0\u00bbleft\u00a0\u00bb force_fullwidth=\u00a0\u00bboff\u00a0\u00bb always_center_on_mobile=\u00a0\u00bbon\u00a0\u00bb border_style=\u00a0\u00bbsolid\u00a0\u00bb src=\u00a0\u00bbhttps:\/\/gandariaspain.com\/wp-content\/uploads\/2016\/09\/GANDARIA_1-1.jpg\u00a0\u00bb _builder_version=\u00a0\u00bb3.0.50&Prime; \/][et_pb_text admin_label=\u00a0\u00bbNOur extensive experience allows us to offer all the material and equipment needed \u00a0\u00bb _builder_version=\u00a0\u00bb3.0.69&Prime; background_layout=\u00a0\u00bblight\u00a0\u00bb text_orientation=\u00a0\u00bbleft\u00a0\u00bb border_style=\u00a0\u00bbsolid\u00a0\u00bb]<\/p>\n<p>Notre vaste exp\u00e9rience nous permet d\u2019offrir \u00e0 nos clients<strong> tout le mat\u00e9riel dont ils ont besoin pour l\u2019\u00e9levage porcin extensif<\/strong> et intensif (cycle ferm\u00e9)\u00a0; refuges, camping, cages de mise bas en tubes d\u2019acier galvanis\u00e9, sols grillag\u00e9s en polypropyl\u00e8ne, dispositifs de dosage, mangeoires, cages de gestation, etc.<\/p>\n<p>Dans le domaine de l\u2019aviculture,<strong> nous d\u00e9veloppons des installations compl\u00e8tes<\/strong> avec des mangeoires automatiques et des syst\u00e8mes de ventilation pour l\u2019engraissement des volailles et l\u2019\u00e9levage en environnement contr\u00f4l\u00e9.<\/p>\n<p>D\u2019autre part,<strong> nous avons \u00e9galement tout le n\u00e9cessaire pour l\u2019entretien et l\u2019am\u00e9lioration de vos installations<\/strong>: silos m\u00e9talliques, conception et montage de b\u00e2timents, mat\u00e9riel de manutention et de nettoyage pour vos animaux, etc.<\/p>\n<p>[\/et_pb_text][\/et_pb_column][\/et_pb_row][\/et_pb_section][et_pb_section bb_built=\u00a0\u00bb1&Prime; fullwidth=\u00a0\u00bboff\u00a0\u00bb specialty=\u00a0\u00bboff\u00a0\u00bb][et_pb_row background_position=\u00a0\u00bbtop_left\u00a0\u00bb background_repeat=\u00a0\u00bbrepeat\u00a0\u00bb background_size=\u00a0\u00bbinitial\u00a0\u00bb][et_pb_column type=\u00a0\u00bb4_4&Prime;][et_pb_text admin_label=\u00a0\u00bbFacilities Design\u00a0\u00bb background_layout=\u00a0\u00bblight\u00a0\u00bb text_orientation=\u00a0\u00bbleft\u00a0\u00bb border_style=\u00a0\u00bbsolid\u00a0\u00bb background_position=\u00a0\u00bbtop_left\u00a0\u00bb background_repeat=\u00a0\u00bbrepeat\u00a0\u00bb background_size=\u00a0\u00bbinitial\u00a0\u00bb _builder_version=\u00a0\u00bb3.0.69&Prime;]<\/p>\n<h3>Conception des b\u00e2timents<\/h3>\n<p>Nous concevons et nous fabriquons <b>tous types d\u2019installations d\u2019\u00e9levage<\/b> et nous vous offrons un service int\u00e9gral cl\u00e9 en main. Afin de conna\u00eetre vos besoins en profondeur,<b> notre \u00e9quipe r\u00e9alise une \u00e9tude personnalis\u00e9e.<\/b><\/p>\n<p>[\/et_pb_text][\/et_pb_column][\/et_pb_row][et_pb_row background_position=\u00a0\u00bbtop_left\u00a0\u00bb background_repeat=\u00a0\u00bbrepeat\u00a0\u00bb background_size=\u00a0\u00bbinitial\u00a0\u00bb][et_pb_column type=\u00a0\u00bb4_4&Prime;][et_pb_text admin_label=\u00a0\u00bbFacilities Equipment\u00a0\u00bb background_layout=\u00a0\u00bblight\u00a0\u00bb text_orientation=\u00a0\u00bbleft\u00a0\u00bb border_style=\u00a0\u00bbsolid\u00a0\u00bb background_position=\u00a0\u00bbtop_left\u00a0\u00bb background_repeat=\u00a0\u00bbrepeat\u00a0\u00bb background_size=\u00a0\u00bbinitial\u00a0\u00bb _builder_version=\u00a0\u00bb3.0.69&Prime;]<\/p>\n<h3>\u00c9quipements des b\u00e2timents<\/h3>\n<ul>\n<li>Nous vous offrons t<strong>out l\u2019\u00e9quipement n\u00e9cessaire pour vos b\u00e2timents et entrep\u00f4ts<\/strong>, comprenant la mise en place de syst\u00e8mes de contr\u00f4le atmosph\u00e9rique, de contr\u00f4le de la temp\u00e9rature et de la ventilation, et nous nous occupons de la fourniture et de l\u2019installation de tout le mat\u00e9riel n\u00e9cessaire pour l\u2019\u00e9levage et le d\u00e9veloppement de vos animaux.<\/li>\n<li>Nous fabriquons et<strong> nous installons des b\u00e2timents avec la structure galvanis\u00e9e<\/strong>, la toiture de type sandwich et avec des panneaux int\u00e9rieurs en PVC.<\/li>\n<li>Nous<strong> offrons<\/strong> <strong>\u00e9galement divers syst\u00e8mes anticorrosion<\/strong> et de cloisonnement, comme les fen\u00eatres de toile en PVC, en aluminium ou en polyester.<\/li>\n<\/ul>\n<p>[\/et_pb_text][\/et_pb_column][\/et_pb_row][\/et_pb_section][et_pb_section bb_built=\u00a0\u00bb1&Prime; fullwidth=\u00a0\u00bboff\u00a0\u00bb specialty=\u00a0\u00bboff\u00a0\u00bb][et_pb_row background_position=\u00a0\u00bbtop_left\u00a0\u00bb background_repeat=\u00a0\u00bbrepeat\u00a0\u00bb background_size=\u00a0\u00bbinitial\u00a0\u00bb][et_pb_column type=\u00a0\u00bb4_4&Prime;][et_pb_text admin_label=\u00a0\u00bbProject Gallery\u00a0\u00bb _builder_version=\u00a0\u00bb3.0.69&Prime; background_layout=\u00a0\u00bblight\u00a0\u00bb text_orientation=\u00a0\u00bbleft\u00a0\u00bb border_style=\u00a0\u00bbsolid\u00a0\u00bb]<\/p>\n<h3>Galerie de projets<\/h3>\n<p>Plus de 40 ans d\u2019exp\u00e9rience dans la r\u00e9alisation d\u2019installations d\u2019\u00e9levage. <a href=\"https:\/\/gandariaspain.com\/es\/proyectos\/naves\/\"> Visitez notre Galerie de projets d\u2019\u00e9levage <\/a> pour plus d\u2019informations et de r\u00e9f\u00e9rences.<\/p>\n<p>[\/et_pb_text][\/et_pb_column][\/et_pb_row][\/et_pb_section][et_pb_section bb_built=\u00a0\u00bb1&Prime; fullwidth=\u00a0\u00bboff\u00a0\u00bb specialty=\u00a0\u00bboff\u00a0\u00bb][et_pb_row background_position=\u00a0\u00bbtop_left\u00a0\u00bb background_repeat=\u00a0\u00bbrepeat\u00a0\u00bb background_size=\u00a0\u00bbinitial\u00a0\u00bb][et_pb_column type=\u00a0\u00bb4_4&Prime;][et_pb_text admin_label=\u00a0\u00bbProduct List\u00a0\u00bb _builder_version=\u00a0\u00bb3.0.69&Prime; background_layout=\u00a0\u00bblight\u00a0\u00bb text_orientation=\u00a0\u00bbleft\u00a0\u00bb border_style=\u00a0\u00bbsolid\u00a0\u00bb]<\/p>\n<h3>Liste de produits<\/h3>\n<ul>\n<li><a href=\"https:\/\/gandariaspain.com\/es\/productos\/naves\/\">B\u00e2timents d\u2019\u00e9levage cl\u00e9 en main<\/a><\/li>\n<li><a href=\"https:\/\/gandariaspain.com\/es\/productos\/equipamiento-ganadero\/\">Equipement d\u2019\u00e9levage<\/a><\/li>\n<\/ul>\n<p>[\/et_pb_text][\/et_pb_column][\/et_pb_row][\/et_pb_section]<\/p>\n<span class=\"et_bloom_bottom_trigger\"><\/span>","protected":false},"excerpt":{"rendered":"<p>Gandaria Spain Services d\u2019\u00e9levage La division GANDARIA est sp\u00e9cialis\u00e9e dans [&hellip;]<\/p>\n","protected":false},"author":1,"featured_media":0,"parent":34072,"menu_order":0,"comment_status":"closed","ping_status":"closed","template":"","meta":{"_et_pb_use_builder":"on","_et_pb_old_content":"","_et_gb_content_width":"","_mbp_gutenberg_autopost":false,"footnotes":""},"class_list":["post-34073","page","type-page","status-publish","hentry"],"yoast_head":"<!-- This site is optimized with the Yoast SEO plugin v27.5 - https:\/\/yoast.com\/product\/yoast-seo-wordpress\/ -->\n<title>B\u00e2timents et \u00e9quipements d&#039;\u00e9levage - Gandaria - Gandaria - Silos Spain<\/title>\n<meta name=\"robots\" content=\"index, follow, max-snippet:-1, max-image-preview:large, max-video-preview:-1\" \/>\n<link rel=\"canonical\" href=\"https:\/\/gandariaspain.com\/fr\/secteurs\/betail\/batiments-et-equipements-delevage-gandaria\/\" \/>\n<meta property=\"og:locale\" content=\"fr_FR\" \/>\n<meta property=\"og:type\" content=\"article\" \/>\n<meta property=\"og:title\" content=\"B\u00e2timents et \u00e9quipements d&#039;\u00e9levage - Gandaria - Gandaria - Silos Spain\" \/>\n<meta property=\"og:description\" content=\"Gandaria Spain Services d\u2019\u00e9levage La division GANDARIA est sp\u00e9cialis\u00e9e dans [&hellip;]\" \/>\n<meta property=\"og:url\" content=\"https:\/\/gandariaspain.com\/fr\/secteurs\/betail\/batiments-et-equipements-delevage-gandaria\/\" \/>\n<meta property=\"og:site_name\" content=\"Gandaria - Silos Spain\" \/>\n<meta property=\"article:modified_time\" content=\"2017-08-20T16:15:09+00:00\" \/>\n<meta name=\"twitter:card\" content=\"summary_large_image\" \/>\n<meta name=\"twitter:label1\" content=\"Dur\u00e9e de lecture estim\u00e9e\" \/>\n\t<meta name=\"twitter:data1\" content=\"6 minutes\" \/>\n<script type=\"application\/ld+json\" class=\"yoast-schema-graph\">{\"@context\":\"https:\\\/\\\/schema.org\",\"@graph\":[{\"@type\":\"WebPage\",\"@id\":\"https:\\\/\\\/gandariaspain.com\\\/fr\\\/secteurs\\\/betail\\\/batiments-et-equipements-delevage-gandaria\\\/\",\"url\":\"https:\\\/\\\/gandariaspain.com\\\/fr\\\/secteurs\\\/betail\\\/batiments-et-equipements-delevage-gandaria\\\/\",\"name\":\"B\u00e2timents et \u00e9quipements d'\u00e9levage - Gandaria - Gandaria - Silos Spain\",\"isPartOf\":{\"@id\":\"https:\\\/\\\/gandariaspain.com\\\/fr\\\/#website\"},\"datePublished\":\"2017-08-15T15:29:30+00:00\",\"dateModified\":\"2017-08-20T16:15:09+00:00\",\"breadcrumb\":{\"@id\":\"https:\\\/\\\/gandariaspain.com\\\/fr\\\/secteurs\\\/betail\\\/batiments-et-equipements-delevage-gandaria\\\/#breadcrumb\"},\"inLanguage\":\"fr-FR\",\"potentialAction\":[{\"@type\":\"ReadAction\",\"target\":[\"https:\\\/\\\/gandariaspain.com\\\/fr\\\/secteurs\\\/betail\\\/batiments-et-equipements-delevage-gandaria\\\/\"]}]},{\"@type\":\"BreadcrumbList\",\"@id\":\"https:\\\/\\\/gandariaspain.com\\\/fr\\\/secteurs\\\/betail\\\/batiments-et-equipements-delevage-gandaria\\\/#breadcrumb\",\"itemListElement\":[{\"@type\":\"ListItem\",\"position\":1,\"name\":\"Secteurs\",\"item\":\"https:\\\/\\\/gandariaspain.com\\\/fr\\\/secteurs\\\/\"},{\"@type\":\"ListItem\",\"position\":2,\"name\":\"B\u00e9tail\",\"item\":\"https:\\\/\\\/gandariaspain.com\\\/fr\\\/secteurs\\\/betail\\\/\"},{\"@type\":\"ListItem\",\"position\":3,\"name\":\"B\u00e2timents et \u00e9quipements d&rsquo;\u00e9levage &#8211; Gandaria\"}]},{\"@type\":\"WebSite\",\"@id\":\"https:\\\/\\\/gandariaspain.com\\\/fr\\\/#website\",\"url\":\"https:\\\/\\\/gandariaspain.com\\\/fr\\\/\",\"name\":\"Gandaria - Silos Spain\",\"description\":\"Just another WordPress site\",\"potentialAction\":[{\"@type\":\"SearchAction\",\"target\":{\"@type\":\"EntryPoint\",\"urlTemplate\":\"https:\\\/\\\/gandariaspain.com\\\/fr\\\/?s={search_term_string}\"},\"query-input\":{\"@type\":\"PropertyValueSpecification\",\"valueRequired\":true,\"valueName\":\"search_term_string\"}}],\"inLanguage\":\"fr-FR\"}]}<\/script>\n<!-- \/ Yoast SEO plugin. -->","yoast_head_json":{"title":"B\u00e2timents et \u00e9quipements d'\u00e9levage - Gandaria - Gandaria - Silos Spain","robots":{"index":"index","follow":"follow","max-snippet":"max-snippet:-1","max-image-preview":"max-image-preview:large","max-video-preview":"max-video-preview:-1"},"canonical":"https:\/\/gandariaspain.com\/fr\/secteurs\/betail\/batiments-et-equipements-delevage-gandaria\/","og_locale":"fr_FR","og_type":"article","og_title":"B\u00e2timents et \u00e9quipements d'\u00e9levage - Gandaria - Gandaria - Silos Spain","og_description":"Gandaria Spain Services d\u2019\u00e9levage La division GANDARIA est sp\u00e9cialis\u00e9e dans [&hellip;]","og_url":"https:\/\/gandariaspain.com\/fr\/secteurs\/betail\/batiments-et-equipements-delevage-gandaria\/","og_site_name":"Gandaria - Silos Spain","article_modified_time":"2017-08-20T16:15:09+00:00","twitter_card":"summary_large_image","twitter_misc":{"Dur\u00e9e de lecture estim\u00e9e":"6 minutes"},"schema":{"@context":"https:\/\/schema.org","@graph":[{"@type":"WebPage","@id":"https:\/\/gandariaspain.com\/fr\/secteurs\/betail\/batiments-et-equipements-delevage-gandaria\/","url":"https:\/\/gandariaspain.com\/fr\/secteurs\/betail\/batiments-et-equipements-delevage-gandaria\/","name":"B\u00e2timents et \u00e9quipements d'\u00e9levage - Gandaria - Gandaria - Silos Spain","isPartOf":{"@id":"https:\/\/gandariaspain.com\/fr\/#website"},"datePublished":"2017-08-15T15:29:30+00:00","dateModified":"2017-08-20T16:15:09+00:00","breadcrumb":{"@id":"https:\/\/gandariaspain.com\/fr\/secteurs\/betail\/batiments-et-equipements-delevage-gandaria\/#breadcrumb"},"inLanguage":"fr-FR","potentialAction":[{"@type":"ReadAction","target":["https:\/\/gandariaspain.com\/fr\/secteurs\/betail\/batiments-et-equipements-delevage-gandaria\/"]}]},{"@type":"BreadcrumbList","@id":"https:\/\/gandariaspain.com\/fr\/secteurs\/betail\/batiments-et-equipements-delevage-gandaria\/#breadcrumb","itemListElement":[{"@type":"ListItem","position":1,"name":"Secteurs","item":"https:\/\/gandariaspain.com\/fr\/secteurs\/"},{"@type":"ListItem","position":2,"name":"B\u00e9tail","item":"https:\/\/gandariaspain.com\/fr\/secteurs\/betail\/"},{"@type":"ListItem","position":3,"name":"B\u00e2timents et \u00e9quipements d&rsquo;\u00e9levage &#8211; Gandaria"}]},{"@type":"WebSite","@id":"https:\/\/gandariaspain.com\/fr\/#website","url":"https:\/\/gandariaspain.com\/fr\/","name":"Gandaria - Silos Spain","description":"Just another WordPress site","potentialAction":[{"@type":"SearchAction","target":{"@type":"EntryPoint","urlTemplate":"https:\/\/gandariaspain.com\/fr\/?s={search_term_string}"},"query-input":{"@type":"PropertyValueSpecification","valueRequired":true,"valueName":"search_term_string"}}],"inLanguage":"fr-FR"}]}},"_links":{"self":[{"href":"https:\/\/gandariaspain.com\/fr\/wp-json\/wp\/v2\/pages\/34073","targetHints":{"allow":["GET"]}}],"collection":[{"href":"https:\/\/gandariaspain.com\/fr\/wp-json\/wp\/v2\/pages"}],"about":[{"href":"https:\/\/gandariaspain.com\/fr\/wp-json\/wp\/v2\/types\/page"}],"author":[{"embeddable":true,"href":"https:\/\/gandariaspain.com\/fr\/wp-json\/wp\/v2\/users\/1"}],"replies":[{"embeddable":true,"href":"https:\/\/gandariaspain.com\/fr\/wp-json\/wp\/v2\/comments?post=34073"}],"version-history":[{"count":5,"href":"https:\/\/gandariaspain.com\/fr\/wp-json\/wp\/v2\/pages\/34073\/revisions"}],"predecessor-version":[{"id":37630,"href":"https:\/\/gandariaspain.com\/fr\/wp-json\/wp\/v2\/pages\/34073\/revisions\/37630"}],"up":[{"embeddable":true,"href":"https:\/\/gandariaspain.com\/fr\/wp-json\/wp\/v2\/pages\/34072"}],"wp:attachment":[{"href":"https:\/\/gandariaspain.com\/fr\/wp-json\/wp\/v2\/media?parent=34073"}],"curies":[{"name":"wp","href":"https:\/\/api.w.org\/{rel}","templated":true}]}}