{"id":33964,"date":"2017-08-15T17:16:20","date_gmt":"2017-08-15T15:16:20","guid":{"rendered":"https:\/\/gandariaspain.com\/?page_id=33964\/"},"modified":"2017-08-21T17:57:39","modified_gmt":"2017-08-21T15:57:39","slug":"convoyeurs-dalimentation","status":"publish","type":"page","link":"https:\/\/gandariaspain.com\/fr\/produits\/equipement-delevage\/convoyeurs-dalimentation\/","title":{"rendered":"Convoyeurs d&rsquo;alimentation"},"content":{"rendered":"<p>[et_pb_section bb_built=\u00a0\u00bb1&Prime; admin_label=\u00a0\u00bbsection\u00a0\u00bb transparent_background=\u00a0\u00bboff\u00a0\u00bb background_color=\u00a0\u00bb#ffffff\u00a0\u00bb allow_player_pause=\u00a0\u00bboff\u00a0\u00bb inner_shadow=\u00a0\u00bboff\u00a0\u00bb parallax=\u00a0\u00bboff\u00a0\u00bb parallax_method=\u00a0\u00bboff\u00a0\u00bb padding_mobile=\u00a0\u00bboff\u00a0\u00bb make_fullwidth=\u00a0\u00bboff\u00a0\u00bb use_custom_width=\u00a0\u00bboff\u00a0\u00bb width_unit=\u00a0\u00bbon\u00a0\u00bb make_equal=\u00a0\u00bboff\u00a0\u00bb use_custom_gutter=\u00a0\u00bboff\u00a0\u00bb module_class=\u00a0\u00bbindentame\u00a0\u00bb locked=\u00a0\u00bbon\u00a0\u00bb][et_pb_row admin_label=\u00a0\u00bbrow\u00a0\u00bb parent_locked=\u00a0\u00bbon\u00a0\u00bb background_position=\u00a0\u00bbtop_left\u00a0\u00bb background_repeat=\u00a0\u00bbrepeat\u00a0\u00bb background_size=\u00a0\u00bbinitial\u00a0\u00bb][et_pb_column type=\u00a0\u00bb4_4&Prime;][et_pb_text admin_label=\u00a0\u00bbNo tocar. Cabecera de nivel 1. SEO\u00a0\u00bb background_layout=\u00a0\u00bblight\u00a0\u00bb text_orientation=\u00a0\u00bbleft\u00a0\u00bb use_border_color=\u00a0\u00bboff\u00a0\u00bb border_color=\u00a0\u00bb#ffffff\u00a0\u00bb border_style=\u00a0\u00bbsolid\u00a0\u00bb parent_locked=\u00a0\u00bbon\u00a0\u00bb background_position=\u00a0\u00bbtop_left\u00a0\u00bb background_repeat=\u00a0\u00bbrepeat\u00a0\u00bb background_size=\u00a0\u00bbinitial\u00a0\u00bb]<\/p>\n<h1>Gandaria Spain<\/h1>\n<p>[\/et_pb_text][\/et_pb_column][\/et_pb_row][\/et_pb_section][et_pb_section bb_built=\u00a0\u00bb1&Prime; fullwidth=\u00a0\u00bbon\u00a0\u00bb specialty=\u00a0\u00bboff\u00a0\u00bb transparent_background=\u00a0\u00bboff\u00a0\u00bb background_color=\u00a0\u00bb#ffffff\u00a0\u00bb allow_player_pause=\u00a0\u00bboff\u00a0\u00bb inner_shadow=\u00a0\u00bboff\u00a0\u00bb parallax=\u00a0\u00bboff\u00a0\u00bb parallax_method=\u00a0\u00bboff\u00a0\u00bb padding_mobile=\u00a0\u00bboff\u00a0\u00bb make_fullwidth=\u00a0\u00bboff\u00a0\u00bb use_custom_width=\u00a0\u00bboff\u00a0\u00bb width_unit=\u00a0\u00bbon\u00a0\u00bb make_equal=\u00a0\u00bboff\u00a0\u00bb use_custom_gutter=\u00a0\u00bboff\u00a0\u00bb module_class=\u00a0\u00bbslide-flota-izquierda\u00a0\u00bb _builder_version=\u00a0\u00bb3.0.51&Prime;][et_pb_fullwidth_slider admin_label=\u00a0\u00bbFeed conveyors\u00a0\u00bb show_arrows=\u00a0\u00bbon\u00a0\u00bb show_pagination=\u00a0\u00bbon\u00a0\u00bb auto=\u00a0\u00bboff\u00a0\u00bb auto_ignore_hover=\u00a0\u00bboff\u00a0\u00bb parallax=\u00a0\u00bboff\u00a0\u00bb parallax_method=\u00a0\u00bboff\u00a0\u00bb remove_inner_shadow=\u00a0\u00bboff\u00a0\u00bb background_position=\u00a0\u00bbtop_left\u00a0\u00bb hide_content_on_mobile=\u00a0\u00bboff\u00a0\u00bb hide_cta_on_mobile=\u00a0\u00bboff\u00a0\u00bb show_image_video_mobile=\u00a0\u00bboff\u00a0\u00bb custom_button=\u00a0\u00bboff\u00a0\u00bb button_letter_spacing=\u00a0\u00bb0&Prime; button_icon_placement=\u00a0\u00bbright\u00a0\u00bb button_letter_spacing_hover=\u00a0\u00bb0&Prime; disabled_on=\u00a0\u00bboff|off|off\u00a0\u00bb disabled=\u00a0\u00bboff\u00a0\u00bb _builder_version=\u00a0\u00bb3.0.69&Prime;] [et_pb_slide heading=\u00a0\u00bbConvoyeurs d&rsquo;alimentation\u00a0\u00bb background_color=\u00a0\u00bb#ffffff\u00a0\u00bb use_background_color_gradient=\u00a0\u00bboff\u00a0\u00bb background_color_gradient_start=\u00a0\u00bb#2b87da\u00a0\u00bb background_color_gradient_end=\u00a0\u00bb#29c4a9&Prime; background_color_gradient_type=\u00a0\u00bblinear\u00a0\u00bb background_color_gradient_direction=\u00a0\u00bb180deg\u00a0\u00bb background_color_gradient_direction_radial=\u00a0\u00bbcenter\u00a0\u00bb background_color_gradient_start_position=\u00a0\u00bb0%\u00a0\u00bb background_color_gradient_end_position=\u00a0\u00bb100%\u00a0\u00bb background_image=\u00a0\u00bbhttps:\/\/gandariaspain.com\/wp-content\/uploads\/2016\/09\/Transportadores-de-alimentos_SLIDER.jpg\u00a0\u00bb parallax=\u00a0\u00bboff\u00a0\u00bb parallax_method=\u00a0\u00bboff\u00a0\u00bb background_position=\u00a0\u00bbcenter\u00a0\u00bb background_size=\u00a0\u00bbcover\u00a0\u00bb background_repeat=\u00a0\u00bbno-repeat\u00a0\u00bb background_blend=\u00a0\u00bbnormal\u00a0\u00bb allow_player_pause=\u00a0\u00bboff\u00a0\u00bb use_bg_overlay=\u00a0\u00bboff\u00a0\u00bb use_text_overlay=\u00a0\u00bboff\u00a0\u00bb text_border_radius=\u00a0\u00bb3&Prime; alignment=\u00a0\u00bbcenter\u00a0\u00bb background_layout=\u00a0\u00bbdark\u00a0\u00bb header_font_select=\u00a0\u00bbdefault\u00a0\u00bb header_font=\u00a0\u00bb||||\u00a0\u00bb body_font_select=\u00a0\u00bbdefault\u00a0\u00bb body_font=\u00a0\u00bb||||\u00a0\u00bb custom_button=\u00a0\u00bboff\u00a0\u00bb button_font_select=\u00a0\u00bbdefault\u00a0\u00bb button_font=\u00a0\u00bb||||\u00a0\u00bb button_use_icon=\u00a0\u00bbdefault\u00a0\u00bb button_icon_placement=\u00a0\u00bbright\u00a0\u00bb button_on_hover=\u00a0\u00bbon\u00a0\u00bb \/] [\/et_pb_fullwidth_slider][\/et_pb_section][et_pb_section bb_built=\u00a0\u00bb1&Prime; fullwidth=\u00a0\u00bboff\u00a0\u00bb specialty=\u00a0\u00bboff\u00a0\u00bb][et_pb_row background_position=\u00a0\u00bbtop_left\u00a0\u00bb background_repeat=\u00a0\u00bbrepeat\u00a0\u00bb background_size=\u00a0\u00bbinitial\u00a0\u00bb][et_pb_column type=\u00a0\u00bb1_2&Prime;][et_pb_blurb admin_label=\u00a0\u00bbNuestros transportadores de alimentos est\u00e1n formados por tubos de PVC \u00a0\u00bb url_new_window=\u00a0\u00bboff\u00a0\u00bb use_icon=\u00a0\u00bboff\u00a0\u00bb font_icon=\u00a0\u00bb3&Prime; use_circle=\u00a0\u00bboff\u00a0\u00bb use_circle_border=\u00a0\u00bboff\u00a0\u00bb icon_placement=\u00a0\u00bbleft\u00a0\u00bb animation=\u00a0\u00bbtop\u00a0\u00bb background_layout=\u00a0\u00bblight\u00a0\u00bb use_icon_font_size=\u00a0\u00bboff\u00a0\u00bb border_style=\u00a0\u00bbsolid\u00a0\u00bb background_position=\u00a0\u00bbtop_left\u00a0\u00bb background_repeat=\u00a0\u00bbrepeat\u00a0\u00bb background_size=\u00a0\u00bbinitial\u00a0\u00bb _builder_version=\u00a0\u00bb3.0.69&Prime;]<\/p>\n<h3>Nos convoyeurs d&rsquo;alimentation sont constitu\u00e9s de tuyaux en PVC renforc\u00e9s \u00e0 haute r\u00e9sistance<\/h3>\n<blockquote><p>De diam\u00e8tres 55, 75, 90 ou 125 mm.<\/p><\/blockquote>\n<p>La spirale \u00e0 l&rsquo;int\u00e9rieur du tube effectue une rotation pour transporter l&rsquo;alimentation. La rotation s&rsquo;effectue par un motor\u00e9ducteur monophas\u00e9 ou triphas\u00e9 qui peut avoir une puissance diff\u00e9rente en fonction des besoins de manutention.<\/p>\n<p>[\/et_pb_blurb][\/et_pb_column][et_pb_column type=\u00a0\u00bb1_2&Prime;][et_pb_image show_in_lightbox=\u00a0\u00bboff\u00a0\u00bb url_new_window=\u00a0\u00bboff\u00a0\u00bb use_overlay=\u00a0\u00bboff\u00a0\u00bb sticky=\u00a0\u00bboff\u00a0\u00bb align=\u00a0\u00bbleft\u00a0\u00bb force_fullwidth=\u00a0\u00bboff\u00a0\u00bb always_center_on_mobile=\u00a0\u00bbon\u00a0\u00bb border_style=\u00a0\u00bbsolid\u00a0\u00bb src=\u00a0\u00bbhttps:\/\/gandariaspain.com\/wp-content\/uploads\/2016\/09\/transportadoresalimentos1.jpg\u00a0\u00bb _builder_version=\u00a0\u00bb3.0.69&Prime; \/][\/et_pb_column][\/et_pb_row][\/et_pb_section]<\/p>\n<span class=\"et_bloom_bottom_trigger\"><\/span>","protected":false},"excerpt":{"rendered":"<p>Gandaria Spain Nos convoyeurs d&rsquo;alimentation sont constitu\u00e9s de tuyaux en [&hellip;]<\/p>\n","protected":false},"author":1,"featured_media":0,"parent":33963,"menu_order":0,"comment_status":"closed","ping_status":"closed","template":"","meta":{"_et_pb_use_builder":"on","_et_pb_old_content":"","_et_gb_content_width":"","_mbp_gutenberg_autopost":false,"footnotes":""},"class_list":["post-33964","page","type-page","status-publish","hentry"],"yoast_head":"<!-- This site is optimized with the Yoast SEO plugin v27.3 - https:\/\/yoast.com\/product\/yoast-seo-wordpress\/ -->\n<title>Convoyeurs d&#039;alimentation - Gandaria - Silos Spain<\/title>\n<meta name=\"robots\" content=\"index, follow, max-snippet:-1, max-image-preview:large, max-video-preview:-1\" \/>\n<link rel=\"canonical\" href=\"https:\/\/gandariaspain.com\/fr\/produits\/equipement-delevage\/convoyeurs-dalimentation\/\" \/>\n<meta property=\"og:locale\" content=\"fr_FR\" \/>\n<meta property=\"og:type\" content=\"article\" \/>\n<meta property=\"og:title\" content=\"Convoyeurs d&#039;alimentation - Gandaria - Silos Spain\" \/>\n<meta property=\"og:description\" content=\"Gandaria Spain Nos convoyeurs d&#039;alimentation sont constitu\u00e9s de tuyaux en [&hellip;]\" \/>\n<meta property=\"og:url\" content=\"https:\/\/gandariaspain.com\/fr\/produits\/equipement-delevage\/convoyeurs-dalimentation\/\" \/>\n<meta property=\"og:site_name\" content=\"Gandaria - Silos Spain\" \/>\n<meta property=\"article:modified_time\" content=\"2017-08-21T15:57:39+00:00\" \/>\n<meta name=\"twitter:card\" content=\"summary_large_image\" \/>\n<meta name=\"twitter:label1\" content=\"Dur\u00e9e de lecture estim\u00e9e\" \/>\n\t<meta name=\"twitter:data1\" content=\"3 minutes\" \/>\n<script type=\"application\/ld+json\" class=\"yoast-schema-graph\">{\"@context\":\"https:\\\/\\\/schema.org\",\"@graph\":[{\"@type\":\"WebPage\",\"@id\":\"https:\\\/\\\/gandariaspain.com\\\/fr\\\/produits\\\/equipement-delevage\\\/convoyeurs-dalimentation\\\/\",\"url\":\"https:\\\/\\\/gandariaspain.com\\\/fr\\\/produits\\\/equipement-delevage\\\/convoyeurs-dalimentation\\\/\",\"name\":\"Convoyeurs d'alimentation - Gandaria - Silos Spain\",\"isPartOf\":{\"@id\":\"https:\\\/\\\/gandariaspain.com\\\/fr\\\/#website\"},\"datePublished\":\"2017-08-15T15:16:20+00:00\",\"dateModified\":\"2017-08-21T15:57:39+00:00\",\"breadcrumb\":{\"@id\":\"https:\\\/\\\/gandariaspain.com\\\/fr\\\/produits\\\/equipement-delevage\\\/convoyeurs-dalimentation\\\/#breadcrumb\"},\"inLanguage\":\"fr-FR\",\"potentialAction\":[{\"@type\":\"ReadAction\",\"target\":[\"https:\\\/\\\/gandariaspain.com\\\/fr\\\/produits\\\/equipement-delevage\\\/convoyeurs-dalimentation\\\/\"]}]},{\"@type\":\"BreadcrumbList\",\"@id\":\"https:\\\/\\\/gandariaspain.com\\\/fr\\\/produits\\\/equipement-delevage\\\/convoyeurs-dalimentation\\\/#breadcrumb\",\"itemListElement\":[{\"@type\":\"ListItem\",\"position\":1,\"name\":\"Produits\",\"item\":\"https:\\\/\\\/gandariaspain.com\\\/fr\\\/produits\\\/\"},{\"@type\":\"ListItem\",\"position\":2,\"name\":\"\u00c9quipement d\u2019\u00e9levage\",\"item\":\"https:\\\/\\\/gandariaspain.com\\\/fr\\\/produits\\\/equipement-delevage\\\/\"},{\"@type\":\"ListItem\",\"position\":3,\"name\":\"Convoyeurs d&rsquo;alimentation\"}]},{\"@type\":\"WebSite\",\"@id\":\"https:\\\/\\\/gandariaspain.com\\\/fr\\\/#website\",\"url\":\"https:\\\/\\\/gandariaspain.com\\\/fr\\\/\",\"name\":\"Gandaria - Silos Spain\",\"description\":\"Just another WordPress site\",\"potentialAction\":[{\"@type\":\"SearchAction\",\"target\":{\"@type\":\"EntryPoint\",\"urlTemplate\":\"https:\\\/\\\/gandariaspain.com\\\/fr\\\/?s={search_term_string}\"},\"query-input\":{\"@type\":\"PropertyValueSpecification\",\"valueRequired\":true,\"valueName\":\"search_term_string\"}}],\"inLanguage\":\"fr-FR\"}]}<\/script>\n<!-- \/ Yoast SEO plugin. -->","yoast_head_json":{"title":"Convoyeurs d'alimentation - Gandaria - Silos Spain","robots":{"index":"index","follow":"follow","max-snippet":"max-snippet:-1","max-image-preview":"max-image-preview:large","max-video-preview":"max-video-preview:-1"},"canonical":"https:\/\/gandariaspain.com\/fr\/produits\/equipement-delevage\/convoyeurs-dalimentation\/","og_locale":"fr_FR","og_type":"article","og_title":"Convoyeurs d'alimentation - Gandaria - Silos Spain","og_description":"Gandaria Spain Nos convoyeurs d'alimentation sont constitu\u00e9s de tuyaux en [&hellip;]","og_url":"https:\/\/gandariaspain.com\/fr\/produits\/equipement-delevage\/convoyeurs-dalimentation\/","og_site_name":"Gandaria - Silos Spain","article_modified_time":"2017-08-21T15:57:39+00:00","twitter_card":"summary_large_image","twitter_misc":{"Dur\u00e9e de lecture estim\u00e9e":"3 minutes"},"schema":{"@context":"https:\/\/schema.org","@graph":[{"@type":"WebPage","@id":"https:\/\/gandariaspain.com\/fr\/produits\/equipement-delevage\/convoyeurs-dalimentation\/","url":"https:\/\/gandariaspain.com\/fr\/produits\/equipement-delevage\/convoyeurs-dalimentation\/","name":"Convoyeurs d'alimentation - Gandaria - Silos Spain","isPartOf":{"@id":"https:\/\/gandariaspain.com\/fr\/#website"},"datePublished":"2017-08-15T15:16:20+00:00","dateModified":"2017-08-21T15:57:39+00:00","breadcrumb":{"@id":"https:\/\/gandariaspain.com\/fr\/produits\/equipement-delevage\/convoyeurs-dalimentation\/#breadcrumb"},"inLanguage":"fr-FR","potentialAction":[{"@type":"ReadAction","target":["https:\/\/gandariaspain.com\/fr\/produits\/equipement-delevage\/convoyeurs-dalimentation\/"]}]},{"@type":"BreadcrumbList","@id":"https:\/\/gandariaspain.com\/fr\/produits\/equipement-delevage\/convoyeurs-dalimentation\/#breadcrumb","itemListElement":[{"@type":"ListItem","position":1,"name":"Produits","item":"https:\/\/gandariaspain.com\/fr\/produits\/"},{"@type":"ListItem","position":2,"name":"\u00c9quipement d\u2019\u00e9levage","item":"https:\/\/gandariaspain.com\/fr\/produits\/equipement-delevage\/"},{"@type":"ListItem","position":3,"name":"Convoyeurs d&rsquo;alimentation"}]},{"@type":"WebSite","@id":"https:\/\/gandariaspain.com\/fr\/#website","url":"https:\/\/gandariaspain.com\/fr\/","name":"Gandaria - Silos Spain","description":"Just another WordPress site","potentialAction":[{"@type":"SearchAction","target":{"@type":"EntryPoint","urlTemplate":"https:\/\/gandariaspain.com\/fr\/?s={search_term_string}"},"query-input":{"@type":"PropertyValueSpecification","valueRequired":true,"valueName":"search_term_string"}}],"inLanguage":"fr-FR"}]}},"_links":{"self":[{"href":"https:\/\/gandariaspain.com\/fr\/wp-json\/wp\/v2\/pages\/33964","targetHints":{"allow":["GET"]}}],"collection":[{"href":"https:\/\/gandariaspain.com\/fr\/wp-json\/wp\/v2\/pages"}],"about":[{"href":"https:\/\/gandariaspain.com\/fr\/wp-json\/wp\/v2\/types\/page"}],"author":[{"embeddable":true,"href":"https:\/\/gandariaspain.com\/fr\/wp-json\/wp\/v2\/users\/1"}],"replies":[{"embeddable":true,"href":"https:\/\/gandariaspain.com\/fr\/wp-json\/wp\/v2\/comments?post=33964"}],"version-history":[{"count":4,"href":"https:\/\/gandariaspain.com\/fr\/wp-json\/wp\/v2\/pages\/33964\/revisions"}],"predecessor-version":[{"id":38457,"href":"https:\/\/gandariaspain.com\/fr\/wp-json\/wp\/v2\/pages\/33964\/revisions\/38457"}],"up":[{"embeddable":true,"href":"https:\/\/gandariaspain.com\/fr\/wp-json\/wp\/v2\/pages\/33963"}],"wp:attachment":[{"href":"https:\/\/gandariaspain.com\/fr\/wp-json\/wp\/v2\/media?parent=33964"}],"curies":[{"name":"wp","href":"https:\/\/api.w.org\/{rel}","templated":true}]}}