{"id":33811,"date":"2017-08-15T16:55:38","date_gmt":"2017-08-15T14:55:38","guid":{"rendered":"https:\/\/gandariaspain.com\/?page_id=33811\/"},"modified":"2020-06-26T14:53:34","modified_gmt":"2020-06-26T12:53:34","slug":"gamme-industrielle","status":"publish","type":"page","link":"https:\/\/gandariaspain.com\/fr\/produits\/systemes-de-manutention\/gamme-industrielle\/","title":{"rendered":"Gamme industrielle"},"content":{"rendered":"<p>[et_pb_section fb_built=\u00a0\u00bb1&Prime; custom_padding_last_edited=\u00a0\u00bbon|desktop\u00a0\u00bb admin_label=\u00a0\u00bbsection\u00a0\u00bb module_class=\u00a0\u00bbindentame\u00a0\u00bb _builder_version=\u00a0\u00bb3.22&Prime; background_color=\u00a0\u00bb#ffffff\u00a0\u00bb custom_padding_tablet=\u00a0\u00bb50px|0|50px|0&Prime; transparent_background=\u00a0\u00bboff\u00a0\u00bb padding_mobile=\u00a0\u00bboff\u00a0\u00bb make_fullwidth=\u00a0\u00bboff\u00a0\u00bb use_custom_width=\u00a0\u00bboff\u00a0\u00bb width_unit=\u00a0\u00bbon\u00a0\u00bb locked=\u00a0\u00bbon\u00a0\u00bb fb_built=\u00a0\u00bb1&Prime; bb_built=\u00a0\u00bb1&Prime; _i=\u00a0\u00bb0&Prime; _address=\u00a0\u00bb0&Prime;][et_pb_row admin_label=\u00a0\u00bbrow\u00a0\u00bb _builder_version=\u00a0\u00bb3.25&Prime; background_size=\u00a0\u00bbinitial\u00a0\u00bb background_position=\u00a0\u00bbtop_left\u00a0\u00bb background_repeat=\u00a0\u00bbrepeat\u00a0\u00bb parent_locked=\u00a0\u00bbon\u00a0\u00bb _i=\u00a0\u00bb0&Prime; _address=\u00a0\u00bb0.0&Prime;][et_pb_column type=\u00a0\u00bb4_4&Prime; _builder_version=\u00a0\u00bb3.25&Prime; custom_padding=\u00a0\u00bb|||\u00a0\u00bb _i=\u00a0\u00bb0&Prime; _address=\u00a0\u00bb0.0.0&Prime; custom_padding__hover=\u00a0\u00bb|||\u00a0\u00bb][et_pb_text admin_label=\u00a0\u00bbNo tocar. Cabecera de nivel 1. SEO\u00a0\u00bb _builder_version=\u00a0\u00bb3.27.4&Prime; background_size=\u00a0\u00bbinitial\u00a0\u00bb background_position=\u00a0\u00bbtop_left\u00a0\u00bb background_repeat=\u00a0\u00bbrepeat\u00a0\u00bb use_border_color=\u00a0\u00bboff\u00a0\u00bb border_color=\u00a0\u00bb#ffffff\u00a0\u00bb border_style=\u00a0\u00bbsolid\u00a0\u00bb parent_locked=\u00a0\u00bbon\u00a0\u00bb _i=\u00a0\u00bb0&Prime; _address=\u00a0\u00bb0.0.0.0&Prime;]<\/p>\n<h1>Gandaria Spain<\/h1>\n<p>[\/et_pb_text][\/et_pb_column][\/et_pb_row][\/et_pb_section][et_pb_section fb_built=\u00a0\u00bb1&Prime; fullwidth=\u00a0\u00bbon\u00a0\u00bb custom_padding_last_edited=\u00a0\u00bbon|desktop\u00a0\u00bb module_class=\u00a0\u00bbslide-flota-izquierda\u00a0\u00bb _builder_version=\u00a0\u00bb3.22&Prime; background_color=\u00a0\u00bb#ffffff\u00a0\u00bb custom_padding_tablet=\u00a0\u00bb50px|0|50px|0&Prime; transparent_background=\u00a0\u00bboff\u00a0\u00bb padding_mobile=\u00a0\u00bboff\u00a0\u00bb make_fullwidth=\u00a0\u00bboff\u00a0\u00bb use_custom_width=\u00a0\u00bboff\u00a0\u00bb width_unit=\u00a0\u00bbon\u00a0\u00bb fb_built=\u00a0\u00bb1&Prime; bb_built=\u00a0\u00bb1&Prime; _i=\u00a0\u00bb1&Prime; _address=\u00a0\u00bb1&Prime;][et_pb_fullwidth_slider disabled_on=\u00a0\u00bboff|off|off\u00a0\u00bb admin_label=\u00a0\u00bbCabecera principal + CTA\u00a0\u00bb _builder_version=\u00a0\u00bb3.16&Prime; background_position=\u00a0\u00bbtop_left\u00a0\u00bb custom_padding=\u00a0\u00bb|||\u00a0\u00bb custom_padding_tablet=\u00a0\u00bb|||\u00a0\u00bb custom_padding_phone=\u00a0\u00bb|||\u00a0\u00bb box_shadow_style=\u00a0\u00bbpreset6&Prime; box_shadow_blur=\u00a0\u00bb10px\u00a0\u00bb box_shadow_color=\u00a0\u00bbrgba(0,0,0,0.1)\u00a0\u00bb remove_inner_shadow=\u00a0\u00bboff\u00a0\u00bb hide_content_on_mobile=\u00a0\u00bboff\u00a0\u00bb hide_cta_on_mobile=\u00a0\u00bboff\u00a0\u00bb show_inner_shadow=\u00a0\u00bbon\u00a0\u00bb button_letter_spacing_hover=\u00a0\u00bb0&Prime; _i=\u00a0\u00bb0&Prime; _address=\u00a0\u00bb1.0&Prime; button_text_size__hover_enabled=\u00a0\u00bboff\u00a0\u00bb button_one_text_size__hover_enabled=\u00a0\u00bboff\u00a0\u00bb button_two_text_size__hover_enabled=\u00a0\u00bboff\u00a0\u00bb button_text_color__hover_enabled=\u00a0\u00bboff\u00a0\u00bb button_one_text_color__hover_enabled=\u00a0\u00bboff\u00a0\u00bb button_two_text_color__hover_enabled=\u00a0\u00bboff\u00a0\u00bb button_border_width__hover_enabled=\u00a0\u00bboff\u00a0\u00bb button_one_border_width__hover_enabled=\u00a0\u00bboff\u00a0\u00bb button_two_border_width__hover_enabled=\u00a0\u00bboff\u00a0\u00bb button_border_color__hover_enabled=\u00a0\u00bboff\u00a0\u00bb button_one_border_color__hover_enabled=\u00a0\u00bboff\u00a0\u00bb button_two_border_color__hover_enabled=\u00a0\u00bboff\u00a0\u00bb button_border_radius__hover_enabled=\u00a0\u00bboff\u00a0\u00bb button_one_border_radius__hover_enabled=\u00a0\u00bboff\u00a0\u00bb button_two_border_radius__hover_enabled=\u00a0\u00bboff\u00a0\u00bb button_letter_spacing__hover_enabled=\u00a0\u00bbon\u00a0\u00bb button_letter_spacing__hover=\u00a0\u00bb0&Prime; button_one_letter_spacing__hover_enabled=\u00a0\u00bboff\u00a0\u00bb button_two_letter_spacing__hover_enabled=\u00a0\u00bboff\u00a0\u00bb button_bg_color__hover_enabled=\u00a0\u00bboff\u00a0\u00bb button_one_bg_color__hover_enabled=\u00a0\u00bboff\u00a0\u00bb button_two_bg_color__hover_enabled=\u00a0\u00bboff\u00a0\u00bb][et_pb_slide heading=\u00a0\u00bbGamme industrielle\u00a0\u00bb use_bg_overlay=\u00a0\u00bboff\u00a0\u00bb use_text_overlay=\u00a0\u00bboff\u00a0\u00bb admin_title=\u00a0\u00bbGama Industrial\u00a0\u00bb _builder_version=\u00a0\u00bb3.16&Prime; header_font=\u00a0\u00bb||||\u00a0\u00bb body_font=\u00a0\u00bb||||\u00a0\u00bb background_color=\u00a0\u00bb#ffffff\u00a0\u00bb background_image=\u00a0\u00bbhttps:\/\/gandariaspain.com\/wp-content\/uploads\/2016\/09\/Maquinaria-de-transporte-gama-industrial_SLIDER.jpg\u00a0\u00bb background_position=\u00a0\u00bbtop_left\u00a0\u00bb button_icon_placement=\u00a0\u00bbright\u00a0\u00bb button_on_hover=\u00a0\u00bbon\u00a0\u00bb _i=\u00a0\u00bb0&Prime; _address=\u00a0\u00bb1.0.0&Prime; button_text_size__hover_enabled=\u00a0\u00bboff\u00a0\u00bb button_one_text_size__hover_enabled=\u00a0\u00bboff\u00a0\u00bb button_two_text_size__hover_enabled=\u00a0\u00bboff\u00a0\u00bb button_text_color__hover_enabled=\u00a0\u00bboff\u00a0\u00bb button_one_text_color__hover_enabled=\u00a0\u00bboff\u00a0\u00bb button_two_text_color__hover_enabled=\u00a0\u00bboff\u00a0\u00bb button_border_width__hover_enabled=\u00a0\u00bboff\u00a0\u00bb button_one_border_width__hover_enabled=\u00a0\u00bboff\u00a0\u00bb button_two_border_width__hover_enabled=\u00a0\u00bboff\u00a0\u00bb button_border_color__hover_enabled=\u00a0\u00bboff\u00a0\u00bb button_one_border_color__hover_enabled=\u00a0\u00bboff\u00a0\u00bb button_two_border_color__hover_enabled=\u00a0\u00bboff\u00a0\u00bb button_border_radius__hover_enabled=\u00a0\u00bboff\u00a0\u00bb button_one_border_radius__hover_enabled=\u00a0\u00bboff\u00a0\u00bb button_two_border_radius__hover_enabled=\u00a0\u00bboff\u00a0\u00bb button_letter_spacing__hover_enabled=\u00a0\u00bboff\u00a0\u00bb button_one_letter_spacing__hover_enabled=\u00a0\u00bboff\u00a0\u00bb button_two_letter_spacing__hover_enabled=\u00a0\u00bboff\u00a0\u00bb button_bg_color__hover_enabled=\u00a0\u00bboff\u00a0\u00bb button_one_bg_color__hover_enabled=\u00a0\u00bboff\u00a0\u00bb button_two_bg_color__hover_enabled=\u00a0\u00bboff\u00a0\u00bb][\/et_pb_slide][\/et_pb_fullwidth_slider][\/et_pb_section][et_pb_section fb_built=\u00a0\u00bb1&Prime; _builder_version=\u00a0\u00bb3.22&Prime; fb_built=\u00a0\u00bb1&Prime; bb_built=\u00a0\u00bb1&Prime; _i=\u00a0\u00bb2&Prime; _address=\u00a0\u00bb2&Prime;][et_pb_row _builder_version=\u00a0\u00bb3.25&Prime; background_size=\u00a0\u00bbinitial\u00a0\u00bb background_position=\u00a0\u00bbtop_left\u00a0\u00bb background_repeat=\u00a0\u00bbrepeat\u00a0\u00bb _i=\u00a0\u00bb0&Prime; _address=\u00a0\u00bb2.0&Prime;][et_pb_column type=\u00a0\u00bb4_4&Prime; _builder_version=\u00a0\u00bb3.25&Prime; custom_padding=\u00a0\u00bb|||\u00a0\u00bb _i=\u00a0\u00bb0&Prime; _address=\u00a0\u00bb2.0.0&Prime; custom_padding__hover=\u00a0\u00bb|||\u00a0\u00bb][et_pb_text _builder_version=\u00a0\u00bb3.27.4&Prime; background_size=\u00a0\u00bbinitial\u00a0\u00bb background_position=\u00a0\u00bbtop_left\u00a0\u00bb background_repeat=\u00a0\u00bbrepeat\u00a0\u00bb border_style=\u00a0\u00bbsolid\u00a0\u00bb _i=\u00a0\u00bb0&Prime; _address=\u00a0\u00bb2.0.0.0&Prime;]La gamme industrielle de Gandaria a \u00e9t\u00e9 con\u00e7ue pour r\u00e9sister aux conditions les plus exigeantes en terme de manutention et transport des grains.<\/p>\n<p><strong>Fabriqu\u00e9e en acier galvanis\u00e9 S350GD et \u00e0 recouvrement minimum Z600<\/strong>, elle est capable de travailler avec un large \u00e9ventail de c\u00e9r\u00e9ales, graines, haricots et pellets.<br \/>\n[\/et_pb_text][\/et_pb_column][\/et_pb_row][\/et_pb_section][et_pb_section fb_built=\u00a0\u00bb1&Prime; custom_padding_last_edited=\u00a0\u00bbon|desktop\u00a0\u00bb _builder_version=\u00a0\u00bb3.22&Prime; background_color=\u00a0\u00bbrgba(255,255,255,0)\u00a0\u00bb custom_padding_tablet=\u00a0\u00bb50px|0|50px|0&Prime; transparent_background=\u00a0\u00bbon\u00a0\u00bb padding_mobile=\u00a0\u00bboff\u00a0\u00bb make_fullwidth=\u00a0\u00bboff\u00a0\u00bb use_custom_width=\u00a0\u00bboff\u00a0\u00bb width_unit=\u00a0\u00bbon\u00a0\u00bb fb_built=\u00a0\u00bb1&Prime; bb_built=\u00a0\u00bb1&Prime; _i=\u00a0\u00bb3&Prime; _address=\u00a0\u00bb3&Prime;][et_pb_row _builder_version=\u00a0\u00bb3.25&Prime; background_size=\u00a0\u00bbinitial\u00a0\u00bb background_position=\u00a0\u00bbtop_left\u00a0\u00bb background_repeat=\u00a0\u00bbrepeat\u00a0\u00bb _i=\u00a0\u00bb0&Prime; _address=\u00a0\u00bb3.0&Prime;][et_pb_column type=\u00a0\u00bb4_4&Prime; _builder_version=\u00a0\u00bb3.25&Prime; custom_padding=\u00a0\u00bb|||\u00a0\u00bb _i=\u00a0\u00bb0&Prime; _address=\u00a0\u00bb3.0.0&Prime; custom_padding__hover=\u00a0\u00bb|||\u00a0\u00bb][et_pb_text admin_label=\u00a0\u00bbNuestra gama de maquinaria de transporte industrial incluye:\u00a0\u00bb _builder_version=\u00a0\u00bb3.27.4&Prime; background_size=\u00a0\u00bbinitial\u00a0\u00bb background_position=\u00a0\u00bbtop_left\u00a0\u00bb background_repeat=\u00a0\u00bbrepeat\u00a0\u00bb border_style=\u00a0\u00bbsolid\u00a0\u00bb _i=\u00a0\u00bb0&Prime; _address=\u00a0\u00bb3.0.0.0&Prime;][\/et_pb_text][\/et_pb_column][\/et_pb_row][et_pb_row column_structure=\u00a0\u00bb1_3,1_3,1_3&Prime; padding_mobile=\u00a0\u00bboff\u00a0\u00bb column_padding_mobile=\u00a0\u00bbon\u00a0\u00bb module_class=\u00a0\u00bb et_pb_row_fullwidth\u00a0\u00bb _builder_version=\u00a0\u00bb3.25&Prime; background_size=\u00a0\u00bbinitial\u00a0\u00bb background_position=\u00a0\u00bbtop_left\u00a0\u00bb background_repeat=\u00a0\u00bbrepeat\u00a0\u00bb width=\u00a0\u00bb89%\u00a0\u00bb width_tablet=\u00a0\u00bb80%\u00a0\u00bb width_last_edited=\u00a0\u00bbon|desktop\u00a0\u00bb max_width=\u00a0\u00bb89%\u00a0\u00bb max_width_tablet=\u00a0\u00bb80%\u00a0\u00bb max_width_last_edited=\u00a0\u00bbon|desktop\u00a0\u00bb make_fullwidth=\u00a0\u00bbon\u00a0\u00bb use_custom_width=\u00a0\u00bboff\u00a0\u00bb width_unit=\u00a0\u00bbon\u00a0\u00bb _i=\u00a0\u00bb1&Prime; _address=\u00a0\u00bb3.1&Prime;][et_pb_column type=\u00a0\u00bb1_3&Prime; _builder_version=\u00a0\u00bb3.25&Prime; custom_padding=\u00a0\u00bb|||\u00a0\u00bb _i=\u00a0\u00bb0&Prime; _address=\u00a0\u00bb3.1.0&Prime; custom_padding__hover=\u00a0\u00bb|||\u00a0\u00bb][et_pb_blurb url=\u00a0\u00bbhttps:\/\/gandariaspain.com\/fr\/produits\/systemes-de-manutention\/gamme-industrielle\/eci-elevateur-godets-industriel\/\u00a0\u00bb image=\u00a0\u00bbhttps:\/\/gandariaspain.com\/wp-content\/uploads\/2016\/09\/ECI-1.jpg\u00a0\u00bb image_max_width=\u00a0\u00bbnone\u00a0\u00bb admin_label=\u00a0\u00bbFoto y enlace a Bucket elevators\u00a0\u00bb _builder_version=\u00a0\u00bb3.0.87&Prime; background_size=\u00a0\u00bbinitial\u00a0\u00bb background_position=\u00a0\u00bbtop_left\u00a0\u00bb background_repeat=\u00a0\u00bbrepeat\u00a0\u00bb border_style=\u00a0\u00bbsolid\u00a0\u00bb _i=\u00a0\u00bb0&Prime; _address=\u00a0\u00bb3.1.0.0&Prime;]<\/p>\n<h3 class=\"centrame\" style=\"text-align: center;\"><a href=\"https:\/\/gandariaspain.com\/es\/productos\/maquinaria-de-transporte\/gama-industrial\/elevador-de-cangilones-eci\/\">\u00c9l\u00e9vateurs \u00e0 godets<\/a><\/h3>\n<p>[\/et_pb_blurb][et_pb_blurb url=\u00a0\u00bbhttps:\/\/gandariaspain.com\/fr\/produits\/systemes-de-manutention\/gamme-industrielle\/convoyeur-a-bande-ouvert-tbi\/\u00a0\u00bb image=\u00a0\u00bbhttps:\/\/gandariaspain.com\/wp-content\/uploads\/2019\/09\/TBI.jpg\u00a0\u00bb image_max_width=\u00a0\u00bbnone\u00a0\u00bb admin_label=\u00a0\u00bbFoto y enlace Belt conveyors\u00a0\u00bb _builder_version=\u00a0\u00bb3.29.3&Prime; background_size=\u00a0\u00bbinitial\u00a0\u00bb background_position=\u00a0\u00bbtop_left\u00a0\u00bb background_repeat=\u00a0\u00bbrepeat\u00a0\u00bb hover_enabled=\u00a0\u00bb0&Prime; border_style=\u00a0\u00bbsolid\u00a0\u00bb _i=\u00a0\u00bb1&Prime; _address=\u00a0\u00bb3.1.0.1&Prime;]<\/p>\n<h3 class=\"centrame\" style=\"text-align: center;\"><a href=\"https:\/\/gandariaspain.com\/fr\/produits\/systemes-de-manutention\/gamme-industrielle\/convoyeur-a-bande-ouvert-tbi\/\">Convoyeurs \u00e0 bande ouverts<\/a><\/h3>\n<p>[\/et_pb_blurb][\/et_pb_column][et_pb_column type=\u00a0\u00bb1_3&Prime; _builder_version=\u00a0\u00bb3.25&Prime; custom_padding=\u00a0\u00bb|||\u00a0\u00bb _i=\u00a0\u00bb1&Prime; _address=\u00a0\u00bb3.1.1&Prime; custom_padding__hover=\u00a0\u00bb|||\u00a0\u00bb][et_pb_blurb url=\u00a0\u00bbhttps:\/\/gandariaspain.com\/fr\/produits\/systemes-de-manutention\/gamme-industrielle\/tci-convoyeur-chaine-industriel\/\u00a0\u00bb image=\u00a0\u00bbhttps:\/\/gandariaspain.com\/wp-content\/uploads\/2016\/09\/TCI-1.jpg\u00a0\u00bb image_max_width=\u00a0\u00bbnone\u00a0\u00bb admin_label=\u00a0\u00bbFoto y enlace a Chain conveyors\u00a0\u00bb _builder_version=\u00a0\u00bb3.0.87&Prime; background_size=\u00a0\u00bbinitial\u00a0\u00bb background_position=\u00a0\u00bbtop_left\u00a0\u00bb background_repeat=\u00a0\u00bbrepeat\u00a0\u00bb border_style=\u00a0\u00bbsolid\u00a0\u00bb _i=\u00a0\u00bb0&Prime; _address=\u00a0\u00bb3.1.1.0&Prime;]<\/p>\n<h3 class=\"centrame\" style=\"text-align: center;\"><a href=\"https:\/\/gandariaspain.com\/es\/productos\/maquinaria-de-transporte\/gama-industrial\/transportador-de-cadena-tci\/\">Convoyeurs \u00e0 cha\u00eene<\/a><\/h3>\n<p>[\/et_pb_blurb][et_pb_blurb url=\u00a0\u00bbhttps:\/\/gandariaspain.com\/fr\/produits\/systemes-de-manutention\/gamme-industrielle\/convoyeurs-a-vis\/\u00a0\u00bb image=\u00a0\u00bbhttps:\/\/gandariaspain.com\/wp-content\/uploads\/2016\/09\/Screw-Conveyors-11.jpg\u00a0\u00bb image_max_width=\u00a0\u00bbnone\u00a0\u00bb admin_label=\u00a0\u00bbFoto y enlace Screw conveyors\u00a0\u00bb _builder_version=\u00a0\u00bb3.0.87&Prime; background_size=\u00a0\u00bbinitial\u00a0\u00bb background_position=\u00a0\u00bbtop_left\u00a0\u00bb background_repeat=\u00a0\u00bbrepeat\u00a0\u00bb border_style=\u00a0\u00bbsolid\u00a0\u00bb _i=\u00a0\u00bb1&Prime; _address=\u00a0\u00bb3.1.1.1&Prime;]<\/p>\n<h3 class=\"centrame\" style=\"text-align: center;\"><a href=\"https:\/\/gandariaspain.com\/es\/productos\/maquinaria-de-transporte\/gama-industrial\/transportadores-de-rosca\/\">Convoyeurs \u00e0 vis<\/a><\/h3>\n<p>[\/et_pb_blurb][\/et_pb_column][et_pb_column type=\u00a0\u00bb1_3&Prime; _builder_version=\u00a0\u00bb3.25&Prime; custom_padding=\u00a0\u00bb|||\u00a0\u00bb _i=\u00a0\u00bb2&Prime; _address=\u00a0\u00bb3.1.2&Prime; custom_padding__hover=\u00a0\u00bb|||\u00a0\u00bb][et_pb_blurb url=\u00a0\u00bbhttps:\/\/gandariaspain.com\/fr\/produits\/systemes-de-manutention\/gamme-industrielle\/tcz-convoyeur-chaine-z\/\u00a0\u00bb image=\u00a0\u00bbhttps:\/\/gandariaspain.com\/wp-content\/uploads\/2016\/09\/TCZ-1.jpg\u00a0\u00bb image_max_width=\u00a0\u00bbnone\u00a0\u00bb admin_label=\u00a0\u00bbZ-Shaped chain conveyors\u00a0\u00bb _builder_version=\u00a0\u00bb3.0.87&Prime; background_size=\u00a0\u00bbinitial\u00a0\u00bb background_position=\u00a0\u00bbtop_left\u00a0\u00bb background_repeat=\u00a0\u00bbrepeat\u00a0\u00bb border_style=\u00a0\u00bbsolid\u00a0\u00bb _i=\u00a0\u00bb0&Prime; _address=\u00a0\u00bb3.1.2.0&Prime;]<\/p>\n<h3 class=\"centrame\" style=\"text-align: center;\"><a href=\"https:\/\/gandariaspain.com\/es\/productos\/maquinaria-de-transporte\/gama-industrial\/transportador-de-cadena-en-z-tcz\/\">Convoyeurs \u00e0 cha\u00eene en Z<\/a><\/h3>\n<p>[\/et_pb_blurb][et_pb_blurb url=\u00a0\u00bbhttps:\/\/gandariaspain.com\/fr\/produits\/systemes-de-manutention\/gamme-industrielle\/cdi-trappe-dechargement-industrielle\/\u00a0\u00bb image=\u00a0\u00bbhttps:\/\/gandariaspain.com\/wp-content\/uploads\/2016\/09\/CDI-1.jpg\u00a0\u00bb image_max_width=\u00a0\u00bbnone\u00a0\u00bb disabled_on=\u00a0\u00bbon|on|on\u00a0\u00bb admin_label=\u00a0\u00bbFoto y enlace a Discharge gates\u00a0\u00bb _builder_version=\u00a0\u00bb3.0.87&Prime; background_size=\u00a0\u00bbinitial\u00a0\u00bb background_position=\u00a0\u00bbtop_left\u00a0\u00bb background_repeat=\u00a0\u00bbrepeat\u00a0\u00bb border_style=\u00a0\u00bbsolid\u00a0\u00bb disabled=\u00a0\u00bbon\u00a0\u00bb _i=\u00a0\u00bb1&Prime; _address=\u00a0\u00bb3.1.2.1&Prime;]<\/p>\n<h3 class=\"centrame\" style=\"text-align: center;\">Trappes de d\u00e9chargement<\/h3>\n<p>[\/et_pb_blurb][\/et_pb_column][\/et_pb_row][\/et_pb_section][et_pb_section fb_built=\u00a0\u00bb1&Prime; custom_padding_last_edited=\u00a0\u00bbon|desktop\u00a0\u00bb module_class=\u00a0\u00bbseccion_horitzontal_cta\u00a0\u00bb _builder_version=\u00a0\u00bb3.22&Prime; background_color=\u00a0\u00bbrgba(255,255,255,0)\u00a0\u00bb custom_padding_tablet=\u00a0\u00bb50px|0|50px|0&Prime; transparent_background=\u00a0\u00bbon\u00a0\u00bb padding_mobile=\u00a0\u00bboff\u00a0\u00bb make_fullwidth=\u00a0\u00bboff\u00a0\u00bb use_custom_width=\u00a0\u00bboff\u00a0\u00bb width_unit=\u00a0\u00bbon\u00a0\u00bb fb_built=\u00a0\u00bb1&Prime; bb_built=\u00a0\u00bb1&Prime; _i=\u00a0\u00bb4&Prime; _address=\u00a0\u00bb4&Prime;][et_pb_row padding_mobile=\u00a0\u00bboff\u00a0\u00bb column_padding_mobile=\u00a0\u00bbon\u00a0\u00bb _builder_version=\u00a0\u00bb3.25&Prime; background_size=\u00a0\u00bbinitial\u00a0\u00bb background_position=\u00a0\u00bbtop_left\u00a0\u00bb background_repeat=\u00a0\u00bbrepeat\u00a0\u00bb make_fullwidth=\u00a0\u00bboff\u00a0\u00bb use_custom_width=\u00a0\u00bboff\u00a0\u00bb width_unit=\u00a0\u00bbon\u00a0\u00bb _i=\u00a0\u00bb0&Prime; _address=\u00a0\u00bb4.0&Prime;][\/et_pb_row][\/et_pb_section]<\/p>\n<span class=\"et_bloom_bottom_trigger\"><\/span>","protected":false},"excerpt":{"rendered":"<p>Gandaria Spain La gamme industrielle de Gandaria a \u00e9t\u00e9 con\u00e7ue [&hellip;]<\/p>\n","protected":false},"author":1,"featured_media":0,"parent":33810,"menu_order":0,"comment_status":"closed","ping_status":"closed","template":"","meta":{"_et_pb_use_builder":"on","_et_pb_old_content":"","_et_gb_content_width":"","_mbp_gutenberg_autopost":false,"footnotes":""},"class_list":["post-33811","page","type-page","status-publish","hentry"],"yoast_head":"<!-- This site is optimized with the Yoast SEO plugin v27.5 - https:\/\/yoast.com\/product\/yoast-seo-wordpress\/ -->\n<title>Gamme industrielle - Gandaria - Silos Spain<\/title>\n<meta name=\"robots\" content=\"index, follow, max-snippet:-1, max-image-preview:large, max-video-preview:-1\" \/>\n<link rel=\"canonical\" href=\"https:\/\/gandariaspain.com\/fr\/produits\/systemes-de-manutention\/gamme-industrielle\/\" \/>\n<meta property=\"og:locale\" content=\"fr_FR\" \/>\n<meta property=\"og:type\" content=\"article\" \/>\n<meta property=\"og:title\" content=\"Gamme industrielle - Gandaria - Silos Spain\" \/>\n<meta property=\"og:description\" content=\"Gandaria Spain La gamme industrielle de Gandaria a \u00e9t\u00e9 con\u00e7ue [&hellip;]\" \/>\n<meta property=\"og:url\" content=\"https:\/\/gandariaspain.com\/fr\/produits\/systemes-de-manutention\/gamme-industrielle\/\" \/>\n<meta property=\"og:site_name\" content=\"Gandaria - Silos Spain\" \/>\n<meta property=\"article:modified_time\" content=\"2020-06-26T12:53:34+00:00\" \/>\n<meta name=\"twitter:card\" content=\"summary_large_image\" \/>\n<meta name=\"twitter:label1\" content=\"Dur\u00e9e de lecture estim\u00e9e\" \/>\n\t<meta name=\"twitter:data1\" content=\"7 minutes\" \/>\n<script type=\"application\/ld+json\" class=\"yoast-schema-graph\">{\"@context\":\"https:\\\/\\\/schema.org\",\"@graph\":[{\"@type\":\"WebPage\",\"@id\":\"https:\\\/\\\/gandariaspain.com\\\/fr\\\/produits\\\/systemes-de-manutention\\\/gamme-industrielle\\\/\",\"url\":\"https:\\\/\\\/gandariaspain.com\\\/fr\\\/produits\\\/systemes-de-manutention\\\/gamme-industrielle\\\/\",\"name\":\"Gamme industrielle - Gandaria - Silos Spain\",\"isPartOf\":{\"@id\":\"https:\\\/\\\/gandariaspain.com\\\/fr\\\/#website\"},\"datePublished\":\"2017-08-15T14:55:38+00:00\",\"dateModified\":\"2020-06-26T12:53:34+00:00\",\"breadcrumb\":{\"@id\":\"https:\\\/\\\/gandariaspain.com\\\/fr\\\/produits\\\/systemes-de-manutention\\\/gamme-industrielle\\\/#breadcrumb\"},\"inLanguage\":\"fr-FR\",\"potentialAction\":[{\"@type\":\"ReadAction\",\"target\":[\"https:\\\/\\\/gandariaspain.com\\\/fr\\\/produits\\\/systemes-de-manutention\\\/gamme-industrielle\\\/\"]}]},{\"@type\":\"BreadcrumbList\",\"@id\":\"https:\\\/\\\/gandariaspain.com\\\/fr\\\/produits\\\/systemes-de-manutention\\\/gamme-industrielle\\\/#breadcrumb\",\"itemListElement\":[{\"@type\":\"ListItem\",\"position\":1,\"name\":\"Produits\",\"item\":\"https:\\\/\\\/gandariaspain.com\\\/fr\\\/produits\\\/\"},{\"@type\":\"ListItem\",\"position\":2,\"name\":\"Syst\u00e8mes de manutention\",\"item\":\"https:\\\/\\\/gandariaspain.com\\\/fr\\\/produits\\\/systemes-de-manutention\\\/\"},{\"@type\":\"ListItem\",\"position\":3,\"name\":\"Gamme industrielle\"}]},{\"@type\":\"WebSite\",\"@id\":\"https:\\\/\\\/gandariaspain.com\\\/fr\\\/#website\",\"url\":\"https:\\\/\\\/gandariaspain.com\\\/fr\\\/\",\"name\":\"Gandaria - Silos Spain\",\"description\":\"Just another WordPress site\",\"potentialAction\":[{\"@type\":\"SearchAction\",\"target\":{\"@type\":\"EntryPoint\",\"urlTemplate\":\"https:\\\/\\\/gandariaspain.com\\\/fr\\\/?s={search_term_string}\"},\"query-input\":{\"@type\":\"PropertyValueSpecification\",\"valueRequired\":true,\"valueName\":\"search_term_string\"}}],\"inLanguage\":\"fr-FR\"}]}<\/script>\n<!-- \/ Yoast SEO plugin. -->","yoast_head_json":{"title":"Gamme industrielle - Gandaria - Silos Spain","robots":{"index":"index","follow":"follow","max-snippet":"max-snippet:-1","max-image-preview":"max-image-preview:large","max-video-preview":"max-video-preview:-1"},"canonical":"https:\/\/gandariaspain.com\/fr\/produits\/systemes-de-manutention\/gamme-industrielle\/","og_locale":"fr_FR","og_type":"article","og_title":"Gamme industrielle - Gandaria - Silos Spain","og_description":"Gandaria Spain La gamme industrielle de Gandaria a \u00e9t\u00e9 con\u00e7ue [&hellip;]","og_url":"https:\/\/gandariaspain.com\/fr\/produits\/systemes-de-manutention\/gamme-industrielle\/","og_site_name":"Gandaria - Silos Spain","article_modified_time":"2020-06-26T12:53:34+00:00","twitter_card":"summary_large_image","twitter_misc":{"Dur\u00e9e de lecture estim\u00e9e":"7 minutes"},"schema":{"@context":"https:\/\/schema.org","@graph":[{"@type":"WebPage","@id":"https:\/\/gandariaspain.com\/fr\/produits\/systemes-de-manutention\/gamme-industrielle\/","url":"https:\/\/gandariaspain.com\/fr\/produits\/systemes-de-manutention\/gamme-industrielle\/","name":"Gamme industrielle - Gandaria - Silos Spain","isPartOf":{"@id":"https:\/\/gandariaspain.com\/fr\/#website"},"datePublished":"2017-08-15T14:55:38+00:00","dateModified":"2020-06-26T12:53:34+00:00","breadcrumb":{"@id":"https:\/\/gandariaspain.com\/fr\/produits\/systemes-de-manutention\/gamme-industrielle\/#breadcrumb"},"inLanguage":"fr-FR","potentialAction":[{"@type":"ReadAction","target":["https:\/\/gandariaspain.com\/fr\/produits\/systemes-de-manutention\/gamme-industrielle\/"]}]},{"@type":"BreadcrumbList","@id":"https:\/\/gandariaspain.com\/fr\/produits\/systemes-de-manutention\/gamme-industrielle\/#breadcrumb","itemListElement":[{"@type":"ListItem","position":1,"name":"Produits","item":"https:\/\/gandariaspain.com\/fr\/produits\/"},{"@type":"ListItem","position":2,"name":"Syst\u00e8mes de manutention","item":"https:\/\/gandariaspain.com\/fr\/produits\/systemes-de-manutention\/"},{"@type":"ListItem","position":3,"name":"Gamme industrielle"}]},{"@type":"WebSite","@id":"https:\/\/gandariaspain.com\/fr\/#website","url":"https:\/\/gandariaspain.com\/fr\/","name":"Gandaria - Silos Spain","description":"Just another WordPress site","potentialAction":[{"@type":"SearchAction","target":{"@type":"EntryPoint","urlTemplate":"https:\/\/gandariaspain.com\/fr\/?s={search_term_string}"},"query-input":{"@type":"PropertyValueSpecification","valueRequired":true,"valueName":"search_term_string"}}],"inLanguage":"fr-FR"}]}},"_links":{"self":[{"href":"https:\/\/gandariaspain.com\/fr\/wp-json\/wp\/v2\/pages\/33811","targetHints":{"allow":["GET"]}}],"collection":[{"href":"https:\/\/gandariaspain.com\/fr\/wp-json\/wp\/v2\/pages"}],"about":[{"href":"https:\/\/gandariaspain.com\/fr\/wp-json\/wp\/v2\/types\/page"}],"author":[{"embeddable":true,"href":"https:\/\/gandariaspain.com\/fr\/wp-json\/wp\/v2\/users\/1"}],"replies":[{"embeddable":true,"href":"https:\/\/gandariaspain.com\/fr\/wp-json\/wp\/v2\/comments?post=33811"}],"version-history":[{"count":14,"href":"https:\/\/gandariaspain.com\/fr\/wp-json\/wp\/v2\/pages\/33811\/revisions"}],"predecessor-version":[{"id":56677,"href":"https:\/\/gandariaspain.com\/fr\/wp-json\/wp\/v2\/pages\/33811\/revisions\/56677"}],"up":[{"embeddable":true,"href":"https:\/\/gandariaspain.com\/fr\/wp-json\/wp\/v2\/pages\/33810"}],"wp:attachment":[{"href":"https:\/\/gandariaspain.com\/fr\/wp-json\/wp\/v2\/media?parent=33811"}],"curies":[{"name":"wp","href":"https:\/\/api.w.org\/{rel}","templated":true}]}}