{"id":87630,"date":"2023-07-31T12:55:13","date_gmt":"2023-07-31T10:55:13","guid":{"rendered":"https:\/\/gandariaspain.com\/?page_id=87630"},"modified":"2024-05-27T16:17:21","modified_gmt":"2024-05-27T14:17:21","slug":"con-funda-completa","status":"publish","type":"page","link":"https:\/\/gandariaspain.com\/es\/productos\/depositos-de-agua-de-chapa-ondulada\/con-funda-completa\/","title":{"rendered":"Dep\u00f3sitos met\u00e1licos con funda completa"},"content":{"rendered":"<p>[et_pb_section fb_built=\u00bb1&#8243; custom_padding_last_edited=\u00bbon|desktop\u00bb admin_label=\u00bbsection\u00bb module_class=\u00bbindentame\u00bb _builder_version=\u00bb4.16&#8243; background_color=\u00bb#ffffff\u00bb custom_padding_tablet=\u00bb50px|0|50px|0&#8243; custom_padding_phone=\u00bb\u00bb transparent_background=\u00bboff\u00bb padding_mobile=\u00bboff\u00bb make_fullwidth=\u00bboff\u00bb use_custom_width=\u00bboff\u00bb width_unit=\u00bbon\u00bb locked=\u00bboff\u00bb global_colors_info=\u00bb{}\u00bb][et_pb_row admin_label=\u00bbrow\u00bb _builder_version=\u00bb4.16&#8243; background_size=\u00bbinitial\u00bb background_position=\u00bbtop_left\u00bb background_repeat=\u00bbrepeat\u00bb global_colors_info=\u00bb{}\u00bb][et_pb_column type=\u00bb4_4&#8243; _builder_version=\u00bb4.16&#8243; custom_padding=\u00bb|||\u00bb global_colors_info=\u00bb{}\u00bb custom_padding__hover=\u00bb|||\u00bb][et_pb_text admin_label=\u00bbNo tocar. Cabecera de nivel 1. SEO\u00bb _builder_version=\u00bb4.25.1&#8243; background_size=\u00bbinitial\u00bb background_position=\u00bbtop_left\u00bb background_repeat=\u00bbrepeat\u00bb module_alignment=\u00bbleft\u00bb hover_enabled=\u00bb0&#8243; use_border_color=\u00bboff\u00bb border_color=\u00bb#ffffff\u00bb border_style=\u00bbsolid\u00bb locked=\u00bboff\u00bb global_colors_info=\u00bb{}\u00bb sticky_enabled=\u00bb0&#8243;]<\/p>\n<h1>Gandaria | Silos Spain &#8211;<\/h1>\n<p>[\/et_pb_text][\/et_pb_column][\/et_pb_row][\/et_pb_section][et_pb_section fb_built=\u00bb1&#8243; fullwidth=\u00bbon\u00bb custom_padding_last_edited=\u00bbon|desktop\u00bb module_class=\u00bbslide-flota-izquierda\u00bb _builder_version=\u00bb4.16&#8243; background_color=\u00bb#ffffff\u00bb custom_padding_tablet=\u00bb50px|0|50px|0&#8243; custom_padding_phone=\u00bb\u00bb transparent_background=\u00bboff\u00bb padding_mobile=\u00bboff\u00bb make_fullwidth=\u00bboff\u00bb use_custom_width=\u00bboff\u00bb width_unit=\u00bbon\u00bb global_colors_info=\u00bb{}\u00bb][et_pb_fullwidth_slider disabled_on=\u00bboff|off|off\u00bb admin_label=\u00bbCabecera principal + CTA\u00bb _builder_version=\u00bb4.21.0&#8243; background_position=\u00bbtop_left\u00bb custom_padding=\u00bb|||\u00bb custom_padding_tablet=\u00bb|||\u00bb custom_padding_phone=\u00bb|||\u00bb box_shadow_style=\u00bbpreset6&#8243; box_shadow_blur=\u00bb10px\u00bb box_shadow_color=\u00bbrgba(0,0,0,0.1)\u00bb remove_inner_shadow=\u00bboff\u00bb hide_content_on_mobile=\u00bboff\u00bb hide_cta_on_mobile=\u00bboff\u00bb show_inner_shadow=\u00bbon\u00bb button_letter_spacing_hover=\u00bb0&#8243; global_colors_info=\u00bb{}\u00bb button_text_size__hover_enabled=\u00bboff\u00bb button_text_size__hover=\u00bbnull\u00bb button_one_text_size__hover_enabled=\u00bboff\u00bb button_one_text_size__hover=\u00bbnull\u00bb button_two_text_size__hover_enabled=\u00bboff\u00bb button_two_text_size__hover=\u00bbnull\u00bb button_text_color__hover_enabled=\u00bboff\u00bb button_text_color__hover=\u00bbnull\u00bb button_one_text_color__hover_enabled=\u00bboff\u00bb button_one_text_color__hover=\u00bbnull\u00bb button_two_text_color__hover_enabled=\u00bboff\u00bb button_two_text_color__hover=\u00bbnull\u00bb button_border_width__hover_enabled=\u00bboff\u00bb button_border_width__hover=\u00bbnull\u00bb button_one_border_width__hover_enabled=\u00bboff\u00bb button_one_border_width__hover=\u00bbnull\u00bb button_two_border_width__hover_enabled=\u00bboff\u00bb button_two_border_width__hover=\u00bbnull\u00bb button_border_color__hover_enabled=\u00bboff\u00bb button_border_color__hover=\u00bbnull\u00bb button_one_border_color__hover_enabled=\u00bboff\u00bb button_one_border_color__hover=\u00bbnull\u00bb button_two_border_color__hover_enabled=\u00bboff\u00bb button_two_border_color__hover=\u00bbnull\u00bb button_border_radius__hover_enabled=\u00bboff\u00bb button_border_radius__hover=\u00bbnull\u00bb button_one_border_radius__hover_enabled=\u00bboff\u00bb button_one_border_radius__hover=\u00bbnull\u00bb button_two_border_radius__hover_enabled=\u00bboff\u00bb button_two_border_radius__hover=\u00bbnull\u00bb button_letter_spacing__hover_enabled=\u00bbon\u00bb button_letter_spacing__hover=\u00bb0&#8243; button_one_letter_spacing__hover_enabled=\u00bboff\u00bb button_one_letter_spacing__hover=\u00bbnull\u00bb button_two_letter_spacing__hover_enabled=\u00bboff\u00bb button_two_letter_spacing__hover=\u00bbnull\u00bb button_bg_color__hover_enabled=\u00bboff\u00bb button_bg_color__hover=\u00bbnull\u00bb button_one_bg_color__hover_enabled=\u00bboff\u00bb button_one_bg_color__hover=\u00bbnull\u00bb button_two_bg_color__hover_enabled=\u00bboff\u00bb button_two_bg_color__hover=\u00bbnull\u00bb][et_pb_slide heading=\u00bbDep\u00f3sitos met\u00e1licos con funda completa\u00bb button_text=\u00bbSolicita presupuesto\u00bb button_link=\u00bbhttps:\/\/gandariaspain.com\/es\/presupuesto\/\u00bb use_bg_overlay=\u00bboff\u00bb use_text_overlay=\u00bboff\u00bb _builder_version=\u00bb4.21.0&#8243; header_font=\u00bb||||\u00bb body_font=\u00bb||||\u00bb background_color=\u00bb#ffffff\u00bb background_image=\u00bbhttp:\/\/gandariaspain.com\/wp-content\/uploads\/2023\/07\/deposito-funda-completaSLIDER.jpeg\u00bb background_enable_image=\u00bbon\u00bb background_position=\u00bbtop_left\u00bb button_icon_placement=\u00bbright\u00bb button_on_hover=\u00bbon\u00bb global_colors_info=\u00bb{}\u00bb button_text_size__hover_enabled=\u00bboff\u00bb button_one_text_size__hover_enabled=\u00bboff\u00bb button_two_text_size__hover_enabled=\u00bboff\u00bb button_text_color__hover_enabled=\u00bboff\u00bb button_one_text_color__hover_enabled=\u00bboff\u00bb button_two_text_color__hover_enabled=\u00bboff\u00bb button_border_width__hover_enabled=\u00bboff\u00bb button_one_border_width__hover_enabled=\u00bboff\u00bb button_two_border_width__hover_enabled=\u00bboff\u00bb button_border_color__hover_enabled=\u00bboff\u00bb button_one_border_color__hover_enabled=\u00bboff\u00bb button_two_border_color__hover_enabled=\u00bboff\u00bb button_border_radius__hover_enabled=\u00bboff\u00bb button_one_border_radius__hover_enabled=\u00bboff\u00bb button_two_border_radius__hover_enabled=\u00bboff\u00bb button_letter_spacing__hover_enabled=\u00bboff\u00bb button_one_letter_spacing__hover_enabled=\u00bboff\u00bb button_two_letter_spacing__hover_enabled=\u00bboff\u00bb button_bg_color__hover_enabled=\u00bboff\u00bb button_one_bg_color__hover_enabled=\u00bboff\u00bb button_two_bg_color__hover_enabled=\u00bboff\u00bb sticky_transition=\u00bbon\u00bb][\/et_pb_slide][\/et_pb_fullwidth_slider][\/et_pb_section][et_pb_section fb_built=\u00bb1&#8243; _builder_version=\u00bb4.16&#8243; global_colors_info=\u00bb{}\u00bb][et_pb_row column_structure=\u00bb1_2,1_2&#8243; _builder_version=\u00bb4.16&#8243; background_size=\u00bbinitial\u00bb background_position=\u00bbtop_left\u00bb background_repeat=\u00bbrepeat\u00bb global_colors_info=\u00bb{}\u00bb][et_pb_column type=\u00bb1_2&#8243; _builder_version=\u00bb4.16&#8243; custom_padding=\u00bb|||\u00bb global_colors_info=\u00bb{}\u00bb custom_padding__hover=\u00bb|||\u00bb][et_pb_text admin_label=\u00bbLos silos met\u00e1licos de chapa galvanizada \u00bb _builder_version=\u00bb4.21.0&#8243; module_alignment=\u00bbleft\u00bb border_style=\u00bbsolid\u00bb global_colors_info=\u00bb{}\u00bb]<\/p>\n<h3>Los dep\u00f3sitos met\u00e1licos con funda completa est\u00e1n completamente revestidos con una funda que protege tanto la chapa como el agua almacenada.<\/h3>\n<p>Proporcionan una mayor resistencia a la corrosi\u00f3n por lo que son ideales en situaciones donde se necesita una protecci\u00f3n adicional como en el caso de uso de productos corrosivos.<\/p>\n<p>[\/et_pb_text][\/et_pb_column][et_pb_column type=\u00bb1_2&#8243; _builder_version=\u00bb4.16&#8243; custom_padding=\u00bb|||\u00bb global_colors_info=\u00bb{}\u00bb custom_padding__hover=\u00bb|||\u00bb][et_pb_image src=\u00bbhttp:\/\/gandariaspain.com\/wp-content\/uploads\/2023\/07\/deposito-chapa-agua-con-funda-completa.jpeg\u00bb title_text=\u00bbdeposito-chapa-agua-con-funda-completa\u00bb align_tablet=\u00bbcenter\u00bb align_phone=\u00bbcenter\u00bb align_last_edited=\u00bbon|desktop\u00bb _builder_version=\u00bb4.21.0&#8243; animation_style=\u00bbslide\u00bb animation_direction=\u00bbleft\u00bb animation_duration=\u00bb500ms\u00bb animation_intensity_slide=\u00bb10%\u00bb use_border_color=\u00bboff\u00bb border_color=\u00bb#ffffff\u00bb border_style=\u00bbsolid\u00bb animation=\u00bbleft\u00bb sticky=\u00bboff\u00bb always_center_on_mobile=\u00bbon\u00bb global_colors_info=\u00bb{}\u00bb][\/et_pb_image][\/et_pb_column][\/et_pb_row][\/et_pb_section][et_pb_section fb_built=\u00bb1&#8243; custom_padding_last_edited=\u00bbon|desktop\u00bb admin_label=\u00bbPrincipales caracter\u00edsticas\u00bb module_class=\u00bbfondo_seccion_gris_degradado \u00bb _builder_version=\u00bb4.16&#8243; background_color=\u00bbrgba(255,255,255,0)\u00bb custom_padding_tablet=\u00bb50px|0|50px|0&#8243; custom_padding_phone=\u00bb\u00bb transparent_background=\u00bbon\u00bb padding_mobile=\u00bboff\u00bb make_fullwidth=\u00bboff\u00bb use_custom_width=\u00bboff\u00bb width_unit=\u00bbon\u00bb global_colors_info=\u00bb{}\u00bb][et_pb_row _builder_version=\u00bb4.16&#8243; background_size=\u00bbinitial\u00bb background_position=\u00bbtop_left\u00bb background_repeat=\u00bbrepeat\u00bb global_colors_info=\u00bb{}\u00bb][et_pb_column type=\u00bb4_4&#8243; _builder_version=\u00bb4.16&#8243; custom_padding=\u00bb|||\u00bb global_colors_info=\u00bb{}\u00bb custom_padding__hover=\u00bb|||\u00bb][et_pb_text admin_label=\u00bbDescubra m\u00e1s sobre nuestro &#8230;.\u00bb _builder_version=\u00bb4.21.0&#8243; background_size=\u00bbinitial\u00bb background_position=\u00bbtop_left\u00bb background_repeat=\u00bbrepeat\u00bb module_alignment=\u00bbleft\u00bb border_style=\u00bbsolid\u00bb global_colors_info=\u00bb{}\u00bb]<\/p>\n<h2 class=\"fuerza_tamano_40 centrame blanco\">Principales caracter\u00edsticas de los dep\u00f3sitos met\u00e1licos con funda completa<\/h2>\n<p>[\/et_pb_text][\/et_pb_column][\/et_pb_row][et_pb_row column_structure=\u00bb1_2,1_2&#8243; padding_mobile=\u00bboff\u00bb column_padding_mobile=\u00bbon\u00bb module_class=\u00bb et_pb_row_fullwidth\u00bb _builder_version=\u00bb4.16&#8243; background_size=\u00bbinitial\u00bb background_position=\u00bbtop_left\u00bb background_repeat=\u00bbrepeat\u00bb width=\u00bb89%\u00bb width_tablet=\u00bb80%\u00bb width_phone=\u00bb80%\u00bb width_last_edited=\u00bbon|desktop\u00bb max_width=\u00bb89%\u00bb max_width_tablet=\u00bb80%\u00bb max_width_phone=\u00bb80%\u00bb max_width_last_edited=\u00bbon|desktop\u00bb make_fullwidth=\u00bbon\u00bb use_custom_width=\u00bboff\u00bb width_unit=\u00bbon\u00bb global_colors_info=\u00bb{}\u00bb][et_pb_column type=\u00bb1_2&#8243; _builder_version=\u00bb4.16&#8243; custom_padding=\u00bb|||\u00bb global_colors_info=\u00bb{}\u00bb custom_padding__hover=\u00bb|||\u00bb][et_pb_blurb use_icon=\u00bbon\u00bb font_icon=\u00bb&#x4e;||divi||400&#8243; icon_color=\u00bb#ffffff\u00bb image_icon_background_color=\u00bb#417764&#8243; icon_placement=\u00bbleft\u00bb image_icon_width=\u00bb21px\u00bb admin_label=\u00bbElemento 1 listado\u00bb _builder_version=\u00bb4.21.0&#8243; background_size=\u00bbinitial\u00bb background_position=\u00bbtop_left\u00bb background_repeat=\u00bbrepeat\u00bb image_icon_custom_padding=\u00bb8px|8px|8px|8px|false|false\u00bb background_layout=\u00bbdark\u00bb animation=\u00bboff\u00bb border_radii_image=\u00bbon|100%|100%|100%|100%\u00bb border_width_all_image=\u00bb2px\u00bb border_color_all_image=\u00bb#417764&#8243; border_style=\u00bbsolid\u00bb image_max_width=\u00bbnone\u00bb icon_font_size=\u00bb21px\u00bb use_circle=\u00bbon\u00bb use_circle_border=\u00bbon\u00bb circle_border_color=\u00bb#417764&#8243; circle_color=\u00bb#417764&#8243; global_colors_info=\u00bb{}\u00bb image_icon_background_color__sticky_enabled=\u00bb#764154&#8243; image_icon_background_color__sticky=\u00bb#764154&#8243;]<\/p>\n<p><strong>Resistencia a la corrosi\u00f3n:<\/strong> Los dep\u00f3sitos met\u00e1licos con funda completa ofrecen una protecci\u00f3n total contra la corrosi\u00f3n tanto para la chapa met\u00e1lica del dep\u00f3sito como para el agua almacenada. Esto es especialmente importante en proyectos donde se manipulan productos corrosivos como purines, alpech\u00edn o agua con alto contenido de hierro. La funda completa garantiza que no haya contacto directo entre el metal y los productos corrosivos, prolongando la vida \u00fatil del dep\u00f3sito.<\/p>\n<p>[\/et_pb_blurb][et_pb_blurb use_icon=\u00bbon\u00bb font_icon=\u00bb&#x4e;||divi||400&#8243; icon_color=\u00bb#ffffff\u00bb image_icon_background_color=\u00bb#417764&#8243; icon_placement=\u00bbleft\u00bb image_icon_width=\u00bb21px\u00bb admin_label=\u00bbElemento 3 listado\u00bb _builder_version=\u00bb4.21.0&#8243; background_size=\u00bbinitial\u00bb background_position=\u00bbtop_left\u00bb background_repeat=\u00bbrepeat\u00bb image_icon_custom_padding=\u00bb8px|8px|8px|8px|false|false\u00bb background_layout=\u00bbdark\u00bb animation=\u00bboff\u00bb border_radii_image=\u00bbon|100%|100%|100%|100%\u00bb border_width_all_image=\u00bb2px\u00bb border_color_all_image=\u00bb#417764&#8243; border_style=\u00bbsolid\u00bb image_max_width=\u00bbnone\u00bb icon_font_size=\u00bb21px\u00bb use_circle=\u00bbon\u00bb use_circle_border=\u00bbon\u00bb circle_border_color=\u00bb#417764&#8243; circle_color=\u00bb#417764&#8243; global_colors_info=\u00bb{}\u00bb image_icon_background_color__sticky_enabled=\u00bb#764154&#8243; image_icon_background_color__sticky=\u00bb#764154&#8243;]<\/p>\n<p><strong>Ahorro de tiempo en el montaje:<\/strong> Al no tener que esperar a que el hormig\u00f3n frag\u00fce, el montaje de todas las virolas se realizar\u00eda una vez finalizada la cimentaci\u00f3n, lo que significa que no es necesario realizar dos visitas a la instalaci\u00f3n.<\/p>\n<p>[\/et_pb_blurb][\/et_pb_column][et_pb_column type=\u00bb1_2&#8243; _builder_version=\u00bb4.16&#8243; custom_padding=\u00bb|||\u00bb global_colors_info=\u00bb{}\u00bb custom_padding__hover=\u00bb|||\u00bb][et_pb_blurb use_icon=\u00bbon\u00bb font_icon=\u00bb&#x4e;||divi||400&#8243; icon_color=\u00bb#ffffff\u00bb image_icon_background_color=\u00bb#417764&#8243; icon_placement=\u00bbleft\u00bb image_icon_width=\u00bb21px\u00bb admin_label=\u00bbElemento 2 listado\u00bb _builder_version=\u00bb4.21.0&#8243; background_size=\u00bbinitial\u00bb background_position=\u00bbtop_left\u00bb background_repeat=\u00bbrepeat\u00bb image_icon_custom_padding=\u00bb8px|8px|8px|8px|false|false\u00bb background_layout=\u00bbdark\u00bb animation=\u00bboff\u00bb border_radii_image=\u00bbon|100%|100%|100%|100%\u00bb border_width_all_image=\u00bb2px\u00bb border_color_all_image=\u00bb#417764&#8243; border_style=\u00bbsolid\u00bb image_max_width=\u00bbnone\u00bb icon_font_size=\u00bb21px\u00bb use_circle=\u00bbon\u00bb use_circle_border=\u00bbon\u00bb circle_border_color=\u00bb#417764&#8243; circle_color=\u00bb#417764&#8243; global_colors_info=\u00bb{}\u00bb image_icon_background_color__sticky_enabled=\u00bb#764154&#8243; image_icon_background_color__sticky=\u00bb#764154&#8243;]<\/p>\n<p><strong>Ahorro en cimentaci\u00f3n:<\/strong> Al utilizar dep\u00f3sitos met\u00e1licos con funda completa, se puede lograr un ahorro significativo en la cimentaci\u00f3n. La funda act\u00faa como una capa protectora adicional, lo que permite que la cimentaci\u00f3n sea m\u00e1s b\u00e1sica. En lugar de requerir una base de hormig\u00f3n compleja, generalmente se utiliza una capa de hormig\u00f3n de limpieza en combinaci\u00f3n con arena compactada en el centro del dep\u00f3sito. Esto no solo reduce los costos de construcci\u00f3n, sino que tambi\u00e9n acelera el proceso de instalaci\u00f3n.<\/p>\n<p>[\/et_pb_blurb][et_pb_blurb use_icon=\u00bbon\u00bb font_icon=\u00bb&#x4e;||divi||400&#8243; icon_color=\u00bb#ffffff\u00bb image_icon_background_color=\u00bb#417764&#8243; icon_placement=\u00bbleft\u00bb image_icon_width=\u00bb21px\u00bb admin_label=\u00bbElemento 4 listado\u00bb _builder_version=\u00bb4.21.0&#8243; background_size=\u00bbinitial\u00bb background_position=\u00bbtop_left\u00bb background_repeat=\u00bbrepeat\u00bb image_icon_custom_padding=\u00bb8px|8px|8px|8px|false|false\u00bb background_layout=\u00bbdark\u00bb animation=\u00bboff\u00bb border_radii_image=\u00bbon|100%|100%|100%|100%\u00bb border_width_all_image=\u00bb2px\u00bb border_color_all_image=\u00bb#417764&#8243; border_style=\u00bbsolid\u00bb image_max_width=\u00bbnone\u00bb icon_font_size=\u00bb21px\u00bb use_circle=\u00bbon\u00bb use_circle_border=\u00bbon\u00bb circle_border_color=\u00bb#417764&#8243; circle_color=\u00bb#417764&#8243; global_colors_info=\u00bb{}\u00bb image_icon_background_color__sticky_enabled=\u00bb#764154&#8243; image_icon_background_color__sticky=\u00bb#764154&#8243;]<\/p>\n<p><strong>Estanqueidad:<\/strong> Cuando el dep\u00f3sito lleva funda completa se garantiza el 100% de estanqueidad.<\/p>\n<p>[\/et_pb_blurb][\/et_pb_column][\/et_pb_row][\/et_pb_section][et_pb_section fb_built=\u00bb1&#8243; custom_padding_last_edited=\u00bbon|desktop\u00bb _builder_version=\u00bb4.16&#8243; background_color=\u00bbrgba(255,255,255,0)\u00bb custom_padding_tablet=\u00bb50px|0|50px|0&#8243; custom_padding_phone=\u00bb\u00bb transparent_background=\u00bbon\u00bb padding_mobile=\u00bboff\u00bb make_fullwidth=\u00bboff\u00bb use_custom_width=\u00bboff\u00bb width_unit=\u00bbon\u00bb global_colors_info=\u00bb{}\u00bb][et_pb_row _builder_version=\u00bb4.16&#8243; background_size=\u00bbinitial\u00bb background_position=\u00bbtop_left\u00bb background_repeat=\u00bbrepeat\u00bb global_colors_info=\u00bb{}\u00bb][et_pb_column type=\u00bb4_4&#8243; _builder_version=\u00bb4.16&#8243; custom_padding=\u00bb|||\u00bb global_colors_info=\u00bb{}\u00bb custom_padding__hover=\u00bb|||\u00bb][et_pb_text _builder_version=\u00bb4.21.0&#8243; background_size=\u00bbinitial\u00bb background_position=\u00bbtop_left\u00bb background_repeat=\u00bbrepeat\u00bb module_alignment=\u00bbleft\u00bb border_style=\u00bbsolid\u00bb global_colors_info=\u00bb{}\u00bb]<\/p>\n<p>Cada proyecto puede tener requisitos y consideraciones \u00fanicas, por lo que es esencial evaluar cuidadosamente las necesidades antes de seleccionar el tipo de dep\u00f3sito m\u00e1s adecuado.<\/p>\n<p>[\/et_pb_text][et_pb_button button_url=\u00bbhttps:\/\/gandariaspain.com\/es\/tipos-de-depositos-de-agua-metalicos\/\u00bb button_text=\u00bbConsulta caracter\u00edsticas por tipo de dep\u00f3sito\u00bb button_alignment=\u00bbcenter\u00bb _builder_version=\u00bb4.21.0&#8243; _module_preset=\u00bbdefault\u00bb global_colors_info=\u00bb{}\u00bb][\/et_pb_button][\/et_pb_column][\/et_pb_row][\/et_pb_section]<\/p>\n<span class=\"et_bloom_bottom_trigger\"><\/span>","protected":false},"excerpt":{"rendered":"<p>Gandaria | Silos Spain -Los dep\u00f3sitos met\u00e1licos con funda completa [&hellip;]<\/p>\n","protected":false},"author":2,"featured_media":0,"parent":151,"menu_order":0,"comment_status":"closed","ping_status":"closed","template":"","meta":{"_et_pb_use_builder":"on","_et_pb_old_content":"","_et_gb_content_width":"","_mbp_gutenberg_autopost":false,"footnotes":""},"class_list":["post-87630","page","type-page","status-publish","hentry"],"yoast_head":"<!-- This site is optimized with the Yoast SEO plugin v27.4 - https:\/\/yoast.com\/product\/yoast-seo-wordpress\/ -->\n<title>Dep\u00f3sitos met\u00e1licos con funda completa - Gandaria - Silos Spain<\/title>\n<meta name=\"robots\" content=\"index, follow, max-snippet:-1, max-image-preview:large, max-video-preview:-1\" \/>\n<link rel=\"canonical\" href=\"https:\/\/gandariaspain.com\/es\/productos\/depositos-de-agua-de-chapa-ondulada\/con-funda-completa\/\" \/>\n<meta property=\"og:locale\" content=\"es_ES\" \/>\n<meta property=\"og:type\" content=\"article\" \/>\n<meta property=\"og:title\" content=\"Dep\u00f3sitos met\u00e1licos con funda completa - Gandaria - Silos Spain\" \/>\n<meta property=\"og:description\" content=\"Gandaria | Silos Spain -Los dep\u00f3sitos met\u00e1licos con funda completa [&hellip;]\" \/>\n<meta property=\"og:url\" content=\"https:\/\/gandariaspain.com\/es\/productos\/depositos-de-agua-de-chapa-ondulada\/con-funda-completa\/\" \/>\n<meta property=\"og:site_name\" content=\"Gandaria - Silos Spain\" \/>\n<meta property=\"article:modified_time\" content=\"2024-05-27T14:17:21+00:00\" \/>\n<meta name=\"twitter:card\" content=\"summary_large_image\" \/>\n<meta name=\"twitter:label1\" content=\"Tiempo de lectura\" \/>\n\t<meta name=\"twitter:data1\" content=\"2 minutos\" \/>\n<script type=\"application\/ld+json\" class=\"yoast-schema-graph\">{\"@context\":\"https:\\\/\\\/schema.org\",\"@graph\":[{\"@type\":\"WebPage\",\"@id\":\"https:\\\/\\\/gandariaspain.com\\\/es\\\/productos\\\/depositos-de-agua-de-chapa-ondulada\\\/con-funda-completa\\\/\",\"url\":\"https:\\\/\\\/gandariaspain.com\\\/es\\\/productos\\\/depositos-de-agua-de-chapa-ondulada\\\/con-funda-completa\\\/\",\"name\":\"Dep\u00f3sitos met\u00e1licos con funda completa - Gandaria - Silos Spain\",\"isPartOf\":{\"@id\":\"https:\\\/\\\/gandariaspain.com\\\/es\\\/#website\"},\"datePublished\":\"2023-07-31T10:55:13+00:00\",\"dateModified\":\"2024-05-27T14:17:21+00:00\",\"breadcrumb\":{\"@id\":\"https:\\\/\\\/gandariaspain.com\\\/es\\\/productos\\\/depositos-de-agua-de-chapa-ondulada\\\/con-funda-completa\\\/#breadcrumb\"},\"inLanguage\":\"es\",\"potentialAction\":[{\"@type\":\"ReadAction\",\"target\":[\"https:\\\/\\\/gandariaspain.com\\\/es\\\/productos\\\/depositos-de-agua-de-chapa-ondulada\\\/con-funda-completa\\\/\"]}]},{\"@type\":\"BreadcrumbList\",\"@id\":\"https:\\\/\\\/gandariaspain.com\\\/es\\\/productos\\\/depositos-de-agua-de-chapa-ondulada\\\/con-funda-completa\\\/#breadcrumb\",\"itemListElement\":[{\"@type\":\"ListItem\",\"position\":1,\"name\":\"Productos\",\"item\":\"https:\\\/\\\/gandariaspain.com\\\/es\\\/productos\\\/\"},{\"@type\":\"ListItem\",\"position\":2,\"name\":\"Dep\u00f3sitos de agua de chapa ondulada\",\"item\":\"https:\\\/\\\/gandariaspain.com\\\/es\\\/productos\\\/depositos-de-agua-de-chapa-ondulada\\\/\"},{\"@type\":\"ListItem\",\"position\":3,\"name\":\"Dep\u00f3sitos met\u00e1licos con funda completa\"}]},{\"@type\":\"WebSite\",\"@id\":\"https:\\\/\\\/gandariaspain.com\\\/es\\\/#website\",\"url\":\"https:\\\/\\\/gandariaspain.com\\\/es\\\/\",\"name\":\"Gandaria - Silos Spain\",\"description\":\"Dep\u00f3sitos de agua y silos granja\",\"potentialAction\":[{\"@type\":\"SearchAction\",\"target\":{\"@type\":\"EntryPoint\",\"urlTemplate\":\"https:\\\/\\\/gandariaspain.com\\\/es\\\/?s={search_term_string}\"},\"query-input\":{\"@type\":\"PropertyValueSpecification\",\"valueRequired\":true,\"valueName\":\"search_term_string\"}}],\"inLanguage\":\"es\"}]}<\/script>\n<!-- \/ Yoast SEO plugin. -->","yoast_head_json":{"title":"Dep\u00f3sitos met\u00e1licos con funda completa - Gandaria - Silos Spain","robots":{"index":"index","follow":"follow","max-snippet":"max-snippet:-1","max-image-preview":"max-image-preview:large","max-video-preview":"max-video-preview:-1"},"canonical":"https:\/\/gandariaspain.com\/es\/productos\/depositos-de-agua-de-chapa-ondulada\/con-funda-completa\/","og_locale":"es_ES","og_type":"article","og_title":"Dep\u00f3sitos met\u00e1licos con funda completa - Gandaria - Silos Spain","og_description":"Gandaria | Silos Spain -Los dep\u00f3sitos met\u00e1licos con funda completa [&hellip;]","og_url":"https:\/\/gandariaspain.com\/es\/productos\/depositos-de-agua-de-chapa-ondulada\/con-funda-completa\/","og_site_name":"Gandaria - Silos Spain","article_modified_time":"2024-05-27T14:17:21+00:00","twitter_card":"summary_large_image","twitter_misc":{"Tiempo de lectura":"2 minutos"},"schema":{"@context":"https:\/\/schema.org","@graph":[{"@type":"WebPage","@id":"https:\/\/gandariaspain.com\/es\/productos\/depositos-de-agua-de-chapa-ondulada\/con-funda-completa\/","url":"https:\/\/gandariaspain.com\/es\/productos\/depositos-de-agua-de-chapa-ondulada\/con-funda-completa\/","name":"Dep\u00f3sitos met\u00e1licos con funda completa - Gandaria - Silos Spain","isPartOf":{"@id":"https:\/\/gandariaspain.com\/es\/#website"},"datePublished":"2023-07-31T10:55:13+00:00","dateModified":"2024-05-27T14:17:21+00:00","breadcrumb":{"@id":"https:\/\/gandariaspain.com\/es\/productos\/depositos-de-agua-de-chapa-ondulada\/con-funda-completa\/#breadcrumb"},"inLanguage":"es","potentialAction":[{"@type":"ReadAction","target":["https:\/\/gandariaspain.com\/es\/productos\/depositos-de-agua-de-chapa-ondulada\/con-funda-completa\/"]}]},{"@type":"BreadcrumbList","@id":"https:\/\/gandariaspain.com\/es\/productos\/depositos-de-agua-de-chapa-ondulada\/con-funda-completa\/#breadcrumb","itemListElement":[{"@type":"ListItem","position":1,"name":"Productos","item":"https:\/\/gandariaspain.com\/es\/productos\/"},{"@type":"ListItem","position":2,"name":"Dep\u00f3sitos de agua de chapa ondulada","item":"https:\/\/gandariaspain.com\/es\/productos\/depositos-de-agua-de-chapa-ondulada\/"},{"@type":"ListItem","position":3,"name":"Dep\u00f3sitos met\u00e1licos con funda completa"}]},{"@type":"WebSite","@id":"https:\/\/gandariaspain.com\/es\/#website","url":"https:\/\/gandariaspain.com\/es\/","name":"Gandaria - Silos Spain","description":"Dep\u00f3sitos de agua y silos granja","potentialAction":[{"@type":"SearchAction","target":{"@type":"EntryPoint","urlTemplate":"https:\/\/gandariaspain.com\/es\/?s={search_term_string}"},"query-input":{"@type":"PropertyValueSpecification","valueRequired":true,"valueName":"search_term_string"}}],"inLanguage":"es"}]}},"_links":{"self":[{"href":"https:\/\/gandariaspain.com\/es\/wp-json\/wp\/v2\/pages\/87630","targetHints":{"allow":["GET"]}}],"collection":[{"href":"https:\/\/gandariaspain.com\/es\/wp-json\/wp\/v2\/pages"}],"about":[{"href":"https:\/\/gandariaspain.com\/es\/wp-json\/wp\/v2\/types\/page"}],"author":[{"embeddable":true,"href":"https:\/\/gandariaspain.com\/es\/wp-json\/wp\/v2\/users\/2"}],"replies":[{"embeddable":true,"href":"https:\/\/gandariaspain.com\/es\/wp-json\/wp\/v2\/comments?post=87630"}],"version-history":[{"count":7,"href":"https:\/\/gandariaspain.com\/es\/wp-json\/wp\/v2\/pages\/87630\/revisions"}],"predecessor-version":[{"id":88232,"href":"https:\/\/gandariaspain.com\/es\/wp-json\/wp\/v2\/pages\/87630\/revisions\/88232"}],"up":[{"embeddable":true,"href":"https:\/\/gandariaspain.com\/es\/wp-json\/wp\/v2\/pages\/151"}],"wp:attachment":[{"href":"https:\/\/gandariaspain.com\/es\/wp-json\/wp\/v2\/media?parent=87630"}],"curies":[{"name":"wp","href":"https:\/\/api.w.org\/{rel}","templated":true}]}}