{"id":3217,"date":"2017-04-23T18:39:32","date_gmt":"2017-04-23T16:39:32","guid":{"rendered":"https:\/\/gandariaspain.com\/?page_id=3217\/"},"modified":"2017-08-06T11:03:50","modified_gmt":"2017-08-06T09:03:50","slug":"estructuras-y-revestimientos-quinta-metalica","status":"publish","type":"page","link":"https:\/\/gandariaspain.com\/es\/sectores\/estructuras-y-revestimientos-quinta-metalica\/","title":{"rendered":"Quinta Met\u00e1lica: Estructuras y revestimientos"},"content":{"rendered":"<p>[et_pb_section bb_built=\u00bb1&#8243; admin_label=\u00bbsection\u00bb transparent_background=\u00bboff\u00bb background_color=\u00bb#ffffff\u00bb allow_player_pause=\u00bboff\u00bb inner_shadow=\u00bboff\u00bb parallax=\u00bboff\u00bb parallax_method=\u00bboff\u00bb padding_mobile=\u00bboff\u00bb make_fullwidth=\u00bboff\u00bb use_custom_width=\u00bboff\u00bb width_unit=\u00bbon\u00bb make_equal=\u00bboff\u00bb use_custom_gutter=\u00bboff\u00bb module_class=\u00bbindentame\u00bb locked=\u00bbon\u00bb][et_pb_row admin_label=\u00bbrow\u00bb parent_locked=\u00bbon\u00bb background_position=\u00bbtop_left\u00bb background_repeat=\u00bbrepeat\u00bb background_size=\u00bbinitial\u00bb][et_pb_column type=\u00bb4_4&#8243;][et_pb_text admin_label=\u00bbNo tocar. Cabecera de nivel 1. SEO\u00bb background_layout=\u00bblight\u00bb text_orientation=\u00bbleft\u00bb use_border_color=\u00bboff\u00bb border_color=\u00bb#ffffff\u00bb border_style=\u00bbsolid\u00bb parent_locked=\u00bbon\u00bb background_position=\u00bbtop_left\u00bb background_repeat=\u00bbrepeat\u00bb background_size=\u00bbinitial\u00bb]<\/p>\n<h1>Gandaria Spain<\/h1>\n<p>[\/et_pb_text][\/et_pb_column][\/et_pb_row][\/et_pb_section][et_pb_section bb_built=\u00bb1&#8243; fullwidth=\u00bbon\u00bb specialty=\u00bboff\u00bb transparent_background=\u00bboff\u00bb background_color=\u00bb#ffffff\u00bb allow_player_pause=\u00bboff\u00bb inner_shadow=\u00bboff\u00bb parallax=\u00bboff\u00bb parallax_method=\u00bboff\u00bb padding_mobile=\u00bboff\u00bb make_fullwidth=\u00bboff\u00bb use_custom_width=\u00bboff\u00bb width_unit=\u00bbon\u00bb make_equal=\u00bboff\u00bb use_custom_gutter=\u00bboff\u00bb module_class=\u00bbslide-flota-izquierda\u00bb][et_pb_fullwidth_slider admin_label=\u00bbQuinta Met\u00e1lica: Estructuras y revestimientos\u00bb show_arrows=\u00bbon\u00bb show_pagination=\u00bbon\u00bb auto=\u00bboff\u00bb auto_ignore_hover=\u00bboff\u00bb parallax=\u00bboff\u00bb parallax_method=\u00bboff\u00bb remove_inner_shadow=\u00bboff\u00bb background_position=\u00bbtop_left\u00bb hide_content_on_mobile=\u00bboff\u00bb hide_cta_on_mobile=\u00bboff\u00bb show_image_video_mobile=\u00bboff\u00bb custom_button=\u00bboff\u00bb button_letter_spacing=\u00bb0&#8243; button_icon_placement=\u00bbright\u00bb button_letter_spacing_hover=\u00bb0&#8243; disabled_on=\u00bboff|off|off\u00bb disabled=\u00bboff\u00bb _builder_version=\u00bb3.0.66&#8243;]<\/p>\n<p>[et_pb_slide heading=\u00bbEstructuras y revestimientos\u00bb background_color=\u00bb#ffffff\u00bb use_background_color_gradient=\u00bboff\u00bb background_color_gradient_start=\u00bb#2b87da\u00bb background_color_gradient_end=\u00bb#29c4a9&#8243; background_color_gradient_type=\u00bblinear\u00bb background_color_gradient_direction=\u00bb180deg\u00bb background_color_gradient_direction_radial=\u00bbcenter\u00bb background_color_gradient_start_position=\u00bb0%\u00bb background_color_gradient_end_position=\u00bb100%\u00bb background_image=\u00bbhttps:\/\/gandariaspain.com\/wp-content\/uploads\/2016\/09\/QM_SLIDER-1.jpg\u00bb parallax=\u00bboff\u00bb parallax_method=\u00bboff\u00bb background_position=\u00bbcenter\u00bb background_size=\u00bbcover\u00bb background_repeat=\u00bbrepeat\u00bb background_blend=\u00bbnormal\u00bb allow_player_pause=\u00bboff\u00bb use_bg_overlay=\u00bboff\u00bb use_text_overlay=\u00bboff\u00bb text_border_radius=\u00bb3&#8243; alignment=\u00bbcenter\u00bb background_layout=\u00bbdark\u00bb header_font_select=\u00bbdefault\u00bb header_font=\u00bb||||\u00bb body_font_select=\u00bbdefault\u00bb body_font=\u00bb||||\u00bb custom_button=\u00bboff\u00bb button_font_select=\u00bbdefault\u00bb button_font=\u00bb||||\u00bb button_use_icon=\u00bbdefault\u00bb button_icon_placement=\u00bbright\u00bb button_on_hover=\u00bbon\u00bb \/]<\/p>\n<p>[\/et_pb_fullwidth_slider][\/et_pb_section][et_pb_section bb_built=\u00bb1&#8243; fullwidth=\u00bboff\u00bb specialty=\u00bboff\u00bb][et_pb_row background_position=\u00bbtop_left\u00bb background_repeat=\u00bbrepeat\u00bb background_size=\u00bbinitial\u00bb][et_pb_column type=\u00bb2_3&#8243;][et_pb_text admin_label=\u00bbQuinta Met\u00e1lica se dedica al suministro\u00bb _builder_version=\u00bb3.0.50&#8243; background_layout=\u00bblight\u00bb text_orientation=\u00bbleft\u00bb border_style=\u00bbsolid\u00bb background_position=\u00bbtop_left\u00bb background_repeat=\u00bbrepeat\u00bb background_size=\u00bbinitial\u00bb]<\/p>\n<p><strong>Quinta Met\u00e1lica se dedica al suministro e instalaci\u00f3n de todo tipo de revestimientos met\u00e1licos<\/strong>, especialmente zinc, cobre, titanio, inox, aluminio y plomo. Proporcionamos toda la s<strong>oluci\u00f3n constructiva<\/strong>, totalmente instalada, desde el soporte estructural hasta el metal exterior.<\/p>\n<p>Tambi\u00e9n somos<strong> especialistas en ingenier\u00eda y transformaci\u00f3n met\u00e1lica<\/strong>. Hacemos desarrollos a medida de todo tipo de construcciones met\u00e1licas, soluciones tecnol\u00f3gicas atornilladas, naves industriales y agr\u00edcolas, naves de grandes luces e infraestructuras de transporte.<\/p>\n<p>[\/et_pb_text][\/et_pb_column][et_pb_column type=\u00bb1_3&#8243;][et_pb_image show_in_lightbox=\u00bboff\u00bb url_new_window=\u00bboff\u00bb use_overlay=\u00bboff\u00bb sticky=\u00bboff\u00bb align=\u00bbleft\u00bb force_fullwidth=\u00bboff\u00bb always_center_on_mobile=\u00bbon\u00bb border_style=\u00bbsolid\u00bb src=\u00bbhttps:\/\/gandariaspain.com\/wp-content\/uploads\/2017\/04\/QM_HOGARES-1.jpg\u00bb _builder_version=\u00bb3.0.50&#8243; \/][\/et_pb_column][\/et_pb_row][\/et_pb_section][et_pb_section bb_built=\u00bb1&#8243; fullwidth=\u00bboff\u00bb specialty=\u00bboff\u00bb][et_pb_row background_position=\u00bbtop_left\u00bb background_repeat=\u00bbrepeat\u00bb background_size=\u00bbinitial\u00bb][et_pb_column type=\u00bb2_3&#8243;][et_pb_text admin_label=\u00bbEjecuci\u00f3n de revestimientos met\u00e1licos\u00bb background_layout=\u00bblight\u00bb text_orientation=\u00bbleft\u00bb use_border_color=\u00bboff\u00bb border_color=\u00bb#ffffff\u00bb border_style=\u00bbsolid\u00bb background_position=\u00bbtop_left\u00bb background_repeat=\u00bbrepeat\u00bb background_size=\u00bbinitial\u00bb]<\/p>\n<h3>Ejecuci\u00f3n de revestimientos met\u00e1licos<\/h3>\n<p>Quinta Met\u00e1lica nace de un deseo de proporcionar a la empresa un<strong> servicio de alta calidad en el suministro y colocaci\u00f3n de revestimientos met\u00e1licos<\/strong> como el cobre o el zinc, algo poco habitual en Espa\u00f1a, aunque cada vez con mayor demanda.<\/p>\n<p>Debido a este incremento de la demanda existe una escasez de mano de obra experta y bien dirigida, que a veces conduce a resultados insatisfactorios en obra y problemas para la constructora.<\/p>\n<p>En Quinta Met\u00e1lica resolvemos este problema combinando una plantilla bien formada y eficaz y un taller de fabricaci\u00f3n dotado de medios para cualquier tipo de obra con una direcci\u00f3n de f\u00e1brica y de obra correcta y profesional.<\/p>\n<p>[\/et_pb_text][\/et_pb_column][et_pb_column type=\u00bb1_3&#8243;][et_pb_image show_in_lightbox=\u00bboff\u00bb url_new_window=\u00bboff\u00bb use_overlay=\u00bboff\u00bb sticky=\u00bboff\u00bb align=\u00bbleft\u00bb force_fullwidth=\u00bboff\u00bb always_center_on_mobile=\u00bbon\u00bb border_style=\u00bbsolid\u00bb src=\u00bbhttps:\/\/gandariaspain.com\/wp-content\/uploads\/2017\/04\/QM_REVESTIMIENTOS-1.jpg\u00bb _builder_version=\u00bb3.0.50&#8243; \/][\/et_pb_column][\/et_pb_row][et_pb_row background_position=\u00bbtop_left\u00bb background_repeat=\u00bbrepeat\u00bb background_size=\u00bbinitial\u00bb][et_pb_column type=\u00bb4_4&#8243;][et_pb_text admin_label=\u00bbEl Sistema Quinta Met\u00e1lica\u00ae\u00bb background_layout=\u00bblight\u00bb text_orientation=\u00bbleft\u00bb use_border_color=\u00bboff\u00bb border_color=\u00bb#ffffff\u00bb border_style=\u00bbsolid\u00bb background_position=\u00bbtop_left\u00bb background_repeat=\u00bbrepeat\u00bb background_size=\u00bbinitial\u00bb]<\/p>\n<h3>El Sistema Quinta Met\u00e1lica<b>\u00ae<\/b><\/h3>\n<p>Nuestra experiencia en B\u00e9lgica y el Reino Unido nos ha ense\u00f1ado que, aunque sea m\u00e1s f\u00e1cil mandar a la obra el metal en bobina y un equipo con herramienta de mano que \u201chaga la obra\u201d, los revestimientos met\u00e1licos quedan mejor cuanto m\u00e1s se prefabrican en taller. En el taller est\u00e1n las m\u00e1quinas m\u00e1s pesadas, las que mejor pliegan, las que mejor perfilan, las que mejor doblan y cortan.<\/p>\n<p>Por eso en\u00a0<b>Quinta Met\u00e1lica<\/b>\u00a0siempre seguimos un proceso de instalaci\u00f3n que resumimos como\u00a0<b>\u2018el sistema Quinta Met\u00e1lica\u00ae\u2019<\/b>\u00a0y esto es lo que certifica la<strong> ISO 9001<\/strong>, en el que empleamos m\u00e9todos y t\u00e9cnicas tradicionales de\u00a0Alemania, B\u00e9lgica y las Islas Brit\u00e1nicas, absolutamente probadas en estos pa\u00edses, pero \u00fanicas en Espa\u00f1a.<\/p>\n<p>[\/et_pb_text][\/et_pb_column][\/et_pb_row][\/et_pb_section][et_pb_section bb_built=\u00bb1&#8243; fullwidth=\u00bboff\u00bb specialty=\u00bboff\u00bb transparent_background=\u00bbon\u00bb background_color=\u00bb#025e32&#8243; allow_player_pause=\u00bboff\u00bb inner_shadow=\u00bboff\u00bb parallax=\u00bboff\u00bb parallax_method=\u00bboff\u00bb padding_mobile=\u00bboff\u00bb make_fullwidth=\u00bboff\u00bb use_custom_width=\u00bboff\u00bb width_unit=\u00bbon\u00bb make_equal=\u00bboff\u00bb use_custom_gutter=\u00bboff\u00bb module_class=\u00bbseccion_horitzontal_cta\u00bb global_module=\u00bb687&#8243;][et_pb_row global_parent=\u00bb687&#8243; make_fullwidth=\u00bboff\u00bb use_custom_width=\u00bboff\u00bb width_unit=\u00bbon\u00bb use_custom_gutter=\u00bboff\u00bb padding_mobile=\u00bboff\u00bb allow_player_pause=\u00bboff\u00bb parallax=\u00bboff\u00bb parallax_method=\u00bboff\u00bb make_equal=\u00bboff\u00bb parallax_1=\u00bboff\u00bb parallax_method_1=\u00bboff\u00bb column_padding_mobile=\u00bbon\u00bb parallax_2=\u00bboff\u00bb parallax_method_2=\u00bboff\u00bb background_position=\u00bbtop_left\u00bb background_repeat=\u00bbrepeat\u00bb background_size=\u00bbinitial\u00bb][et_pb_column type=\u00bb4_4&#8243;][et_pb_cta admin_label=\u00bbCTA Horitzontal Pida presupuesto (1\/1)\u00bb global_parent=\u00bb687&#8243; title=\u00bb\u00bfNecesita m\u00e1s informaci\u00f3n?\u00bb button_url=\u00bb\/es\/presupuesto\u00bb url_new_window=\u00bboff\u00bb button_text=\u00bbPida presupuesto sin compromiso\u00bb use_background_color=\u00bboff\u00bb background_color=\u00bb#7EBEC5&#8243; background_layout=\u00bbdark\u00bb text_orientation=\u00bbleft\u00bb use_border_color=\u00bboff\u00bb border_color=\u00bb#ffffff\u00bb border_style=\u00bbsolid\u00bb custom_button=\u00bboff\u00bb button_letter_spacing=\u00bb0&#8243; button_use_icon=\u00bbdefault\u00bb button_icon_placement=\u00bbright\u00bb button_on_hover=\u00bbon\u00bb button_letter_spacing_hover=\u00bb0&#8243; background_position=\u00bbtop_left\u00bb background_repeat=\u00bbrepeat\u00bb background_size=\u00bbinitial\u00bb \/][\/et_pb_column][\/et_pb_row][\/et_pb_section]<\/p>\n<span class=\"et_bloom_bottom_trigger\"><\/span>","protected":false},"excerpt":{"rendered":"<p>Gandaria Spain Quinta Met\u00e1lica se dedica al suministro e instalaci\u00f3n [&hellip;]<\/p>\n","protected":false},"author":1,"featured_media":0,"parent":159,"menu_order":0,"comment_status":"closed","ping_status":"closed","template":"","meta":{"_et_pb_use_builder":"on","_et_pb_old_content":"","_et_gb_content_width":"","_mbp_gutenberg_autopost":false,"footnotes":""},"class_list":["post-3217","page","type-page","status-publish","hentry"],"yoast_head":"<!-- This site is optimized with the Yoast SEO plugin v27.6 - https:\/\/yoast.com\/product\/yoast-seo-wordpress\/ -->\n<title>Quinta Met\u00e1lica: Estructuras y revestimientos - Gandaria - Silos Spain<\/title>\n<meta name=\"robots\" content=\"index, follow, max-snippet:-1, max-image-preview:large, max-video-preview:-1\" \/>\n<link rel=\"canonical\" href=\"https:\/\/gandariaspain.com\/es\/sectores\/estructuras-y-revestimientos-quinta-metalica\/\" \/>\n<meta property=\"og:locale\" content=\"es_ES\" \/>\n<meta property=\"og:type\" content=\"article\" \/>\n<meta property=\"og:title\" content=\"Quinta Met\u00e1lica: Estructuras y revestimientos - Gandaria - Silos Spain\" \/>\n<meta property=\"og:description\" content=\"Gandaria Spain Quinta Met\u00e1lica se dedica al suministro e instalaci\u00f3n [&hellip;]\" \/>\n<meta property=\"og:url\" content=\"https:\/\/gandariaspain.com\/es\/sectores\/estructuras-y-revestimientos-quinta-metalica\/\" \/>\n<meta property=\"og:site_name\" content=\"Gandaria - Silos Spain\" \/>\n<meta property=\"article:modified_time\" content=\"2017-08-06T09:03:50+00:00\" \/>\n<meta name=\"twitter:card\" content=\"summary_large_image\" \/>\n<meta name=\"twitter:label1\" content=\"Tiempo de lectura\" \/>\n\t<meta name=\"twitter:data1\" content=\"6 minutos\" \/>\n<script type=\"application\/ld+json\" class=\"yoast-schema-graph\">{\"@context\":\"https:\\\/\\\/schema.org\",\"@graph\":[{\"@type\":\"WebPage\",\"@id\":\"https:\\\/\\\/gandariaspain.com\\\/es\\\/sectores\\\/estructuras-y-revestimientos-quinta-metalica\\\/\",\"url\":\"https:\\\/\\\/gandariaspain.com\\\/es\\\/sectores\\\/estructuras-y-revestimientos-quinta-metalica\\\/\",\"name\":\"Quinta Met\u00e1lica: Estructuras y revestimientos - Gandaria - Silos Spain\",\"isPartOf\":{\"@id\":\"https:\\\/\\\/gandariaspain.com\\\/es\\\/#website\"},\"datePublished\":\"2017-04-23T16:39:32+00:00\",\"dateModified\":\"2017-08-06T09:03:50+00:00\",\"breadcrumb\":{\"@id\":\"https:\\\/\\\/gandariaspain.com\\\/es\\\/sectores\\\/estructuras-y-revestimientos-quinta-metalica\\\/#breadcrumb\"},\"inLanguage\":\"es\",\"potentialAction\":[{\"@type\":\"ReadAction\",\"target\":[\"https:\\\/\\\/gandariaspain.com\\\/es\\\/sectores\\\/estructuras-y-revestimientos-quinta-metalica\\\/\"]}]},{\"@type\":\"BreadcrumbList\",\"@id\":\"https:\\\/\\\/gandariaspain.com\\\/es\\\/sectores\\\/estructuras-y-revestimientos-quinta-metalica\\\/#breadcrumb\",\"itemListElement\":[{\"@type\":\"ListItem\",\"position\":1,\"name\":\"Sectores\",\"item\":\"https:\\\/\\\/gandariaspain.com\\\/es\\\/sectores\\\/\"},{\"@type\":\"ListItem\",\"position\":2,\"name\":\"Quinta Met\u00e1lica: Estructuras y revestimientos\"}]},{\"@type\":\"WebSite\",\"@id\":\"https:\\\/\\\/gandariaspain.com\\\/es\\\/#website\",\"url\":\"https:\\\/\\\/gandariaspain.com\\\/es\\\/\",\"name\":\"Gandaria - Silos Spain\",\"description\":\"Dep\u00f3sitos de agua y silos granja\",\"potentialAction\":[{\"@type\":\"SearchAction\",\"target\":{\"@type\":\"EntryPoint\",\"urlTemplate\":\"https:\\\/\\\/gandariaspain.com\\\/es\\\/?s={search_term_string}\"},\"query-input\":{\"@type\":\"PropertyValueSpecification\",\"valueRequired\":true,\"valueName\":\"search_term_string\"}}],\"inLanguage\":\"es\"}]}<\/script>\n<!-- \/ Yoast SEO plugin. -->","yoast_head_json":{"title":"Quinta Met\u00e1lica: Estructuras y revestimientos - Gandaria - Silos Spain","robots":{"index":"index","follow":"follow","max-snippet":"max-snippet:-1","max-image-preview":"max-image-preview:large","max-video-preview":"max-video-preview:-1"},"canonical":"https:\/\/gandariaspain.com\/es\/sectores\/estructuras-y-revestimientos-quinta-metalica\/","og_locale":"es_ES","og_type":"article","og_title":"Quinta Met\u00e1lica: Estructuras y revestimientos - Gandaria - Silos Spain","og_description":"Gandaria Spain Quinta Met\u00e1lica se dedica al suministro e instalaci\u00f3n [&hellip;]","og_url":"https:\/\/gandariaspain.com\/es\/sectores\/estructuras-y-revestimientos-quinta-metalica\/","og_site_name":"Gandaria - Silos Spain","article_modified_time":"2017-08-06T09:03:50+00:00","twitter_card":"summary_large_image","twitter_misc":{"Tiempo de lectura":"6 minutos"},"schema":{"@context":"https:\/\/schema.org","@graph":[{"@type":"WebPage","@id":"https:\/\/gandariaspain.com\/es\/sectores\/estructuras-y-revestimientos-quinta-metalica\/","url":"https:\/\/gandariaspain.com\/es\/sectores\/estructuras-y-revestimientos-quinta-metalica\/","name":"Quinta Met\u00e1lica: Estructuras y revestimientos - Gandaria - Silos Spain","isPartOf":{"@id":"https:\/\/gandariaspain.com\/es\/#website"},"datePublished":"2017-04-23T16:39:32+00:00","dateModified":"2017-08-06T09:03:50+00:00","breadcrumb":{"@id":"https:\/\/gandariaspain.com\/es\/sectores\/estructuras-y-revestimientos-quinta-metalica\/#breadcrumb"},"inLanguage":"es","potentialAction":[{"@type":"ReadAction","target":["https:\/\/gandariaspain.com\/es\/sectores\/estructuras-y-revestimientos-quinta-metalica\/"]}]},{"@type":"BreadcrumbList","@id":"https:\/\/gandariaspain.com\/es\/sectores\/estructuras-y-revestimientos-quinta-metalica\/#breadcrumb","itemListElement":[{"@type":"ListItem","position":1,"name":"Sectores","item":"https:\/\/gandariaspain.com\/es\/sectores\/"},{"@type":"ListItem","position":2,"name":"Quinta Met\u00e1lica: Estructuras y revestimientos"}]},{"@type":"WebSite","@id":"https:\/\/gandariaspain.com\/es\/#website","url":"https:\/\/gandariaspain.com\/es\/","name":"Gandaria - Silos Spain","description":"Dep\u00f3sitos de agua y silos granja","potentialAction":[{"@type":"SearchAction","target":{"@type":"EntryPoint","urlTemplate":"https:\/\/gandariaspain.com\/es\/?s={search_term_string}"},"query-input":{"@type":"PropertyValueSpecification","valueRequired":true,"valueName":"search_term_string"}}],"inLanguage":"es"}]}},"_links":{"self":[{"href":"https:\/\/gandariaspain.com\/es\/wp-json\/wp\/v2\/pages\/3217","targetHints":{"allow":["GET"]}}],"collection":[{"href":"https:\/\/gandariaspain.com\/es\/wp-json\/wp\/v2\/pages"}],"about":[{"href":"https:\/\/gandariaspain.com\/es\/wp-json\/wp\/v2\/types\/page"}],"author":[{"embeddable":true,"href":"https:\/\/gandariaspain.com\/es\/wp-json\/wp\/v2\/users\/1"}],"replies":[{"embeddable":true,"href":"https:\/\/gandariaspain.com\/es\/wp-json\/wp\/v2\/comments?post=3217"}],"version-history":[{"count":7,"href":"https:\/\/gandariaspain.com\/es\/wp-json\/wp\/v2\/pages\/3217\/revisions"}],"predecessor-version":[{"id":3219,"href":"https:\/\/gandariaspain.com\/es\/wp-json\/wp\/v2\/pages\/3217\/revisions\/3219"}],"up":[{"embeddable":true,"href":"https:\/\/gandariaspain.com\/es\/wp-json\/wp\/v2\/pages\/159"}],"wp:attachment":[{"href":"https:\/\/gandariaspain.com\/es\/wp-json\/wp\/v2\/media?parent=3217"}],"curies":[{"name":"wp","href":"https:\/\/api.w.org\/{rel}","templated":true}]}}