{"id":2989,"date":"2017-04-02T11:38:52","date_gmt":"2017-04-02T09:38:52","guid":{"rendered":"https:\/\/gandariaspain.com\/?page_id=2989\/"},"modified":"2017-08-06T11:23:34","modified_gmt":"2017-08-06T09:23:34","slug":"accesorios","status":"publish","type":"page","link":"https:\/\/gandariaspain.com\/es\/productos\/silos\/accesorios\/","title":{"rendered":"Accesorios"},"content":{"rendered":"<p>[et_pb_section bb_built=\u00bb1&#8243; admin_label=\u00bbsection\u00bb transparent_background=\u00bboff\u00bb background_color=\u00bb#ffffff\u00bb allow_player_pause=\u00bboff\u00bb inner_shadow=\u00bboff\u00bb parallax=\u00bboff\u00bb parallax_method=\u00bboff\u00bb padding_mobile=\u00bboff\u00bb make_fullwidth=\u00bboff\u00bb use_custom_width=\u00bboff\u00bb width_unit=\u00bbon\u00bb make_equal=\u00bboff\u00bb use_custom_gutter=\u00bboff\u00bb module_class=\u00bbindentame\u00bb locked=\u00bbon\u00bb][et_pb_row admin_label=\u00bbrow\u00bb parent_locked=\u00bbon\u00bb background_position=\u00bbtop_left\u00bb background_repeat=\u00bbrepeat\u00bb background_size=\u00bbinitial\u00bb][et_pb_column type=\u00bb4_4&#8243;][et_pb_text admin_label=\u00bbNo tocar. Cabecera de nivel 1. SEO\u00bb background_layout=\u00bblight\u00bb text_orientation=\u00bbleft\u00bb use_border_color=\u00bboff\u00bb border_color=\u00bb#ffffff\u00bb border_style=\u00bbsolid\u00bb parent_locked=\u00bbon\u00bb background_position=\u00bbtop_left\u00bb background_repeat=\u00bbrepeat\u00bb background_size=\u00bbinitial\u00bb]<\/p>\n<h1>Gandaria Spain<\/h1>\n<p>[\/et_pb_text][\/et_pb_column][\/et_pb_row][\/et_pb_section][et_pb_section bb_built=\u00bb1&#8243; fullwidth=\u00bbon\u00bb specialty=\u00bboff\u00bb transparent_background=\u00bboff\u00bb background_color=\u00bb#ffffff\u00bb allow_player_pause=\u00bboff\u00bb inner_shadow=\u00bboff\u00bb parallax=\u00bboff\u00bb parallax_method=\u00bboff\u00bb padding_mobile=\u00bboff\u00bb make_fullwidth=\u00bboff\u00bb use_custom_width=\u00bboff\u00bb width_unit=\u00bbon\u00bb make_equal=\u00bboff\u00bb use_custom_gutter=\u00bboff\u00bb module_class=\u00bbslide-flota-izquierda\u00bb][et_pb_fullwidth_slider admin_label=\u00bbCabecera principal + CTA\u00bb show_arrows=\u00bbon\u00bb show_pagination=\u00bbon\u00bb auto=\u00bboff\u00bb auto_ignore_hover=\u00bboff\u00bb parallax=\u00bboff\u00bb parallax_method=\u00bboff\u00bb remove_inner_shadow=\u00bboff\u00bb background_position=\u00bbdefault\u00bb background_size=\u00bbdefault\u00bb hide_content_on_mobile=\u00bboff\u00bb hide_cta_on_mobile=\u00bboff\u00bb show_image_video_mobile=\u00bboff\u00bb custom_button=\u00bboff\u00bb button_letter_spacing=\u00bb0&#8243; button_use_icon=\u00bbdefault\u00bb button_icon_placement=\u00bbright\u00bb button_on_hover=\u00bbon\u00bb button_letter_spacing_hover=\u00bb0&#8243; disabled_on=\u00bboff|off|off\u00bb disabled=\u00bboff\u00bb]<\/p>\n<p>[et_pb_slide heading=\u00bbAccesorios de los Silos met\u00e1licos\u00bb button_text=\u00bbPida presupuesto sin compromiso\u00bb button_link=\u00bb\/es\/presupuesto\/\u00bb background_image=\u00bbhttps:\/\/gandariaspain.com\/wp-content\/uploads\/2017\/04\/ACCESORIOS_SLIDER.jpg\u00bb background_position=\u00bbdefault\u00bb background_size=\u00bbdefault\u00bb background_color=\u00bb#ffffff\u00bb use_bg_overlay=\u00bboff\u00bb use_text_overlay=\u00bboff\u00bb alignment=\u00bbcenter\u00bb background_layout=\u00bbdark\u00bb allow_player_pause=\u00bboff\u00bb text_border_radius=\u00bb3&#8243; header_font_select=\u00bbdefault\u00bb header_font=\u00bb||||\u00bb body_font_select=\u00bbdefault\u00bb body_font=\u00bb||||\u00bb custom_button=\u00bboff\u00bb button_font_select=\u00bbdefault\u00bb button_font=\u00bb||||\u00bb button_use_icon=\u00bbdefault\u00bb button_icon_placement=\u00bbright\u00bb button_on_hover=\u00bbon\u00bb admin_title=\u00bbAcesorios \u00bb \/]<\/p>\n<p>[\/et_pb_fullwidth_slider][\/et_pb_section][et_pb_section bb_built=\u00bb1&#8243; admin_label=\u00bbPrincipales caracter\u00edsticas\u00bb fullwidth=\u00bboff\u00bb specialty=\u00bboff\u00bb transparent_background=\u00bbon\u00bb background_color=\u00bb#3a4149&#8243; allow_player_pause=\u00bboff\u00bb inner_shadow=\u00bboff\u00bb parallax=\u00bboff\u00bb parallax_method=\u00bboff\u00bb padding_mobile=\u00bboff\u00bb make_fullwidth=\u00bboff\u00bb use_custom_width=\u00bboff\u00bb width_unit=\u00bbon\u00bb make_equal=\u00bboff\u00bb use_custom_gutter=\u00bboff\u00bb][et_pb_row make_fullwidth=\u00bbon\u00bb use_custom_width=\u00bboff\u00bb width_unit=\u00bbon\u00bb use_custom_gutter=\u00bboff\u00bb padding_mobile=\u00bboff\u00bb allow_player_pause=\u00bboff\u00bb parallax=\u00bboff\u00bb parallax_method=\u00bboff\u00bb make_equal=\u00bboff\u00bb parallax_1=\u00bboff\u00bb parallax_method_1=\u00bboff\u00bb parallax_2=\u00bboff\u00bb parallax_method_2=\u00bboff\u00bb column_padding_mobile=\u00bbon\u00bb background_position=\u00bbtop_left\u00bb background_repeat=\u00bbrepeat\u00bb background_size=\u00bbinitial\u00bb][et_pb_column type=\u00bb1_2&#8243;][et_pb_blurb admin_label=\u00bbElemento 1 listado\u00bb url_new_window=\u00bboff\u00bb use_icon=\u00bboff\u00bb font_icon=\u00bb3&#8243; icon_color=\u00bb#ffffff\u00bb use_circle=\u00bboff\u00bb circle_color=\u00bb#417764&#8243; use_circle_border=\u00bbon\u00bb circle_border_color=\u00bb#417764&#8243; icon_placement=\u00bbleft\u00bb animation=\u00bboff\u00bb background_layout=\u00bblight\u00bb text_orientation=\u00bbleft\u00bb use_icon_font_size=\u00bbon\u00bb use_border_color=\u00bboff\u00bb border_color=\u00bb#ffffff\u00bb border_style=\u00bbsolid\u00bb icon_font_size=\u00bb21px\u00bb background_position=\u00bbtop_left\u00bb background_repeat=\u00bbrepeat\u00bb background_size=\u00bbinitial\u00bb]<\/p>\n<h3>Tobog\u00e1n<\/h3>\n<p>Es un conducto interior situado en la pared del silo que posibilita que en la carga (del silo) el producto se deslice de una forma homog\u00e9nea, evitando as\u00ed su rotura.<\/p>\n<p>[\/et_pb_blurb][et_pb_image admin_label=\u00bbImagen 1&#8243; src=\u00bbhttps:\/\/gandariaspain.com\/wp-content\/uploads\/2017\/04\/tobogan.jpg\u00bb show_in_lightbox=\u00bboff\u00bb url_new_window=\u00bboff\u00bb use_overlay=\u00bboff\u00bb animation=\u00bbleft\u00bb sticky=\u00bboff\u00bb align=\u00bbleft\u00bb force_fullwidth=\u00bboff\u00bb always_center_on_mobile=\u00bbon\u00bb use_border_color=\u00bboff\u00bb border_color=\u00bb#ffffff\u00bb border_style=\u00bbsolid\u00bb \/][et_pb_blurb admin_label=\u00bbElemento 3 listado Sistemas de termometr\u00eda\u00bb url_new_window=\u00bboff\u00bb use_icon=\u00bboff\u00bb font_icon=\u00bb3&#8243; icon_color=\u00bb#ffffff\u00bb use_circle=\u00bbon\u00bb circle_color=\u00bb#417764&#8243; use_circle_border=\u00bbon\u00bb circle_border_color=\u00bb#417764&#8243; icon_placement=\u00bbleft\u00bb animation=\u00bboff\u00bb background_layout=\u00bblight\u00bb text_orientation=\u00bbleft\u00bb use_icon_font_size=\u00bbon\u00bb use_border_color=\u00bboff\u00bb border_color=\u00bb#ffffff\u00bb border_style=\u00bbsolid\u00bb icon_font_size=\u00bb21px\u00bb disabled_on=\u00bboff|off|off\u00bb disabled=\u00bboff\u00bb locked=\u00bboff\u00bb background_position=\u00bbtop_left\u00bb background_repeat=\u00bbrepeat\u00bb background_size=\u00bbinitial\u00bb _builder_version=\u00bb3.0.66&#8243;]<\/p>\n<h3>Sistemas de termometr\u00eda<\/h3>\n<p>Gandaria ofrece un sistema de medici\u00f3n, monitorizaci\u00f3n y control de la temperatura y humedad del cereal en el interior del silo.<\/p>\n<p>Este sistema incluye los soportes para las diferentes sondas adaptados a la estructura de nuestros techos.<\/p>\n<p>[\/et_pb_blurb][et_pb_image admin_label=\u00bbImagen 3&#8243; src=\u00bbhttps:\/\/gandariaspain.com\/wp-content\/uploads\/2017\/04\/sistema-de-termometria-1.jpg\u00bb show_in_lightbox=\u00bboff\u00bb url_new_window=\u00bboff\u00bb use_overlay=\u00bboff\u00bb sticky=\u00bboff\u00bb align=\u00bbleft\u00bb force_fullwidth=\u00bboff\u00bb always_center_on_mobile=\u00bbon\u00bb border_style=\u00bbsolid\u00bb _builder_version=\u00bb3.0.66&#8243; \/][et_pb_blurb admin_label=\u00bbElemento 5 listado\u00bb url_new_window=\u00bboff\u00bb use_icon=\u00bboff\u00bb font_icon=\u00bb3&#8243; icon_color=\u00bb#ffffff\u00bb use_circle=\u00bbon\u00bb circle_color=\u00bb#417764&#8243; use_circle_border=\u00bbon\u00bb circle_border_color=\u00bb#417764&#8243; icon_placement=\u00bbleft\u00bb animation=\u00bboff\u00bb background_layout=\u00bblight\u00bb text_orientation=\u00bbleft\u00bb use_icon_font_size=\u00bbon\u00bb use_border_color=\u00bboff\u00bb border_color=\u00bb#ffffff\u00bb border_style=\u00bbsolid\u00bb icon_font_size=\u00bb21px\u00bb disabled_on=\u00bboff|off|off\u00bb disabled=\u00bboff\u00bb background_position=\u00bbtop_left\u00bb background_repeat=\u00bbrepeat\u00bb background_size=\u00bbinitial\u00bb]<\/p>\n<h3>Barandilla perimetral<\/h3>\n<p>La barandilla perimetral es una estructura de mejora de seguridad para labores de mantenimiento en el techo del silo.<\/p>\n<p>[\/et_pb_blurb][et_pb_image admin_label=\u00bbImagen 5&#8243; src=\u00bbhttps:\/\/gandariaspain.com\/wp-content\/uploads\/2017\/04\/Barandillaperimetraldetalle.jpg\u00bb show_in_lightbox=\u00bboff\u00bb url_new_window=\u00bboff\u00bb use_overlay=\u00bboff\u00bb sticky=\u00bboff\u00bb align=\u00bbleft\u00bb force_fullwidth=\u00bboff\u00bb always_center_on_mobile=\u00bbon\u00bb border_style=\u00bbsolid\u00bb _builder_version=\u00bb3.0.66&#8243; \/][et_pb_blurb admin_label=\u00bbElemento 7 listado\u00bb url_new_window=\u00bboff\u00bb use_icon=\u00bboff\u00bb font_icon=\u00bb3&#8243; icon_color=\u00bb#ffffff\u00bb use_circle=\u00bbon\u00bb circle_color=\u00bb#417764&#8243; use_circle_border=\u00bbon\u00bb circle_border_color=\u00bb#417764&#8243; icon_placement=\u00bbleft\u00bb animation=\u00bboff\u00bb background_layout=\u00bblight\u00bb text_orientation=\u00bbleft\u00bb use_icon_font_size=\u00bbon\u00bb use_border_color=\u00bboff\u00bb border_color=\u00bb#ffffff\u00bb border_style=\u00bbsolid\u00bb icon_font_size=\u00bb21px\u00bb disabled_on=\u00bboff|off|off\u00bb disabled=\u00bboff\u00bb background_position=\u00bbtop_left\u00bb background_repeat=\u00bbrepeat\u00bb background_size=\u00bbinitial\u00bb]<\/p>\n<h3>Ventilaci\u00f3n<\/h3>\n<p>Para un buen acondicionamiento y conservaci\u00f3n del grano, entre otros aspectos, aplicamos un sistema de ventilaci\u00f3n para silos de todas las capacidades, as\u00ed como para variedad de productos.<\/p>\n<p>Tras un estudio t\u00e9cnico de la instalaci\u00f3n y considerando el tipo de grano, las condiciones ambientales, la capacidad del silo y sus dimensiones, se determina el sistema de ventilaci\u00f3n necesario para cada instalaci\u00f3n.<\/p>\n<ul>\n<li>Extractores: Los extractores son un complemento de la ventilaci\u00f3n para ambientes tropicales o productos propicios a la condensaci\u00f3n. Disponemos de ventiladores axiales equipados con h\u00e9lice de pl\u00e1stico o de aluminio, incluyendo sus soportes espec\u00edficos para cada tipo de extractor.<\/li>\n<\/ul>\n<ul>\n<li>Turbinas: Tras un estudio t\u00e9cnico de la instalaci\u00f3n basado en el caudal de aire y presi\u00f3n requerida, y considerando el tipo de grano, las condiciones ambientales, el volumen y dimensiones del silo, se determina el ventilador necesario pudiendo ser de media o alta presi\u00f3n.<\/li>\n<\/ul>\n<ul>\n<li>Sistemas de enfriado de grano: Se recomienda especialmente el uso de sistemas de enfriado de grano y deshumificaci\u00f3n del aire para instalaciones en pa\u00edses con clima tropical, por los altos \u00edndices de humedad y la temperatura media anual, as\u00ed como para instalaciones cuyos periodos de almacenamiento son largos.<\/li>\n<\/ul>\n<p>[\/et_pb_blurb][et_pb_image admin_label=\u00bbImagen 7&#8243; src=\u00bbhttps:\/\/gandariaspain.com\/wp-content\/uploads\/2017\/04\/extrator-techo.jpg\u00bb show_in_lightbox=\u00bboff\u00bb url_new_window=\u00bboff\u00bb use_overlay=\u00bboff\u00bb animation=\u00bbleft\u00bb sticky=\u00bboff\u00bb align=\u00bbleft\u00bb force_fullwidth=\u00bboff\u00bb always_center_on_mobile=\u00bbon\u00bb use_border_color=\u00bboff\u00bb border_color=\u00bb#ffffff\u00bb border_style=\u00bbsolid\u00bb \/][\/et_pb_column][et_pb_column type=\u00bb1_2&#8243;][et_pb_blurb admin_label=\u00bbElemento 2 listado \u00bb url_new_window=\u00bboff\u00bb use_icon=\u00bboff\u00bb font_icon=\u00bb3&#8243; icon_color=\u00bb#ffffff\u00bb use_circle=\u00bboff\u00bb circle_color=\u00bb#417764&#8243; use_circle_border=\u00bbon\u00bb circle_border_color=\u00bb#417764&#8243; icon_placement=\u00bbleft\u00bb animation=\u00bboff\u00bb background_layout=\u00bblight\u00bb text_orientation=\u00bbleft\u00bb use_icon_font_size=\u00bbon\u00bb use_border_color=\u00bboff\u00bb border_color=\u00bb#ffffff\u00bb border_style=\u00bbsolid\u00bb icon_font_size=\u00bb21px\u00bb background_position=\u00bbtop_left\u00bb background_repeat=\u00bbrepeat\u00bb background_size=\u00bbinitial\u00bb]<\/p>\n<h3>Detectores de nivel<\/h3>\n<p>Ofrecemos instrumentos capaces de medir el nivel de producto en puntos fijos o de forma continua.<\/p>\n<p>Fabricamos los soportes para las diferentes opciones como un sistema completamente integrado en el silo.<\/p>\n<p><strong>Las dimensiones de la boca de salida del silo<\/strong> var\u00edan entre <strong>\u00d8270 mm a \u00d81200 mm<\/strong>, complet\u00e1ndose con una amplia gama de accesorios para ajustar las dimensiones de salida a sus necesidades.<\/p>\n<p>La altura libre entre la descarga del silo y el suelo puede ser de 1 o 1.5 m, en funci\u00f3n de lo que cada instalaci\u00f3n requiera, pudi\u00e9ndose particularizar esta altura seg\u00fan demanda.<\/p>\n<p>[\/et_pb_blurb][et_pb_image admin_label=\u00bbImagen 2&#8243; src=\u00bbhttps:\/\/gandariaspain.com\/wp-content\/uploads\/2017\/04\/detector-de-nivel.jpg\u00bb show_in_lightbox=\u00bboff\u00bb url_new_window=\u00bboff\u00bb use_overlay=\u00bboff\u00bb animation=\u00bbleft\u00bb sticky=\u00bboff\u00bb align=\u00bbleft\u00bb force_fullwidth=\u00bboff\u00bb always_center_on_mobile=\u00bbon\u00bb use_border_color=\u00bboff\u00bb border_color=\u00bb#ffffff\u00bb border_style=\u00bbsolid\u00bb \/][et_pb_blurb admin_label=\u00bbElemento 4 listado \u00bb url_new_window=\u00bboff\u00bb use_icon=\u00bboff\u00bb font_icon=\u00bb3&#8243; icon_color=\u00bb#ffffff\u00bb use_circle=\u00bboff\u00bb circle_color=\u00bb#417764&#8243; use_circle_border=\u00bbon\u00bb circle_border_color=\u00bb#417764&#8243; icon_placement=\u00bbleft\u00bb animation=\u00bboff\u00bb background_layout=\u00bblight\u00bb text_orientation=\u00bbleft\u00bb use_icon_font_size=\u00bbon\u00bb use_border_color=\u00bboff\u00bb border_color=\u00bb#ffffff\u00bb border_style=\u00bbsolid\u00bb icon_font_size=\u00bb21px\u00bb disabled_on=\u00bboff|off|off\u00bb disabled=\u00bboff\u00bb background_position=\u00bbtop_left\u00bb background_repeat=\u00bbrepeat\u00bb background_size=\u00bbinitial\u00bb]<\/p>\n<h3>Sistemas de fumigaci\u00f3n<\/h3>\n<p>Nuestra ingenier\u00eda ha desarrollado un sistema de cerramiento de chimeneas de ventilaci\u00f3n de forma neum\u00e1tica que optimiza las condiciones del silo para su fumigaci\u00f3n.<\/p>\n<p>[\/et_pb_blurb][et_pb_image admin_label=\u00bbImagen 4&#8243; src=\u00bbhttps:\/\/gandariaspain.com\/wp-content\/uploads\/2017\/04\/sistema-fumigacion.jpg\u00bb show_in_lightbox=\u00bboff\u00bb url_new_window=\u00bboff\u00bb use_overlay=\u00bboff\u00bb animation=\u00bbleft\u00bb sticky=\u00bboff\u00bb align=\u00bbleft\u00bb force_fullwidth=\u00bboff\u00bb always_center_on_mobile=\u00bbon\u00bb use_border_color=\u00bboff\u00bb border_color=\u00bb#ffffff\u00bb border_style=\u00bbsolid\u00bb \/][et_pb_blurb admin_label=\u00bbElemento 6 listado Aislamiento\u00bb url_new_window=\u00bboff\u00bb use_icon=\u00bboff\u00bb font_icon=\u00bb3&#8243; icon_color=\u00bb#ffffff\u00bb use_circle=\u00bboff\u00bb circle_color=\u00bb#417764&#8243; use_circle_border=\u00bbon\u00bb circle_border_color=\u00bb#417764&#8243; icon_placement=\u00bbleft\u00bb animation=\u00bboff\u00bb background_layout=\u00bblight\u00bb text_orientation=\u00bbleft\u00bb use_icon_font_size=\u00bbon\u00bb use_border_color=\u00bboff\u00bb border_color=\u00bb#ffffff\u00bb border_style=\u00bbsolid\u00bb icon_font_size=\u00bb21px\u00bb disabled_on=\u00bboff|off|off\u00bb disabled=\u00bboff\u00bb background_position=\u00bbtop_left\u00bb background_repeat=\u00bbrepeat\u00bb background_size=\u00bbinitial\u00bb _builder_version=\u00bb3.0.66&#8243;]<\/p>\n<h3>Aislamiento<\/h3>\n<p>Para mejorar la conservaci\u00f3n del producto ensilado ofrecemos un sistema de aislamiento del silo, conveniente para productos que cambian f\u00e1cilmente su composici\u00f3n qu\u00edmica (como el arroz procesado o el ma\u00edz blanco, o en pa\u00edses con climas c\u00e1lidos).<\/p>\n<p>Al alcanzar temperaturas extremas en el interior del silo y bajar con rapidez la temperatura nocturna el silo se enfr\u00eda bruscamente, lo cual genera una condensaci\u00f3n interior que puede deteriorar la calidad del producto o del acero.<\/p>\n<ul>\n<li>Aislamiento con chapa doble: Ya sea en techo, virolas o cono (si son elevados). La chapa exterior puede ser prelacada, preferiblemente en blanco.<\/li>\n<li>Chapa doble m\u00e1s material de aislamiento: Se le a\u00f1ade el material de aislamiento entre chapas. Los materiales m\u00e1s comunes son la espuma de poliuretano y la lana de fibra de vidrio.<\/li>\n<\/ul>\n<p>[\/et_pb_blurb][et_pb_image admin_label=\u00bbImagen 6&#8243; src=\u00bbhttps:\/\/gandariaspain.com\/wp-content\/uploads\/2017\/04\/AislamientoLacado.jpg\u00bb show_in_lightbox=\u00bboff\u00bb url_new_window=\u00bboff\u00bb use_overlay=\u00bboff\u00bb sticky=\u00bboff\u00bb align=\u00bbleft\u00bb force_fullwidth=\u00bboff\u00bb always_center_on_mobile=\u00bbon\u00bb border_style=\u00bbsolid\u00bb _builder_version=\u00bb3.0.66&#8243; \/][et_pb_image admin_label=\u00bbImagen 6&#8243; src=\u00bbhttps:\/\/gandariaspain.com\/wp-content\/uploads\/2017\/04\/aislamiento-2.jpg\u00bb show_in_lightbox=\u00bboff\u00bb url_new_window=\u00bboff\u00bb use_overlay=\u00bboff\u00bb sticky=\u00bboff\u00bb align=\u00bbleft\u00bb force_fullwidth=\u00bboff\u00bb always_center_on_mobile=\u00bbon\u00bb border_style=\u00bbsolid\u00bb _builder_version=\u00bb3.0.66&#8243; \/][\/et_pb_column][\/et_pb_row][\/et_pb_section][et_pb_section bb_built=\u00bb1&#8243; fullwidth=\u00bboff\u00bb specialty=\u00bboff\u00bb transparent_background=\u00bbon\u00bb background_color=\u00bb#025e32&#8243; allow_player_pause=\u00bboff\u00bb inner_shadow=\u00bboff\u00bb parallax=\u00bboff\u00bb parallax_method=\u00bboff\u00bb padding_mobile=\u00bboff\u00bb make_fullwidth=\u00bboff\u00bb use_custom_width=\u00bboff\u00bb width_unit=\u00bbon\u00bb make_equal=\u00bboff\u00bb use_custom_gutter=\u00bboff\u00bb module_class=\u00bbseccion_horitzontal_cta\u00bb global_module=\u00bb687&#8243;][et_pb_row global_parent=\u00bb687&#8243; make_fullwidth=\u00bboff\u00bb use_custom_width=\u00bboff\u00bb width_unit=\u00bbon\u00bb use_custom_gutter=\u00bboff\u00bb padding_mobile=\u00bboff\u00bb allow_player_pause=\u00bboff\u00bb parallax=\u00bboff\u00bb parallax_method=\u00bboff\u00bb make_equal=\u00bboff\u00bb parallax_1=\u00bboff\u00bb parallax_method_1=\u00bboff\u00bb column_padding_mobile=\u00bbon\u00bb parallax_2=\u00bboff\u00bb parallax_method_2=\u00bboff\u00bb background_position=\u00bbtop_left\u00bb background_repeat=\u00bbrepeat\u00bb background_size=\u00bbinitial\u00bb][et_pb_column type=\u00bb4_4&#8243;][et_pb_cta admin_label=\u00bbCTA Horitzontal Pida presupuesto (1\/1)\u00bb global_parent=\u00bb687&#8243; title=\u00bb\u00bfNecesita m\u00e1s informaci\u00f3n?\u00bb button_url=\u00bb\/es\/presupuesto\u00bb url_new_window=\u00bboff\u00bb button_text=\u00bbPida presupuesto sin compromiso\u00bb use_background_color=\u00bboff\u00bb background_color=\u00bb#7EBEC5&#8243; background_layout=\u00bbdark\u00bb text_orientation=\u00bbleft\u00bb use_border_color=\u00bboff\u00bb border_color=\u00bb#ffffff\u00bb border_style=\u00bbsolid\u00bb custom_button=\u00bboff\u00bb button_letter_spacing=\u00bb0&#8243; button_use_icon=\u00bbdefault\u00bb button_icon_placement=\u00bbright\u00bb button_on_hover=\u00bbon\u00bb button_letter_spacing_hover=\u00bb0&#8243; background_position=\u00bbtop_left\u00bb background_repeat=\u00bbrepeat\u00bb background_size=\u00bbinitial\u00bb \/][\/et_pb_column][\/et_pb_row][\/et_pb_section]<\/p>\n<span class=\"et_bloom_bottom_trigger\"><\/span>","protected":false},"excerpt":{"rendered":"<p>Gandaria Spain Tobog\u00e1n Es un conducto interior situado en la [&hellip;]<\/p>\n","protected":false},"author":1,"featured_media":0,"parent":57,"menu_order":0,"comment_status":"closed","ping_status":"closed","template":"","meta":{"_et_pb_use_builder":"on","_et_pb_old_content":"","_et_gb_content_width":"","_mbp_gutenberg_autopost":false,"footnotes":""},"class_list":["post-2989","page","type-page","status-publish","hentry"],"yoast_head":"<!-- This site is optimized with the Yoast SEO plugin v27.3 - https:\/\/yoast.com\/product\/yoast-seo-wordpress\/ -->\n<title>Accesorios - Gandaria - Silos Spain<\/title>\n<meta name=\"robots\" content=\"index, follow, max-snippet:-1, max-image-preview:large, max-video-preview:-1\" \/>\n<link rel=\"canonical\" href=\"https:\/\/gandariaspain.com\/es\/productos\/silos\/accesorios\/\" \/>\n<meta property=\"og:locale\" content=\"es_ES\" \/>\n<meta property=\"og:type\" content=\"article\" \/>\n<meta property=\"og:title\" content=\"Accesorios - Gandaria - Silos Spain\" \/>\n<meta property=\"og:description\" content=\"Gandaria Spain Tobog\u00e1n Es un conducto interior situado en la [&hellip;]\" \/>\n<meta property=\"og:url\" content=\"https:\/\/gandariaspain.com\/es\/productos\/silos\/accesorios\/\" \/>\n<meta property=\"og:site_name\" content=\"Gandaria - Silos Spain\" \/>\n<meta property=\"article:modified_time\" content=\"2017-08-06T09:23:34+00:00\" \/>\n<meta name=\"twitter:card\" content=\"summary_large_image\" \/>\n<meta name=\"twitter:label1\" content=\"Tiempo de lectura\" \/>\n\t<meta name=\"twitter:data1\" content=\"11 minutos\" \/>\n<script type=\"application\/ld+json\" class=\"yoast-schema-graph\">{\"@context\":\"https:\\\/\\\/schema.org\",\"@graph\":[{\"@type\":\"WebPage\",\"@id\":\"https:\\\/\\\/gandariaspain.com\\\/es\\\/productos\\\/silos\\\/accesorios\\\/\",\"url\":\"https:\\\/\\\/gandariaspain.com\\\/es\\\/productos\\\/silos\\\/accesorios\\\/\",\"name\":\"Accesorios - Gandaria - Silos Spain\",\"isPartOf\":{\"@id\":\"https:\\\/\\\/gandariaspain.com\\\/es\\\/#website\"},\"datePublished\":\"2017-04-02T09:38:52+00:00\",\"dateModified\":\"2017-08-06T09:23:34+00:00\",\"breadcrumb\":{\"@id\":\"https:\\\/\\\/gandariaspain.com\\\/es\\\/productos\\\/silos\\\/accesorios\\\/#breadcrumb\"},\"inLanguage\":\"es\",\"potentialAction\":[{\"@type\":\"ReadAction\",\"target\":[\"https:\\\/\\\/gandariaspain.com\\\/es\\\/productos\\\/silos\\\/accesorios\\\/\"]}]},{\"@type\":\"BreadcrumbList\",\"@id\":\"https:\\\/\\\/gandariaspain.com\\\/es\\\/productos\\\/silos\\\/accesorios\\\/#breadcrumb\",\"itemListElement\":[{\"@type\":\"ListItem\",\"position\":1,\"name\":\"Productos\",\"item\":\"https:\\\/\\\/gandariaspain.com\\\/es\\\/productos\\\/\"},{\"@type\":\"ListItem\",\"position\":2,\"name\":\"Silos met\u00e1licos para almacenaje de grano\",\"item\":\"https:\\\/\\\/gandariaspain.com\\\/es\\\/productos\\\/silos\\\/\"},{\"@type\":\"ListItem\",\"position\":3,\"name\":\"Accesorios\"}]},{\"@type\":\"WebSite\",\"@id\":\"https:\\\/\\\/gandariaspain.com\\\/es\\\/#website\",\"url\":\"https:\\\/\\\/gandariaspain.com\\\/es\\\/\",\"name\":\"Gandaria - Silos Spain\",\"description\":\"Dep\u00f3sitos de agua y silos granja\",\"potentialAction\":[{\"@type\":\"SearchAction\",\"target\":{\"@type\":\"EntryPoint\",\"urlTemplate\":\"https:\\\/\\\/gandariaspain.com\\\/es\\\/?s={search_term_string}\"},\"query-input\":{\"@type\":\"PropertyValueSpecification\",\"valueRequired\":true,\"valueName\":\"search_term_string\"}}],\"inLanguage\":\"es\"}]}<\/script>\n<!-- \/ Yoast SEO plugin. -->","yoast_head_json":{"title":"Accesorios - Gandaria - Silos Spain","robots":{"index":"index","follow":"follow","max-snippet":"max-snippet:-1","max-image-preview":"max-image-preview:large","max-video-preview":"max-video-preview:-1"},"canonical":"https:\/\/gandariaspain.com\/es\/productos\/silos\/accesorios\/","og_locale":"es_ES","og_type":"article","og_title":"Accesorios - Gandaria - Silos Spain","og_description":"Gandaria Spain Tobog\u00e1n Es un conducto interior situado en la [&hellip;]","og_url":"https:\/\/gandariaspain.com\/es\/productos\/silos\/accesorios\/","og_site_name":"Gandaria - Silos Spain","article_modified_time":"2017-08-06T09:23:34+00:00","twitter_card":"summary_large_image","twitter_misc":{"Tiempo de lectura":"11 minutos"},"schema":{"@context":"https:\/\/schema.org","@graph":[{"@type":"WebPage","@id":"https:\/\/gandariaspain.com\/es\/productos\/silos\/accesorios\/","url":"https:\/\/gandariaspain.com\/es\/productos\/silos\/accesorios\/","name":"Accesorios - Gandaria - Silos Spain","isPartOf":{"@id":"https:\/\/gandariaspain.com\/es\/#website"},"datePublished":"2017-04-02T09:38:52+00:00","dateModified":"2017-08-06T09:23:34+00:00","breadcrumb":{"@id":"https:\/\/gandariaspain.com\/es\/productos\/silos\/accesorios\/#breadcrumb"},"inLanguage":"es","potentialAction":[{"@type":"ReadAction","target":["https:\/\/gandariaspain.com\/es\/productos\/silos\/accesorios\/"]}]},{"@type":"BreadcrumbList","@id":"https:\/\/gandariaspain.com\/es\/productos\/silos\/accesorios\/#breadcrumb","itemListElement":[{"@type":"ListItem","position":1,"name":"Productos","item":"https:\/\/gandariaspain.com\/es\/productos\/"},{"@type":"ListItem","position":2,"name":"Silos met\u00e1licos para almacenaje de grano","item":"https:\/\/gandariaspain.com\/es\/productos\/silos\/"},{"@type":"ListItem","position":3,"name":"Accesorios"}]},{"@type":"WebSite","@id":"https:\/\/gandariaspain.com\/es\/#website","url":"https:\/\/gandariaspain.com\/es\/","name":"Gandaria - Silos Spain","description":"Dep\u00f3sitos de agua y silos granja","potentialAction":[{"@type":"SearchAction","target":{"@type":"EntryPoint","urlTemplate":"https:\/\/gandariaspain.com\/es\/?s={search_term_string}"},"query-input":{"@type":"PropertyValueSpecification","valueRequired":true,"valueName":"search_term_string"}}],"inLanguage":"es"}]}},"_links":{"self":[{"href":"https:\/\/gandariaspain.com\/es\/wp-json\/wp\/v2\/pages\/2989","targetHints":{"allow":["GET"]}}],"collection":[{"href":"https:\/\/gandariaspain.com\/es\/wp-json\/wp\/v2\/pages"}],"about":[{"href":"https:\/\/gandariaspain.com\/es\/wp-json\/wp\/v2\/types\/page"}],"author":[{"embeddable":true,"href":"https:\/\/gandariaspain.com\/es\/wp-json\/wp\/v2\/users\/1"}],"replies":[{"embeddable":true,"href":"https:\/\/gandariaspain.com\/es\/wp-json\/wp\/v2\/comments?post=2989"}],"version-history":[{"count":25,"href":"https:\/\/gandariaspain.com\/es\/wp-json\/wp\/v2\/pages\/2989\/revisions"}],"predecessor-version":[{"id":29305,"href":"https:\/\/gandariaspain.com\/es\/wp-json\/wp\/v2\/pages\/2989\/revisions\/29305"}],"up":[{"embeddable":true,"href":"https:\/\/gandariaspain.com\/es\/wp-json\/wp\/v2\/pages\/57"}],"wp:attachment":[{"href":"https:\/\/gandariaspain.com\/es\/wp-json\/wp\/v2\/media?parent=2989"}],"curies":[{"name":"wp","href":"https:\/\/api.w.org\/{rel}","templated":true}]}}