{"id":155,"date":"2016-09-05T10:55:10","date_gmt":"2016-09-05T10:55:10","guid":{"rendered":"http:\/\/gandariaspain.com\/?page_id=155"},"modified":"2017-08-14T09:31:51","modified_gmt":"2017-08-14T07:31:51","slug":"proyectos-llave-en-mano","status":"publish","type":"page","link":"https:\/\/gandariaspain.com\/es\/productos\/proyectos-llave-en-mano\/","title":{"rendered":"Proyectos llave en mano"},"content":{"rendered":"<p>[et_pb_section bb_built=\u00bb1&#8243; admin_label=\u00bbsection\u00bb transparent_background=\u00bboff\u00bb background_color=\u00bb#ffffff\u00bb allow_player_pause=\u00bboff\u00bb inner_shadow=\u00bboff\u00bb parallax=\u00bboff\u00bb parallax_method=\u00bboff\u00bb padding_mobile=\u00bboff\u00bb make_fullwidth=\u00bboff\u00bb use_custom_width=\u00bboff\u00bb width_unit=\u00bbon\u00bb make_equal=\u00bboff\u00bb use_custom_gutter=\u00bboff\u00bb module_class=\u00bbindentame\u00bb locked=\u00bbon\u00bb][et_pb_row admin_label=\u00bbrow\u00bb parent_locked=\u00bbon\u00bb background_position=\u00bbtop_left\u00bb background_repeat=\u00bbrepeat\u00bb background_size=\u00bbinitial\u00bb][et_pb_column type=\u00bb4_4&#8243;][et_pb_text admin_label=\u00bbNo tocar. Cabecera de nivel 1. SEO\u00bb background_layout=\u00bblight\u00bb text_orientation=\u00bbleft\u00bb use_border_color=\u00bboff\u00bb border_color=\u00bb#ffffff\u00bb border_style=\u00bbsolid\u00bb parent_locked=\u00bbon\u00bb background_position=\u00bbtop_left\u00bb background_repeat=\u00bbrepeat\u00bb background_size=\u00bbinitial\u00bb]<\/p>\n<h1>Gandaria Spain<\/h1>\n<p>[\/et_pb_text][\/et_pb_column][\/et_pb_row][\/et_pb_section][et_pb_section bb_built=\u00bb1&#8243; fullwidth=\u00bbon\u00bb specialty=\u00bboff\u00bb transparent_background=\u00bboff\u00bb background_color=\u00bb#ffffff\u00bb allow_player_pause=\u00bboff\u00bb inner_shadow=\u00bboff\u00bb parallax=\u00bboff\u00bb parallax_method=\u00bboff\u00bb padding_mobile=\u00bboff\u00bb make_fullwidth=\u00bboff\u00bb use_custom_width=\u00bboff\u00bb width_unit=\u00bbon\u00bb make_equal=\u00bboff\u00bb use_custom_gutter=\u00bboff\u00bb module_class=\u00bbslide-flota-izquierda\u00bb][et_pb_fullwidth_slider admin_label=\u00bbProyectos llave en mano\u00bb show_arrows=\u00bbon\u00bb show_pagination=\u00bbon\u00bb auto=\u00bboff\u00bb auto_ignore_hover=\u00bboff\u00bb parallax=\u00bboff\u00bb parallax_method=\u00bboff\u00bb remove_inner_shadow=\u00bboff\u00bb background_position=\u00bbtop_left\u00bb hide_content_on_mobile=\u00bboff\u00bb hide_cta_on_mobile=\u00bboff\u00bb show_image_video_mobile=\u00bboff\u00bb custom_button=\u00bboff\u00bb button_letter_spacing=\u00bb0&#8243; button_icon_placement=\u00bbright\u00bb button_letter_spacing_hover=\u00bb0&#8243; disabled_on=\u00bboff|off|off\u00bb disabled=\u00bboff\u00bb _builder_version=\u00bb3.0.60&#8243;] [et_pb_slide heading=\u00bbProyectos llave en mano\u00bb background_image=\u00bbhttps:\/\/gandariaspain.com\/wp-content\/uploads\/2016\/09\/Proyectos-llave-en-mano_SLIDER.jpg\u00bb background_position=\u00bbtop_left\u00bb background_size=\u00bbcover\u00bb background_color=\u00bb#ffffff\u00bb use_bg_overlay=\u00bboff\u00bb use_text_overlay=\u00bboff\u00bb alignment=\u00bbcenter\u00bb background_layout=\u00bbdark\u00bb allow_player_pause=\u00bboff\u00bb text_border_radius=\u00bb3&#8243; header_font_select=\u00bbdefault\u00bb header_font=\u00bb||||\u00bb body_font_select=\u00bbdefault\u00bb body_font=\u00bb||||\u00bb custom_button=\u00bboff\u00bb button_font_select=\u00bbdefault\u00bb button_font=\u00bb||||\u00bb button_use_icon=\u00bbdefault\u00bb button_icon_placement=\u00bbright\u00bb button_on_hover=\u00bbon\u00bb admin_title=\u00bbProyectos llave en mano\u00bb use_background_color_gradient=\u00bboff\u00bb background_color_gradient_start=\u00bb#2b87da\u00bb background_color_gradient_end=\u00bb#29c4a9&#8243; background_color_gradient_type=\u00bblinear\u00bb background_color_gradient_direction=\u00bb180deg\u00bb background_color_gradient_direction_radial=\u00bbcenter\u00bb background_color_gradient_start_position=\u00bb0%\u00bb background_color_gradient_end_position=\u00bb100%\u00bb parallax=\u00bboff\u00bb parallax_method=\u00bboff\u00bb background_repeat=\u00bbno-repeat\u00bb background_blend=\u00bbnormal\u00bb button_text=\u00bbPida presupuesto sin compromiso\u00bb button_link=\u00bb\/es\/presupuesto\u00bb \/] [\/et_pb_fullwidth_slider][\/et_pb_section][et_pb_section bb_built=\u00bb1&#8243; fullwidth=\u00bboff\u00bb specialty=\u00bboff\u00bb][et_pb_row background_position=\u00bbtop_left\u00bb background_repeat=\u00bbrepeat\u00bb background_size=\u00bbinitial\u00bb][et_pb_column type=\u00bb2_3&#8243;][et_pb_text admin_label=\u00bbSoluciones integrales para el almacenamiento, transporte y acondicionamiento del grano.\u00bb _builder_version=\u00bb3.0.51&#8243; background_layout=\u00bblight\u00bb text_orientation=\u00bbleft\u00bb border_style=\u00bbsolid\u00bb]<\/p>\n<h2>Soluciones integrales para el almacenamiento, transporte y acondicionamiento del grano.<\/h2>\n<p>Nuestra empresa centra su actividad en el <strong>sector de la post-cosecha<\/strong>, donde ofrece soluciones completas tanto para el almacenamiento a granel de cereales como para alimentaci\u00f3n animal.<\/p>\n<p>Con los a\u00f1os, Gandaria ha ido mejorando su posici\u00f3n a nivel mundial debido a nuestra capacidad para responder a las necesidades del mercado.\u00a0Gracias a<strong> m\u00e1s de 40 a\u00f1os de experiencia en el sector<\/strong>, en m\u00e1s de 45 pa\u00edses, somos capaces de ofrecer <strong>soluciones de almacenamiento completas.<\/strong><\/p>\n<p>Nuestro equipo no solo conoce nuestra propia tecnolog\u00eda, sino que tambi\u00e9n conoce los principales procesos para mantener la calidad del grano. De ah\u00ed que se preste<strong> especial atenci\u00f3n a su calidad a trav\u00e9s de procesos como el almacenamiento, el transporte, la limpieza y aspiraci\u00f3n, el secado y los sistemas integrales de control.<\/strong> Esto, unido a nuestra estrategia basada en productos y servicios de alta calidad, nos ha llevado a garantizar el mantenimiento de la calidad del producto almacenado, as\u00ed como un largo per\u00edodo de almacenamiento.<\/p>\n<p>[\/et_pb_text][\/et_pb_column][et_pb_column type=\u00bb1_3&#8243;][et_pb_image show_in_lightbox=\u00bboff\u00bb url_new_window=\u00bboff\u00bb use_overlay=\u00bboff\u00bb sticky=\u00bboff\u00bb align=\u00bbleft\u00bb force_fullwidth=\u00bboff\u00bb always_center_on_mobile=\u00bbon\u00bb border_style=\u00bbsolid\u00bb src=\u00bbhttps:\/\/gandariaspain.com\/wp-content\/uploads\/2016\/09\/Proyectos-llave-en-mano_SNA-1.jpg\u00bb _builder_version=\u00bb3.0.51&#8243; \/][\/et_pb_column][\/et_pb_row][\/et_pb_section][et_pb_section bb_built=\u00bb1&#8243; fullwidth=\u00bboff\u00bb specialty=\u00bboff\u00bb][et_pb_row background_position=\u00bbtop_left\u00bb background_repeat=\u00bbrepeat\u00bb background_size=\u00bbinitial\u00bb][et_pb_column type=\u00bb4_4&#8243;][et_pb_text admin_label=\u00bbOfrecemos servicios de ingenier\u00eda llave en mano \u00bb background_layout=\u00bblight\u00bb text_orientation=\u00bbleft\u00bb border_style=\u00bbsolid\u00bb background_position=\u00bbtop_left\u00bb background_repeat=\u00bbrepeat\u00bb background_size=\u00bbinitial\u00bb _builder_version=\u00bb3.0.51&#8243;]<\/p>\n<blockquote><p>Ofrecemos servicios de ingenier\u00eda llave en mano dirigidos a mantener y controlar la calidad del producto durante el almacenamiento y el transporte, y proporcionar comodidad, seguridad, eficiencia y rentabilidad en la gesti\u00f3n de sus plantas.<\/p><\/blockquote>\n<p>[\/et_pb_text][\/et_pb_column][\/et_pb_row][\/et_pb_section][et_pb_section bb_built=\u00bb1&#8243; fullwidth=\u00bboff\u00bb specialty=\u00bboff\u00bb][et_pb_row background_position=\u00bbtop_left\u00bb background_repeat=\u00bbrepeat\u00bb background_size=\u00bbinitial\u00bb][et_pb_column type=\u00bb4_4&#8243;][et_pb_text admin_label=\u00bbNuestros servicios incluyen\u00bb background_layout=\u00bblight\u00bb text_orientation=\u00bbleft\u00bb border_style=\u00bbsolid\u00bb background_position=\u00bbtop_left\u00bb background_repeat=\u00bbrepeat\u00bb background_size=\u00bbinitial\u00bb _builder_version=\u00bb3.0.69&#8243;]<\/p>\n<h3>Nuestros servicios incluyen:<\/h3>\n<p>Silos de almacenamiento, maquinaria de transporte, proceso de limpieza y aspiraci\u00f3n, proceso de secado y acondicionamiento de cereales, control de temperatura y ventilaci\u00f3n, automatizaci\u00f3n con software de gesti\u00f3n y f\u00e1bricas de pienso.<\/p>\n<p>[\/et_pb_text][\/et_pb_column][\/et_pb_row][\/et_pb_section][et_pb_section bb_built=\u00bb1&#8243; fullwidth=\u00bboff\u00bb specialty=\u00bboff\u00bb transparent_background=\u00bbon\u00bb background_color=\u00bb#025e32&#8243; allow_player_pause=\u00bboff\u00bb inner_shadow=\u00bboff\u00bb parallax=\u00bboff\u00bb parallax_method=\u00bboff\u00bb padding_mobile=\u00bboff\u00bb make_fullwidth=\u00bboff\u00bb use_custom_width=\u00bboff\u00bb width_unit=\u00bbon\u00bb make_equal=\u00bboff\u00bb use_custom_gutter=\u00bboff\u00bb module_class=\u00bbseccion_horitzontal_cta\u00bb global_module=\u00bb687&#8243;][et_pb_row global_parent=\u00bb687&#8243; make_fullwidth=\u00bboff\u00bb use_custom_width=\u00bboff\u00bb width_unit=\u00bbon\u00bb use_custom_gutter=\u00bboff\u00bb padding_mobile=\u00bboff\u00bb allow_player_pause=\u00bboff\u00bb parallax=\u00bboff\u00bb parallax_method=\u00bboff\u00bb make_equal=\u00bboff\u00bb parallax_1=\u00bboff\u00bb parallax_method_1=\u00bboff\u00bb column_padding_mobile=\u00bbon\u00bb parallax_2=\u00bboff\u00bb parallax_method_2=\u00bboff\u00bb background_position=\u00bbtop_left\u00bb background_repeat=\u00bbrepeat\u00bb background_size=\u00bbinitial\u00bb][et_pb_column type=\u00bb4_4&#8243;][et_pb_cta admin_label=\u00bbCTA Horitzontal Pida presupuesto (1\/1) \u00bb global_parent=\u00bb687&#8243; title=\u00bb\u00bfNecesita m\u00e1s informaci\u00f3n?\u00bb button_url=\u00bb\/es\/presupuesto\u00bb url_new_window=\u00bboff\u00bb button_text=\u00bbPida presupuesto sin compromiso\u00bb use_background_color=\u00bboff\u00bb background_color=\u00bb#7EBEC5&#8243; background_layout=\u00bbdark\u00bb text_orientation=\u00bbleft\u00bb border_style=\u00bbsolid\u00bb custom_button=\u00bboff\u00bb button_letter_spacing=\u00bb0&#8243; button_icon_placement=\u00bbright\u00bb button_letter_spacing_hover=\u00bb0&#8243; background_position=\u00bbtop_left\u00bb background_repeat=\u00bbrepeat\u00bb background_size=\u00bbinitial\u00bb _builder_version=\u00bb3.0.66&#8243; \/][\/et_pb_column][\/et_pb_row][\/et_pb_section]<\/p>\n<span class=\"et_bloom_bottom_trigger\"><\/span>","protected":false},"excerpt":{"rendered":"<p>Gandaria Spain Soluciones integrales para el almacenamiento, transporte y acondicionamiento [&hellip;]<\/p>\n","protected":false},"author":1,"featured_media":0,"parent":40,"menu_order":0,"comment_status":"closed","ping_status":"closed","template":"","meta":{"_et_pb_use_builder":"on","_et_pb_old_content":"","_et_gb_content_width":"","_mbp_gutenberg_autopost":false,"footnotes":""},"class_list":["post-155","page","type-page","status-publish","hentry"],"yoast_head":"<!-- This site is optimized with the Yoast SEO plugin v27.5 - https:\/\/yoast.com\/product\/yoast-seo-wordpress\/ -->\n<title>Proyectos llave en mano - Gandaria - Silos Spain<\/title>\n<meta name=\"robots\" content=\"index, follow, max-snippet:-1, max-image-preview:large, max-video-preview:-1\" \/>\n<link rel=\"canonical\" href=\"https:\/\/gandariaspain.com\/es\/productos\/proyectos-llave-en-mano\/\" \/>\n<meta property=\"og:locale\" content=\"es_ES\" \/>\n<meta property=\"og:type\" content=\"article\" \/>\n<meta property=\"og:title\" content=\"Proyectos llave en mano - Gandaria - Silos Spain\" \/>\n<meta property=\"og:description\" content=\"Gandaria Spain Soluciones integrales para el almacenamiento, transporte y acondicionamiento [&hellip;]\" \/>\n<meta property=\"og:url\" content=\"https:\/\/gandariaspain.com\/es\/productos\/proyectos-llave-en-mano\/\" \/>\n<meta property=\"og:site_name\" content=\"Gandaria - Silos Spain\" \/>\n<meta property=\"article:modified_time\" content=\"2017-08-14T07:31:51+00:00\" \/>\n<meta name=\"twitter:card\" content=\"summary_large_image\" \/>\n<meta name=\"twitter:label1\" content=\"Tiempo de lectura\" \/>\n\t<meta name=\"twitter:data1\" content=\"6 minutos\" \/>\n<script type=\"application\/ld+json\" class=\"yoast-schema-graph\">{\"@context\":\"https:\\\/\\\/schema.org\",\"@graph\":[{\"@type\":\"WebPage\",\"@id\":\"https:\\\/\\\/gandariaspain.com\\\/es\\\/productos\\\/proyectos-llave-en-mano\\\/\",\"url\":\"https:\\\/\\\/gandariaspain.com\\\/es\\\/productos\\\/proyectos-llave-en-mano\\\/\",\"name\":\"Proyectos llave en mano - Gandaria - Silos Spain\",\"isPartOf\":{\"@id\":\"https:\\\/\\\/gandariaspain.com\\\/es\\\/#website\"},\"datePublished\":\"2016-09-05T10:55:10+00:00\",\"dateModified\":\"2017-08-14T07:31:51+00:00\",\"breadcrumb\":{\"@id\":\"https:\\\/\\\/gandariaspain.com\\\/es\\\/productos\\\/proyectos-llave-en-mano\\\/#breadcrumb\"},\"inLanguage\":\"es\",\"potentialAction\":[{\"@type\":\"ReadAction\",\"target\":[\"https:\\\/\\\/gandariaspain.com\\\/es\\\/productos\\\/proyectos-llave-en-mano\\\/\"]}]},{\"@type\":\"BreadcrumbList\",\"@id\":\"https:\\\/\\\/gandariaspain.com\\\/es\\\/productos\\\/proyectos-llave-en-mano\\\/#breadcrumb\",\"itemListElement\":[{\"@type\":\"ListItem\",\"position\":1,\"name\":\"Productos\",\"item\":\"https:\\\/\\\/gandariaspain.com\\\/es\\\/productos\\\/\"},{\"@type\":\"ListItem\",\"position\":2,\"name\":\"Proyectos llave en mano\"}]},{\"@type\":\"WebSite\",\"@id\":\"https:\\\/\\\/gandariaspain.com\\\/es\\\/#website\",\"url\":\"https:\\\/\\\/gandariaspain.com\\\/es\\\/\",\"name\":\"Gandaria - Silos Spain\",\"description\":\"Dep\u00f3sitos de agua y silos granja\",\"potentialAction\":[{\"@type\":\"SearchAction\",\"target\":{\"@type\":\"EntryPoint\",\"urlTemplate\":\"https:\\\/\\\/gandariaspain.com\\\/es\\\/?s={search_term_string}\"},\"query-input\":{\"@type\":\"PropertyValueSpecification\",\"valueRequired\":true,\"valueName\":\"search_term_string\"}}],\"inLanguage\":\"es\"}]}<\/script>\n<!-- \/ Yoast SEO plugin. -->","yoast_head_json":{"title":"Proyectos llave en mano - Gandaria - Silos Spain","robots":{"index":"index","follow":"follow","max-snippet":"max-snippet:-1","max-image-preview":"max-image-preview:large","max-video-preview":"max-video-preview:-1"},"canonical":"https:\/\/gandariaspain.com\/es\/productos\/proyectos-llave-en-mano\/","og_locale":"es_ES","og_type":"article","og_title":"Proyectos llave en mano - Gandaria - Silos Spain","og_description":"Gandaria Spain Soluciones integrales para el almacenamiento, transporte y acondicionamiento [&hellip;]","og_url":"https:\/\/gandariaspain.com\/es\/productos\/proyectos-llave-en-mano\/","og_site_name":"Gandaria - Silos Spain","article_modified_time":"2017-08-14T07:31:51+00:00","twitter_card":"summary_large_image","twitter_misc":{"Tiempo de lectura":"6 minutos"},"schema":{"@context":"https:\/\/schema.org","@graph":[{"@type":"WebPage","@id":"https:\/\/gandariaspain.com\/es\/productos\/proyectos-llave-en-mano\/","url":"https:\/\/gandariaspain.com\/es\/productos\/proyectos-llave-en-mano\/","name":"Proyectos llave en mano - Gandaria - Silos Spain","isPartOf":{"@id":"https:\/\/gandariaspain.com\/es\/#website"},"datePublished":"2016-09-05T10:55:10+00:00","dateModified":"2017-08-14T07:31:51+00:00","breadcrumb":{"@id":"https:\/\/gandariaspain.com\/es\/productos\/proyectos-llave-en-mano\/#breadcrumb"},"inLanguage":"es","potentialAction":[{"@type":"ReadAction","target":["https:\/\/gandariaspain.com\/es\/productos\/proyectos-llave-en-mano\/"]}]},{"@type":"BreadcrumbList","@id":"https:\/\/gandariaspain.com\/es\/productos\/proyectos-llave-en-mano\/#breadcrumb","itemListElement":[{"@type":"ListItem","position":1,"name":"Productos","item":"https:\/\/gandariaspain.com\/es\/productos\/"},{"@type":"ListItem","position":2,"name":"Proyectos llave en mano"}]},{"@type":"WebSite","@id":"https:\/\/gandariaspain.com\/es\/#website","url":"https:\/\/gandariaspain.com\/es\/","name":"Gandaria - Silos Spain","description":"Dep\u00f3sitos de agua y silos granja","potentialAction":[{"@type":"SearchAction","target":{"@type":"EntryPoint","urlTemplate":"https:\/\/gandariaspain.com\/es\/?s={search_term_string}"},"query-input":{"@type":"PropertyValueSpecification","valueRequired":true,"valueName":"search_term_string"}}],"inLanguage":"es"}]}},"_links":{"self":[{"href":"https:\/\/gandariaspain.com\/es\/wp-json\/wp\/v2\/pages\/155","targetHints":{"allow":["GET"]}}],"collection":[{"href":"https:\/\/gandariaspain.com\/es\/wp-json\/wp\/v2\/pages"}],"about":[{"href":"https:\/\/gandariaspain.com\/es\/wp-json\/wp\/v2\/types\/page"}],"author":[{"embeddable":true,"href":"https:\/\/gandariaspain.com\/es\/wp-json\/wp\/v2\/users\/1"}],"replies":[{"embeddable":true,"href":"https:\/\/gandariaspain.com\/es\/wp-json\/wp\/v2\/comments?post=155"}],"version-history":[{"count":23,"href":"https:\/\/gandariaspain.com\/es\/wp-json\/wp\/v2\/pages\/155\/revisions"}],"predecessor-version":[{"id":33229,"href":"https:\/\/gandariaspain.com\/es\/wp-json\/wp\/v2\/pages\/155\/revisions\/33229"}],"up":[{"embeddable":true,"href":"https:\/\/gandariaspain.com\/es\/wp-json\/wp\/v2\/pages\/40"}],"wp:attachment":[{"href":"https:\/\/gandariaspain.com\/es\/wp-json\/wp\/v2\/media?parent=155"}],"curies":[{"name":"wp","href":"https:\/\/api.w.org\/{rel}","templated":true}]}}