{"id":149,"date":"2016-09-05T10:43:35","date_gmt":"2016-09-05T10:43:35","guid":{"rendered":"http:\/\/gandariaspain.com\/?page_id=149"},"modified":"2017-06-18T10:43:44","modified_gmt":"2017-06-18T08:43:44","slug":"estructuras-metalicas-para-naves","status":"publish","type":"page","link":"https:\/\/gandariaspain.com\/es\/productos\/equipamiento-ganadero\/estructuras-metalicas-para-naves\/","title":{"rendered":"Estructuras met\u00e1licas para naves"},"content":{"rendered":"<p>[et_pb_section bb_built=\u00bb1&#8243; admin_label=\u00bbsection\u00bb transparent_background=\u00bboff\u00bb background_color=\u00bb#ffffff\u00bb allow_player_pause=\u00bboff\u00bb inner_shadow=\u00bboff\u00bb parallax=\u00bboff\u00bb parallax_method=\u00bboff\u00bb padding_mobile=\u00bboff\u00bb make_fullwidth=\u00bboff\u00bb use_custom_width=\u00bboff\u00bb width_unit=\u00bbon\u00bb make_equal=\u00bboff\u00bb use_custom_gutter=\u00bboff\u00bb module_class=\u00bbindentame\u00bb locked=\u00bbon\u00bb][et_pb_row admin_label=\u00bbrow\u00bb parent_locked=\u00bbon\u00bb background_position=\u00bbtop_left\u00bb background_repeat=\u00bbrepeat\u00bb background_size=\u00bbinitial\u00bb][et_pb_column type=\u00bb4_4&#8243;][et_pb_text admin_label=\u00bbNo tocar. Cabecera de nivel 1. SEO\u00bb background_layout=\u00bblight\u00bb text_orientation=\u00bbleft\u00bb use_border_color=\u00bboff\u00bb border_color=\u00bb#ffffff\u00bb border_style=\u00bbsolid\u00bb parent_locked=\u00bbon\u00bb background_position=\u00bbtop_left\u00bb background_repeat=\u00bbrepeat\u00bb background_size=\u00bbinitial\u00bb]<\/p>\n<h1>Gandaria Spain<\/h1>\n<p>[\/et_pb_text][\/et_pb_column][\/et_pb_row][\/et_pb_section][et_pb_section bb_built=\u00bb1&#8243; admin_label=\u00bbSecci\u00f3n\u00bb fullwidth=\u00bbon\u00bb specialty=\u00bboff\u00bb transparent_background=\u00bboff\u00bb background_color=\u00bb#ffffff\u00bb allow_player_pause=\u00bboff\u00bb inner_shadow=\u00bboff\u00bb parallax=\u00bboff\u00bb parallax_method=\u00bboff\u00bb padding_mobile=\u00bboff\u00bb make_fullwidth=\u00bboff\u00bb use_custom_width=\u00bboff\u00bb width_unit=\u00bbon\u00bb make_equal=\u00bboff\u00bb use_custom_gutter=\u00bboff\u00bb module_class=\u00bbslide-flota-izquierda\u00bb][et_pb_fullwidth_slider admin_label=\u00bbEstructuras met\u00e1licas para naves \u00bb show_arrows=\u00bbon\u00bb show_pagination=\u00bbon\u00bb auto=\u00bboff\u00bb auto_ignore_hover=\u00bboff\u00bb parallax=\u00bboff\u00bb parallax_method=\u00bboff\u00bb remove_inner_shadow=\u00bboff\u00bb background_position=\u00bbtop_left\u00bb hide_content_on_mobile=\u00bboff\u00bb hide_cta_on_mobile=\u00bboff\u00bb show_image_video_mobile=\u00bboff\u00bb custom_button=\u00bboff\u00bb button_letter_spacing=\u00bb0&#8243; button_icon_placement=\u00bbright\u00bb button_letter_spacing_hover=\u00bb0&#8243; disabled_on=\u00bboff|off|off\u00bb disabled=\u00bboff\u00bb _builder_version=\u00bb3.0.51&#8243;] [et_pb_slide heading=\u00bbEstructuras met\u00e1licas para naves \u00bb background_color=\u00bb#ffffff\u00bb use_background_color_gradient=\u00bboff\u00bb background_color_gradient_start=\u00bb#2b87da\u00bb background_color_gradient_end=\u00bb#29c4a9&#8243; background_color_gradient_type=\u00bblinear\u00bb background_color_gradient_direction=\u00bb180deg\u00bb background_color_gradient_direction_radial=\u00bbcenter\u00bb background_color_gradient_start_position=\u00bb0%\u00bb background_color_gradient_end_position=\u00bb100%\u00bb background_image=\u00bbhttps:\/\/gandariaspain.com\/wp-content\/uploads\/2016\/09\/Estructuras-metalicas-para-naves_SLIDER.jpg\u00bb parallax=\u00bboff\u00bb parallax_method=\u00bboff\u00bb background_position=\u00bbcenter\u00bb background_size=\u00bbcover\u00bb background_repeat=\u00bbrepeat\u00bb background_blend=\u00bbnormal\u00bb allow_player_pause=\u00bboff\u00bb use_bg_overlay=\u00bboff\u00bb use_text_overlay=\u00bboff\u00bb text_border_radius=\u00bb3&#8243; alignment=\u00bbcenter\u00bb background_layout=\u00bbdark\u00bb header_font_select=\u00bbdefault\u00bb header_font=\u00bb||||\u00bb body_font_select=\u00bbdefault\u00bb body_font=\u00bb||||\u00bb custom_button=\u00bboff\u00bb button_font_select=\u00bbdefault\u00bb button_font=\u00bb||||\u00bb button_use_icon=\u00bbdefault\u00bb button_icon_placement=\u00bbright\u00bb button_on_hover=\u00bbon\u00bb admin_title=\u00bbEstructuras met\u00e1licas para naves \u00bb \/] [\/et_pb_fullwidth_slider][\/et_pb_section][et_pb_section bb_built=\u00bb1&#8243; admin_label=\u00bbSecci\u00f3n\u00bb fullwidth=\u00bboff\u00bb specialty=\u00bboff\u00bb][et_pb_row admin_label=\u00bbFila\u00bb background_position=\u00bbtop_left\u00bb background_repeat=\u00bbrepeat\u00bb background_size=\u00bbinitial\u00bb][et_pb_column type=\u00bb2_3&#8243;][et_pb_text admin_label=\u00bbNuestras naves ganaderas est\u00e1n fabricadas con acero galvanizado S355 de alto l\u00edmite el\u00e1stico.\u00bb _builder_version=\u00bb3.0.51&#8243; background_layout=\u00bblight\u00bb text_orientation=\u00bbleft\u00bb border_style=\u00bbsolid\u00bb background_position=\u00bbtop_left\u00bb background_repeat=\u00bbrepeat\u00bb background_size=\u00bbinitial\u00bb]<\/p>\n<blockquote><p>Nuestras naves ganaderas est\u00e1n fabricadas con acero galvanizado S355 de alto l\u00edmite el\u00e1stico.<\/p><\/blockquote>\n<p>El galvanizado de la chapa est\u00e1 compuesto por una <strong>aleaci\u00f3n de zinc-aluminio-magnesio<\/strong> que la hace 1<strong>0 veces m\u00e1s resistente<\/strong> a la corrosi\u00f3n ambiental.<\/p>\n<p>El sistema constructivo es modular donde no se utiliza la soldadura pues todas las piezas se ensamblan mediante<strong> torniller\u00eda de alta calidad 8.8.<\/strong><\/p>\n<p>[\/et_pb_text][\/et_pb_column][et_pb_column type=\u00bb1_3&#8243;][et_pb_image admin_label=\u00bbImagen\u00bb show_in_lightbox=\u00bboff\u00bb url_new_window=\u00bboff\u00bb use_overlay=\u00bboff\u00bb sticky=\u00bboff\u00bb align=\u00bbleft\u00bb force_fullwidth=\u00bboff\u00bb always_center_on_mobile=\u00bbon\u00bb border_style=\u00bbsolid\u00bb src=\u00bbhttps:\/\/gandariaspain.com\/wp-content\/uploads\/2016\/09\/Estructura-metalica-naves-ganaderas.jpg\u00bb _builder_version=\u00bb3.0.51&#8243; \/][\/et_pb_column][\/et_pb_row][\/et_pb_section][et_pb_section bb_built=\u00bb1&#8243; admin_label=\u00bbSecci\u00f3n\u00bb fullwidth=\u00bboff\u00bb specialty=\u00bboff\u00bb][et_pb_row admin_label=\u00bbFila\u00bb background_position=\u00bbtop_left\u00bb background_repeat=\u00bbrepeat\u00bb background_size=\u00bbinitial\u00bb][et_pb_column type=\u00bb2_3&#8243;][et_pb_text admin_label=\u00bbAdem\u00e1s, la nueva estructura ultraligera para naves \u00bb background_layout=\u00bblight\u00bb text_orientation=\u00bbleft\u00bb border_style=\u00bbsolid\u00bb background_position=\u00bbtop_left\u00bb background_repeat=\u00bbrepeat\u00bb background_size=\u00bbinitial\u00bb _builder_version=\u00bb3.0.51&#8243;]<\/p>\n<p>Adem\u00e1s, la nueva<strong> estructura ultraligera<\/strong> para naves de pollos de engorde abiertas supone un <strong>gran ahorro de tiempo y dinero<\/strong>:<\/p>\n<ul>\n<li>Estructura muy resistente y con un<strong> peso inferior a los 10 kilos por metro cuadrado<\/strong>, lo que reduce considerablemente el coste del producto y su transporte.<\/li>\n<li>F\u00e1cil ensamblaje en obra, integrando todas las partes desde el origen para ahorrar coste y tiempo en el montaje.<\/li>\n<\/ul>\n<p>[\/et_pb_text][\/et_pb_column][et_pb_column type=\u00bb1_3&#8243;][et_pb_image admin_label=\u00bbImagen\u00bb show_in_lightbox=\u00bboff\u00bb url_new_window=\u00bboff\u00bb use_overlay=\u00bboff\u00bb sticky=\u00bboff\u00bb align=\u00bbleft\u00bb force_fullwidth=\u00bboff\u00bb always_center_on_mobile=\u00bbon\u00bb border_style=\u00bbsolid\u00bb src=\u00bbhttps:\/\/gandariaspain.com\/wp-content\/uploads\/2016\/09\/Estructura-naves.jpg\u00bb _builder_version=\u00bb3.0.51&#8243; \/][\/et_pb_column][\/et_pb_row][\/et_pb_section][et_pb_section bb_built=\u00bb1&#8243; admin_label=\u00bbSecci\u00f3n\u00bb fullwidth=\u00bboff\u00bb specialty=\u00bboff\u00bb transparent_background=\u00bbon\u00bb background_color=\u00bb#025e32&#8243; allow_player_pause=\u00bboff\u00bb inner_shadow=\u00bboff\u00bb parallax=\u00bboff\u00bb parallax_method=\u00bboff\u00bb padding_mobile=\u00bboff\u00bb make_fullwidth=\u00bboff\u00bb use_custom_width=\u00bboff\u00bb width_unit=\u00bbon\u00bb make_equal=\u00bboff\u00bb use_custom_gutter=\u00bboff\u00bb module_class=\u00bbseccion_horitzontal_cta\u00bb global_module=\u00bb687&#8243;][et_pb_row admin_label=\u00bbFila\u00bb global_parent=\u00bb687&#8243; make_fullwidth=\u00bboff\u00bb use_custom_width=\u00bboff\u00bb width_unit=\u00bbon\u00bb use_custom_gutter=\u00bboff\u00bb padding_mobile=\u00bboff\u00bb allow_player_pause=\u00bboff\u00bb parallax=\u00bboff\u00bb parallax_method=\u00bboff\u00bb make_equal=\u00bboff\u00bb parallax_1=\u00bboff\u00bb parallax_method_1=\u00bboff\u00bb column_padding_mobile=\u00bbon\u00bb parallax_2=\u00bboff\u00bb parallax_method_2=\u00bboff\u00bb background_position=\u00bbtop_left\u00bb background_repeat=\u00bbrepeat\u00bb background_size=\u00bbinitial\u00bb][et_pb_column type=\u00bb4_4&#8243;][et_pb_cta admin_label=\u00bbCTA Horitzontal Pida presupuesto (1\/1)\u00bb global_parent=\u00bb687&#8243; title=\u00bb\u00bfNecesita m\u00e1s informaci\u00f3n?\u00bb button_url=\u00bb\/es\/presupuesto\u00bb url_new_window=\u00bboff\u00bb button_text=\u00bbPida presupuesto sin compromiso\u00bb use_background_color=\u00bboff\u00bb background_color=\u00bb#7EBEC5&#8243; background_layout=\u00bbdark\u00bb text_orientation=\u00bbleft\u00bb use_border_color=\u00bboff\u00bb border_color=\u00bb#ffffff\u00bb border_style=\u00bbsolid\u00bb custom_button=\u00bboff\u00bb button_letter_spacing=\u00bb0&#8243; button_use_icon=\u00bbdefault\u00bb button_icon_placement=\u00bbright\u00bb button_on_hover=\u00bbon\u00bb button_letter_spacing_hover=\u00bb0&#8243; background_position=\u00bbtop_left\u00bb background_repeat=\u00bbrepeat\u00bb background_size=\u00bbinitial\u00bb \/][\/et_pb_column][\/et_pb_row][\/et_pb_section]<\/p>\n<span class=\"et_bloom_bottom_trigger\"><\/span>","protected":false},"excerpt":{"rendered":"<p>Gandaria Spain Nuestras naves ganaderas est\u00e1n fabricadas con acero galvanizado [&hellip;]<\/p>\n","protected":false},"author":1,"featured_media":0,"parent":119,"menu_order":0,"comment_status":"closed","ping_status":"closed","template":"","meta":{"_et_pb_use_builder":"on","_et_pb_old_content":"","_et_gb_content_width":"","_mbp_gutenberg_autopost":false,"footnotes":""},"class_list":["post-149","page","type-page","status-publish","hentry"],"yoast_head":"<!-- This site is optimized with the Yoast SEO plugin v27.3 - https:\/\/yoast.com\/product\/yoast-seo-wordpress\/ -->\n<title>Estructuras met\u00e1licas para naves - Gandaria - Silos Spain<\/title>\n<meta name=\"robots\" content=\"index, follow, max-snippet:-1, max-image-preview:large, max-video-preview:-1\" \/>\n<link rel=\"canonical\" href=\"https:\/\/gandariaspain.com\/es\/productos\/equipamiento-ganadero\/estructuras-metalicas-para-naves\/\" \/>\n<meta property=\"og:locale\" content=\"es_ES\" \/>\n<meta property=\"og:type\" content=\"article\" \/>\n<meta property=\"og:title\" content=\"Estructuras met\u00e1licas para naves - Gandaria - Silos Spain\" \/>\n<meta property=\"og:description\" content=\"Gandaria Spain Nuestras naves ganaderas est\u00e1n fabricadas con acero galvanizado [&hellip;]\" \/>\n<meta property=\"og:url\" content=\"https:\/\/gandariaspain.com\/es\/productos\/equipamiento-ganadero\/estructuras-metalicas-para-naves\/\" \/>\n<meta property=\"og:site_name\" content=\"Gandaria - Silos Spain\" \/>\n<meta property=\"article:modified_time\" content=\"2017-06-18T08:43:44+00:00\" \/>\n<meta name=\"twitter:card\" content=\"summary_large_image\" \/>\n<meta name=\"twitter:label1\" content=\"Tiempo de lectura\" \/>\n\t<meta name=\"twitter:data1\" content=\"5 minutos\" \/>\n<script type=\"application\/ld+json\" class=\"yoast-schema-graph\">{\"@context\":\"https:\\\/\\\/schema.org\",\"@graph\":[{\"@type\":\"WebPage\",\"@id\":\"https:\\\/\\\/gandariaspain.com\\\/es\\\/productos\\\/equipamiento-ganadero\\\/estructuras-metalicas-para-naves\\\/\",\"url\":\"https:\\\/\\\/gandariaspain.com\\\/es\\\/productos\\\/equipamiento-ganadero\\\/estructuras-metalicas-para-naves\\\/\",\"name\":\"Estructuras met\u00e1licas para naves - Gandaria - Silos Spain\",\"isPartOf\":{\"@id\":\"https:\\\/\\\/gandariaspain.com\\\/es\\\/#website\"},\"datePublished\":\"2016-09-05T10:43:35+00:00\",\"dateModified\":\"2017-06-18T08:43:44+00:00\",\"breadcrumb\":{\"@id\":\"https:\\\/\\\/gandariaspain.com\\\/es\\\/productos\\\/equipamiento-ganadero\\\/estructuras-metalicas-para-naves\\\/#breadcrumb\"},\"inLanguage\":\"es\",\"potentialAction\":[{\"@type\":\"ReadAction\",\"target\":[\"https:\\\/\\\/gandariaspain.com\\\/es\\\/productos\\\/equipamiento-ganadero\\\/estructuras-metalicas-para-naves\\\/\"]}]},{\"@type\":\"BreadcrumbList\",\"@id\":\"https:\\\/\\\/gandariaspain.com\\\/es\\\/productos\\\/equipamiento-ganadero\\\/estructuras-metalicas-para-naves\\\/#breadcrumb\",\"itemListElement\":[{\"@type\":\"ListItem\",\"position\":1,\"name\":\"Productos\",\"item\":\"https:\\\/\\\/gandariaspain.com\\\/es\\\/productos\\\/\"},{\"@type\":\"ListItem\",\"position\":2,\"name\":\"Equipamiento ganadero\",\"item\":\"https:\\\/\\\/gandariaspain.com\\\/es\\\/productos\\\/equipamiento-ganadero\\\/\"},{\"@type\":\"ListItem\",\"position\":3,\"name\":\"Estructuras met\u00e1licas para naves\"}]},{\"@type\":\"WebSite\",\"@id\":\"https:\\\/\\\/gandariaspain.com\\\/es\\\/#website\",\"url\":\"https:\\\/\\\/gandariaspain.com\\\/es\\\/\",\"name\":\"Gandaria - Silos Spain\",\"description\":\"Dep\u00f3sitos de agua y silos granja\",\"potentialAction\":[{\"@type\":\"SearchAction\",\"target\":{\"@type\":\"EntryPoint\",\"urlTemplate\":\"https:\\\/\\\/gandariaspain.com\\\/es\\\/?s={search_term_string}\"},\"query-input\":{\"@type\":\"PropertyValueSpecification\",\"valueRequired\":true,\"valueName\":\"search_term_string\"}}],\"inLanguage\":\"es\"}]}<\/script>\n<!-- \/ Yoast SEO plugin. -->","yoast_head_json":{"title":"Estructuras met\u00e1licas para naves - Gandaria - Silos Spain","robots":{"index":"index","follow":"follow","max-snippet":"max-snippet:-1","max-image-preview":"max-image-preview:large","max-video-preview":"max-video-preview:-1"},"canonical":"https:\/\/gandariaspain.com\/es\/productos\/equipamiento-ganadero\/estructuras-metalicas-para-naves\/","og_locale":"es_ES","og_type":"article","og_title":"Estructuras met\u00e1licas para naves - Gandaria - Silos Spain","og_description":"Gandaria Spain Nuestras naves ganaderas est\u00e1n fabricadas con acero galvanizado [&hellip;]","og_url":"https:\/\/gandariaspain.com\/es\/productos\/equipamiento-ganadero\/estructuras-metalicas-para-naves\/","og_site_name":"Gandaria - Silos Spain","article_modified_time":"2017-06-18T08:43:44+00:00","twitter_card":"summary_large_image","twitter_misc":{"Tiempo de lectura":"5 minutos"},"schema":{"@context":"https:\/\/schema.org","@graph":[{"@type":"WebPage","@id":"https:\/\/gandariaspain.com\/es\/productos\/equipamiento-ganadero\/estructuras-metalicas-para-naves\/","url":"https:\/\/gandariaspain.com\/es\/productos\/equipamiento-ganadero\/estructuras-metalicas-para-naves\/","name":"Estructuras met\u00e1licas para naves - Gandaria - Silos Spain","isPartOf":{"@id":"https:\/\/gandariaspain.com\/es\/#website"},"datePublished":"2016-09-05T10:43:35+00:00","dateModified":"2017-06-18T08:43:44+00:00","breadcrumb":{"@id":"https:\/\/gandariaspain.com\/es\/productos\/equipamiento-ganadero\/estructuras-metalicas-para-naves\/#breadcrumb"},"inLanguage":"es","potentialAction":[{"@type":"ReadAction","target":["https:\/\/gandariaspain.com\/es\/productos\/equipamiento-ganadero\/estructuras-metalicas-para-naves\/"]}]},{"@type":"BreadcrumbList","@id":"https:\/\/gandariaspain.com\/es\/productos\/equipamiento-ganadero\/estructuras-metalicas-para-naves\/#breadcrumb","itemListElement":[{"@type":"ListItem","position":1,"name":"Productos","item":"https:\/\/gandariaspain.com\/es\/productos\/"},{"@type":"ListItem","position":2,"name":"Equipamiento ganadero","item":"https:\/\/gandariaspain.com\/es\/productos\/equipamiento-ganadero\/"},{"@type":"ListItem","position":3,"name":"Estructuras met\u00e1licas para naves"}]},{"@type":"WebSite","@id":"https:\/\/gandariaspain.com\/es\/#website","url":"https:\/\/gandariaspain.com\/es\/","name":"Gandaria - Silos Spain","description":"Dep\u00f3sitos de agua y silos granja","potentialAction":[{"@type":"SearchAction","target":{"@type":"EntryPoint","urlTemplate":"https:\/\/gandariaspain.com\/es\/?s={search_term_string}"},"query-input":{"@type":"PropertyValueSpecification","valueRequired":true,"valueName":"search_term_string"}}],"inLanguage":"es"}]}},"_links":{"self":[{"href":"https:\/\/gandariaspain.com\/es\/wp-json\/wp\/v2\/pages\/149","targetHints":{"allow":["GET"]}}],"collection":[{"href":"https:\/\/gandariaspain.com\/es\/wp-json\/wp\/v2\/pages"}],"about":[{"href":"https:\/\/gandariaspain.com\/es\/wp-json\/wp\/v2\/types\/page"}],"author":[{"embeddable":true,"href":"https:\/\/gandariaspain.com\/es\/wp-json\/wp\/v2\/users\/1"}],"replies":[{"embeddable":true,"href":"https:\/\/gandariaspain.com\/es\/wp-json\/wp\/v2\/comments?post=149"}],"version-history":[{"count":6,"href":"https:\/\/gandariaspain.com\/es\/wp-json\/wp\/v2\/pages\/149\/revisions"}],"predecessor-version":[{"id":26895,"href":"https:\/\/gandariaspain.com\/es\/wp-json\/wp\/v2\/pages\/149\/revisions\/26895"}],"up":[{"embeddable":true,"href":"https:\/\/gandariaspain.com\/es\/wp-json\/wp\/v2\/pages\/119"}],"wp:attachment":[{"href":"https:\/\/gandariaspain.com\/es\/wp-json\/wp\/v2\/media?parent=149"}],"curies":[{"name":"wp","href":"https:\/\/api.w.org\/{rel}","templated":true}]}}