{"id":105,"date":"2016-09-05T10:28:29","date_gmt":"2016-09-05T10:28:29","guid":{"rendered":"http:\/\/gandariaspain.com\/?page_id=105"},"modified":"2018-03-24T11:54:49","modified_gmt":"2018-03-24T10:54:49","slug":"software-de-monitorizacion-de-plantas-de-almacenaje-siwa","status":"publish","type":"page","link":"https:\/\/gandariaspain.com\/es\/productos\/gestion-de-la-informacion\/software-de-monitorizacion-de-plantas-de-almacenaje-siwa\/","title":{"rendered":"Software de monitorizaci\u00f3n de plantas de almacenaje: Siwa"},"content":{"rendered":"<p>[et_pb_section bb_built=\u00bb1&#8243; admin_label=\u00bbsection\u00bb transparent_background=\u00bboff\u00bb background_color=\u00bb#ffffff\u00bb allow_player_pause=\u00bboff\u00bb inner_shadow=\u00bboff\u00bb parallax=\u00bboff\u00bb parallax_method=\u00bboff\u00bb padding_mobile=\u00bboff\u00bb make_fullwidth=\u00bboff\u00bb use_custom_width=\u00bboff\u00bb width_unit=\u00bbon\u00bb make_equal=\u00bboff\u00bb use_custom_gutter=\u00bboff\u00bb module_class=\u00bbindentame\u00bb locked=\u00bbon\u00bb][et_pb_row admin_label=\u00bbrow\u00bb parent_locked=\u00bbon\u00bb background_position=\u00bbtop_left\u00bb background_repeat=\u00bbrepeat\u00bb background_size=\u00bbinitial\u00bb][et_pb_column type=\u00bb4_4&#8243;][et_pb_text admin_label=\u00bbNo tocar. Cabecera de nivel 1. SEO\u00bb background_layout=\u00bblight\u00bb text_orientation=\u00bbleft\u00bb use_border_color=\u00bboff\u00bb border_color=\u00bb#ffffff\u00bb border_style=\u00bbsolid\u00bb parent_locked=\u00bbon\u00bb background_position=\u00bbtop_left\u00bb background_repeat=\u00bbrepeat\u00bb background_size=\u00bbinitial\u00bb]<\/p>\n<h1>Gandaria Spain<\/h1>\n<p>[\/et_pb_text][\/et_pb_column][\/et_pb_row][\/et_pb_section][et_pb_section bb_built=\u00bb1&#8243; fullwidth=\u00bbon\u00bb specialty=\u00bboff\u00bb transparent_background=\u00bboff\u00bb background_color=\u00bb#ffffff\u00bb allow_player_pause=\u00bboff\u00bb inner_shadow=\u00bboff\u00bb parallax=\u00bboff\u00bb parallax_method=\u00bboff\u00bb padding_mobile=\u00bboff\u00bb make_fullwidth=\u00bboff\u00bb use_custom_width=\u00bboff\u00bb width_unit=\u00bbon\u00bb make_equal=\u00bboff\u00bb use_custom_gutter=\u00bboff\u00bb module_class=\u00bbslide-flota-izquierda\u00bb][et_pb_fullwidth_slider admin_label=\u00bbSIWA\u00bb show_arrows=\u00bbon\u00bb show_pagination=\u00bbon\u00bb auto=\u00bboff\u00bb auto_ignore_hover=\u00bboff\u00bb parallax=\u00bboff\u00bb parallax_method=\u00bboff\u00bb remove_inner_shadow=\u00bboff\u00bb background_position=\u00bbdefault\u00bb background_size=\u00bbdefault\u00bb hide_content_on_mobile=\u00bboff\u00bb hide_cta_on_mobile=\u00bboff\u00bb show_image_video_mobile=\u00bboff\u00bb custom_button=\u00bboff\u00bb button_letter_spacing=\u00bb0&#8243; button_use_icon=\u00bbdefault\u00bb button_icon_placement=\u00bbright\u00bb button_on_hover=\u00bbon\u00bb button_letter_spacing_hover=\u00bb0&#8243; disabled_on=\u00bboff|off|off\u00bb disabled=\u00bboff\u00bb]<\/p>\n<p>[et_pb_slide heading=\u00bbSIWA\u00bb background_image=\u00bbhttps:\/\/gandariaspain.com\/wp-content\/uploads\/2016\/09\/SIWA_SLIDER.jpg\u00bb background_position=\u00bbdefault\u00bb background_size=\u00bbdefault\u00bb background_color=\u00bb#ffffff\u00bb use_bg_overlay=\u00bboff\u00bb use_text_overlay=\u00bboff\u00bb alignment=\u00bbcenter\u00bb background_layout=\u00bbdark\u00bb allow_player_pause=\u00bboff\u00bb text_border_radius=\u00bb3&#8243; header_font_select=\u00bbdefault\u00bb header_font=\u00bb||||\u00bb body_font_select=\u00bbdefault\u00bb body_font=\u00bb||||\u00bb custom_button=\u00bboff\u00bb button_font_select=\u00bbdefault\u00bb button_font=\u00bb||||\u00bb button_use_icon=\u00bbdefault\u00bb button_icon_placement=\u00bbright\u00bb button_on_hover=\u00bbon\u00bb admin_title=\u00bbsiwa\u00bb]<\/p>\n<h3 class=\"centrame\">Software de monitorizaci\u00f3n de plantas de almacenaje<\/h3>\n<p>[\/et_pb_slide]<\/p>\n<p>[\/et_pb_fullwidth_slider][\/et_pb_section][et_pb_section bb_built=\u00bb1&#8243; admin_label=\u00bbcaracteristicas\u00bb fullwidth=\u00bboff\u00bb specialty=\u00bboff\u00bb transparent_background=\u00bboff\u00bb allow_player_pause=\u00bboff\u00bb inner_shadow=\u00bboff\u00bb parallax=\u00bboff\u00bb parallax_method=\u00bboff\u00bb padding_mobile=\u00bboff\u00bb make_fullwidth=\u00bboff\u00bb use_custom_width=\u00bboff\u00bb width_unit=\u00bbon\u00bb make_equal=\u00bboff\u00bb use_custom_gutter=\u00bboff\u00bb module_class=\u00bbfondo_seccion_verde_degradado \u00bb custom_padding=\u00bb50px|||\u00bb][et_pb_row background_position=\u00bbtop_left\u00bb background_repeat=\u00bbrepeat\u00bb background_size=\u00bbinitial\u00bb][et_pb_column type=\u00bb2_3&#8243;][et_pb_blurb admin_label=\u00bbImagen + alt de la imagen espec\u00edfico + t\u00edtulo h2 Caracter\u00edstica \u00bb url_new_window=\u00bboff\u00bb use_icon=\u00bboff\u00bb icon_color=\u00bb#7EBEC5&#8243; use_circle=\u00bboff\u00bb circle_color=\u00bb#7EBEC5&#8243; use_circle_border=\u00bboff\u00bb circle_border_color=\u00bb#7EBEC5&#8243; image=\u00bbhttps:\/\/gandariaspain.com\/wp-content\/uploads\/2016\/09\/SIWA-1.jpg\u00bb icon_placement=\u00bbtop\u00bb animation=\u00bbtop\u00bb background_layout=\u00bblight\u00bb use_icon_font_size=\u00bboff\u00bb border_style=\u00bbsolid\u00bb alt=\u00bbSIWA Software de monitorizaci\u00f3n de plantas de almacenaje\u00bb module_class=\u00bbblurb_especial_producto_fondo \u00bb background_position=\u00bbtop_left\u00bb background_repeat=\u00bbrepeat\u00bb background_size=\u00bbinitial\u00bb _builder_version=\u00bb3.0.59&#8243;]<\/p>\n<h2>Caracter\u00edsticas generales<\/h2>\n<p>[\/et_pb_blurb][\/et_pb_column][et_pb_column type=\u00bb1_3&#8243;][et_pb_text admin_label=\u00bbTitular en H3 + Texto\u00bb background_layout=\u00bblight\u00bb text_orientation=\u00bbleft\u00bb use_border_color=\u00bboff\u00bb border_color=\u00bb#ffffff\u00bb border_style=\u00bbsolid\u00bb background_position=\u00bbtop_left\u00bb background_repeat=\u00bbrepeat\u00bb background_size=\u00bbinitial\u00bb]<\/p>\n<h3>SIWA es un software para la monitorizacio\u0301n de los principales para\u0301metros de nuestras plantas de almacenaje.<\/h3>\n<div id=\"pg-24185-0\" class=\"panel-grid panel-grid-style-default\">\n<div id=\"pgc-24185-0-1\" class=\"panel-grid-cell\">\n<div id=\"panel-24185-0-1-0\" class=\"so-panel widget widget_black-studio-tinymce widget_black_studio_tinymce panel-first-child panel-last-child\" data-index=\"1\">\n<div class=\"textwidget\">\n<p>Se gestiona mediante una<strong> App de informacio\u0301n en tiempo real<\/strong> <strong>para monitorizar<\/strong> (ver pero no operar) plantas de almacenaje de cereales a trave\u0301s de internet.<\/p>\n<p>\u00bfPor qu\u00e9 SIWA?<\/p>\n<p>SIWA es un Oasis en el desierto Egipcio donde se encontraba el or\u00e1culo de Am\u00f3n. El or\u00e1culo le confirm\u00f3 a Alejandro Magno que era un ser divino y el leg\u00edtimo fara\u00f3n de Egipto, lo que propici\u00f3 la creaci\u00f3n de su Gran Imperio.<\/p>\n<p>M\u00e1s all\u00e1 de la mitolog\u00eda y la historia, nuestro sistema pretende emular al or\u00e1culo y convertirse en una herramienta a la que preguntarle por datos concretos de nuestra instalaci\u00f3n, recibiendo<strong> informaci\u00f3n muy precisa y concreta<\/strong> de la misma.<\/p>\n<\/div>\n<\/div>\n<\/div>\n<\/div>\n<p>[\/et_pb_text][\/et_pb_column][\/et_pb_row][\/et_pb_section][et_pb_section bb_built=\u00bb1&#8243; fullwidth=\u00bboff\u00bb specialty=\u00bboff\u00bb transparent_background=\u00bboff\u00bb allow_player_pause=\u00bboff\u00bb inner_shadow=\u00bboff\u00bb parallax=\u00bboff\u00bb parallax_method=\u00bboff\u00bb padding_mobile=\u00bboff\u00bb make_fullwidth=\u00bboff\u00bb use_custom_width=\u00bboff\u00bb width_unit=\u00bbon\u00bb make_equal=\u00bboff\u00bb use_custom_gutter=\u00bboff\u00bb module_class=\u00bbfondo_seccion_gris_degradado blanco\u00bb][et_pb_row background_position=\u00bbtop_left\u00bb background_repeat=\u00bbrepeat\u00bb background_size=\u00bbinitial\u00bb][et_pb_column type=\u00bb2_3&#8243;][et_pb_blurb admin_label=\u00bbImagen + alt de la imagen espec\u00edfico + t\u00edtulo h2 Paquete b\u00e1sico\u00bb url_new_window=\u00bboff\u00bb use_icon=\u00bboff\u00bb icon_color=\u00bb#7EBEC5&#8243; use_circle=\u00bboff\u00bb circle_color=\u00bb#7EBEC5&#8243; use_circle_border=\u00bboff\u00bb circle_border_color=\u00bb#7EBEC5&#8243; image=\u00bbhttps:\/\/gandariaspain.com\/wp-content\/uploads\/2016\/09\/Que-necesito-para-usar-SIWA.jpg\u00bb icon_placement=\u00bbtop\u00bb animation=\u00bbtop\u00bb background_layout=\u00bblight\u00bb text_orientation=\u00bbleft\u00bb use_icon_font_size=\u00bboff\u00bb use_border_color=\u00bboff\u00bb border_color=\u00bb#ffffff\u00bb border_style=\u00bbsolid\u00bb alt=\u00bb\u00bfQu\u00e9 necesito para usar SIWA?\u00bb module_class=\u00bbblurb_especial_producto_fondo \u00bb background_position=\u00bbtop_left\u00bb background_repeat=\u00bbrepeat\u00bb background_size=\u00bbinitial\u00bb]<\/p>\n<h2 class=\"panel-titulo\">\u00bfQu\u00e9 necesito para usar SIWA?<\/h2>\n<p>[\/et_pb_blurb][\/et_pb_column][et_pb_column type=\u00bb1_3&#8243;][et_pb_text admin_label=\u00bbTitular en H3 + Texto\u00bb background_layout=\u00bblight\u00bb text_orientation=\u00bbleft\u00bb use_border_color=\u00bboff\u00bb border_color=\u00bb#ffffff\u00bb border_style=\u00bbsolid\u00bb background_position=\u00bbtop_left\u00bb background_repeat=\u00bbrepeat\u00bb background_size=\u00bbinitial\u00bb]<\/p>\n<h3>Para usar SIWA es necesario disponer de una conexi\u00f3n a internet estable en la planta.<\/h3>\n<p>Para su correcto funcionamiento,<strong> SIWA requiere de una conexi\u00f3n a internet estable en la planta<\/strong>, bien sea a trav\u00e9s de ADSL, cobertura telef\u00f3nica o sat\u00e9lite.<\/p>\n<p>De esta forma nos da <strong>seguridad en los diagn\u00f3sticos<\/strong> de lo que ocurre en la planta sin necesidad de estar presente, y nos permite un seguimiento cercano de la misma.<\/p>\n<p>[\/et_pb_text][\/et_pb_column][\/et_pb_row][\/et_pb_section][et_pb_section bb_built=\u00bb1&#8243; admin_label=\u00bbcaracteristicas\u00bb fullwidth=\u00bboff\u00bb specialty=\u00bboff\u00bb transparent_background=\u00bboff\u00bb allow_player_pause=\u00bboff\u00bb inner_shadow=\u00bboff\u00bb parallax=\u00bboff\u00bb parallax_method=\u00bboff\u00bb padding_mobile=\u00bboff\u00bb make_fullwidth=\u00bboff\u00bb use_custom_width=\u00bboff\u00bb width_unit=\u00bbon\u00bb make_equal=\u00bboff\u00bb use_custom_gutter=\u00bboff\u00bb module_class=\u00bbfondo_seccion_verde_degradado \u00ab][et_pb_row background_position=\u00bbtop_left\u00bb background_repeat=\u00bbrepeat\u00bb background_size=\u00bbinitial\u00bb][et_pb_column type=\u00bb2_3&#8243;][et_pb_blurb admin_label=\u00bbImagen + alt de la imagen espec\u00edfico + t\u00edtulo h2 \u00bfQu\u00e9 nos permite hacer SIWA?\u00bb url_new_window=\u00bboff\u00bb use_icon=\u00bboff\u00bb icon_color=\u00bb#7EBEC5&#8243; use_circle=\u00bboff\u00bb circle_color=\u00bb#7EBEC5&#8243; use_circle_border=\u00bboff\u00bb circle_border_color=\u00bb#7EBEC5&#8243; image=\u00bbhttps:\/\/gandariaspain.com\/wp-content\/uploads\/2016\/09\/Que-nos-permite-hacer-SIWA.jpg\u00bb icon_placement=\u00bbtop\u00bb animation=\u00bbtop\u00bb background_layout=\u00bblight\u00bb text_orientation=\u00bbleft\u00bb use_icon_font_size=\u00bboff\u00bb use_border_color=\u00bboff\u00bb border_color=\u00bb#ffffff\u00bb border_style=\u00bbsolid\u00bb alt=\u00bb\u00bfQu\u00e9 nos permite hacer SIWA?\u00bb module_class=\u00bbblurb_especial_producto_fondo \u00bb background_position=\u00bbtop_left\u00bb background_repeat=\u00bbrepeat\u00bb background_size=\u00bbinitial\u00bb]<\/p>\n<h2 class=\"panel-titulo\">\u00bfQu\u00e9 nos permite hacer SIWA?<\/h2>\n<p>[\/et_pb_blurb][\/et_pb_column][et_pb_column type=\u00bb1_3&#8243;][et_pb_text admin_label=\u00bbTitular en H3 + Texto\u00bb background_layout=\u00bblight\u00bb text_orientation=\u00bbleft\u00bb use_border_color=\u00bboff\u00bb border_color=\u00bb#ffffff\u00bb border_style=\u00bbsolid\u00bb background_position=\u00bbtop_left\u00bb background_repeat=\u00bbrepeat\u00bb background_size=\u00bbinitial\u00bb]<\/p>\n<h3>SIWA nos permite gestionar el mantenimiento y estar avisado de las anomal\u00edas que se produzcan en la instalaci\u00f3n.<\/h3>\n<p>El software <strong>nos indicar\u00e1 el momento ideal para realizar el mantenimiento de la instalaci\u00f3n<\/strong>, consiguiendo de esta manera un aumento en la vida \u00fatil de la misma.<\/p>\n<p>Adem\u00e1s, permite al operario de planta estar avisado de todas las anomal\u00edas que se produzcan en la instalaci\u00f3n de cara a solucionarlas lo antes posible y de esta forma <strong>optimizar al m\u00e1ximo las horas de funcionamiento<\/strong>. Es extrapolable a una o varias plantas desde el mismo dispositivo.<\/p>\n<p>[\/et_pb_text][\/et_pb_column][\/et_pb_row][\/et_pb_section][et_pb_section bb_built=\u00bb1&#8243; fullwidth=\u00bboff\u00bb specialty=\u00bboff\u00bb transparent_background=\u00bboff\u00bb allow_player_pause=\u00bboff\u00bb inner_shadow=\u00bboff\u00bb parallax=\u00bboff\u00bb parallax_method=\u00bboff\u00bb padding_mobile=\u00bboff\u00bb make_fullwidth=\u00bboff\u00bb use_custom_width=\u00bboff\u00bb width_unit=\u00bbon\u00bb make_equal=\u00bboff\u00bb use_custom_gutter=\u00bboff\u00bb module_class=\u00bbfondo_seccion_gris_degradado blanco\u00bb][et_pb_row background_position=\u00bbtop_left\u00bb background_repeat=\u00bbrepeat\u00bb background_size=\u00bbinitial\u00bb][et_pb_column type=\u00bb2_3&#8243;][et_pb_blurb admin_label=\u00bbImagen + alt de la imagen espec\u00edfico + \u00bfDe qu\u00e9 me informa SIWA?\u00bb url_new_window=\u00bboff\u00bb use_icon=\u00bboff\u00bb icon_color=\u00bb#7EBEC5&#8243; use_circle=\u00bboff\u00bb circle_color=\u00bb#7EBEC5&#8243; use_circle_border=\u00bboff\u00bb circle_border_color=\u00bb#7EBEC5&#8243; image=\u00bbhttps:\/\/gandariaspain.com\/wp-content\/uploads\/2016\/09\/De-que-meinforma-SIWA.jpg\u00bb icon_placement=\u00bbtop\u00bb animation=\u00bbtop\u00bb background_layout=\u00bblight\u00bb text_orientation=\u00bbleft\u00bb use_icon_font_size=\u00bboff\u00bb use_border_color=\u00bboff\u00bb border_color=\u00bb#ffffff\u00bb border_style=\u00bbsolid\u00bb alt=\u00bb\u00bfDe qu\u00e9 me informa SIWA?\u00bb module_class=\u00bbblurb_especial_producto_fondo \u00bb background_position=\u00bbtop_left\u00bb background_repeat=\u00bbrepeat\u00bb background_size=\u00bbinitial\u00bb]<\/p>\n<h2 class=\"panel-titulo\">\u00bfDe qu\u00e9 me informa SIWA?<\/h2>\n<p>[\/et_pb_blurb][\/et_pb_column][et_pb_column type=\u00bb1_3&#8243;][et_pb_text admin_label=\u00bbTitular en H3 + Texto\u00bb background_layout=\u00bblight\u00bb text_orientation=\u00bbleft\u00bb border_style=\u00bbsolid\u00bb background_position=\u00bbtop_left\u00bb background_repeat=\u00bbrepeat\u00bb background_size=\u00bbinitial\u00bb _builder_version=\u00bb3.0.69&#8243;]<\/p>\n<h3>SIWA me informa del estado de mi instalaci\u00f3n en tiempo real.<\/h3>\n<div id=\"pg-24185-2\" class=\"panel-grid panel-grid-style-default\">\n<div id=\"pgc-24185-2-1\" class=\"panel-grid-cell\">\n<div id=\"panel-24185-2-1-0\" class=\"so-panel widget widget_black-studio-tinymce widget_black_studio_tinymce panel-first-child panel-last-child\" data-index=\"5\">\n<div class=\"textwidget\">\n<p>Con SIWA, en un r\u00e1pido vistazo, ser\u00e1s capaz de <strong>conocer el estado<\/strong> de tu instalaci\u00f3n, nivel de los silos, qu\u00e9 proceso se est\u00e1 realizando en ese momento, etc. Y tendr\u00e1s un <strong>an\u00e1lisis de las m\u00e1quinas y accesorios<\/strong> que se encuentran en la instalaci\u00f3n, con avisos para un correcto mantenimiento preventivo totalmente documentado.<\/p>\n<p>Se puede <strong>configurar notificaci\u00f3n hist\u00f3rica y en tiempo real de las alertas ocurridas en la planta<\/strong>, as\u00ed como su reconocimiento por parte del operador. Y siempre tendr\u00e1 al alcance un hist\u00f3rico con acceso a todos los datos desde la puesta en funcionamiento de la instalaci\u00f3n.<\/p>\n<p>Conoce todos los detalles de esta <strong>app desarrollada por Gandaria Spain<\/strong> y resuelve todas tus dudas sobre el \u00f3ptimo funcionamiento y uso de la misma contactando con nuestro Departamento I+D+i (<a href=\"mailto:idi@gandariaspain.com\" target=\"_blank\" rel=\"noopener\">idi@gandariaspain.com<\/a>).<\/p>\n<\/div>\n<\/div>\n<\/div>\n<\/div>\n<p>[\/et_pb_text][\/et_pb_column][\/et_pb_row][\/et_pb_section]<\/p>\n<span class=\"et_bloom_bottom_trigger\"><\/span>","protected":false},"excerpt":{"rendered":"<p>Gandaria Spain Software de monitorizaci\u00f3n de plantas de almacenaje Caracter\u00edsticas [&hellip;]<\/p>\n","protected":false},"author":1,"featured_media":0,"parent":103,"menu_order":0,"comment_status":"closed","ping_status":"closed","template":"","meta":{"_et_pb_use_builder":"on","_et_pb_old_content":"","_et_gb_content_width":"","_mbp_gutenberg_autopost":false,"footnotes":""},"class_list":["post-105","page","type-page","status-publish","hentry"],"yoast_head":"<!-- This site is optimized with the Yoast SEO plugin v27.3 - https:\/\/yoast.com\/product\/yoast-seo-wordpress\/ -->\n<title>Software de monitorizaci\u00f3n de plantas de almacenaje: Siwa - Gandaria - Silos Spain<\/title>\n<meta name=\"robots\" content=\"index, follow, max-snippet:-1, max-image-preview:large, max-video-preview:-1\" \/>\n<link rel=\"canonical\" href=\"https:\/\/gandariaspain.com\/es\/productos\/gestion-de-la-informacion\/software-de-monitorizacion-de-plantas-de-almacenaje-siwa\/\" \/>\n<meta property=\"og:locale\" content=\"es_ES\" \/>\n<meta property=\"og:type\" content=\"article\" \/>\n<meta property=\"og:title\" content=\"Software de monitorizaci\u00f3n de plantas de almacenaje: Siwa - Gandaria - Silos Spain\" \/>\n<meta property=\"og:description\" content=\"Gandaria Spain Software de monitorizaci\u00f3n de plantas de almacenaje Caracter\u00edsticas [&hellip;]\" \/>\n<meta property=\"og:url\" content=\"https:\/\/gandariaspain.com\/es\/productos\/gestion-de-la-informacion\/software-de-monitorizacion-de-plantas-de-almacenaje-siwa\/\" \/>\n<meta property=\"og:site_name\" content=\"Gandaria - Silos Spain\" \/>\n<meta property=\"article:modified_time\" content=\"2018-03-24T10:54:49+00:00\" \/>\n<meta name=\"twitter:card\" content=\"summary_large_image\" \/>\n<meta name=\"twitter:label1\" content=\"Tiempo de lectura\" \/>\n\t<meta name=\"twitter:data1\" content=\"9 minutos\" \/>\n<script type=\"application\/ld+json\" class=\"yoast-schema-graph\">{\"@context\":\"https:\\\/\\\/schema.org\",\"@graph\":[{\"@type\":\"WebPage\",\"@id\":\"https:\\\/\\\/gandariaspain.com\\\/es\\\/productos\\\/gestion-de-la-informacion\\\/software-de-monitorizacion-de-plantas-de-almacenaje-siwa\\\/\",\"url\":\"https:\\\/\\\/gandariaspain.com\\\/es\\\/productos\\\/gestion-de-la-informacion\\\/software-de-monitorizacion-de-plantas-de-almacenaje-siwa\\\/\",\"name\":\"Software de monitorizaci\u00f3n de plantas de almacenaje: Siwa - Gandaria - Silos Spain\",\"isPartOf\":{\"@id\":\"https:\\\/\\\/gandariaspain.com\\\/es\\\/#website\"},\"datePublished\":\"2016-09-05T10:28:29+00:00\",\"dateModified\":\"2018-03-24T10:54:49+00:00\",\"breadcrumb\":{\"@id\":\"https:\\\/\\\/gandariaspain.com\\\/es\\\/productos\\\/gestion-de-la-informacion\\\/software-de-monitorizacion-de-plantas-de-almacenaje-siwa\\\/#breadcrumb\"},\"inLanguage\":\"es\",\"potentialAction\":[{\"@type\":\"ReadAction\",\"target\":[\"https:\\\/\\\/gandariaspain.com\\\/es\\\/productos\\\/gestion-de-la-informacion\\\/software-de-monitorizacion-de-plantas-de-almacenaje-siwa\\\/\"]}]},{\"@type\":\"BreadcrumbList\",\"@id\":\"https:\\\/\\\/gandariaspain.com\\\/es\\\/productos\\\/gestion-de-la-informacion\\\/software-de-monitorizacion-de-plantas-de-almacenaje-siwa\\\/#breadcrumb\",\"itemListElement\":[{\"@type\":\"ListItem\",\"position\":1,\"name\":\"Productos\",\"item\":\"https:\\\/\\\/gandariaspain.com\\\/es\\\/productos\\\/\"},{\"@type\":\"ListItem\",\"position\":2,\"name\":\"Sistemas de gesti\u00f3n de la informaci\u00f3n\",\"item\":\"https:\\\/\\\/gandariaspain.com\\\/es\\\/productos\\\/gestion-de-la-informacion\\\/\"},{\"@type\":\"ListItem\",\"position\":3,\"name\":\"Software de monitorizaci\u00f3n de plantas de almacenaje: Siwa\"}]},{\"@type\":\"WebSite\",\"@id\":\"https:\\\/\\\/gandariaspain.com\\\/es\\\/#website\",\"url\":\"https:\\\/\\\/gandariaspain.com\\\/es\\\/\",\"name\":\"Gandaria - Silos Spain\",\"description\":\"Dep\u00f3sitos de agua y silos granja\",\"potentialAction\":[{\"@type\":\"SearchAction\",\"target\":{\"@type\":\"EntryPoint\",\"urlTemplate\":\"https:\\\/\\\/gandariaspain.com\\\/es\\\/?s={search_term_string}\"},\"query-input\":{\"@type\":\"PropertyValueSpecification\",\"valueRequired\":true,\"valueName\":\"search_term_string\"}}],\"inLanguage\":\"es\"}]}<\/script>\n<!-- \/ Yoast SEO plugin. -->","yoast_head_json":{"title":"Software de monitorizaci\u00f3n de plantas de almacenaje: Siwa - Gandaria - Silos Spain","robots":{"index":"index","follow":"follow","max-snippet":"max-snippet:-1","max-image-preview":"max-image-preview:large","max-video-preview":"max-video-preview:-1"},"canonical":"https:\/\/gandariaspain.com\/es\/productos\/gestion-de-la-informacion\/software-de-monitorizacion-de-plantas-de-almacenaje-siwa\/","og_locale":"es_ES","og_type":"article","og_title":"Software de monitorizaci\u00f3n de plantas de almacenaje: Siwa - Gandaria - Silos Spain","og_description":"Gandaria Spain Software de monitorizaci\u00f3n de plantas de almacenaje Caracter\u00edsticas [&hellip;]","og_url":"https:\/\/gandariaspain.com\/es\/productos\/gestion-de-la-informacion\/software-de-monitorizacion-de-plantas-de-almacenaje-siwa\/","og_site_name":"Gandaria - Silos Spain","article_modified_time":"2018-03-24T10:54:49+00:00","twitter_card":"summary_large_image","twitter_misc":{"Tiempo de lectura":"9 minutos"},"schema":{"@context":"https:\/\/schema.org","@graph":[{"@type":"WebPage","@id":"https:\/\/gandariaspain.com\/es\/productos\/gestion-de-la-informacion\/software-de-monitorizacion-de-plantas-de-almacenaje-siwa\/","url":"https:\/\/gandariaspain.com\/es\/productos\/gestion-de-la-informacion\/software-de-monitorizacion-de-plantas-de-almacenaje-siwa\/","name":"Software de monitorizaci\u00f3n de plantas de almacenaje: Siwa - Gandaria - Silos Spain","isPartOf":{"@id":"https:\/\/gandariaspain.com\/es\/#website"},"datePublished":"2016-09-05T10:28:29+00:00","dateModified":"2018-03-24T10:54:49+00:00","breadcrumb":{"@id":"https:\/\/gandariaspain.com\/es\/productos\/gestion-de-la-informacion\/software-de-monitorizacion-de-plantas-de-almacenaje-siwa\/#breadcrumb"},"inLanguage":"es","potentialAction":[{"@type":"ReadAction","target":["https:\/\/gandariaspain.com\/es\/productos\/gestion-de-la-informacion\/software-de-monitorizacion-de-plantas-de-almacenaje-siwa\/"]}]},{"@type":"BreadcrumbList","@id":"https:\/\/gandariaspain.com\/es\/productos\/gestion-de-la-informacion\/software-de-monitorizacion-de-plantas-de-almacenaje-siwa\/#breadcrumb","itemListElement":[{"@type":"ListItem","position":1,"name":"Productos","item":"https:\/\/gandariaspain.com\/es\/productos\/"},{"@type":"ListItem","position":2,"name":"Sistemas de gesti\u00f3n de la informaci\u00f3n","item":"https:\/\/gandariaspain.com\/es\/productos\/gestion-de-la-informacion\/"},{"@type":"ListItem","position":3,"name":"Software de monitorizaci\u00f3n de plantas de almacenaje: Siwa"}]},{"@type":"WebSite","@id":"https:\/\/gandariaspain.com\/es\/#website","url":"https:\/\/gandariaspain.com\/es\/","name":"Gandaria - Silos Spain","description":"Dep\u00f3sitos de agua y silos granja","potentialAction":[{"@type":"SearchAction","target":{"@type":"EntryPoint","urlTemplate":"https:\/\/gandariaspain.com\/es\/?s={search_term_string}"},"query-input":{"@type":"PropertyValueSpecification","valueRequired":true,"valueName":"search_term_string"}}],"inLanguage":"es"}]}},"_links":{"self":[{"href":"https:\/\/gandariaspain.com\/es\/wp-json\/wp\/v2\/pages\/105","targetHints":{"allow":["GET"]}}],"collection":[{"href":"https:\/\/gandariaspain.com\/es\/wp-json\/wp\/v2\/pages"}],"about":[{"href":"https:\/\/gandariaspain.com\/es\/wp-json\/wp\/v2\/types\/page"}],"author":[{"embeddable":true,"href":"https:\/\/gandariaspain.com\/es\/wp-json\/wp\/v2\/users\/1"}],"replies":[{"embeddable":true,"href":"https:\/\/gandariaspain.com\/es\/wp-json\/wp\/v2\/comments?post=105"}],"version-history":[{"count":20,"href":"https:\/\/gandariaspain.com\/es\/wp-json\/wp\/v2\/pages\/105\/revisions"}],"predecessor-version":[{"id":45043,"href":"https:\/\/gandariaspain.com\/es\/wp-json\/wp\/v2\/pages\/105\/revisions\/45043"}],"up":[{"embeddable":true,"href":"https:\/\/gandariaspain.com\/es\/wp-json\/wp\/v2\/pages\/103"}],"wp:attachment":[{"href":"https:\/\/gandariaspain.com\/es\/wp-json\/wp\/v2\/media?parent=105"}],"curies":[{"name":"wp","href":"https:\/\/api.w.org\/{rel}","templated":true}]}}