{"id":37121,"date":"2017-08-20T17:31:51","date_gmt":"2017-08-20T15:31:51","guid":{"rendered":"https:\/\/gandariaspain.com\/?page_id=37121\/"},"modified":"2017-09-29T18:28:42","modified_gmt":"2017-09-29T16:28:42","slug":"schluesselfertige-projekte","status":"publish","type":"page","link":"https:\/\/gandariaspain.com\/de\/produkte\/schluesselfertige-projekte\/","title":{"rendered":"Schl\u00fcsselfertige Projekte"},"content":{"rendered":"<p>[et_pb_section bb_built=&#8220;1&#8243; admin_label=&#8220;section&#8220; transparent_background=&#8220;off&#8220; background_color=&#8220;#ffffff&#8220; allow_player_pause=&#8220;off&#8220; inner_shadow=&#8220;off&#8220; parallax=&#8220;off&#8220; parallax_method=&#8220;off&#8220; padding_mobile=&#8220;off&#8220; make_fullwidth=&#8220;off&#8220; use_custom_width=&#8220;off&#8220; width_unit=&#8220;on&#8220; make_equal=&#8220;off&#8220; use_custom_gutter=&#8220;off&#8220; module_class=&#8220;indentame&#8220; locked=&#8220;on&#8220; custom_padding_tablet=&#8220;50px|0|50px|0&#8243; custom_padding_last_edited=&#8220;on|desktop&#8220;][et_pb_row admin_label=&#8220;row&#8220; parent_locked=&#8220;on&#8220; background_position=&#8220;top_left&#8220; background_repeat=&#8220;repeat&#8220; background_size=&#8220;initial&#8220;][et_pb_column type=&#8220;4_4&#8243;][et_pb_text admin_label=&#8220;No tocar. Cabecera de nivel 1. SEO&#8220; background_layout=&#8220;light&#8220; text_orientation=&#8220;left&#8220; use_border_color=&#8220;off&#8220; border_color=&#8220;#ffffff&#8220; border_style=&#8220;solid&#8220; parent_locked=&#8220;on&#8220; background_position=&#8220;top_left&#8220; background_repeat=&#8220;repeat&#8220; background_size=&#8220;initial&#8220; module_alignment=&#8220;left&#8220;]<\/p>\n<h1>Gandaria Spain<\/h1>\n<p>[\/et_pb_text][\/et_pb_column][\/et_pb_row][\/et_pb_section][et_pb_section bb_built=&#8220;1&#8243; fullwidth=&#8220;on&#8220; specialty=&#8220;off&#8220; transparent_background=&#8220;off&#8220; background_color=&#8220;#ffffff&#8220; allow_player_pause=&#8220;off&#8220; inner_shadow=&#8220;off&#8220; parallax=&#8220;off&#8220; parallax_method=&#8220;off&#8220; padding_mobile=&#8220;off&#8220; make_fullwidth=&#8220;off&#8220; use_custom_width=&#8220;off&#8220; width_unit=&#8220;on&#8220; make_equal=&#8220;off&#8220; use_custom_gutter=&#8220;off&#8220; module_class=&#8220;slide-flota-izquierda&#8220; custom_padding_tablet=&#8220;50px|0|50px|0&#8243; custom_padding_last_edited=&#8220;on|desktop&#8220;][et_pb_fullwidth_slider admin_label=&#8220;Proyectos llave en mano&#8220; show_arrows=&#8220;on&#8220; show_pagination=&#8220;on&#8220; remove_inner_shadow=&#8220;off&#8220; background_position=&#8220;top_left&#8220; hide_content_on_mobile=&#8220;off&#8220; hide_cta_on_mobile=&#8220;off&#8220; show_image_video_mobile=&#8220;off&#8220; custom_button=&#8220;off&#8220; button_letter_spacing=&#8220;0&#8243; button_icon_placement=&#8220;right&#8220; button_letter_spacing_hover=&#8220;0&#8243; disabled_on=&#8220;off|off|off&#8220; disabled=&#8220;off&#8220; _builder_version=&#8220;3.0.76&#8243; show_inner_shadow=&#8220;off&#8220; show_content_on_mobile=&#8220;off&#8220; show_cta_on_mobile=&#8220;off&#8220; custom_padding=&#8220;|||&#8220;] [et_pb_slide heading=&#8220;Schl\u00fcsselfertige Projekte&#8220; background_image=&#8220;https:\/\/gandariaspain.com\/wp-content\/uploads\/2016\/09\/Proyectos-llave-en-mano_SLIDER.jpg&#8220; background_position=&#8220;top_left&#8220; background_size=&#8220;cover&#8220; background_color=&#8220;#ffffff&#8220; use_bg_overlay=&#8220;off&#8220; use_text_overlay=&#8220;off&#8220; alignment=&#8220;center&#8220; background_layout=&#8220;dark&#8220; allow_player_pause=&#8220;off&#8220; text_border_radius=&#8220;3&#8243; header_font_select=&#8220;default&#8220; header_font=&#8220;||||&#8220; body_font_select=&#8220;default&#8220; body_font=&#8220;||||&#8220; custom_button=&#8220;off&#8220; button_font_select=&#8220;default&#8220; button_font=&#8220;||||&#8220; button_use_icon=&#8220;on&#8220; button_icon_placement=&#8220;right&#8220; button_on_hover=&#8220;on&#8220; admin_title=&#8220;Proyectos llave en mano&#8220; use_background_color_gradient=&#8220;off&#8220; background_color_gradient_start=&#8220;#2b87da&#8220; background_color_gradient_end=&#8220;#29c4a9&#8243; background_color_gradient_type=&#8220;linear&#8220; background_color_gradient_direction=&#8220;180deg&#8220; background_color_gradient_direction_radial=&#8220;center&#8220; background_color_gradient_start_position=&#8220;0%&#8220; background_color_gradient_end_position=&#8220;100%&#8220; parallax=&#8220;off&#8220; parallax_method=&#8220;off&#8220; background_repeat=&#8220;no-repeat&#8220; background_blend=&#8220;normal&#8220; button_text=&#8220;Angebot anfordern&#8220; button_link=&#8220;\/de\/angebot-anfordern\/&#8220; _builder_version=&#8220;3.0.76&#8243; button_bg_use_color_gradient=&#8220;off&#8220; button_bg_color_gradient_start=&#8220;#2b87da&#8220; button_bg_color_gradient_end=&#8220;#29c4a9&#8243; button_bg_color_gradient_type=&#8220;linear&#8220; button_bg_color_gradient_direction_radial=&#8220;center&#8220; button_bg_size=&#8220;cover&#8220; button_bg_position=&#8220;center&#8220; button_bg_repeat=&#8220;no-repeat&#8220; button_bg_blend=&#8220;normal&#8220; \/] [\/et_pb_fullwidth_slider][\/et_pb_section][et_pb_section bb_built=&#8220;1&#8243; fullwidth=&#8220;off&#8220; specialty=&#8220;off&#8220;][et_pb_row background_position=&#8220;top_left&#8220; background_repeat=&#8220;repeat&#8220; background_size=&#8220;initial&#8220;][et_pb_column type=&#8220;2_3&#8243;][et_pb_text admin_label=&#8220;Soluciones integrales para el almacenamiento, transporte y acondicionamiento del grano.&#8220; _builder_version=&#8220;3.0.72&#8243; background_layout=&#8220;light&#8220; text_orientation=&#8220;left&#8220; border_style=&#8220;solid&#8220; module_alignment=&#8220;left&#8220;]<\/p>\n<h2>Eine One-Stop-L\u00f6sung f\u00fcr Ihre Getreidelagerung-, F\u00f6rdertechnik -und Konditionierungsbed\u00fcrfnisse<\/h2>\n<p>Gandaria konzentrier<strong>t seine T\u00e4tigkeit auf die T\u00e4tigkeiten nach der Ernte<\/strong>, f\u00fcr die das Unternehmen Komplettl\u00f6sungen zur Sch\u00fcttgutaufbewahrung f\u00fcr Getreide wie auch f\u00fcr Tierfutter anbietet.<\/p>\n<p>Im Laufe der Jahre hat Gandaria seine globale Marktposition aufgrund unserer F\u00e4higkeit, auf Marktbed\u00fcrfnisse zu reagieren, verbessert. <strong>Dank mehr als 40 Jahre Erfahrung in mehr als 45 L\u00e4ndern<\/strong> k\u00f6nnen wir komplette Speicherl\u00f6sungen anbieten.<\/p>\n<p>Unser Team versteht nicht nur unsere eigene Technologie, sondern auch \u00fcber wichtige Prozesse, um die Qualit\u00e4t des Getreides zu lagern. Daher legen wir besonderen Wert auf die Qualit\u00e4t des Getreides durch Prozesse wie Reinigung, Trocknung, Lagerung, F\u00f6rdertechnik und umfangreiche Steuerungssysteme. Dies f\u00fchrte neben unserer Strategie, qualitativ hochwertige Produkte und Dienstleistungen anzubieten, eine lange Lagerzeit zu garantieren, ohne die K\u00f6rner zu besch\u00e4digen.<\/p>\n<p>[\/et_pb_text][\/et_pb_column][et_pb_column type=&#8220;1_3&#8243;][et_pb_image show_in_lightbox=&#8220;off&#8220; url_new_window=&#8220;off&#8220; use_overlay=&#8220;off&#8220; sticky=&#8220;off&#8220; align=&#8220;left&#8220; force_fullwidth=&#8220;off&#8220; always_center_on_mobile=&#8220;on&#8220; border_style=&#8220;solid&#8220; src=&#8220;https:\/\/gandariaspain.com\/wp-content\/uploads\/2016\/09\/Proyectos-llave-en-mano_SNA-1.jpg&#8220; _builder_version=&#8220;3.0.51&#8243; animation_style=&#8220;slide&#8220; animation_duration=&#8220;500ms&#8220; animation_intensity_slide=&#8220;10%&#8220; animation_direction=&#8220;left&#8220; \/][\/et_pb_column][\/et_pb_row][\/et_pb_section][et_pb_section bb_built=&#8220;1&#8243; fullwidth=&#8220;off&#8220; specialty=&#8220;off&#8220;][et_pb_row background_position=&#8220;top_left&#8220; background_repeat=&#8220;repeat&#8220; background_size=&#8220;initial&#8220;][et_pb_column type=&#8220;4_4&#8243;][et_pb_text admin_label=&#8220;Ofrecemos servicios de ingenier\u00eda llave en mano &#8220; background_layout=&#8220;light&#8220; text_orientation=&#8220;left&#8220; border_style=&#8220;solid&#8220; background_position=&#8220;top_left&#8220; background_repeat=&#8220;repeat&#8220; background_size=&#8220;initial&#8220; _builder_version=&#8220;3.0.72&#8243; module_alignment=&#8220;left&#8220;]<\/p>\n<blockquote><p>Wir bieten schl\u00fcsselfertige Siloanlagen und Kontrolle bei der Lagerung und Transport der Silos und bieten Komfort, Sicherheit, Effizienz und Rentabilit\u00e4t in der Verwaltung ihrer Siloanlagen.<\/p><\/blockquote>\n<p>[\/et_pb_text][\/et_pb_column][\/et_pb_row][\/et_pb_section][et_pb_section bb_built=&#8220;1&#8243; fullwidth=&#8220;off&#8220; specialty=&#8220;off&#8220;][et_pb_row background_position=&#8220;top_left&#8220; background_repeat=&#8220;repeat&#8220; background_size=&#8220;initial&#8220;][et_pb_column type=&#8220;4_4&#8243;][et_pb_text admin_label=&#8220;Nuestros servicios incluyen&#8220; background_layout=&#8220;light&#8220; text_orientation=&#8220;left&#8220; border_style=&#8220;solid&#8220; background_position=&#8220;top_left&#8220; background_repeat=&#8220;repeat&#8220; background_size=&#8220;initial&#8220; _builder_version=&#8220;3.0.72&#8243; module_alignment=&#8220;left&#8220;]<\/p>\n<h3>Unsere Dienstleistungen umfassen:<\/h3>\n<p>Lagersilos, Pf\u00f6rderger\u00e4te (vertikale und horizontale), Trocknung und Konditionierung der Getreide, L\u00fcftungs-und Temperaturregelung, Automatisierungs-und Management-Software Futterm\u00fchlen (pet food).<\/p>\n<p>[\/et_pb_text][\/et_pb_column][\/et_pb_row][\/et_pb_section]<\/p>\n<span class=\"et_bloom_bottom_trigger\"><\/span>","protected":false},"excerpt":{"rendered":"<p>Gandaria Spain Eine One-Stop-L\u00f6sung f\u00fcr Ihre Getreidelagerung-, F\u00f6rdertechnik -und Konditionierungsbed\u00fcrfnisse [&hellip;]<\/p>\n","protected":false},"author":1,"featured_media":0,"parent":36137,"menu_order":0,"comment_status":"closed","ping_status":"closed","template":"","meta":{"_et_pb_use_builder":"on","_et_pb_old_content":"","_et_gb_content_width":"","_mbp_gutenberg_autopost":false,"footnotes":""},"class_list":["post-37121","page","type-page","status-publish","hentry"],"yoast_head":"<!-- This site is optimized with the Yoast SEO plugin v27.5 - https:\/\/yoast.com\/product\/yoast-seo-wordpress\/ -->\n<title>Schl\u00fcsselfertige Projekte - Gandaria - Silos Spain<\/title>\n<meta name=\"robots\" content=\"index, follow, max-snippet:-1, max-image-preview:large, max-video-preview:-1\" \/>\n<link rel=\"canonical\" href=\"https:\/\/gandariaspain.com\/de\/produkte\/schluesselfertige-projekte\/\" \/>\n<meta property=\"og:locale\" content=\"de_DE\" \/>\n<meta property=\"og:type\" content=\"article\" \/>\n<meta property=\"og:title\" content=\"Schl\u00fcsselfertige Projekte - Gandaria - Silos Spain\" \/>\n<meta property=\"og:description\" content=\"Gandaria Spain Eine One-Stop-L\u00f6sung f\u00fcr Ihre Getreidelagerung-, F\u00f6rdertechnik -und Konditionierungsbed\u00fcrfnisse [&hellip;]\" \/>\n<meta property=\"og:url\" content=\"https:\/\/gandariaspain.com\/de\/produkte\/schluesselfertige-projekte\/\" \/>\n<meta property=\"og:site_name\" content=\"Gandaria - Silos Spain\" \/>\n<meta property=\"article:modified_time\" content=\"2017-09-29T16:28:42+00:00\" \/>\n<meta name=\"twitter:card\" content=\"summary_large_image\" \/>\n<meta name=\"twitter:label1\" content=\"Gesch\u00e4tzte Lesezeit\" \/>\n\t<meta name=\"twitter:data1\" content=\"5\u00a0Minuten\" \/>\n<script type=\"application\/ld+json\" class=\"yoast-schema-graph\">{\"@context\":\"https:\\\/\\\/schema.org\",\"@graph\":[{\"@type\":\"WebPage\",\"@id\":\"https:\\\/\\\/gandariaspain.com\\\/de\\\/produkte\\\/schluesselfertige-projekte\\\/\",\"url\":\"https:\\\/\\\/gandariaspain.com\\\/de\\\/produkte\\\/schluesselfertige-projekte\\\/\",\"name\":\"Schl\u00fcsselfertige Projekte - Gandaria - Silos Spain\",\"isPartOf\":{\"@id\":\"https:\\\/\\\/gandariaspain.com\\\/de\\\/#website\"},\"datePublished\":\"2017-08-20T15:31:51+00:00\",\"dateModified\":\"2017-09-29T16:28:42+00:00\",\"breadcrumb\":{\"@id\":\"https:\\\/\\\/gandariaspain.com\\\/de\\\/produkte\\\/schluesselfertige-projekte\\\/#breadcrumb\"},\"inLanguage\":\"de\",\"potentialAction\":[{\"@type\":\"ReadAction\",\"target\":[\"https:\\\/\\\/gandariaspain.com\\\/de\\\/produkte\\\/schluesselfertige-projekte\\\/\"]}]},{\"@type\":\"BreadcrumbList\",\"@id\":\"https:\\\/\\\/gandariaspain.com\\\/de\\\/produkte\\\/schluesselfertige-projekte\\\/#breadcrumb\",\"itemListElement\":[{\"@type\":\"ListItem\",\"position\":1,\"name\":\"Produkte\",\"item\":\"https:\\\/\\\/gandariaspain.com\\\/de\\\/produkte\\\/\"},{\"@type\":\"ListItem\",\"position\":2,\"name\":\"Schl\u00fcsselfertige Projekte\"}]},{\"@type\":\"WebSite\",\"@id\":\"https:\\\/\\\/gandariaspain.com\\\/de\\\/#website\",\"url\":\"https:\\\/\\\/gandariaspain.com\\\/de\\\/\",\"name\":\"Gandaria - Silos Spain\",\"description\":\"Just another WordPress site\",\"potentialAction\":[{\"@type\":\"SearchAction\",\"target\":{\"@type\":\"EntryPoint\",\"urlTemplate\":\"https:\\\/\\\/gandariaspain.com\\\/de\\\/?s={search_term_string}\"},\"query-input\":{\"@type\":\"PropertyValueSpecification\",\"valueRequired\":true,\"valueName\":\"search_term_string\"}}],\"inLanguage\":\"de\"}]}<\/script>\n<!-- \/ Yoast SEO plugin. -->","yoast_head_json":{"title":"Schl\u00fcsselfertige Projekte - Gandaria - Silos Spain","robots":{"index":"index","follow":"follow","max-snippet":"max-snippet:-1","max-image-preview":"max-image-preview:large","max-video-preview":"max-video-preview:-1"},"canonical":"https:\/\/gandariaspain.com\/de\/produkte\/schluesselfertige-projekte\/","og_locale":"de_DE","og_type":"article","og_title":"Schl\u00fcsselfertige Projekte - Gandaria - Silos Spain","og_description":"Gandaria Spain Eine One-Stop-L\u00f6sung f\u00fcr Ihre Getreidelagerung-, F\u00f6rdertechnik -und Konditionierungsbed\u00fcrfnisse [&hellip;]","og_url":"https:\/\/gandariaspain.com\/de\/produkte\/schluesselfertige-projekte\/","og_site_name":"Gandaria - Silos Spain","article_modified_time":"2017-09-29T16:28:42+00:00","twitter_card":"summary_large_image","twitter_misc":{"Gesch\u00e4tzte Lesezeit":"5\u00a0Minuten"},"schema":{"@context":"https:\/\/schema.org","@graph":[{"@type":"WebPage","@id":"https:\/\/gandariaspain.com\/de\/produkte\/schluesselfertige-projekte\/","url":"https:\/\/gandariaspain.com\/de\/produkte\/schluesselfertige-projekte\/","name":"Schl\u00fcsselfertige Projekte - Gandaria - Silos Spain","isPartOf":{"@id":"https:\/\/gandariaspain.com\/de\/#website"},"datePublished":"2017-08-20T15:31:51+00:00","dateModified":"2017-09-29T16:28:42+00:00","breadcrumb":{"@id":"https:\/\/gandariaspain.com\/de\/produkte\/schluesselfertige-projekte\/#breadcrumb"},"inLanguage":"de","potentialAction":[{"@type":"ReadAction","target":["https:\/\/gandariaspain.com\/de\/produkte\/schluesselfertige-projekte\/"]}]},{"@type":"BreadcrumbList","@id":"https:\/\/gandariaspain.com\/de\/produkte\/schluesselfertige-projekte\/#breadcrumb","itemListElement":[{"@type":"ListItem","position":1,"name":"Produkte","item":"https:\/\/gandariaspain.com\/de\/produkte\/"},{"@type":"ListItem","position":2,"name":"Schl\u00fcsselfertige Projekte"}]},{"@type":"WebSite","@id":"https:\/\/gandariaspain.com\/de\/#website","url":"https:\/\/gandariaspain.com\/de\/","name":"Gandaria - Silos Spain","description":"Just another WordPress site","potentialAction":[{"@type":"SearchAction","target":{"@type":"EntryPoint","urlTemplate":"https:\/\/gandariaspain.com\/de\/?s={search_term_string}"},"query-input":{"@type":"PropertyValueSpecification","valueRequired":true,"valueName":"search_term_string"}}],"inLanguage":"de"}]}},"_links":{"self":[{"href":"https:\/\/gandariaspain.com\/de\/wp-json\/wp\/v2\/pages\/37121","targetHints":{"allow":["GET"]}}],"collection":[{"href":"https:\/\/gandariaspain.com\/de\/wp-json\/wp\/v2\/pages"}],"about":[{"href":"https:\/\/gandariaspain.com\/de\/wp-json\/wp\/v2\/types\/page"}],"author":[{"embeddable":true,"href":"https:\/\/gandariaspain.com\/de\/wp-json\/wp\/v2\/users\/1"}],"replies":[{"embeddable":true,"href":"https:\/\/gandariaspain.com\/de\/wp-json\/wp\/v2\/comments?post=37121"}],"version-history":[{"count":5,"href":"https:\/\/gandariaspain.com\/de\/wp-json\/wp\/v2\/pages\/37121\/revisions"}],"predecessor-version":[{"id":42249,"href":"https:\/\/gandariaspain.com\/de\/wp-json\/wp\/v2\/pages\/37121\/revisions\/42249"}],"up":[{"embeddable":true,"href":"https:\/\/gandariaspain.com\/de\/wp-json\/wp\/v2\/pages\/36137"}],"wp:attachment":[{"href":"https:\/\/gandariaspain.com\/de\/wp-json\/wp\/v2\/media?parent=37121"}],"curies":[{"name":"wp","href":"https:\/\/api.w.org\/{rel}","templated":true}]}}