{"id":37116,"date":"2017-08-20T17:30:11","date_gmt":"2017-08-20T15:30:11","guid":{"rendered":"https:\/\/gandariaspain.com\/?page_id=37116\/"},"modified":"2017-09-01T12:53:05","modified_gmt":"2017-09-01T10:53:05","slug":"strukturen","status":"publish","type":"page","link":"https:\/\/gandariaspain.com\/de\/produkte\/strukturen\/","title":{"rendered":"Strukturen"},"content":{"rendered":"<p>[et_pb_section bb_built=&#8220;1&#8243; admin_label=&#8220;section&#8220; transparent_background=&#8220;off&#8220; background_color=&#8220;#ffffff&#8220; allow_player_pause=&#8220;off&#8220; inner_shadow=&#8220;off&#8220; parallax=&#8220;off&#8220; parallax_method=&#8220;off&#8220; padding_mobile=&#8220;off&#8220; make_fullwidth=&#8220;off&#8220; use_custom_width=&#8220;off&#8220; width_unit=&#8220;on&#8220; make_equal=&#8220;off&#8220; use_custom_gutter=&#8220;off&#8220; module_class=&#8220;indentame&#8220; locked=&#8220;on&#8220;][et_pb_row admin_label=&#8220;row&#8220; parent_locked=&#8220;on&#8220; background_position=&#8220;top_left&#8220; background_repeat=&#8220;repeat&#8220; background_size=&#8220;initial&#8220;][et_pb_column type=&#8220;4_4&#8243;][et_pb_text admin_label=&#8220;No tocar. Cabecera de nivel 1. SEO&#8220; background_layout=&#8220;light&#8220; text_orientation=&#8220;left&#8220; use_border_color=&#8220;off&#8220; border_color=&#8220;#ffffff&#8220; border_style=&#8220;solid&#8220; parent_locked=&#8220;on&#8220; background_position=&#8220;top_left&#8220; background_repeat=&#8220;repeat&#8220; background_size=&#8220;initial&#8220;]<\/p>\n<h1>Gandaria Spain<\/h1>\n<p>[\/et_pb_text][\/et_pb_column][\/et_pb_row][\/et_pb_section][et_pb_section bb_built=&#8220;1&#8243; fullwidth=&#8220;on&#8220; specialty=&#8220;off&#8220; transparent_background=&#8220;off&#8220; background_color=&#8220;#ffffff&#8220; allow_player_pause=&#8220;off&#8220; inner_shadow=&#8220;off&#8220; parallax=&#8220;off&#8220; parallax_method=&#8220;off&#8220; padding_mobile=&#8220;off&#8220; make_fullwidth=&#8220;off&#8220; use_custom_width=&#8220;off&#8220; width_unit=&#8220;on&#8220; make_equal=&#8220;off&#8220; use_custom_gutter=&#8220;off&#8220; module_class=&#8220;slide-flota-izquierda&#8220;][et_pb_fullwidth_slider admin_label=&#8220;Cabecera principal + CTA&#8220; show_arrows=&#8220;on&#8220; show_pagination=&#8220;on&#8220; auto=&#8220;off&#8220; auto_ignore_hover=&#8220;off&#8220; parallax=&#8220;off&#8220; parallax_method=&#8220;off&#8220; remove_inner_shadow=&#8220;off&#8220; background_position=&#8220;top_left&#8220; hide_content_on_mobile=&#8220;off&#8220; hide_cta_on_mobile=&#8220;off&#8220; show_image_video_mobile=&#8220;off&#8220; custom_button=&#8220;off&#8220; button_letter_spacing=&#8220;0&#8243; button_icon_placement=&#8220;right&#8220; button_letter_spacing_hover=&#8220;0&#8243; disabled_on=&#8220;off|off|off&#8220; disabled=&#8220;off&#8220; _builder_version=&#8220;3.0.71&#8243;]<\/p>\n<p>[et_pb_slide heading=&#8220;Strukturen&#8220; background_image=&#8220;https:\/\/gandariaspain.com\/wp-content\/uploads\/2017\/04\/ESTRUCTURAS_SLIDER.jpg&#8220; background_position=&#8220;top_left&#8220; background_size=&#8220;cover&#8220; background_color=&#8220;#ffffff&#8220; use_bg_overlay=&#8220;off&#8220; use_text_overlay=&#8220;off&#8220; alignment=&#8220;center&#8220; background_layout=&#8220;dark&#8220; allow_player_pause=&#8220;off&#8220; text_border_radius=&#8220;3&#8243; header_font_select=&#8220;default&#8220; header_font=&#8220;||||&#8220; body_font_select=&#8220;default&#8220; body_font=&#8220;||||&#8220; custom_button=&#8220;off&#8220; button_font_select=&#8220;default&#8220; button_font=&#8220;||||&#8220; button_use_icon=&#8220;default&#8220; button_icon_placement=&#8220;right&#8220; button_on_hover=&#8220;on&#8220; admin_title=&#8220;Estructuras&#8220; use_background_color_gradient=&#8220;off&#8220; background_color_gradient_start=&#8220;#2b87da&#8220; background_color_gradient_end=&#8220;#29c4a9&#8243; background_color_gradient_type=&#8220;linear&#8220; background_color_gradient_direction=&#8220;180deg&#8220; background_color_gradient_direction_radial=&#8220;center&#8220; background_color_gradient_start_position=&#8220;0%&#8220; background_color_gradient_end_position=&#8220;100%&#8220; parallax=&#8220;off&#8220; parallax_method=&#8220;off&#8220; background_repeat=&#8220;no-repeat&#8220; background_blend=&#8220;normal&#8220;]<\/p>\n<h3>Individuell angepasste Strukturen und deren Anwendungen<\/h3>\n<p>[\/et_pb_slide]<\/p>\n<p>[\/et_pb_fullwidth_slider][\/et_pb_section][et_pb_section bb_built=&#8220;1&#8243; admin_label=&#8220;Principales caracter\u00edsticas&#8220; fullwidth=&#8220;off&#8220; specialty=&#8220;off&#8220; transparent_background=&#8220;on&#8220; background_color=&#8220;#3a4149&#8243; allow_player_pause=&#8220;off&#8220; inner_shadow=&#8220;off&#8220; parallax=&#8220;off&#8220; parallax_method=&#8220;off&#8220; padding_mobile=&#8220;off&#8220; make_fullwidth=&#8220;off&#8220; use_custom_width=&#8220;off&#8220; width_unit=&#8220;on&#8220; make_equal=&#8220;off&#8220; use_custom_gutter=&#8220;off&#8220;][et_pb_row make_fullwidth=&#8220;on&#8220; use_custom_width=&#8220;off&#8220; width_unit=&#8220;on&#8220; use_custom_gutter=&#8220;off&#8220; padding_mobile=&#8220;off&#8220; allow_player_pause=&#8220;off&#8220; parallax=&#8220;off&#8220; parallax_method=&#8220;off&#8220; make_equal=&#8220;off&#8220; parallax_1=&#8220;off&#8220; parallax_method_1=&#8220;off&#8220; parallax_2=&#8220;off&#8220; parallax_method_2=&#8220;off&#8220; column_padding_mobile=&#8220;on&#8220; background_position=&#8220;top_left&#8220; background_repeat=&#8220;repeat&#8220; background_size=&#8220;initial&#8220;][et_pb_column type=&#8220;1_2&#8243;][et_pb_blurb admin_label=&#8220;Catwalks&#8220; url_new_window=&#8220;off&#8220; use_icon=&#8220;off&#8220; font_icon=&#8220;3&#8243; icon_color=&#8220;#ffffff&#8220; use_circle=&#8220;off&#8220; circle_color=&#8220;#417764&#8243; use_circle_border=&#8220;on&#8220; circle_border_color=&#8220;#417764&#8243; icon_placement=&#8220;left&#8220; animation=&#8220;off&#8220; background_layout=&#8220;light&#8220; use_icon_font_size=&#8220;on&#8220; border_style=&#8220;solid&#8220; icon_font_size=&#8220;21px&#8220; background_position=&#8220;top_left&#8220; background_repeat=&#8220;repeat&#8220; background_size=&#8220;initial&#8220; _builder_version=&#8220;3.0.71&#8243;]<\/p>\n<h3>Laufstege<\/h3>\n<p>Zum Tragen der Beladungsmaschinen und zur Erleichterung der Wartung wie auch der Bedienung der Siloanlage sind je nach Spannweite, Bodenentfernung und Tragf\u00e4higkeit verschiedene Laufstege erh\u00e4ltlich.<\/p>\n<p>Der Gestaltung besteht aus Modulen mit Schraubverbindungen. Sie sind f\u00fcr Personenverkehr und als St\u00fctze f\u00fcr Maschinen f\u00fcr bis zu 2.000 t\/h ausgelegt. Ihre Abmessungen reichen von 800 mm bis 3.500 mm Breite mit rutschfestem Boden und Schutzvorrichtungen laut<strong> UNE-EN ISO 14122 Norm. <\/strong><\/p>\n<p>Die verf\u00fcgbaren Laufstegoptionen sind folgende: Offen, Tunnelform, mit Aufbau als Gitterwerk oder Walzmaterial.<\/p>\n<p>[\/et_pb_blurb][et_pb_image admin_label=&#8220;Imagen 1 Catwalks&#8220; _builder_version=&#8220;3.0.69&#8243; show_in_lightbox=&#8220;off&#8220; url_new_window=&#8220;off&#8220; use_overlay=&#8220;off&#8220; sticky=&#8220;off&#8220; align=&#8220;left&#8220; always_center_on_mobile=&#8220;on&#8220; border_style=&#8220;solid&#8220; force_fullwidth=&#8220;off&#8220; src=&#8220;https:\/\/gandariaspain.com\/wp-content\/uploads\/2017\/04\/pasarela.jpg&#8220; \/][et_pb_blurb admin_label=&#8220;Lateral support&#8220; url_new_window=&#8220;off&#8220; use_icon=&#8220;off&#8220; font_icon=&#8220;3&#8243; icon_color=&#8220;#ffffff&#8220; use_circle=&#8220;on&#8220; circle_color=&#8220;#417764&#8243; use_circle_border=&#8220;on&#8220; circle_border_color=&#8220;#417764&#8243; icon_placement=&#8220;left&#8220; animation=&#8220;off&#8220; background_layout=&#8220;light&#8220; use_icon_font_size=&#8220;on&#8220; border_style=&#8220;solid&#8220; icon_font_size=&#8220;21px&#8220; disabled_on=&#8220;off|off|off&#8220; disabled=&#8220;off&#8220; locked=&#8220;off&#8220; background_position=&#8220;top_left&#8220; background_repeat=&#8220;repeat&#8220; background_size=&#8220;initial&#8220; _builder_version=&#8220;3.0.71&#8243;]<\/p>\n<h3>Seitliche Abst\u00fctzung<\/h3>\n<p>Die seitliche Abst\u00fctzung wird an die Siloverst\u00e4rkungen angeschraubt. Sie wird f\u00fcr leichte Maschinen bei Silos bis zu 24 m Durchmesser eingesetzt. Zus\u00e4tzlich kann der seitlichen Abst\u00fctzung je nach Silomodell und Laufsteg eine schr\u00e4ge Abst\u00fctzung hinzugef\u00fcgt werden.<\/p>\n<p>[\/et_pb_blurb][et_pb_image admin_label=&#8220;Imagen 3 Lateral support&#8220; _builder_version=&#8220;3.0.69&#8243; show_in_lightbox=&#8220;off&#8220; url_new_window=&#8220;off&#8220; use_overlay=&#8220;off&#8220; sticky=&#8220;off&#8220; align=&#8220;left&#8220; always_center_on_mobile=&#8220;on&#8220; border_style=&#8220;solid&#8220; force_fullwidth=&#8220;off&#8220; src=&#8220;https:\/\/gandariaspain.com\/wp-content\/uploads\/2017\/04\/soporte-lateral.jpg&#8220; \/][et_pb_blurb admin_label=&#8220;Suport towers&#8220; url_new_window=&#8220;off&#8220; use_icon=&#8220;off&#8220; font_icon=&#8220;3&#8243; icon_color=&#8220;#ffffff&#8220; use_circle=&#8220;on&#8220; circle_color=&#8220;#417764&#8243; use_circle_border=&#8220;on&#8220; circle_border_color=&#8220;#417764&#8243; icon_placement=&#8220;left&#8220; animation=&#8220;off&#8220; background_layout=&#8220;light&#8220; use_icon_font_size=&#8220;on&#8220; border_style=&#8220;solid&#8220; icon_font_size=&#8220;21px&#8220; disabled_on=&#8220;off|off|off&#8220; disabled=&#8220;off&#8220; background_position=&#8220;top_left&#8220; background_repeat=&#8220;repeat&#8220; background_size=&#8220;initial&#8220; _builder_version=&#8220;3.0.71&#8243;]<\/p>\n<h3>St\u00fctzt\u00fcrme<\/h3>\n<p>Die St\u00fctzt\u00fcrme sind speziell gestaltet, um die Belastungen des Laufstegs unmittelbar auf das Fundament zu \u00fcbertragen. Je nach Anordnung und Konstruktion bieten wir verschiedene Turmtypen an:<br \/>\nZwischent\u00fcrme zwischen Silos zur Unterst\u00fctzung der Laufstege:<\/p>\n<ul>\n<li>Grundfl\u00e4che 2 x 1 Meter<\/li>\n<li>Au\u00dfent\u00fcrme: Grundfl\u00e4che 2 x 2 Meter<\/li>\n<li>Rohrf\u00f6rmige T\u00fcrme und T\u00fcrme als Schubstangentyp: F\u00fcr Laufstege aus Walz- und Formmaterial.<\/li>\n<\/ul>\n<p>[\/et_pb_blurb][et_pb_image admin_label=&#8220;Imagen 5 Suport towers&#8220; _builder_version=&#8220;3.0.69&#8243; show_in_lightbox=&#8220;off&#8220; url_new_window=&#8220;off&#8220; use_overlay=&#8220;off&#8220; sticky=&#8220;off&#8220; align=&#8220;left&#8220; always_center_on_mobile=&#8220;on&#8220; border_style=&#8220;solid&#8220; force_fullwidth=&#8220;off&#8220; src=&#8220;https:\/\/gandariaspain.com\/wp-content\/uploads\/2017\/04\/torre-apoyo.jpg&#8220; \/][\/et_pb_column][et_pb_column type=&#8220;1_2&#8243;][et_pb_blurb admin_label=&#8220;Cap support&#8220; url_new_window=&#8220;off&#8220; use_icon=&#8220;off&#8220; font_icon=&#8220;3&#8243; icon_color=&#8220;#ffffff&#8220; use_circle=&#8220;off&#8220; circle_color=&#8220;#417764&#8243; use_circle_border=&#8220;on&#8220; circle_border_color=&#8220;#417764&#8243; icon_placement=&#8220;left&#8220; animation=&#8220;off&#8220; background_layout=&#8220;light&#8220; use_icon_font_size=&#8220;on&#8220; border_style=&#8220;solid&#8220; icon_font_size=&#8220;21px&#8220; background_position=&#8220;top_left&#8220; background_repeat=&#8220;repeat&#8220; background_size=&#8220;initial&#8220; _builder_version=&#8220;3.0.71&#8243;]<\/p>\n<h3>Mittelauftr\u00e4ger<\/h3>\n<p>Der Mittelauftr\u00e4ger dient als St\u00fctze f\u00fcr den Laufsteg und wird \u00fcber dem obersten Abschluss des Silodachs angebracht. Es gibt verschiedene Typen entsprechend der Maschinenleistung und Laufstegart.<\/p>\n<p>[\/et_pb_blurb][et_pb_image admin_label=&#8220;Imagen 2 Cap support&#8220; _builder_version=&#8220;3.0.69&#8243; show_in_lightbox=&#8220;off&#8220; url_new_window=&#8220;off&#8220; use_overlay=&#8220;off&#8220; sticky=&#8220;off&#8220; align=&#8220;left&#8220; always_center_on_mobile=&#8220;on&#8220; border_style=&#8220;solid&#8220; force_fullwidth=&#8220;off&#8220; src=&#8220;https:\/\/gandariaspain.com\/wp-content\/uploads\/2017\/04\/soporte-cupula.jpg&#8220; \/][et_pb_blurb admin_label=&#8220;Rest platform&#8220; url_new_window=&#8220;off&#8220; use_icon=&#8220;off&#8220; font_icon=&#8220;3&#8243; icon_color=&#8220;#ffffff&#8220; use_circle=&#8220;off&#8220; circle_color=&#8220;#417764&#8243; use_circle_border=&#8220;on&#8220; circle_border_color=&#8220;#417764&#8243; icon_placement=&#8220;left&#8220; animation=&#8220;off&#8220; background_layout=&#8220;light&#8220; use_icon_font_size=&#8220;on&#8220; border_style=&#8220;solid&#8220; icon_font_size=&#8220;21px&#8220; disabled_on=&#8220;off|off|off&#8220; disabled=&#8220;off&#8220; background_position=&#8220;top_left&#8220; background_repeat=&#8220;repeat&#8220; background_size=&#8220;initial&#8220; _builder_version=&#8220;3.0.71&#8243;]<\/p>\n<h3>B\u00fchne auf der Kuppel<\/h3>\n<p>Die B\u00fchne auf der Kuppel ist ein optionales Bauteil, das die \u00dcberwachungsfunktionen der Verbindungen zwischen Maschinen und Silo erleichtert.<\/p>\n<p>[\/et_pb_blurb][et_pb_image admin_label=&#8220;Imagen 4 Rest platform&#8220; _builder_version=&#8220;3.0.69&#8243; show_in_lightbox=&#8220;off&#8220; url_new_window=&#8220;off&#8220; use_overlay=&#8220;off&#8220; sticky=&#8220;off&#8220; align=&#8220;left&#8220; always_center_on_mobile=&#8220;on&#8220; border_style=&#8220;solid&#8220; force_fullwidth=&#8220;off&#8220; src=&#8220;https:\/\/gandariaspain.com\/wp-content\/uploads\/2017\/04\/plataforma-cupula.jpg&#8220; \/][et_pb_blurb admin_label=&#8220;Elevator towers&#8220; url_new_window=&#8220;off&#8220; use_icon=&#8220;off&#8220; font_icon=&#8220;3&#8243; icon_color=&#8220;#ffffff&#8220; use_circle=&#8220;off&#8220; circle_color=&#8220;#417764&#8243; use_circle_border=&#8220;on&#8220; circle_border_color=&#8220;#417764&#8243; icon_placement=&#8220;left&#8220; animation=&#8220;off&#8220; background_layout=&#8220;light&#8220; use_icon_font_size=&#8220;on&#8220; border_style=&#8220;solid&#8220; icon_font_size=&#8220;21px&#8220; disabled_on=&#8220;off|off|off&#8220; disabled=&#8220;off&#8220; background_position=&#8220;top_left&#8220; background_repeat=&#8220;repeat&#8220; background_size=&#8220;initial&#8220; _builder_version=&#8220;3.0.71&#8243;]<\/p>\n<h3>Elevatort\u00fcrme<\/h3>\n<p>Elevatort\u00fcrme sind modulf\u00f6rmige Schraub- und Schwei\u00dfaufbauten, die aus Doppel-T-Walzprofilen aus verzinktem Stahl hergestellt sind.<\/p>\n<ul>\n<li>Sie bieten Stabilit\u00e4t, erleichtern den Zugang zu den Laufstegen und machen die Wartungst\u00e4tigkeiten des Elevators sicherer.<\/li>\n<li>Mit begehbarem Boden, elektrisch geschwei\u00dften Gittern und Wartungsb\u00fchnen sowie Spannvorrichtungen zur Befestigung.<\/li>\n<\/ul>\n<p>Anwendungen:<\/p>\n<ul>\n<li>Bei Anlagen, wo der Korneingang in einer Elevatorengruppe zentralisiert ist.<\/li>\n<li>F\u00fcr Verarbeitungst\u00fcrme mit Wareneingang, Wiegesystem und Reinigung.<\/li>\n<li>Transfert\u00fcrme in Hafenanlagen<\/li>\n<\/ul>\n<p>[\/et_pb_blurb][et_pb_image admin_label=&#8220;Imagen 6 Elevator towers&#8220; _builder_version=&#8220;3.0.69&#8243; show_in_lightbox=&#8220;off&#8220; url_new_window=&#8220;off&#8220; use_overlay=&#8220;off&#8220; sticky=&#8220;off&#8220; align=&#8220;left&#8220; always_center_on_mobile=&#8220;on&#8220; border_style=&#8220;solid&#8220; force_fullwidth=&#8220;off&#8220; src=&#8220;https:\/\/gandariaspain.com\/wp-content\/uploads\/2017\/04\/torre-elevador.jpg&#8220; \/][\/et_pb_column][\/et_pb_row][\/et_pb_section]<\/p>\n<span class=\"et_bloom_bottom_trigger\"><\/span>","protected":false},"excerpt":{"rendered":"<p>Gandaria Spain Individuell angepasste Strukturen und deren Anwendungen Laufstege Zum [&hellip;]<\/p>\n","protected":false},"author":1,"featured_media":0,"parent":36137,"menu_order":0,"comment_status":"closed","ping_status":"closed","template":"","meta":{"_et_pb_use_builder":"on","_et_pb_old_content":"Estructuras","_et_gb_content_width":"","_mbp_gutenberg_autopost":false,"footnotes":""},"class_list":["post-37116","page","type-page","status-publish","hentry"],"yoast_head":"<!-- This site is optimized with the Yoast SEO plugin v27.3 - https:\/\/yoast.com\/product\/yoast-seo-wordpress\/ -->\n<title>Strukturen - Gandaria - Silos Spain<\/title>\n<meta name=\"robots\" content=\"index, follow, max-snippet:-1, max-image-preview:large, max-video-preview:-1\" \/>\n<link rel=\"canonical\" href=\"https:\/\/gandariaspain.com\/de\/produkte\/strukturen\/\" \/>\n<meta property=\"og:locale\" content=\"de_DE\" \/>\n<meta property=\"og:type\" content=\"article\" \/>\n<meta property=\"og:title\" content=\"Strukturen - Gandaria - Silos Spain\" \/>\n<meta property=\"og:description\" content=\"Gandaria Spain Individuell angepasste Strukturen und deren Anwendungen Laufstege Zum [&hellip;]\" \/>\n<meta property=\"og:url\" content=\"https:\/\/gandariaspain.com\/de\/produkte\/strukturen\/\" \/>\n<meta property=\"og:site_name\" content=\"Gandaria - Silos Spain\" \/>\n<meta property=\"article:modified_time\" content=\"2017-09-01T10:53:05+00:00\" \/>\n<meta name=\"twitter:card\" content=\"summary_large_image\" \/>\n<meta name=\"twitter:label1\" content=\"Gesch\u00e4tzte Lesezeit\" \/>\n\t<meta name=\"twitter:data1\" content=\"8\u00a0Minuten\" \/>\n<script type=\"application\/ld+json\" class=\"yoast-schema-graph\">{\"@context\":\"https:\\\/\\\/schema.org\",\"@graph\":[{\"@type\":\"WebPage\",\"@id\":\"https:\\\/\\\/gandariaspain.com\\\/de\\\/produkte\\\/strukturen\\\/\",\"url\":\"https:\\\/\\\/gandariaspain.com\\\/de\\\/produkte\\\/strukturen\\\/\",\"name\":\"Strukturen - Gandaria - Silos Spain\",\"isPartOf\":{\"@id\":\"https:\\\/\\\/gandariaspain.com\\\/de\\\/#website\"},\"datePublished\":\"2017-08-20T15:30:11+00:00\",\"dateModified\":\"2017-09-01T10:53:05+00:00\",\"breadcrumb\":{\"@id\":\"https:\\\/\\\/gandariaspain.com\\\/de\\\/produkte\\\/strukturen\\\/#breadcrumb\"},\"inLanguage\":\"de\",\"potentialAction\":[{\"@type\":\"ReadAction\",\"target\":[\"https:\\\/\\\/gandariaspain.com\\\/de\\\/produkte\\\/strukturen\\\/\"]}]},{\"@type\":\"BreadcrumbList\",\"@id\":\"https:\\\/\\\/gandariaspain.com\\\/de\\\/produkte\\\/strukturen\\\/#breadcrumb\",\"itemListElement\":[{\"@type\":\"ListItem\",\"position\":1,\"name\":\"Produkte\",\"item\":\"https:\\\/\\\/gandariaspain.com\\\/de\\\/produkte\\\/\"},{\"@type\":\"ListItem\",\"position\":2,\"name\":\"Strukturen\"}]},{\"@type\":\"WebSite\",\"@id\":\"https:\\\/\\\/gandariaspain.com\\\/de\\\/#website\",\"url\":\"https:\\\/\\\/gandariaspain.com\\\/de\\\/\",\"name\":\"Gandaria - Silos Spain\",\"description\":\"Just another WordPress site\",\"potentialAction\":[{\"@type\":\"SearchAction\",\"target\":{\"@type\":\"EntryPoint\",\"urlTemplate\":\"https:\\\/\\\/gandariaspain.com\\\/de\\\/?s={search_term_string}\"},\"query-input\":{\"@type\":\"PropertyValueSpecification\",\"valueRequired\":true,\"valueName\":\"search_term_string\"}}],\"inLanguage\":\"de\"}]}<\/script>\n<!-- \/ Yoast SEO plugin. -->","yoast_head_json":{"title":"Strukturen - Gandaria - Silos Spain","robots":{"index":"index","follow":"follow","max-snippet":"max-snippet:-1","max-image-preview":"max-image-preview:large","max-video-preview":"max-video-preview:-1"},"canonical":"https:\/\/gandariaspain.com\/de\/produkte\/strukturen\/","og_locale":"de_DE","og_type":"article","og_title":"Strukturen - Gandaria - Silos Spain","og_description":"Gandaria Spain Individuell angepasste Strukturen und deren Anwendungen Laufstege Zum [&hellip;]","og_url":"https:\/\/gandariaspain.com\/de\/produkte\/strukturen\/","og_site_name":"Gandaria - Silos Spain","article_modified_time":"2017-09-01T10:53:05+00:00","twitter_card":"summary_large_image","twitter_misc":{"Gesch\u00e4tzte Lesezeit":"8\u00a0Minuten"},"schema":{"@context":"https:\/\/schema.org","@graph":[{"@type":"WebPage","@id":"https:\/\/gandariaspain.com\/de\/produkte\/strukturen\/","url":"https:\/\/gandariaspain.com\/de\/produkte\/strukturen\/","name":"Strukturen - Gandaria - Silos Spain","isPartOf":{"@id":"https:\/\/gandariaspain.com\/de\/#website"},"datePublished":"2017-08-20T15:30:11+00:00","dateModified":"2017-09-01T10:53:05+00:00","breadcrumb":{"@id":"https:\/\/gandariaspain.com\/de\/produkte\/strukturen\/#breadcrumb"},"inLanguage":"de","potentialAction":[{"@type":"ReadAction","target":["https:\/\/gandariaspain.com\/de\/produkte\/strukturen\/"]}]},{"@type":"BreadcrumbList","@id":"https:\/\/gandariaspain.com\/de\/produkte\/strukturen\/#breadcrumb","itemListElement":[{"@type":"ListItem","position":1,"name":"Produkte","item":"https:\/\/gandariaspain.com\/de\/produkte\/"},{"@type":"ListItem","position":2,"name":"Strukturen"}]},{"@type":"WebSite","@id":"https:\/\/gandariaspain.com\/de\/#website","url":"https:\/\/gandariaspain.com\/de\/","name":"Gandaria - Silos Spain","description":"Just another WordPress site","potentialAction":[{"@type":"SearchAction","target":{"@type":"EntryPoint","urlTemplate":"https:\/\/gandariaspain.com\/de\/?s={search_term_string}"},"query-input":{"@type":"PropertyValueSpecification","valueRequired":true,"valueName":"search_term_string"}}],"inLanguage":"de"}]}},"_links":{"self":[{"href":"https:\/\/gandariaspain.com\/de\/wp-json\/wp\/v2\/pages\/37116","targetHints":{"allow":["GET"]}}],"collection":[{"href":"https:\/\/gandariaspain.com\/de\/wp-json\/wp\/v2\/pages"}],"about":[{"href":"https:\/\/gandariaspain.com\/de\/wp-json\/wp\/v2\/types\/page"}],"author":[{"embeddable":true,"href":"https:\/\/gandariaspain.com\/de\/wp-json\/wp\/v2\/users\/1"}],"replies":[{"embeddable":true,"href":"https:\/\/gandariaspain.com\/de\/wp-json\/wp\/v2\/comments?post=37116"}],"version-history":[{"count":3,"href":"https:\/\/gandariaspain.com\/de\/wp-json\/wp\/v2\/pages\/37116\/revisions"}],"predecessor-version":[{"id":40649,"href":"https:\/\/gandariaspain.com\/de\/wp-json\/wp\/v2\/pages\/37116\/revisions\/40649"}],"up":[{"embeddable":true,"href":"https:\/\/gandariaspain.com\/de\/wp-json\/wp\/v2\/pages\/36137"}],"wp:attachment":[{"href":"https:\/\/gandariaspain.com\/de\/wp-json\/wp\/v2\/media?parent=37116"}],"curies":[{"name":"wp","href":"https:\/\/api.w.org\/{rel}","templated":true}]}}