{"id":36785,"date":"2017-08-20T17:06:20","date_gmt":"2017-08-20T15:06:20","guid":{"rendered":"https:\/\/gandariaspain.com\/?page_id=36785\/"},"modified":"2018-02-13T13:04:31","modified_gmt":"2018-02-13T12:04:31","slug":"metallkonstruktionen-fuer-hallen","status":"publish","type":"page","link":"https:\/\/gandariaspain.com\/de\/produkte\/viehstaellen-austtatung\/metallkonstruktionen-fuer-hallen\/","title":{"rendered":"Metallkonstruktionen f\u00fcr Hallen"},"content":{"rendered":"<p>[et_pb_section bb_built=&#8220;1&#8243; admin_label=&#8220;section&#8220; transparent_background=&#8220;off&#8220; background_color=&#8220;#ffffff&#8220; allow_player_pause=&#8220;off&#8220; inner_shadow=&#8220;off&#8220; parallax=&#8220;off&#8220; parallax_method=&#8220;off&#8220; padding_mobile=&#8220;off&#8220; make_fullwidth=&#8220;off&#8220; use_custom_width=&#8220;off&#8220; width_unit=&#8220;on&#8220; make_equal=&#8220;off&#8220; use_custom_gutter=&#8220;off&#8220; module_class=&#8220;indentame&#8220; locked=&#8220;on&#8220; custom_padding_tablet=&#8220;50px|0|50px|0&#8243; custom_padding_last_edited=&#8220;on|desktop&#8220; next_background_color=&#8220;#000000&#8243;][et_pb_row admin_label=&#8220;row&#8220; parent_locked=&#8220;on&#8220; background_position=&#8220;top_left&#8220; background_repeat=&#8220;repeat&#8220; background_size=&#8220;initial&#8220;][et_pb_column type=&#8220;4_4&#8243;][et_pb_text admin_label=&#8220;No tocar. Cabecera de nivel 1. SEO&#8220; background_layout=&#8220;light&#8220; text_orientation=&#8220;left&#8220; use_border_color=&#8220;off&#8220; border_color=&#8220;#ffffff&#8220; border_style=&#8220;solid&#8220; parent_locked=&#8220;on&#8220; background_position=&#8220;top_left&#8220; background_repeat=&#8220;repeat&#8220; background_size=&#8220;initial&#8220;]<\/p>\n<h1>Gandaria Spain<\/h1>\n<p>[\/et_pb_text][\/et_pb_column][\/et_pb_row][\/et_pb_section][et_pb_section bb_built=&#8220;1&#8243; fullwidth=&#8220;on&#8220; specialty=&#8220;off&#8220; transparent_background=&#8220;off&#8220; background_color=&#8220;#ffffff&#8220; allow_player_pause=&#8220;off&#8220; inner_shadow=&#8220;off&#8220; parallax=&#8220;off&#8220; parallax_method=&#8220;off&#8220; padding_mobile=&#8220;off&#8220; make_fullwidth=&#8220;off&#8220; use_custom_width=&#8220;off&#8220; width_unit=&#8220;on&#8220; make_equal=&#8220;off&#8220; use_custom_gutter=&#8220;off&#8220; module_class=&#8220;slide-flota-izquierda&#8220; custom_padding_tablet=&#8220;50px|0|50px|0&#8243; custom_padding_last_edited=&#8220;on|desktop&#8220; prev_background_color=&#8220;#000000&#8243; next_background_color=&#8220;#000000&#8243;][et_pb_fullwidth_slider admin_label=&#8220;Estructuras met\u00e1licas para naves &#8220; show_arrows=&#8220;on&#8220; show_pagination=&#8220;on&#8220; background_position=&#8220;top_left&#8220; show_image_video_mobile=&#8220;off&#8220; custom_button=&#8220;off&#8220; button_icon_placement=&#8220;right&#8220; disabled_on=&#8220;off|off|off&#8220; disabled=&#8220;off&#8220; _builder_version=&#8220;3.0.101&#8243; custom_padding=&#8220;|||&#8220; show_content_on_mobile=&#8220;on&#8220; show_cta_on_mobile=&#8220;on&#8220; box_shadow_blur=&#8220;10px&#8220; box_shadow_color=&#8220;rgba(0,0,0,0.1)&#8220;][et_pb_slide heading=&#8220;Metallkonstruktionen f\u00fcr Hallen&#8220; background_color=&#8220;#ffffff&#8220; use_background_color_gradient=&#8220;off&#8220; background_color_gradient_start=&#8220;#2b87da&#8220; background_color_gradient_end=&#8220;#29c4a9&#8243; background_color_gradient_type=&#8220;linear&#8220; background_color_gradient_direction=&#8220;180deg&#8220; background_color_gradient_direction_radial=&#8220;center&#8220; background_color_gradient_start_position=&#8220;0%&#8220; background_color_gradient_end_position=&#8220;100%&#8220; background_image=&#8220;https:\/\/gandariaspain.com\/wp-content\/uploads\/2016\/09\/Estructuras-metalicas-para-naves_SLIDER.jpg&#8220; parallax=&#8220;off&#8220; parallax_method=&#8220;off&#8220; background_position=&#8220;center&#8220; background_size=&#8220;cover&#8220; background_repeat=&#8220;repeat&#8220; background_blend=&#8220;normal&#8220; allow_player_pause=&#8220;off&#8220; use_bg_overlay=&#8220;off&#8220; use_text_overlay=&#8220;off&#8220; text_border_radius=&#8220;3&#8243; alignment=&#8220;center&#8220; background_layout=&#8220;dark&#8220; header_font_select=&#8220;default&#8220; header_font=&#8220;||||&#8220; body_font_select=&#8220;default&#8220; body_font=&#8220;||||&#8220; custom_button=&#8220;off&#8220; button_font_select=&#8220;default&#8220; button_font=&#8220;||||&#8220; button_use_icon=&#8220;on&#8220; button_on_hover=&#8220;on&#8220; admin_title=&#8220;Estructuras met\u00e1licas para naves &#8220; _builder_version=&#8220;3.0.101&#8243; background_color_gradient_overlays_image=&#8220;off&#8220; background_video_pause_outside_viewport=&#8220;on&#8220; child_filter_hue_rotate=&#8220;0deg&#8220; child_filter_saturate=&#8220;100%&#8220; child_filter_brightness=&#8220;100%&#8220; child_filter_contrast=&#8220;100%&#8220; child_filter_invert=&#8220;0%&#8220; child_filter_sepia=&#8220;0%&#8220; child_filter_opacity=&#8220;100%&#8220; child_filter_blur=&#8220;0px&#8220; child_mix_blend_mode=&#8220;normal&#8220; text_shadow_style=&#8220;none&#8220; header_text_shadow_style=&#8220;none&#8220; body_text_shadow_style=&#8220;none&#8220; button_bg_use_color_gradient=&#8220;off&#8220; button_bg_color_gradient_overlays_image=&#8220;off&#8220; button_text_shadow_style=&#8220;none&#8220; box_shadow_style_button=&#8220;none&#8220; \/][\/et_pb_fullwidth_slider][\/et_pb_section][et_pb_section bb_built=&#8220;1&#8243; fullwidth=&#8220;off&#8220; specialty=&#8220;off&#8220; prev_background_color=&#8220;#000000&#8243; next_background_color=&#8220;#000000&#8243;][et_pb_row background_position=&#8220;top_left&#8220; background_repeat=&#8220;repeat&#8220; background_size=&#8220;initial&#8220;][et_pb_column type=&#8220;2_3&#8243;][et_pb_text admin_label=&#8220;Nuestras naves ganaderas est\u00e1n fabricadas con acero galvanizado S355 de alto l\u00edmite el\u00e1stico.&#8220; _builder_version=&#8220;3.0.69&#8243; background_layout=&#8220;light&#8220; text_orientation=&#8220;left&#8220; border_style=&#8220;solid&#8220; background_position=&#8220;top_left&#8220; background_repeat=&#8220;repeat&#8220; background_size=&#8220;initial&#8220;]<\/p>\n<blockquote><p>Our livestock facilities are made of\u00a0<b>high strength galvanised steel S355<\/b>\u00a0<b>protected by an innovative coating<\/b>.<\/p><\/blockquote>\n<p>This new Zinc, Aluminum and Magnesium coating is up to\u00a0<b>10 times more resistant to environmental corrosion<\/b>\u00a0than the traditional galvanisation.<\/p>\n<p>The construction system is\u00a0<b>modular<\/b> and\u00a0<b>no welding is required<\/b>, as all of the components are assembled using\u00a0<b>high-quality grade 8.8 bolts<\/b>.<\/p>\n<p>[\/et_pb_text][\/et_pb_column][et_pb_column type=&#8220;1_3&#8243;][et_pb_image show_in_lightbox=&#8220;off&#8220; url_new_window=&#8220;off&#8220; use_overlay=&#8220;off&#8220; sticky=&#8220;off&#8220; align=&#8220;left&#8220; force_fullwidth=&#8220;off&#8220; always_center_on_mobile=&#8220;on&#8220; border_style=&#8220;solid&#8220; src=&#8220;https:\/\/gandariaspain.com\/wp-content\/uploads\/2016\/09\/Estructura-metalica-naves-ganaderas.jpg&#8220; _builder_version=&#8220;3.0.51&#8243; animation_style=&#8220;slide&#8220; animation_duration=&#8220;500ms&#8220; animation_intensity_slide=&#8220;10%&#8220; animation_direction=&#8220;left&#8220; show_bottom_space=&#8220;on&#8220; \/][\/et_pb_column][\/et_pb_row][\/et_pb_section][et_pb_section bb_built=&#8220;1&#8243; fullwidth=&#8220;off&#8220; specialty=&#8220;off&#8220; prev_background_color=&#8220;#000000&#8243;][et_pb_row background_position=&#8220;top_left&#8220; background_repeat=&#8220;repeat&#8220; background_size=&#8220;initial&#8220;][et_pb_column type=&#8220;2_3&#8243;][et_pb_text admin_label=&#8220;Adem\u00e1s, la nueva estructura ultraligera para naves &#8220; background_layout=&#8220;light&#8220; text_orientation=&#8220;left&#8220; border_style=&#8220;solid&#8220; background_position=&#8220;top_left&#8220; background_repeat=&#8220;repeat&#8220; background_size=&#8220;initial&#8220; _builder_version=&#8220;3.0.69&#8243;]<\/p>\n<p>Moreover, the new ultralight structure for open broiler facilities represents a great saving of time and money:<\/p>\n<ul>\n<li>Highly resistant structure, weighing less than 10 kilos per square meter. Its light weight considerably reduces cost of the product and its transportation,<\/li>\n<li>Easy to assemble product, integrating all parts at the production plant, to reduce assembly costs and time.<\/li>\n<\/ul>\n<p>[\/et_pb_text][\/et_pb_column][et_pb_column type=&#8220;1_3&#8243;][et_pb_image show_in_lightbox=&#8220;off&#8220; url_new_window=&#8220;off&#8220; use_overlay=&#8220;off&#8220; sticky=&#8220;off&#8220; align=&#8220;left&#8220; force_fullwidth=&#8220;off&#8220; always_center_on_mobile=&#8220;on&#8220; border_style=&#8220;solid&#8220; src=&#8220;https:\/\/gandariaspain.com\/wp-content\/uploads\/2016\/09\/Estructura-naves.jpg&#8220; _builder_version=&#8220;3.0.51&#8243; animation_style=&#8220;slide&#8220; animation_duration=&#8220;500ms&#8220; animation_intensity_slide=&#8220;10%&#8220; animation_direction=&#8220;left&#8220; show_bottom_space=&#8220;on&#8220; \/][\/et_pb_column][\/et_pb_row][\/et_pb_section]<\/p>\n<span class=\"et_bloom_bottom_trigger\"><\/span>","protected":false},"excerpt":{"rendered":"<p>Gandaria Spain Our livestock facilities are made of\u00a0high strength galvanised [&hellip;]<\/p>\n","protected":false},"author":1,"featured_media":0,"parent":36772,"menu_order":0,"comment_status":"closed","ping_status":"closed","template":"","meta":{"_et_pb_use_builder":"on","_et_pb_old_content":"","_et_gb_content_width":"","_mbp_gutenberg_autopost":false,"footnotes":""},"class_list":["post-36785","page","type-page","status-publish","hentry"],"yoast_head":"<!-- This site is optimized with the Yoast SEO plugin v27.3 - https:\/\/yoast.com\/product\/yoast-seo-wordpress\/ -->\n<title>Metallkonstruktionen f\u00fcr Hallen - Gandaria - Silos Spain<\/title>\n<meta name=\"robots\" content=\"index, follow, max-snippet:-1, max-image-preview:large, max-video-preview:-1\" \/>\n<link rel=\"canonical\" href=\"https:\/\/gandariaspain.com\/de\/produkte\/viehstaellen-austtatung\/metallkonstruktionen-fuer-hallen\/\" \/>\n<meta property=\"og:locale\" content=\"de_DE\" \/>\n<meta property=\"og:type\" content=\"article\" \/>\n<meta property=\"og:title\" content=\"Metallkonstruktionen f\u00fcr Hallen - Gandaria - Silos Spain\" \/>\n<meta property=\"og:description\" content=\"Gandaria Spain Our livestock facilities are made of\u00a0high strength galvanised [&hellip;]\" \/>\n<meta property=\"og:url\" content=\"https:\/\/gandariaspain.com\/de\/produkte\/viehstaellen-austtatung\/metallkonstruktionen-fuer-hallen\/\" \/>\n<meta property=\"og:site_name\" content=\"Gandaria - Silos Spain\" \/>\n<meta property=\"article:modified_time\" content=\"2018-02-13T12:04:31+00:00\" \/>\n<meta name=\"twitter:card\" content=\"summary_large_image\" \/>\n<meta name=\"twitter:label1\" content=\"Gesch\u00e4tzte Lesezeit\" \/>\n\t<meta name=\"twitter:data1\" content=\"4\u00a0Minuten\" \/>\n<script type=\"application\/ld+json\" class=\"yoast-schema-graph\">{\"@context\":\"https:\\\/\\\/schema.org\",\"@graph\":[{\"@type\":\"WebPage\",\"@id\":\"https:\\\/\\\/gandariaspain.com\\\/de\\\/produkte\\\/viehstaellen-austtatung\\\/metallkonstruktionen-fuer-hallen\\\/\",\"url\":\"https:\\\/\\\/gandariaspain.com\\\/de\\\/produkte\\\/viehstaellen-austtatung\\\/metallkonstruktionen-fuer-hallen\\\/\",\"name\":\"Metallkonstruktionen f\u00fcr Hallen - Gandaria - Silos Spain\",\"isPartOf\":{\"@id\":\"https:\\\/\\\/gandariaspain.com\\\/de\\\/#website\"},\"datePublished\":\"2017-08-20T15:06:20+00:00\",\"dateModified\":\"2018-02-13T12:04:31+00:00\",\"breadcrumb\":{\"@id\":\"https:\\\/\\\/gandariaspain.com\\\/de\\\/produkte\\\/viehstaellen-austtatung\\\/metallkonstruktionen-fuer-hallen\\\/#breadcrumb\"},\"inLanguage\":\"de\",\"potentialAction\":[{\"@type\":\"ReadAction\",\"target\":[\"https:\\\/\\\/gandariaspain.com\\\/de\\\/produkte\\\/viehstaellen-austtatung\\\/metallkonstruktionen-fuer-hallen\\\/\"]}]},{\"@type\":\"BreadcrumbList\",\"@id\":\"https:\\\/\\\/gandariaspain.com\\\/de\\\/produkte\\\/viehstaellen-austtatung\\\/metallkonstruktionen-fuer-hallen\\\/#breadcrumb\",\"itemListElement\":[{\"@type\":\"ListItem\",\"position\":1,\"name\":\"Produkte\",\"item\":\"https:\\\/\\\/gandariaspain.com\\\/de\\\/produkte\\\/\"},{\"@type\":\"ListItem\",\"position\":2,\"name\":\"Viehst\u00e4llen Austtatung\",\"item\":\"https:\\\/\\\/gandariaspain.com\\\/de\\\/produkte\\\/viehstaellen-austtatung\\\/\"},{\"@type\":\"ListItem\",\"position\":3,\"name\":\"Metallkonstruktionen f\u00fcr Hallen\"}]},{\"@type\":\"WebSite\",\"@id\":\"https:\\\/\\\/gandariaspain.com\\\/de\\\/#website\",\"url\":\"https:\\\/\\\/gandariaspain.com\\\/de\\\/\",\"name\":\"Gandaria - Silos Spain\",\"description\":\"Just another WordPress site\",\"potentialAction\":[{\"@type\":\"SearchAction\",\"target\":{\"@type\":\"EntryPoint\",\"urlTemplate\":\"https:\\\/\\\/gandariaspain.com\\\/de\\\/?s={search_term_string}\"},\"query-input\":{\"@type\":\"PropertyValueSpecification\",\"valueRequired\":true,\"valueName\":\"search_term_string\"}}],\"inLanguage\":\"de\"}]}<\/script>\n<!-- \/ Yoast SEO plugin. -->","yoast_head_json":{"title":"Metallkonstruktionen f\u00fcr Hallen - Gandaria - Silos Spain","robots":{"index":"index","follow":"follow","max-snippet":"max-snippet:-1","max-image-preview":"max-image-preview:large","max-video-preview":"max-video-preview:-1"},"canonical":"https:\/\/gandariaspain.com\/de\/produkte\/viehstaellen-austtatung\/metallkonstruktionen-fuer-hallen\/","og_locale":"de_DE","og_type":"article","og_title":"Metallkonstruktionen f\u00fcr Hallen - Gandaria - Silos Spain","og_description":"Gandaria Spain Our livestock facilities are made of\u00a0high strength galvanised [&hellip;]","og_url":"https:\/\/gandariaspain.com\/de\/produkte\/viehstaellen-austtatung\/metallkonstruktionen-fuer-hallen\/","og_site_name":"Gandaria - Silos Spain","article_modified_time":"2018-02-13T12:04:31+00:00","twitter_card":"summary_large_image","twitter_misc":{"Gesch\u00e4tzte Lesezeit":"4\u00a0Minuten"},"schema":{"@context":"https:\/\/schema.org","@graph":[{"@type":"WebPage","@id":"https:\/\/gandariaspain.com\/de\/produkte\/viehstaellen-austtatung\/metallkonstruktionen-fuer-hallen\/","url":"https:\/\/gandariaspain.com\/de\/produkte\/viehstaellen-austtatung\/metallkonstruktionen-fuer-hallen\/","name":"Metallkonstruktionen f\u00fcr Hallen - Gandaria - Silos Spain","isPartOf":{"@id":"https:\/\/gandariaspain.com\/de\/#website"},"datePublished":"2017-08-20T15:06:20+00:00","dateModified":"2018-02-13T12:04:31+00:00","breadcrumb":{"@id":"https:\/\/gandariaspain.com\/de\/produkte\/viehstaellen-austtatung\/metallkonstruktionen-fuer-hallen\/#breadcrumb"},"inLanguage":"de","potentialAction":[{"@type":"ReadAction","target":["https:\/\/gandariaspain.com\/de\/produkte\/viehstaellen-austtatung\/metallkonstruktionen-fuer-hallen\/"]}]},{"@type":"BreadcrumbList","@id":"https:\/\/gandariaspain.com\/de\/produkte\/viehstaellen-austtatung\/metallkonstruktionen-fuer-hallen\/#breadcrumb","itemListElement":[{"@type":"ListItem","position":1,"name":"Produkte","item":"https:\/\/gandariaspain.com\/de\/produkte\/"},{"@type":"ListItem","position":2,"name":"Viehst\u00e4llen Austtatung","item":"https:\/\/gandariaspain.com\/de\/produkte\/viehstaellen-austtatung\/"},{"@type":"ListItem","position":3,"name":"Metallkonstruktionen f\u00fcr Hallen"}]},{"@type":"WebSite","@id":"https:\/\/gandariaspain.com\/de\/#website","url":"https:\/\/gandariaspain.com\/de\/","name":"Gandaria - Silos Spain","description":"Just another WordPress site","potentialAction":[{"@type":"SearchAction","target":{"@type":"EntryPoint","urlTemplate":"https:\/\/gandariaspain.com\/de\/?s={search_term_string}"},"query-input":{"@type":"PropertyValueSpecification","valueRequired":true,"valueName":"search_term_string"}}],"inLanguage":"de"}]}},"_links":{"self":[{"href":"https:\/\/gandariaspain.com\/de\/wp-json\/wp\/v2\/pages\/36785","targetHints":{"allow":["GET"]}}],"collection":[{"href":"https:\/\/gandariaspain.com\/de\/wp-json\/wp\/v2\/pages"}],"about":[{"href":"https:\/\/gandariaspain.com\/de\/wp-json\/wp\/v2\/types\/page"}],"author":[{"embeddable":true,"href":"https:\/\/gandariaspain.com\/de\/wp-json\/wp\/v2\/users\/1"}],"replies":[{"embeddable":true,"href":"https:\/\/gandariaspain.com\/de\/wp-json\/wp\/v2\/comments?post=36785"}],"version-history":[{"count":4,"href":"https:\/\/gandariaspain.com\/de\/wp-json\/wp\/v2\/pages\/36785\/revisions"}],"predecessor-version":[{"id":44516,"href":"https:\/\/gandariaspain.com\/de\/wp-json\/wp\/v2\/pages\/36785\/revisions\/44516"}],"up":[{"embeddable":true,"href":"https:\/\/gandariaspain.com\/de\/wp-json\/wp\/v2\/pages\/36772"}],"wp:attachment":[{"href":"https:\/\/gandariaspain.com\/de\/wp-json\/wp\/v2\/media?parent=36785"}],"curies":[{"name":"wp","href":"https:\/\/api.w.org\/{rel}","templated":true}]}}