{"id":36680,"date":"2017-08-20T16:52:27","date_gmt":"2017-08-20T14:52:27","guid":{"rendered":"https:\/\/gandariaspain.com\/?page_id=36680\/"},"modified":"2018-03-24T12:08:58","modified_gmt":"2018-03-24T11:08:58","slug":"software-zur-ueberwachung-von-siloanlagen-siwa","status":"publish","type":"page","link":"https:\/\/gandariaspain.com\/de\/produkte\/informationsmanagement-systeme\/software-zur-ueberwachung-von-siloanlagen-siwa\/","title":{"rendered":"Software zur \u00dcberwachung von Siloanlagen: Siwa"},"content":{"rendered":"<p>[et_pb_section bb_built=&#8220;1&#8243; admin_label=&#8220;section&#8220; transparent_background=&#8220;off&#8220; background_color=&#8220;#ffffff&#8220; allow_player_pause=&#8220;off&#8220; inner_shadow=&#8220;off&#8220; parallax=&#8220;off&#8220; parallax_method=&#8220;off&#8220; padding_mobile=&#8220;off&#8220; make_fullwidth=&#8220;off&#8220; use_custom_width=&#8220;off&#8220; width_unit=&#8220;on&#8220; make_equal=&#8220;off&#8220; use_custom_gutter=&#8220;off&#8220; module_class=&#8220;indentame&#8220; locked=&#8220;on&#8220;][et_pb_row admin_label=&#8220;row&#8220; parent_locked=&#8220;on&#8220; background_position=&#8220;top_left&#8220; background_repeat=&#8220;repeat&#8220; background_size=&#8220;initial&#8220;][et_pb_column type=&#8220;4_4&#8243;][et_pb_text admin_label=&#8220;No tocar. Cabecera de nivel 1. SEO&#8220; background_layout=&#8220;light&#8220; text_orientation=&#8220;left&#8220; use_border_color=&#8220;off&#8220; border_color=&#8220;#ffffff&#8220; border_style=&#8220;solid&#8220; parent_locked=&#8220;on&#8220; background_position=&#8220;top_left&#8220; background_repeat=&#8220;repeat&#8220; background_size=&#8220;initial&#8220;]<\/p>\n<h1>Gandaria Spain<\/h1>\n<p>[\/et_pb_text][\/et_pb_column][\/et_pb_row][\/et_pb_section][et_pb_section bb_built=&#8220;1&#8243; fullwidth=&#8220;on&#8220; specialty=&#8220;off&#8220; transparent_background=&#8220;off&#8220; background_color=&#8220;#ffffff&#8220; allow_player_pause=&#8220;off&#8220; inner_shadow=&#8220;off&#8220; parallax=&#8220;off&#8220; parallax_method=&#8220;off&#8220; padding_mobile=&#8220;off&#8220; make_fullwidth=&#8220;off&#8220; use_custom_width=&#8220;off&#8220; width_unit=&#8220;on&#8220; make_equal=&#8220;off&#8220; use_custom_gutter=&#8220;off&#8220; module_class=&#8220;slide-flota-izquierda&#8220;][et_pb_fullwidth_slider admin_label=&#8220;SIWA&#8220; show_arrows=&#8220;on&#8220; show_pagination=&#8220;on&#8220; auto=&#8220;off&#8220; auto_ignore_hover=&#8220;off&#8220; parallax=&#8220;off&#8220; parallax_method=&#8220;off&#8220; remove_inner_shadow=&#8220;off&#8220; background_position=&#8220;top_left&#8220; hide_content_on_mobile=&#8220;off&#8220; hide_cta_on_mobile=&#8220;off&#8220; show_image_video_mobile=&#8220;off&#8220; custom_button=&#8220;off&#8220; button_letter_spacing=&#8220;0&#8243; button_icon_placement=&#8220;right&#8220; button_letter_spacing_hover=&#8220;0&#8243; disabled_on=&#8220;off|off|off&#8220; disabled=&#8220;off&#8220; _builder_version=&#8220;3.0.71&#8243;]<\/p>\n<p>[et_pb_slide heading=&#8220;SIWA&#8220; background_image=&#8220;https:\/\/gandariaspain.com\/wp-content\/uploads\/2016\/09\/SIWA_SLIDER.jpg&#8220; background_position=&#8220;top_left&#8220; background_size=&#8220;cover&#8220; background_color=&#8220;#ffffff&#8220; use_bg_overlay=&#8220;off&#8220; use_text_overlay=&#8220;off&#8220; alignment=&#8220;center&#8220; background_layout=&#8220;dark&#8220; allow_player_pause=&#8220;off&#8220; text_border_radius=&#8220;3&#8243; header_font_select=&#8220;default&#8220; header_font=&#8220;||||&#8220; body_font_select=&#8220;default&#8220; body_font=&#8220;||||&#8220; custom_button=&#8220;off&#8220; button_font_select=&#8220;default&#8220; button_font=&#8220;||||&#8220; button_use_icon=&#8220;default&#8220; button_icon_placement=&#8220;right&#8220; button_on_hover=&#8220;on&#8220; admin_title=&#8220;siwa&#8220; use_background_color_gradient=&#8220;off&#8220; background_color_gradient_start=&#8220;#2b87da&#8220; background_color_gradient_end=&#8220;#29c4a9&#8243; background_color_gradient_type=&#8220;linear&#8220; background_color_gradient_direction=&#8220;180deg&#8220; background_color_gradient_direction_radial=&#8220;center&#8220; background_color_gradient_start_position=&#8220;0%&#8220; background_color_gradient_end_position=&#8220;100%&#8220; parallax=&#8220;off&#8220; parallax_method=&#8220;off&#8220; background_repeat=&#8220;no-repeat&#8220; background_blend=&#8220;normal&#8220;]<\/p>\n<h3 class=\"centrame\">Software zur \u00dcberwachung von Siloanlagen<\/h3>\n<p>[\/et_pb_slide]<\/p>\n<p>[\/et_pb_fullwidth_slider][\/et_pb_section][et_pb_section bb_built=&#8220;1&#8243; admin_label=&#8220;caracteristicas&#8220; fullwidth=&#8220;off&#8220; specialty=&#8220;off&#8220; transparent_background=&#8220;off&#8220; allow_player_pause=&#8220;off&#8220; inner_shadow=&#8220;off&#8220; parallax=&#8220;off&#8220; parallax_method=&#8220;off&#8220; padding_mobile=&#8220;off&#8220; make_fullwidth=&#8220;off&#8220; use_custom_width=&#8220;off&#8220; width_unit=&#8220;on&#8220; make_equal=&#8220;off&#8220; use_custom_gutter=&#8220;off&#8220; module_class=&#8220;fondo_seccion_verde_degradado &#8220; custom_padding=&#8220;50px|||&#8220;][et_pb_row background_position=&#8220;top_left&#8220; background_repeat=&#8220;repeat&#8220; background_size=&#8220;initial&#8220;][et_pb_column type=&#8220;2_3&#8243;][et_pb_blurb admin_label=&#8220;Imagen + alt de la imagen espec\u00edfico + t\u00edtulo h2 Caracter\u00edstica &#8220; url_new_window=&#8220;off&#8220; use_icon=&#8220;off&#8220; icon_color=&#8220;#7EBEC5&#8243; use_circle=&#8220;off&#8220; circle_color=&#8220;#7EBEC5&#8243; use_circle_border=&#8220;off&#8220; circle_border_color=&#8220;#7EBEC5&#8243; image=&#8220;https:\/\/gandariaspain.com\/wp-content\/uploads\/2016\/09\/SIWA-1.jpg&#8220; icon_placement=&#8220;top&#8220; animation=&#8220;top&#8220; background_layout=&#8220;light&#8220; use_icon_font_size=&#8220;off&#8220; border_style=&#8220;solid&#8220; alt=&#8220;SIWA Software de monitorizaci\u00f3n de plantas de almacenaje&#8220; module_class=&#8220;blurb_especial_producto_fondo &#8220; background_position=&#8220;top_left&#8220; background_repeat=&#8220;repeat&#8220; background_size=&#8220;initial&#8220; _builder_version=&#8220;3.0.71&#8243;]<\/p>\n<h2>Haupteigenschaften<\/h2>\n<p>[\/et_pb_blurb][\/et_pb_column][et_pb_column type=&#8220;1_3&#8243;][et_pb_text admin_label=&#8220;Titular en H3 + Texto&#8220; background_layout=&#8220;light&#8220; text_orientation=&#8220;left&#8220; border_style=&#8220;solid&#8220; background_position=&#8220;top_left&#8220; background_repeat=&#8220;repeat&#8220; background_size=&#8220;initial&#8220; _builder_version=&#8220;3.0.71&#8243;]<\/p>\n<p>Siloanlagen werden \u00fcber eine Informations-App in Echtzeit \u00fcber Internet \u00fcberwacht.Siloanlagen werden \u00fcber eine Informations-App in Echtzeit \u00fcber Internet \u00fcberwacht.<\/p>\n<p>Warum SIWA?<\/p>\n<p>SIWA ist die Oase in der \u00e4gyptischen W\u00fcste, in der das Orakel von Ammon gefunden wurde. Das Orakel best\u00e4tigte Alexander dem Gro\u00dfen, dass er ein g\u00f6ttliches Wesen und der legitime Pharao von \u00c4gypten sei, der die Schaffung eines gro\u00dfen Reiches erreichen w\u00fcrde. Unabh\u00e4ngig von Mythologie und Geschichte zielt unser System darauf ab, das Orakel zu ersetzen. Es ist ein Werkzeug, dem man spezifische Fragen bez\u00fcglich unserer Siloanlagen stellen kann und von dem man sehr genaue Antworten und Informationen bekommt.<\/p>\n<p>[\/et_pb_text][\/et_pb_column][\/et_pb_row][\/et_pb_section][et_pb_section bb_built=&#8220;1&#8243; fullwidth=&#8220;off&#8220; specialty=&#8220;off&#8220; transparent_background=&#8220;off&#8220; allow_player_pause=&#8220;off&#8220; inner_shadow=&#8220;off&#8220; parallax=&#8220;off&#8220; parallax_method=&#8220;off&#8220; padding_mobile=&#8220;off&#8220; make_fullwidth=&#8220;off&#8220; use_custom_width=&#8220;off&#8220; width_unit=&#8220;on&#8220; make_equal=&#8220;off&#8220; use_custom_gutter=&#8220;off&#8220; module_class=&#8220;fondo_seccion_gris_degradado blanco&#8220;][et_pb_row background_position=&#8220;top_left&#8220; background_repeat=&#8220;repeat&#8220; background_size=&#8220;initial&#8220;][et_pb_column type=&#8220;2_3&#8243;][et_pb_blurb admin_label=&#8220;Imagen + alt de la imagen espec\u00edfico + t\u00edtulo h2 Paquete b\u00e1sico&#8220; url_new_window=&#8220;off&#8220; use_icon=&#8220;off&#8220; icon_color=&#8220;#7EBEC5&#8243; use_circle=&#8220;off&#8220; circle_color=&#8220;#7EBEC5&#8243; use_circle_border=&#8220;off&#8220; circle_border_color=&#8220;#7EBEC5&#8243; image=&#8220;https:\/\/gandariaspain.com\/wp-content\/uploads\/2016\/09\/Que-necesito-para-usar-SIWA.jpg&#8220; icon_placement=&#8220;top&#8220; animation=&#8220;top&#8220; background_layout=&#8220;light&#8220; use_icon_font_size=&#8220;off&#8220; border_style=&#8220;solid&#8220; alt=&#8220;\u00bfQu\u00e9 necesito para usar SIWA?&#8220; module_class=&#8220;blurb_especial_producto_fondo &#8220; background_position=&#8220;top_left&#8220; background_repeat=&#8220;repeat&#8220; background_size=&#8220;initial&#8220; _builder_version=&#8220;3.0.71&#8243;]<\/p>\n<h2 class=\"panel-titulo\">Was ben\u00f6tige ich, um SIWA zu nutzen?<\/h2>\n<p>[\/et_pb_blurb][\/et_pb_column][et_pb_column type=&#8220;1_3&#8243;][et_pb_text admin_label=&#8220;Titular en H3 + Texto&#8220; background_layout=&#8220;light&#8220; text_orientation=&#8220;left&#8220; border_style=&#8220;solid&#8220; background_position=&#8220;top_left&#8220; background_repeat=&#8220;repeat&#8220; background_size=&#8220;initial&#8220; _builder_version=&#8220;3.0.71&#8243;]<\/p>\n<h3>Um SIWA zu nutzen, muss ich eine stabile Internetverbindung haben.<\/h3>\n<p>F\u00fcr den ordnungsgem\u00e4\u00dfen Betrieb ben\u00f6tigt SIWA eine stabile Internetverbindung in der Siloanlage, entweder durch ADSL-, Telefon- oder Satellitenverbindung. Auf diese Weise bietet das System sichere Diagnosen der Vorg\u00e4nge in der Siloanlage, ohne dass jemand dort sein muss, und es erm\u00f6glicht eine sorgf\u00e4ltige \u00dcberwachung.<\/p>\n<p>[\/et_pb_text][\/et_pb_column][\/et_pb_row][\/et_pb_section][et_pb_section bb_built=&#8220;1&#8243; admin_label=&#8220;caracteristicas&#8220; fullwidth=&#8220;off&#8220; specialty=&#8220;off&#8220; transparent_background=&#8220;off&#8220; allow_player_pause=&#8220;off&#8220; inner_shadow=&#8220;off&#8220; parallax=&#8220;off&#8220; parallax_method=&#8220;off&#8220; padding_mobile=&#8220;off&#8220; make_fullwidth=&#8220;off&#8220; use_custom_width=&#8220;off&#8220; width_unit=&#8220;on&#8220; make_equal=&#8220;off&#8220; use_custom_gutter=&#8220;off&#8220; module_class=&#8220;fondo_seccion_verde_degradado &#8222;][et_pb_row background_position=&#8220;top_left&#8220; background_repeat=&#8220;repeat&#8220; background_size=&#8220;initial&#8220;][et_pb_column type=&#8220;2_3&#8243;][et_pb_blurb admin_label=&#8220;Imagen + alt de la imagen espec\u00edfico + t\u00edtulo h2 \u00bfQu\u00e9 nos permite hacer SIWA?&#8220; url_new_window=&#8220;off&#8220; use_icon=&#8220;off&#8220; icon_color=&#8220;#7EBEC5&#8243; use_circle=&#8220;off&#8220; circle_color=&#8220;#7EBEC5&#8243; use_circle_border=&#8220;off&#8220; circle_border_color=&#8220;#7EBEC5&#8243; image=&#8220;https:\/\/gandariaspain.com\/wp-content\/uploads\/2016\/09\/Que-nos-permite-hacer-SIWA.jpg&#8220; icon_placement=&#8220;top&#8220; animation=&#8220;top&#8220; background_layout=&#8220;light&#8220; use_icon_font_size=&#8220;off&#8220; border_style=&#8220;solid&#8220; alt=&#8220;\u00bfQu\u00e9 nos permite hacer SIWA?&#8220; module_class=&#8220;blurb_especial_producto_fondo &#8220; background_position=&#8220;top_left&#8220; background_repeat=&#8220;repeat&#8220; background_size=&#8220;initial&#8220; _builder_version=&#8220;3.0.71&#8243;]<\/p>\n<h2 class=\"panel-titulo\">Was macht SIWA f\u00fcr mich?<\/h2>\n<p>[\/et_pb_blurb][\/et_pb_column][et_pb_column type=&#8220;1_3&#8243;][et_pb_text admin_label=&#8220;Titular en H3 + Texto&#8220; background_layout=&#8220;light&#8220; text_orientation=&#8220;left&#8220; border_style=&#8220;solid&#8220; background_position=&#8220;top_left&#8220; background_repeat=&#8220;repeat&#8220; background_size=&#8220;initial&#8220; _builder_version=&#8220;3.0.71&#8243;]<\/p>\n<h3>SIWA erlaubt mir, die Wartung zu verwalten und \u00fcber Unregelm\u00e4\u00dfigkeiten, die im System auftreten k\u00f6nnen, mit Warnmeldungen informiert zu werden.<\/h3>\n<p>Die Software zeigt den idealen Zeitpunkt an, um Wartungsarbeiten an der Anlage durchzuf\u00fchren und damit die Lebensdauer der Siloanlage zu erh\u00f6hen.<\/p>\n<p>Dar\u00fcber hinaus werden die Anlagenbetreiber \u00fcber alle Unregelm\u00e4\u00dfigkeiten informiert, die im System auftreten k\u00f6nnen, so dass diese schnellstm\u00f6glich behoben und die Betriebszeiten weiter optimiert werden k\u00f6nnen. Wir k\u00f6nnen eine oder mehrere Siloanlagen von einem einzigen Ger\u00e4t aus verwalten.<\/p>\n<p>[\/et_pb_text][\/et_pb_column][\/et_pb_row][\/et_pb_section][et_pb_section bb_built=&#8220;1&#8243; fullwidth=&#8220;off&#8220; specialty=&#8220;off&#8220; transparent_background=&#8220;off&#8220; allow_player_pause=&#8220;off&#8220; inner_shadow=&#8220;off&#8220; parallax=&#8220;off&#8220; parallax_method=&#8220;off&#8220; padding_mobile=&#8220;off&#8220; make_fullwidth=&#8220;off&#8220; use_custom_width=&#8220;off&#8220; width_unit=&#8220;on&#8220; make_equal=&#8220;off&#8220; use_custom_gutter=&#8220;off&#8220; module_class=&#8220;fondo_seccion_gris_degradado blanco&#8220;][et_pb_row background_position=&#8220;top_left&#8220; background_repeat=&#8220;repeat&#8220; background_size=&#8220;initial&#8220;][et_pb_column type=&#8220;2_3&#8243;][et_pb_blurb admin_label=&#8220;Imagen + alt de la imagen espec\u00edfico + \u00bfDe qu\u00e9 me informa SIWA?&#8220; url_new_window=&#8220;off&#8220; use_icon=&#8220;off&#8220; icon_color=&#8220;#7EBEC5&#8243; use_circle=&#8220;off&#8220; circle_color=&#8220;#7EBEC5&#8243; use_circle_border=&#8220;off&#8220; circle_border_color=&#8220;#7EBEC5&#8243; image=&#8220;https:\/\/gandariaspain.com\/wp-content\/uploads\/2016\/09\/De-que-meinforma-SIWA.jpg&#8220; icon_placement=&#8220;top&#8220; animation=&#8220;top&#8220; background_layout=&#8220;light&#8220; use_icon_font_size=&#8220;off&#8220; border_style=&#8220;solid&#8220; alt=&#8220;\u00bfDe qu\u00e9 me informa SIWA?&#8220; module_class=&#8220;blurb_especial_producto_fondo &#8220; background_position=&#8220;top_left&#8220; background_repeat=&#8220;repeat&#8220; background_size=&#8220;initial&#8220; _builder_version=&#8220;3.0.71&#8243;]<\/p>\n<h2 class=\"panel-titulo\">Welche Informationen bietet SIWA?<\/h2>\n<p>[\/et_pb_blurb][\/et_pb_column][et_pb_column type=&#8220;1_3&#8243;][et_pb_text admin_label=&#8220;Titular en H3 + Texto&#8220; background_layout=&#8220;light&#8220; text_orientation=&#8220;left&#8220; border_style=&#8220;solid&#8220; background_position=&#8220;top_left&#8220; background_repeat=&#8220;repeat&#8220; background_size=&#8220;initial&#8220; _builder_version=&#8220;3.0.71&#8243;]<\/p>\n<h3>SIWA informiert mich in Echtzeit \u00fcber den Status meiner Siloanlage.<\/h3>\n<p>Mit SIWA k\u00f6nnen Sie sich auf einen Blick \u00fcber den Status Ihrer Siloanlage, den Silopegel und den jeweiligen Prozessablauf informieren. Unsere Software analysiert den Status der Maschinen und des Zubeh\u00f6rs im System und erinnert Sie rechtzeitig an eine ordnungsgem\u00e4\u00dfe, vorbeugende Wartung.<\/p>\n<p>Sie k\u00f6nnen ein Meldungsprotokoll der Anlagenalarme sowie die Quittierung der Warnungen durch den Anlagenbetreiber festlegen. Sie haben immer ein Protokoll mit Zugriff auf alle Daten der Siloanlage seit ihrer Inbetriebnahme.<\/p>\n<p>Erfahren Sie mehr \u00fcber diese App, die von Gandaria entwickelt wurde, und kontaktieren Sie unsere Forschungs- und Entwicklungsabteilung, um alle Fragen bez\u00fcglich der optimale Bedienung und Nutzung zu kl\u00e4ren (idi@gandariaspain.com).<\/p>\n<p>[\/et_pb_text][\/et_pb_column][\/et_pb_row][\/et_pb_section]<\/p>\n<span class=\"et_bloom_bottom_trigger\"><\/span>","protected":false},"excerpt":{"rendered":"<p>Gandaria Spain Software zur \u00dcberwachung von Siloanlagen Haupteigenschaften Siloanlagen werden [&hellip;]<\/p>\n","protected":false},"author":1,"featured_media":0,"parent":36675,"menu_order":0,"comment_status":"closed","ping_status":"closed","template":"","meta":{"_et_pb_use_builder":"on","_et_pb_old_content":"","_et_gb_content_width":"","_mbp_gutenberg_autopost":false,"footnotes":""},"class_list":["post-36680","page","type-page","status-publish","hentry"],"yoast_head":"<!-- This site is optimized with the Yoast SEO plugin v27.3 - https:\/\/yoast.com\/product\/yoast-seo-wordpress\/ -->\n<title>Software zur \u00dcberwachung von Siloanlagen: Siwa - Gandaria - Silos Spain<\/title>\n<meta name=\"robots\" content=\"index, follow, max-snippet:-1, max-image-preview:large, max-video-preview:-1\" \/>\n<link rel=\"canonical\" href=\"https:\/\/gandariaspain.com\/de\/produkte\/informationsmanagement-systeme\/software-zur-ueberwachung-von-siloanlagen-siwa\/\" \/>\n<meta property=\"og:locale\" content=\"de_DE\" \/>\n<meta property=\"og:type\" content=\"article\" \/>\n<meta property=\"og:title\" content=\"Software zur \u00dcberwachung von Siloanlagen: Siwa - Gandaria - Silos Spain\" \/>\n<meta property=\"og:description\" content=\"Gandaria Spain Software zur \u00dcberwachung von Siloanlagen Haupteigenschaften Siloanlagen werden [&hellip;]\" \/>\n<meta property=\"og:url\" content=\"https:\/\/gandariaspain.com\/de\/produkte\/informationsmanagement-systeme\/software-zur-ueberwachung-von-siloanlagen-siwa\/\" \/>\n<meta property=\"og:site_name\" content=\"Gandaria - Silos Spain\" \/>\n<meta property=\"article:modified_time\" content=\"2018-03-24T11:08:58+00:00\" \/>\n<meta name=\"twitter:card\" content=\"summary_large_image\" \/>\n<meta name=\"twitter:label1\" content=\"Gesch\u00e4tzte Lesezeit\" \/>\n\t<meta name=\"twitter:data1\" content=\"8\u00a0Minuten\" \/>\n<script type=\"application\/ld+json\" class=\"yoast-schema-graph\">{\"@context\":\"https:\\\/\\\/schema.org\",\"@graph\":[{\"@type\":\"WebPage\",\"@id\":\"https:\\\/\\\/gandariaspain.com\\\/de\\\/produkte\\\/informationsmanagement-systeme\\\/software-zur-ueberwachung-von-siloanlagen-siwa\\\/\",\"url\":\"https:\\\/\\\/gandariaspain.com\\\/de\\\/produkte\\\/informationsmanagement-systeme\\\/software-zur-ueberwachung-von-siloanlagen-siwa\\\/\",\"name\":\"Software zur \u00dcberwachung von Siloanlagen: Siwa - Gandaria - Silos Spain\",\"isPartOf\":{\"@id\":\"https:\\\/\\\/gandariaspain.com\\\/de\\\/#website\"},\"datePublished\":\"2017-08-20T14:52:27+00:00\",\"dateModified\":\"2018-03-24T11:08:58+00:00\",\"breadcrumb\":{\"@id\":\"https:\\\/\\\/gandariaspain.com\\\/de\\\/produkte\\\/informationsmanagement-systeme\\\/software-zur-ueberwachung-von-siloanlagen-siwa\\\/#breadcrumb\"},\"inLanguage\":\"de\",\"potentialAction\":[{\"@type\":\"ReadAction\",\"target\":[\"https:\\\/\\\/gandariaspain.com\\\/de\\\/produkte\\\/informationsmanagement-systeme\\\/software-zur-ueberwachung-von-siloanlagen-siwa\\\/\"]}]},{\"@type\":\"BreadcrumbList\",\"@id\":\"https:\\\/\\\/gandariaspain.com\\\/de\\\/produkte\\\/informationsmanagement-systeme\\\/software-zur-ueberwachung-von-siloanlagen-siwa\\\/#breadcrumb\",\"itemListElement\":[{\"@type\":\"ListItem\",\"position\":1,\"name\":\"Produkte\",\"item\":\"https:\\\/\\\/gandariaspain.com\\\/de\\\/produkte\\\/\"},{\"@type\":\"ListItem\",\"position\":2,\"name\":\"Informationsmanagement-Systeme\",\"item\":\"https:\\\/\\\/gandariaspain.com\\\/de\\\/produkte\\\/informationsmanagement-systeme\\\/\"},{\"@type\":\"ListItem\",\"position\":3,\"name\":\"Software zur \u00dcberwachung von Siloanlagen: Siwa\"}]},{\"@type\":\"WebSite\",\"@id\":\"https:\\\/\\\/gandariaspain.com\\\/de\\\/#website\",\"url\":\"https:\\\/\\\/gandariaspain.com\\\/de\\\/\",\"name\":\"Gandaria - Silos Spain\",\"description\":\"Just another WordPress site\",\"potentialAction\":[{\"@type\":\"SearchAction\",\"target\":{\"@type\":\"EntryPoint\",\"urlTemplate\":\"https:\\\/\\\/gandariaspain.com\\\/de\\\/?s={search_term_string}\"},\"query-input\":{\"@type\":\"PropertyValueSpecification\",\"valueRequired\":true,\"valueName\":\"search_term_string\"}}],\"inLanguage\":\"de\"}]}<\/script>\n<!-- \/ Yoast SEO plugin. -->","yoast_head_json":{"title":"Software zur \u00dcberwachung von Siloanlagen: Siwa - Gandaria - Silos Spain","robots":{"index":"index","follow":"follow","max-snippet":"max-snippet:-1","max-image-preview":"max-image-preview:large","max-video-preview":"max-video-preview:-1"},"canonical":"https:\/\/gandariaspain.com\/de\/produkte\/informationsmanagement-systeme\/software-zur-ueberwachung-von-siloanlagen-siwa\/","og_locale":"de_DE","og_type":"article","og_title":"Software zur \u00dcberwachung von Siloanlagen: Siwa - Gandaria - Silos Spain","og_description":"Gandaria Spain Software zur \u00dcberwachung von Siloanlagen Haupteigenschaften Siloanlagen werden [&hellip;]","og_url":"https:\/\/gandariaspain.com\/de\/produkte\/informationsmanagement-systeme\/software-zur-ueberwachung-von-siloanlagen-siwa\/","og_site_name":"Gandaria - Silos Spain","article_modified_time":"2018-03-24T11:08:58+00:00","twitter_card":"summary_large_image","twitter_misc":{"Gesch\u00e4tzte Lesezeit":"8\u00a0Minuten"},"schema":{"@context":"https:\/\/schema.org","@graph":[{"@type":"WebPage","@id":"https:\/\/gandariaspain.com\/de\/produkte\/informationsmanagement-systeme\/software-zur-ueberwachung-von-siloanlagen-siwa\/","url":"https:\/\/gandariaspain.com\/de\/produkte\/informationsmanagement-systeme\/software-zur-ueberwachung-von-siloanlagen-siwa\/","name":"Software zur \u00dcberwachung von Siloanlagen: Siwa - Gandaria - Silos Spain","isPartOf":{"@id":"https:\/\/gandariaspain.com\/de\/#website"},"datePublished":"2017-08-20T14:52:27+00:00","dateModified":"2018-03-24T11:08:58+00:00","breadcrumb":{"@id":"https:\/\/gandariaspain.com\/de\/produkte\/informationsmanagement-systeme\/software-zur-ueberwachung-von-siloanlagen-siwa\/#breadcrumb"},"inLanguage":"de","potentialAction":[{"@type":"ReadAction","target":["https:\/\/gandariaspain.com\/de\/produkte\/informationsmanagement-systeme\/software-zur-ueberwachung-von-siloanlagen-siwa\/"]}]},{"@type":"BreadcrumbList","@id":"https:\/\/gandariaspain.com\/de\/produkte\/informationsmanagement-systeme\/software-zur-ueberwachung-von-siloanlagen-siwa\/#breadcrumb","itemListElement":[{"@type":"ListItem","position":1,"name":"Produkte","item":"https:\/\/gandariaspain.com\/de\/produkte\/"},{"@type":"ListItem","position":2,"name":"Informationsmanagement-Systeme","item":"https:\/\/gandariaspain.com\/de\/produkte\/informationsmanagement-systeme\/"},{"@type":"ListItem","position":3,"name":"Software zur \u00dcberwachung von Siloanlagen: Siwa"}]},{"@type":"WebSite","@id":"https:\/\/gandariaspain.com\/de\/#website","url":"https:\/\/gandariaspain.com\/de\/","name":"Gandaria - Silos Spain","description":"Just another WordPress site","potentialAction":[{"@type":"SearchAction","target":{"@type":"EntryPoint","urlTemplate":"https:\/\/gandariaspain.com\/de\/?s={search_term_string}"},"query-input":{"@type":"PropertyValueSpecification","valueRequired":true,"valueName":"search_term_string"}}],"inLanguage":"de"}]}},"_links":{"self":[{"href":"https:\/\/gandariaspain.com\/de\/wp-json\/wp\/v2\/pages\/36680","targetHints":{"allow":["GET"]}}],"collection":[{"href":"https:\/\/gandariaspain.com\/de\/wp-json\/wp\/v2\/pages"}],"about":[{"href":"https:\/\/gandariaspain.com\/de\/wp-json\/wp\/v2\/types\/page"}],"author":[{"embeddable":true,"href":"https:\/\/gandariaspain.com\/de\/wp-json\/wp\/v2\/users\/1"}],"replies":[{"embeddable":true,"href":"https:\/\/gandariaspain.com\/de\/wp-json\/wp\/v2\/comments?post=36680"}],"version-history":[{"count":5,"href":"https:\/\/gandariaspain.com\/de\/wp-json\/wp\/v2\/pages\/36680\/revisions"}],"predecessor-version":[{"id":45047,"href":"https:\/\/gandariaspain.com\/de\/wp-json\/wp\/v2\/pages\/36680\/revisions\/45047"}],"up":[{"embeddable":true,"href":"https:\/\/gandariaspain.com\/de\/wp-json\/wp\/v2\/pages\/36675"}],"wp:attachment":[{"href":"https:\/\/gandariaspain.com\/de\/wp-json\/wp\/v2\/media?parent=36680"}],"curies":[{"name":"wp","href":"https:\/\/api.w.org\/{rel}","templated":true}]}}