{"id":36420,"date":"2017-08-20T16:41:41","date_gmt":"2017-08-20T14:41:41","guid":{"rendered":"https:\/\/gandariaspain.com\/?page_id=36420\/"},"modified":"2018-02-13T12:40:23","modified_gmt":"2018-02-13T11:40:23","slug":"eci-becherelevatoren-industrial-line","status":"publish","type":"page","link":"https:\/\/gandariaspain.com\/de\/produkte\/foerdertechnik\/industrielle-foerdertechnik\/eci-becherelevatoren-industrial-line\/","title":{"rendered":"Becherelevatoren"},"content":{"rendered":"<p>[et_pb_section bb_built=&#8220;1&#8243; admin_label=&#8220;section&#8220; background_color=&#8220;#ffffff&#8220; padding_mobile=&#8220;off&#8220; module_class=&#8220;indentame&#8220; _builder_version=&#8220;3.0.47&#8243; locked=&#8220;on&#8220;][et_pb_row admin_label=&#8220;row&#8220; _builder_version=&#8220;3.0.47&#8243; background_size=&#8220;initial&#8220; background_position=&#8220;top_left&#8220; background_repeat=&#8220;repeat&#8220;][et_pb_column type=&#8220;4_4&#8243;][et_pb_text admin_label=&#8220;No tocar. Cabecera de nivel 1. SEO&#8220; _builder_version=&#8220;3.0.47&#8243; background_size=&#8220;initial&#8220; background_position=&#8220;top_left&#8220; background_repeat=&#8220;repeat&#8220;]<\/p>\n<h1>Gandaria Spain<\/h1>\n<p>[\/et_pb_text][\/et_pb_column][\/et_pb_row][\/et_pb_section][et_pb_section bb_built=&#8220;1&#8243; background_color=&#8220;#ffffff&#8220; padding_mobile=&#8220;off&#8220; fullwidth=&#8220;on&#8220; module_class=&#8220;slide-flota-izquierda&#8220; _builder_version=&#8220;3.0.47&#8243;][et_pb_fullwidth_slider admin_label=&#8220;ECI Elevador de Cangilones Industrial&#8220; background_position=&#8220;top_left&#8220; disabled_on=&#8220;off|off|off&#8220; _builder_version=&#8220;3.0.69&#8243;] [et_pb_slide heading=&#8220;ECI Becherelevatoren Industrial Line&#8220; background_image=&#8220;https:\/\/gandariaspain.com\/wp-content\/uploads\/2016\/09\/ECI-Elevador-de-cangilones-industrial_SLIDER-1.jpg&#8220; background_position=&#8220;top_left&#8220; use_bg_overlay=&#8220;off&#8220; use_text_overlay=&#8220;off&#8220; admin_title=&#8220;ECI Elevador de Cangilones Industrial&#8220; _builder_version=&#8220;3.0.47&#8243; header_font=&#8220;||||&#8220; body_font=&#8220;||||&#8220; custom_button=&#8220;off&#8220; button_icon_placement=&#8220;right&#8220; button_on_hover=&#8220;on&#8220;][\/et_pb_slide] [\/et_pb_fullwidth_slider][\/et_pb_section][et_pb_section bb_built=&#8220;1&#8243; admin_label=&#8220;caracteristicas&#8220; custom_padding=&#8220;50px|||&#8220; padding_mobile=&#8220;off&#8220; module_class=&#8220;fondo_seccion_verde_degradado &#8220; _builder_version=&#8220;3.0.47&#8243;][et_pb_row _builder_version=&#8220;3.0.47&#8243; background_size=&#8220;initial&#8220; background_position=&#8220;top_left&#8220; background_repeat=&#8220;repeat&#8220;][et_pb_column type=&#8220;2_3&#8243;][et_pb_blurb admin_label=&#8220;Imagen + alt de la imagen espec\u00edfico + t\u00edtulo h2 Caracter\u00edstica &#8220; icon_color=&#8220;#7EBEC5&#8243; image=&#8220;https:\/\/gandariaspain.com\/wp-content\/uploads\/2016\/09\/ECI-1.png&#8220; alt=&#8220;ECI Elevador de Cangilones Industrial&#8220; module_class=&#8220;blurb_especial_producto_fondo &#8220; _builder_version=&#8220;3.0.72&#8243; background_size=&#8220;initial&#8220; background_position=&#8220;top_left&#8220; background_repeat=&#8220;repeat&#8220; url_new_window=&#8220;off&#8220; use_icon=&#8220;off&#8220; use_circle=&#8220;off&#8220; use_circle_border=&#8220;off&#8220; icon_placement=&#8220;top&#8220; use_icon_font_size=&#8220;off&#8220; background_layout=&#8220;light&#8220; border_style=&#8220;solid&#8220;]<\/p>\n<h2 class=\"TitularVerdeNegrita panel-titulo\">Haupteigenschaften<\/h2>\n<p>[\/et_pb_blurb][\/et_pb_column][et_pb_column type=&#8220;1_3&#8243;][et_pb_text admin_label=&#8220;Titular en H3 + Texto&#8220; _builder_version=&#8220;3.0.72&#8243; background_size=&#8220;initial&#8220; background_position=&#8220;top_left&#8220; background_repeat=&#8220;repeat&#8220; background_layout=&#8220;light&#8220; text_orientation=&#8220;left&#8220; border_style=&#8220;solid&#8220;]<\/p>\n<h3>INDUSTRIELLER BECHERELEVATOR VON SILOS C\u00d3RDOBA<\/h3>\n<p>Es ist entworfen, um eine t\u00e4gliche und kontinuierliche Nutzung w\u00e4hrend des ganzen Jahres in den anspruchsvollsten Bedingungen bei der Handhabung und Transportsf\u00f6rdern von Getreide anzubieten.<\/p>\n<p>Sein Design und Fertigung in verzinkter Stahlqualit\u00e4t S350GD mit Beschichtung Z-600 verleiht ihm eine hohe Festigkeit und erm\u00f6glicht es Ihnen, mit einer breiten Palette an Getreide, Samen, H\u00fclsenfr\u00fcchten und Pellets zu arbeiten.<\/p>\n<p>[\/et_pb_text][\/et_pb_column][\/et_pb_row][\/et_pb_section][et_pb_section bb_built=&#8220;1&#8243; padding_mobile=&#8220;off&#8220; module_class=&#8220;fondo_seccion_gris_degradado blanco&#8220; _builder_version=&#8220;3.0.47&#8243;][et_pb_row _builder_version=&#8220;3.0.47&#8243; background_size=&#8220;initial&#8220; background_position=&#8220;top_left&#8220; background_repeat=&#8220;repeat&#8220;][et_pb_column type=&#8220;2_3&#8243;][et_pb_blurb admin_label=&#8220;Imagen + alt de la imagen espec\u00edfico + t\u00edtulo h2 Cuerpo Motor ECI&#8220; icon_color=&#8220;#7EBEC5&#8243; image=&#8220;https:\/\/gandariaspain.com\/wp-content\/uploads\/2016\/09\/ECI-2.png&#8220; alt=&#8220;El cuerpo motor del ECI presenta un dise\u00f1o sencillo y robusto&#8220; module_class=&#8220;blurb_especial_producto_fondo &#8220; _builder_version=&#8220;3.0.72&#8243; background_size=&#8220;initial&#8220; background_position=&#8220;top_left&#8220; background_repeat=&#8220;repeat&#8220; url_new_window=&#8220;off&#8220; use_icon=&#8220;off&#8220; use_circle=&#8220;off&#8220; use_circle_border=&#8220;off&#8220; icon_placement=&#8220;top&#8220; use_icon_font_size=&#8220;off&#8220; background_layout=&#8220;light&#8220; border_style=&#8220;solid&#8220;]<\/p>\n<h2 class=\"TitularVerdeNegrita panel-titulo\">Antriebk\u00f6rper<\/h2>\n<p>[\/et_pb_blurb][\/et_pb_column][et_pb_column type=&#8220;1_3&#8243;][et_pb_text admin_label=&#8220;Titular en H3 + Texto&#8220; _builder_version=&#8220;3.0.72&#8243; background_size=&#8220;initial&#8220; background_position=&#8220;top_left&#8220; background_repeat=&#8220;repeat&#8220; background_layout=&#8220;light&#8220; text_orientation=&#8220;left&#8220; border_style=&#8220;solid&#8220;]<\/p>\n<h3>Der Motor der ECI hat ein einfaches und robustes Design.<\/h3>\n<p><strong>Es ist erw\u00e4hnenswert,<\/strong> den Reaktionsarm, die Konstruktion und die eigene Fertigung zu erw\u00e4hnen, sowie die Befestigung am Rest der Maschine und die Montage, in der die Lager ruhen.<\/p>\n<p>Im Inneren des Ger\u00e4tes sorgt der gebogene und verst\u00e4rkte Verschlei\u00dfschutz f\u00fcr eine lange Lebensdauer. M\u00f6gliche Wartungsarbeiten am Motorgeh\u00e4use k\u00f6nnen dank der Zug\u00e4nglichkeit seiner<strong> Komponenten schnell und einfach erfolgen.<\/strong><\/p>\n<p>[\/et_pb_text][\/et_pb_column][\/et_pb_row][\/et_pb_section][et_pb_section bb_built=&#8220;1&#8243; admin_label=&#8220;caracteristicas&#8220; padding_mobile=&#8220;off&#8220; module_class=&#8220;fondo_seccion_verde_degradado &#8220; _builder_version=&#8220;3.0.47&#8243;][et_pb_row _builder_version=&#8220;3.0.47&#8243; background_size=&#8220;initial&#8220; background_position=&#8220;top_left&#8220; background_repeat=&#8220;repeat&#8220;][et_pb_column type=&#8220;2_3&#8243;][et_pb_blurb admin_label=&#8220;Imagen + alt de la imagen espec\u00edfico + t\u00edtulo h2 Cuerpos intermedios ECI&#8220; icon_color=&#8220;#7EBEC5&#8243; image=&#8220;https:\/\/gandariaspain.com\/wp-content\/uploads\/2016\/09\/ECI-3.png&#8220; alt=&#8220;Destacan por su sencillez en el dise\u00f1o y montaje ECI Elevador de Cangilones Industrial. &#8220; module_class=&#8220;blurb_especial_producto_fondo &#8220; _builder_version=&#8220;3.0.72&#8243; background_size=&#8220;initial&#8220; background_position=&#8220;top_left&#8220; background_repeat=&#8220;repeat&#8220; url_new_window=&#8220;off&#8220; use_icon=&#8220;off&#8220; use_circle=&#8220;off&#8220; use_circle_border=&#8220;off&#8220; icon_placement=&#8220;top&#8220; use_icon_font_size=&#8220;off&#8220; background_layout=&#8220;light&#8220; border_style=&#8220;solid&#8220;]<\/p>\n<h2 class=\"TitularVerdeNegrita panel-titulo\">Zwischenabschnitte<\/h2>\n<p>[\/et_pb_blurb][\/et_pb_column][et_pb_column type=&#8220;1_3&#8243;][et_pb_text admin_label=&#8220;Titular en H3 + Texto&#8220; _builder_version=&#8220;3.0.72&#8243; background_size=&#8220;initial&#8220; background_position=&#8220;top_left&#8220; background_repeat=&#8220;repeat&#8220; background_layout=&#8220;light&#8220; text_orientation=&#8220;left&#8220; border_style=&#8220;solid&#8220;]<\/p>\n<h3>Die zeichnen sich durch ihre Einfachheit in der Konstruktion und Montage aus.<\/h3>\n<p>Sie bestehen aus nur drei Arten von verschiedenen St\u00fccken.<\/p>\n<p><strong>Die Verbindung zwischen den Zwischenk\u00f6rpern bietet dem Becherelevator zus\u00e4tzlich eine hohe Steifigkeit<\/strong>, und auch eine schnelle Montage der Aufstiegsleiter und der Plattform des Motork\u00f6rpers zu erm\u00f6glichen<b>.<\/b><\/p>\n<p>[\/et_pb_text][\/et_pb_column][\/et_pb_row][\/et_pb_section][et_pb_section bb_built=&#8220;1&#8243; padding_mobile=&#8220;off&#8220; module_class=&#8220;fondo_seccion_gris_degradado blanco&#8220; _builder_version=&#8220;3.0.47&#8243;][et_pb_row _builder_version=&#8220;3.0.47&#8243; background_size=&#8220;initial&#8220; background_position=&#8220;top_left&#8220; background_repeat=&#8220;repeat&#8220;][et_pb_column type=&#8220;2_3&#8243;][et_pb_blurb admin_label=&#8220;Imagen + alt de la imagen espec\u00edfico + t\u00edtulo h2 Cuerpo registro ECI&#8220; icon_color=&#8220;#7EBEC5&#8243; image=&#8220;https:\/\/gandariaspain.com\/wp-content\/uploads\/2016\/09\/ECI-4.png&#8220; alt=&#8220;Su dise\u00f1o permite un r\u00e1pido acceso a la banda y\/o los cangilones ECI Elevador de Cangilones Industrial&#8220; module_class=&#8220;blurb_especial_producto_fondo &#8220; _builder_version=&#8220;3.0.72&#8243; background_size=&#8220;initial&#8220; background_position=&#8220;top_left&#8220; background_repeat=&#8220;repeat&#8220; url_new_window=&#8220;off&#8220; use_icon=&#8220;off&#8220; use_circle=&#8220;off&#8220; use_circle_border=&#8220;off&#8220; icon_placement=&#8220;top&#8220; use_icon_font_size=&#8220;off&#8220; background_layout=&#8220;light&#8220; border_style=&#8220;solid&#8220;]<\/p>\n<h2 class=\"TitularVerdeNegrita panel-titulo\">Registrierungsbereich<\/h2>\n<p>[\/et_pb_blurb][\/et_pb_column][et_pb_column type=&#8220;1_3&#8243;][et_pb_text admin_label=&#8220;Titular en H3 + Texto&#8220; _builder_version=&#8220;3.0.72&#8243; background_size=&#8220;initial&#8220; background_position=&#8220;top_left&#8220; background_repeat=&#8220;repeat&#8220; background_layout=&#8220;light&#8220; text_orientation=&#8220;left&#8220; border_style=&#8220;solid&#8220;]<\/p>\n<h3>Sein Design erm\u00f6glicht einen schnellen Zugriff auf das Band und \/ oder Becher.<\/h3>\n<p>Um durch die Zug\u00e4nglichkeit Ihrer T\u00fcren m\u00f6gliche Wartungsaufgaben durchf\u00fchren zu k\u00f6nnen.<\/p>\n<p><strong>Diese sorgen auch f\u00fcr eine hervorragende Dichtung,<\/strong> die Kornverlust verhindert.<\/p>\n<p>[\/et_pb_text][\/et_pb_column][\/et_pb_row][\/et_pb_section][et_pb_section bb_built=&#8220;1&#8243; admin_label=&#8220;caracteristicas&#8220; padding_mobile=&#8220;off&#8220; module_class=&#8220;fondo_seccion_verde_degradado &#8220; _builder_version=&#8220;3.0.47&#8243;][et_pb_row _builder_version=&#8220;3.0.47&#8243; background_size=&#8220;initial&#8220; background_position=&#8220;top_left&#8220; background_repeat=&#8220;repeat&#8220;][et_pb_column type=&#8220;2_3&#8243;][et_pb_blurb admin_label=&#8220;Imagen + alt de la imagen espec\u00edfico + t\u00edtulo h2 Cuerpo tensor&#8220; icon_color=&#8220;#7EBEC5&#8243; image=&#8220;https:\/\/gandariaspain.com\/wp-content\/uploads\/2016\/09\/ECI-5.png&#8220; alt=&#8220;Su dise\u00f1o garantiza que los elementos mec\u00e1nicos queden ocultos y asegura que el elevador quede protegido ante las inclemencias meteorol\u00f3gicas.&#8220; module_class=&#8220;blurb_especial_producto_fondo &#8220; _builder_version=&#8220;3.0.72&#8243; background_size=&#8220;initial&#8220; background_position=&#8220;top_left&#8220; background_repeat=&#8220;repeat&#8220; url_new_window=&#8220;off&#8220; use_icon=&#8220;off&#8220; use_circle=&#8220;off&#8220; use_circle_border=&#8220;off&#8220; icon_placement=&#8220;top&#8220; use_icon_font_size=&#8220;off&#8220; background_layout=&#8220;light&#8220; border_style=&#8220;solid&#8220;]<\/p>\n<h2 class=\"TitularVerdeNegrita panel-titulo\">Tensor K\u00f6rper<\/h2>\n<p>[\/et_pb_blurb][\/et_pb_column][et_pb_column type=&#8220;1_3&#8243;][et_pb_text admin_label=&#8220;Titular en H3 + Texto&#8220; _builder_version=&#8220;3.0.72&#8243; background_size=&#8220;initial&#8220; background_position=&#8220;top_left&#8220; background_repeat=&#8220;repeat&#8220; background_layout=&#8220;light&#8220; text_orientation=&#8220;left&#8220; border_style=&#8220;solid&#8220;]<\/p>\n<h3>Sein Design sorgt daf\u00fcr, dass die mechanischen Elemente verborgen sind und sicherstellt, dass der Becherelevator gegen das schlechte Wetter gesch\u00fctzt ist.<\/h3>\n<p>Im Inneren des Elevators, betont die neu gestaltete Riemenscheibe die Verhinderung von Anh\u00e4ufung von Getreide und die Verwendung von Anti-Verschlei\u00df-Material, sorgt f\u00fcr eine lange Lebensdauer des Elevators.<\/p>\n<p>Als Standard-Elemente<strong> sind Bandablenkungsdetektoren und Rotationssensoren enthalten.<\/strong><\/p>\n<p>[\/et_pb_text][\/et_pb_column][\/et_pb_row][\/et_pb_section][et_pb_section bb_built=&#8220;1&#8243; padding_mobile=&#8220;off&#8220; module_class=&#8220;fondo_seccion_gris_degradado blanco&#8220; _builder_version=&#8220;3.0.47&#8243;][et_pb_row _builder_version=&#8220;3.0.47&#8243; background_size=&#8220;initial&#8220; background_position=&#8220;top_left&#8220; background_repeat=&#8220;repeat&#8220;][et_pb_column type=&#8220;4_4&#8243;][et_pb_text admin_label=&#8220;V\u00cdDEO&#8220; _builder_version=&#8220;3.0.72&#8243; background_size=&#8220;initial&#8220; background_position=&#8220;top_left&#8220; background_repeat=&#8220;repeat&#8220; background_layout=&#8220;light&#8220; text_orientation=&#8220;left&#8220; border_style=&#8220;solid&#8220;]<\/p>\n<h2 class=\"TitularVerdeNegrita\">Comercial video<\/h2>\n<p><iframe loading=\"lazy\" width=\"1080\" height=\"608\" src=\"https:\/\/www.youtube.com\/embed\/hxLaf05MoUs?feature=oembed\" frameborder=\"0\" allow=\"autoplay; encrypted-media\" allowfullscreen><\/iframe><\/p>\n<p>[\/et_pb_text][\/et_pb_column][\/et_pb_row][\/et_pb_section][et_pb_section bb_built=&#8220;1&#8243; admin_label=&#8220;caracteristicas&#8220; padding_mobile=&#8220;off&#8220; module_class=&#8220;fondo_seccion_verde_degradado &#8220; _builder_version=&#8220;3.0.47&#8243;][et_pb_row _builder_version=&#8220;3.0.47&#8243; background_size=&#8220;initial&#8220; background_position=&#8220;top_left&#8220; background_repeat=&#8220;repeat&#8220;][et_pb_column type=&#8220;2_3&#8243;][et_pb_text admin_label=&#8220;Caracter\u00edsticas t\u00e9cnicas&#8220; _builder_version=&#8220;3.0.72&#8243; background_size=&#8220;initial&#8220; background_position=&#8220;top_left&#8220; background_repeat=&#8220;repeat&#8220; background_layout=&#8220;light&#8220; text_orientation=&#8220;left&#8220; border_style=&#8220;solid&#8220;]<\/p>\n<h2 class=\"TitularVerdeNegrita panel-titulo\">Technische Daten<\/h2>\n<p>[\/et_pb_text][et_pb_image admin_label=&#8220;Imagen caracter\u00edsticas t\u00e9cnicas + alt (se abrir\u00e1 en pop-up) &#8220; src=&#8220;https:\/\/gandariaspain.com\/wp-content\/uploads\/2017\/08\/ECI_eng.jpg&#8220; show_in_lightbox=&#8220;on&#8220; use_overlay=&#8220;on&#8220; overlay_icon_color=&#8220;#ffffff&#8220; hover_overlay_color=&#8220;rgba(58,65,73,0.52)&#8220; hover_icon=&#8220;%%204%%&#8220; _builder_version=&#8220;3.0.69&#8243; animation_style=&#8220;slide&#8220; animation_duration=&#8220;500ms&#8220; animation_intensity_slide=&#8220;10%&#8220; animation_direction=&#8220;left&#8220; \/][\/et_pb_column][et_pb_column type=&#8220;1_3&#8243;][et_pb_text admin_label=&#8220;Anotaci\u00f3n al pi\u00e9 de la imagen&#8220; _builder_version=&#8220;3.0.72&#8243; background_size=&#8220;initial&#8220; background_position=&#8220;top_left&#8220; background_repeat=&#8220;repeat&#8220; background_layout=&#8220;light&#8220; text_orientation=&#8220;left&#8220; border_style=&#8220;solid&#8220;]<\/p>\n<blockquote><p>* Die angegebenen Werte sind aufgrund eines Referenzmaterials mit einer Dichte von 750 kg \/ m3 bestimmt. Die Angaben sind theoretisch und h\u00e4ngen vom ausgew\u00e4hlten Produkt und von dem Betriebssystem ab.<\/p><\/blockquote>\n<p>[\/et_pb_text][\/et_pb_column][\/et_pb_row][et_pb_row padding_mobile=&#8220;off&#8220; column_padding_mobile=&#8220;on&#8220; parallax_method_1=&#8220;off&#8220; parallax_method_2=&#8220;off&#8220; parallax_method_3=&#8220;off&#8220; module_class=&#8220;productos_fondo_verde_pop_up &#8220; _builder_version=&#8220;3.0.47&#8243; background_size=&#8220;initial&#8220; background_position=&#8220;top_left&#8220; background_repeat=&#8220;repeat&#8220;][et_pb_column type=&#8220;1_2&#8243;][et_pb_image admin_label=&#8220;Imagen dimensiones ECI + alt (se abrir\u00e1 en pop-up)&#8220; src=&#8220;https:\/\/gandariaspain.com\/wp-content\/uploads\/2017\/08\/ECI_DIAGRAMA_eng.jpg&#8220; show_in_lightbox=&#8220;on&#8220; use_overlay=&#8220;on&#8220; overlay_icon_color=&#8220;#ffffff&#8220; hover_overlay_color=&#8220;rgba(58,65,73,0.52)&#8220; hover_icon=&#8220;%%204%%&#8220; _builder_version=&#8220;3.0.69&#8243; animation_style=&#8220;slide&#8220; animation_duration=&#8220;500ms&#8220; animation_intensity_slide=&#8220;10%&#8220; animation_direction=&#8220;left&#8220; \/][\/et_pb_column][et_pb_column type=&#8220;1_2&#8243;][et_pb_text admin_label=&#8220;Anotaciones sobres las dos im\u00e1genes anteriores&#8220; _builder_version=&#8220;3.0.72&#8243; background_size=&#8220;initial&#8220; background_position=&#8220;top_left&#8220; background_repeat=&#8220;repeat&#8220; background_layout=&#8220;light&#8220; text_orientation=&#8220;left&#8220; border_style=&#8220;solid&#8220;]<\/p>\n<blockquote><p>*Die angegebenen Abmessungen k\u00f6nnen jederzeit und ohne vorherige Ank\u00fcndigung ge\u00e4ndert werden.<\/p><\/blockquote>\n<p>[\/et_pb_text][et_pb_image admin_label=&#8220;Imagen diagrama ECI + alt (se abrir\u00e1 en pop-up)&#8220; src=&#8220;https:\/\/gandariaspain.com\/wp-content\/uploads\/2017\/08\/ECI_2_eng.jpg&#8220; show_in_lightbox=&#8220;on&#8220; use_overlay=&#8220;on&#8220; overlay_icon_color=&#8220;#ffffff&#8220; hover_overlay_color=&#8220;rgba(58,65,73,0.52)&#8220; hover_icon=&#8220;%%204%%&#8220; _builder_version=&#8220;3.0.69&#8243; animation_style=&#8220;slide&#8220; animation_duration=&#8220;500ms&#8220; animation_intensity_slide=&#8220;10%&#8220; animation_direction=&#8220;left&#8220; \/][\/et_pb_column][\/et_pb_row][\/et_pb_section]<\/p>\n<span class=\"et_bloom_bottom_trigger\"><\/span>","protected":false},"excerpt":{"rendered":"<p>Gandaria Spain Haupteigenschaften INDUSTRIELLER BECHERELEVATOR VON SILOS C\u00d3RDOBA Es ist [&hellip;]<\/p>\n","protected":false},"author":2,"featured_media":0,"parent":36416,"menu_order":0,"comment_status":"closed","ping_status":"closed","template":"","meta":{"_et_pb_use_builder":"on","_et_pb_old_content":"","_et_gb_content_width":"","_mbp_gutenberg_autopost":false,"footnotes":""},"class_list":["post-36420","page","type-page","status-publish","hentry"],"yoast_head":"<!-- This site is optimized with the Yoast SEO plugin v27.3 - https:\/\/yoast.com\/product\/yoast-seo-wordpress\/ -->\n<title>Becherelevatoren - Gandaria - Silos Spain<\/title>\n<meta name=\"robots\" content=\"index, follow, max-snippet:-1, max-image-preview:large, max-video-preview:-1\" \/>\n<link rel=\"canonical\" href=\"https:\/\/gandariaspain.com\/de\/produkte\/foerdertechnik\/industrielle-foerdertechnik\/eci-becherelevatoren-industrial-line\/\" \/>\n<meta property=\"og:locale\" content=\"de_DE\" \/>\n<meta property=\"og:type\" content=\"article\" \/>\n<meta property=\"og:title\" content=\"Becherelevatoren - Gandaria - Silos Spain\" \/>\n<meta property=\"og:description\" content=\"Gandaria Spain Haupteigenschaften INDUSTRIELLER BECHERELEVATOR VON SILOS C\u00d3RDOBA Es ist [&hellip;]\" \/>\n<meta property=\"og:url\" content=\"https:\/\/gandariaspain.com\/de\/produkte\/foerdertechnik\/industrielle-foerdertechnik\/eci-becherelevatoren-industrial-line\/\" \/>\n<meta property=\"og:site_name\" content=\"Gandaria - Silos Spain\" \/>\n<meta property=\"article:modified_time\" content=\"2018-02-13T11:40:23+00:00\" \/>\n<meta name=\"twitter:card\" content=\"summary_large_image\" \/>\n<meta name=\"twitter:label1\" content=\"Gesch\u00e4tzte Lesezeit\" \/>\n\t<meta name=\"twitter:data1\" content=\"10\u00a0Minuten\" \/>\n<script type=\"application\/ld+json\" class=\"yoast-schema-graph\">{\"@context\":\"https:\\\/\\\/schema.org\",\"@graph\":[{\"@type\":\"WebPage\",\"@id\":\"https:\\\/\\\/gandariaspain.com\\\/de\\\/produkte\\\/foerdertechnik\\\/industrielle-foerdertechnik\\\/eci-becherelevatoren-industrial-line\\\/\",\"url\":\"https:\\\/\\\/gandariaspain.com\\\/de\\\/produkte\\\/foerdertechnik\\\/industrielle-foerdertechnik\\\/eci-becherelevatoren-industrial-line\\\/\",\"name\":\"Becherelevatoren - Gandaria - Silos Spain\",\"isPartOf\":{\"@id\":\"https:\\\/\\\/gandariaspain.com\\\/de\\\/#website\"},\"datePublished\":\"2017-08-20T14:41:41+00:00\",\"dateModified\":\"2018-02-13T11:40:23+00:00\",\"breadcrumb\":{\"@id\":\"https:\\\/\\\/gandariaspain.com\\\/de\\\/produkte\\\/foerdertechnik\\\/industrielle-foerdertechnik\\\/eci-becherelevatoren-industrial-line\\\/#breadcrumb\"},\"inLanguage\":\"de\",\"potentialAction\":[{\"@type\":\"ReadAction\",\"target\":[\"https:\\\/\\\/gandariaspain.com\\\/de\\\/produkte\\\/foerdertechnik\\\/industrielle-foerdertechnik\\\/eci-becherelevatoren-industrial-line\\\/\"]}]},{\"@type\":\"BreadcrumbList\",\"@id\":\"https:\\\/\\\/gandariaspain.com\\\/de\\\/produkte\\\/foerdertechnik\\\/industrielle-foerdertechnik\\\/eci-becherelevatoren-industrial-line\\\/#breadcrumb\",\"itemListElement\":[{\"@type\":\"ListItem\",\"position\":1,\"name\":\"Produkte\",\"item\":\"https:\\\/\\\/gandariaspain.com\\\/de\\\/produkte\\\/\"},{\"@type\":\"ListItem\",\"position\":2,\"name\":\"F\u00f6rdertechnik\",\"item\":\"https:\\\/\\\/gandariaspain.com\\\/de\\\/produkte\\\/foerdertechnik\\\/\"},{\"@type\":\"ListItem\",\"position\":3,\"name\":\"Industrielle F\u00f6rdertechnik\",\"item\":\"https:\\\/\\\/gandariaspain.com\\\/de\\\/produkte\\\/foerdertechnik\\\/industrielle-foerdertechnik\\\/\"},{\"@type\":\"ListItem\",\"position\":4,\"name\":\"Becherelevatoren\"}]},{\"@type\":\"WebSite\",\"@id\":\"https:\\\/\\\/gandariaspain.com\\\/de\\\/#website\",\"url\":\"https:\\\/\\\/gandariaspain.com\\\/de\\\/\",\"name\":\"Gandaria - Silos Spain\",\"description\":\"Just another WordPress site\",\"potentialAction\":[{\"@type\":\"SearchAction\",\"target\":{\"@type\":\"EntryPoint\",\"urlTemplate\":\"https:\\\/\\\/gandariaspain.com\\\/de\\\/?s={search_term_string}\"},\"query-input\":{\"@type\":\"PropertyValueSpecification\",\"valueRequired\":true,\"valueName\":\"search_term_string\"}}],\"inLanguage\":\"de\"}]}<\/script>\n<!-- \/ Yoast SEO plugin. -->","yoast_head_json":{"title":"Becherelevatoren - Gandaria - Silos Spain","robots":{"index":"index","follow":"follow","max-snippet":"max-snippet:-1","max-image-preview":"max-image-preview:large","max-video-preview":"max-video-preview:-1"},"canonical":"https:\/\/gandariaspain.com\/de\/produkte\/foerdertechnik\/industrielle-foerdertechnik\/eci-becherelevatoren-industrial-line\/","og_locale":"de_DE","og_type":"article","og_title":"Becherelevatoren - Gandaria - Silos Spain","og_description":"Gandaria Spain Haupteigenschaften INDUSTRIELLER BECHERELEVATOR VON SILOS C\u00d3RDOBA Es ist [&hellip;]","og_url":"https:\/\/gandariaspain.com\/de\/produkte\/foerdertechnik\/industrielle-foerdertechnik\/eci-becherelevatoren-industrial-line\/","og_site_name":"Gandaria - Silos Spain","article_modified_time":"2018-02-13T11:40:23+00:00","twitter_card":"summary_large_image","twitter_misc":{"Gesch\u00e4tzte Lesezeit":"10\u00a0Minuten"},"schema":{"@context":"https:\/\/schema.org","@graph":[{"@type":"WebPage","@id":"https:\/\/gandariaspain.com\/de\/produkte\/foerdertechnik\/industrielle-foerdertechnik\/eci-becherelevatoren-industrial-line\/","url":"https:\/\/gandariaspain.com\/de\/produkte\/foerdertechnik\/industrielle-foerdertechnik\/eci-becherelevatoren-industrial-line\/","name":"Becherelevatoren - Gandaria - Silos Spain","isPartOf":{"@id":"https:\/\/gandariaspain.com\/de\/#website"},"datePublished":"2017-08-20T14:41:41+00:00","dateModified":"2018-02-13T11:40:23+00:00","breadcrumb":{"@id":"https:\/\/gandariaspain.com\/de\/produkte\/foerdertechnik\/industrielle-foerdertechnik\/eci-becherelevatoren-industrial-line\/#breadcrumb"},"inLanguage":"de","potentialAction":[{"@type":"ReadAction","target":["https:\/\/gandariaspain.com\/de\/produkte\/foerdertechnik\/industrielle-foerdertechnik\/eci-becherelevatoren-industrial-line\/"]}]},{"@type":"BreadcrumbList","@id":"https:\/\/gandariaspain.com\/de\/produkte\/foerdertechnik\/industrielle-foerdertechnik\/eci-becherelevatoren-industrial-line\/#breadcrumb","itemListElement":[{"@type":"ListItem","position":1,"name":"Produkte","item":"https:\/\/gandariaspain.com\/de\/produkte\/"},{"@type":"ListItem","position":2,"name":"F\u00f6rdertechnik","item":"https:\/\/gandariaspain.com\/de\/produkte\/foerdertechnik\/"},{"@type":"ListItem","position":3,"name":"Industrielle F\u00f6rdertechnik","item":"https:\/\/gandariaspain.com\/de\/produkte\/foerdertechnik\/industrielle-foerdertechnik\/"},{"@type":"ListItem","position":4,"name":"Becherelevatoren"}]},{"@type":"WebSite","@id":"https:\/\/gandariaspain.com\/de\/#website","url":"https:\/\/gandariaspain.com\/de\/","name":"Gandaria - Silos Spain","description":"Just another WordPress site","potentialAction":[{"@type":"SearchAction","target":{"@type":"EntryPoint","urlTemplate":"https:\/\/gandariaspain.com\/de\/?s={search_term_string}"},"query-input":{"@type":"PropertyValueSpecification","valueRequired":true,"valueName":"search_term_string"}}],"inLanguage":"de"}]}},"_links":{"self":[{"href":"https:\/\/gandariaspain.com\/de\/wp-json\/wp\/v2\/pages\/36420","targetHints":{"allow":["GET"]}}],"collection":[{"href":"https:\/\/gandariaspain.com\/de\/wp-json\/wp\/v2\/pages"}],"about":[{"href":"https:\/\/gandariaspain.com\/de\/wp-json\/wp\/v2\/types\/page"}],"author":[{"embeddable":true,"href":"https:\/\/gandariaspain.com\/de\/wp-json\/wp\/v2\/users\/2"}],"replies":[{"embeddable":true,"href":"https:\/\/gandariaspain.com\/de\/wp-json\/wp\/v2\/comments?post=36420"}],"version-history":[{"count":11,"href":"https:\/\/gandariaspain.com\/de\/wp-json\/wp\/v2\/pages\/36420\/revisions"}],"predecessor-version":[{"id":44501,"href":"https:\/\/gandariaspain.com\/de\/wp-json\/wp\/v2\/pages\/36420\/revisions\/44501"}],"up":[{"embeddable":true,"href":"https:\/\/gandariaspain.com\/de\/wp-json\/wp\/v2\/pages\/36416"}],"wp:attachment":[{"href":"https:\/\/gandariaspain.com\/de\/wp-json\/wp\/v2\/media?parent=36420"}],"curies":[{"name":"wp","href":"https:\/\/api.w.org\/{rel}","templated":true}]}}