{"id":36415,"date":"2017-08-20T16:40:07","date_gmt":"2017-08-20T14:40:07","guid":{"rendered":"https:\/\/gandariaspain.com\/?page_id=36415\/"},"modified":"2017-10-18T19:15:29","modified_gmt":"2017-10-18T17:15:29","slug":"foerderbaender","status":"publish","type":"page","link":"https:\/\/gandariaspain.com\/de\/produkte\/foerdertechnik\/industrielle-foerdertechnik\/foerderbaender\/","title":{"rendered":"Bandf\u00f6rderer"},"content":{"rendered":"<p>[et_pb_section bb_built=&#8220;1&#8243; admin_label=&#8220;section&#8220; transparent_background=&#8220;off&#8220; background_color=&#8220;#ffffff&#8220; allow_player_pause=&#8220;off&#8220; inner_shadow=&#8220;off&#8220; parallax=&#8220;off&#8220; parallax_method=&#8220;off&#8220; padding_mobile=&#8220;off&#8220; make_fullwidth=&#8220;off&#8220; use_custom_width=&#8220;off&#8220; width_unit=&#8220;on&#8220; make_equal=&#8220;off&#8220; use_custom_gutter=&#8220;off&#8220; module_class=&#8220;indentame&#8220; locked=&#8220;on&#8220; custom_padding_tablet=&#8220;50px|0|50px|0&#8243; custom_padding_last_edited=&#8220;on|desktop&#8220;][et_pb_row admin_label=&#8220;row&#8220; parent_locked=&#8220;on&#8220; background_position=&#8220;top_left&#8220; background_repeat=&#8220;repeat&#8220; background_size=&#8220;initial&#8220;][et_pb_column type=&#8220;4_4&#8243;][et_pb_text admin_label=&#8220;No tocar. Cabecera de nivel 1. SEO&#8220; background_layout=&#8220;light&#8220; text_orientation=&#8220;left&#8220; use_border_color=&#8220;off&#8220; border_color=&#8220;#ffffff&#8220; border_style=&#8220;solid&#8220; parent_locked=&#8220;on&#8220; background_position=&#8220;top_left&#8220; background_repeat=&#8220;repeat&#8220; background_size=&#8220;initial&#8220; module_alignment=&#8220;left&#8220;]<\/p>\n<h1>Gandaria Spain<\/h1>\n<p>[\/et_pb_text][\/et_pb_column][\/et_pb_row][\/et_pb_section][et_pb_section bb_built=&#8220;1&#8243; fullwidth=&#8220;on&#8220; specialty=&#8220;off&#8220; transparent_background=&#8220;off&#8220; background_color=&#8220;#ffffff&#8220; allow_player_pause=&#8220;off&#8220; inner_shadow=&#8220;off&#8220; parallax=&#8220;off&#8220; parallax_method=&#8220;off&#8220; padding_mobile=&#8220;off&#8220; make_fullwidth=&#8220;off&#8220; use_custom_width=&#8220;off&#8220; width_unit=&#8220;on&#8220; make_equal=&#8220;off&#8220; use_custom_gutter=&#8220;off&#8220; module_class=&#8220;slide-flota-izquierda&#8220; custom_padding_tablet=&#8220;50px|0|50px|0&#8243; custom_padding_last_edited=&#8220;on|desktop&#8220;][et_pb_fullwidth_slider admin_label=&#8220;Transportadores de banda&#8220; show_arrows=&#8220;on&#8220; show_pagination=&#8220;on&#8220; parallax=&#8220;off&#8220; parallax_method=&#8220;off&#8220; remove_inner_shadow=&#8220;off&#8220; background_position=&#8220;top_left&#8220; hide_content_on_mobile=&#8220;off&#8220; hide_cta_on_mobile=&#8220;off&#8220; show_image_video_mobile=&#8220;off&#8220; custom_button=&#8220;off&#8220; button_letter_spacing=&#8220;0&#8243; button_icon_placement=&#8220;right&#8220; button_letter_spacing_hover=&#8220;0&#8243; disabled_on=&#8220;off|off|off&#8220; disabled=&#8220;off&#8220; _builder_version=&#8220;3.0.72&#8243; show_inner_shadow=&#8220;off&#8220; show_content_on_mobile=&#8220;off&#8220; show_cta_on_mobile=&#8220;off&#8220; custom_padding=&#8220;|||&#8220; custom_padding_tablet=&#8220;|||&#8220; custom_padding_phone=&#8220;|||&#8220;] [et_pb_slide heading=&#8220;F\u00f6rderb\u00e4nder&#8220; background_image=&#8220;https:\/\/gandariaspain.com\/wp-content\/uploads\/2016\/09\/Transportador-de-banda-industrial_SLIDER-3.jpg&#8220; background_position=&#8220;top_left&#8220; background_size=&#8220;cover&#8220; background_color=&#8220;#ffffff&#8220; use_bg_overlay=&#8220;off&#8220; use_text_overlay=&#8220;off&#8220; alignment=&#8220;center&#8220; background_layout=&#8220;dark&#8220; allow_player_pause=&#8220;off&#8220; text_border_radius=&#8220;3&#8243; header_font_select=&#8220;default&#8220; header_font=&#8220;||||&#8220; body_font_select=&#8220;default&#8220; body_font=&#8220;||||&#8220; custom_button=&#8220;off&#8220; button_font_select=&#8220;default&#8220; button_font=&#8220;||||&#8220; button_use_icon=&#8220;default&#8220; button_icon_placement=&#8220;right&#8220; button_on_hover=&#8220;on&#8220; admin_title=&#8220;Transportadores de banda&#8220; use_background_color_gradient=&#8220;off&#8220; background_color_gradient_start=&#8220;#2b87da&#8220; background_color_gradient_end=&#8220;#29c4a9&#8243; background_color_gradient_type=&#8220;linear&#8220; background_color_gradient_direction=&#8220;180deg&#8220; background_color_gradient_direction_radial=&#8220;center&#8220; background_color_gradient_start_position=&#8220;0%&#8220; background_color_gradient_end_position=&#8220;100%&#8220; parallax=&#8220;off&#8220; parallax_method=&#8220;off&#8220; background_repeat=&#8220;no-repeat&#8220; background_blend=&#8220;normal&#8220; \/] [\/et_pb_fullwidth_slider][\/et_pb_section][et_pb_section bb_built=&#8220;1&#8243; fullwidth=&#8220;off&#8220; specialty=&#8220;off&#8220;][et_pb_row background_position=&#8220;top_left&#8220; background_repeat=&#8220;repeat&#8220; background_size=&#8220;initial&#8220;][et_pb_column type=&#8220;2_3&#8243;][et_pb_text admin_label=&#8220;Capacidad.&#8220; background_layout=&#8220;light&#8220; text_orientation=&#8220;left&#8220; border_style=&#8220;solid&#8220; background_position=&#8220;top_left&#8220; background_repeat=&#8220;repeat&#8220; background_size=&#8220;initial&#8220; _builder_version=&#8220;3.0.71&#8243; module_alignment=&#8220;left&#8220;]<\/p>\n<blockquote><p>Die wichtigsten Merkmale unserer F\u00f6rderb\u00e4nder, sind das beste Verh\u00e4ltnis tm \/ h zwischen Transport-und Stromverbrauch, sind sie geeignet f\u00fcr den Transport von zerbrechlichen oder abbaubaren Materialien und f\u00fcr eine minimale Ger\u00e4uschkulisse w\u00e4hrend des Betriebs.<\/p><\/blockquote>\n<h3>Kapazit\u00e4t.<\/h3>\n<p>Leistungen und L\u00e4ngen, die mit dieser Art von F\u00f6rderband erreicht werden k\u00f6nnen, sind praktisch unbegrenzt. Die Datenberechnung werden konservativ berechnet , so k\u00f6nnen wir die Leistung gew\u00e4hrleisten.<\/p>\n<p>[\/et_pb_text][et_pb_text admin_label=&#8220;Fiabilidad.&#8220; background_layout=&#8220;light&#8220; text_orientation=&#8220;left&#8220; border_style=&#8220;solid&#8220; background_position=&#8220;top_left&#8220; background_repeat=&#8220;repeat&#8220; background_size=&#8220;initial&#8220; _builder_version=&#8220;3.0.71&#8243; module_alignment=&#8220;left&#8220;]<\/p>\n<h3>Zuverl\u00e4ssigkeit.<\/h3>\n<p>Die mechanischen Einfachheit und hochwertige Komponenten f\u00fchren zu einer hohen Zuverl\u00e4ssigkeit.<\/p>\n<p>[\/et_pb_text][\/et_pb_column][et_pb_column type=&#8220;1_3&#8243;][et_pb_slider show_arrows=&#8220;on&#8220; show_pagination=&#8220;on&#8220; background_position=&#8220;default&#8220; background_size=&#8220;default&#8220; remove_inner_shadow=&#8220;off&#8220; parallax=&#8220;off&#8220; parallax_method=&#8220;off&#8220; custom_button=&#8220;off&#8220; button_letter_spacing=&#8220;0&#8243; button_use_icon=&#8220;default&#8220; button_icon_placement=&#8220;right&#8220; button_on_hover=&#8220;on&#8220; button_letter_spacing_hover=&#8220;0&#8243; auto=&#8220;off&#8220; auto_ignore_hover=&#8220;off&#8220; hide_content_on_mobile=&#8220;off&#8220; hide_cta_on_mobile=&#8220;off&#8220; show_image_video_mobile=&#8220;off&#8220; show_inner_shadow=&#8220;off&#8220; show_content_on_mobile=&#8220;off&#8220; show_cta_on_mobile=&#8220;off&#8220; custom_padding=&#8220;|||&#8220; custom_padding_tablet=&#8220;|||&#8220; custom_padding_phone=&#8220;|||&#8220;] [et_pb_slide allow_player_pause=&#8220;off&#8220; background_image=&#8220;https:\/\/gandariaspain.com\/wp-content\/uploads\/2017\/05\/Belt-Conveyors-11.jpg&#8220; background_position=&#8220;default&#8220; background_size=&#8220;default&#8220; background_color=&#8220;#ffffff&#8220; use_bg_overlay=&#8220;off&#8220; use_text_overlay=&#8220;off&#8220; text_border_radius=&#8220;3&#8243; alignment=&#8220;center&#8220; background_layout=&#8220;dark&#8220; header_font_select=&#8220;default&#8220; header_font=&#8220;||||&#8220; body_font_select=&#8220;default&#8220; body_font=&#8220;||||&#8220; custom_button=&#8220;off&#8220; button_font_select=&#8220;default&#8220; button_font=&#8220;||||&#8220; button_use_icon=&#8220;default&#8220; button_icon_placement=&#8220;right&#8220; button_on_hover=&#8220;on&#8220; \/][et_pb_slide allow_player_pause=&#8220;off&#8220; background_image=&#8220;https:\/\/gandariaspain.com\/wp-content\/uploads\/2016\/09\/Belt-Conveyors-21.jpg&#8220; background_position=&#8220;default&#8220; background_size=&#8220;default&#8220; background_color=&#8220;#ffffff&#8220; use_bg_overlay=&#8220;off&#8220; use_text_overlay=&#8220;off&#8220; text_border_radius=&#8220;3&#8243; alignment=&#8220;center&#8220; background_layout=&#8220;dark&#8220; header_font_select=&#8220;default&#8220; header_font=&#8220;||||&#8220; body_font_select=&#8220;default&#8220; body_font=&#8220;||||&#8220; custom_button=&#8220;off&#8220; button_font_select=&#8220;default&#8220; button_font=&#8220;||||&#8220; button_use_icon=&#8220;default&#8220; button_icon_placement=&#8220;right&#8220; button_on_hover=&#8220;on&#8220; \/][et_pb_slide allow_player_pause=&#8220;off&#8220; background_image=&#8220;https:\/\/gandariaspain.com\/wp-content\/uploads\/2016\/09\/Belt-Conveyors-31.jpg&#8220; background_position=&#8220;default&#8220; background_size=&#8220;default&#8220; background_color=&#8220;#ffffff&#8220; use_bg_overlay=&#8220;off&#8220; use_text_overlay=&#8220;off&#8220; text_border_radius=&#8220;3&#8243; alignment=&#8220;center&#8220; background_layout=&#8220;dark&#8220; header_font_select=&#8220;default&#8220; header_font=&#8220;||||&#8220; body_font_select=&#8220;default&#8220; body_font=&#8220;||||&#8220; custom_button=&#8220;off&#8220; button_font_select=&#8220;default&#8220; button_font=&#8220;||||&#8220; button_use_icon=&#8220;default&#8220; button_icon_placement=&#8220;right&#8220; button_on_hover=&#8220;on&#8220; \/] [\/et_pb_slider][\/et_pb_column][\/et_pb_row][et_pb_row background_position=&#8220;top_left&#8220; background_repeat=&#8220;repeat&#8220; background_size=&#8220;initial&#8220;][et_pb_column type=&#8220;4_4&#8243;][et_pb_text admin_label=&#8220;Seguridad.&#8220; background_layout=&#8220;light&#8220; text_orientation=&#8220;left&#8220; border_style=&#8220;solid&#8220; background_position=&#8220;top_left&#8220; background_repeat=&#8220;repeat&#8220; background_size=&#8220;initial&#8220; _builder_version=&#8220;3.0.71&#8243; module_alignment=&#8220;left&#8220;]<\/p>\n<h3>Sicherheit.<\/h3>\n<p><strong>An Schl\u00fcsselpunkten sind Schutzeinrichtungen vorgesehen<\/strong>, um St\u00f6rungen zu vermeiden. Wir k\u00f6nnen diese Sicherheitsmechanismen mit Ihren erfordern spezifischen Regelungen zu installieren.<br \/>\nDie Antriebsscheiben sind vulkanisiert, um das Verrutschen des Bandes zu verhindern.<\/p>\n<p>[\/et_pb_text][\/et_pb_column][\/et_pb_row][\/et_pb_section][et_pb_section bb_built=&#8220;1&#8243; fullwidth=&#8220;off&#8220; specialty=&#8220;off&#8220;][et_pb_row background_position=&#8220;top_left&#8220; background_repeat=&#8220;repeat&#8220; background_size=&#8220;initial&#8220;][et_pb_column type=&#8220;4_4&#8243;][et_pb_text admin_label=&#8220;Flexibilidad y Modularidad.&#8220; background_layout=&#8220;light&#8220; text_orientation=&#8220;left&#8220; border_style=&#8220;solid&#8220; background_position=&#8220;top_left&#8220; background_repeat=&#8220;repeat&#8220; background_size=&#8220;initial&#8220; _builder_version=&#8220;3.0.71&#8243; module_alignment=&#8220;left&#8220;]<\/p>\n<h3>Flexibilit\u00e4t und Modularit\u00e4t.<\/h3>\n<p>Der Typ dieser Art von F\u00f6rderbandvorrichtung k\u00f6nnen mehrere Ein-und Ausg\u00e4nge durch die Bereitstellung eines Entladungstripper kann auch kontinuierlich entlang des Bandes installieren. Die Projektierung der Maschine erm\u00f6glicht verschiedene Konfigurationen, die Anpassung an die Bed\u00fcrfnisse von Geschwindigkeit und zuk\u00fcnftigen Leistungen.<\/p>\n<p>[\/et_pb_text][\/et_pb_column][\/et_pb_row][\/et_pb_section][et_pb_section bb_built=&#8220;1&#8243; admin_label=&#8220;section&#8220; inner_shadow=&#8220;off&#8220; parallax=&#8220;off&#8220;][et_pb_row background_position=&#8220;top_left&#8220; background_repeat=&#8220;repeat&#8220; background_size=&#8220;initial&#8220;][et_pb_column type=&#8220;4_4&#8243;][et_pb_text admin_label=&#8220;Acabado.&#8220; background_layout=&#8220;light&#8220; text_orientation=&#8220;left&#8220; border_style=&#8220;solid&#8220; background_position=&#8220;top_left&#8220; background_repeat=&#8220;repeat&#8220; background_size=&#8220;initial&#8220; _builder_version=&#8220;3.0.71&#8243; module_alignment=&#8220;left&#8220;]<\/p>\n<h3>Oberfl\u00e4che.<\/h3>\n<p>Ausgezeichnet verzinkter Ausf\u00fchrung<strong> mit 450gr\/m2,<\/strong> sorgt f\u00fcr eine bessere Witterungsbest\u00e4ndigkeit. Es ist auch m\u00f6glich Lieferungen mit Fertigung Kunstharzlack und lackiert.<\/p>\n<p>[\/et_pb_text][\/et_pb_column][\/et_pb_row][et_pb_row background_position=&#8220;top_left&#8220; background_repeat=&#8220;repeat&#8220; background_size=&#8220;initial&#8220;][et_pb_column type=&#8220;4_4&#8243;][et_pb_text admin_label=&#8220;Idoneidad.&#8220; background_layout=&#8220;light&#8220; border_style=&#8220;solid&#8220; background_position=&#8220;top_left&#8220; background_repeat=&#8220;repeat&#8220; background_size=&#8220;initial&#8220; _builder_version=&#8220;3.0.80&#8243; module_alignment=&#8220;left&#8220;]<\/p>\n<h3>Eignung.<\/h3>\n<p>Nicht alle Produkte und<strong> Siloanlagen sind die gleichen , s<\/strong>o dass wir die Anpassung an die Bed\u00fcrfnisse des jeweiligen Kunden durch die Installation von Rollen, Riemen und Bestandteile f\u00fcr die Einhaltung der Eigenschaften ihrer Produkte .<\/p>\n<p>Die Eigenschaften der Rollen kann von der Lichtbereich durch die halbschwere bis schwere f\u00fcr den h\u00e4rtesten Bedingungen wie Transport Steinbr\u00fcche sein . Die Vielfalt im Bereich von Zulieferf\u00f6rderer ist auch praktisch unbegrenzt.<\/p>\n<p>[\/et_pb_text][\/et_pb_column][\/et_pb_row][\/et_pb_section]<\/p>\n<span class=\"et_bloom_bottom_trigger\"><\/span>","protected":false},"excerpt":{"rendered":"<p>Gandaria Spain Die wichtigsten Merkmale unserer F\u00f6rderb\u00e4nder, sind das beste [&hellip;]<\/p>\n","protected":false},"author":2,"featured_media":0,"parent":36416,"menu_order":0,"comment_status":"closed","ping_status":"closed","template":"","meta":{"_et_pb_use_builder":"on","_et_pb_old_content":"","_et_gb_content_width":"","_mbp_gutenberg_autopost":false,"footnotes":""},"class_list":["post-36415","page","type-page","status-publish","hentry"],"yoast_head":"<!-- This site is optimized with the Yoast SEO plugin v27.5 - https:\/\/yoast.com\/product\/yoast-seo-wordpress\/ -->\n<title>Bandf\u00f6rderer - Gandaria - Silos Spain<\/title>\n<meta name=\"robots\" content=\"index, follow, max-snippet:-1, max-image-preview:large, max-video-preview:-1\" \/>\n<link rel=\"canonical\" href=\"https:\/\/gandariaspain.com\/de\/produkte\/foerdertechnik\/industrielle-foerdertechnik\/foerderbaender\/\" \/>\n<meta property=\"og:locale\" content=\"de_DE\" \/>\n<meta property=\"og:type\" content=\"article\" \/>\n<meta property=\"og:title\" content=\"Bandf\u00f6rderer - Gandaria - Silos Spain\" \/>\n<meta property=\"og:description\" content=\"Gandaria Spain Die wichtigsten Merkmale unserer F\u00f6rderb\u00e4nder, sind das beste [&hellip;]\" \/>\n<meta property=\"og:url\" content=\"https:\/\/gandariaspain.com\/de\/produkte\/foerdertechnik\/industrielle-foerdertechnik\/foerderbaender\/\" \/>\n<meta property=\"og:site_name\" content=\"Gandaria - Silos Spain\" \/>\n<meta property=\"article:modified_time\" content=\"2017-10-18T17:15:29+00:00\" \/>\n<meta name=\"twitter:card\" content=\"summary_large_image\" \/>\n<meta name=\"twitter:label1\" content=\"Gesch\u00e4tzte Lesezeit\" \/>\n\t<meta name=\"twitter:data1\" content=\"7\u00a0Minuten\" \/>\n<script type=\"application\/ld+json\" class=\"yoast-schema-graph\">{\"@context\":\"https:\\\/\\\/schema.org\",\"@graph\":[{\"@type\":\"WebPage\",\"@id\":\"https:\\\/\\\/gandariaspain.com\\\/de\\\/produkte\\\/foerdertechnik\\\/industrielle-foerdertechnik\\\/foerderbaender\\\/\",\"url\":\"https:\\\/\\\/gandariaspain.com\\\/de\\\/produkte\\\/foerdertechnik\\\/industrielle-foerdertechnik\\\/foerderbaender\\\/\",\"name\":\"Bandf\u00f6rderer - Gandaria - Silos Spain\",\"isPartOf\":{\"@id\":\"https:\\\/\\\/gandariaspain.com\\\/de\\\/#website\"},\"datePublished\":\"2017-08-20T14:40:07+00:00\",\"dateModified\":\"2017-10-18T17:15:29+00:00\",\"breadcrumb\":{\"@id\":\"https:\\\/\\\/gandariaspain.com\\\/de\\\/produkte\\\/foerdertechnik\\\/industrielle-foerdertechnik\\\/foerderbaender\\\/#breadcrumb\"},\"inLanguage\":\"de\",\"potentialAction\":[{\"@type\":\"ReadAction\",\"target\":[\"https:\\\/\\\/gandariaspain.com\\\/de\\\/produkte\\\/foerdertechnik\\\/industrielle-foerdertechnik\\\/foerderbaender\\\/\"]}]},{\"@type\":\"BreadcrumbList\",\"@id\":\"https:\\\/\\\/gandariaspain.com\\\/de\\\/produkte\\\/foerdertechnik\\\/industrielle-foerdertechnik\\\/foerderbaender\\\/#breadcrumb\",\"itemListElement\":[{\"@type\":\"ListItem\",\"position\":1,\"name\":\"Produkte\",\"item\":\"https:\\\/\\\/gandariaspain.com\\\/de\\\/produkte\\\/\"},{\"@type\":\"ListItem\",\"position\":2,\"name\":\"F\u00f6rdertechnik\",\"item\":\"https:\\\/\\\/gandariaspain.com\\\/de\\\/produkte\\\/foerdertechnik\\\/\"},{\"@type\":\"ListItem\",\"position\":3,\"name\":\"Industrielle F\u00f6rdertechnik\",\"item\":\"https:\\\/\\\/gandariaspain.com\\\/de\\\/produkte\\\/foerdertechnik\\\/industrielle-foerdertechnik\\\/\"},{\"@type\":\"ListItem\",\"position\":4,\"name\":\"Bandf\u00f6rderer\"}]},{\"@type\":\"WebSite\",\"@id\":\"https:\\\/\\\/gandariaspain.com\\\/de\\\/#website\",\"url\":\"https:\\\/\\\/gandariaspain.com\\\/de\\\/\",\"name\":\"Gandaria - Silos Spain\",\"description\":\"Just another WordPress site\",\"potentialAction\":[{\"@type\":\"SearchAction\",\"target\":{\"@type\":\"EntryPoint\",\"urlTemplate\":\"https:\\\/\\\/gandariaspain.com\\\/de\\\/?s={search_term_string}\"},\"query-input\":{\"@type\":\"PropertyValueSpecification\",\"valueRequired\":true,\"valueName\":\"search_term_string\"}}],\"inLanguage\":\"de\"}]}<\/script>\n<!-- \/ Yoast SEO plugin. -->","yoast_head_json":{"title":"Bandf\u00f6rderer - Gandaria - Silos Spain","robots":{"index":"index","follow":"follow","max-snippet":"max-snippet:-1","max-image-preview":"max-image-preview:large","max-video-preview":"max-video-preview:-1"},"canonical":"https:\/\/gandariaspain.com\/de\/produkte\/foerdertechnik\/industrielle-foerdertechnik\/foerderbaender\/","og_locale":"de_DE","og_type":"article","og_title":"Bandf\u00f6rderer - Gandaria - Silos Spain","og_description":"Gandaria Spain Die wichtigsten Merkmale unserer F\u00f6rderb\u00e4nder, sind das beste [&hellip;]","og_url":"https:\/\/gandariaspain.com\/de\/produkte\/foerdertechnik\/industrielle-foerdertechnik\/foerderbaender\/","og_site_name":"Gandaria - Silos Spain","article_modified_time":"2017-10-18T17:15:29+00:00","twitter_card":"summary_large_image","twitter_misc":{"Gesch\u00e4tzte Lesezeit":"7\u00a0Minuten"},"schema":{"@context":"https:\/\/schema.org","@graph":[{"@type":"WebPage","@id":"https:\/\/gandariaspain.com\/de\/produkte\/foerdertechnik\/industrielle-foerdertechnik\/foerderbaender\/","url":"https:\/\/gandariaspain.com\/de\/produkte\/foerdertechnik\/industrielle-foerdertechnik\/foerderbaender\/","name":"Bandf\u00f6rderer - Gandaria - Silos Spain","isPartOf":{"@id":"https:\/\/gandariaspain.com\/de\/#website"},"datePublished":"2017-08-20T14:40:07+00:00","dateModified":"2017-10-18T17:15:29+00:00","breadcrumb":{"@id":"https:\/\/gandariaspain.com\/de\/produkte\/foerdertechnik\/industrielle-foerdertechnik\/foerderbaender\/#breadcrumb"},"inLanguage":"de","potentialAction":[{"@type":"ReadAction","target":["https:\/\/gandariaspain.com\/de\/produkte\/foerdertechnik\/industrielle-foerdertechnik\/foerderbaender\/"]}]},{"@type":"BreadcrumbList","@id":"https:\/\/gandariaspain.com\/de\/produkte\/foerdertechnik\/industrielle-foerdertechnik\/foerderbaender\/#breadcrumb","itemListElement":[{"@type":"ListItem","position":1,"name":"Produkte","item":"https:\/\/gandariaspain.com\/de\/produkte\/"},{"@type":"ListItem","position":2,"name":"F\u00f6rdertechnik","item":"https:\/\/gandariaspain.com\/de\/produkte\/foerdertechnik\/"},{"@type":"ListItem","position":3,"name":"Industrielle F\u00f6rdertechnik","item":"https:\/\/gandariaspain.com\/de\/produkte\/foerdertechnik\/industrielle-foerdertechnik\/"},{"@type":"ListItem","position":4,"name":"Bandf\u00f6rderer"}]},{"@type":"WebSite","@id":"https:\/\/gandariaspain.com\/de\/#website","url":"https:\/\/gandariaspain.com\/de\/","name":"Gandaria - Silos Spain","description":"Just another WordPress site","potentialAction":[{"@type":"SearchAction","target":{"@type":"EntryPoint","urlTemplate":"https:\/\/gandariaspain.com\/de\/?s={search_term_string}"},"query-input":{"@type":"PropertyValueSpecification","valueRequired":true,"valueName":"search_term_string"}}],"inLanguage":"de"}]}},"_links":{"self":[{"href":"https:\/\/gandariaspain.com\/de\/wp-json\/wp\/v2\/pages\/36415","targetHints":{"allow":["GET"]}}],"collection":[{"href":"https:\/\/gandariaspain.com\/de\/wp-json\/wp\/v2\/pages"}],"about":[{"href":"https:\/\/gandariaspain.com\/de\/wp-json\/wp\/v2\/types\/page"}],"author":[{"embeddable":true,"href":"https:\/\/gandariaspain.com\/de\/wp-json\/wp\/v2\/users\/2"}],"replies":[{"embeddable":true,"href":"https:\/\/gandariaspain.com\/de\/wp-json\/wp\/v2\/comments?post=36415"}],"version-history":[{"count":6,"href":"https:\/\/gandariaspain.com\/de\/wp-json\/wp\/v2\/pages\/36415\/revisions"}],"predecessor-version":[{"id":42644,"href":"https:\/\/gandariaspain.com\/de\/wp-json\/wp\/v2\/pages\/36415\/revisions\/42644"}],"up":[{"embeddable":true,"href":"https:\/\/gandariaspain.com\/de\/wp-json\/wp\/v2\/pages\/36416"}],"wp:attachment":[{"href":"https:\/\/gandariaspain.com\/de\/wp-json\/wp\/v2\/media?parent=36415"}],"curies":[{"name":"wp","href":"https:\/\/api.w.org\/{rel}","templated":true}]}}