{"id":36262,"date":"2017-08-20T16:25:29","date_gmt":"2017-08-20T14:25:29","guid":{"rendered":"https:\/\/gandariaspain.com\/?page_id=36262\/"},"modified":"2017-09-01T13:10:17","modified_gmt":"2017-09-01T11:10:17","slug":"getreidekonditionierung","status":"publish","type":"page","link":"https:\/\/gandariaspain.com\/de\/produkte\/getreidekonditionierung\/","title":{"rendered":"Getreidekonditionierung"},"content":{"rendered":"<p>[et_pb_section bb_built=&#8220;1&#8243; admin_label=&#8220;section&#8220; transparent_background=&#8220;off&#8220; background_color=&#8220;#ffffff&#8220; allow_player_pause=&#8220;off&#8220; inner_shadow=&#8220;off&#8220; parallax=&#8220;off&#8220; parallax_method=&#8220;off&#8220; padding_mobile=&#8220;off&#8220; make_fullwidth=&#8220;off&#8220; use_custom_width=&#8220;off&#8220; width_unit=&#8220;on&#8220; make_equal=&#8220;off&#8220; use_custom_gutter=&#8220;off&#8220; module_class=&#8220;indentame&#8220; locked=&#8220;on&#8220;][et_pb_row admin_label=&#8220;row&#8220; parent_locked=&#8220;on&#8220; background_position=&#8220;top_left&#8220; background_repeat=&#8220;repeat&#8220; background_size=&#8220;initial&#8220;][et_pb_column type=&#8220;4_4&#8243;][et_pb_text admin_label=&#8220;No tocar. Cabecera de nivel 1. SEO&#8220; background_layout=&#8220;light&#8220; text_orientation=&#8220;left&#8220; use_border_color=&#8220;off&#8220; border_color=&#8220;#ffffff&#8220; border_style=&#8220;solid&#8220; parent_locked=&#8220;on&#8220; background_position=&#8220;top_left&#8220; background_repeat=&#8220;repeat&#8220; background_size=&#8220;initial&#8220;]<\/p>\n<h1>Gandaria Spain<\/h1>\n<p>[\/et_pb_text][\/et_pb_column][\/et_pb_row][\/et_pb_section][et_pb_section bb_built=&#8220;1&#8243; fullwidth=&#8220;on&#8220; specialty=&#8220;off&#8220; transparent_background=&#8220;off&#8220; background_color=&#8220;#ffffff&#8220; allow_player_pause=&#8220;off&#8220; inner_shadow=&#8220;off&#8220; parallax=&#8220;off&#8220; parallax_method=&#8220;off&#8220; padding_mobile=&#8220;off&#8220; make_fullwidth=&#8220;off&#8220; use_custom_width=&#8220;off&#8220; width_unit=&#8220;on&#8220; make_equal=&#8220;off&#8220; use_custom_gutter=&#8220;off&#8220; module_class=&#8220;slide-flota-izquierda&#8220;][et_pb_fullwidth_slider admin_label=&#8220;Cabecera principal + CTA&#8220; show_arrows=&#8220;on&#8220; show_pagination=&#8220;on&#8220; auto=&#8220;off&#8220; auto_ignore_hover=&#8220;off&#8220; parallax=&#8220;off&#8220; parallax_method=&#8220;off&#8220; remove_inner_shadow=&#8220;off&#8220; background_position=&#8220;top_left&#8220; hide_content_on_mobile=&#8220;off&#8220; hide_cta_on_mobile=&#8220;off&#8220; show_image_video_mobile=&#8220;off&#8220; custom_button=&#8220;off&#8220; button_letter_spacing=&#8220;0&#8243; button_icon_placement=&#8220;right&#8220; button_letter_spacing_hover=&#8220;0&#8243; disabled_on=&#8220;off|off|off&#8220; disabled=&#8220;off&#8220; _builder_version=&#8220;3.0.71&#8243;]<\/p>\n<p>[et_pb_slide heading=&#8220;Getreidekonditionierung&#8220; background_image=&#8220;https:\/\/gandariaspain.com\/wp-content\/uploads\/2016\/09\/slidersilosmetalico.jpg&#8220; background_position=&#8220;top_left&#8220; background_size=&#8220;cover&#8220; background_color=&#8220;#ffffff&#8220; use_bg_overlay=&#8220;off&#8220; use_text_overlay=&#8220;off&#8220; alignment=&#8220;center&#8220; background_layout=&#8220;dark&#8220; allow_player_pause=&#8220;off&#8220; text_border_radius=&#8220;3&#8243; header_font_select=&#8220;default&#8220; header_font=&#8220;||||&#8220; body_font_select=&#8220;default&#8220; body_font=&#8220;||||&#8220; custom_button=&#8220;off&#8220; button_font_select=&#8220;default&#8220; button_font=&#8220;||||&#8220; button_use_icon=&#8220;default&#8220; button_icon_placement=&#8220;right&#8220; button_on_hover=&#8220;on&#8220; admin_title=&#8220;Acondicionamiento del grano&#8220; use_background_color_gradient=&#8220;off&#8220; background_color_gradient_start=&#8220;#2b87da&#8220; background_color_gradient_end=&#8220;#29c4a9&#8243; background_color_gradient_type=&#8220;linear&#8220; background_color_gradient_direction=&#8220;180deg&#8220; background_color_gradient_direction_radial=&#8220;center&#8220; background_color_gradient_start_position=&#8220;0%&#8220; background_color_gradient_end_position=&#8220;100%&#8220; parallax=&#8220;off&#8220; parallax_method=&#8220;off&#8220; background_repeat=&#8220;no-repeat&#8220; background_blend=&#8220;normal&#8220;]<\/p>\n<h3>Konditionierung ist der Schl\u00fcssel f\u00fcr die ordnungsgem\u00e4\u00dfe Lagerung von Getreide.<\/h3>\n<p>[\/et_pb_slide]<\/p>\n<p>[\/et_pb_fullwidth_slider][\/et_pb_section][et_pb_section bb_built=&#8220;1&#8243; fullwidth=&#8220;off&#8220; specialty=&#8220;off&#8220;][et_pb_row disabled_on=&#8220;off|off|off&#8220; disabled=&#8220;off&#8220; background_position=&#8220;top_left&#8220; background_repeat=&#8220;repeat&#8220; background_size=&#8220;initial&#8220;][et_pb_column type=&#8220;1_2&#8243;][et_pb_text background_layout=&#8220;light&#8220; text_orientation=&#8220;left&#8220; border_style=&#8220;solid&#8220; background_position=&#8220;top_left&#8220; background_repeat=&#8220;repeat&#8220; background_size=&#8220;initial&#8220; _builder_version=&#8220;3.0.71&#8243;]<\/p>\n<blockquote><p>Nach der <strong>FAO sind 20%<\/strong> des in der Welt geernteten Getreides aufgrund der Verbreitung von Pilzen und Insekten verloren, weshalb wir in unserem Sortiment Systeme f\u00fcr die korrekte Kornaufbereitung bieten, die ein Qualit\u00e4tsprodukt ohne Verluste garantiert.<\/p><\/blockquote>\n<p>[\/et_pb_text][\/et_pb_column][et_pb_column type=&#8220;1_2&#8243;][et_pb_image src=&#8220;https:\/\/gandariaspain.com\/wp-content\/uploads\/2017\/04\/ACONDICIONAMIENTO-GRANO.jpg&#8220; show_in_lightbox=&#8220;off&#8220; url_new_window=&#8220;off&#8220; use_overlay=&#8220;off&#8220; animation=&#8220;left&#8220; sticky=&#8220;off&#8220; align=&#8220;left&#8220; force_fullwidth=&#8220;off&#8220; always_center_on_mobile=&#8220;on&#8220; use_border_color=&#8220;off&#8220; border_color=&#8220;#ffffff&#8220; border_style=&#8220;solid&#8220; \/][\/et_pb_column][\/et_pb_row][\/et_pb_section][et_pb_section bb_built=&#8220;1&#8243; admin_label=&#8220;Principales caracter\u00edsticas&#8220; fullwidth=&#8220;off&#8220; specialty=&#8220;off&#8220; transparent_background=&#8220;on&#8220; background_color=&#8220;#3a4149&#8243; allow_player_pause=&#8220;off&#8220; inner_shadow=&#8220;off&#8220; parallax=&#8220;off&#8220; parallax_method=&#8220;off&#8220; padding_mobile=&#8220;off&#8220; make_fullwidth=&#8220;off&#8220; use_custom_width=&#8220;off&#8220; width_unit=&#8220;on&#8220; make_equal=&#8220;off&#8220; use_custom_gutter=&#8220;off&#8220; module_class=&#8220;fondo_seccion_gris_degradado &#8222;][et_pb_row background_position=&#8220;top_left&#8220; background_repeat=&#8220;repeat&#8220; background_size=&#8220;initial&#8220;][et_pb_column type=&#8220;4_4&#8243;][et_pb_text admin_label=&#8220;Los sistemas de acondicionamiento de que disponemos son:&#8220; background_layout=&#8220;light&#8220; text_orientation=&#8220;left&#8220; border_style=&#8220;solid&#8220; background_position=&#8220;top_left&#8220; background_repeat=&#8220;repeat&#8220; background_size=&#8220;initial&#8220; _builder_version=&#8220;3.0.71&#8243;]<\/p>\n<h2 class=\"fuerza_tamano_35 centrame blanco\">Wir bieten folgende Konditioniersysteme an:<\/h2>\n<p>[\/et_pb_text][\/et_pb_column][\/et_pb_row][et_pb_row make_fullwidth=&#8220;on&#8220; use_custom_width=&#8220;off&#8220; width_unit=&#8220;on&#8220; use_custom_gutter=&#8220;off&#8220; padding_mobile=&#8220;off&#8220; allow_player_pause=&#8220;off&#8220; parallax=&#8220;off&#8220; parallax_method=&#8220;off&#8220; make_equal=&#8220;off&#8220; parallax_1=&#8220;off&#8220; parallax_method_1=&#8220;off&#8220; parallax_2=&#8220;off&#8220; parallax_method_2=&#8220;off&#8220; column_padding_mobile=&#8220;on&#8220; background_position=&#8220;top_left&#8220; background_repeat=&#8220;repeat&#8220; background_size=&#8220;initial&#8220;][et_pb_column type=&#8220;1_2&#8243;][et_pb_blurb admin_label=&#8220;Cleaning Systems&#8220; url_new_window=&#8220;off&#8220; use_icon=&#8220;off&#8220; font_icon=&#8220;3&#8243; icon_color=&#8220;#ffffff&#8220; use_circle=&#8220;on&#8220; circle_color=&#8220;#417764&#8243; use_circle_border=&#8220;on&#8220; circle_border_color=&#8220;#417764&#8243; icon_placement=&#8220;left&#8220; animation=&#8220;off&#8220; background_layout=&#8220;dark&#8220; use_icon_font_size=&#8220;on&#8220; border_style=&#8220;solid&#8220; icon_font_size=&#8220;21px&#8220; background_position=&#8220;top_left&#8220; background_repeat=&#8220;repeat&#8220; background_size=&#8220;initial&#8220; _builder_version=&#8220;3.0.71&#8243;]<\/p>\n<h3>Reinigungssysteme<\/h3>\n<p>Um Staub, Schmutz, Steine, organisches Material, Metalle und jedes andere Element als das zu lagernde Getreide zu entfernen, was zu einem sauberen Produkt f\u00fchrt, das seine Qualit\u00e4t im Laufe der Zeit beibehalten wird.<\/p>\n<h4>Getreide-Reinigungsger\u00e4te bieten wir an:<\/h4>\n<ul>\n<li>Pneumatischer Vorreiniger mit Drehscheibe bis 80 t \/ h<\/li>\n<li>Pneumatischer Vorreiniger mit Innenumkehrkegel bis 320 t \/ h<\/li>\n<li>Bildschirmvorreiniger bis 320 t \/ h<\/li>\n<li>Staubabsauganlagen w\u00e4hrend des gesamten Prozesses (je nach Installation).<\/li>\n<\/ul>\n<p>[\/et_pb_blurb][et_pb_blurb admin_label=&#8220;Ventilation systems&#8220; url_new_window=&#8220;off&#8220; use_icon=&#8220;off&#8220; font_icon=&#8220;3&#8243; icon_color=&#8220;#ffffff&#8220; use_circle=&#8220;on&#8220; circle_color=&#8220;#417764&#8243; use_circle_border=&#8220;on&#8220; circle_border_color=&#8220;#417764&#8243; icon_placement=&#8220;left&#8220; animation=&#8220;off&#8220; background_layout=&#8220;dark&#8220; use_icon_font_size=&#8220;on&#8220; border_style=&#8220;solid&#8220; icon_font_size=&#8220;21px&#8220; background_position=&#8220;top_left&#8220; background_repeat=&#8220;repeat&#8220; background_size=&#8220;initial&#8220; _builder_version=&#8220;3.0.71&#8243;]<\/p>\n<h3>Bel\u00fcftungssysteme<\/h3>\n<p>Zentrifugalventilatoren und das Anschlusssystem, das f\u00fcr jede Art von Getreide bei jeder Feuchtigkeitsstufe erforderlich ist. Das L\u00fcftungssystem k\u00f6nnte in das Temperatursystem integriert werden, so dass der Ventilator automatisch ein- und ausgeschaltet wird, je nach der geforderten Temperatur des gespeicherten Getreides.<\/p>\n<p>[\/et_pb_blurb][\/et_pb_column][et_pb_column type=&#8220;1_2&#8243;][et_pb_blurb admin_label=&#8220;Drying systems&#8220; url_new_window=&#8220;off&#8220; use_icon=&#8220;off&#8220; font_icon=&#8220;3&#8243; icon_color=&#8220;#ffffff&#8220; use_circle=&#8220;on&#8220; circle_color=&#8220;#417764&#8243; use_circle_border=&#8220;on&#8220; circle_border_color=&#8220;#417764&#8243; icon_placement=&#8220;left&#8220; animation=&#8220;off&#8220; background_layout=&#8220;dark&#8220; use_icon_font_size=&#8220;on&#8220; border_style=&#8220;solid&#8220; icon_font_size=&#8220;21px&#8220; background_position=&#8220;top_left&#8220; background_repeat=&#8220;repeat&#8220; background_size=&#8220;initial&#8220; _builder_version=&#8220;3.0.71&#8243;]<\/p>\n<h3>Trocknungsanlagen<\/h3>\n<p>Das Getreide, das von der Ernte kommt, hat einen hohen Feuchtigkeitsgrad, so dass &#8211; sobald es sauber ist &#8211; ein Trocknungsprozess durchlaufen muss, bevor er gelagert wird, um Pilzproliferation oder die Keimung von Getreide zu verhindern.<\/p>\n<h4>Wir bieten folgende Ausr\u00fcstung an, um den Feuchtigkeitsgehalt der K\u00f6rner zu reduzieren:<\/h4>\n<ul>\n<li>Trockent\u00fcrme von 3t \/ h * bis 191t \/ h *.<\/li>\n<li>Eine Vielzahl von Brenner-, Gas-, Diesel- und Biomassensystemen.<\/li>\n<\/ul>\n<p>[\/et_pb_blurb][et_pb_blurb admin_label=&#8220;Special cooling systems&#8220; url_new_window=&#8220;off&#8220; use_icon=&#8220;off&#8220; font_icon=&#8220;3&#8243; icon_color=&#8220;#ffffff&#8220; use_circle=&#8220;on&#8220; circle_color=&#8220;#417764&#8243; use_circle_border=&#8220;on&#8220; circle_border_color=&#8220;#417764&#8243; icon_placement=&#8220;left&#8220; animation=&#8220;off&#8220; background_layout=&#8220;dark&#8220; use_icon_font_size=&#8220;on&#8220; border_style=&#8220;solid&#8220; icon_font_size=&#8220;21px&#8220; background_position=&#8220;top_left&#8220; background_repeat=&#8220;repeat&#8220; background_size=&#8220;initial&#8220; _builder_version=&#8220;3.0.71&#8243;]<\/p>\n<h3>Spezielle K\u00fchlsysteme<\/h3>\n<p>Mobile Getreidek\u00fchlsysteme sind eine Erg\u00e4nzung zur Bel\u00fcftung, die zur Reduzierung von Temperaturgraden in extremen Umgebungen beitragen und so eine optimale Lagertemperatur beibehalten.<\/p>\n<p>Wir beraten bei Getreidekonditioniersystemen, um alle Bed\u00fcrfnisse der Siloanlage zu decken.<\/p>\n<p>[\/et_pb_blurb][\/et_pb_column][\/et_pb_row][et_pb_row make_fullwidth=&#8220;on&#8220; use_custom_width=&#8220;off&#8220; width_unit=&#8220;on&#8220; use_custom_gutter=&#8220;off&#8220; allow_player_pause=&#8220;off&#8220; parallax=&#8220;off&#8220; parallax_method=&#8220;on&#8220; make_equal=&#8220;off&#8220; parallax_1=&#8220;off&#8220; parallax_method_1=&#8220;off&#8220; background_position=&#8220;top_left&#8220; background_repeat=&#8220;repeat&#8220; background_size=&#8220;initial&#8220;][et_pb_column type=&#8220;4_4&#8243;][et_pb_blurb admin_label=&#8220;* Estimated yield considering wheat as a base product, with a density of 0.75 T\/m3.&#8220; url_new_window=&#8220;off&#8220; use_icon=&#8220;off&#8220; font_icon=&#8220;3&#8243; icon_color=&#8220;#ffffff&#8220; use_circle=&#8220;on&#8220; circle_color=&#8220;#417764&#8243; use_circle_border=&#8220;on&#8220; circle_border_color=&#8220;#417764&#8243; icon_placement=&#8220;left&#8220; animation=&#8220;off&#8220; background_layout=&#8220;dark&#8220; use_icon_font_size=&#8220;on&#8220; border_style=&#8220;solid&#8220; icon_font_size=&#8220;21px&#8220; background_position=&#8220;top_left&#8220; background_repeat=&#8220;repeat&#8220; background_size=&#8220;initial&#8220; _builder_version=&#8220;3.0.71&#8243;]<\/p>\n<p>* Gesch\u00e4tzter Ertrag unter Ber\u00fccksichtigung Weizen als Basisprodukt, mit einer Dichte von 0,75 T \/ m3.<\/p>\n<p>[\/et_pb_blurb][\/et_pb_column][\/et_pb_row][\/et_pb_section]<\/p>\n<span class=\"et_bloom_bottom_trigger\"><\/span>","protected":false},"excerpt":{"rendered":"<p>Gandaria Spain Konditionierung ist der Schl\u00fcssel f\u00fcr die ordnungsgem\u00e4\u00dfe Lagerung [&hellip;]<\/p>\n","protected":false},"author":2,"featured_media":0,"parent":36137,"menu_order":0,"comment_status":"closed","ping_status":"closed","template":"","meta":{"_et_pb_use_builder":"on","_et_pb_old_content":"<p><b>Acondicionamiento del grano<\/b><\/p>","_et_gb_content_width":"","_mbp_gutenberg_autopost":false,"footnotes":""},"class_list":["post-36262","page","type-page","status-publish","hentry"],"yoast_head":"<!-- This site is optimized with the Yoast SEO plugin v27.3 - https:\/\/yoast.com\/product\/yoast-seo-wordpress\/ -->\n<title>Getreidekonditionierung - Gandaria - Silos Spain<\/title>\n<meta name=\"robots\" content=\"index, follow, max-snippet:-1, max-image-preview:large, max-video-preview:-1\" \/>\n<link rel=\"canonical\" href=\"https:\/\/gandariaspain.com\/de\/produkte\/getreidekonditionierung\/\" \/>\n<meta property=\"og:locale\" content=\"de_DE\" \/>\n<meta property=\"og:type\" content=\"article\" \/>\n<meta property=\"og:title\" content=\"Getreidekonditionierung - Gandaria - Silos Spain\" \/>\n<meta property=\"og:description\" content=\"Gandaria Spain Konditionierung ist der Schl\u00fcssel f\u00fcr die ordnungsgem\u00e4\u00dfe Lagerung [&hellip;]\" \/>\n<meta property=\"og:url\" content=\"https:\/\/gandariaspain.com\/de\/produkte\/getreidekonditionierung\/\" \/>\n<meta property=\"og:site_name\" content=\"Gandaria - Silos Spain\" \/>\n<meta property=\"article:modified_time\" content=\"2017-09-01T11:10:17+00:00\" \/>\n<meta name=\"twitter:card\" content=\"summary_large_image\" \/>\n<meta name=\"twitter:label1\" content=\"Gesch\u00e4tzte Lesezeit\" \/>\n\t<meta name=\"twitter:data1\" content=\"7\u00a0Minuten\" \/>\n<script type=\"application\/ld+json\" class=\"yoast-schema-graph\">{\"@context\":\"https:\\\/\\\/schema.org\",\"@graph\":[{\"@type\":\"WebPage\",\"@id\":\"https:\\\/\\\/gandariaspain.com\\\/de\\\/produkte\\\/getreidekonditionierung\\\/\",\"url\":\"https:\\\/\\\/gandariaspain.com\\\/de\\\/produkte\\\/getreidekonditionierung\\\/\",\"name\":\"Getreidekonditionierung - Gandaria - Silos Spain\",\"isPartOf\":{\"@id\":\"https:\\\/\\\/gandariaspain.com\\\/de\\\/#website\"},\"datePublished\":\"2017-08-20T14:25:29+00:00\",\"dateModified\":\"2017-09-01T11:10:17+00:00\",\"breadcrumb\":{\"@id\":\"https:\\\/\\\/gandariaspain.com\\\/de\\\/produkte\\\/getreidekonditionierung\\\/#breadcrumb\"},\"inLanguage\":\"de\",\"potentialAction\":[{\"@type\":\"ReadAction\",\"target\":[\"https:\\\/\\\/gandariaspain.com\\\/de\\\/produkte\\\/getreidekonditionierung\\\/\"]}]},{\"@type\":\"BreadcrumbList\",\"@id\":\"https:\\\/\\\/gandariaspain.com\\\/de\\\/produkte\\\/getreidekonditionierung\\\/#breadcrumb\",\"itemListElement\":[{\"@type\":\"ListItem\",\"position\":1,\"name\":\"Produkte\",\"item\":\"https:\\\/\\\/gandariaspain.com\\\/de\\\/produkte\\\/\"},{\"@type\":\"ListItem\",\"position\":2,\"name\":\"Getreidekonditionierung\"}]},{\"@type\":\"WebSite\",\"@id\":\"https:\\\/\\\/gandariaspain.com\\\/de\\\/#website\",\"url\":\"https:\\\/\\\/gandariaspain.com\\\/de\\\/\",\"name\":\"Gandaria - Silos Spain\",\"description\":\"Just another WordPress site\",\"potentialAction\":[{\"@type\":\"SearchAction\",\"target\":{\"@type\":\"EntryPoint\",\"urlTemplate\":\"https:\\\/\\\/gandariaspain.com\\\/de\\\/?s={search_term_string}\"},\"query-input\":{\"@type\":\"PropertyValueSpecification\",\"valueRequired\":true,\"valueName\":\"search_term_string\"}}],\"inLanguage\":\"de\"}]}<\/script>\n<!-- \/ Yoast SEO plugin. -->","yoast_head_json":{"title":"Getreidekonditionierung - Gandaria - Silos Spain","robots":{"index":"index","follow":"follow","max-snippet":"max-snippet:-1","max-image-preview":"max-image-preview:large","max-video-preview":"max-video-preview:-1"},"canonical":"https:\/\/gandariaspain.com\/de\/produkte\/getreidekonditionierung\/","og_locale":"de_DE","og_type":"article","og_title":"Getreidekonditionierung - Gandaria - Silos Spain","og_description":"Gandaria Spain Konditionierung ist der Schl\u00fcssel f\u00fcr die ordnungsgem\u00e4\u00dfe Lagerung [&hellip;]","og_url":"https:\/\/gandariaspain.com\/de\/produkte\/getreidekonditionierung\/","og_site_name":"Gandaria - Silos Spain","article_modified_time":"2017-09-01T11:10:17+00:00","twitter_card":"summary_large_image","twitter_misc":{"Gesch\u00e4tzte Lesezeit":"7\u00a0Minuten"},"schema":{"@context":"https:\/\/schema.org","@graph":[{"@type":"WebPage","@id":"https:\/\/gandariaspain.com\/de\/produkte\/getreidekonditionierung\/","url":"https:\/\/gandariaspain.com\/de\/produkte\/getreidekonditionierung\/","name":"Getreidekonditionierung - Gandaria - Silos Spain","isPartOf":{"@id":"https:\/\/gandariaspain.com\/de\/#website"},"datePublished":"2017-08-20T14:25:29+00:00","dateModified":"2017-09-01T11:10:17+00:00","breadcrumb":{"@id":"https:\/\/gandariaspain.com\/de\/produkte\/getreidekonditionierung\/#breadcrumb"},"inLanguage":"de","potentialAction":[{"@type":"ReadAction","target":["https:\/\/gandariaspain.com\/de\/produkte\/getreidekonditionierung\/"]}]},{"@type":"BreadcrumbList","@id":"https:\/\/gandariaspain.com\/de\/produkte\/getreidekonditionierung\/#breadcrumb","itemListElement":[{"@type":"ListItem","position":1,"name":"Produkte","item":"https:\/\/gandariaspain.com\/de\/produkte\/"},{"@type":"ListItem","position":2,"name":"Getreidekonditionierung"}]},{"@type":"WebSite","@id":"https:\/\/gandariaspain.com\/de\/#website","url":"https:\/\/gandariaspain.com\/de\/","name":"Gandaria - Silos Spain","description":"Just another WordPress site","potentialAction":[{"@type":"SearchAction","target":{"@type":"EntryPoint","urlTemplate":"https:\/\/gandariaspain.com\/de\/?s={search_term_string}"},"query-input":{"@type":"PropertyValueSpecification","valueRequired":true,"valueName":"search_term_string"}}],"inLanguage":"de"}]}},"_links":{"self":[{"href":"https:\/\/gandariaspain.com\/de\/wp-json\/wp\/v2\/pages\/36262","targetHints":{"allow":["GET"]}}],"collection":[{"href":"https:\/\/gandariaspain.com\/de\/wp-json\/wp\/v2\/pages"}],"about":[{"href":"https:\/\/gandariaspain.com\/de\/wp-json\/wp\/v2\/types\/page"}],"author":[{"embeddable":true,"href":"https:\/\/gandariaspain.com\/de\/wp-json\/wp\/v2\/users\/2"}],"replies":[{"embeddable":true,"href":"https:\/\/gandariaspain.com\/de\/wp-json\/wp\/v2\/comments?post=36262"}],"version-history":[{"count":3,"href":"https:\/\/gandariaspain.com\/de\/wp-json\/wp\/v2\/pages\/36262\/revisions"}],"predecessor-version":[{"id":40652,"href":"https:\/\/gandariaspain.com\/de\/wp-json\/wp\/v2\/pages\/36262\/revisions\/40652"}],"up":[{"embeddable":true,"href":"https:\/\/gandariaspain.com\/de\/wp-json\/wp\/v2\/pages\/36137"}],"wp:attachment":[{"href":"https:\/\/gandariaspain.com\/de\/wp-json\/wp\/v2\/media?parent=36262"}],"curies":[{"name":"wp","href":"https:\/\/api.w.org\/{rel}","templated":true}]}}