{"id":36124,"date":"2017-08-20T12:57:18","date_gmt":"2017-08-20T10:57:18","guid":{"rendered":"https:\/\/gandariaspain.com\/?page_id=36124\/"},"modified":"2018-03-20T17:26:19","modified_gmt":"2018-03-20T16:26:19","slug":"beschichtungen-und-stahlkonstruktionen-quinta-metalica","status":"publish","type":"page","link":"https:\/\/gandariaspain.com\/de\/industrien\/beschichtungen-und-stahlkonstruktionen-quinta-metalica\/","title":{"rendered":"Beschichtungen und Stahlkonstruktionen"},"content":{"rendered":"<p>[et_pb_section bb_built=&#8220;1&#8243; admin_label=&#8220;section&#8220; transparent_background=&#8220;off&#8220; background_color=&#8220;#ffffff&#8220; allow_player_pause=&#8220;off&#8220; inner_shadow=&#8220;off&#8220; parallax=&#8220;off&#8220; parallax_method=&#8220;off&#8220; padding_mobile=&#8220;off&#8220; make_fullwidth=&#8220;off&#8220; use_custom_width=&#8220;off&#8220; width_unit=&#8220;on&#8220; make_equal=&#8220;off&#8220; use_custom_gutter=&#8220;off&#8220; module_class=&#8220;indentame&#8220; locked=&#8220;on&#8220;][et_pb_row admin_label=&#8220;row&#8220; parent_locked=&#8220;on&#8220; background_position=&#8220;top_left&#8220; background_repeat=&#8220;repeat&#8220; background_size=&#8220;initial&#8220;][et_pb_column type=&#8220;4_4&#8243;][et_pb_text admin_label=&#8220;No tocar. Cabecera de nivel 1. SEO&#8220; background_layout=&#8220;light&#8220; text_orientation=&#8220;left&#8220; use_border_color=&#8220;off&#8220; border_color=&#8220;#ffffff&#8220; border_style=&#8220;solid&#8220; parent_locked=&#8220;on&#8220; background_position=&#8220;top_left&#8220; background_repeat=&#8220;repeat&#8220; background_size=&#8220;initial&#8220;]<\/p>\n<h1>Gandaria Spain<\/h1>\n<p>[\/et_pb_text][\/et_pb_column][\/et_pb_row][\/et_pb_section][et_pb_section bb_built=&#8220;1&#8243; fullwidth=&#8220;on&#8220; specialty=&#8220;off&#8220; transparent_background=&#8220;off&#8220; background_color=&#8220;#ffffff&#8220; allow_player_pause=&#8220;off&#8220; inner_shadow=&#8220;off&#8220; parallax=&#8220;off&#8220; parallax_method=&#8220;off&#8220; padding_mobile=&#8220;off&#8220; make_fullwidth=&#8220;off&#8220; use_custom_width=&#8220;off&#8220; width_unit=&#8220;on&#8220; make_equal=&#8220;off&#8220; use_custom_gutter=&#8220;off&#8220; module_class=&#8220;slide-flota-izquierda&#8220;][et_pb_fullwidth_slider admin_label=&#8220;Quinta Met\u00e1lica: Estructuras y revestimientos&#8220; show_arrows=&#8220;on&#8220; show_pagination=&#8220;on&#8220; auto=&#8220;off&#8220; auto_ignore_hover=&#8220;off&#8220; parallax=&#8220;off&#8220; parallax_method=&#8220;off&#8220; remove_inner_shadow=&#8220;off&#8220; background_position=&#8220;top_left&#8220; hide_content_on_mobile=&#8220;off&#8220; hide_cta_on_mobile=&#8220;off&#8220; show_image_video_mobile=&#8220;off&#8220; custom_button=&#8220;off&#8220; button_letter_spacing=&#8220;0&#8243; button_icon_placement=&#8220;right&#8220; button_letter_spacing_hover=&#8220;0&#8243; disabled_on=&#8220;off|off|off&#8220; disabled=&#8220;off&#8220; _builder_version=&#8220;3.0.71&#8243;]<\/p>\n<p>[et_pb_slide heading=&#8220;Beschichtungen und Stahlkonstruktionen&#8220; background_color=&#8220;#ffffff&#8220; use_background_color_gradient=&#8220;off&#8220; background_color_gradient_start=&#8220;#2b87da&#8220; background_color_gradient_end=&#8220;#29c4a9&#8243; background_color_gradient_type=&#8220;linear&#8220; background_color_gradient_direction=&#8220;180deg&#8220; background_color_gradient_direction_radial=&#8220;center&#8220; background_color_gradient_start_position=&#8220;0%&#8220; background_color_gradient_end_position=&#8220;100%&#8220; background_image=&#8220;https:\/\/gandariaspain.com\/wp-content\/uploads\/2016\/09\/QM_SLIDER-1.jpg&#8220; parallax=&#8220;off&#8220; parallax_method=&#8220;off&#8220; background_position=&#8220;center&#8220; background_size=&#8220;cover&#8220; background_repeat=&#8220;repeat&#8220; background_blend=&#8220;normal&#8220; allow_player_pause=&#8220;off&#8220; use_bg_overlay=&#8220;off&#8220; use_text_overlay=&#8220;off&#8220; text_border_radius=&#8220;3&#8243; alignment=&#8220;center&#8220; background_layout=&#8220;dark&#8220; header_font_select=&#8220;default&#8220; header_font=&#8220;||||&#8220; body_font_select=&#8220;default&#8220; body_font=&#8220;||||&#8220; custom_button=&#8220;off&#8220; button_font_select=&#8220;default&#8220; button_font=&#8220;||||&#8220; button_use_icon=&#8220;default&#8220; button_icon_placement=&#8220;right&#8220; button_on_hover=&#8220;on&#8220; \/]<\/p>\n<p>[\/et_pb_fullwidth_slider][\/et_pb_section][et_pb_section bb_built=&#8220;1&#8243; fullwidth=&#8220;off&#8220; specialty=&#8220;off&#8220;][et_pb_row background_position=&#8220;top_left&#8220; background_repeat=&#8220;repeat&#8220; background_size=&#8220;initial&#8220;][et_pb_column type=&#8220;2_3&#8243;][et_pb_text admin_label=&#8220;Quinta Met\u00e1lica se dedica al suministro&#8220; _builder_version=&#8220;3.0.71&#8243; background_layout=&#8220;light&#8220; text_orientation=&#8220;left&#8220; border_style=&#8220;solid&#8220; background_position=&#8220;top_left&#8220; background_repeat=&#8220;repeat&#8220; background_size=&#8220;initial&#8220;]<\/p>\n<p><strong>Quinta Met\u00e1lica<\/strong> ist besch\u00e4ftigt fuer die Lieferung und Montage aller Arten von Metall-Beschichtungen, insbesondere Zink, Kupfer, Titan, Edelstahl, Aluminium und Blei. Wir bieten alle konstruktiven vollst\u00e4ndigen Strukturen und montieren sie auch komplett, von der strukturellen Unterst\u00fctzung bis zu der \u00e4u\u00dferen Stahlstruktur.<br \/>\nWir haben uns auf Ingenieur-und Metallverarbeitung spezialisiert. Wir fertigen und verarbeitenkundenspezifische Stahlkonstruktionen alle Art: verschraubte technologische L\u00f6sungen, Industrie-und landwirtschaftlichen Geb\u00e4uden, weitspannige Geb\u00e4uden und Verkehrsinfrastruktur.<\/p>\n<p>[\/et_pb_text][\/et_pb_column][et_pb_column type=&#8220;1_3&#8243;][et_pb_image show_in_lightbox=&#8220;off&#8220; url_new_window=&#8220;off&#8220; use_overlay=&#8220;off&#8220; sticky=&#8220;off&#8220; align=&#8220;left&#8220; force_fullwidth=&#8220;off&#8220; always_center_on_mobile=&#8220;on&#8220; border_style=&#8220;solid&#8220; src=&#8220;https:\/\/gandariaspain.com\/wp-content\/uploads\/2017\/04\/QM_HOGARES-1.jpg&#8220; _builder_version=&#8220;3.0.50&#8243; \/][\/et_pb_column][\/et_pb_row][\/et_pb_section][et_pb_section bb_built=&#8220;1&#8243; fullwidth=&#8220;off&#8220; specialty=&#8220;off&#8220;][et_pb_row background_position=&#8220;top_left&#8220; background_repeat=&#8220;repeat&#8220; background_size=&#8220;initial&#8220;][et_pb_column type=&#8220;2_3&#8243;][et_pb_text admin_label=&#8220;Ejecuci\u00f3n de revestimientos met\u00e1licos&#8220; background_layout=&#8220;light&#8220; text_orientation=&#8220;left&#8220; border_style=&#8220;solid&#8220; background_position=&#8220;top_left&#8220; background_repeat=&#8220;repeat&#8220; background_size=&#8220;initial&#8220; _builder_version=&#8220;3.0.71&#8243;]<\/p>\n<h3>Laufmetallische Beschichtungen<\/h3>\n<p><strong>Quinta Met\u00e1lica ist gegr\u00fcndet auf dem Wunsch<\/strong>, diese Unternehmen mit einem qualitativ hochwertigen Service in der Lieferung und Montage von Metall-Beschichtungen wie Kupfer oder Zink zu geben. Das ist ungew\u00f6hnlich in Spanien, hat aber immer mehr Nachfrage.<\/p>\n<p><strong>Aufgrund dieser steigenden Nachfrage gibt es einen Mangel an qualifizierten Arbeitskr\u00e4ften<\/strong>, was manchmal zu unbefriedigenden Ergebnissen und Probleme mit der Bauunternehmen auf der Baustelle kommen kann.<\/p>\n<p>In Quinta Met\u00e1lica l\u00f6sen wir dieses Problem durch die Kombination eines gut ausgebildeten und effektive Arbeitskr\u00e4fte und eine Fabrik ausgestattet mit allen Mitteln fuer die Fertigung f\u00fcr jede Art von Strukturen und danach sorgen wir fuer die perfekte Montage.<\/p>\n<p>[\/et_pb_text][\/et_pb_column][et_pb_column type=&#8220;1_3&#8243;][et_pb_image show_in_lightbox=&#8220;off&#8220; url_new_window=&#8220;off&#8220; use_overlay=&#8220;off&#8220; sticky=&#8220;off&#8220; align=&#8220;left&#8220; force_fullwidth=&#8220;off&#8220; always_center_on_mobile=&#8220;on&#8220; border_style=&#8220;solid&#8220; src=&#8220;https:\/\/gandariaspain.com\/wp-content\/uploads\/2017\/04\/QM_REVESTIMIENTOS-1.jpg&#8220; _builder_version=&#8220;3.0.50&#8243; \/][\/et_pb_column][\/et_pb_row][et_pb_row background_position=&#8220;top_left&#8220; background_repeat=&#8220;repeat&#8220; background_size=&#8220;initial&#8220;][et_pb_column type=&#8220;4_4&#8243;][et_pb_text admin_label=&#8220;El Sistema Quinta Met\u00e1lica\u00ae&#8220; background_layout=&#8220;light&#8220; text_orientation=&#8220;left&#8220; border_style=&#8220;solid&#8220; background_position=&#8220;top_left&#8220; background_repeat=&#8220;repeat&#8220; background_size=&#8220;initial&#8220; _builder_version=&#8220;3.0.71&#8243;]<\/p>\n<h3>Die Quinta Met\u00e1lica<b>\u00ae<\/b>System<\/h3>\n<p><strong>Unsere Erfahrungen in Belgien und in England haben uns gezeigt<\/strong>, dass egal ob, einfacher sei, die Stahl zu der Baustelle mit Monteure zu liefern, um \u201edie Arbeit zu machen\u201c. Die Stahlischebeschichtungen besser ist, wenn wir sie in der Fabrik vorfertigen . Denn in der Fabrik verf\u00fcgen wir \u00fcber gute, perfekte Herstellungsmaschinen, Falzmachinenste, Stanzenmachinen, Schneidenmaschinen, die die Arbeit viel besser machen als die Monteure auf der Baustellen.<\/p>\n<p>Deshalb wird immer in Quinta Met\u00e1lica eine Installationsprozess halten, die man so zusammengefasst als \u201eQuinta met\u00e1lica \u00ae-System\u201c und das ist, was die <strong>ISO 9001-Zertifizierung sagt<\/strong>, die traditionellen Methoden und Techniken einsetzen, wie in Deutschland, Belgien und England und jetzt mit uns auch in Spanien.<\/p>\n<p>[\/et_pb_text][\/et_pb_column][\/et_pb_row][\/et_pb_section]<\/p>\n<span class=\"et_bloom_bottom_trigger\"><\/span>","protected":false},"excerpt":{"rendered":"<p>Gandaria Spain Quinta Met\u00e1lica ist besch\u00e4ftigt fuer die Lieferung und [&hellip;]<\/p>\n","protected":false},"author":2,"featured_media":0,"parent":35834,"menu_order":0,"comment_status":"closed","ping_status":"closed","template":"","meta":{"_et_pb_use_builder":"on","_et_pb_old_content":"","_et_gb_content_width":"","_mbp_gutenberg_autopost":false,"footnotes":""},"class_list":["post-36124","page","type-page","status-publish","hentry"],"yoast_head":"<!-- This site is optimized with the Yoast SEO plugin v27.6 - https:\/\/yoast.com\/product\/yoast-seo-wordpress\/ -->\n<title>Beschichtungen und Stahlkonstruktionen - Gandaria - Silos Spain<\/title>\n<meta name=\"robots\" content=\"index, follow, max-snippet:-1, max-image-preview:large, max-video-preview:-1\" \/>\n<link rel=\"canonical\" href=\"https:\/\/gandariaspain.com\/de\/industrien\/beschichtungen-und-stahlkonstruktionen-quinta-metalica\/\" \/>\n<meta property=\"og:locale\" content=\"de_DE\" \/>\n<meta property=\"og:type\" content=\"article\" \/>\n<meta property=\"og:title\" content=\"Beschichtungen und Stahlkonstruktionen - Gandaria - Silos Spain\" \/>\n<meta property=\"og:description\" content=\"Gandaria Spain Quinta Met\u00e1lica ist besch\u00e4ftigt fuer die Lieferung und [&hellip;]\" \/>\n<meta property=\"og:url\" content=\"https:\/\/gandariaspain.com\/de\/industrien\/beschichtungen-und-stahlkonstruktionen-quinta-metalica\/\" \/>\n<meta property=\"og:site_name\" content=\"Gandaria - Silos Spain\" \/>\n<meta property=\"article:modified_time\" content=\"2018-03-20T16:26:19+00:00\" \/>\n<meta name=\"twitter:card\" content=\"summary_large_image\" \/>\n<meta name=\"twitter:label1\" content=\"Gesch\u00e4tzte Lesezeit\" \/>\n\t<meta name=\"twitter:data1\" content=\"5\u00a0Minuten\" \/>\n<script type=\"application\/ld+json\" class=\"yoast-schema-graph\">{\"@context\":\"https:\\\/\\\/schema.org\",\"@graph\":[{\"@type\":\"WebPage\",\"@id\":\"https:\\\/\\\/gandariaspain.com\\\/de\\\/industrien\\\/beschichtungen-und-stahlkonstruktionen-quinta-metalica\\\/\",\"url\":\"https:\\\/\\\/gandariaspain.com\\\/de\\\/industrien\\\/beschichtungen-und-stahlkonstruktionen-quinta-metalica\\\/\",\"name\":\"Beschichtungen und Stahlkonstruktionen - Gandaria - Silos Spain\",\"isPartOf\":{\"@id\":\"https:\\\/\\\/gandariaspain.com\\\/de\\\/#website\"},\"datePublished\":\"2017-08-20T10:57:18+00:00\",\"dateModified\":\"2018-03-20T16:26:19+00:00\",\"breadcrumb\":{\"@id\":\"https:\\\/\\\/gandariaspain.com\\\/de\\\/industrien\\\/beschichtungen-und-stahlkonstruktionen-quinta-metalica\\\/#breadcrumb\"},\"inLanguage\":\"de\",\"potentialAction\":[{\"@type\":\"ReadAction\",\"target\":[\"https:\\\/\\\/gandariaspain.com\\\/de\\\/industrien\\\/beschichtungen-und-stahlkonstruktionen-quinta-metalica\\\/\"]}]},{\"@type\":\"BreadcrumbList\",\"@id\":\"https:\\\/\\\/gandariaspain.com\\\/de\\\/industrien\\\/beschichtungen-und-stahlkonstruktionen-quinta-metalica\\\/#breadcrumb\",\"itemListElement\":[{\"@type\":\"ListItem\",\"position\":1,\"name\":\"Industrien\",\"item\":\"https:\\\/\\\/gandariaspain.com\\\/de\\\/industrien\\\/\"},{\"@type\":\"ListItem\",\"position\":2,\"name\":\"Beschichtungen und Stahlkonstruktionen\"}]},{\"@type\":\"WebSite\",\"@id\":\"https:\\\/\\\/gandariaspain.com\\\/de\\\/#website\",\"url\":\"https:\\\/\\\/gandariaspain.com\\\/de\\\/\",\"name\":\"Gandaria - Silos Spain\",\"description\":\"Just another WordPress site\",\"potentialAction\":[{\"@type\":\"SearchAction\",\"target\":{\"@type\":\"EntryPoint\",\"urlTemplate\":\"https:\\\/\\\/gandariaspain.com\\\/de\\\/?s={search_term_string}\"},\"query-input\":{\"@type\":\"PropertyValueSpecification\",\"valueRequired\":true,\"valueName\":\"search_term_string\"}}],\"inLanguage\":\"de\"}]}<\/script>\n<!-- \/ Yoast SEO plugin. -->","yoast_head_json":{"title":"Beschichtungen und Stahlkonstruktionen - Gandaria - Silos Spain","robots":{"index":"index","follow":"follow","max-snippet":"max-snippet:-1","max-image-preview":"max-image-preview:large","max-video-preview":"max-video-preview:-1"},"canonical":"https:\/\/gandariaspain.com\/de\/industrien\/beschichtungen-und-stahlkonstruktionen-quinta-metalica\/","og_locale":"de_DE","og_type":"article","og_title":"Beschichtungen und Stahlkonstruktionen - Gandaria - Silos Spain","og_description":"Gandaria Spain Quinta Met\u00e1lica ist besch\u00e4ftigt fuer die Lieferung und [&hellip;]","og_url":"https:\/\/gandariaspain.com\/de\/industrien\/beschichtungen-und-stahlkonstruktionen-quinta-metalica\/","og_site_name":"Gandaria - Silos Spain","article_modified_time":"2018-03-20T16:26:19+00:00","twitter_card":"summary_large_image","twitter_misc":{"Gesch\u00e4tzte Lesezeit":"5\u00a0Minuten"},"schema":{"@context":"https:\/\/schema.org","@graph":[{"@type":"WebPage","@id":"https:\/\/gandariaspain.com\/de\/industrien\/beschichtungen-und-stahlkonstruktionen-quinta-metalica\/","url":"https:\/\/gandariaspain.com\/de\/industrien\/beschichtungen-und-stahlkonstruktionen-quinta-metalica\/","name":"Beschichtungen und Stahlkonstruktionen - Gandaria - Silos Spain","isPartOf":{"@id":"https:\/\/gandariaspain.com\/de\/#website"},"datePublished":"2017-08-20T10:57:18+00:00","dateModified":"2018-03-20T16:26:19+00:00","breadcrumb":{"@id":"https:\/\/gandariaspain.com\/de\/industrien\/beschichtungen-und-stahlkonstruktionen-quinta-metalica\/#breadcrumb"},"inLanguage":"de","potentialAction":[{"@type":"ReadAction","target":["https:\/\/gandariaspain.com\/de\/industrien\/beschichtungen-und-stahlkonstruktionen-quinta-metalica\/"]}]},{"@type":"BreadcrumbList","@id":"https:\/\/gandariaspain.com\/de\/industrien\/beschichtungen-und-stahlkonstruktionen-quinta-metalica\/#breadcrumb","itemListElement":[{"@type":"ListItem","position":1,"name":"Industrien","item":"https:\/\/gandariaspain.com\/de\/industrien\/"},{"@type":"ListItem","position":2,"name":"Beschichtungen und Stahlkonstruktionen"}]},{"@type":"WebSite","@id":"https:\/\/gandariaspain.com\/de\/#website","url":"https:\/\/gandariaspain.com\/de\/","name":"Gandaria - Silos Spain","description":"Just another WordPress site","potentialAction":[{"@type":"SearchAction","target":{"@type":"EntryPoint","urlTemplate":"https:\/\/gandariaspain.com\/de\/?s={search_term_string}"},"query-input":{"@type":"PropertyValueSpecification","valueRequired":true,"valueName":"search_term_string"}}],"inLanguage":"de"}]}},"_links":{"self":[{"href":"https:\/\/gandariaspain.com\/de\/wp-json\/wp\/v2\/pages\/36124","targetHints":{"allow":["GET"]}}],"collection":[{"href":"https:\/\/gandariaspain.com\/de\/wp-json\/wp\/v2\/pages"}],"about":[{"href":"https:\/\/gandariaspain.com\/de\/wp-json\/wp\/v2\/types\/page"}],"author":[{"embeddable":true,"href":"https:\/\/gandariaspain.com\/de\/wp-json\/wp\/v2\/users\/2"}],"replies":[{"embeddable":true,"href":"https:\/\/gandariaspain.com\/de\/wp-json\/wp\/v2\/comments?post=36124"}],"version-history":[{"count":3,"href":"https:\/\/gandariaspain.com\/de\/wp-json\/wp\/v2\/pages\/36124\/revisions"}],"predecessor-version":[{"id":40316,"href":"https:\/\/gandariaspain.com\/de\/wp-json\/wp\/v2\/pages\/36124\/revisions\/40316"}],"up":[{"embeddable":true,"href":"https:\/\/gandariaspain.com\/de\/wp-json\/wp\/v2\/pages\/35834"}],"wp:attachment":[{"href":"https:\/\/gandariaspain.com\/de\/wp-json\/wp\/v2\/media?parent=36124"}],"curies":[{"name":"wp","href":"https:\/\/api.w.org\/{rel}","templated":true}]}}