{"id":36417,"date":"2017-08-20T16:41:23","date_gmt":"2017-08-20T14:41:23","guid":{"rendered":"https:\/\/gandariaspain.com\/?page_id=36417\/"},"modified":"2017-11-05T11:00:30","modified_gmt":"2017-11-05T10:00:30","slug":"industrial-bucket-elevator-eci","status":"publish","type":"page","link":"https:\/\/gandariaspain.com\/ar\/products-ar\/handling-equipment-ar\/industrial-range-ar\/industrial-bucket-elevator-eci\/","title":{"rendered":"\u0645\u0635\u0627\u0639\u062f \u062f\u0644\u0648"},"content":{"rendered":"<p>[et_pb_section bb_built=&#8221;1&#8243; admin_label=&#8221;section&#8221; background_color=&#8221;#ffffff&#8221; padding_mobile=&#8221;off&#8221; module_class=&#8221;indentame&#8221; _builder_version=&#8221;3.0.47&#8243; locked=&#8221;on&#8221; custom_padding_tablet=&#8221;50px|0|50px|0&#8243; custom_padding_last_edited=&#8221;on|desktop&#8221;][et_pb_row admin_label=&#8221;row&#8221; _builder_version=&#8221;3.0.47&#8243; background_size=&#8221;initial&#8221; background_position=&#8221;top_left&#8221; background_repeat=&#8221;repeat&#8221;][et_pb_column type=&#8221;4_4&#8243;][et_pb_text admin_label=&#8221;No tocar. Cabecera de nivel 1. SEO&#8221; _builder_version=&#8221;3.0.47&#8243; background_size=&#8221;initial&#8221; background_position=&#8221;top_left&#8221; background_repeat=&#8221;repeat&#8221;]<\/p>\n<h1>Gandaria Spain<\/h1>\n<p>[\/et_pb_text][\/et_pb_column][\/et_pb_row][\/et_pb_section][et_pb_section bb_built=&#8221;1&#8243; background_color=&#8221;#ffffff&#8221; padding_mobile=&#8221;off&#8221; fullwidth=&#8221;on&#8221; module_class=&#8221;slide-flota-izquierda&#8221; _builder_version=&#8221;3.0.47&#8243; custom_padding_tablet=&#8221;50px|0|50px|0&#8243; custom_padding_last_edited=&#8221;on|desktop&#8221;][et_pb_fullwidth_slider admin_label=&#8221;ECI Elevador de Cangilones Industrial&#8221; background_position=&#8221;top_left&#8221; disabled_on=&#8221;off|off|off&#8221; _builder_version=&#8221;3.0.86&#8243; custom_padding=&#8221;|||&#8221; show_arrows=&#8221;on&#8221; show_pagination=&#8221;on&#8221; show_inner_shadow=&#8221;on&#8221; custom_button=&#8221;off&#8221; button_icon_placement=&#8221;right&#8221; show_content_on_mobile=&#8221;on&#8221; show_cta_on_mobile=&#8221;on&#8221; show_image_video_mobile=&#8221;off&#8221;] [et_pb_slide heading=&#8221;\u062f\u0644\u0648 \u0627\u0644\u0645\u0635\u0639\u062f \u0627\u0644\u0635\u0646\u0627\u0639\u064a ECI.&#8221; background_image=&#8221;https:\/\/gandariaspain.com\/wp-content\/uploads\/2016\/09\/ECI-Elevador-de-cangilones-industrial_SLIDER-1.jpg&#8221; background_position=&#8221;top_left&#8221; use_bg_overlay=&#8221;off&#8221; use_text_overlay=&#8221;off&#8221; admin_title=&#8221;ECI Elevador de Cangilones Industrial&#8221; _builder_version=&#8221;3.0.86&#8243; header_font=&#8221;||||&#8221; body_font=&#8221;||||&#8221; use_background_color_gradient=&#8221;off&#8221; background_color_gradient_start=&#8221;#2b87da&#8221; background_color_gradient_end=&#8221;#29c4a9&#8243; background_color_gradient_type=&#8221;linear&#8221; background_color_gradient_direction=&#8221;180deg&#8221; background_color_gradient_direction_radial=&#8221;center&#8221; background_color_gradient_start_position=&#8221;0%&#8221; background_color_gradient_end_position=&#8221;100%&#8221; parallax=&#8221;off&#8221; parallax_method=&#8221;on&#8221; background_size=&#8221;cover&#8221; background_repeat=&#8221;no-repeat&#8221; background_blend=&#8221;normal&#8221; allow_player_pause=&#8221;off&#8221; text_border_radius=&#8221;3&#8243; alignment=&#8221;center&#8221; background_layout=&#8221;dark&#8221; header_level=&#8221;h1&#8243; background_color_gradient_overlays_image=&#8221;off&#8221; text_shadow_horizontal_length=&#8221;0em&#8221; text_shadow_vertical_length=&#8221;0em&#8221; text_shadow_blur_strength=&#8221;0em&#8221; header_text_shadow_horizontal_length=&#8221;0em&#8221; header_text_shadow_vertical_length=&#8221;0em&#8221; header_text_shadow_blur_strength=&#8221;0em&#8221; body_text_shadow_horizontal_length=&#8221;0em&#8221; body_text_shadow_vertical_length=&#8221;0em&#8221; body_text_shadow_blur_strength=&#8221;0em&#8221; button_text_shadow_horizontal_length=&#8221;0em&#8221; button_text_shadow_vertical_length=&#8221;0em&#8221; button_text_shadow_blur_strength=&#8221;0em&#8221; \/] [\/et_pb_fullwidth_slider][\/et_pb_section][et_pb_section bb_built=&#8221;1&#8243; admin_label=&#8221;caracteristicas&#8221; custom_padding=&#8221;50px|||&#8221; padding_mobile=&#8221;off&#8221; module_class=&#8221;fondo_seccion_verde_degradado &#8221; _builder_version=&#8221;3.0.47&#8243; custom_padding_tablet=&#8221;50px|0|50px|0&#8243; custom_padding_last_edited=&#8221;on|desktop&#8221;][et_pb_row _builder_version=&#8221;3.0.47&#8243; background_size=&#8221;initial&#8221; background_position=&#8221;top_left&#8221; background_repeat=&#8221;repeat&#8221;][et_pb_column type=&#8221;2_3&#8243;][et_pb_blurb admin_label=&#8221;Imagen + alt de la imagen espec\u00edfico + t\u00edtulo h2 Caracter\u00edstica &#8221; icon_color=&#8221;#7EBEC5&#8243; image=&#8221;https:\/\/gandariaspain.com\/wp-content\/uploads\/2016\/09\/ECI-1.png&#8221; alt=&#8221;ECI Elevador de Cangilones Industrial&#8221; module_class=&#8221;blurb_especial_producto_fondo &#8221; _builder_version=&#8221;3.0.69&#8243; background_size=&#8221;initial&#8221; background_position=&#8221;top_left&#8221; background_repeat=&#8221;repeat&#8221;]<\/p>\n<h2 class=\"TitularVerdeNegrita panel-titulo\">Main Features<\/h2>\n<p>[\/et_pb_blurb][\/et_pb_column][et_pb_column type=&#8221;1_3&#8243;][et_pb_text admin_label=&#8221;Titular en H3 + Texto&#8221; _builder_version=&#8221;3.0.69&#8243; background_size=&#8221;initial&#8221; background_position=&#8221;top_left&#8221; background_repeat=&#8221;repeat&#8221;]<\/p>\n<h3>SILOS CORDOBA\u2019S INDUSTRIAL BUCKET ELEVATOR<\/h3>\n<p>is engineered to <strong>withstand the most demanding <\/strong>environments in the grain handling and transportation. Its solid and robust design provides years of reliable service. Made of S350GD galvanized steel sheet with Z-600 metal coating, ECI Bucket Elevator can operate efficiently with a wide range of grains, seeds, legumes and pellets. [\/et_pb_text][\/et_pb_column][\/et_pb_row][\/et_pb_section][et_pb_section bb_built=&#8221;1&#8243; padding_mobile=&#8221;off&#8221; module_class=&#8221;fondo_seccion_gris_degradado blanco&#8221; _builder_version=&#8221;3.0.47&#8243; custom_padding_tablet=&#8221;50px|0|50px|0&#8243; custom_padding_last_edited=&#8221;on|desktop&#8221;][et_pb_row _builder_version=&#8221;3.0.47&#8243; background_size=&#8221;initial&#8221; background_position=&#8221;top_left&#8221; background_repeat=&#8221;repeat&#8221;][et_pb_column type=&#8221;2_3&#8243;][et_pb_blurb admin_label=&#8221;Imagen + alt de la imagen espec\u00edfico + t\u00edtulo h2 Cuerpo Motor ECI&#8221; icon_color=&#8221;#7EBEC5&#8243; image=&#8221;https:\/\/gandariaspain.com\/wp-content\/uploads\/2016\/09\/ECI-2.png&#8221; alt=&#8221;El cuerpo motor del ECI presenta un dise\u00f1o sencillo y robusto&#8221; module_class=&#8221;blurb_especial_producto_fondo &#8221; _builder_version=&#8221;3.0.69&#8243; background_size=&#8221;initial&#8221; background_position=&#8221;top_left&#8221; background_repeat=&#8221;repeat&#8221;]<\/p>\n<h2 class=\"TitularVerdeNegrita panel-titulo\">Head Section<\/h2>\n<p>[\/et_pb_blurb][\/et_pb_column][et_pb_column type=&#8221;1_3&#8243;][et_pb_text admin_label=&#8221;Titular en H3 + Texto&#8221; _builder_version=&#8221;3.0.69&#8243; background_size=&#8221;initial&#8221; background_position=&#8221;top_left&#8221; background_repeat=&#8221;repeat&#8221;]<\/p>\n<h3>ECI\u00b4s head section features a robust and simple design<\/h3>\n<p><strong>It\u2019s worthy of note the reaction arm<\/strong> \u2013 designed and manufactured by Silos Cordoba \u2013 as well as the way the head section is attached to the rest of the machine and the set where the bearings lay. <strong>The interior curved and reinforced wear protection ensures long service life<\/strong>. Maintenance tasks on the head section can be performed quickly and easily since its components are easily accessible. [\/et_pb_text][\/et_pb_column][\/et_pb_row][\/et_pb_section][et_pb_section bb_built=&#8221;1&#8243; admin_label=&#8221;caracteristicas&#8221; padding_mobile=&#8221;off&#8221; module_class=&#8221;fondo_seccion_verde_degradado &#8221; _builder_version=&#8221;3.0.47&#8243; custom_padding_tablet=&#8221;50px|0|50px|0&#8243; custom_padding_last_edited=&#8221;on|desktop&#8221;][et_pb_row _builder_version=&#8221;3.0.47&#8243; background_size=&#8221;initial&#8221; background_position=&#8221;top_left&#8221; background_repeat=&#8221;repeat&#8221;][et_pb_column type=&#8221;2_3&#8243;][et_pb_blurb admin_label=&#8221;Imagen + alt de la imagen espec\u00edfico + t\u00edtulo h2 Cuerpos intermedios ECI&#8221; icon_color=&#8221;#7EBEC5&#8243; image=&#8221;https:\/\/gandariaspain.com\/wp-content\/uploads\/2016\/09\/ECI-3.png&#8221; alt=&#8221;Destacan por su sencillez en el dise\u00f1o y montaje ECI Elevador de Cangilones Industrial. &#8221; module_class=&#8221;blurb_especial_producto_fondo &#8221; _builder_version=&#8221;3.0.69&#8243; background_size=&#8221;initial&#8221; background_position=&#8221;top_left&#8221; background_repeat=&#8221;repeat&#8221;]<\/p>\n<h2 class=\"TitularVerdeNegrita panel-titulo\">Intermediate sections<\/h2>\n<p>[\/et_pb_blurb][\/et_pb_column][et_pb_column type=&#8221;1_3&#8243;][et_pb_text admin_label=&#8221;Titular en H3 + Texto&#8221; _builder_version=&#8221;3.0.69&#8243; background_size=&#8221;initial&#8221; background_position=&#8221;top_left&#8221; background_repeat=&#8221;repeat&#8221;]<\/p>\n<h3>Intermediate sections stand out for their simplicity in design and assembly.<\/h3>\n<p>They consist of only three different parts. The junction between the intermediate sections provides<strong> high rigidity to the elevator <\/strong>and allows the quick installation of stairs and head section platform. [\/et_pb_text][\/et_pb_column][\/et_pb_row][\/et_pb_section][et_pb_section bb_built=&#8221;1&#8243; padding_mobile=&#8221;off&#8221; module_class=&#8221;fondo_seccion_gris_degradado blanco&#8221; _builder_version=&#8221;3.0.47&#8243; custom_padding_tablet=&#8221;50px|0|50px|0&#8243; custom_padding_last_edited=&#8221;on|desktop&#8221;][et_pb_row _builder_version=&#8221;3.0.47&#8243; background_size=&#8221;initial&#8221; background_position=&#8221;top_left&#8221; background_repeat=&#8221;repeat&#8221;][et_pb_column type=&#8221;2_3&#8243;][et_pb_blurb admin_label=&#8221;Imagen + alt de la imagen espec\u00edfico + t\u00edtulo h2 Cuerpo registro ECI&#8221; icon_color=&#8221;#7EBEC5&#8243; image=&#8221;https:\/\/gandariaspain.com\/wp-content\/uploads\/2016\/09\/ECI-4.png&#8221; alt=&#8221;Su dise\u00f1o permite un r\u00e1pido acceso a la banda y\/o los cangilones ECI Elevador de Cangilones Industrial&#8221; module_class=&#8221;blurb_especial_producto_fondo &#8221; _builder_version=&#8221;3.0.69&#8243; background_size=&#8221;initial&#8221; background_position=&#8221;top_left&#8221; background_repeat=&#8221;repeat&#8221;]<\/p>\n<h2 class=\"TitularVerdeNegrita panel-titulo\">Register section<\/h2>\n<p>[\/et_pb_blurb][\/et_pb_column][et_pb_column type=&#8221;1_3&#8243;][et_pb_text admin_label=&#8221;Titular en H3 + Texto&#8221; _builder_version=&#8221;3.0.69&#8243; background_size=&#8221;initial&#8221; background_position=&#8221;top_left&#8221; background_repeat=&#8221;repeat&#8221;]<\/p>\n<h3>Its design allows quick access to the belt and\/or buckets.<\/h3>\n<p>Thanks to its easily accessible doors, maintenance tasks can be performed easily. The <strong>doors also ensure excellent seal<\/strong>, preventing leakage of grain. [\/et_pb_text][\/et_pb_column][\/et_pb_row][\/et_pb_section][et_pb_section bb_built=&#8221;1&#8243; admin_label=&#8221;caracteristicas&#8221; padding_mobile=&#8221;off&#8221; module_class=&#8221;fondo_seccion_verde_degradado &#8221; _builder_version=&#8221;3.0.47&#8243; custom_padding_tablet=&#8221;50px|0|50px|0&#8243; custom_padding_last_edited=&#8221;on|desktop&#8221;][et_pb_row _builder_version=&#8221;3.0.47&#8243; background_size=&#8221;initial&#8221; background_position=&#8221;top_left&#8221; background_repeat=&#8221;repeat&#8221;][et_pb_column type=&#8221;2_3&#8243;][et_pb_blurb admin_label=&#8221;Imagen + alt de la imagen espec\u00edfico + t\u00edtulo h2 Cuerpo tensor&#8221; icon_color=&#8221;#7EBEC5&#8243; image=&#8221;https:\/\/gandariaspain.com\/wp-content\/uploads\/2016\/09\/ECI-5.png&#8221; alt=&#8221;Su dise\u00f1o garantiza que los elementos mec\u00e1nicos queden ocultos y asegura que el elevador quede protegido ante las inclemencias meteorol\u00f3gicas.&#8221; module_class=&#8221;blurb_especial_producto_fondo &#8221; _builder_version=&#8221;3.0.69&#8243; background_size=&#8221;initial&#8221; background_position=&#8221;top_left&#8221; background_repeat=&#8221;repeat&#8221;]<\/p>\n<h2 class=\"TitularVerdeNegrita panel-titulo\">Tensioning Section<\/h2>\n<p>[\/et_pb_blurb][\/et_pb_column][et_pb_column type=&#8221;1_3&#8243;][et_pb_text admin_label=&#8221;Titular en H3 + Texto&#8221; _builder_version=&#8221;3.0.69&#8243; background_size=&#8221;initial&#8221; background_position=&#8221;top_left&#8221; background_repeat=&#8221;repeat&#8221;]<\/p>\n<h3>Thanks to its design, all mechanical elements are hidden, ensuring the elevator to be fully protected against bad weather conditions.<\/h3>\n<p>It features a <strong>newly designed pulley that prevents accumulation of grain<\/strong>. The interior is made of wear resistant materials to ensure a long service life. Belt misalignment detectors and rotation sensor come as standard. [\/et_pb_text][\/et_pb_column][\/et_pb_row][\/et_pb_section][et_pb_section bb_built=&#8221;1&#8243; padding_mobile=&#8221;off&#8221; module_class=&#8221;fondo_seccion_gris_degradado blanco&#8221; _builder_version=&#8221;3.0.47&#8243; custom_padding_tablet=&#8221;50px|0|50px|0&#8243; custom_padding_last_edited=&#8221;on|desktop&#8221;][et_pb_row _builder_version=&#8221;3.0.47&#8243; background_size=&#8221;initial&#8221; background_position=&#8221;top_left&#8221; background_repeat=&#8221;repeat&#8221;][et_pb_column type=&#8221;4_4&#8243;][et_pb_text admin_label=&#8221;V\u00cdDEO&#8221; _builder_version=&#8221;3.0.69&#8243; background_size=&#8221;initial&#8221; background_position=&#8221;top_left&#8221; background_repeat=&#8221;repeat&#8221;]<\/p>\n<h2 class=\"TitularVerdeNegrita\">Comercial video<\/h2>\n<p>https:\/\/www.youtube.com\/watch?v=hxLaf05MoUs&amp;feature=youtu.be [\/et_pb_text][\/et_pb_column][\/et_pb_row][\/et_pb_section][et_pb_section bb_built=&#8221;1&#8243; admin_label=&#8221;caracteristicas&#8221; padding_mobile=&#8221;off&#8221; module_class=&#8221;fondo_seccion_verde_degradado &#8221; _builder_version=&#8221;3.0.47&#8243; custom_padding_tablet=&#8221;50px|0|50px|0&#8243; custom_padding_last_edited=&#8221;on|desktop&#8221;][et_pb_row _builder_version=&#8221;3.0.47&#8243; background_size=&#8221;initial&#8221; background_position=&#8221;top_left&#8221; background_repeat=&#8221;repeat&#8221;][et_pb_column type=&#8221;2_3&#8243;][et_pb_text admin_label=&#8221;Caracter\u00edsticas t\u00e9cnicas&#8221; _builder_version=&#8221;3.0.69&#8243; background_size=&#8221;initial&#8221; background_position=&#8221;top_left&#8221; background_repeat=&#8221;repeat&#8221;]<\/p>\n<h2 class=\"TitularVerdeNegrita panel-titulo\">Technical Features<\/h2>\n<p>[\/et_pb_text][et_pb_image admin_label=&#8221;Imagen caracter\u00edsticas t\u00e9cnicas + alt (se abrir\u00e1 en pop-up) &#8221; src=&#8221;https:\/\/gandariaspain.com\/wp-content\/uploads\/2017\/08\/ECI_eng.jpg&#8221; show_in_lightbox=&#8221;on&#8221; use_overlay=&#8221;on&#8221; overlay_icon_color=&#8221;#ffffff&#8221; hover_overlay_color=&#8221;rgba(58,65,73,0.52)&#8221; hover_icon=&#8221;%%204%%&#8221; _builder_version=&#8221;3.0.69&#8243; animation_style=&#8221;slide&#8221; animation_duration=&#8221;500ms&#8221; animation_intensity_slide=&#8221;10%&#8221; animation_direction=&#8221;left&#8221; \/][\/et_pb_column][et_pb_column type=&#8221;1_3&#8243;][et_pb_text admin_label=&#8221;Anotaci\u00f3n al pi\u00e9 de la imagen&#8221; _builder_version=&#8221;3.0.69&#8243; background_size=&#8221;initial&#8221; background_position=&#8221;top_left&#8221; background_repeat=&#8221;repeat&#8221;]<\/p>\n<blockquote><p>* Specified values have been determined taking a 750 kg\/m3 material as reference. Data shown are theoretical and may vary depending on the material and the drive unit.<\/p><\/blockquote>\n<p>[\/et_pb_text][\/et_pb_column][\/et_pb_row][et_pb_row padding_mobile=&#8221;off&#8221; column_padding_mobile=&#8221;on&#8221; parallax_method_1=&#8221;off&#8221; parallax_method_2=&#8221;off&#8221; parallax_method_3=&#8221;off&#8221; module_class=&#8221;productos_fondo_verde_pop_up &#8221; _builder_version=&#8221;3.0.47&#8243; background_size=&#8221;initial&#8221; background_position=&#8221;top_left&#8221; background_repeat=&#8221;repeat&#8221;][et_pb_column type=&#8221;1_2&#8243;][et_pb_image admin_label=&#8221;Imagen dimensiones ECI + alt (se abrir\u00e1 en pop-up)&#8221; src=&#8221;https:\/\/gandariaspain.com\/wp-content\/uploads\/2017\/08\/ECI_DIAGRAMA_eng.jpg&#8221; show_in_lightbox=&#8221;on&#8221; use_overlay=&#8221;on&#8221; overlay_icon_color=&#8221;#ffffff&#8221; hover_overlay_color=&#8221;rgba(58,65,73,0.52)&#8221; hover_icon=&#8221;%%204%%&#8221; _builder_version=&#8221;3.0.69&#8243; animation_style=&#8221;slide&#8221; animation_duration=&#8221;500ms&#8221; animation_intensity_slide=&#8221;10%&#8221; animation_direction=&#8221;left&#8221; \/][\/et_pb_column][et_pb_column type=&#8221;1_2&#8243;][et_pb_text admin_label=&#8221;Anotaciones sobres las dos im\u00e1genes anteriores&#8221; _builder_version=&#8221;3.0.69&#8243; background_size=&#8221;initial&#8221; background_position=&#8221;top_left&#8221; background_repeat=&#8221;repeat&#8221;]<\/p>\n<blockquote><p>* Specified dimensions may suffer modifications.<\/p><\/blockquote>\n<p>[\/et_pb_text][et_pb_image admin_label=&#8221;Imagen diagrama ECI + alt (se abrir\u00e1 en pop-up)&#8221; src=&#8221;https:\/\/gandariaspain.com\/wp-content\/uploads\/2017\/08\/ECI_2_eng.jpg&#8221; show_in_lightbox=&#8221;on&#8221; use_overlay=&#8221;on&#8221; overlay_icon_color=&#8221;#ffffff&#8221; hover_overlay_color=&#8221;rgba(58,65,73,0.52)&#8221; hover_icon=&#8221;%%204%%&#8221; _builder_version=&#8221;3.0.69&#8243; animation_style=&#8221;slide&#8221; animation_duration=&#8221;500ms&#8221; animation_intensity_slide=&#8221;10%&#8221; animation_direction=&#8221;left&#8221; \/][\/et_pb_column][\/et_pb_row][\/et_pb_section]<\/p>\n<span class=\"et_bloom_bottom_trigger\"><\/span>","protected":false},"excerpt":{"rendered":"<p>Gandaria Spain Main Features SILOS CORDOBA\u2019S INDUSTRIAL BUCKET ELEVATOR is [&hellip;]<\/p>\n","protected":false},"author":2,"featured_media":0,"parent":36423,"menu_order":0,"comment_status":"closed","ping_status":"closed","template":"","meta":{"_et_pb_use_builder":"on","_et_pb_old_content":"","_et_gb_content_width":"","_mbp_gutenberg_autopost":false,"footnotes":""},"class_list":["post-36417","page","type-page","status-publish","hentry"],"yoast_head":"<!-- This site is optimized with the Yoast SEO plugin v27.3 - https:\/\/yoast.com\/product\/yoast-seo-wordpress\/ -->\n<title>\u0645\u0635\u0627\u0639\u062f \u062f\u0644\u0648 - Gandaria - Silos Spain<\/title>\n<meta name=\"robots\" content=\"index, follow, max-snippet:-1, max-image-preview:large, max-video-preview:-1\" \/>\n<link rel=\"canonical\" href=\"https:\/\/gandariaspain.com\/ar\/products-ar\/handling-equipment-ar\/industrial-range-ar\/industrial-bucket-elevator-eci\/\" \/>\n<meta property=\"og:locale\" content=\"ar_AR\" \/>\n<meta property=\"og:type\" content=\"article\" \/>\n<meta property=\"og:title\" content=\"\u0645\u0635\u0627\u0639\u062f \u062f\u0644\u0648 - Gandaria - Silos Spain\" \/>\n<meta property=\"og:description\" content=\"Gandaria Spain Main Features SILOS CORDOBA\u2019S INDUSTRIAL BUCKET ELEVATOR is [&hellip;]\" \/>\n<meta property=\"og:url\" content=\"https:\/\/gandariaspain.com\/ar\/products-ar\/handling-equipment-ar\/industrial-range-ar\/industrial-bucket-elevator-eci\/\" \/>\n<meta property=\"og:site_name\" content=\"Gandaria - Silos Spain\" \/>\n<meta property=\"article:modified_time\" content=\"2017-11-05T10:00:30+00:00\" \/>\n<meta name=\"twitter:card\" content=\"summary_large_image\" \/>\n<meta name=\"twitter:label1\" content=\"\u0648\u0642\u062a \u0627\u0644\u0642\u0631\u0627\u0621\u0629 \u0627\u0644\u0645\u064f\u0642\u062f\u0651\u0631\" \/>\n\t<meta name=\"twitter:data1\" content=\"9 \u062f\u0642\u0627\u0626\u0642\" \/>\n<script type=\"application\/ld+json\" class=\"yoast-schema-graph\">{\"@context\":\"https:\\\/\\\/schema.org\",\"@graph\":[{\"@type\":\"WebPage\",\"@id\":\"https:\\\/\\\/gandariaspain.com\\\/ar\\\/products-ar\\\/handling-equipment-ar\\\/industrial-range-ar\\\/industrial-bucket-elevator-eci\\\/\",\"url\":\"https:\\\/\\\/gandariaspain.com\\\/ar\\\/products-ar\\\/handling-equipment-ar\\\/industrial-range-ar\\\/industrial-bucket-elevator-eci\\\/\",\"name\":\"\u0645\u0635\u0627\u0639\u062f \u062f\u0644\u0648 - Gandaria - Silos Spain\",\"isPartOf\":{\"@id\":\"https:\\\/\\\/gandariaspain.com\\\/ar\\\/#website\"},\"datePublished\":\"2017-08-20T14:41:23+00:00\",\"dateModified\":\"2017-11-05T10:00:30+00:00\",\"breadcrumb\":{\"@id\":\"https:\\\/\\\/gandariaspain.com\\\/ar\\\/products-ar\\\/handling-equipment-ar\\\/industrial-range-ar\\\/industrial-bucket-elevator-eci\\\/#breadcrumb\"},\"inLanguage\":\"ar\",\"potentialAction\":[{\"@type\":\"ReadAction\",\"target\":[\"https:\\\/\\\/gandariaspain.com\\\/ar\\\/products-ar\\\/handling-equipment-ar\\\/industrial-range-ar\\\/industrial-bucket-elevator-eci\\\/\"]}]},{\"@type\":\"BreadcrumbList\",\"@id\":\"https:\\\/\\\/gandariaspain.com\\\/ar\\\/products-ar\\\/handling-equipment-ar\\\/industrial-range-ar\\\/industrial-bucket-elevator-eci\\\/#breadcrumb\",\"itemListElement\":[{\"@type\":\"ListItem\",\"position\":1,\"name\":\"\u0645\u0646\u062a\u062c\u0627\u062a\u0646\u0627\",\"item\":\"https:\\\/\\\/gandariaspain.com\\\/ar\\\/products-ar\\\/\"},{\"@type\":\"ListItem\",\"position\":2,\"name\":\"\u0645\u0639\u062f\u0627\u062a \u0627\u0644\u0645\u0646\u0627\u0648\u0644\u0629\",\"item\":\"https:\\\/\\\/gandariaspain.com\\\/ar\\\/products-ar\\\/handling-equipment-ar\\\/\"},{\"@type\":\"ListItem\",\"position\":3,\"name\":\"\u0627\u0644\u0646\u0637\u0627\u0642 \u0627\u0644\u0635\u0646\u0627\u0639\u064a\",\"item\":\"https:\\\/\\\/gandariaspain.com\\\/ar\\\/products-ar\\\/handling-equipment-ar\\\/industrial-range-ar\\\/\"},{\"@type\":\"ListItem\",\"position\":4,\"name\":\"\u0645\u0635\u0627\u0639\u062f \u062f\u0644\u0648\"}]},{\"@type\":\"WebSite\",\"@id\":\"https:\\\/\\\/gandariaspain.com\\\/ar\\\/#website\",\"url\":\"https:\\\/\\\/gandariaspain.com\\\/ar\\\/\",\"name\":\"Gandaria - Silos Spain\",\"description\":\"Just another WordPress site\",\"potentialAction\":[{\"@type\":\"SearchAction\",\"target\":{\"@type\":\"EntryPoint\",\"urlTemplate\":\"https:\\\/\\\/gandariaspain.com\\\/ar\\\/?s={search_term_string}\"},\"query-input\":{\"@type\":\"PropertyValueSpecification\",\"valueRequired\":true,\"valueName\":\"search_term_string\"}}],\"inLanguage\":\"ar\"}]}<\/script>\n<!-- \/ Yoast SEO plugin. -->","yoast_head_json":{"title":"\u0645\u0635\u0627\u0639\u062f \u062f\u0644\u0648 - Gandaria - Silos Spain","robots":{"index":"index","follow":"follow","max-snippet":"max-snippet:-1","max-image-preview":"max-image-preview:large","max-video-preview":"max-video-preview:-1"},"canonical":"https:\/\/gandariaspain.com\/ar\/products-ar\/handling-equipment-ar\/industrial-range-ar\/industrial-bucket-elevator-eci\/","og_locale":"ar_AR","og_type":"article","og_title":"\u0645\u0635\u0627\u0639\u062f \u062f\u0644\u0648 - Gandaria - Silos Spain","og_description":"Gandaria Spain Main Features SILOS CORDOBA\u2019S INDUSTRIAL BUCKET ELEVATOR is [&hellip;]","og_url":"https:\/\/gandariaspain.com\/ar\/products-ar\/handling-equipment-ar\/industrial-range-ar\/industrial-bucket-elevator-eci\/","og_site_name":"Gandaria - Silos Spain","article_modified_time":"2017-11-05T10:00:30+00:00","twitter_card":"summary_large_image","twitter_misc":{"\u0648\u0642\u062a \u0627\u0644\u0642\u0631\u0627\u0621\u0629 \u0627\u0644\u0645\u064f\u0642\u062f\u0651\u0631":"9 \u062f\u0642\u0627\u0626\u0642"},"schema":{"@context":"https:\/\/schema.org","@graph":[{"@type":"WebPage","@id":"https:\/\/gandariaspain.com\/ar\/products-ar\/handling-equipment-ar\/industrial-range-ar\/industrial-bucket-elevator-eci\/","url":"https:\/\/gandariaspain.com\/ar\/products-ar\/handling-equipment-ar\/industrial-range-ar\/industrial-bucket-elevator-eci\/","name":"\u0645\u0635\u0627\u0639\u062f \u062f\u0644\u0648 - Gandaria - Silos Spain","isPartOf":{"@id":"https:\/\/gandariaspain.com\/ar\/#website"},"datePublished":"2017-08-20T14:41:23+00:00","dateModified":"2017-11-05T10:00:30+00:00","breadcrumb":{"@id":"https:\/\/gandariaspain.com\/ar\/products-ar\/handling-equipment-ar\/industrial-range-ar\/industrial-bucket-elevator-eci\/#breadcrumb"},"inLanguage":"ar","potentialAction":[{"@type":"ReadAction","target":["https:\/\/gandariaspain.com\/ar\/products-ar\/handling-equipment-ar\/industrial-range-ar\/industrial-bucket-elevator-eci\/"]}]},{"@type":"BreadcrumbList","@id":"https:\/\/gandariaspain.com\/ar\/products-ar\/handling-equipment-ar\/industrial-range-ar\/industrial-bucket-elevator-eci\/#breadcrumb","itemListElement":[{"@type":"ListItem","position":1,"name":"\u0645\u0646\u062a\u062c\u0627\u062a\u0646\u0627","item":"https:\/\/gandariaspain.com\/ar\/products-ar\/"},{"@type":"ListItem","position":2,"name":"\u0645\u0639\u062f\u0627\u062a \u0627\u0644\u0645\u0646\u0627\u0648\u0644\u0629","item":"https:\/\/gandariaspain.com\/ar\/products-ar\/handling-equipment-ar\/"},{"@type":"ListItem","position":3,"name":"\u0627\u0644\u0646\u0637\u0627\u0642 \u0627\u0644\u0635\u0646\u0627\u0639\u064a","item":"https:\/\/gandariaspain.com\/ar\/products-ar\/handling-equipment-ar\/industrial-range-ar\/"},{"@type":"ListItem","position":4,"name":"\u0645\u0635\u0627\u0639\u062f \u062f\u0644\u0648"}]},{"@type":"WebSite","@id":"https:\/\/gandariaspain.com\/ar\/#website","url":"https:\/\/gandariaspain.com\/ar\/","name":"Gandaria - Silos Spain","description":"Just another WordPress site","potentialAction":[{"@type":"SearchAction","target":{"@type":"EntryPoint","urlTemplate":"https:\/\/gandariaspain.com\/ar\/?s={search_term_string}"},"query-input":{"@type":"PropertyValueSpecification","valueRequired":true,"valueName":"search_term_string"}}],"inLanguage":"ar"}]}},"_links":{"self":[{"href":"https:\/\/gandariaspain.com\/ar\/wp-json\/wp\/v2\/pages\/36417","targetHints":{"allow":["GET"]}}],"collection":[{"href":"https:\/\/gandariaspain.com\/ar\/wp-json\/wp\/v2\/pages"}],"about":[{"href":"https:\/\/gandariaspain.com\/ar\/wp-json\/wp\/v2\/types\/page"}],"author":[{"embeddable":true,"href":"https:\/\/gandariaspain.com\/ar\/wp-json\/wp\/v2\/users\/2"}],"replies":[{"embeddable":true,"href":"https:\/\/gandariaspain.com\/ar\/wp-json\/wp\/v2\/comments?post=36417"}],"version-history":[{"count":6,"href":"https:\/\/gandariaspain.com\/ar\/wp-json\/wp\/v2\/pages\/36417\/revisions"}],"predecessor-version":[{"id":43289,"href":"https:\/\/gandariaspain.com\/ar\/wp-json\/wp\/v2\/pages\/36417\/revisions\/43289"}],"up":[{"embeddable":true,"href":"https:\/\/gandariaspain.com\/ar\/wp-json\/wp\/v2\/pages\/36423"}],"wp:attachment":[{"href":"https:\/\/gandariaspain.com\/ar\/wp-json\/wp\/v2\/media?parent=36417"}],"curies":[{"name":"wp","href":"https:\/\/api.w.org\/{rel}","templated":true}]}}