{"id":36265,"date":"2017-08-20T16:25:59","date_gmt":"2017-08-20T14:25:59","guid":{"rendered":"https:\/\/gandariaspain.com\/?page_id=36265\/"},"modified":"2020-01-08T09:15:17","modified_gmt":"2020-01-08T08:15:17","slug":"handling-equipment-ar","status":"publish","type":"page","link":"https:\/\/gandariaspain.com\/ar\/products-ar\/handling-equipment-ar\/","title":{"rendered":"\u0645\u0639\u062f\u0627\u062a \u0627\u0644\u0645\u0646\u0627\u0648\u0644\u0629"},"content":{"rendered":"<p>[et_pb_section fb_built=&#8221;1&#8243; custom_padding_last_edited=&#8221;on|desktop&#8221; admin_label=&#8221;section&#8221; module_class=&#8221;indentame&#8221; _builder_version=&#8221;3.22&#8243; background_color=&#8221;#ffffff&#8221; custom_padding_tablet=&#8221;50px|0|50px|0&#8243; custom_padding_phone=&#8221;&#8221; transparent_background=&#8221;off&#8221; padding_mobile=&#8221;off&#8221; make_fullwidth=&#8221;off&#8221; use_custom_width=&#8221;off&#8221; width_unit=&#8221;on&#8221; locked=&#8221;on&#8221;][et_pb_row admin_label=&#8221;row&#8221; _builder_version=&#8221;3.25&#8243; background_size=&#8221;initial&#8221; background_position=&#8221;top_left&#8221; background_repeat=&#8221;repeat&#8221;][et_pb_column type=&#8221;4_4&#8243; _builder_version=&#8221;3.25&#8243; custom_padding=&#8221;|||&#8221; custom_padding__hover=&#8221;|||&#8221;][et_pb_text admin_label=&#8221;No tocar. Cabecera de nivel 1. SEO&#8221; _builder_version=&#8221;3.27.4&#8243; background_size=&#8221;initial&#8221; background_position=&#8221;top_left&#8221; background_repeat=&#8221;repeat&#8221; module_alignment=&#8221;left&#8221; use_border_color=&#8221;off&#8221; border_color=&#8221;#ffffff&#8221; border_style=&#8221;solid&#8221;]<\/p>\n<h1>Gandaria Spain<\/h1>\n<p>[\/et_pb_text][\/et_pb_column][\/et_pb_row][\/et_pb_section][et_pb_section fb_built=&#8221;1&#8243; fullwidth=&#8221;on&#8221; custom_padding_last_edited=&#8221;on|desktop&#8221; module_class=&#8221;slide-flota-izquierda&#8221; _builder_version=&#8221;3.22&#8243; background_color=&#8221;#ffffff&#8221; custom_padding_tablet=&#8221;50px|0|50px|0&#8243; custom_padding_phone=&#8221;&#8221; transparent_background=&#8221;off&#8221; padding_mobile=&#8221;off&#8221; make_fullwidth=&#8221;off&#8221; use_custom_width=&#8221;off&#8221; width_unit=&#8221;on&#8221;][et_pb_fullwidth_slider show_content_on_mobile=&#8221;off&#8221; show_cta_on_mobile=&#8221;off&#8221; disabled_on=&#8221;off|off|off&#8221; admin_label=&#8221;Maquinaria de transporte&#8221; _builder_version=&#8221;3.16&#8243; background_position=&#8221;top_left&#8221; custom_padding=&#8221;|||&#8221; remove_inner_shadow=&#8221;off&#8221; hide_content_on_mobile=&#8221;off&#8221; hide_cta_on_mobile=&#8221;off&#8221; show_inner_shadow=&#8221;off&#8221; button_text_size__hover_enabled=&#8221;off&#8221; button_one_text_size__hover_enabled=&#8221;off&#8221; button_two_text_size__hover_enabled=&#8221;off&#8221; button_text_color__hover_enabled=&#8221;off&#8221; button_one_text_color__hover_enabled=&#8221;off&#8221; button_two_text_color__hover_enabled=&#8221;off&#8221; button_border_width__hover_enabled=&#8221;off&#8221; button_one_border_width__hover_enabled=&#8221;off&#8221; button_two_border_width__hover_enabled=&#8221;off&#8221; button_border_color__hover_enabled=&#8221;off&#8221; button_one_border_color__hover_enabled=&#8221;off&#8221; button_two_border_color__hover_enabled=&#8221;off&#8221; button_border_radius__hover_enabled=&#8221;off&#8221; button_one_border_radius__hover_enabled=&#8221;off&#8221; button_two_border_radius__hover_enabled=&#8221;off&#8221; button_letter_spacing__hover_enabled=&#8221;off&#8221; button_one_letter_spacing__hover_enabled=&#8221;off&#8221; button_two_letter_spacing__hover_enabled=&#8221;off&#8221; button_bg_color__hover_enabled=&#8221;off&#8221; button_one_bg_color__hover_enabled=&#8221;off&#8221; button_two_bg_color__hover_enabled=&#8221;off&#8221;][et_pb_slide heading=&#8221;\u0645\u0639\u062f\u0627\u062a \u0627\u0644\u0645\u0646\u0627\u0648\u0644\u0629&#8221; use_bg_overlay=&#8221;off&#8221; use_text_overlay=&#8221;off&#8221; admin_title=&#8221;Maquinaria de transporte&#8221; _builder_version=&#8221;3.16&#8243; header_level=&#8221;h1&#8243; header_font=&#8221;||||&#8221; body_font=&#8221;||||&#8221; background_color=&#8221;#ffffff&#8221; background_image=&#8221;https:\/\/gandariaspain.com\/wp-content\/uploads\/2016\/09\/Maquinaria-de-transporte_SLIDER.jpg&#8221; background_position=&#8221;top_left&#8221; button_icon_placement=&#8221;right&#8221; button_on_hover=&#8221;on&#8221; button_text_size__hover_enabled=&#8221;off&#8221; button_one_text_size__hover_enabled=&#8221;off&#8221; button_two_text_size__hover_enabled=&#8221;off&#8221; button_text_color__hover_enabled=&#8221;off&#8221; button_one_text_color__hover_enabled=&#8221;off&#8221; button_two_text_color__hover_enabled=&#8221;off&#8221; button_border_width__hover_enabled=&#8221;off&#8221; button_one_border_width__hover_enabled=&#8221;off&#8221; button_two_border_width__hover_enabled=&#8221;off&#8221; button_border_color__hover_enabled=&#8221;off&#8221; button_one_border_color__hover_enabled=&#8221;off&#8221; button_two_border_color__hover_enabled=&#8221;off&#8221; button_border_radius__hover_enabled=&#8221;off&#8221; button_one_border_radius__hover_enabled=&#8221;off&#8221; button_two_border_radius__hover_enabled=&#8221;off&#8221; button_letter_spacing__hover_enabled=&#8221;off&#8221; button_one_letter_spacing__hover_enabled=&#8221;off&#8221; button_two_letter_spacing__hover_enabled=&#8221;off&#8221; button_bg_color__hover_enabled=&#8221;off&#8221; button_one_bg_color__hover_enabled=&#8221;off&#8221; button_two_bg_color__hover_enabled=&#8221;off&#8221;][\/et_pb_slide][\/et_pb_fullwidth_slider][\/et_pb_section][et_pb_section fb_built=&#8221;1&#8243; _builder_version=&#8221;3.22&#8243;][et_pb_row _builder_version=&#8221;3.25&#8243; background_size=&#8221;initial&#8221; background_position=&#8221;top_left&#8221; background_repeat=&#8221;repeat&#8221;][et_pb_column type=&#8221;4_4&#8243; _builder_version=&#8221;3.25&#8243; custom_padding=&#8221;|||&#8221; custom_padding__hover=&#8221;|||&#8221;][et_pb_text admin_label=&#8221;Una nueva generaci\u00f3n de m\u00e1quinas dise\u00f1adas para ofrecer solidez y confianza.&#8221; _builder_version=&#8221;3.27.4&#8243; background_size=&#8221;initial&#8221; background_position=&#8221;top_left&#8221; background_repeat=&#8221;repeat&#8221; module_alignment=&#8221;left&#8221;]<\/p>\n<h3 style=\"text-align: left;\">\u062c\u064a\u0644 \u062c\u062f\u064a\u062f \u0645\u0646 \u0627\u0644\u0622\u0644\u0627\u062a \u0627\u0644\u0645\u0635\u0645\u0645\u0629 \u0644\u062a\u0642\u062f\u064a\u0645 \u0627\u0644\u0642\u0648\u0629 \u0648\u0627\u0644\u062b\u0642\u0629.<\/h3>\n<p>\u0627\u0644\u0645\u062c\u0645\u0648\u0639\u0629 \u0627\u0644\u062c\u062f\u064a\u062f\u0629 \u0645\u0646 \u0627\u0644\u0645\u0639\u062f\u0627\u062a \u0627\u0644\u0646\u0627\u0642\u0644\u0629 \u0627\u0644\u062a\u064a \u0648\u0636\u0639\u0647\u0627 \u0642\u0633\u0645 \u0627\u0644\u0628\u062d\u062b \u0648\u0627\u0644\u062a\u0637\u0648\u064a\u0631 \u064a\u0639\u0643\u0633 \u062c\u0647\u0648\u062f\u0646\u0627 \u0644\u062e\u0644\u0642 \u062c\u064a\u0644 \u062c\u062f\u064a\u062f \u0645\u0646 \u0627\u0644\u0622\u0644\u0627\u062a \u0645\u0639 \u0623\u062d\u062f\u062b \u0627\u0644\u0627\u0628\u062a\u0643\u0627\u0631\u0627\u062a \u0648 \u0627\u0644\u062a\u0635\u0645\u064a\u0645 \u0627\u0644\u062a\u0643\u0646\u0648\u0644\u0648\u062c\u064a.<\/p>\n<blockquote>\n<p>\u0627\u0644\u0633\u0639\u064a \u0627\u0644\u0649 \u0627\u0644\u062a\u0641\u0648\u0642 \u0627\u0644\u062a\u0642\u0646\u064a \u0644\u064a\u0633 \u0645\u0642\u0635\u062f\u0627. \u0625\u0646\u0647\u0627 \u0631\u062d\u0644\u0629 \u0645\u0633\u062a\u0645\u0631\u0629 \u0644\u0627 \u062a\u0646\u062a\u0647\u064a \u0623\u0628\u062f\u0627. \u0646\u062d\u0646 \u0639\u0644\u0649 \u0627\u0644\u0637\u0631\u064a\u0642 \u0627\u0644\u0635\u062d\u064a\u062d<\/p>\n<\/blockquote>\n<p>[\/et_pb_text][\/et_pb_column][\/et_pb_row][\/et_pb_section][et_pb_section fb_built=&#8221;1&#8243; admin_label=&#8221;section&#8221; _builder_version=&#8221;3.22&#8243;][et_pb_row column_structure=&#8221;1_2,1_2&#8243; _builder_version=&#8221;3.25&#8243; background_size=&#8221;initial&#8221; background_position=&#8221;top_left&#8221; background_repeat=&#8221;repeat&#8221;][et_pb_column type=&#8221;1_2&#8243; _builder_version=&#8221;3.25&#8243; custom_padding=&#8221;|||&#8221; custom_padding__hover=&#8221;|||&#8221;][et_pb_image src=&#8221;https:\/\/gandariaspain.com\/wp-content\/uploads\/2016\/09\/GAMA-INDUSTRIAL-MAQUINARIA-DE-TRANSPORTE.jpg&#8221; url=&#8221;https:\/\/gandariaspain.com\/ar\/products-ar\/handling-equipment-ar\/industrial-range-ar\/&#8221; align=&#8221;center&#8221; align_tablet=&#8221;center&#8221; align_phone=&#8221;&#8221; align_last_edited=&#8221;on|desktop&#8221; admin_label=&#8221;Imagen Industrial range&#8221; _builder_version=&#8221;3.23&#8243; animation_style=&#8221;slide&#8221; animation_direction=&#8221;left&#8221; animation_duration=&#8221;500ms&#8221; animation_intensity_slide=&#8221;10%&#8221; sticky=&#8221;off&#8221; always_center_on_mobile=&#8221;on&#8221;][\/et_pb_image][\/et_pb_column][et_pb_column type=&#8221;1_2&#8243; _builder_version=&#8221;3.25&#8243; custom_padding=&#8221;|||&#8221; custom_padding__hover=&#8221;|||&#8221;][et_pb_text admin_label=&#8221;Industrial range&#8221; _builder_version=&#8221;3.27.4&#8243; background_size=&#8221;initial&#8221; background_position=&#8221;top_left&#8221; background_repeat=&#8221;repeat&#8221; module_alignment=&#8221;left&#8221;]<\/p>\n<h3 style=\"text-align: center;\"><a href=\"https:\/\/gandariaspain.com\/es\/productos\/maquinaria-de-transporte\/gama-industrial\/\">\u0627\u0644\u0646\u0637\u0627\u0642 \u0627\u0644\u0635\u0646\u0627\u0639\u064a<br \/>\n<\/a><\/h3>\n<p>[\/et_pb_text][\/et_pb_column][\/et_pb_row][et_pb_row column_structure=&#8221;1_2,1_2&#8243; _builder_version=&#8221;3.25&#8243; background_size=&#8221;initial&#8221; background_position=&#8221;top_left&#8221; background_repeat=&#8221;repeat&#8221;][et_pb_column type=&#8221;1_2&#8243; _builder_version=&#8221;3.25&#8243; custom_padding=&#8221;|||&#8221; custom_padding__hover=&#8221;|||&#8221;][et_pb_image src=&#8221;https:\/\/gandariaspain.com\/wp-content\/uploads\/2016\/09\/GAMA-PESADA-MAQUINARIA-DE-TRANSPORTE-1.jpg&#8221; url=&#8221;https:\/\/gandariaspain.com\/ar\/products-ar\/handling-equipment-ar\/heavy-duty-range-ar\/&#8221; align=&#8221;center&#8221; align_tablet=&#8221;center&#8221; align_phone=&#8221;&#8221; align_last_edited=&#8221;on|desktop&#8221; admin_label=&#8221;Imagen Heavy-duty range&#8221; _builder_version=&#8221;3.23&#8243; animation_style=&#8221;slide&#8221; animation_direction=&#8221;left&#8221; animation_duration=&#8221;500ms&#8221; animation_intensity_slide=&#8221;10%&#8221; sticky=&#8221;off&#8221; always_center_on_mobile=&#8221;on&#8221;][\/et_pb_image][\/et_pb_column][et_pb_column type=&#8221;1_2&#8243; _builder_version=&#8221;3.25&#8243; custom_padding=&#8221;|||&#8221; custom_padding__hover=&#8221;|||&#8221;][et_pb_text admin_label=&#8221;Heavy-duty range&#8221; _builder_version=&#8221;3.27.4&#8243; background_size=&#8221;initial&#8221; background_position=&#8221;top_left&#8221; background_repeat=&#8221;repeat&#8221; module_alignment=&#8221;left&#8221;]<\/p>\n<h3 style=\"text-align: center;\"><a href=\"https:\/\/gandariaspain.com\/es\/productos\/maquinaria-de-transporte\/gama-pesada\/\"> \u062e\u0637 \u0627\u0644\u0645\u0639\u062f\u0627\u062a \u0627\u0644\u062b\u0642\u064a\u0644\u0647 \u0648\u0627\u0633\u0639\u0629 \u0627\u0644\u0645\u062f\u0649<br \/>\n<\/a><\/h3>\n<p>[\/et_pb_text][\/et_pb_column][\/et_pb_row][\/et_pb_section]<\/p>\n<span class=\"et_bloom_bottom_trigger\"><\/span>","protected":false},"excerpt":{"rendered":"<p>Gandaria Spain \u062c\u064a\u0644 \u062c\u062f\u064a\u062f \u0645\u0646 \u0627\u0644\u0622\u0644\u0627\u062a \u0627\u0644\u0645\u0635\u0645\u0645\u0629 \u0644\u062a\u0642\u062f\u064a\u0645 \u0627\u0644\u0642\u0648\u0629 \u0648\u0627\u0644\u062b\u0642\u0629. [&hellip;]<\/p>\n","protected":false},"author":2,"featured_media":0,"parent":36136,"menu_order":0,"comment_status":"closed","ping_status":"closed","template":"","meta":{"_et_pb_use_builder":"on","_et_pb_old_content":"","_et_gb_content_width":"","_mbp_gutenberg_autopost":false,"footnotes":""},"class_list":["post-36265","page","type-page","status-publish","hentry"],"yoast_head":"<!-- This site is optimized with the Yoast SEO plugin v27.5 - https:\/\/yoast.com\/product\/yoast-seo-wordpress\/ -->\n<title>\u0645\u0639\u062f\u0627\u062a \u0627\u0644\u0645\u0646\u0627\u0648\u0644\u0629 - Gandaria - Silos Spain<\/title>\n<meta name=\"robots\" content=\"index, follow, max-snippet:-1, max-image-preview:large, max-video-preview:-1\" \/>\n<link rel=\"canonical\" href=\"https:\/\/gandariaspain.com\/ar\/products-ar\/handling-equipment-ar\/\" \/>\n<meta property=\"og:locale\" content=\"ar_AR\" \/>\n<meta property=\"og:type\" content=\"article\" \/>\n<meta property=\"og:title\" content=\"\u0645\u0639\u062f\u0627\u062a \u0627\u0644\u0645\u0646\u0627\u0648\u0644\u0629 - Gandaria - Silos Spain\" \/>\n<meta property=\"og:description\" content=\"Gandaria Spain \u062c\u064a\u0644 \u062c\u062f\u064a\u062f \u0645\u0646 \u0627\u0644\u0622\u0644\u0627\u062a \u0627\u0644\u0645\u0635\u0645\u0645\u0629 \u0644\u062a\u0642\u062f\u064a\u0645 \u0627\u0644\u0642\u0648\u0629 \u0648\u0627\u0644\u062b\u0642\u0629. [&hellip;]\" \/>\n<meta property=\"og:url\" content=\"https:\/\/gandariaspain.com\/ar\/products-ar\/handling-equipment-ar\/\" \/>\n<meta property=\"og:site_name\" content=\"Gandaria - Silos Spain\" \/>\n<meta property=\"article:modified_time\" content=\"2020-01-08T08:15:17+00:00\" \/>\n<meta name=\"twitter:card\" content=\"summary_large_image\" \/>\n<meta name=\"twitter:label1\" content=\"\u0648\u0642\u062a \u0627\u0644\u0642\u0631\u0627\u0621\u0629 \u0627\u0644\u0645\u064f\u0642\u062f\u0651\u0631\" \/>\n\t<meta name=\"twitter:data1\" content=\"5 \u062f\u0642\u0627\u0626\u0642\" \/>\n<script type=\"application\/ld+json\" class=\"yoast-schema-graph\">{\"@context\":\"https:\\\/\\\/schema.org\",\"@graph\":[{\"@type\":\"WebPage\",\"@id\":\"https:\\\/\\\/gandariaspain.com\\\/ar\\\/products-ar\\\/handling-equipment-ar\\\/\",\"url\":\"https:\\\/\\\/gandariaspain.com\\\/ar\\\/products-ar\\\/handling-equipment-ar\\\/\",\"name\":\"\u0645\u0639\u062f\u0627\u062a \u0627\u0644\u0645\u0646\u0627\u0648\u0644\u0629 - Gandaria - Silos Spain\",\"isPartOf\":{\"@id\":\"https:\\\/\\\/gandariaspain.com\\\/ar\\\/#website\"},\"datePublished\":\"2017-08-20T14:25:59+00:00\",\"dateModified\":\"2020-01-08T08:15:17+00:00\",\"breadcrumb\":{\"@id\":\"https:\\\/\\\/gandariaspain.com\\\/ar\\\/products-ar\\\/handling-equipment-ar\\\/#breadcrumb\"},\"inLanguage\":\"ar\",\"potentialAction\":[{\"@type\":\"ReadAction\",\"target\":[\"https:\\\/\\\/gandariaspain.com\\\/ar\\\/products-ar\\\/handling-equipment-ar\\\/\"]}]},{\"@type\":\"BreadcrumbList\",\"@id\":\"https:\\\/\\\/gandariaspain.com\\\/ar\\\/products-ar\\\/handling-equipment-ar\\\/#breadcrumb\",\"itemListElement\":[{\"@type\":\"ListItem\",\"position\":1,\"name\":\"\u0645\u0646\u062a\u062c\u0627\u062a\u0646\u0627\",\"item\":\"https:\\\/\\\/gandariaspain.com\\\/ar\\\/products-ar\\\/\"},{\"@type\":\"ListItem\",\"position\":2,\"name\":\"\u0645\u0639\u062f\u0627\u062a \u0627\u0644\u0645\u0646\u0627\u0648\u0644\u0629\"}]},{\"@type\":\"WebSite\",\"@id\":\"https:\\\/\\\/gandariaspain.com\\\/ar\\\/#website\",\"url\":\"https:\\\/\\\/gandariaspain.com\\\/ar\\\/\",\"name\":\"Gandaria - Silos Spain\",\"description\":\"Just another WordPress site\",\"potentialAction\":[{\"@type\":\"SearchAction\",\"target\":{\"@type\":\"EntryPoint\",\"urlTemplate\":\"https:\\\/\\\/gandariaspain.com\\\/ar\\\/?s={search_term_string}\"},\"query-input\":{\"@type\":\"PropertyValueSpecification\",\"valueRequired\":true,\"valueName\":\"search_term_string\"}}],\"inLanguage\":\"ar\"}]}<\/script>\n<!-- \/ Yoast SEO plugin. -->","yoast_head_json":{"title":"\u0645\u0639\u062f\u0627\u062a \u0627\u0644\u0645\u0646\u0627\u0648\u0644\u0629 - Gandaria - Silos Spain","robots":{"index":"index","follow":"follow","max-snippet":"max-snippet:-1","max-image-preview":"max-image-preview:large","max-video-preview":"max-video-preview:-1"},"canonical":"https:\/\/gandariaspain.com\/ar\/products-ar\/handling-equipment-ar\/","og_locale":"ar_AR","og_type":"article","og_title":"\u0645\u0639\u062f\u0627\u062a \u0627\u0644\u0645\u0646\u0627\u0648\u0644\u0629 - Gandaria - Silos Spain","og_description":"Gandaria Spain \u062c\u064a\u0644 \u062c\u062f\u064a\u062f \u0645\u0646 \u0627\u0644\u0622\u0644\u0627\u062a \u0627\u0644\u0645\u0635\u0645\u0645\u0629 \u0644\u062a\u0642\u062f\u064a\u0645 \u0627\u0644\u0642\u0648\u0629 \u0648\u0627\u0644\u062b\u0642\u0629. [&hellip;]","og_url":"https:\/\/gandariaspain.com\/ar\/products-ar\/handling-equipment-ar\/","og_site_name":"Gandaria - Silos Spain","article_modified_time":"2020-01-08T08:15:17+00:00","twitter_card":"summary_large_image","twitter_misc":{"\u0648\u0642\u062a \u0627\u0644\u0642\u0631\u0627\u0621\u0629 \u0627\u0644\u0645\u064f\u0642\u062f\u0651\u0631":"5 \u062f\u0642\u0627\u0626\u0642"},"schema":{"@context":"https:\/\/schema.org","@graph":[{"@type":"WebPage","@id":"https:\/\/gandariaspain.com\/ar\/products-ar\/handling-equipment-ar\/","url":"https:\/\/gandariaspain.com\/ar\/products-ar\/handling-equipment-ar\/","name":"\u0645\u0639\u062f\u0627\u062a \u0627\u0644\u0645\u0646\u0627\u0648\u0644\u0629 - Gandaria - Silos Spain","isPartOf":{"@id":"https:\/\/gandariaspain.com\/ar\/#website"},"datePublished":"2017-08-20T14:25:59+00:00","dateModified":"2020-01-08T08:15:17+00:00","breadcrumb":{"@id":"https:\/\/gandariaspain.com\/ar\/products-ar\/handling-equipment-ar\/#breadcrumb"},"inLanguage":"ar","potentialAction":[{"@type":"ReadAction","target":["https:\/\/gandariaspain.com\/ar\/products-ar\/handling-equipment-ar\/"]}]},{"@type":"BreadcrumbList","@id":"https:\/\/gandariaspain.com\/ar\/products-ar\/handling-equipment-ar\/#breadcrumb","itemListElement":[{"@type":"ListItem","position":1,"name":"\u0645\u0646\u062a\u062c\u0627\u062a\u0646\u0627","item":"https:\/\/gandariaspain.com\/ar\/products-ar\/"},{"@type":"ListItem","position":2,"name":"\u0645\u0639\u062f\u0627\u062a \u0627\u0644\u0645\u0646\u0627\u0648\u0644\u0629"}]},{"@type":"WebSite","@id":"https:\/\/gandariaspain.com\/ar\/#website","url":"https:\/\/gandariaspain.com\/ar\/","name":"Gandaria - Silos Spain","description":"Just another WordPress site","potentialAction":[{"@type":"SearchAction","target":{"@type":"EntryPoint","urlTemplate":"https:\/\/gandariaspain.com\/ar\/?s={search_term_string}"},"query-input":{"@type":"PropertyValueSpecification","valueRequired":true,"valueName":"search_term_string"}}],"inLanguage":"ar"}]}},"_links":{"self":[{"href":"https:\/\/gandariaspain.com\/ar\/wp-json\/wp\/v2\/pages\/36265","targetHints":{"allow":["GET"]}}],"collection":[{"href":"https:\/\/gandariaspain.com\/ar\/wp-json\/wp\/v2\/pages"}],"about":[{"href":"https:\/\/gandariaspain.com\/ar\/wp-json\/wp\/v2\/types\/page"}],"author":[{"embeddable":true,"href":"https:\/\/gandariaspain.com\/ar\/wp-json\/wp\/v2\/users\/2"}],"replies":[{"embeddable":true,"href":"https:\/\/gandariaspain.com\/ar\/wp-json\/wp\/v2\/comments?post=36265"}],"version-history":[{"count":6,"href":"https:\/\/gandariaspain.com\/ar\/wp-json\/wp\/v2\/pages\/36265\/revisions"}],"predecessor-version":[{"id":53253,"href":"https:\/\/gandariaspain.com\/ar\/wp-json\/wp\/v2\/pages\/36265\/revisions\/53253"}],"up":[{"embeddable":true,"href":"https:\/\/gandariaspain.com\/ar\/wp-json\/wp\/v2\/pages\/36136"}],"wp:attachment":[{"href":"https:\/\/gandariaspain.com\/ar\/wp-json\/wp\/v2\/media?parent=36265"}],"curies":[{"name":"wp","href":"https:\/\/api.w.org\/{rel}","templated":true}]}}